{"id":78261,"date":"2023-01-10T22:42:05","date_gmt":"2023-01-10T22:42:05","guid":{"rendered":"https:\/\/asteralabs.org\/product\/stanozolol-2\/"},"modified":"2026-01-15T13:33:25","modified_gmt":"2026-01-15T13:33:25","slug":"stanozolol-2","status":"publish","type":"product","link":"https:\/\/asteralabs.org\/cs\/product\/stanozolol-2\/","title":{"rendered":"Stanozolol"},"content":{"rendered":"<p><strong>D\u00c1VKOV\u00c1N\u00cd: <\/strong><br \/>\nStanozolol 20 mg\/tab. <strong>OBSAH BALEN\u00cd: <\/strong><br \/>\n1 d\u00e1vka, 100 tabulek, 20 mg v jedn\u00e9 tabulce <strong>CO JE TO:<\/strong><br \/>\nStanozolol zn\u00e1m\u011bj\u0161\u00ed pod n\u00e1zvem Winstrol je nejpou\u017e\u00edvan\u011bj\u0161\u00edm peror\u00e1ln\u00edm steroidem ve f\u00e1z\u00edch \u0159ez\u00e1n\u00ed. Jeho androgenn\u00ed potenci\u00e1l je velmi vysok\u00fd, co\u017e z n\u011bj d\u011bl\u00e1 ide\u00e1ln\u00ed steroid, pokud jde o udr\u017een\u00ed svalov\u00e9 hmoty p\u0159i sou\u010dasn\u00e9m \u00fabytku tuku. Je tak\u00e9 velmi u\u017eite\u010dn\u00fd, pokud jde o zlep\u0161en\u00ed s\u00edly a m\u016f\u017ee b\u00fdt u\u017eite\u010dn\u00fd p\u0159i v\u00fdbu\u0161n\u00fdch sportech. <strong>JAK SE POU\u017d\u00cdV\u00c1:<\/strong><br \/>\nD\u00e1vky se pohybuj\u00ed od 30 do 100 mg, p\u0159i\u010dem\u017e 40-50 mg je standardn\u00ed d\u00e1vka a 100 mg je p\u0159edsout\u011b\u017en\u00ed d\u00e1vka. Nedoporu\u010dujeme jej u\u017e\u00edvat d\u00e9le ne\u017e 4-6 t\u00fddn\u016f v kuse. Doporu\u010dujeme rozd\u011blit d\u00e1vku dvakr\u00e1t denn\u011b. Jako peror\u00e1ln\u00ed verzi doporu\u010dujeme pou\u017e\u00edvat jednou ED. <strong>INFORMACE O \u0160AR\u017dI:<br \/>\n<\/strong>\u010c\u00edslo \u0161ar\u017ee: <span data-sheets-root=\"1\">NK31868<\/span><br \/>\nDatum v\u00fdroby: 10<span data-sheets-root=\"1\" data-sheets-value=\"{\" data-sheets-userformat=\"{\">.2025.<\/span><br \/>\nDatum exspirace: 10<span data-sheets-root=\"1\" data-sheets-value=\"{\" data-sheets-userformat=\"{\">.2028<\/span>.<\/p>\n","protected":false},"excerpt":{"rendered":"<p>D\u00c1VKOV\u00c1N\u00cd: Stanozolol 20 mg\/tab. OBSAH BALEN\u00cd: 1 d\u00e1vka, 100 tabulek, 20 mg v jedn\u00e9 tabulce CO JE TO: Stanozolol zn\u00e1m\u011bj\u0161\u00ed pod n\u00e1zvem Winstrol je nejpou\u017e\u00edvan\u011bj\u0161\u00edm peror\u00e1ln\u00edm steroidem ve f\u00e1z\u00edch \u0159ez\u00e1n\u00ed. Jeho androgenn\u00ed potenci\u00e1l je velmi vysok\u00fd, co\u017e z n\u011bj d\u011bl\u00e1 ide\u00e1ln\u00ed steroid, pokud jde o udr\u017een\u00ed svalov\u00e9 hmoty p\u0159i sou\u010dasn\u00e9m \u00fabytku tuku. Je tak\u00e9 velmi&hellip;<\/p>\n","protected":false},"featured_media":76343,"comment_status":"open","ping_status":"closed","template":"","meta":[],"product_cat":[153,177],"product_tag":[],"yoast_head":"<!-- This site is optimized with the Yoast SEO plugin v23.0 - https:\/\/yoast.com\/wordpress\/plugins\/seo\/ -->\n<title>Stanozolol - Astera Labs<\/title>\n<meta name=\"robots\" content=\"index, follow, max-snippet:-1, max-image-preview:large, max-video-preview:-1\" \/>\n<link rel=\"canonical\" href=\"https:\/\/asteralabs.org\/cs\/product\/stanozolol-2\/\" \/>\n<meta property=\"og:locale\" content=\"cs_CZ\" \/>\n<meta property=\"og:type\" content=\"article\" \/>\n<meta property=\"og:title\" content=\"Stanozolol - Astera Labs\" \/>\n<meta property=\"og:description\" content=\"D\u00c1VKOV\u00c1N\u00cd: Stanozolol 20 mg\/tab. OBSAH BALEN\u00cd: 1 d\u00e1vka, 100 tabulek, 20 mg v jedn\u00e9 tabulce CO JE TO: Stanozolol zn\u00e1m\u011bj\u0161\u00ed pod n\u00e1zvem Winstrol je nejpou\u017e\u00edvan\u011bj\u0161\u00edm peror\u00e1ln\u00edm steroidem ve f\u00e1z\u00edch \u0159ez\u00e1n\u00ed. Jeho androgenn\u00ed potenci\u00e1l je velmi vysok\u00fd, co\u017e z n\u011bj d\u011bl\u00e1 ide\u00e1ln\u00ed steroid, pokud jde o udr\u017een\u00ed svalov\u00e9 hmoty p\u0159i sou\u010dasn\u00e9m \u00fabytku tuku. Je tak\u00e9 velmi&hellip;\" \/>\n<meta property=\"og:url\" content=\"https:\/\/asteralabs.org\/cs\/product\/stanozolol-2\/\" \/>\n<meta property=\"og:site_name\" content=\"Astera Labs\" \/>\n<meta property=\"article:modified_time\" content=\"2026-01-15T13:33:25+00:00\" \/>\n<meta property=\"og:image\" content=\"https:\/\/asteralabs.org\/wp-content\/uploads\/2023\/01\/Stanozolol-mockup-nbg.png\" \/>\n\t<meta property=\"og:image:width\" content=\"2000\" \/>\n\t<meta property=\"og:image:height\" content=\"2000\" \/>\n\t<meta property=\"og:image:type\" content=\"image\/png\" \/>\n<meta name=\"twitter:card\" content=\"summary_large_image\" \/>\n<script type=\"application\/ld+json\" class=\"yoast-schema-graph\">{\"@context\":\"https:\/\/schema.org\",\"@graph\":[{\"@type\":\"WebPage\",\"@id\":\"https:\/\/asteralabs.org\/cs\/product\/stanozolol-2\/\",\"url\":\"https:\/\/asteralabs.org\/cs\/product\/stanozolol-2\/\",\"name\":\"Stanozolol - Astera Labs\",\"isPartOf\":{\"@id\":\"https:\/\/asteralabs.org\/cs\/#website\"},\"primaryImageOfPage\":{\"@id\":\"https:\/\/asteralabs.org\/cs\/product\/stanozolol-2\/#primaryimage\"},\"image\":{\"@id\":\"https:\/\/asteralabs.org\/cs\/product\/stanozolol-2\/#primaryimage\"},\"thumbnailUrl\":\"https:\/\/asteralabs.org\/wp-content\/uploads\/2023\/01\/Stanozolol-mockup-nbg.png\",\"datePublished\":\"2023-01-10T22:42:05+00:00\",\"dateModified\":\"2026-01-15T13:33:25+00:00\",\"breadcrumb\":{\"@id\":\"https:\/\/asteralabs.org\/cs\/product\/stanozolol-2\/#breadcrumb\"},\"inLanguage\":\"cs\",\"potentialAction\":[{\"@type\":\"ReadAction\",\"target\":[\"https:\/\/asteralabs.org\/cs\/product\/stanozolol-2\/\"]}]},{\"@type\":\"ImageObject\",\"inLanguage\":\"cs\",\"@id\":\"https:\/\/asteralabs.org\/cs\/product\/stanozolol-2\/#primaryimage\",\"url\":\"https:\/\/asteralabs.org\/wp-content\/uploads\/2023\/01\/Stanozolol-mockup-nbg.png\",\"contentUrl\":\"https:\/\/asteralabs.org\/wp-content\/uploads\/2023\/01\/Stanozolol-mockup-nbg.png\",\"width\":2000,\"height\":2000},{\"@type\":\"BreadcrumbList\",\"@id\":\"https:\/\/asteralabs.org\/cs\/product\/stanozolol-2\/#breadcrumb\",\"itemListElement\":[{\"@type\":\"ListItem\",\"position\":1,\"name\":\"Home\",\"item\":\"https:\/\/asteralabs.org\/cs\/\"},{\"@type\":\"ListItem\",\"position\":2,\"name\":\"Obchod\",\"item\":\"https:\/\/asteralabs.org\/obchod\/\"},{\"@type\":\"ListItem\",\"position\":3,\"name\":\"Stanozolol\"}]},{\"@type\":\"WebSite\",\"@id\":\"https:\/\/asteralabs.org\/cs\/#website\",\"url\":\"https:\/\/asteralabs.org\/cs\/\",\"name\":\"Astera Labs\",\"description\":\"Improve Your Quality Of Life\",\"publisher\":{\"@id\":\"https:\/\/asteralabs.org\/cs\/#organization\"},\"potentialAction\":[{\"@type\":\"SearchAction\",\"target\":{\"@type\":\"EntryPoint\",\"urlTemplate\":\"https:\/\/asteralabs.org\/cs\/?s={search_term_string}\"},\"query-input\":\"required name=search_term_string\"}],\"inLanguage\":\"cs\"},{\"@type\":\"Organization\",\"@id\":\"https:\/\/asteralabs.org\/cs\/#organization\",\"name\":\"Astera Labs\",\"url\":\"https:\/\/asteralabs.org\/cs\/\",\"logo\":{\"@type\":\"ImageObject\",\"inLanguage\":\"cs\",\"@id\":\"https:\/\/asteralabs.org\/cs\/#\/schema\/logo\/image\/\",\"url\":\"https:\/\/asteralabs.org\/wp-content\/uploads\/2022\/12\/astera-2.png\",\"contentUrl\":\"https:\/\/asteralabs.org\/wp-content\/uploads\/2022\/12\/astera-2.png\",\"width\":437,\"height\":111,\"caption\":\"Astera Labs\"},\"image\":{\"@id\":\"https:\/\/asteralabs.org\/cs\/#\/schema\/logo\/image\/\"}}]}<\/script>\n<!-- \/ Yoast SEO plugin. -->","yoast_head_json":{"title":"Stanozolol - Astera Labs","robots":{"index":"index","follow":"follow","max-snippet":"max-snippet:-1","max-image-preview":"max-image-preview:large","max-video-preview":"max-video-preview:-1"},"canonical":"https:\/\/asteralabs.org\/cs\/product\/stanozolol-2\/","og_locale":"cs_CZ","og_type":"article","og_title":"Stanozolol - Astera Labs","og_description":"D\u00c1VKOV\u00c1N\u00cd: Stanozolol 20 mg\/tab. OBSAH BALEN\u00cd: 1 d\u00e1vka, 100 tabulek, 20 mg v jedn\u00e9 tabulce CO JE TO: Stanozolol zn\u00e1m\u011bj\u0161\u00ed pod n\u00e1zvem Winstrol je nejpou\u017e\u00edvan\u011bj\u0161\u00edm peror\u00e1ln\u00edm steroidem ve f\u00e1z\u00edch \u0159ez\u00e1n\u00ed. Jeho androgenn\u00ed potenci\u00e1l je velmi vysok\u00fd, co\u017e z n\u011bj d\u011bl\u00e1 ide\u00e1ln\u00ed steroid, pokud jde o udr\u017een\u00ed svalov\u00e9 hmoty p\u0159i sou\u010dasn\u00e9m \u00fabytku tuku. Je tak\u00e9 velmi&hellip;","og_url":"https:\/\/asteralabs.org\/cs\/product\/stanozolol-2\/","og_site_name":"Astera Labs","article_modified_time":"2026-01-15T13:33:25+00:00","og_image":[{"width":2000,"height":2000,"url":"https:\/\/asteralabs.org\/wp-content\/uploads\/2023\/01\/Stanozolol-mockup-nbg.png","type":"image\/png"}],"twitter_card":"summary_large_image","schema":{"@context":"https:\/\/schema.org","@graph":[{"@type":"WebPage","@id":"https:\/\/asteralabs.org\/cs\/product\/stanozolol-2\/","url":"https:\/\/asteralabs.org\/cs\/product\/stanozolol-2\/","name":"Stanozolol - Astera Labs","isPartOf":{"@id":"https:\/\/asteralabs.org\/cs\/#website"},"primaryImageOfPage":{"@id":"https:\/\/asteralabs.org\/cs\/product\/stanozolol-2\/#primaryimage"},"image":{"@id":"https:\/\/asteralabs.org\/cs\/product\/stanozolol-2\/#primaryimage"},"thumbnailUrl":"https:\/\/asteralabs.org\/wp-content\/uploads\/2023\/01\/Stanozolol-mockup-nbg.png","datePublished":"2023-01-10T22:42:05+00:00","dateModified":"2026-01-15T13:33:25+00:00","breadcrumb":{"@id":"https:\/\/asteralabs.org\/cs\/product\/stanozolol-2\/#breadcrumb"},"inLanguage":"cs","potentialAction":[{"@type":"ReadAction","target":["https:\/\/asteralabs.org\/cs\/product\/stanozolol-2\/"]}]},{"@type":"ImageObject","inLanguage":"cs","@id":"https:\/\/asteralabs.org\/cs\/product\/stanozolol-2\/#primaryimage","url":"https:\/\/asteralabs.org\/wp-content\/uploads\/2023\/01\/Stanozolol-mockup-nbg.png","contentUrl":"https:\/\/asteralabs.org\/wp-content\/uploads\/2023\/01\/Stanozolol-mockup-nbg.png","width":2000,"height":2000},{"@type":"BreadcrumbList","@id":"https:\/\/asteralabs.org\/cs\/product\/stanozolol-2\/#breadcrumb","itemListElement":[{"@type":"ListItem","position":1,"name":"Home","item":"https:\/\/asteralabs.org\/cs\/"},{"@type":"ListItem","position":2,"name":"Obchod","item":"https:\/\/asteralabs.org\/obchod\/"},{"@type":"ListItem","position":3,"name":"Stanozolol"}]},{"@type":"WebSite","@id":"https:\/\/asteralabs.org\/cs\/#website","url":"https:\/\/asteralabs.org\/cs\/","name":"Astera Labs","description":"Improve Your Quality Of Life","publisher":{"@id":"https:\/\/asteralabs.org\/cs\/#organization"},"potentialAction":[{"@type":"SearchAction","target":{"@type":"EntryPoint","urlTemplate":"https:\/\/asteralabs.org\/cs\/?s={search_term_string}"},"query-input":"required name=search_term_string"}],"inLanguage":"cs"},{"@type":"Organization","@id":"https:\/\/asteralabs.org\/cs\/#organization","name":"Astera Labs","url":"https:\/\/asteralabs.org\/cs\/","logo":{"@type":"ImageObject","inLanguage":"cs","@id":"https:\/\/asteralabs.org\/cs\/#\/schema\/logo\/image\/","url":"https:\/\/asteralabs.org\/wp-content\/uploads\/2022\/12\/astera-2.png","contentUrl":"https:\/\/asteralabs.org\/wp-content\/uploads\/2022\/12\/astera-2.png","width":437,"height":111,"caption":"Astera Labs"},"image":{"@id":"https:\/\/asteralabs.org\/cs\/#\/schema\/logo\/image\/"}}]}},"_links":{"self":[{"href":"https:\/\/asteralabs.org\/cs\/wp-json\/wp\/v2\/product\/78261"}],"collection":[{"href":"https:\/\/asteralabs.org\/cs\/wp-json\/wp\/v2\/product"}],"about":[{"href":"https:\/\/asteralabs.org\/cs\/wp-json\/wp\/v2\/types\/product"}],"replies":[{"embeddable":true,"href":"https:\/\/asteralabs.org\/cs\/wp-json\/wp\/v2\/comments?post=78261"}],"version-history":[{"count":1,"href":"https:\/\/asteralabs.org\/cs\/wp-json\/wp\/v2\/product\/78261\/revisions"}],"predecessor-version":[{"id":79922,"href":"https:\/\/asteralabs.org\/cs\/wp-json\/wp\/v2\/product\/78261\/revisions\/79922"}],"wp:featuredmedia":[{"embeddable":true,"href":"https:\/\/asteralabs.org\/cs\/wp-json\/wp\/v2\/media\/76343"}],"wp:attachment":[{"href":"https:\/\/asteralabs.org\/cs\/wp-json\/wp\/v2\/media?parent=78261"}],"wp:term":[{"taxonomy":"product_cat","embeddable":true,"href":"https:\/\/asteralabs.org\/cs\/wp-json\/wp\/v2\/product_cat?post=78261"},{"taxonomy":"product_tag","embeddable":true,"href":"https:\/\/asteralabs.org\/cs\/wp-json\/wp\/v2\/product_tag?post=78261"}],"curies":[{"name":"wp","href":"https:\/\/api.w.org\/{rel}","templated":true}]}}