{"id":77109,"date":"2023-02-21T19:33:10","date_gmt":"2023-02-21T19:33:10","guid":{"rendered":"https:\/\/asteralabs.org\/allgemeine-geschaeftsbedingungen-2\/"},"modified":"2025-01-30T13:28:22","modified_gmt":"2025-01-30T13:28:22","slug":"allgemeine-geschaeftsbedingungen","status":"publish","type":"page","link":"https:\/\/asteralabs.org\/de\/allgemeine-geschaeftsbedingungen\/","title":{"rendered":"Allgemeine Gesch\u00e4ftsbedingungen"},"content":{"rendered":"\t\t<div data-elementor-type=\"wp-page\" data-elementor-id=\"77109\" class=\"elementor elementor-77109 elementor-72914\" data-elementor-post-type=\"page\">\n\t\t\t\t\t\t\t\t\t<section class=\"elementor-section elementor-top-section elementor-element elementor-element-40ea88b elementor-section-boxed elementor-section-height-default elementor-section-height-default\" data-id=\"40ea88b\" data-element_type=\"section\">\n\t\t\t\t\t\t<div class=\"elementor-container elementor-column-gap-default\">\n\t\t\t\t\t<div class=\"elementor-column elementor-col-100 elementor-top-column elementor-element elementor-element-3ed11c8\" data-id=\"3ed11c8\" data-element_type=\"column\">\n\t\t\t<div class=\"elementor-widget-wrap elementor-element-populated\">\n\t\t\t\t\t\t\t\t<div class=\"elementor-element elementor-element-62d9358 elementor-widget elementor-widget-heading\" data-id=\"62d9358\" data-element_type=\"widget\" data-widget_type=\"heading.default\">\n\t\t\t\t<div class=\"elementor-widget-container\">\n\t\t\t<h2 class=\"elementor-heading-title elementor-size-default\">Allgemeine Gesch\u00e4ftsbedingungen<\/h2>\t\t<\/div>\n\t\t\t\t<\/div>\n\t\t\t\t<div class=\"elementor-element elementor-element-051793c elementor-widget elementor-widget-text-editor\" data-id=\"051793c\" data-element_type=\"widget\" data-widget_type=\"text-editor.default\">\n\t\t\t\t<div class=\"elementor-widget-container\">\n\t\t\t\t\t\t\t<p><span style=\"color: #000000;\"><span style=\"font-size: x-large;\">1. Begriffe<\/span><\/span><\/p>\n<p align=\"justify\"><span style=\"color: #000000;\"><span style=\"font-size: medium;\">Durch den Zugriff auf die Website unter&nbsp;<\/span><\/span><span style=\"color: #0000ff;\"><u><span style=\"font-size: medium;\"><a href=\"https:\/\/asteralabs.org\/de\/\">https:\/\/asteralabs.org\/<\/a><\/span><\/u><\/span><span style=\"color: #000000;\"><span style=\"font-size: medium;\">erkl\u00e4ren Sie sich mit diesen Nutzungsbedingungen und allen anwendbaren Gesetzen und Vorschriften einverstanden und stimmen zu, dass Sie f\u00fcr die Einhaltung aller anwendbaren lokalen Gesetze verantwortlich sind. Wenn Sie mit einer dieser Bedingungen nicht einverstanden sind, ist es Ihnen untersagt, diese Website zu nutzen oder darauf zuzugreifen. Die auf dieser Website enthaltenen Materialien sind durch das geltende Urheber- und Markenrecht gesch\u00fctzt.  <\/span><\/span><\/p>\n<h3 class=\"western\"><span style=\"color: #000000;\"><span style=\"font-size: x-large;\">2. Lizenz verwenden<\/span><\/span><\/h3>\n<ol start=\"2\">\n<li style=\"list-style-type: none;\">\n<ol>\n<li><span style=\"color: #000000;\"><span style=\"font-size: medium;\">Es wird die Erlaubnis erteilt, eine Kopie der Materialien (Informationen oder Software) auf der Astera Labs Website nur f\u00fcr den pers\u00f6nlichen, nicht-kommerziellen Gebrauch herunterzuladen. Dies ist die Gew\u00e4hrung einer Lizenz, keine \u00dcbertragung des Eigentumsrechts, und unter dieser Lizenz d\u00fcrfen Sie nicht: <\/span><\/span>\n<ol>\n<li><span style=\"color: #000000;\"><span style=\"font-size: medium;\">die Materialien zu ver\u00e4ndern oder zu kopieren;<\/span><\/span><\/li>\n<li><span style=\"color: #000000;\"><span style=\"font-size: medium;\">die Materialien f\u00fcr kommerzielle Zwecke oder f\u00fcr eine \u00f6ffentliche Darstellung (kommerziell oder nicht kommerziell) zu verwenden;<\/span><\/span><\/li>\n<li><span style=\"color: #000000;\"><span style=\"font-size: medium;\">zu versuchen, die auf der Astera Labs Website enthaltene Software zu dekompilieren oder zur\u00fcckzuentwickeln;<\/span><\/span><\/li>\n<li><span style=\"color: #000000;\"><span style=\"font-size: medium;\">Urheberrechts- oder andere Eigentumsvermerke aus den Materialien zu entfernen; oder<\/span><\/span><\/li>\n<li><span style=\"color: #000000;\"><span style=\"font-size: medium;\">das Material an eine andere Person weiterzugeben oder auf einem anderen Server zu &#8220;spiegeln&#8221;.<\/span><\/span><\/li>\n<\/ol>\n<\/li>\n<li><span style=\"color: #000000;\"><span style=\"font-size: medium;\">Diese Lizenz erlischt automatisch, wenn Sie gegen eine dieser Einschr\u00e4nkungen versto\u00dfen, und kann von Astera Labs jederzeit gek\u00fcndigt werden. Nach Beendigung der Betrachtung dieser Materialien oder nach Beendigung dieser Lizenz m\u00fcssen Sie alle heruntergeladenen Materialien, die sich in Ihrem Besitz befinden, egal ob in elektronischer oder gedruckter Form, vernichten. <\/span><\/span><\/li>\n<\/ol>\n<\/li>\n<\/ol>\n<h3 class=\"western\"><span style=\"color: #000000;\"><span style=\"font-size: x-large;\">3. Haftungsausschluss<\/span><\/span><\/h3>\n<ol start=\"3\">\n<li style=\"list-style-type: none;\">\n<ol>\n<li><span style=\"color: #000000;\"><span style=\"font-size: medium;\">Die Materialien auf der Website von Astera Labs werden ohne M\u00e4ngelgew\u00e4hr bereitgestellt. Astera Labs gibt keine Garantien, weder ausdr\u00fccklich noch stillschweigend, und schlie\u00dft hiermit alle anderen Garantien aus, einschlie\u00dflich, aber nicht beschr\u00e4nkt auf, stillschweigende Garantien oder Bedingungen der Marktg\u00e4ngigkeit, der Eignung f\u00fcr einen bestimmten Zweck oder der Nichtverletzung von geistigem Eigentum oder anderen Rechtsverletzungen. <\/span><\/span><\/li>\n<li><span style=\"color: #000000;\"><span style=\"font-size: medium;\">Dar\u00fcber hinaus \u00fcbernimmt Astera Labs keine Gew\u00e4hr f\u00fcr die Richtigkeit, die wahrscheinlichen Ergebnisse oder die Zuverl\u00e4ssigkeit der Nutzung der Materialien auf seiner Website oder in Bezug auf solche Materialien oder auf Websites, die mit dieser Website verlinkt sind, und gibt keine Zusicherungen ab.<\/span><\/span><\/li>\n<\/ol>\n<\/li>\n<\/ol>\n<h3 class=\"western\"><span style=\"color: #000000;\"><span style=\"font-size: x-large;\">4. Beschr\u00e4nkungen<\/span><\/span><\/h3>\n<p align=\"justify\"><span style=\"font-size: medium;\"><span style=\"color: #000000;\">In keinem Fall haften Astera Labs oder seine Zulieferer f\u00fcr Sch\u00e4den (einschlie\u00dflich, aber nicht beschr\u00e4nkt auf Sch\u00e4den durch Daten- oder Gewinnverluste oder Gesch\u00e4ftsunterbrechungen), die durch die Nutzung oder die Unm\u00f6glichkeit der Nutzung der Materialien auf der Astera Labs Website entstehen, selbst wenn Astera Labs oder ein von Astera Labs autorisierter Vertreter m\u00fcndlich oder schriftlich \u00fcber die M\u00f6glichkeit solcher Sch\u00e4den informiert wurde. Da einige Gerichtsbarkeiten keine Beschr\u00e4nkungen von stillschweigenden Garantien oder Haftungsbeschr\u00e4nkungen f\u00fcr Folgesch\u00e4den oder zuf\u00e4llige Sch\u00e4den zulassen, gelten diese Beschr\u00e4nkungen m\u00f6glicherweise nicht f\u00fcr Sie. <\/span><\/span><\/p>\n<h3 class=\"western\"><span style=\"color: #000000;\"><span style=\"font-size: x-large;\">5. Genauigkeit der Materialien<\/span><\/span><\/h3>\n<p align=\"justify\"><span style=\"font-size: medium;\"><span style=\"color: #000000;\">Die Materialien auf der Astera Labs Website k\u00f6nnen technische, typografische oder fotografische Fehler enthalten. Astera Labs \u00fcbernimmt keine Garantie f\u00fcr die Richtigkeit, Vollst\u00e4ndigkeit oder Aktualit\u00e4t der Materialien auf seiner Website. Astera Labs beh\u00e4lt sich das Recht vor, jederzeit und ohne Vorank\u00fcndigung \u00c4nderungen an den auf seiner Website enthaltenen Materialien vorzunehmen. Astera Labs geht jedoch keine Verpflichtung ein, die Materialien zu aktualisieren.   <\/span><\/span><\/p>\n<h3 class=\"western\"><span style=\"color: #000000;\"><span style=\"font-size: x-large;\">6. Links<\/span><\/span><\/h3>\n<p align=\"justify\"><span style=\"font-size: medium;\"><span style=\"color: #000000;\">Astera Labs hat nicht alle mit der Website von Astera Labs verlinkten Websites \u00fcberpr\u00fcft und ist nicht f\u00fcr den Inhalt dieser verlinkten Websites verantwortlich. Die Aufnahme eines Links bedeutet nicht, dass Astera Labs die Seite billigt. Die Nutzung einer solchen verlinkten Website erfolgt auf eigenes Risiko des Nutzers.  <\/span><\/span><\/p>\n<h3 class=\"western\"><span style=\"color: #000000;\"><span style=\"font-size: x-large;\">7. \u00c4nderungen<\/span><\/span><\/h3>\n<p align=\"justify\"><span style=\"font-size: medium;\"><span style=\"color: #000000;\">Astera Labs kann diese Nutzungsbedingungen f\u00fcr seine Website jederzeit und ohne Vorank\u00fcndigung \u00fcberarbeiten. Durch die Nutzung dieser Website erkl\u00e4ren Sie sich mit der jeweils aktuellen Version dieser Nutzungsbedingungen einverstanden. <\/span><\/span><\/p>\n<h3 class=\"western\"><span style=\"color: #000000;\"><span style=\"font-size: x-large;\">8. Geltendes Recht<\/span><\/span><\/h3>\n<p><span style=\"color: #000000;\"><span style=\"font-size: medium;\">Diese Nutzungsbedingungen und alle separaten Vereinbarungen, mit denen wir Ihnen Dienste zur Verf\u00fcgung stellen, unterliegen dem Recht und werden entsprechend ausgelegt.<\/span><\/span><\/p>\n<h3 class=\"western\"><span style=\"color: #000000;\"><span style=\"font-size: x-large;\">8. Kontaktinformationen<\/span><\/span><\/h3>\n<p><span style=\"color: #000000;\"><span style=\"font-size: medium;\">Fragen zu den Nutzungsbedingungen richten Sie bitte an uns unter <\/span><\/span><span style=\"color: #0000ff;\"><u><a href=\"mailto:info@dev.asteralabs.org\"><span style=\"font-size: medium;\">info@asteralabs.org<\/span><\/a><\/u><\/span><\/p>\t\t\t\t\t\t<\/div>\n\t\t\t\t<\/div>\n\t\t\t\t\t<\/div>\n\t\t<\/div>\n\t\t\t\t\t\t\t<\/div>\n\t\t<\/section>\n\t\t\t\t\t\t\t<\/div>\n\t\t","protected":false},"excerpt":{"rendered":"<p>Allgemeine Gesch\u00e4ftsbedingungen 1. Begriffe Durch den Zugriff auf die Website unter&nbsp;https:\/\/asteralabs.org\/erkl\u00e4ren Sie sich mit diesen Nutzungsbedingungen und allen anwendbaren Gesetzen und Vorschriften einverstanden und stimmen zu, dass Sie f\u00fcr die Einhaltung aller anwendbaren lokalen Gesetze verantwortlich sind. Wenn Sie mit einer dieser Bedingungen nicht einverstanden sind, ist es Ihnen untersagt, diese Website zu nutzen oder&hellip;<\/p>\n","protected":false},"author":1,"featured_media":0,"parent":0,"menu_order":0,"comment_status":"closed","ping_status":"closed","template":"","meta":{"footnotes":""},"yoast_head":"<!-- This site is optimized with the Yoast SEO plugin v23.0 - https:\/\/yoast.com\/wordpress\/plugins\/seo\/ -->\n<title>Allgemeine Gesch\u00e4ftsbedingungen - Astera Labs<\/title>\n<meta name=\"robots\" content=\"index, follow, max-snippet:-1, max-image-preview:large, max-video-preview:-1\" \/>\n<link rel=\"canonical\" href=\"https:\/\/asteralabs.org\/de\/allgemeine-geschaeftsbedingungen\/\" \/>\n<meta property=\"og:locale\" content=\"de_DE\" \/>\n<meta property=\"og:type\" content=\"article\" \/>\n<meta property=\"og:title\" content=\"Allgemeine Gesch\u00e4ftsbedingungen - Astera Labs\" \/>\n<meta property=\"og:description\" content=\"Allgemeine Gesch\u00e4ftsbedingungen 1. Begriffe Durch den Zugriff auf die Website unter&nbsp;https:\/\/asteralabs.org\/erkl\u00e4ren Sie sich mit diesen Nutzungsbedingungen und allen anwendbaren Gesetzen und Vorschriften einverstanden und stimmen zu, dass Sie f\u00fcr die Einhaltung aller anwendbaren lokalen Gesetze verantwortlich sind. Wenn Sie mit einer dieser Bedingungen nicht einverstanden sind, ist es Ihnen untersagt, diese Website zu nutzen oder&hellip;\" \/>\n<meta property=\"og:url\" content=\"https:\/\/asteralabs.org\/de\/allgemeine-geschaeftsbedingungen\/\" \/>\n<meta property=\"og:site_name\" content=\"Astera Labs\" \/>\n<meta property=\"article:modified_time\" content=\"2025-01-30T13:28:22+00:00\" \/>\n<meta name=\"twitter:card\" content=\"summary_large_image\" \/>\n<script type=\"application\/ld+json\" class=\"yoast-schema-graph\">{\"@context\":\"https:\/\/schema.org\",\"@graph\":[{\"@type\":\"WebPage\",\"@id\":\"https:\/\/asteralabs.org\/de\/allgemeine-geschaeftsbedingungen\/\",\"url\":\"https:\/\/asteralabs.org\/de\/allgemeine-geschaeftsbedingungen\/\",\"name\":\"Allgemeine Gesch\u00e4ftsbedingungen - Astera Labs\",\"isPartOf\":{\"@id\":\"https:\/\/asteralabs.org\/de\/#website\"},\"datePublished\":\"2023-02-21T19:33:10+00:00\",\"dateModified\":\"2025-01-30T13:28:22+00:00\",\"breadcrumb\":{\"@id\":\"https:\/\/asteralabs.org\/de\/allgemeine-geschaeftsbedingungen\/#breadcrumb\"},\"inLanguage\":\"de-DE\",\"potentialAction\":[{\"@type\":\"ReadAction\",\"target\":[\"https:\/\/asteralabs.org\/de\/allgemeine-geschaeftsbedingungen\/\"]}]},{\"@type\":\"BreadcrumbList\",\"@id\":\"https:\/\/asteralabs.org\/de\/allgemeine-geschaeftsbedingungen\/#breadcrumb\",\"itemListElement\":[{\"@type\":\"ListItem\",\"position\":1,\"name\":\"Home\",\"item\":\"https:\/\/asteralabs.org\/de\/\"},{\"@type\":\"ListItem\",\"position\":2,\"name\":\"Allgemeine Gesch\u00e4ftsbedingungen\"}]},{\"@type\":\"WebSite\",\"@id\":\"https:\/\/asteralabs.org\/de\/#website\",\"url\":\"https:\/\/asteralabs.org\/de\/\",\"name\":\"Astera Labs\",\"description\":\"Improve Your Quality Of Life\",\"publisher\":{\"@id\":\"https:\/\/asteralabs.org\/de\/#organization\"},\"potentialAction\":[{\"@type\":\"SearchAction\",\"target\":{\"@type\":\"EntryPoint\",\"urlTemplate\":\"https:\/\/asteralabs.org\/de\/?s={search_term_string}\"},\"query-input\":\"required name=search_term_string\"}],\"inLanguage\":\"de-DE\"},{\"@type\":\"Organization\",\"@id\":\"https:\/\/asteralabs.org\/de\/#organization\",\"name\":\"Astera Labs\",\"url\":\"https:\/\/asteralabs.org\/de\/\",\"logo\":{\"@type\":\"ImageObject\",\"inLanguage\":\"de-DE\",\"@id\":\"https:\/\/asteralabs.org\/de\/#\/schema\/logo\/image\/\",\"url\":\"https:\/\/asteralabs.org\/wp-content\/uploads\/2022\/12\/astera-2.png\",\"contentUrl\":\"https:\/\/asteralabs.org\/wp-content\/uploads\/2022\/12\/astera-2.png\",\"width\":437,\"height\":111,\"caption\":\"Astera Labs\"},\"image\":{\"@id\":\"https:\/\/asteralabs.org\/de\/#\/schema\/logo\/image\/\"}}]}<\/script>\n<!-- \/ Yoast SEO plugin. -->","yoast_head_json":{"title":"Allgemeine Gesch\u00e4ftsbedingungen - Astera Labs","robots":{"index":"index","follow":"follow","max-snippet":"max-snippet:-1","max-image-preview":"max-image-preview:large","max-video-preview":"max-video-preview:-1"},"canonical":"https:\/\/asteralabs.org\/de\/allgemeine-geschaeftsbedingungen\/","og_locale":"de_DE","og_type":"article","og_title":"Allgemeine Gesch\u00e4ftsbedingungen - Astera Labs","og_description":"Allgemeine Gesch\u00e4ftsbedingungen 1. Begriffe Durch den Zugriff auf die Website unter&nbsp;https:\/\/asteralabs.org\/erkl\u00e4ren Sie sich mit diesen Nutzungsbedingungen und allen anwendbaren Gesetzen und Vorschriften einverstanden und stimmen zu, dass Sie f\u00fcr die Einhaltung aller anwendbaren lokalen Gesetze verantwortlich sind. Wenn Sie mit einer dieser Bedingungen nicht einverstanden sind, ist es Ihnen untersagt, diese Website zu nutzen oder&hellip;","og_url":"https:\/\/asteralabs.org\/de\/allgemeine-geschaeftsbedingungen\/","og_site_name":"Astera Labs","article_modified_time":"2025-01-30T13:28:22+00:00","twitter_card":"summary_large_image","schema":{"@context":"https:\/\/schema.org","@graph":[{"@type":"WebPage","@id":"https:\/\/asteralabs.org\/de\/allgemeine-geschaeftsbedingungen\/","url":"https:\/\/asteralabs.org\/de\/allgemeine-geschaeftsbedingungen\/","name":"Allgemeine Gesch\u00e4ftsbedingungen - Astera Labs","isPartOf":{"@id":"https:\/\/asteralabs.org\/de\/#website"},"datePublished":"2023-02-21T19:33:10+00:00","dateModified":"2025-01-30T13:28:22+00:00","breadcrumb":{"@id":"https:\/\/asteralabs.org\/de\/allgemeine-geschaeftsbedingungen\/#breadcrumb"},"inLanguage":"de-DE","potentialAction":[{"@type":"ReadAction","target":["https:\/\/asteralabs.org\/de\/allgemeine-geschaeftsbedingungen\/"]}]},{"@type":"BreadcrumbList","@id":"https:\/\/asteralabs.org\/de\/allgemeine-geschaeftsbedingungen\/#breadcrumb","itemListElement":[{"@type":"ListItem","position":1,"name":"Home","item":"https:\/\/asteralabs.org\/de\/"},{"@type":"ListItem","position":2,"name":"Allgemeine Gesch\u00e4ftsbedingungen"}]},{"@type":"WebSite","@id":"https:\/\/asteralabs.org\/de\/#website","url":"https:\/\/asteralabs.org\/de\/","name":"Astera Labs","description":"Improve Your Quality Of Life","publisher":{"@id":"https:\/\/asteralabs.org\/de\/#organization"},"potentialAction":[{"@type":"SearchAction","target":{"@type":"EntryPoint","urlTemplate":"https:\/\/asteralabs.org\/de\/?s={search_term_string}"},"query-input":"required name=search_term_string"}],"inLanguage":"de-DE"},{"@type":"Organization","@id":"https:\/\/asteralabs.org\/de\/#organization","name":"Astera Labs","url":"https:\/\/asteralabs.org\/de\/","logo":{"@type":"ImageObject","inLanguage":"de-DE","@id":"https:\/\/asteralabs.org\/de\/#\/schema\/logo\/image\/","url":"https:\/\/asteralabs.org\/wp-content\/uploads\/2022\/12\/astera-2.png","contentUrl":"https:\/\/asteralabs.org\/wp-content\/uploads\/2022\/12\/astera-2.png","width":437,"height":111,"caption":"Astera Labs"},"image":{"@id":"https:\/\/asteralabs.org\/de\/#\/schema\/logo\/image\/"}}]}},"_links":{"self":[{"href":"https:\/\/asteralabs.org\/de\/wp-json\/wp\/v2\/pages\/77109"}],"collection":[{"href":"https:\/\/asteralabs.org\/de\/wp-json\/wp\/v2\/pages"}],"about":[{"href":"https:\/\/asteralabs.org\/de\/wp-json\/wp\/v2\/types\/page"}],"author":[{"embeddable":true,"href":"https:\/\/asteralabs.org\/de\/wp-json\/wp\/v2\/users\/1"}],"replies":[{"embeddable":true,"href":"https:\/\/asteralabs.org\/de\/wp-json\/wp\/v2\/comments?post=77109"}],"version-history":[{"count":1,"href":"https:\/\/asteralabs.org\/de\/wp-json\/wp\/v2\/pages\/77109\/revisions"}],"predecessor-version":[{"id":77112,"href":"https:\/\/asteralabs.org\/de\/wp-json\/wp\/v2\/pages\/77109\/revisions\/77112"}],"wp:attachment":[{"href":"https:\/\/asteralabs.org\/de\/wp-json\/wp\/v2\/media?parent=77109"}],"curies":[{"name":"wp","href":"https:\/\/api.w.org\/{rel}","templated":true}]}}