{"id":77118,"date":"2023-02-21T19:32:09","date_gmt":"2023-02-21T19:32:09","guid":{"rendered":"https:\/\/asteralabs.org\/datenschutzbestimmungen-2\/"},"modified":"2025-01-30T13:23:40","modified_gmt":"2025-01-30T13:23:40","slug":"datenschutzbestimmungen","status":"publish","type":"page","link":"https:\/\/asteralabs.org\/de\/datenschutzbestimmungen\/","title":{"rendered":"Datenschutzbestimmungen"},"content":{"rendered":"\t\t<div data-elementor-type=\"wp-page\" data-elementor-id=\"77118\" class=\"elementor elementor-77118 elementor-72912\" data-elementor-post-type=\"page\">\n\t\t\t\t\t\t<section class=\"elementor-section elementor-top-section elementor-element elementor-element-778deb4 elementor-section-boxed elementor-section-height-default elementor-section-height-default\" data-id=\"778deb4\" data-element_type=\"section\" data-e-type=\"section\">\n\t\t\t\t\t\t<div class=\"elementor-container elementor-column-gap-default\">\n\t\t\t\t\t<div class=\"elementor-column elementor-col-100 elementor-top-column elementor-element elementor-element-b7ac418\" data-id=\"b7ac418\" data-element_type=\"column\" data-e-type=\"column\">\n\t\t\t<div class=\"elementor-widget-wrap elementor-element-populated\">\n\t\t\t\t\t\t<div class=\"elementor-element elementor-element-120ff5a elementor-widget elementor-widget-heading\" data-id=\"120ff5a\" data-element_type=\"widget\" data-e-type=\"widget\" data-widget_type=\"heading.default\">\n\t\t\t\t<div class=\"elementor-widget-container\">\n\t\t\t\t\t<h2 class=\"elementor-heading-title elementor-size-default\">Datenschutzbestimmungen<\/h2>\t\t\t\t<\/div>\n\t\t\t\t<\/div>\n\t\t\t\t<div class=\"elementor-element elementor-element-f2e1b90 elementor-widget elementor-widget-text-editor\" data-id=\"f2e1b90\" data-element_type=\"widget\" data-e-type=\"widget\" data-widget_type=\"text-editor.default\">\n\t\t\t\t<div class=\"elementor-widget-container\">\n\t\t\t\t\t\t\t\t\t<p align=\"justify\"><span style=\"font-family:  \" open=\"\" sans=\"\" open-sans=\"\"><span style=\"font-size: medium;\">Diese Datenschutzrichtlinie (&#8220;Richtlinie&#8221;) soll Ihnen helfen zu verstehen, wie Astera Labs (&#8220;wir&#8221;, &#8220;wir&#8221;, &#8220;unser&#8221;) die Daten, die Sie uns beim Besuch und der Nutzung der Website https:\/\/asteralabs.org\/ zur Verf\u00fcgung stellen, verwendet und sch\u00fctzt.  <\/span><\/span><\/p>\n<p align=\"justify\"><span style=\"font-family: Arial, serif;\"><span style=\"font-size: medium;\">Wir behalten uns das Recht vor, diese Richtlinie jederzeit zu \u00e4ndern, wor\u00fcber wir Sie umgehend informieren werden. Wenn Sie sicherstellen m\u00f6chten, dass Sie \u00fcber die neuesten \u00c4nderungen auf dem Laufenden sind, empfehlen wir Ihnen, diese Seite regelm\u00e4\u00dfig zu besuchen. <\/span><\/span><\/p>\n<p align=\"justify\"><span style=\"font-family: Arial, serif;\"><span style=\"font-size: medium;\"><b>Welche Benutzerdaten wir sammeln<\/b><\/span><\/span><\/p>\n<p align=\"justify\"><span style=\"font-family: Arial, serif;\"><span style=\"font-size: medium;\">Wenn Sie die Website besuchen, k\u00f6nnen wir die folgenden Daten erfassen:<\/span><\/span><\/p>\n<ul>\n<li>\n<p align=\"justify\"><span style=\"font-family: Arial, serif;\"><span style=\"font-size: medium;\">Ihre IP-Adresse.<\/span><\/span><\/p>\n<\/li>\n<li>\n<p align=\"justify\"><span style=\"font-family: Arial, serif;\"><span style=\"font-size: medium;\">Ihre Kontaktinformationen und E-Mail-Adresse.<\/span><\/span><\/p>\n<\/li>\n<li>\n<p align=\"justify\"><span style=\"font-family: Arial, serif;\"><span style=\"font-size: medium;\">Andere Informationen wie Interessen und Vorlieben.<\/span><\/span><\/p>\n<\/li>\n<li>\n<p align=\"justify\"><span style=\"font-family: Arial, serif;\"><span style=\"font-size: medium;\">Datenprofil \u00fcber Ihr Online-Verhalten auf unserer Website.<\/span><\/span><\/p>\n<\/li>\n<\/ul>\n<p align=\"justify\"><span style=\"font-family: Arial, serif;\"><span style=\"font-size: medium;\"><b>Warum wir Ihre Daten sammeln<\/b><\/span><\/span><\/p>\n<p align=\"justify\"><span style=\"font-family: Arial, serif;\"><span style=\"font-size: medium;\">Wir sammeln Ihre Daten aus mehreren Gr\u00fcnden:<\/span><\/span><\/p>\n<ul>\n<li>\n<p align=\"justify\"><span style=\"font-family: Arial, serif;\"><span style=\"font-size: medium;\">Um Ihre Bed\u00fcrfnisse besser zu verstehen.<\/span><\/span><\/p>\n<\/li>\n<li>\n<p align=\"justify\"><span style=\"font-family: Arial, serif;\"><span style=\"font-size: medium;\">Um unsere Dienstleistungen und Produkte zu verbessern.<\/span><\/span><\/p>\n<\/li>\n<li>\n<p align=\"justify\"><span style=\"font-family: Arial, serif;\"><span style=\"font-size: medium;\">Um Ihnen Werbe-E-Mails mit Informationen zu schicken, von denen wir glauben, dass sie f\u00fcr Sie interessant sind.<\/span><\/span><\/p>\n<\/li>\n<li>\n<p align=\"justify\"><span style=\"font-family: Arial, serif;\"><span style=\"font-size: medium;\">Um Sie zu kontaktieren, damit Sie Umfragen ausf\u00fcllen und an anderen Arten von Marktforschung teilnehmen.<\/span><\/span><\/p>\n<\/li>\n<li>\n<p align=\"justify\"><span style=\"font-family: Arial, serif;\"><span style=\"font-size: medium;\">Zur Anpassung unserer Website an Ihr Online-Verhalten und Ihre pers\u00f6nlichen Vorlieben.<\/span><\/span><\/p>\n<\/li>\n<\/ul>\n<p align=\"justify\"><span style=\"font-family: Arial, serif;\"><span style=\"font-size: medium;\"><b>Schutz und Sicherung der Daten<\/b><\/span><\/span><\/p>\n<p align=\"justify\"><span style=\"font-family: Arial, serif;\"><span style=\"font-size: medium;\">Astera Labs verpflichtet sich, Ihre Daten zu sch\u00fctzen und sie vertraulich zu behandeln. Astera Labs hat alles in seiner Macht Stehende getan, um Datendiebstahl, unbefugten Zugriff und Offenlegung zu verhindern, indem es die neuesten Technologien und Software implementiert hat, die uns helfen, alle Informationen, die wir online sammeln, zu sch\u00fctzen. <\/span><\/span><\/p>\n<p align=\"justify\"><span style=\"font-family: Arial, serif;\"><span style=\"font-size: medium;\"><b>Unsere Cookie-Richtlinie<\/b><\/span><\/span><\/p>\n<p align=\"justify\"><span style=\"font-family: Arial, serif;\"><span style=\"font-size: medium;\">Wenn Sie der Verwendung von Cookies auf unserer Website zustimmen, erkl\u00e4ren Sie sich auch mit der Verwendung der Daten einverstanden, die \u00fcber Ihr Online-Verhalten gesammelt werden (Analyse des Webverkehrs, der von Ihnen besuchten Seiten und der Zeit, die Sie dort verbringen).<\/span><\/span><\/p>\n<p align=\"justify\"><a name=\"_GoBack\"><\/a> <span style=\"font-family: Arial, serif;\"><span style=\"font-size: medium;\">Die Daten, die wir mit Hilfe von Cookies sammeln, werden verwendet, um unsere Website an Ihre Bed\u00fcrfnisse anzupassen. Nachdem wir die Daten f\u00fcr statistische Analysen verwendet haben, werden die Daten vollst\u00e4ndig aus unseren Systemen entfernt. <\/span><\/span><\/p>\n<p align=\"justify\"><span style=\"font-family: Arial, serif;\"><span style=\"font-size: medium;\">Bitte beachten Sie, dass Cookies uns in keiner Weise die Kontrolle \u00fcber Ihren Computer erm\u00f6glichen. Sie werden ausschlie\u00dflich dazu verwendet, zu \u00fcberwachen, welche Seiten Sie n\u00fctzlich finden und welche nicht, damit wir Ihnen ein besseres Erlebnis bieten k\u00f6nnen. <\/span><\/span><\/p>\n<p align=\"justify\"><span style=\"font-family: Arial, serif;\"><span style=\"font-size: medium;\">Wenn Sie Cookies deaktivieren m\u00f6chten, k\u00f6nnen Sie dies in den Einstellungen Ihres Internetbrowsers tun. Sie k\u00f6nnen besuchen   <\/span><\/span><span style=\"color: #0563c1;\"><u><a href=\"https:\/\/www.internetcookies.com\/\"><span style=\"font-family: Arial, serif;\"><span style=\"font-size: medium;\">https:\/\/www.internetcookies.com<\/span><\/span><\/a><\/u><\/span><span style=\"font-family: Arial, serif;\"><span style=\"font-size: medium;\">, die umfassende Informationen dar\u00fcber enth\u00e4lt, wie Sie dies auf einer Vielzahl von Browsern und Ger\u00e4ten tun k\u00f6nnen.<\/span><\/span><\/p>\n<p align=\"justify\"><span style=\"font-family: Arial, serif;\"><span style=\"font-size: medium;\"><b>Links zu anderen Websites<\/b><\/span><\/span><\/p>\n<p align=\"justify\"><span style=\"font-family: Arial, serif;\"><span style=\"font-size: medium;\">Unsere Website enth\u00e4lt Links, die zu anderen Websites f\u00fchren. Wenn Sie auf diese Links klicken, ist Astera Labs nicht f\u00fcr den Schutz Ihrer Daten und Ihrer Privatsph\u00e4re verantwortlich. Der Besuch dieser Websites unterliegt nicht dieser Vereinbarung \u00fcber den Datenschutz. Lesen Sie unbedingt die Datenschutzbestimmungen der Website, die Sie von unserer Website aus besuchen.   <\/span><\/span><\/p>\n<p align=\"justify\"><span style=\"font-family: Arial, serif;\"><span style=\"font-size: medium;\"><b>Einschr\u00e4nkung der Erfassung Ihrer pers\u00f6nlichen Daten<\/b><\/span><\/span><\/p>\n<p align=\"justify\"><span style=\"font-family: Arial, serif;\"><span style=\"font-size: medium;\">Es kann sein, dass Sie die Verwendung und Erfassung Ihrer pers\u00f6nlichen Daten einschr\u00e4nken m\u00f6chten. Dies k\u00f6nnen Sie wie folgt tun: <\/span><\/span><\/p>\n<p align=\"justify\"><span style=\"font-family: Arial, serif;\"><span style=\"font-size: medium;\">Wenn Sie die Formulare auf der Website ausf\u00fcllen, achten Sie darauf, ob es ein K\u00e4stchen gibt, das Sie nicht ankreuzen k\u00f6nnen, wenn Sie Ihre pers\u00f6nlichen Daten nicht preisgeben m\u00f6chten.<\/span><\/span><\/p>\n<p align=\"justify\"><span style=\"font-family: Arial, serif;\"><span style=\"font-size: medium;\">Wenn Sie bereits zugestimmt haben, Ihre Daten mit uns zu teilen, k\u00f6nnen Sie uns gerne per E-Mail kontaktieren und wir werden dies f\u00fcr Sie \u00e4ndern.<\/span><\/span><\/p>\n<p><span style=\"font-family: Arial, serif;\"><span style=\"font-size: medium;\">Astera Labs wird Ihre pers\u00f6nlichen Daten nicht an Dritte vermieten, verkaufen oder weitergeben, es sei denn, wir haben Ihr Einverst\u00e4ndnis. Wir k\u00f6nnten dies tun, wenn das Gesetz uns dazu zwingt. Ihre pers\u00f6nlichen Daten werden verwendet, wenn wir Ihnen Werbematerialien zusenden m\u00fcssen, sofern Sie dieser Datenschutzrichtlinie zustimmen.    <\/span><\/span><\/p>\t\t\t\t\t\t\t\t<\/div>\n\t\t\t\t<\/div>\n\t\t\t\t\t<\/div>\n\t\t<\/div>\n\t\t\t\t\t<\/div>\n\t\t<\/section>\n\t\t\t\t<\/div>\n\t\t","protected":false},"excerpt":{"rendered":"<p>Datenschutzbestimmungen Diese Datenschutzrichtlinie (&#8220;Richtlinie&#8221;) soll Ihnen helfen zu verstehen, wie Astera Labs (&#8220;wir&#8221;, &#8220;wir&#8221;, &#8220;unser&#8221;) die Daten, die Sie uns beim Besuch und der Nutzung der Website https:\/\/asteralabs.org\/ zur Verf\u00fcgung stellen, verwendet und sch\u00fctzt. Wir behalten uns das Recht vor, diese Richtlinie jederzeit zu \u00e4ndern, wor\u00fcber wir Sie umgehend informieren werden. Wenn Sie sicherstellen m\u00f6chten,&hellip;<\/p>\n","protected":false},"author":1,"featured_media":0,"parent":0,"menu_order":0,"comment_status":"closed","ping_status":"closed","template":"","meta":{"_acf_changed":false,"footnotes":""},"class_list":["post-77118","page","type-page","status-publish","hentry"],"acf":[],"yoast_head":"<!-- This site is optimized with the Yoast SEO plugin v27.4 - https:\/\/yoast.com\/product\/yoast-seo-wordpress\/ -->\n<title>Datenschutzbestimmungen - Astera Labs<\/title>\n<meta name=\"robots\" content=\"index, follow, max-snippet:-1, max-image-preview:large, max-video-preview:-1\" \/>\n<link rel=\"canonical\" href=\"https:\/\/asteralabs.org\/de\/datenschutzbestimmungen\/\" \/>\n<meta property=\"og:locale\" content=\"de_DE\" \/>\n<meta property=\"og:type\" content=\"article\" \/>\n<meta property=\"og:title\" content=\"Datenschutzbestimmungen - Astera Labs\" \/>\n<meta property=\"og:description\" content=\"Datenschutzbestimmungen Diese Datenschutzrichtlinie (&#8220;Richtlinie&#8221;) soll Ihnen helfen zu verstehen, wie Astera Labs (&#8220;wir&#8221;, &#8220;wir&#8221;, &#8220;unser&#8221;) die Daten, die Sie uns beim Besuch und der Nutzung der Website https:\/\/asteralabs.org\/ zur Verf\u00fcgung stellen, verwendet und sch\u00fctzt. Wir behalten uns das Recht vor, diese Richtlinie jederzeit zu \u00e4ndern, wor\u00fcber wir Sie umgehend informieren werden. Wenn Sie sicherstellen m\u00f6chten,&hellip;\" \/>\n<meta property=\"og:url\" content=\"https:\/\/asteralabs.org\/de\/datenschutzbestimmungen\/\" \/>\n<meta property=\"og:site_name\" content=\"Astera Labs\" \/>\n<meta property=\"article:modified_time\" content=\"2025-01-30T13:23:40+00:00\" \/>\n<meta name=\"twitter:card\" content=\"summary_large_image\" \/>\n<script type=\"application\/ld+json\" class=\"yoast-schema-graph\">{\"@context\":\"https:\\\/\\\/schema.org\",\"@graph\":[{\"@type\":\"WebPage\",\"@id\":\"https:\\\/\\\/asteralabs.org\\\/de\\\/datenschutzbestimmungen\\\/\",\"url\":\"https:\\\/\\\/asteralabs.org\\\/de\\\/datenschutzbestimmungen\\\/\",\"name\":\"Datenschutzbestimmungen - Astera Labs\",\"isPartOf\":{\"@id\":\"https:\\\/\\\/asteralabs.org\\\/de\\\/#website\"},\"datePublished\":\"2023-02-21T19:32:09+00:00\",\"dateModified\":\"2025-01-30T13:23:40+00:00\",\"breadcrumb\":{\"@id\":\"https:\\\/\\\/asteralabs.org\\\/de\\\/datenschutzbestimmungen\\\/#breadcrumb\"},\"inLanguage\":\"de-DE\",\"potentialAction\":[{\"@type\":\"ReadAction\",\"target\":[\"https:\\\/\\\/asteralabs.org\\\/de\\\/datenschutzbestimmungen\\\/\"]}]},{\"@type\":\"BreadcrumbList\",\"@id\":\"https:\\\/\\\/asteralabs.org\\\/de\\\/datenschutzbestimmungen\\\/#breadcrumb\",\"itemListElement\":[{\"@type\":\"ListItem\",\"position\":1,\"name\":\"Home\",\"item\":\"https:\\\/\\\/asteralabs.org\\\/de\\\/\"},{\"@type\":\"ListItem\",\"position\":2,\"name\":\"Datenschutzbestimmungen\"}]},{\"@type\":\"WebSite\",\"@id\":\"https:\\\/\\\/asteralabs.org\\\/de\\\/#website\",\"url\":\"https:\\\/\\\/asteralabs.org\\\/de\\\/\",\"name\":\"Astera Labs\",\"description\":\"Improve Your Quality Of Life\",\"publisher\":{\"@id\":\"https:\\\/\\\/asteralabs.org\\\/de\\\/#organization\"},\"potentialAction\":[{\"@type\":\"SearchAction\",\"target\":{\"@type\":\"EntryPoint\",\"urlTemplate\":\"https:\\\/\\\/asteralabs.org\\\/de\\\/?s={search_term_string}\"},\"query-input\":{\"@type\":\"PropertyValueSpecification\",\"valueRequired\":true,\"valueName\":\"search_term_string\"}}],\"inLanguage\":\"de-DE\"},{\"@type\":\"Organization\",\"@id\":\"https:\\\/\\\/asteralabs.org\\\/de\\\/#organization\",\"name\":\"Astera Labs\",\"url\":\"https:\\\/\\\/asteralabs.org\\\/de\\\/\",\"logo\":{\"@type\":\"ImageObject\",\"inLanguage\":\"de-DE\",\"@id\":\"https:\\\/\\\/asteralabs.org\\\/de\\\/#\\\/schema\\\/logo\\\/image\\\/\",\"url\":\"https:\\\/\\\/asteralabs.org\\\/wp-content\\\/uploads\\\/2022\\\/12\\\/astera-2.png\",\"contentUrl\":\"https:\\\/\\\/asteralabs.org\\\/wp-content\\\/uploads\\\/2022\\\/12\\\/astera-2.png\",\"width\":437,\"height\":111,\"caption\":\"Astera Labs\"},\"image\":{\"@id\":\"https:\\\/\\\/asteralabs.org\\\/de\\\/#\\\/schema\\\/logo\\\/image\\\/\"}}]}<\/script>\n<!-- \/ Yoast SEO plugin. -->","yoast_head_json":{"title":"Datenschutzbestimmungen - Astera Labs","robots":{"index":"index","follow":"follow","max-snippet":"max-snippet:-1","max-image-preview":"max-image-preview:large","max-video-preview":"max-video-preview:-1"},"canonical":"https:\/\/asteralabs.org\/de\/datenschutzbestimmungen\/","og_locale":"de_DE","og_type":"article","og_title":"Datenschutzbestimmungen - Astera Labs","og_description":"Datenschutzbestimmungen Diese Datenschutzrichtlinie (&#8220;Richtlinie&#8221;) soll Ihnen helfen zu verstehen, wie Astera Labs (&#8220;wir&#8221;, &#8220;wir&#8221;, &#8220;unser&#8221;) die Daten, die Sie uns beim Besuch und der Nutzung der Website https:\/\/asteralabs.org\/ zur Verf\u00fcgung stellen, verwendet und sch\u00fctzt. Wir behalten uns das Recht vor, diese Richtlinie jederzeit zu \u00e4ndern, wor\u00fcber wir Sie umgehend informieren werden. Wenn Sie sicherstellen m\u00f6chten,&hellip;","og_url":"https:\/\/asteralabs.org\/de\/datenschutzbestimmungen\/","og_site_name":"Astera Labs","article_modified_time":"2025-01-30T13:23:40+00:00","twitter_card":"summary_large_image","schema":{"@context":"https:\/\/schema.org","@graph":[{"@type":"WebPage","@id":"https:\/\/asteralabs.org\/de\/datenschutzbestimmungen\/","url":"https:\/\/asteralabs.org\/de\/datenschutzbestimmungen\/","name":"Datenschutzbestimmungen - Astera Labs","isPartOf":{"@id":"https:\/\/asteralabs.org\/de\/#website"},"datePublished":"2023-02-21T19:32:09+00:00","dateModified":"2025-01-30T13:23:40+00:00","breadcrumb":{"@id":"https:\/\/asteralabs.org\/de\/datenschutzbestimmungen\/#breadcrumb"},"inLanguage":"de-DE","potentialAction":[{"@type":"ReadAction","target":["https:\/\/asteralabs.org\/de\/datenschutzbestimmungen\/"]}]},{"@type":"BreadcrumbList","@id":"https:\/\/asteralabs.org\/de\/datenschutzbestimmungen\/#breadcrumb","itemListElement":[{"@type":"ListItem","position":1,"name":"Home","item":"https:\/\/asteralabs.org\/de\/"},{"@type":"ListItem","position":2,"name":"Datenschutzbestimmungen"}]},{"@type":"WebSite","@id":"https:\/\/asteralabs.org\/de\/#website","url":"https:\/\/asteralabs.org\/de\/","name":"Astera Labs","description":"Improve Your Quality Of Life","publisher":{"@id":"https:\/\/asteralabs.org\/de\/#organization"},"potentialAction":[{"@type":"SearchAction","target":{"@type":"EntryPoint","urlTemplate":"https:\/\/asteralabs.org\/de\/?s={search_term_string}"},"query-input":{"@type":"PropertyValueSpecification","valueRequired":true,"valueName":"search_term_string"}}],"inLanguage":"de-DE"},{"@type":"Organization","@id":"https:\/\/asteralabs.org\/de\/#organization","name":"Astera Labs","url":"https:\/\/asteralabs.org\/de\/","logo":{"@type":"ImageObject","inLanguage":"de-DE","@id":"https:\/\/asteralabs.org\/de\/#\/schema\/logo\/image\/","url":"https:\/\/asteralabs.org\/wp-content\/uploads\/2022\/12\/astera-2.png","contentUrl":"https:\/\/asteralabs.org\/wp-content\/uploads\/2022\/12\/astera-2.png","width":437,"height":111,"caption":"Astera Labs"},"image":{"@id":"https:\/\/asteralabs.org\/de\/#\/schema\/logo\/image\/"}}]}},"_links":{"self":[{"href":"https:\/\/asteralabs.org\/de\/wp-json\/wp\/v2\/pages\/77118","targetHints":{"allow":["GET"]}}],"collection":[{"href":"https:\/\/asteralabs.org\/de\/wp-json\/wp\/v2\/pages"}],"about":[{"href":"https:\/\/asteralabs.org\/de\/wp-json\/wp\/v2\/types\/page"}],"author":[{"embeddable":true,"href":"https:\/\/asteralabs.org\/de\/wp-json\/wp\/v2\/users\/1"}],"replies":[{"embeddable":true,"href":"https:\/\/asteralabs.org\/de\/wp-json\/wp\/v2\/comments?post=77118"}],"version-history":[{"count":1,"href":"https:\/\/asteralabs.org\/de\/wp-json\/wp\/v2\/pages\/77118\/revisions"}],"predecessor-version":[{"id":77119,"href":"https:\/\/asteralabs.org\/de\/wp-json\/wp\/v2\/pages\/77118\/revisions\/77119"}],"wp:attachment":[{"href":"https:\/\/asteralabs.org\/de\/wp-json\/wp\/v2\/media?parent=77118"}],"curies":[{"name":"wp","href":"https:\/\/api.w.org\/{rel}","templated":true}]}}