{"id":77652,"date":"2022-10-30T18:28:38","date_gmt":"2022-10-30T18:28:38","guid":{"rendered":"https:\/\/asteralabs.org\/product\/drostanolon-enanthate\/"},"modified":"2026-01-15T08:47:43","modified_gmt":"2026-01-15T08:47:43","slug":"drostanolon-enanthate","status":"publish","type":"product","link":"https:\/\/asteralabs.org\/de\/product\/drostanolon-enanthate\/","title":{"rendered":"Drostanolon Enantat"},"content":{"rendered":"<p><strong>DOSIERUNG:<\/strong><br \/>\nDrostanolone Enantat 200 mg\/ml<\/p>\n<p><strong>PACKUNGSINHALT:<\/strong><br \/>\n1 x 10ML Fl\u00e4schchen, 200 mg pro ml<\/p>\n<p><strong>WORUM ES SICH HANDELT:<\/strong><br \/>\nDrostanolone <span style=\"font-weight: 400;\">Enantat<\/span> ist ein injizierbares anaboles Steroid mit einer erh\u00f6hten androgenen Potenz. Aufgrund seiner hohen androgenen Potenz wird es in der Regel w\u00e4hrend Cutting-Zyklen verwendet, um den Fettabbau zu verbessern. Bei richtiger Anwendung bewirkt es in der Regel ein trockenes und hartes Erscheinungsbild. Es ist auch als androgene Unterst\u00fctzung w\u00e4hrend eines Zyklus mit Nandrolon n\u00fctzlich, um zu vermeiden, <span style=\"font-weight: 400;\">dass dessen Umwandlung in DHN unerw\u00fcnschte Nebenwirkungen verursacht.<\/span><\/p>\n<p><strong>ANWENDUNG:<\/strong><br \/>\nNormale Dosen sind in der Regel 400 bis 600 mg pro Woche f\u00fcr Anf\u00e4nger und fortgeschrittene Athleten, mit der M\u00f6glichkeit, 800 bis 1000 mg pro Woche f\u00fcr spezielle oder wettbewerbsorientierte Zwecke zu verwenden. Es wird normalerweise 10 bis 16 Wochen lang eingenommen. Da es eine gro\u00dfe androgene Potenz hat, wird seine Verwendung durch Frauen nicht empfohlen, au\u00dfer in sehr speziellen F\u00e4llen (Wettkampfzwecke) in sehr kurzen Zeitr\u00e4umen und in sehr niedrigen Dosen.<\/p>\n<p><strong>BATCH INFORMATIONEN:<br \/>\n<\/strong>Chargennummer: <span data-sheets-root=\"1\" data-sheets-value=\"{\" data-sheets-userformat=\"{\">OI10210<\/span><br \/>\nHerstellungsdatum: <span data-sheets-root=\"1\" data-sheets-value=\"{\" data-sheets-userformat=\"{\">10.2025.<\/span><br \/>\nVerfallsdatum: <span data-sheets-root=\"1\" data-sheets-value=\"{\" data-sheets-userformat=\"{\">10.2028.<\/span><\/p>\n","protected":false},"excerpt":{"rendered":"<p>DOSIERUNG: Drostanolone Enantat 200 mg\/ml PACKUNGSINHALT: 1 x 10ML Fl\u00e4schchen, 200 mg pro ml WORUM ES SICH HANDELT: Drostanolone Enantat ist ein injizierbares anaboles Steroid mit einer erh\u00f6hten androgenen Potenz. Aufgrund seiner hohen androgenen Potenz wird es in der Regel w\u00e4hrend Cutting-Zyklen verwendet, um den Fettabbau zu verbessern. Bei richtiger Anwendung bewirkt es in der&hellip;<\/p>\n","protected":false},"featured_media":74834,"comment_status":"open","ping_status":"closed","template":"","meta":[],"product_cat":[156,154],"product_tag":[155],"yoast_head":"<!-- This site is optimized with the Yoast SEO plugin v23.0 - https:\/\/yoast.com\/wordpress\/plugins\/seo\/ -->\n<title>Drostanolon Enantat - Astera Labs<\/title>\n<meta name=\"robots\" content=\"index, follow, max-snippet:-1, max-image-preview:large, max-video-preview:-1\" \/>\n<link rel=\"canonical\" href=\"https:\/\/asteralabs.org\/de\/product\/drostanolon-enanthate\/\" \/>\n<meta property=\"og:locale\" content=\"de_DE\" \/>\n<meta property=\"og:type\" content=\"article\" \/>\n<meta property=\"og:title\" content=\"Drostanolon Enantat - Astera Labs\" \/>\n<meta property=\"og:description\" content=\"DOSIERUNG: Drostanolone Enantat 200 mg\/ml PACKUNGSINHALT: 1 x 10ML Fl\u00e4schchen, 200 mg pro ml WORUM ES SICH HANDELT: Drostanolone Enantat ist ein injizierbares anaboles Steroid mit einer erh\u00f6hten androgenen Potenz. Aufgrund seiner hohen androgenen Potenz wird es in der Regel w\u00e4hrend Cutting-Zyklen verwendet, um den Fettabbau zu verbessern. Bei richtiger Anwendung bewirkt es in der&hellip;\" \/>\n<meta property=\"og:url\" content=\"https:\/\/asteralabs.org\/de\/product\/drostanolon-enanthate\/\" \/>\n<meta property=\"og:site_name\" content=\"Astera Labs\" \/>\n<meta property=\"article:modified_time\" content=\"2026-01-15T08:47:43+00:00\" \/>\n<meta property=\"og:image\" content=\"https:\/\/asteralabs.org\/wp-content\/uploads\/2022\/10\/121.png\" \/>\n\t<meta property=\"og:image:width\" content=\"2000\" \/>\n\t<meta property=\"og:image:height\" content=\"2000\" \/>\n\t<meta property=\"og:image:type\" content=\"image\/png\" \/>\n<meta name=\"twitter:card\" content=\"summary_large_image\" \/>\n<script type=\"application\/ld+json\" class=\"yoast-schema-graph\">{\"@context\":\"https:\/\/schema.org\",\"@graph\":[{\"@type\":\"WebPage\",\"@id\":\"https:\/\/asteralabs.org\/de\/product\/drostanolon-enanthate\/\",\"url\":\"https:\/\/asteralabs.org\/de\/product\/drostanolon-enanthate\/\",\"name\":\"Drostanolon Enantat - Astera Labs\",\"isPartOf\":{\"@id\":\"https:\/\/asteralabs.org\/de\/#website\"},\"primaryImageOfPage\":{\"@id\":\"https:\/\/asteralabs.org\/de\/product\/drostanolon-enanthate\/#primaryimage\"},\"image\":{\"@id\":\"https:\/\/asteralabs.org\/de\/product\/drostanolon-enanthate\/#primaryimage\"},\"thumbnailUrl\":\"https:\/\/asteralabs.org\/wp-content\/uploads\/2022\/10\/121.png\",\"datePublished\":\"2022-10-30T18:28:38+00:00\",\"dateModified\":\"2026-01-15T08:47:43+00:00\",\"breadcrumb\":{\"@id\":\"https:\/\/asteralabs.org\/de\/product\/drostanolon-enanthate\/#breadcrumb\"},\"inLanguage\":\"de-DE\",\"potentialAction\":[{\"@type\":\"ReadAction\",\"target\":[\"https:\/\/asteralabs.org\/de\/product\/drostanolon-enanthate\/\"]}]},{\"@type\":\"ImageObject\",\"inLanguage\":\"de-DE\",\"@id\":\"https:\/\/asteralabs.org\/de\/product\/drostanolon-enanthate\/#primaryimage\",\"url\":\"https:\/\/asteralabs.org\/wp-content\/uploads\/2022\/10\/121.png\",\"contentUrl\":\"https:\/\/asteralabs.org\/wp-content\/uploads\/2022\/10\/121.png\",\"width\":2000,\"height\":2000},{\"@type\":\"BreadcrumbList\",\"@id\":\"https:\/\/asteralabs.org\/de\/product\/drostanolon-enanthate\/#breadcrumb\",\"itemListElement\":[{\"@type\":\"ListItem\",\"position\":1,\"name\":\"Home\",\"item\":\"https:\/\/asteralabs.org\/de\/\"},{\"@type\":\"ListItem\",\"position\":2,\"name\":\"Shop\",\"item\":\"https:\/\/asteralabs.org\/shop\/\"},{\"@type\":\"ListItem\",\"position\":3,\"name\":\"Drostanolon Enantat\"}]},{\"@type\":\"WebSite\",\"@id\":\"https:\/\/asteralabs.org\/de\/#website\",\"url\":\"https:\/\/asteralabs.org\/de\/\",\"name\":\"Astera Labs\",\"description\":\"Improve Your Quality Of Life\",\"publisher\":{\"@id\":\"https:\/\/asteralabs.org\/de\/#organization\"},\"potentialAction\":[{\"@type\":\"SearchAction\",\"target\":{\"@type\":\"EntryPoint\",\"urlTemplate\":\"https:\/\/asteralabs.org\/de\/?s={search_term_string}\"},\"query-input\":\"required name=search_term_string\"}],\"inLanguage\":\"de-DE\"},{\"@type\":\"Organization\",\"@id\":\"https:\/\/asteralabs.org\/de\/#organization\",\"name\":\"Astera Labs\",\"url\":\"https:\/\/asteralabs.org\/de\/\",\"logo\":{\"@type\":\"ImageObject\",\"inLanguage\":\"de-DE\",\"@id\":\"https:\/\/asteralabs.org\/de\/#\/schema\/logo\/image\/\",\"url\":\"https:\/\/asteralabs.org\/wp-content\/uploads\/2022\/12\/astera-2.png\",\"contentUrl\":\"https:\/\/asteralabs.org\/wp-content\/uploads\/2022\/12\/astera-2.png\",\"width\":437,\"height\":111,\"caption\":\"Astera Labs\"},\"image\":{\"@id\":\"https:\/\/asteralabs.org\/de\/#\/schema\/logo\/image\/\"}}]}<\/script>\n<!-- \/ Yoast SEO plugin. -->","yoast_head_json":{"title":"Drostanolon Enantat - Astera Labs","robots":{"index":"index","follow":"follow","max-snippet":"max-snippet:-1","max-image-preview":"max-image-preview:large","max-video-preview":"max-video-preview:-1"},"canonical":"https:\/\/asteralabs.org\/de\/product\/drostanolon-enanthate\/","og_locale":"de_DE","og_type":"article","og_title":"Drostanolon Enantat - Astera Labs","og_description":"DOSIERUNG: Drostanolone Enantat 200 mg\/ml PACKUNGSINHALT: 1 x 10ML Fl\u00e4schchen, 200 mg pro ml WORUM ES SICH HANDELT: Drostanolone Enantat ist ein injizierbares anaboles Steroid mit einer erh\u00f6hten androgenen Potenz. Aufgrund seiner hohen androgenen Potenz wird es in der Regel w\u00e4hrend Cutting-Zyklen verwendet, um den Fettabbau zu verbessern. Bei richtiger Anwendung bewirkt es in der&hellip;","og_url":"https:\/\/asteralabs.org\/de\/product\/drostanolon-enanthate\/","og_site_name":"Astera Labs","article_modified_time":"2026-01-15T08:47:43+00:00","og_image":[{"width":2000,"height":2000,"url":"https:\/\/asteralabs.org\/wp-content\/uploads\/2022\/10\/121.png","type":"image\/png"}],"twitter_card":"summary_large_image","schema":{"@context":"https:\/\/schema.org","@graph":[{"@type":"WebPage","@id":"https:\/\/asteralabs.org\/de\/product\/drostanolon-enanthate\/","url":"https:\/\/asteralabs.org\/de\/product\/drostanolon-enanthate\/","name":"Drostanolon Enantat - Astera Labs","isPartOf":{"@id":"https:\/\/asteralabs.org\/de\/#website"},"primaryImageOfPage":{"@id":"https:\/\/asteralabs.org\/de\/product\/drostanolon-enanthate\/#primaryimage"},"image":{"@id":"https:\/\/asteralabs.org\/de\/product\/drostanolon-enanthate\/#primaryimage"},"thumbnailUrl":"https:\/\/asteralabs.org\/wp-content\/uploads\/2022\/10\/121.png","datePublished":"2022-10-30T18:28:38+00:00","dateModified":"2026-01-15T08:47:43+00:00","breadcrumb":{"@id":"https:\/\/asteralabs.org\/de\/product\/drostanolon-enanthate\/#breadcrumb"},"inLanguage":"de-DE","potentialAction":[{"@type":"ReadAction","target":["https:\/\/asteralabs.org\/de\/product\/drostanolon-enanthate\/"]}]},{"@type":"ImageObject","inLanguage":"de-DE","@id":"https:\/\/asteralabs.org\/de\/product\/drostanolon-enanthate\/#primaryimage","url":"https:\/\/asteralabs.org\/wp-content\/uploads\/2022\/10\/121.png","contentUrl":"https:\/\/asteralabs.org\/wp-content\/uploads\/2022\/10\/121.png","width":2000,"height":2000},{"@type":"BreadcrumbList","@id":"https:\/\/asteralabs.org\/de\/product\/drostanolon-enanthate\/#breadcrumb","itemListElement":[{"@type":"ListItem","position":1,"name":"Home","item":"https:\/\/asteralabs.org\/de\/"},{"@type":"ListItem","position":2,"name":"Shop","item":"https:\/\/asteralabs.org\/shop\/"},{"@type":"ListItem","position":3,"name":"Drostanolon Enantat"}]},{"@type":"WebSite","@id":"https:\/\/asteralabs.org\/de\/#website","url":"https:\/\/asteralabs.org\/de\/","name":"Astera Labs","description":"Improve Your Quality Of Life","publisher":{"@id":"https:\/\/asteralabs.org\/de\/#organization"},"potentialAction":[{"@type":"SearchAction","target":{"@type":"EntryPoint","urlTemplate":"https:\/\/asteralabs.org\/de\/?s={search_term_string}"},"query-input":"required name=search_term_string"}],"inLanguage":"de-DE"},{"@type":"Organization","@id":"https:\/\/asteralabs.org\/de\/#organization","name":"Astera Labs","url":"https:\/\/asteralabs.org\/de\/","logo":{"@type":"ImageObject","inLanguage":"de-DE","@id":"https:\/\/asteralabs.org\/de\/#\/schema\/logo\/image\/","url":"https:\/\/asteralabs.org\/wp-content\/uploads\/2022\/12\/astera-2.png","contentUrl":"https:\/\/asteralabs.org\/wp-content\/uploads\/2022\/12\/astera-2.png","width":437,"height":111,"caption":"Astera Labs"},"image":{"@id":"https:\/\/asteralabs.org\/de\/#\/schema\/logo\/image\/"}}]}},"_links":{"self":[{"href":"https:\/\/asteralabs.org\/de\/wp-json\/wp\/v2\/product\/77652"}],"collection":[{"href":"https:\/\/asteralabs.org\/de\/wp-json\/wp\/v2\/product"}],"about":[{"href":"https:\/\/asteralabs.org\/de\/wp-json\/wp\/v2\/types\/product"}],"replies":[{"embeddable":true,"href":"https:\/\/asteralabs.org\/de\/wp-json\/wp\/v2\/comments?post=77652"}],"version-history":[{"count":3,"href":"https:\/\/asteralabs.org\/de\/wp-json\/wp\/v2\/product\/77652\/revisions"}],"predecessor-version":[{"id":78725,"href":"https:\/\/asteralabs.org\/de\/wp-json\/wp\/v2\/product\/77652\/revisions\/78725"}],"wp:featuredmedia":[{"embeddable":true,"href":"https:\/\/asteralabs.org\/de\/wp-json\/wp\/v2\/media\/74834"}],"wp:attachment":[{"href":"https:\/\/asteralabs.org\/de\/wp-json\/wp\/v2\/media?parent=77652"}],"wp:term":[{"taxonomy":"product_cat","embeddable":true,"href":"https:\/\/asteralabs.org\/de\/wp-json\/wp\/v2\/product_cat?post=77652"},{"taxonomy":"product_tag","embeddable":true,"href":"https:\/\/asteralabs.org\/de\/wp-json\/wp\/v2\/product_tag?post=77652"}],"curies":[{"name":"wp","href":"https:\/\/api.w.org\/{rel}","templated":true}]}}