{"id":77661,"date":"2022-11-05T20:01:19","date_gmt":"2022-11-05T20:01:19","guid":{"rendered":"https:\/\/asteralabs.org\/product\/methenolon-enanthate-100\/"},"modified":"2026-01-15T09:34:12","modified_gmt":"2026-01-15T09:34:12","slug":"methenolon-enanthate-100","status":"publish","type":"product","link":"https:\/\/asteralabs.org\/de\/product\/methenolon-enanthate-100\/","title":{"rendered":"Methenolon Enantat 100"},"content":{"rendered":"<p><strong>DOSIERUNG:<\/strong><br \/>\nMethenolone Enanthate 100mg\/ml<\/p>\n<p><strong>VERPACKUNGSINHALT:<\/strong><br \/>\n1 x 10ML Fl\u00e4schchen, 100 mg pro ml<\/p>\n<p><strong>WAS IST ES:<\/strong><br \/>\nMethenolone Enanthate ist eines der bekanntesten und am weitesten verbreiteten Steroide auf dem Markt, zum Teil aufgrund seiner fehlenden Nebenwirkungen. Es ist ein n\u00fctzliches Steroid sowohl in der Volumen- als auch in der Abnehmphase, denn da es keine Nebenwirkungen hat, kann es zu jedem Zyklus hinzugef\u00fcgt werden, um seine Potenz zu verbessern.<\/p>\n<p><strong>ANWENDUNG:<\/strong><br \/>\nDie Dosen, die ohne Risiko oder mit leichten Nebenwirkungen verwendet werden k\u00f6nnen, sind sehr hoch, und es wird in der Regel von 400 mg w\u00f6chentlich bis zu dem verwendet, was Ihr Geldbeutel zul\u00e4sst. Die Zyklen sind in der Regel lang, typischerweise 14 bis 20 Wochen. Wir empfehlen die Injektion EOD oder E3D.<\/p>\n<p><strong>BATCH INFORMATIONEN:<br \/>\n<\/strong>Chargennummer: <span data-sheets-root=\"1\" data-sheets-value=\"{\" data-sheets-userformat=\"{\">\u00a0OY24009<\/span><br \/>\nHerstellungsdatum: <span data-sheets-root=\"1\" data-sheets-value=\"{\" data-sheets-userformat=\"{\">10.2025.<\/span><br \/>\nVerfallsdatum: <span data-sheets-root=\"1\" data-sheets-value=\"{\" data-sheets-userformat=\"{\">10.2028.<\/span><\/p>\n","protected":false},"excerpt":{"rendered":"<p>DOSIERUNG: Methenolone Enanthate 100mg\/ml VERPACKUNGSINHALT: 1 x 10ML Fl\u00e4schchen, 100 mg pro ml WAS IST ES: Methenolone Enanthate ist eines der bekanntesten und am weitesten verbreiteten Steroide auf dem Markt, zum Teil aufgrund seiner fehlenden Nebenwirkungen. Es ist ein n\u00fctzliches Steroid sowohl in der Volumen- als auch in der Abnehmphase, denn da es keine Nebenwirkungen&hellip;<\/p>\n","protected":false},"featured_media":74954,"comment_status":"open","ping_status":"closed","template":"","meta":[],"product_cat":[156,154],"product_tag":[],"yoast_head":"<!-- This site is optimized with the Yoast SEO plugin v23.0 - https:\/\/yoast.com\/wordpress\/plugins\/seo\/ -->\n<title>Methenolon Enantat 100 - Astera Labs<\/title>\n<meta name=\"robots\" content=\"index, follow, max-snippet:-1, max-image-preview:large, max-video-preview:-1\" \/>\n<link rel=\"canonical\" href=\"https:\/\/asteralabs.org\/de\/product\/methenolon-enanthate-100\/\" \/>\n<meta property=\"og:locale\" content=\"de_DE\" \/>\n<meta property=\"og:type\" content=\"article\" \/>\n<meta property=\"og:title\" content=\"Methenolon Enantat 100 - Astera Labs\" \/>\n<meta property=\"og:description\" content=\"DOSIERUNG: Methenolone Enanthate 100mg\/ml VERPACKUNGSINHALT: 1 x 10ML Fl\u00e4schchen, 100 mg pro ml WAS IST ES: Methenolone Enanthate ist eines der bekanntesten und am weitesten verbreiteten Steroide auf dem Markt, zum Teil aufgrund seiner fehlenden Nebenwirkungen. Es ist ein n\u00fctzliches Steroid sowohl in der Volumen- als auch in der Abnehmphase, denn da es keine Nebenwirkungen&hellip;\" \/>\n<meta property=\"og:url\" content=\"https:\/\/asteralabs.org\/de\/product\/methenolon-enanthate-100\/\" \/>\n<meta property=\"og:site_name\" content=\"Astera Labs\" \/>\n<meta property=\"article:modified_time\" content=\"2026-01-15T09:34:12+00:00\" \/>\n<meta property=\"og:image\" content=\"https:\/\/asteralabs.org\/wp-content\/uploads\/2022\/11\/15.png\" \/>\n\t<meta property=\"og:image:width\" content=\"2000\" \/>\n\t<meta property=\"og:image:height\" content=\"2000\" \/>\n\t<meta property=\"og:image:type\" content=\"image\/png\" \/>\n<meta name=\"twitter:card\" content=\"summary_large_image\" \/>\n<script type=\"application\/ld+json\" class=\"yoast-schema-graph\">{\"@context\":\"https:\/\/schema.org\",\"@graph\":[{\"@type\":\"WebPage\",\"@id\":\"https:\/\/asteralabs.org\/de\/product\/methenolon-enanthate-100\/\",\"url\":\"https:\/\/asteralabs.org\/de\/product\/methenolon-enanthate-100\/\",\"name\":\"Methenolon Enantat 100 - Astera Labs\",\"isPartOf\":{\"@id\":\"https:\/\/asteralabs.org\/de\/#website\"},\"primaryImageOfPage\":{\"@id\":\"https:\/\/asteralabs.org\/de\/product\/methenolon-enanthate-100\/#primaryimage\"},\"image\":{\"@id\":\"https:\/\/asteralabs.org\/de\/product\/methenolon-enanthate-100\/#primaryimage\"},\"thumbnailUrl\":\"https:\/\/asteralabs.org\/wp-content\/uploads\/2022\/11\/15.png\",\"datePublished\":\"2022-11-05T20:01:19+00:00\",\"dateModified\":\"2026-01-15T09:34:12+00:00\",\"breadcrumb\":{\"@id\":\"https:\/\/asteralabs.org\/de\/product\/methenolon-enanthate-100\/#breadcrumb\"},\"inLanguage\":\"de-DE\",\"potentialAction\":[{\"@type\":\"ReadAction\",\"target\":[\"https:\/\/asteralabs.org\/de\/product\/methenolon-enanthate-100\/\"]}]},{\"@type\":\"ImageObject\",\"inLanguage\":\"de-DE\",\"@id\":\"https:\/\/asteralabs.org\/de\/product\/methenolon-enanthate-100\/#primaryimage\",\"url\":\"https:\/\/asteralabs.org\/wp-content\/uploads\/2022\/11\/15.png\",\"contentUrl\":\"https:\/\/asteralabs.org\/wp-content\/uploads\/2022\/11\/15.png\",\"width\":2000,\"height\":2000},{\"@type\":\"BreadcrumbList\",\"@id\":\"https:\/\/asteralabs.org\/de\/product\/methenolon-enanthate-100\/#breadcrumb\",\"itemListElement\":[{\"@type\":\"ListItem\",\"position\":1,\"name\":\"Home\",\"item\":\"https:\/\/asteralabs.org\/de\/\"},{\"@type\":\"ListItem\",\"position\":2,\"name\":\"Shop\",\"item\":\"https:\/\/asteralabs.org\/shop\/\"},{\"@type\":\"ListItem\",\"position\":3,\"name\":\"Methenolon Enantat 100\"}]},{\"@type\":\"WebSite\",\"@id\":\"https:\/\/asteralabs.org\/de\/#website\",\"url\":\"https:\/\/asteralabs.org\/de\/\",\"name\":\"Astera Labs\",\"description\":\"Improve Your Quality Of Life\",\"publisher\":{\"@id\":\"https:\/\/asteralabs.org\/de\/#organization\"},\"potentialAction\":[{\"@type\":\"SearchAction\",\"target\":{\"@type\":\"EntryPoint\",\"urlTemplate\":\"https:\/\/asteralabs.org\/de\/?s={search_term_string}\"},\"query-input\":\"required name=search_term_string\"}],\"inLanguage\":\"de-DE\"},{\"@type\":\"Organization\",\"@id\":\"https:\/\/asteralabs.org\/de\/#organization\",\"name\":\"Astera Labs\",\"url\":\"https:\/\/asteralabs.org\/de\/\",\"logo\":{\"@type\":\"ImageObject\",\"inLanguage\":\"de-DE\",\"@id\":\"https:\/\/asteralabs.org\/de\/#\/schema\/logo\/image\/\",\"url\":\"https:\/\/asteralabs.org\/wp-content\/uploads\/2022\/12\/astera-2.png\",\"contentUrl\":\"https:\/\/asteralabs.org\/wp-content\/uploads\/2022\/12\/astera-2.png\",\"width\":437,\"height\":111,\"caption\":\"Astera Labs\"},\"image\":{\"@id\":\"https:\/\/asteralabs.org\/de\/#\/schema\/logo\/image\/\"}}]}<\/script>\n<!-- \/ Yoast SEO plugin. -->","yoast_head_json":{"title":"Methenolon Enantat 100 - Astera Labs","robots":{"index":"index","follow":"follow","max-snippet":"max-snippet:-1","max-image-preview":"max-image-preview:large","max-video-preview":"max-video-preview:-1"},"canonical":"https:\/\/asteralabs.org\/de\/product\/methenolon-enanthate-100\/","og_locale":"de_DE","og_type":"article","og_title":"Methenolon Enantat 100 - Astera Labs","og_description":"DOSIERUNG: Methenolone Enanthate 100mg\/ml VERPACKUNGSINHALT: 1 x 10ML Fl\u00e4schchen, 100 mg pro ml WAS IST ES: Methenolone Enanthate ist eines der bekanntesten und am weitesten verbreiteten Steroide auf dem Markt, zum Teil aufgrund seiner fehlenden Nebenwirkungen. Es ist ein n\u00fctzliches Steroid sowohl in der Volumen- als auch in der Abnehmphase, denn da es keine Nebenwirkungen&hellip;","og_url":"https:\/\/asteralabs.org\/de\/product\/methenolon-enanthate-100\/","og_site_name":"Astera Labs","article_modified_time":"2026-01-15T09:34:12+00:00","og_image":[{"width":2000,"height":2000,"url":"https:\/\/asteralabs.org\/wp-content\/uploads\/2022\/11\/15.png","type":"image\/png"}],"twitter_card":"summary_large_image","schema":{"@context":"https:\/\/schema.org","@graph":[{"@type":"WebPage","@id":"https:\/\/asteralabs.org\/de\/product\/methenolon-enanthate-100\/","url":"https:\/\/asteralabs.org\/de\/product\/methenolon-enanthate-100\/","name":"Methenolon Enantat 100 - Astera Labs","isPartOf":{"@id":"https:\/\/asteralabs.org\/de\/#website"},"primaryImageOfPage":{"@id":"https:\/\/asteralabs.org\/de\/product\/methenolon-enanthate-100\/#primaryimage"},"image":{"@id":"https:\/\/asteralabs.org\/de\/product\/methenolon-enanthate-100\/#primaryimage"},"thumbnailUrl":"https:\/\/asteralabs.org\/wp-content\/uploads\/2022\/11\/15.png","datePublished":"2022-11-05T20:01:19+00:00","dateModified":"2026-01-15T09:34:12+00:00","breadcrumb":{"@id":"https:\/\/asteralabs.org\/de\/product\/methenolon-enanthate-100\/#breadcrumb"},"inLanguage":"de-DE","potentialAction":[{"@type":"ReadAction","target":["https:\/\/asteralabs.org\/de\/product\/methenolon-enanthate-100\/"]}]},{"@type":"ImageObject","inLanguage":"de-DE","@id":"https:\/\/asteralabs.org\/de\/product\/methenolon-enanthate-100\/#primaryimage","url":"https:\/\/asteralabs.org\/wp-content\/uploads\/2022\/11\/15.png","contentUrl":"https:\/\/asteralabs.org\/wp-content\/uploads\/2022\/11\/15.png","width":2000,"height":2000},{"@type":"BreadcrumbList","@id":"https:\/\/asteralabs.org\/de\/product\/methenolon-enanthate-100\/#breadcrumb","itemListElement":[{"@type":"ListItem","position":1,"name":"Home","item":"https:\/\/asteralabs.org\/de\/"},{"@type":"ListItem","position":2,"name":"Shop","item":"https:\/\/asteralabs.org\/shop\/"},{"@type":"ListItem","position":3,"name":"Methenolon Enantat 100"}]},{"@type":"WebSite","@id":"https:\/\/asteralabs.org\/de\/#website","url":"https:\/\/asteralabs.org\/de\/","name":"Astera Labs","description":"Improve Your Quality Of Life","publisher":{"@id":"https:\/\/asteralabs.org\/de\/#organization"},"potentialAction":[{"@type":"SearchAction","target":{"@type":"EntryPoint","urlTemplate":"https:\/\/asteralabs.org\/de\/?s={search_term_string}"},"query-input":"required name=search_term_string"}],"inLanguage":"de-DE"},{"@type":"Organization","@id":"https:\/\/asteralabs.org\/de\/#organization","name":"Astera Labs","url":"https:\/\/asteralabs.org\/de\/","logo":{"@type":"ImageObject","inLanguage":"de-DE","@id":"https:\/\/asteralabs.org\/de\/#\/schema\/logo\/image\/","url":"https:\/\/asteralabs.org\/wp-content\/uploads\/2022\/12\/astera-2.png","contentUrl":"https:\/\/asteralabs.org\/wp-content\/uploads\/2022\/12\/astera-2.png","width":437,"height":111,"caption":"Astera Labs"},"image":{"@id":"https:\/\/asteralabs.org\/de\/#\/schema\/logo\/image\/"}}]}},"_links":{"self":[{"href":"https:\/\/asteralabs.org\/de\/wp-json\/wp\/v2\/product\/77661"}],"collection":[{"href":"https:\/\/asteralabs.org\/de\/wp-json\/wp\/v2\/product"}],"about":[{"href":"https:\/\/asteralabs.org\/de\/wp-json\/wp\/v2\/types\/product"}],"replies":[{"embeddable":true,"href":"https:\/\/asteralabs.org\/de\/wp-json\/wp\/v2\/comments?post=77661"}],"version-history":[{"count":1,"href":"https:\/\/asteralabs.org\/de\/wp-json\/wp\/v2\/product\/77661\/revisions"}],"predecessor-version":[{"id":78706,"href":"https:\/\/asteralabs.org\/de\/wp-json\/wp\/v2\/product\/77661\/revisions\/78706"}],"wp:featuredmedia":[{"embeddable":true,"href":"https:\/\/asteralabs.org\/de\/wp-json\/wp\/v2\/media\/74954"}],"wp:attachment":[{"href":"https:\/\/asteralabs.org\/de\/wp-json\/wp\/v2\/media?parent=77661"}],"wp:term":[{"taxonomy":"product_cat","embeddable":true,"href":"https:\/\/asteralabs.org\/de\/wp-json\/wp\/v2\/product_cat?post=77661"},{"taxonomy":"product_tag","embeddable":true,"href":"https:\/\/asteralabs.org\/de\/wp-json\/wp\/v2\/product_tag?post=77661"}],"curies":[{"name":"wp","href":"https:\/\/api.w.org\/{rel}","templated":true}]}}