{"id":77671,"date":"2022-11-05T21:50:47","date_gmt":"2022-11-05T21:50:47","guid":{"rendered":"https:\/\/asteralabs.org\/product\/sustanon-500mg\/"},"modified":"2026-01-15T13:56:08","modified_gmt":"2026-01-15T13:56:08","slug":"sustanon-500mg","status":"publish","type":"product","link":"https:\/\/asteralabs.org\/de\/product\/sustanon-500mg\/","title":{"rendered":"Sustanon 500mg"},"content":{"rendered":"<p><strong>DOSIERUNG:<\/strong><br \/>\nTestosteron Decanoat 200mg\/ml<br \/>\nTestosteron Isocaproat 120mg\/ml<br \/>\nTestosteron Phenylpropionat 120mg\/ml<br \/>\nTestosteron Propionat 60mg\/ml <strong>VERPACKUNGSINHALT: <\/strong><br \/>\n1 x 10ML Fl\u00e4schchen, 500 mg pro ml <strong>WAS IST ES: <\/strong><br \/>\nEs ist eine Kombination verschiedener Ester von Testosteron. Obwohl seine Konzentration recht hoch ist, macht die Kombination verschiedener Ester es sehr gut vertr\u00e4glich. Es enth\u00e4lt zwar mehrere lange Ester, die den Blutspiegel \u00fcber einen langen Zeitraum stabil halten, aber da es auch mehrere kurze Ester enth\u00e4lt, wird empfohlen, ein Injektionsprotokoll zu verwenden, das auf der Halbwertszeit des Produkts basiert. <strong>WIE ANZUWENDEN: <\/strong><br \/>\nDa es sich um ein Produkt auf Testosteronbasis handelt, kann es auf unterschiedliche Weise verwendet werden. Es kann als TRT verwendet werden, es kann als einzelner Zyklus verwendet werden oder es kann als Grundlage f\u00fcr einen Zyklus mit anderen Substanzen dienen. Die zu verwendende Dosis kann je nach Zweck variieren, Dosen von 100mg bis 1000mg w\u00f6chentlich sind durchaus \u00fcblich.<\/p>\n<p><strong>BATCH INFORMATIONEN:<br \/>\n<\/strong>Chargennummer: <span data-sheets-root=\"1\" data-sheets-value=\"{\" data-sheets-userformat=\"{\">VG29267<\/span><br \/>\nHerstellungsdatum: <span data-sheets-root=\"1\" data-sheets-value=\"{\" data-sheets-userformat=\"{\">10.2025.<\/span><br \/>\nVerfallsdatum: <span data-sheets-root=\"1\" data-sheets-value=\"{\" data-sheets-userformat=\"{\">10.2028.<\/span><\/p>\n","protected":false},"excerpt":{"rendered":"<p>DOSIERUNG: Testosteron Decanoat 200mg\/ml Testosteron Isocaproat 120mg\/ml Testosteron Phenylpropionat 120mg\/ml Testosteron Propionat 60mg\/ml VERPACKUNGSINHALT: 1 x 10ML Fl\u00e4schchen, 500 mg pro ml WAS IST ES: Es ist eine Kombination verschiedener Ester von Testosteron. Obwohl seine Konzentration recht hoch ist, macht die Kombination verschiedener Ester es sehr gut vertr\u00e4glich. Es enth\u00e4lt zwar mehrere lange Ester, die&hellip;<\/p>\n","protected":false},"featured_media":76170,"comment_status":"open","ping_status":"closed","template":"","meta":[],"product_cat":[156,154],"product_tag":[155],"yoast_head":"<!-- This site is optimized with the Yoast SEO plugin v23.0 - https:\/\/yoast.com\/wordpress\/plugins\/seo\/ -->\n<title>Sustanon 500mg - Astera Labs<\/title>\n<meta name=\"robots\" content=\"index, follow, max-snippet:-1, max-image-preview:large, max-video-preview:-1\" \/>\n<link rel=\"canonical\" href=\"https:\/\/asteralabs.org\/de\/product\/sustanon-500mg\/\" \/>\n<meta property=\"og:locale\" content=\"de_DE\" \/>\n<meta property=\"og:type\" content=\"article\" \/>\n<meta property=\"og:title\" content=\"Sustanon 500mg - Astera Labs\" \/>\n<meta property=\"og:description\" content=\"DOSIERUNG: Testosteron Decanoat 200mg\/ml Testosteron Isocaproat 120mg\/ml Testosteron Phenylpropionat 120mg\/ml Testosteron Propionat 60mg\/ml VERPACKUNGSINHALT: 1 x 10ML Fl\u00e4schchen, 500 mg pro ml WAS IST ES: Es ist eine Kombination verschiedener Ester von Testosteron. Obwohl seine Konzentration recht hoch ist, macht die Kombination verschiedener Ester es sehr gut vertr\u00e4glich. Es enth\u00e4lt zwar mehrere lange Ester, die&hellip;\" \/>\n<meta property=\"og:url\" content=\"https:\/\/asteralabs.org\/de\/product\/sustanon-500mg\/\" \/>\n<meta property=\"og:site_name\" content=\"Astera Labs\" \/>\n<meta property=\"article:modified_time\" content=\"2026-01-15T13:56:08+00:00\" \/>\n<meta property=\"og:image\" content=\"https:\/\/asteralabs.org\/wp-content\/uploads\/2022\/11\/Sustanon-500mg-inject-nbg-inject-nbg-1.png\" \/>\n\t<meta property=\"og:image:width\" content=\"2000\" \/>\n\t<meta property=\"og:image:height\" content=\"2000\" \/>\n\t<meta property=\"og:image:type\" content=\"image\/png\" \/>\n<meta name=\"twitter:card\" content=\"summary_large_image\" \/>\n<script type=\"application\/ld+json\" class=\"yoast-schema-graph\">{\"@context\":\"https:\/\/schema.org\",\"@graph\":[{\"@type\":\"WebPage\",\"@id\":\"https:\/\/asteralabs.org\/de\/product\/sustanon-500mg\/\",\"url\":\"https:\/\/asteralabs.org\/de\/product\/sustanon-500mg\/\",\"name\":\"Sustanon 500mg - Astera Labs\",\"isPartOf\":{\"@id\":\"https:\/\/asteralabs.org\/de\/#website\"},\"primaryImageOfPage\":{\"@id\":\"https:\/\/asteralabs.org\/de\/product\/sustanon-500mg\/#primaryimage\"},\"image\":{\"@id\":\"https:\/\/asteralabs.org\/de\/product\/sustanon-500mg\/#primaryimage\"},\"thumbnailUrl\":\"https:\/\/asteralabs.org\/wp-content\/uploads\/2022\/11\/Sustanon-500mg-inject-nbg-inject-nbg-1.png\",\"datePublished\":\"2022-11-05T21:50:47+00:00\",\"dateModified\":\"2026-01-15T13:56:08+00:00\",\"breadcrumb\":{\"@id\":\"https:\/\/asteralabs.org\/de\/product\/sustanon-500mg\/#breadcrumb\"},\"inLanguage\":\"de-DE\",\"potentialAction\":[{\"@type\":\"ReadAction\",\"target\":[\"https:\/\/asteralabs.org\/de\/product\/sustanon-500mg\/\"]}]},{\"@type\":\"ImageObject\",\"inLanguage\":\"de-DE\",\"@id\":\"https:\/\/asteralabs.org\/de\/product\/sustanon-500mg\/#primaryimage\",\"url\":\"https:\/\/asteralabs.org\/wp-content\/uploads\/2022\/11\/Sustanon-500mg-inject-nbg-inject-nbg-1.png\",\"contentUrl\":\"https:\/\/asteralabs.org\/wp-content\/uploads\/2022\/11\/Sustanon-500mg-inject-nbg-inject-nbg-1.png\",\"width\":2000,\"height\":2000},{\"@type\":\"BreadcrumbList\",\"@id\":\"https:\/\/asteralabs.org\/de\/product\/sustanon-500mg\/#breadcrumb\",\"itemListElement\":[{\"@type\":\"ListItem\",\"position\":1,\"name\":\"Home\",\"item\":\"https:\/\/asteralabs.org\/de\/\"},{\"@type\":\"ListItem\",\"position\":2,\"name\":\"Shop\",\"item\":\"https:\/\/asteralabs.org\/shop\/\"},{\"@type\":\"ListItem\",\"position\":3,\"name\":\"Sustanon 500mg\"}]},{\"@type\":\"WebSite\",\"@id\":\"https:\/\/asteralabs.org\/de\/#website\",\"url\":\"https:\/\/asteralabs.org\/de\/\",\"name\":\"Astera Labs\",\"description\":\"Improve Your Quality Of Life\",\"publisher\":{\"@id\":\"https:\/\/asteralabs.org\/de\/#organization\"},\"potentialAction\":[{\"@type\":\"SearchAction\",\"target\":{\"@type\":\"EntryPoint\",\"urlTemplate\":\"https:\/\/asteralabs.org\/de\/?s={search_term_string}\"},\"query-input\":\"required name=search_term_string\"}],\"inLanguage\":\"de-DE\"},{\"@type\":\"Organization\",\"@id\":\"https:\/\/asteralabs.org\/de\/#organization\",\"name\":\"Astera Labs\",\"url\":\"https:\/\/asteralabs.org\/de\/\",\"logo\":{\"@type\":\"ImageObject\",\"inLanguage\":\"de-DE\",\"@id\":\"https:\/\/asteralabs.org\/de\/#\/schema\/logo\/image\/\",\"url\":\"https:\/\/asteralabs.org\/wp-content\/uploads\/2022\/12\/astera-2.png\",\"contentUrl\":\"https:\/\/asteralabs.org\/wp-content\/uploads\/2022\/12\/astera-2.png\",\"width\":437,\"height\":111,\"caption\":\"Astera Labs\"},\"image\":{\"@id\":\"https:\/\/asteralabs.org\/de\/#\/schema\/logo\/image\/\"}}]}<\/script>\n<!-- \/ Yoast SEO plugin. -->","yoast_head_json":{"title":"Sustanon 500mg - Astera Labs","robots":{"index":"index","follow":"follow","max-snippet":"max-snippet:-1","max-image-preview":"max-image-preview:large","max-video-preview":"max-video-preview:-1"},"canonical":"https:\/\/asteralabs.org\/de\/product\/sustanon-500mg\/","og_locale":"de_DE","og_type":"article","og_title":"Sustanon 500mg - Astera Labs","og_description":"DOSIERUNG: Testosteron Decanoat 200mg\/ml Testosteron Isocaproat 120mg\/ml Testosteron Phenylpropionat 120mg\/ml Testosteron Propionat 60mg\/ml VERPACKUNGSINHALT: 1 x 10ML Fl\u00e4schchen, 500 mg pro ml WAS IST ES: Es ist eine Kombination verschiedener Ester von Testosteron. Obwohl seine Konzentration recht hoch ist, macht die Kombination verschiedener Ester es sehr gut vertr\u00e4glich. Es enth\u00e4lt zwar mehrere lange Ester, die&hellip;","og_url":"https:\/\/asteralabs.org\/de\/product\/sustanon-500mg\/","og_site_name":"Astera Labs","article_modified_time":"2026-01-15T13:56:08+00:00","og_image":[{"width":2000,"height":2000,"url":"https:\/\/asteralabs.org\/wp-content\/uploads\/2022\/11\/Sustanon-500mg-inject-nbg-inject-nbg-1.png","type":"image\/png"}],"twitter_card":"summary_large_image","schema":{"@context":"https:\/\/schema.org","@graph":[{"@type":"WebPage","@id":"https:\/\/asteralabs.org\/de\/product\/sustanon-500mg\/","url":"https:\/\/asteralabs.org\/de\/product\/sustanon-500mg\/","name":"Sustanon 500mg - Astera Labs","isPartOf":{"@id":"https:\/\/asteralabs.org\/de\/#website"},"primaryImageOfPage":{"@id":"https:\/\/asteralabs.org\/de\/product\/sustanon-500mg\/#primaryimage"},"image":{"@id":"https:\/\/asteralabs.org\/de\/product\/sustanon-500mg\/#primaryimage"},"thumbnailUrl":"https:\/\/asteralabs.org\/wp-content\/uploads\/2022\/11\/Sustanon-500mg-inject-nbg-inject-nbg-1.png","datePublished":"2022-11-05T21:50:47+00:00","dateModified":"2026-01-15T13:56:08+00:00","breadcrumb":{"@id":"https:\/\/asteralabs.org\/de\/product\/sustanon-500mg\/#breadcrumb"},"inLanguage":"de-DE","potentialAction":[{"@type":"ReadAction","target":["https:\/\/asteralabs.org\/de\/product\/sustanon-500mg\/"]}]},{"@type":"ImageObject","inLanguage":"de-DE","@id":"https:\/\/asteralabs.org\/de\/product\/sustanon-500mg\/#primaryimage","url":"https:\/\/asteralabs.org\/wp-content\/uploads\/2022\/11\/Sustanon-500mg-inject-nbg-inject-nbg-1.png","contentUrl":"https:\/\/asteralabs.org\/wp-content\/uploads\/2022\/11\/Sustanon-500mg-inject-nbg-inject-nbg-1.png","width":2000,"height":2000},{"@type":"BreadcrumbList","@id":"https:\/\/asteralabs.org\/de\/product\/sustanon-500mg\/#breadcrumb","itemListElement":[{"@type":"ListItem","position":1,"name":"Home","item":"https:\/\/asteralabs.org\/de\/"},{"@type":"ListItem","position":2,"name":"Shop","item":"https:\/\/asteralabs.org\/shop\/"},{"@type":"ListItem","position":3,"name":"Sustanon 500mg"}]},{"@type":"WebSite","@id":"https:\/\/asteralabs.org\/de\/#website","url":"https:\/\/asteralabs.org\/de\/","name":"Astera Labs","description":"Improve Your Quality Of Life","publisher":{"@id":"https:\/\/asteralabs.org\/de\/#organization"},"potentialAction":[{"@type":"SearchAction","target":{"@type":"EntryPoint","urlTemplate":"https:\/\/asteralabs.org\/de\/?s={search_term_string}"},"query-input":"required name=search_term_string"}],"inLanguage":"de-DE"},{"@type":"Organization","@id":"https:\/\/asteralabs.org\/de\/#organization","name":"Astera Labs","url":"https:\/\/asteralabs.org\/de\/","logo":{"@type":"ImageObject","inLanguage":"de-DE","@id":"https:\/\/asteralabs.org\/de\/#\/schema\/logo\/image\/","url":"https:\/\/asteralabs.org\/wp-content\/uploads\/2022\/12\/astera-2.png","contentUrl":"https:\/\/asteralabs.org\/wp-content\/uploads\/2022\/12\/astera-2.png","width":437,"height":111,"caption":"Astera Labs"},"image":{"@id":"https:\/\/asteralabs.org\/de\/#\/schema\/logo\/image\/"}}]}},"_links":{"self":[{"href":"https:\/\/asteralabs.org\/de\/wp-json\/wp\/v2\/product\/77671"}],"collection":[{"href":"https:\/\/asteralabs.org\/de\/wp-json\/wp\/v2\/product"}],"about":[{"href":"https:\/\/asteralabs.org\/de\/wp-json\/wp\/v2\/types\/product"}],"replies":[{"embeddable":true,"href":"https:\/\/asteralabs.org\/de\/wp-json\/wp\/v2\/comments?post=77671"}],"version-history":[{"count":0,"href":"https:\/\/asteralabs.org\/de\/wp-json\/wp\/v2\/product\/77671\/revisions"}],"wp:featuredmedia":[{"embeddable":true,"href":"https:\/\/asteralabs.org\/de\/wp-json\/wp\/v2\/media\/76170"}],"wp:attachment":[{"href":"https:\/\/asteralabs.org\/de\/wp-json\/wp\/v2\/media?parent=77671"}],"wp:term":[{"taxonomy":"product_cat","embeddable":true,"href":"https:\/\/asteralabs.org\/de\/wp-json\/wp\/v2\/product_cat?post=77671"},{"taxonomy":"product_tag","embeddable":true,"href":"https:\/\/asteralabs.org\/de\/wp-json\/wp\/v2\/product_tag?post=77671"}],"curies":[{"name":"wp","href":"https:\/\/api.w.org\/{rel}","templated":true}]}}