{"id":77674,"date":"2022-11-05T21:56:41","date_gmt":"2022-11-05T21:56:41","guid":{"rendered":"https:\/\/asteralabs.org\/product\/boldenon-acetat\/"},"modified":"2026-01-15T08:08:12","modified_gmt":"2026-01-15T08:08:12","slug":"boldenon-acetat","status":"publish","type":"product","link":"https:\/\/asteralabs.org\/de\/product\/boldenon-acetat\/","title":{"rendered":"Boldenon Acetat"},"content":{"rendered":"<p><strong>DOSIERUNG<\/strong>:<br \/>\nBoldenonacetat 50mg\/ml <strong>VERPACKUNGSINHALT:<\/strong><br \/>\n1 x 10ML Fl\u00e4schchen, 50 mg pro ml <strong>WAS IST ES:<\/strong><br \/>\nBoldenonacetat ist ein seltenes Steroid. Einer der gr\u00f6\u00dften Nachteile von Boldenon ist, dass seine Ester ein gro\u00dfes Molekulargewicht haben, was die Aufnahme erschwert. Durch die Verringerung des Gewichts des Esters kann es in ein Steroid umgewandelt werden, das normalerweise als &#8220;mild&#8221; in ein ziemlich starkes Steroid angesehen wird. <strong>ANWENDUNG:<\/strong><br \/>\nEs wird empfohlen, mit einer geringen Dosis zu beginnen, da Boldenonacetat bei manchen Menschen PIP und grippe\u00e4hnliche Reaktionen hervorrufen kann. Es gibt nur sehr wenige Informationen \u00fcber dieses Steroid, so dass meine grunds\u00e4tzliche Empfehlung lautet, die h\u00f6chstm\u00f6gliche Dosis mit den geringsten m\u00f6glichen Auswirkungen zu verwenden. Wir w\u00fcrden es ED oder EOD injizieren. <strong>Chargeninformationen:<br \/>\n<\/strong>Chargennummer: <span data-sheets-root=\"1\" data-sheets-value=\"{\" data-sheets-userformat=\"{\">BG70578<\/span><br \/>\nHerstellungsdatum: <span data-sheets-root=\"1\" data-sheets-value=\"{\" data-sheets-userformat=\"{\">10.2025.<\/span><br \/>\nVerfallsdatum: <span data-sheets-root=\"1\" data-sheets-value=\"{\" data-sheets-userformat=\"{\">10.2028.<\/span><\/p>\n","protected":false},"excerpt":{"rendered":"<p>DOSIERUNG: Boldenonacetat 50mg\/ml VERPACKUNGSINHALT: 1 x 10ML Fl\u00e4schchen, 50 mg pro ml WAS IST ES: Boldenonacetat ist ein seltenes Steroid. Einer der gr\u00f6\u00dften Nachteile von Boldenon ist, dass seine Ester ein gro\u00dfes Molekulargewicht haben, was die Aufnahme erschwert. Durch die Verringerung des Gewichts des Esters kann es in ein Steroid umgewandelt werden, das normalerweise als&hellip;<\/p>\n","protected":false},"featured_media":75234,"comment_status":"open","ping_status":"closed","template":"","meta":[],"product_cat":[156,154],"product_tag":[155],"yoast_head":"<!-- This site is optimized with the Yoast SEO plugin v23.0 - https:\/\/yoast.com\/wordpress\/plugins\/seo\/ -->\n<title>Boldenon Acetat - Astera Labs<\/title>\n<meta name=\"robots\" content=\"index, follow, max-snippet:-1, max-image-preview:large, max-video-preview:-1\" \/>\n<link rel=\"canonical\" href=\"https:\/\/asteralabs.org\/de\/product\/boldenon-acetat\/\" \/>\n<meta property=\"og:locale\" content=\"de_DE\" \/>\n<meta property=\"og:type\" content=\"article\" \/>\n<meta property=\"og:title\" content=\"Boldenon Acetat - Astera Labs\" \/>\n<meta property=\"og:description\" content=\"DOSIERUNG: Boldenonacetat 50mg\/ml VERPACKUNGSINHALT: 1 x 10ML Fl\u00e4schchen, 50 mg pro ml WAS IST ES: Boldenonacetat ist ein seltenes Steroid. Einer der gr\u00f6\u00dften Nachteile von Boldenon ist, dass seine Ester ein gro\u00dfes Molekulargewicht haben, was die Aufnahme erschwert. Durch die Verringerung des Gewichts des Esters kann es in ein Steroid umgewandelt werden, das normalerweise als&hellip;\" \/>\n<meta property=\"og:url\" content=\"https:\/\/asteralabs.org\/de\/product\/boldenon-acetat\/\" \/>\n<meta property=\"og:site_name\" content=\"Astera Labs\" \/>\n<meta property=\"article:modified_time\" content=\"2026-01-15T08:08:12+00:00\" \/>\n<meta property=\"og:image\" content=\"https:\/\/asteralabs.org\/wp-content\/uploads\/2022\/11\/34-1.png\" \/>\n\t<meta property=\"og:image:width\" content=\"2000\" \/>\n\t<meta property=\"og:image:height\" content=\"2000\" \/>\n\t<meta property=\"og:image:type\" content=\"image\/png\" \/>\n<meta name=\"twitter:card\" content=\"summary_large_image\" \/>\n<script type=\"application\/ld+json\" class=\"yoast-schema-graph\">{\"@context\":\"https:\/\/schema.org\",\"@graph\":[{\"@type\":\"WebPage\",\"@id\":\"https:\/\/asteralabs.org\/de\/product\/boldenon-acetat\/\",\"url\":\"https:\/\/asteralabs.org\/de\/product\/boldenon-acetat\/\",\"name\":\"Boldenon Acetat - Astera Labs\",\"isPartOf\":{\"@id\":\"https:\/\/asteralabs.org\/de\/#website\"},\"primaryImageOfPage\":{\"@id\":\"https:\/\/asteralabs.org\/de\/product\/boldenon-acetat\/#primaryimage\"},\"image\":{\"@id\":\"https:\/\/asteralabs.org\/de\/product\/boldenon-acetat\/#primaryimage\"},\"thumbnailUrl\":\"https:\/\/asteralabs.org\/wp-content\/uploads\/2022\/11\/34-1.png\",\"datePublished\":\"2022-11-05T21:56:41+00:00\",\"dateModified\":\"2026-01-15T08:08:12+00:00\",\"breadcrumb\":{\"@id\":\"https:\/\/asteralabs.org\/de\/product\/boldenon-acetat\/#breadcrumb\"},\"inLanguage\":\"de-DE\",\"potentialAction\":[{\"@type\":\"ReadAction\",\"target\":[\"https:\/\/asteralabs.org\/de\/product\/boldenon-acetat\/\"]}]},{\"@type\":\"ImageObject\",\"inLanguage\":\"de-DE\",\"@id\":\"https:\/\/asteralabs.org\/de\/product\/boldenon-acetat\/#primaryimage\",\"url\":\"https:\/\/asteralabs.org\/wp-content\/uploads\/2022\/11\/34-1.png\",\"contentUrl\":\"https:\/\/asteralabs.org\/wp-content\/uploads\/2022\/11\/34-1.png\",\"width\":2000,\"height\":2000},{\"@type\":\"BreadcrumbList\",\"@id\":\"https:\/\/asteralabs.org\/de\/product\/boldenon-acetat\/#breadcrumb\",\"itemListElement\":[{\"@type\":\"ListItem\",\"position\":1,\"name\":\"Home\",\"item\":\"https:\/\/asteralabs.org\/de\/\"},{\"@type\":\"ListItem\",\"position\":2,\"name\":\"Shop\",\"item\":\"https:\/\/asteralabs.org\/shop\/\"},{\"@type\":\"ListItem\",\"position\":3,\"name\":\"Boldenon Acetat\"}]},{\"@type\":\"WebSite\",\"@id\":\"https:\/\/asteralabs.org\/de\/#website\",\"url\":\"https:\/\/asteralabs.org\/de\/\",\"name\":\"Astera Labs\",\"description\":\"Improve Your Quality Of Life\",\"publisher\":{\"@id\":\"https:\/\/asteralabs.org\/de\/#organization\"},\"potentialAction\":[{\"@type\":\"SearchAction\",\"target\":{\"@type\":\"EntryPoint\",\"urlTemplate\":\"https:\/\/asteralabs.org\/de\/?s={search_term_string}\"},\"query-input\":\"required name=search_term_string\"}],\"inLanguage\":\"de-DE\"},{\"@type\":\"Organization\",\"@id\":\"https:\/\/asteralabs.org\/de\/#organization\",\"name\":\"Astera Labs\",\"url\":\"https:\/\/asteralabs.org\/de\/\",\"logo\":{\"@type\":\"ImageObject\",\"inLanguage\":\"de-DE\",\"@id\":\"https:\/\/asteralabs.org\/de\/#\/schema\/logo\/image\/\",\"url\":\"https:\/\/asteralabs.org\/wp-content\/uploads\/2022\/12\/astera-2.png\",\"contentUrl\":\"https:\/\/asteralabs.org\/wp-content\/uploads\/2022\/12\/astera-2.png\",\"width\":437,\"height\":111,\"caption\":\"Astera Labs\"},\"image\":{\"@id\":\"https:\/\/asteralabs.org\/de\/#\/schema\/logo\/image\/\"}}]}<\/script>\n<!-- \/ Yoast SEO plugin. -->","yoast_head_json":{"title":"Boldenon Acetat - Astera Labs","robots":{"index":"index","follow":"follow","max-snippet":"max-snippet:-1","max-image-preview":"max-image-preview:large","max-video-preview":"max-video-preview:-1"},"canonical":"https:\/\/asteralabs.org\/de\/product\/boldenon-acetat\/","og_locale":"de_DE","og_type":"article","og_title":"Boldenon Acetat - Astera Labs","og_description":"DOSIERUNG: Boldenonacetat 50mg\/ml VERPACKUNGSINHALT: 1 x 10ML Fl\u00e4schchen, 50 mg pro ml WAS IST ES: Boldenonacetat ist ein seltenes Steroid. Einer der gr\u00f6\u00dften Nachteile von Boldenon ist, dass seine Ester ein gro\u00dfes Molekulargewicht haben, was die Aufnahme erschwert. Durch die Verringerung des Gewichts des Esters kann es in ein Steroid umgewandelt werden, das normalerweise als&hellip;","og_url":"https:\/\/asteralabs.org\/de\/product\/boldenon-acetat\/","og_site_name":"Astera Labs","article_modified_time":"2026-01-15T08:08:12+00:00","og_image":[{"width":2000,"height":2000,"url":"https:\/\/asteralabs.org\/wp-content\/uploads\/2022\/11\/34-1.png","type":"image\/png"}],"twitter_card":"summary_large_image","schema":{"@context":"https:\/\/schema.org","@graph":[{"@type":"WebPage","@id":"https:\/\/asteralabs.org\/de\/product\/boldenon-acetat\/","url":"https:\/\/asteralabs.org\/de\/product\/boldenon-acetat\/","name":"Boldenon Acetat - Astera Labs","isPartOf":{"@id":"https:\/\/asteralabs.org\/de\/#website"},"primaryImageOfPage":{"@id":"https:\/\/asteralabs.org\/de\/product\/boldenon-acetat\/#primaryimage"},"image":{"@id":"https:\/\/asteralabs.org\/de\/product\/boldenon-acetat\/#primaryimage"},"thumbnailUrl":"https:\/\/asteralabs.org\/wp-content\/uploads\/2022\/11\/34-1.png","datePublished":"2022-11-05T21:56:41+00:00","dateModified":"2026-01-15T08:08:12+00:00","breadcrumb":{"@id":"https:\/\/asteralabs.org\/de\/product\/boldenon-acetat\/#breadcrumb"},"inLanguage":"de-DE","potentialAction":[{"@type":"ReadAction","target":["https:\/\/asteralabs.org\/de\/product\/boldenon-acetat\/"]}]},{"@type":"ImageObject","inLanguage":"de-DE","@id":"https:\/\/asteralabs.org\/de\/product\/boldenon-acetat\/#primaryimage","url":"https:\/\/asteralabs.org\/wp-content\/uploads\/2022\/11\/34-1.png","contentUrl":"https:\/\/asteralabs.org\/wp-content\/uploads\/2022\/11\/34-1.png","width":2000,"height":2000},{"@type":"BreadcrumbList","@id":"https:\/\/asteralabs.org\/de\/product\/boldenon-acetat\/#breadcrumb","itemListElement":[{"@type":"ListItem","position":1,"name":"Home","item":"https:\/\/asteralabs.org\/de\/"},{"@type":"ListItem","position":2,"name":"Shop","item":"https:\/\/asteralabs.org\/shop\/"},{"@type":"ListItem","position":3,"name":"Boldenon Acetat"}]},{"@type":"WebSite","@id":"https:\/\/asteralabs.org\/de\/#website","url":"https:\/\/asteralabs.org\/de\/","name":"Astera Labs","description":"Improve Your Quality Of Life","publisher":{"@id":"https:\/\/asteralabs.org\/de\/#organization"},"potentialAction":[{"@type":"SearchAction","target":{"@type":"EntryPoint","urlTemplate":"https:\/\/asteralabs.org\/de\/?s={search_term_string}"},"query-input":"required name=search_term_string"}],"inLanguage":"de-DE"},{"@type":"Organization","@id":"https:\/\/asteralabs.org\/de\/#organization","name":"Astera Labs","url":"https:\/\/asteralabs.org\/de\/","logo":{"@type":"ImageObject","inLanguage":"de-DE","@id":"https:\/\/asteralabs.org\/de\/#\/schema\/logo\/image\/","url":"https:\/\/asteralabs.org\/wp-content\/uploads\/2022\/12\/astera-2.png","contentUrl":"https:\/\/asteralabs.org\/wp-content\/uploads\/2022\/12\/astera-2.png","width":437,"height":111,"caption":"Astera Labs"},"image":{"@id":"https:\/\/asteralabs.org\/de\/#\/schema\/logo\/image\/"}}]}},"_links":{"self":[{"href":"https:\/\/asteralabs.org\/de\/wp-json\/wp\/v2\/product\/77674"}],"collection":[{"href":"https:\/\/asteralabs.org\/de\/wp-json\/wp\/v2\/product"}],"about":[{"href":"https:\/\/asteralabs.org\/de\/wp-json\/wp\/v2\/types\/product"}],"replies":[{"embeddable":true,"href":"https:\/\/asteralabs.org\/de\/wp-json\/wp\/v2\/comments?post=77674"}],"version-history":[{"count":0,"href":"https:\/\/asteralabs.org\/de\/wp-json\/wp\/v2\/product\/77674\/revisions"}],"wp:featuredmedia":[{"embeddable":true,"href":"https:\/\/asteralabs.org\/de\/wp-json\/wp\/v2\/media\/75234"}],"wp:attachment":[{"href":"https:\/\/asteralabs.org\/de\/wp-json\/wp\/v2\/media?parent=77674"}],"wp:term":[{"taxonomy":"product_cat","embeddable":true,"href":"https:\/\/asteralabs.org\/de\/wp-json\/wp\/v2\/product_cat?post=77674"},{"taxonomy":"product_tag","embeddable":true,"href":"https:\/\/asteralabs.org\/de\/wp-json\/wp\/v2\/product_tag?post=77674"}],"curies":[{"name":"wp","href":"https:\/\/api.w.org\/{rel}","templated":true}]}}