{"id":77678,"date":"2022-11-05T21:54:08","date_gmt":"2022-11-05T21:54:08","guid":{"rendered":"https:\/\/asteralabs.org\/product\/stanozolol\/"},"modified":"2026-01-15T10:32:30","modified_gmt":"2026-01-15T10:32:30","slug":"stanozolol","status":"publish","type":"product","link":"https:\/\/asteralabs.org\/de\/product\/stanozolol\/","title":{"rendered":"Stanozolol"},"content":{"rendered":"<p><strong>DOSIERUNG:<\/strong><br \/>\nStanozolol 50mg\/ml <strong>VERPACKUNGSINHALT:<\/strong><br \/>\n1 x 10ML Fl\u00e4schchen, 50 mg pro ml <strong>WAS IST ES:<\/strong><br \/>\nStanozolol, besser bekannt als Winstrol, ist das am h\u00e4ufigsten verwendete orale Steroid in Cutting-Phasen. Sein androgenes Potenzial ist sehr hoch, was es zum perfekten Steroid macht, wenn es darum geht, die Muskelmasse zu erhalten und gleichzeitig Fett zu verlieren. Es ist auch sehr n\u00fctzlich, wenn es darum geht, die Kraft zu verbessern und kann bei explosiven Sportarten n\u00fctzlich sein. <strong>ANWENDUNG:<\/strong><br \/>\nDie Dosis reicht von 30 bis 100 mg, wobei 40-50 mg eine Standarddosis und 100 mg eine Dosis vor Wettk\u00e4mpfen sind. Wir empfehlen, es nicht l\u00e4nger als 4-6 Wochen am St\u00fcck einzunehmen. Da es sich um eine injizierbare Version handelt, empfehlen wir, es einmal ED zu injizieren. <strong>BATCH INFORMATIONEN:<br \/>\n<\/strong>Chargennummer: <span data-sheets-root=\"1\" data-sheets-value=\"{\" data-sheets-userformat=\"{\">TB59045<\/span><br \/>\nHerstellungsdatum: <span data-sheets-root=\"1\" data-sheets-value=\"{\" data-sheets-userformat=\"{\">10.2025.<\/span><br \/>\nVerfallsdatum: <span data-sheets-root=\"1\" data-sheets-value=\"{\" data-sheets-userformat=\"{\">10.2028.<\/span><\/p>\n","protected":false},"excerpt":{"rendered":"<p>DOSIERUNG: Stanozolol 50mg\/ml VERPACKUNGSINHALT: 1 x 10ML Fl\u00e4schchen, 50 mg pro ml WAS IST ES: Stanozolol, besser bekannt als Winstrol, ist das am h\u00e4ufigsten verwendete orale Steroid in Cutting-Phasen. Sein androgenes Potenzial ist sehr hoch, was es zum perfekten Steroid macht, wenn es darum geht, die Muskelmasse zu erhalten und gleichzeitig Fett zu verlieren. Es&hellip;<\/p>\n","protected":false},"featured_media":75242,"comment_status":"open","ping_status":"closed","template":"","meta":{"_acf_changed":false},"product_brand":[],"product_cat":[156,154],"product_tag":[],"class_list":{"0":"post-77678","1":"product","2":"type-product","3":"status-publish","4":"has-post-thumbnail","6":"product_cat-all-de","7":"product_cat-injectables-de","8":"description-off","10":"first","11":"instock","12":"shipping-taxable","13":"product-type-simple"},"acf":[],"yoast_head":"<!-- This site is optimized with the Yoast SEO plugin v27.4 - https:\/\/yoast.com\/product\/yoast-seo-wordpress\/ -->\n<title>Stanozolol - Astera Labs<\/title>\n<meta name=\"robots\" content=\"index, follow, max-snippet:-1, max-image-preview:large, max-video-preview:-1\" \/>\n<link rel=\"canonical\" href=\"https:\/\/asteralabs.org\/de\/product\/stanozolol\/\" \/>\n<meta property=\"og:locale\" content=\"de_DE\" \/>\n<meta property=\"og:type\" content=\"article\" \/>\n<meta property=\"og:title\" content=\"Stanozolol - Astera Labs\" \/>\n<meta property=\"og:description\" content=\"DOSIERUNG: Stanozolol 50mg\/ml VERPACKUNGSINHALT: 1 x 10ML Fl\u00e4schchen, 50 mg pro ml WAS IST ES: Stanozolol, besser bekannt als Winstrol, ist das am h\u00e4ufigsten verwendete orale Steroid in Cutting-Phasen. Sein androgenes Potenzial ist sehr hoch, was es zum perfekten Steroid macht, wenn es darum geht, die Muskelmasse zu erhalten und gleichzeitig Fett zu verlieren. Es&hellip;\" \/>\n<meta property=\"og:url\" content=\"https:\/\/asteralabs.org\/de\/product\/stanozolol\/\" \/>\n<meta property=\"og:site_name\" content=\"Astera Labs\" \/>\n<meta property=\"article:modified_time\" content=\"2026-01-15T10:32:30+00:00\" \/>\n<meta property=\"og:image\" content=\"https:\/\/asteralabs.org\/wp-content\/uploads\/2022\/11\/3-2.png\" \/>\n\t<meta property=\"og:image:width\" content=\"2000\" \/>\n\t<meta property=\"og:image:height\" content=\"2000\" \/>\n\t<meta property=\"og:image:type\" content=\"image\/png\" \/>\n<meta name=\"twitter:card\" content=\"summary_large_image\" \/>\n<script type=\"application\/ld+json\" class=\"yoast-schema-graph\">{\"@context\":\"https:\\\/\\\/schema.org\",\"@graph\":[{\"@type\":\"WebPage\",\"@id\":\"https:\\\/\\\/asteralabs.org\\\/de\\\/product\\\/stanozolol\\\/\",\"url\":\"https:\\\/\\\/asteralabs.org\\\/de\\\/product\\\/stanozolol\\\/\",\"name\":\"Stanozolol - Astera Labs\",\"isPartOf\":{\"@id\":\"https:\\\/\\\/asteralabs.org\\\/de\\\/#website\"},\"primaryImageOfPage\":{\"@id\":\"https:\\\/\\\/asteralabs.org\\\/de\\\/product\\\/stanozolol\\\/#primaryimage\"},\"image\":{\"@id\":\"https:\\\/\\\/asteralabs.org\\\/de\\\/product\\\/stanozolol\\\/#primaryimage\"},\"thumbnailUrl\":\"https:\\\/\\\/asteralabs.org\\\/wp-content\\\/uploads\\\/2022\\\/11\\\/3-2.png\",\"datePublished\":\"2022-11-05T21:54:08+00:00\",\"dateModified\":\"2026-01-15T10:32:30+00:00\",\"breadcrumb\":{\"@id\":\"https:\\\/\\\/asteralabs.org\\\/de\\\/product\\\/stanozolol\\\/#breadcrumb\"},\"inLanguage\":\"de-DE\",\"potentialAction\":[{\"@type\":\"ReadAction\",\"target\":[\"https:\\\/\\\/asteralabs.org\\\/de\\\/product\\\/stanozolol\\\/\"]}]},{\"@type\":\"ImageObject\",\"inLanguage\":\"de-DE\",\"@id\":\"https:\\\/\\\/asteralabs.org\\\/de\\\/product\\\/stanozolol\\\/#primaryimage\",\"url\":\"https:\\\/\\\/asteralabs.org\\\/wp-content\\\/uploads\\\/2022\\\/11\\\/3-2.png\",\"contentUrl\":\"https:\\\/\\\/asteralabs.org\\\/wp-content\\\/uploads\\\/2022\\\/11\\\/3-2.png\",\"width\":2000,\"height\":2000},{\"@type\":\"BreadcrumbList\",\"@id\":\"https:\\\/\\\/asteralabs.org\\\/de\\\/product\\\/stanozolol\\\/#breadcrumb\",\"itemListElement\":[{\"@type\":\"ListItem\",\"position\":1,\"name\":\"Home\",\"item\":\"https:\\\/\\\/asteralabs.org\\\/de\\\/\"},{\"@type\":\"ListItem\",\"position\":2,\"name\":\"Shop\",\"item\":\"https:\\\/\\\/asteralabs.org\\\/de\\\/shop\\\/\"},{\"@type\":\"ListItem\",\"position\":3,\"name\":\"Stanozolol\"}]},{\"@type\":\"WebSite\",\"@id\":\"https:\\\/\\\/asteralabs.org\\\/de\\\/#website\",\"url\":\"https:\\\/\\\/asteralabs.org\\\/de\\\/\",\"name\":\"Astera Labs\",\"description\":\"Improve Your Quality Of Life\",\"publisher\":{\"@id\":\"https:\\\/\\\/asteralabs.org\\\/de\\\/#organization\"},\"potentialAction\":[{\"@type\":\"SearchAction\",\"target\":{\"@type\":\"EntryPoint\",\"urlTemplate\":\"https:\\\/\\\/asteralabs.org\\\/de\\\/?s={search_term_string}\"},\"query-input\":{\"@type\":\"PropertyValueSpecification\",\"valueRequired\":true,\"valueName\":\"search_term_string\"}}],\"inLanguage\":\"de-DE\"},{\"@type\":\"Organization\",\"@id\":\"https:\\\/\\\/asteralabs.org\\\/de\\\/#organization\",\"name\":\"Astera Labs\",\"url\":\"https:\\\/\\\/asteralabs.org\\\/de\\\/\",\"logo\":{\"@type\":\"ImageObject\",\"inLanguage\":\"de-DE\",\"@id\":\"https:\\\/\\\/asteralabs.org\\\/de\\\/#\\\/schema\\\/logo\\\/image\\\/\",\"url\":\"https:\\\/\\\/asteralabs.org\\\/wp-content\\\/uploads\\\/2022\\\/12\\\/astera-2.png\",\"contentUrl\":\"https:\\\/\\\/asteralabs.org\\\/wp-content\\\/uploads\\\/2022\\\/12\\\/astera-2.png\",\"width\":437,\"height\":111,\"caption\":\"Astera Labs\"},\"image\":{\"@id\":\"https:\\\/\\\/asteralabs.org\\\/de\\\/#\\\/schema\\\/logo\\\/image\\\/\"}}]}<\/script>\n<!-- \/ Yoast SEO plugin. -->","yoast_head_json":{"title":"Stanozolol - Astera Labs","robots":{"index":"index","follow":"follow","max-snippet":"max-snippet:-1","max-image-preview":"max-image-preview:large","max-video-preview":"max-video-preview:-1"},"canonical":"https:\/\/asteralabs.org\/de\/product\/stanozolol\/","og_locale":"de_DE","og_type":"article","og_title":"Stanozolol - Astera Labs","og_description":"DOSIERUNG: Stanozolol 50mg\/ml VERPACKUNGSINHALT: 1 x 10ML Fl\u00e4schchen, 50 mg pro ml WAS IST ES: Stanozolol, besser bekannt als Winstrol, ist das am h\u00e4ufigsten verwendete orale Steroid in Cutting-Phasen. Sein androgenes Potenzial ist sehr hoch, was es zum perfekten Steroid macht, wenn es darum geht, die Muskelmasse zu erhalten und gleichzeitig Fett zu verlieren. Es&hellip;","og_url":"https:\/\/asteralabs.org\/de\/product\/stanozolol\/","og_site_name":"Astera Labs","article_modified_time":"2026-01-15T10:32:30+00:00","og_image":[{"width":2000,"height":2000,"url":"https:\/\/asteralabs.org\/wp-content\/uploads\/2022\/11\/3-2.png","type":"image\/png"}],"twitter_card":"summary_large_image","schema":{"@context":"https:\/\/schema.org","@graph":[{"@type":"WebPage","@id":"https:\/\/asteralabs.org\/de\/product\/stanozolol\/","url":"https:\/\/asteralabs.org\/de\/product\/stanozolol\/","name":"Stanozolol - Astera Labs","isPartOf":{"@id":"https:\/\/asteralabs.org\/de\/#website"},"primaryImageOfPage":{"@id":"https:\/\/asteralabs.org\/de\/product\/stanozolol\/#primaryimage"},"image":{"@id":"https:\/\/asteralabs.org\/de\/product\/stanozolol\/#primaryimage"},"thumbnailUrl":"https:\/\/asteralabs.org\/wp-content\/uploads\/2022\/11\/3-2.png","datePublished":"2022-11-05T21:54:08+00:00","dateModified":"2026-01-15T10:32:30+00:00","breadcrumb":{"@id":"https:\/\/asteralabs.org\/de\/product\/stanozolol\/#breadcrumb"},"inLanguage":"de-DE","potentialAction":[{"@type":"ReadAction","target":["https:\/\/asteralabs.org\/de\/product\/stanozolol\/"]}]},{"@type":"ImageObject","inLanguage":"de-DE","@id":"https:\/\/asteralabs.org\/de\/product\/stanozolol\/#primaryimage","url":"https:\/\/asteralabs.org\/wp-content\/uploads\/2022\/11\/3-2.png","contentUrl":"https:\/\/asteralabs.org\/wp-content\/uploads\/2022\/11\/3-2.png","width":2000,"height":2000},{"@type":"BreadcrumbList","@id":"https:\/\/asteralabs.org\/de\/product\/stanozolol\/#breadcrumb","itemListElement":[{"@type":"ListItem","position":1,"name":"Home","item":"https:\/\/asteralabs.org\/de\/"},{"@type":"ListItem","position":2,"name":"Shop","item":"https:\/\/asteralabs.org\/de\/shop\/"},{"@type":"ListItem","position":3,"name":"Stanozolol"}]},{"@type":"WebSite","@id":"https:\/\/asteralabs.org\/de\/#website","url":"https:\/\/asteralabs.org\/de\/","name":"Astera Labs","description":"Improve Your Quality Of Life","publisher":{"@id":"https:\/\/asteralabs.org\/de\/#organization"},"potentialAction":[{"@type":"SearchAction","target":{"@type":"EntryPoint","urlTemplate":"https:\/\/asteralabs.org\/de\/?s={search_term_string}"},"query-input":{"@type":"PropertyValueSpecification","valueRequired":true,"valueName":"search_term_string"}}],"inLanguage":"de-DE"},{"@type":"Organization","@id":"https:\/\/asteralabs.org\/de\/#organization","name":"Astera Labs","url":"https:\/\/asteralabs.org\/de\/","logo":{"@type":"ImageObject","inLanguage":"de-DE","@id":"https:\/\/asteralabs.org\/de\/#\/schema\/logo\/image\/","url":"https:\/\/asteralabs.org\/wp-content\/uploads\/2022\/12\/astera-2.png","contentUrl":"https:\/\/asteralabs.org\/wp-content\/uploads\/2022\/12\/astera-2.png","width":437,"height":111,"caption":"Astera Labs"},"image":{"@id":"https:\/\/asteralabs.org\/de\/#\/schema\/logo\/image\/"}}]}},"_links":{"self":[{"href":"https:\/\/asteralabs.org\/de\/wp-json\/wp\/v2\/product\/77678","targetHints":{"allow":["GET"]}}],"collection":[{"href":"https:\/\/asteralabs.org\/de\/wp-json\/wp\/v2\/product"}],"about":[{"href":"https:\/\/asteralabs.org\/de\/wp-json\/wp\/v2\/types\/product"}],"replies":[{"embeddable":true,"href":"https:\/\/asteralabs.org\/de\/wp-json\/wp\/v2\/comments?post=77678"}],"version-history":[{"count":0,"href":"https:\/\/asteralabs.org\/de\/wp-json\/wp\/v2\/product\/77678\/revisions"}],"wp:featuredmedia":[{"embeddable":true,"href":"https:\/\/asteralabs.org\/de\/wp-json\/wp\/v2\/media\/75242"}],"wp:attachment":[{"href":"https:\/\/asteralabs.org\/de\/wp-json\/wp\/v2\/media?parent=77678"}],"wp:term":[{"taxonomy":"product_brand","embeddable":true,"href":"https:\/\/asteralabs.org\/de\/wp-json\/wp\/v2\/product_brand?post=77678"},{"taxonomy":"product_cat","embeddable":true,"href":"https:\/\/asteralabs.org\/de\/wp-json\/wp\/v2\/product_cat?post=77678"},{"taxonomy":"product_tag","embeddable":true,"href":"https:\/\/asteralabs.org\/de\/wp-json\/wp\/v2\/product_tag?post=77678"}],"curies":[{"name":"wp","href":"https:\/\/api.w.org\/{rel}","templated":true}]}}