{"id":77714,"date":"2023-01-10T22:31:46","date_gmt":"2023-01-10T22:31:46","guid":{"rendered":"https:\/\/asteralabs.org\/product\/oxandrolon\/"},"modified":"2026-01-16T10:26:44","modified_gmt":"2026-01-16T10:26:44","slug":"oxandrolon","status":"publish","type":"product","link":"https:\/\/asteralabs.org\/de\/product\/oxandrolon\/","title":{"rendered":"Oxandrolon"},"content":{"rendered":"<p><strong>DOSIERUNG: <\/strong><br \/>\nOxandrolon 20mg\/Tab<\/p>\n<p><strong>PACKUNGSINHALT: <\/strong><br \/>\n1 satchet, 100 Tabs, 20 mg pro Tab<\/p>\n<p><strong>WORUM E SICH HANDELT: <\/strong><br \/>\nEs ist das am h\u00e4ufigsten verwendete orale Steroid aufgrund seines Risiko\/Nutzen-Verh\u00e4ltnisses, es bietet gute Zuw\u00e4chse an magerer Masse und St\u00e4rke sowie eine starke Wirkung auf den Fettabbau. Es ist sehr vielseitig, es kann sowohl in einem Cutting-Zyklus als auch in einem Bulking-Zyklus verwendet werden, obwohl es aufgrund seiner starken fettverbrennenden Wirkung im Allgemeinen w\u00e4hrend eines Cutting-Zyklus verwendet wird. Es ist ein sehr sicheres Steroid, denn obwohl es in der Leber verstoffwechselt wird, ist seine Hepatotoxizit\u00e4t fast gleich null.<\/p>\n<p><strong>ANWENDUNG: <\/strong><br \/>\nDie Dosis h\u00e4ngt vom Anwender ab, wobei Dosen von 20 bis 100 mg pro Tag als normal gelten. Eine Standarddosis betr\u00e4gt 30-50 mg pro Tag, aufgeteilt in 3 Dosen zu den Hauptmahlzeiten des Tages.1<\/p>\n<p><strong>Chargeninformationen:<br \/>\n<\/strong>Chargennummer: <span data-sheets-root=\"1\" data-sheets-value=\"{\" data-sheets-userformat=\"{\">OW35606<\/span><br \/>\nHerstellungsdatum: <span data-sheets-root=\"1\" data-sheets-value=\"{\" data-sheets-userformat=\"{\">10.2025.<\/span><br \/>\nVerfallsdatum: <span data-sheets-root=\"1\" data-sheets-value=\"{\" data-sheets-userformat=\"{\">10.2028.<\/span><\/p>\n","protected":false},"excerpt":{"rendered":"<p>DOSIERUNG: Oxandrolon 20mg\/Tab PACKUNGSINHALT: 1 satchet, 100 Tabs, 20 mg pro Tab WORUM E SICH HANDELT: Es ist das am h\u00e4ufigsten verwendete orale Steroid aufgrund seines Risiko\/Nutzen-Verh\u00e4ltnisses, es bietet gute Zuw\u00e4chse an magerer Masse und St\u00e4rke sowie eine starke Wirkung auf den Fettabbau. Es ist sehr vielseitig, es kann sowohl in einem Cutting-Zyklus als auch&hellip;<\/p>\n","protected":false},"featured_media":76322,"comment_status":"open","ping_status":"closed","template":"","meta":[],"product_cat":[156,175],"product_tag":[],"yoast_head":"<!-- This site is optimized with the Yoast SEO plugin v23.0 - https:\/\/yoast.com\/wordpress\/plugins\/seo\/ -->\n<title>Oxandrolon - Astera Labs<\/title>\n<meta name=\"robots\" content=\"index, follow, max-snippet:-1, max-image-preview:large, max-video-preview:-1\" \/>\n<link rel=\"canonical\" href=\"https:\/\/asteralabs.org\/de\/product\/oxandrolon\/\" \/>\n<meta property=\"og:locale\" content=\"de_DE\" \/>\n<meta property=\"og:type\" content=\"article\" \/>\n<meta property=\"og:title\" content=\"Oxandrolon - Astera Labs\" \/>\n<meta property=\"og:description\" content=\"DOSIERUNG: Oxandrolon 20mg\/Tab PACKUNGSINHALT: 1 satchet, 100 Tabs, 20 mg pro Tab WORUM E SICH HANDELT: Es ist das am h\u00e4ufigsten verwendete orale Steroid aufgrund seines Risiko\/Nutzen-Verh\u00e4ltnisses, es bietet gute Zuw\u00e4chse an magerer Masse und St\u00e4rke sowie eine starke Wirkung auf den Fettabbau. Es ist sehr vielseitig, es kann sowohl in einem Cutting-Zyklus als auch&hellip;\" \/>\n<meta property=\"og:url\" content=\"https:\/\/asteralabs.org\/de\/product\/oxandrolon\/\" \/>\n<meta property=\"og:site_name\" content=\"Astera Labs\" \/>\n<meta property=\"article:modified_time\" content=\"2026-01-16T10:26:44+00:00\" \/>\n<meta property=\"og:image\" content=\"https:\/\/asteralabs.org\/wp-content\/uploads\/2023\/01\/Oxandrolone-mockup-nbg.png\" \/>\n\t<meta property=\"og:image:width\" content=\"2000\" \/>\n\t<meta property=\"og:image:height\" content=\"2000\" \/>\n\t<meta property=\"og:image:type\" content=\"image\/png\" \/>\n<meta name=\"twitter:card\" content=\"summary_large_image\" \/>\n<script type=\"application\/ld+json\" class=\"yoast-schema-graph\">{\"@context\":\"https:\/\/schema.org\",\"@graph\":[{\"@type\":\"WebPage\",\"@id\":\"https:\/\/asteralabs.org\/de\/product\/oxandrolon\/\",\"url\":\"https:\/\/asteralabs.org\/de\/product\/oxandrolon\/\",\"name\":\"Oxandrolon - Astera Labs\",\"isPartOf\":{\"@id\":\"https:\/\/asteralabs.org\/de\/#website\"},\"primaryImageOfPage\":{\"@id\":\"https:\/\/asteralabs.org\/de\/product\/oxandrolon\/#primaryimage\"},\"image\":{\"@id\":\"https:\/\/asteralabs.org\/de\/product\/oxandrolon\/#primaryimage\"},\"thumbnailUrl\":\"https:\/\/asteralabs.org\/wp-content\/uploads\/2023\/01\/Oxandrolone-mockup-nbg.png\",\"datePublished\":\"2023-01-10T22:31:46+00:00\",\"dateModified\":\"2026-01-16T10:26:44+00:00\",\"breadcrumb\":{\"@id\":\"https:\/\/asteralabs.org\/de\/product\/oxandrolon\/#breadcrumb\"},\"inLanguage\":\"de-DE\",\"potentialAction\":[{\"@type\":\"ReadAction\",\"target\":[\"https:\/\/asteralabs.org\/de\/product\/oxandrolon\/\"]}]},{\"@type\":\"ImageObject\",\"inLanguage\":\"de-DE\",\"@id\":\"https:\/\/asteralabs.org\/de\/product\/oxandrolon\/#primaryimage\",\"url\":\"https:\/\/asteralabs.org\/wp-content\/uploads\/2023\/01\/Oxandrolone-mockup-nbg.png\",\"contentUrl\":\"https:\/\/asteralabs.org\/wp-content\/uploads\/2023\/01\/Oxandrolone-mockup-nbg.png\",\"width\":2000,\"height\":2000},{\"@type\":\"BreadcrumbList\",\"@id\":\"https:\/\/asteralabs.org\/de\/product\/oxandrolon\/#breadcrumb\",\"itemListElement\":[{\"@type\":\"ListItem\",\"position\":1,\"name\":\"Home\",\"item\":\"https:\/\/asteralabs.org\/de\/\"},{\"@type\":\"ListItem\",\"position\":2,\"name\":\"Shop\",\"item\":\"https:\/\/asteralabs.org\/shop\/\"},{\"@type\":\"ListItem\",\"position\":3,\"name\":\"Oxandrolon\"}]},{\"@type\":\"WebSite\",\"@id\":\"https:\/\/asteralabs.org\/de\/#website\",\"url\":\"https:\/\/asteralabs.org\/de\/\",\"name\":\"Astera Labs\",\"description\":\"Improve Your Quality Of Life\",\"publisher\":{\"@id\":\"https:\/\/asteralabs.org\/de\/#organization\"},\"potentialAction\":[{\"@type\":\"SearchAction\",\"target\":{\"@type\":\"EntryPoint\",\"urlTemplate\":\"https:\/\/asteralabs.org\/de\/?s={search_term_string}\"},\"query-input\":\"required name=search_term_string\"}],\"inLanguage\":\"de-DE\"},{\"@type\":\"Organization\",\"@id\":\"https:\/\/asteralabs.org\/de\/#organization\",\"name\":\"Astera Labs\",\"url\":\"https:\/\/asteralabs.org\/de\/\",\"logo\":{\"@type\":\"ImageObject\",\"inLanguage\":\"de-DE\",\"@id\":\"https:\/\/asteralabs.org\/de\/#\/schema\/logo\/image\/\",\"url\":\"https:\/\/asteralabs.org\/wp-content\/uploads\/2022\/12\/astera-2.png\",\"contentUrl\":\"https:\/\/asteralabs.org\/wp-content\/uploads\/2022\/12\/astera-2.png\",\"width\":437,\"height\":111,\"caption\":\"Astera Labs\"},\"image\":{\"@id\":\"https:\/\/asteralabs.org\/de\/#\/schema\/logo\/image\/\"}}]}<\/script>\n<!-- \/ Yoast SEO plugin. -->","yoast_head_json":{"title":"Oxandrolon - Astera Labs","robots":{"index":"index","follow":"follow","max-snippet":"max-snippet:-1","max-image-preview":"max-image-preview:large","max-video-preview":"max-video-preview:-1"},"canonical":"https:\/\/asteralabs.org\/de\/product\/oxandrolon\/","og_locale":"de_DE","og_type":"article","og_title":"Oxandrolon - Astera Labs","og_description":"DOSIERUNG: Oxandrolon 20mg\/Tab PACKUNGSINHALT: 1 satchet, 100 Tabs, 20 mg pro Tab WORUM E SICH HANDELT: Es ist das am h\u00e4ufigsten verwendete orale Steroid aufgrund seines Risiko\/Nutzen-Verh\u00e4ltnisses, es bietet gute Zuw\u00e4chse an magerer Masse und St\u00e4rke sowie eine starke Wirkung auf den Fettabbau. Es ist sehr vielseitig, es kann sowohl in einem Cutting-Zyklus als auch&hellip;","og_url":"https:\/\/asteralabs.org\/de\/product\/oxandrolon\/","og_site_name":"Astera Labs","article_modified_time":"2026-01-16T10:26:44+00:00","og_image":[{"width":2000,"height":2000,"url":"https:\/\/asteralabs.org\/wp-content\/uploads\/2023\/01\/Oxandrolone-mockup-nbg.png","type":"image\/png"}],"twitter_card":"summary_large_image","schema":{"@context":"https:\/\/schema.org","@graph":[{"@type":"WebPage","@id":"https:\/\/asteralabs.org\/de\/product\/oxandrolon\/","url":"https:\/\/asteralabs.org\/de\/product\/oxandrolon\/","name":"Oxandrolon - Astera Labs","isPartOf":{"@id":"https:\/\/asteralabs.org\/de\/#website"},"primaryImageOfPage":{"@id":"https:\/\/asteralabs.org\/de\/product\/oxandrolon\/#primaryimage"},"image":{"@id":"https:\/\/asteralabs.org\/de\/product\/oxandrolon\/#primaryimage"},"thumbnailUrl":"https:\/\/asteralabs.org\/wp-content\/uploads\/2023\/01\/Oxandrolone-mockup-nbg.png","datePublished":"2023-01-10T22:31:46+00:00","dateModified":"2026-01-16T10:26:44+00:00","breadcrumb":{"@id":"https:\/\/asteralabs.org\/de\/product\/oxandrolon\/#breadcrumb"},"inLanguage":"de-DE","potentialAction":[{"@type":"ReadAction","target":["https:\/\/asteralabs.org\/de\/product\/oxandrolon\/"]}]},{"@type":"ImageObject","inLanguage":"de-DE","@id":"https:\/\/asteralabs.org\/de\/product\/oxandrolon\/#primaryimage","url":"https:\/\/asteralabs.org\/wp-content\/uploads\/2023\/01\/Oxandrolone-mockup-nbg.png","contentUrl":"https:\/\/asteralabs.org\/wp-content\/uploads\/2023\/01\/Oxandrolone-mockup-nbg.png","width":2000,"height":2000},{"@type":"BreadcrumbList","@id":"https:\/\/asteralabs.org\/de\/product\/oxandrolon\/#breadcrumb","itemListElement":[{"@type":"ListItem","position":1,"name":"Home","item":"https:\/\/asteralabs.org\/de\/"},{"@type":"ListItem","position":2,"name":"Shop","item":"https:\/\/asteralabs.org\/shop\/"},{"@type":"ListItem","position":3,"name":"Oxandrolon"}]},{"@type":"WebSite","@id":"https:\/\/asteralabs.org\/de\/#website","url":"https:\/\/asteralabs.org\/de\/","name":"Astera Labs","description":"Improve Your Quality Of Life","publisher":{"@id":"https:\/\/asteralabs.org\/de\/#organization"},"potentialAction":[{"@type":"SearchAction","target":{"@type":"EntryPoint","urlTemplate":"https:\/\/asteralabs.org\/de\/?s={search_term_string}"},"query-input":"required name=search_term_string"}],"inLanguage":"de-DE"},{"@type":"Organization","@id":"https:\/\/asteralabs.org\/de\/#organization","name":"Astera Labs","url":"https:\/\/asteralabs.org\/de\/","logo":{"@type":"ImageObject","inLanguage":"de-DE","@id":"https:\/\/asteralabs.org\/de\/#\/schema\/logo\/image\/","url":"https:\/\/asteralabs.org\/wp-content\/uploads\/2022\/12\/astera-2.png","contentUrl":"https:\/\/asteralabs.org\/wp-content\/uploads\/2022\/12\/astera-2.png","width":437,"height":111,"caption":"Astera Labs"},"image":{"@id":"https:\/\/asteralabs.org\/de\/#\/schema\/logo\/image\/"}}]}},"_links":{"self":[{"href":"https:\/\/asteralabs.org\/de\/wp-json\/wp\/v2\/product\/77714"}],"collection":[{"href":"https:\/\/asteralabs.org\/de\/wp-json\/wp\/v2\/product"}],"about":[{"href":"https:\/\/asteralabs.org\/de\/wp-json\/wp\/v2\/types\/product"}],"replies":[{"embeddable":true,"href":"https:\/\/asteralabs.org\/de\/wp-json\/wp\/v2\/comments?post=77714"}],"version-history":[{"count":1,"href":"https:\/\/asteralabs.org\/de\/wp-json\/wp\/v2\/product\/77714\/revisions"}],"predecessor-version":[{"id":78716,"href":"https:\/\/asteralabs.org\/de\/wp-json\/wp\/v2\/product\/77714\/revisions\/78716"}],"wp:featuredmedia":[{"embeddable":true,"href":"https:\/\/asteralabs.org\/de\/wp-json\/wp\/v2\/media\/76322"}],"wp:attachment":[{"href":"https:\/\/asteralabs.org\/de\/wp-json\/wp\/v2\/media?parent=77714"}],"wp:term":[{"taxonomy":"product_cat","embeddable":true,"href":"https:\/\/asteralabs.org\/de\/wp-json\/wp\/v2\/product_cat?post=77714"},{"taxonomy":"product_tag","embeddable":true,"href":"https:\/\/asteralabs.org\/de\/wp-json\/wp\/v2\/product_tag?post=77714"}],"curies":[{"name":"wp","href":"https:\/\/api.w.org\/{rel}","templated":true}]}}