{"id":77747,"date":"2023-01-10T22:23:05","date_gmt":"2023-01-10T22:23:05","guid":{"rendered":"https:\/\/asteralabs.org\/product\/sex-hard-strong-mix-viagra-cialis-dapoxetine-hcl\/"},"modified":"2026-01-15T14:21:30","modified_gmt":"2026-01-15T14:21:30","slug":"sex-hard-strong-mix-viagra-cialis-dapoxetine-hcl","status":"publish","type":"product","link":"https:\/\/asteralabs.org\/de\/product\/sex-hard-strong-mix-viagra-cialis-dapoxetine-hcl\/","title":{"rendered":"Sex Hard &amp; Strong Mix (Viagra + Cialis + Dapoxetine HCL)"},"content":{"rendered":"<p><strong>DOSIERUNG: <\/strong><br \/>\nSildenafil Citrate (Viagra) 50mg\/Tablette<br \/>\nTadalafil (Cialis) 20mg\/Tablette<br \/>\nDapoxetine HCL 30mg\/Tablette<\/p>\n<p><strong>VERPACKUNGSINHALT: <\/strong><br \/>\n1 P\u00e4ckchen, 100 Tabletten, 100 mg pro Tablette<\/p>\n<p><strong><b>WORUM ES SICH HANDELT<\/b>: <\/strong><br \/>\nDie Kombination von Viagra, Cialis und Dapoxetine wird Ihnen helfen, die beste sexuelle Leistung zu erzielen, die Sie sich w\u00fcnschen k\u00f6nnen. Die akute Wirkung von Viagra wird mit der lang anhaltenden Wirkung von Cialis und der verz\u00f6gernden Wirkung von Dapoxetin kombiniert.<\/p>\n<p><strong>ANWENDUNG: <\/strong><br \/>\nEs ist ratsam, es eine Stunde vor der sexuellen Aktivit\u00e4t einzunehmen, damit es seine Wirkung entfalten kann. Es muss nur einmal am Tag eingenommen werden und die Dosis sollte nicht h\u00f6her als 1 Tablette pro Tag sein.<\/p>\n<p><strong>BATCH INFORMATIONEN:<br \/>\n<\/strong>Chargennummer: <span data-sheets-root=\"1\">LW22138<\/span><br \/>\nHerstellungsdatum: <span data-sheets-root=\"1\" data-sheets-value=\"{&quot;1&quot;:2,&quot;2&quot;:&quot;03.2023.&quot;}\" data-sheets-userformat=\"{&quot;2&quot;:577,&quot;3&quot;:{&quot;1&quot;:0},&quot;9&quot;:0,&quot;12&quot;:0}\">10.2025.<\/span><br \/>\nVerfallsdatum: 10<span data-sheets-root=\"1\" data-sheets-value=\"{&quot;1&quot;:2,&quot;2&quot;:&quot;03.2026.&quot;}\" data-sheets-userformat=\"{&quot;2&quot;:637,&quot;3&quot;:{&quot;1&quot;:0},&quot;5&quot;:{&quot;1&quot;:[{&quot;1&quot;:2,&quot;2&quot;:0,&quot;5&quot;:{&quot;1&quot;:2,&quot;2&quot;:0}},{&quot;1&quot;:0,&quot;2&quot;:0,&quot;3&quot;:3},{&quot;1&quot;:1,&quot;2&quot;:0,&quot;4&quot;:1}]},&quot;6&quot;:{&quot;1&quot;:[{&quot;1&quot;:2,&quot;2&quot;:0,&quot;5&quot;:{&quot;1&quot;:2,&quot;2&quot;:0}},{&quot;1&quot;:0,&quot;2&quot;:0,&quot;3&quot;:3},{&quot;1&quot;:1,&quot;2&quot;:0,&quot;4&quot;:1}]},&quot;7&quot;:{&quot;1&quot;:[{&quot;1&quot;:2,&quot;2&quot;:0,&quot;5&quot;:{&quot;1&quot;:2,&quot;2&quot;:0}},{&quot;1&quot;:0,&quot;2&quot;:0,&quot;3&quot;:3},{&quot;1&quot;:1,&quot;2&quot;:0,&quot;4&quot;:1}]},&quot;8&quot;:{&quot;1&quot;:[{&quot;1&quot;:2,&quot;2&quot;:0,&quot;5&quot;:{&quot;1&quot;:2,&quot;2&quot;:0}},{&quot;1&quot;:0,&quot;2&quot;:0,&quot;3&quot;:3},{&quot;1&quot;:1,&quot;2&quot;:0,&quot;4&quot;:1}]},&quot;9&quot;:0,&quot;12&quot;:0}\">.2028.<\/span><\/p>\n","protected":false},"excerpt":{"rendered":"<p>DOSIERUNG: Sildenafil Citrate (Viagra) 50mg\/Tablette Tadalafil (Cialis) 20mg\/Tablette Dapoxetine HCL 30mg\/Tablette VERPACKUNGSINHALT: 1 P\u00e4ckchen, 100 Tabletten, 100 mg pro Tablette WORUM ES SICH HANDELT: Die Kombination von Viagra, Cialis und Dapoxetine wird Ihnen helfen, die beste sexuelle Leistung zu erzielen, die Sie sich w\u00fcnschen k\u00f6nnen. Die akute Wirkung von Viagra wird mit der lang anhaltenden&hellip;<\/p>\n","protected":false},"featured_media":76194,"comment_status":"open","ping_status":"closed","template":"","meta":[],"product_cat":[156,175],"product_tag":[],"yoast_head":"<!-- This site is optimized with the Yoast SEO plugin v23.0 - https:\/\/yoast.com\/wordpress\/plugins\/seo\/ -->\n<title>Sex Hard &amp; Strong Mix (Viagra + Cialis + Dapoxetine HCL) - Astera Labs<\/title>\n<meta name=\"robots\" content=\"index, follow, max-snippet:-1, max-image-preview:large, max-video-preview:-1\" \/>\n<link rel=\"canonical\" href=\"https:\/\/asteralabs.org\/de\/product\/sex-hard-strong-mix-viagra-cialis-dapoxetine-hcl\/\" \/>\n<meta property=\"og:locale\" content=\"de_DE\" \/>\n<meta property=\"og:type\" content=\"article\" \/>\n<meta property=\"og:title\" content=\"Sex Hard &amp; Strong Mix (Viagra + Cialis + Dapoxetine HCL) - Astera Labs\" \/>\n<meta property=\"og:description\" content=\"DOSIERUNG: Sildenafil Citrate (Viagra) 50mg\/Tablette Tadalafil (Cialis) 20mg\/Tablette Dapoxetine HCL 30mg\/Tablette VERPACKUNGSINHALT: 1 P\u00e4ckchen, 100 Tabletten, 100 mg pro Tablette WORUM ES SICH HANDELT: Die Kombination von Viagra, Cialis und Dapoxetine wird Ihnen helfen, die beste sexuelle Leistung zu erzielen, die Sie sich w\u00fcnschen k\u00f6nnen. Die akute Wirkung von Viagra wird mit der lang anhaltenden&hellip;\" \/>\n<meta property=\"og:url\" content=\"https:\/\/asteralabs.org\/de\/product\/sex-hard-strong-mix-viagra-cialis-dapoxetine-hcl\/\" \/>\n<meta property=\"og:site_name\" content=\"Astera Labs\" \/>\n<meta property=\"article:modified_time\" content=\"2026-01-15T14:21:30+00:00\" \/>\n<meta property=\"og:image\" content=\"https:\/\/asteralabs.org\/wp-content\/uploads\/2023\/01\/Sex-hard-strong-mix-mockup-nbg.png\" \/>\n\t<meta property=\"og:image:width\" content=\"2000\" \/>\n\t<meta property=\"og:image:height\" content=\"2000\" \/>\n\t<meta property=\"og:image:type\" content=\"image\/png\" \/>\n<meta name=\"twitter:card\" content=\"summary_large_image\" \/>\n<script type=\"application\/ld+json\" class=\"yoast-schema-graph\">{\"@context\":\"https:\/\/schema.org\",\"@graph\":[{\"@type\":\"WebPage\",\"@id\":\"https:\/\/asteralabs.org\/de\/product\/sex-hard-strong-mix-viagra-cialis-dapoxetine-hcl\/\",\"url\":\"https:\/\/asteralabs.org\/de\/product\/sex-hard-strong-mix-viagra-cialis-dapoxetine-hcl\/\",\"name\":\"Sex Hard &amp; Strong Mix (Viagra + Cialis + Dapoxetine HCL) - Astera Labs\",\"isPartOf\":{\"@id\":\"https:\/\/asteralabs.org\/de\/#website\"},\"primaryImageOfPage\":{\"@id\":\"https:\/\/asteralabs.org\/de\/product\/sex-hard-strong-mix-viagra-cialis-dapoxetine-hcl\/#primaryimage\"},\"image\":{\"@id\":\"https:\/\/asteralabs.org\/de\/product\/sex-hard-strong-mix-viagra-cialis-dapoxetine-hcl\/#primaryimage\"},\"thumbnailUrl\":\"https:\/\/asteralabs.org\/wp-content\/uploads\/2023\/01\/Sex-hard-strong-mix-mockup-nbg.png\",\"datePublished\":\"2023-01-10T22:23:05+00:00\",\"dateModified\":\"2026-01-15T14:21:30+00:00\",\"breadcrumb\":{\"@id\":\"https:\/\/asteralabs.org\/de\/product\/sex-hard-strong-mix-viagra-cialis-dapoxetine-hcl\/#breadcrumb\"},\"inLanguage\":\"de-DE\",\"potentialAction\":[{\"@type\":\"ReadAction\",\"target\":[\"https:\/\/asteralabs.org\/de\/product\/sex-hard-strong-mix-viagra-cialis-dapoxetine-hcl\/\"]}]},{\"@type\":\"ImageObject\",\"inLanguage\":\"de-DE\",\"@id\":\"https:\/\/asteralabs.org\/de\/product\/sex-hard-strong-mix-viagra-cialis-dapoxetine-hcl\/#primaryimage\",\"url\":\"https:\/\/asteralabs.org\/wp-content\/uploads\/2023\/01\/Sex-hard-strong-mix-mockup-nbg.png\",\"contentUrl\":\"https:\/\/asteralabs.org\/wp-content\/uploads\/2023\/01\/Sex-hard-strong-mix-mockup-nbg.png\",\"width\":2000,\"height\":2000},{\"@type\":\"BreadcrumbList\",\"@id\":\"https:\/\/asteralabs.org\/de\/product\/sex-hard-strong-mix-viagra-cialis-dapoxetine-hcl\/#breadcrumb\",\"itemListElement\":[{\"@type\":\"ListItem\",\"position\":1,\"name\":\"Home\",\"item\":\"https:\/\/asteralabs.org\/de\/\"},{\"@type\":\"ListItem\",\"position\":2,\"name\":\"Shop\",\"item\":\"https:\/\/asteralabs.org\/shop\/\"},{\"@type\":\"ListItem\",\"position\":3,\"name\":\"Sex Hard &amp; Strong Mix (Viagra + Cialis + Dapoxetine HCL)\"}]},{\"@type\":\"WebSite\",\"@id\":\"https:\/\/asteralabs.org\/de\/#website\",\"url\":\"https:\/\/asteralabs.org\/de\/\",\"name\":\"Astera Labs\",\"description\":\"Improve Your Quality Of Life\",\"publisher\":{\"@id\":\"https:\/\/asteralabs.org\/de\/#organization\"},\"potentialAction\":[{\"@type\":\"SearchAction\",\"target\":{\"@type\":\"EntryPoint\",\"urlTemplate\":\"https:\/\/asteralabs.org\/de\/?s={search_term_string}\"},\"query-input\":\"required name=search_term_string\"}],\"inLanguage\":\"de-DE\"},{\"@type\":\"Organization\",\"@id\":\"https:\/\/asteralabs.org\/de\/#organization\",\"name\":\"Astera Labs\",\"url\":\"https:\/\/asteralabs.org\/de\/\",\"logo\":{\"@type\":\"ImageObject\",\"inLanguage\":\"de-DE\",\"@id\":\"https:\/\/asteralabs.org\/de\/#\/schema\/logo\/image\/\",\"url\":\"https:\/\/asteralabs.org\/wp-content\/uploads\/2022\/12\/astera-2.png\",\"contentUrl\":\"https:\/\/asteralabs.org\/wp-content\/uploads\/2022\/12\/astera-2.png\",\"width\":437,\"height\":111,\"caption\":\"Astera Labs\"},\"image\":{\"@id\":\"https:\/\/asteralabs.org\/de\/#\/schema\/logo\/image\/\"}}]}<\/script>\n<!-- \/ Yoast SEO plugin. -->","yoast_head_json":{"title":"Sex Hard &amp; Strong Mix (Viagra + Cialis + Dapoxetine HCL) - Astera Labs","robots":{"index":"index","follow":"follow","max-snippet":"max-snippet:-1","max-image-preview":"max-image-preview:large","max-video-preview":"max-video-preview:-1"},"canonical":"https:\/\/asteralabs.org\/de\/product\/sex-hard-strong-mix-viagra-cialis-dapoxetine-hcl\/","og_locale":"de_DE","og_type":"article","og_title":"Sex Hard &amp; Strong Mix (Viagra + Cialis + Dapoxetine HCL) - Astera Labs","og_description":"DOSIERUNG: Sildenafil Citrate (Viagra) 50mg\/Tablette Tadalafil (Cialis) 20mg\/Tablette Dapoxetine HCL 30mg\/Tablette VERPACKUNGSINHALT: 1 P\u00e4ckchen, 100 Tabletten, 100 mg pro Tablette WORUM ES SICH HANDELT: Die Kombination von Viagra, Cialis und Dapoxetine wird Ihnen helfen, die beste sexuelle Leistung zu erzielen, die Sie sich w\u00fcnschen k\u00f6nnen. Die akute Wirkung von Viagra wird mit der lang anhaltenden&hellip;","og_url":"https:\/\/asteralabs.org\/de\/product\/sex-hard-strong-mix-viagra-cialis-dapoxetine-hcl\/","og_site_name":"Astera Labs","article_modified_time":"2026-01-15T14:21:30+00:00","og_image":[{"width":2000,"height":2000,"url":"https:\/\/asteralabs.org\/wp-content\/uploads\/2023\/01\/Sex-hard-strong-mix-mockup-nbg.png","type":"image\/png"}],"twitter_card":"summary_large_image","schema":{"@context":"https:\/\/schema.org","@graph":[{"@type":"WebPage","@id":"https:\/\/asteralabs.org\/de\/product\/sex-hard-strong-mix-viagra-cialis-dapoxetine-hcl\/","url":"https:\/\/asteralabs.org\/de\/product\/sex-hard-strong-mix-viagra-cialis-dapoxetine-hcl\/","name":"Sex Hard &amp; Strong Mix (Viagra + Cialis + Dapoxetine HCL) - Astera Labs","isPartOf":{"@id":"https:\/\/asteralabs.org\/de\/#website"},"primaryImageOfPage":{"@id":"https:\/\/asteralabs.org\/de\/product\/sex-hard-strong-mix-viagra-cialis-dapoxetine-hcl\/#primaryimage"},"image":{"@id":"https:\/\/asteralabs.org\/de\/product\/sex-hard-strong-mix-viagra-cialis-dapoxetine-hcl\/#primaryimage"},"thumbnailUrl":"https:\/\/asteralabs.org\/wp-content\/uploads\/2023\/01\/Sex-hard-strong-mix-mockup-nbg.png","datePublished":"2023-01-10T22:23:05+00:00","dateModified":"2026-01-15T14:21:30+00:00","breadcrumb":{"@id":"https:\/\/asteralabs.org\/de\/product\/sex-hard-strong-mix-viagra-cialis-dapoxetine-hcl\/#breadcrumb"},"inLanguage":"de-DE","potentialAction":[{"@type":"ReadAction","target":["https:\/\/asteralabs.org\/de\/product\/sex-hard-strong-mix-viagra-cialis-dapoxetine-hcl\/"]}]},{"@type":"ImageObject","inLanguage":"de-DE","@id":"https:\/\/asteralabs.org\/de\/product\/sex-hard-strong-mix-viagra-cialis-dapoxetine-hcl\/#primaryimage","url":"https:\/\/asteralabs.org\/wp-content\/uploads\/2023\/01\/Sex-hard-strong-mix-mockup-nbg.png","contentUrl":"https:\/\/asteralabs.org\/wp-content\/uploads\/2023\/01\/Sex-hard-strong-mix-mockup-nbg.png","width":2000,"height":2000},{"@type":"BreadcrumbList","@id":"https:\/\/asteralabs.org\/de\/product\/sex-hard-strong-mix-viagra-cialis-dapoxetine-hcl\/#breadcrumb","itemListElement":[{"@type":"ListItem","position":1,"name":"Home","item":"https:\/\/asteralabs.org\/de\/"},{"@type":"ListItem","position":2,"name":"Shop","item":"https:\/\/asteralabs.org\/shop\/"},{"@type":"ListItem","position":3,"name":"Sex Hard &amp; Strong Mix (Viagra + Cialis + Dapoxetine HCL)"}]},{"@type":"WebSite","@id":"https:\/\/asteralabs.org\/de\/#website","url":"https:\/\/asteralabs.org\/de\/","name":"Astera Labs","description":"Improve Your Quality Of Life","publisher":{"@id":"https:\/\/asteralabs.org\/de\/#organization"},"potentialAction":[{"@type":"SearchAction","target":{"@type":"EntryPoint","urlTemplate":"https:\/\/asteralabs.org\/de\/?s={search_term_string}"},"query-input":"required name=search_term_string"}],"inLanguage":"de-DE"},{"@type":"Organization","@id":"https:\/\/asteralabs.org\/de\/#organization","name":"Astera Labs","url":"https:\/\/asteralabs.org\/de\/","logo":{"@type":"ImageObject","inLanguage":"de-DE","@id":"https:\/\/asteralabs.org\/de\/#\/schema\/logo\/image\/","url":"https:\/\/asteralabs.org\/wp-content\/uploads\/2022\/12\/astera-2.png","contentUrl":"https:\/\/asteralabs.org\/wp-content\/uploads\/2022\/12\/astera-2.png","width":437,"height":111,"caption":"Astera Labs"},"image":{"@id":"https:\/\/asteralabs.org\/de\/#\/schema\/logo\/image\/"}}]}},"_links":{"self":[{"href":"https:\/\/asteralabs.org\/de\/wp-json\/wp\/v2\/product\/77747"}],"collection":[{"href":"https:\/\/asteralabs.org\/de\/wp-json\/wp\/v2\/product"}],"about":[{"href":"https:\/\/asteralabs.org\/de\/wp-json\/wp\/v2\/types\/product"}],"replies":[{"embeddable":true,"href":"https:\/\/asteralabs.org\/de\/wp-json\/wp\/v2\/comments?post=77747"}],"version-history":[{"count":4,"href":"https:\/\/asteralabs.org\/de\/wp-json\/wp\/v2\/product\/77747\/revisions"}],"predecessor-version":[{"id":80009,"href":"https:\/\/asteralabs.org\/de\/wp-json\/wp\/v2\/product\/77747\/revisions\/80009"}],"wp:featuredmedia":[{"embeddable":true,"href":"https:\/\/asteralabs.org\/de\/wp-json\/wp\/v2\/media\/76194"}],"wp:attachment":[{"href":"https:\/\/asteralabs.org\/de\/wp-json\/wp\/v2\/media?parent=77747"}],"wp:term":[{"taxonomy":"product_cat","embeddable":true,"href":"https:\/\/asteralabs.org\/de\/wp-json\/wp\/v2\/product_cat?post=77747"},{"taxonomy":"product_tag","embeddable":true,"href":"https:\/\/asteralabs.org\/de\/wp-json\/wp\/v2\/product_tag?post=77747"}],"curies":[{"name":"wp","href":"https:\/\/api.w.org\/{rel}","templated":true}]}}