{"id":77760,"date":"2023-01-10T22:19:43","date_gmt":"2023-01-10T22:19:43","guid":{"rendered":"https:\/\/asteralabs.org\/product\/mesterolon\/"},"modified":"2026-01-16T09:37:29","modified_gmt":"2026-01-16T09:37:29","slug":"mesterolon","status":"publish","type":"product","link":"https:\/\/asteralabs.org\/de\/product\/mesterolon\/","title":{"rendered":"Mesterolon"},"content":{"rendered":"<p><strong>DOSIERUNG: <\/strong><br \/>\nMesterolon 50mg\/Tablette <strong>PACKUNGSINHALT: <\/strong><br \/>\n1 Riegel, 50Tabletten, 50 mg pro Tablette <strong>WAS IST ES: <\/strong><br \/>\nMesterolon ist ein androgenes und anaboles Steroid, das zur Behandlung von Androgenmangel und zur Unterst\u00fctzung der m\u00e4nnlichen Fruchtbarkeit eingesetzt wird. Es wurde auch zur Behandlung der verz\u00f6gerten Pubert\u00e4t bei Jungen verwendet. Da es keine \u00f6strogene Wirkung hat, kann Mesterolon zur Behandlung von F\u00e4llen von Androgenmangel eingesetzt werden, bei denen auch eine Gyn\u00e4komastie vorliegt. <strong>ANWENDUNG: <\/strong><br \/>\nAm h\u00e4ufigsten wird Mesterolon zur Unterst\u00fctzung der Androgenproduktion verwendet, um die Libido zu steigern, mehr Fett zu verbrennen oder die Nebenwirkungen anderer Substanzen wie Nandrolon zu vermeiden. Die Dosen variieren je nach Bedarf, wobei 50-100mg am h\u00e4ufigsten verwendet werden. Ich empfehle, die Dosis in zwei Tagesdosen aufzuteilen. Proviron ist in der Regel frei von ernsthaften Nebenwirkungen. <strong>BATCH INFORMATIONEN:<br \/>\n<\/strong>Chargennummer: <span data-sheets-root=\"1\" data-sheets-value=\"{\" data-sheets-userformat=\"{\">GZ77347<\/span><br \/>\nHerstellungsdatum: <span data-sheets-root=\"1\" data-sheets-value=\"{\" data-sheets-userformat=\"{\">10.2025.<\/span><br \/>\nVerfallsdatum: <span data-sheets-root=\"1\" data-sheets-value=\"{\" data-sheets-userformat=\"{\">10.2028.<\/span><\/p>\n","protected":false},"excerpt":{"rendered":"<p>DOSIERUNG: Mesterolon 50mg\/Tablette PACKUNGSINHALT: 1 Riegel, 50Tabletten, 50 mg pro Tablette WAS IST ES: Mesterolon ist ein androgenes und anaboles Steroid, das zur Behandlung von Androgenmangel und zur Unterst\u00fctzung der m\u00e4nnlichen Fruchtbarkeit eingesetzt wird. Es wurde auch zur Behandlung der verz\u00f6gerten Pubert\u00e4t bei Jungen verwendet. Da es keine \u00f6strogene Wirkung hat, kann Mesterolon zur Behandlung&hellip;<\/p>\n","protected":false},"featured_media":76274,"comment_status":"open","ping_status":"closed","template":"","meta":[],"product_cat":[156,175],"product_tag":[],"yoast_head":"<!-- This site is optimized with the Yoast SEO plugin v23.0 - https:\/\/yoast.com\/wordpress\/plugins\/seo\/ -->\n<title>Mesterolon - Astera Labs<\/title>\n<meta name=\"robots\" content=\"index, follow, max-snippet:-1, max-image-preview:large, max-video-preview:-1\" \/>\n<link rel=\"canonical\" href=\"https:\/\/asteralabs.org\/de\/product\/mesterolon\/\" \/>\n<meta property=\"og:locale\" content=\"de_DE\" \/>\n<meta property=\"og:type\" content=\"article\" \/>\n<meta property=\"og:title\" content=\"Mesterolon - Astera Labs\" \/>\n<meta property=\"og:description\" content=\"DOSIERUNG: Mesterolon 50mg\/Tablette PACKUNGSINHALT: 1 Riegel, 50Tabletten, 50 mg pro Tablette WAS IST ES: Mesterolon ist ein androgenes und anaboles Steroid, das zur Behandlung von Androgenmangel und zur Unterst\u00fctzung der m\u00e4nnlichen Fruchtbarkeit eingesetzt wird. Es wurde auch zur Behandlung der verz\u00f6gerten Pubert\u00e4t bei Jungen verwendet. Da es keine \u00f6strogene Wirkung hat, kann Mesterolon zur Behandlung&hellip;\" \/>\n<meta property=\"og:url\" content=\"https:\/\/asteralabs.org\/de\/product\/mesterolon\/\" \/>\n<meta property=\"og:site_name\" content=\"Astera Labs\" \/>\n<meta property=\"article:modified_time\" content=\"2026-01-16T09:37:29+00:00\" \/>\n<meta property=\"og:image\" content=\"https:\/\/asteralabs.org\/wp-content\/uploads\/2023\/01\/Mesterolone-mockup-nbg.png\" \/>\n\t<meta property=\"og:image:width\" content=\"2000\" \/>\n\t<meta property=\"og:image:height\" content=\"2000\" \/>\n\t<meta property=\"og:image:type\" content=\"image\/png\" \/>\n<meta name=\"twitter:card\" content=\"summary_large_image\" \/>\n<script type=\"application\/ld+json\" class=\"yoast-schema-graph\">{\"@context\":\"https:\/\/schema.org\",\"@graph\":[{\"@type\":\"WebPage\",\"@id\":\"https:\/\/asteralabs.org\/de\/product\/mesterolon\/\",\"url\":\"https:\/\/asteralabs.org\/de\/product\/mesterolon\/\",\"name\":\"Mesterolon - Astera Labs\",\"isPartOf\":{\"@id\":\"https:\/\/asteralabs.org\/de\/#website\"},\"primaryImageOfPage\":{\"@id\":\"https:\/\/asteralabs.org\/de\/product\/mesterolon\/#primaryimage\"},\"image\":{\"@id\":\"https:\/\/asteralabs.org\/de\/product\/mesterolon\/#primaryimage\"},\"thumbnailUrl\":\"https:\/\/asteralabs.org\/wp-content\/uploads\/2023\/01\/Mesterolone-mockup-nbg.png\",\"datePublished\":\"2023-01-10T22:19:43+00:00\",\"dateModified\":\"2026-01-16T09:37:29+00:00\",\"breadcrumb\":{\"@id\":\"https:\/\/asteralabs.org\/de\/product\/mesterolon\/#breadcrumb\"},\"inLanguage\":\"de-DE\",\"potentialAction\":[{\"@type\":\"ReadAction\",\"target\":[\"https:\/\/asteralabs.org\/de\/product\/mesterolon\/\"]}]},{\"@type\":\"ImageObject\",\"inLanguage\":\"de-DE\",\"@id\":\"https:\/\/asteralabs.org\/de\/product\/mesterolon\/#primaryimage\",\"url\":\"https:\/\/asteralabs.org\/wp-content\/uploads\/2023\/01\/Mesterolone-mockup-nbg.png\",\"contentUrl\":\"https:\/\/asteralabs.org\/wp-content\/uploads\/2023\/01\/Mesterolone-mockup-nbg.png\",\"width\":2000,\"height\":2000},{\"@type\":\"BreadcrumbList\",\"@id\":\"https:\/\/asteralabs.org\/de\/product\/mesterolon\/#breadcrumb\",\"itemListElement\":[{\"@type\":\"ListItem\",\"position\":1,\"name\":\"Home\",\"item\":\"https:\/\/asteralabs.org\/de\/\"},{\"@type\":\"ListItem\",\"position\":2,\"name\":\"Shop\",\"item\":\"https:\/\/asteralabs.org\/shop\/\"},{\"@type\":\"ListItem\",\"position\":3,\"name\":\"Mesterolon\"}]},{\"@type\":\"WebSite\",\"@id\":\"https:\/\/asteralabs.org\/de\/#website\",\"url\":\"https:\/\/asteralabs.org\/de\/\",\"name\":\"Astera Labs\",\"description\":\"Improve Your Quality Of Life\",\"publisher\":{\"@id\":\"https:\/\/asteralabs.org\/de\/#organization\"},\"potentialAction\":[{\"@type\":\"SearchAction\",\"target\":{\"@type\":\"EntryPoint\",\"urlTemplate\":\"https:\/\/asteralabs.org\/de\/?s={search_term_string}\"},\"query-input\":\"required name=search_term_string\"}],\"inLanguage\":\"de-DE\"},{\"@type\":\"Organization\",\"@id\":\"https:\/\/asteralabs.org\/de\/#organization\",\"name\":\"Astera Labs\",\"url\":\"https:\/\/asteralabs.org\/de\/\",\"logo\":{\"@type\":\"ImageObject\",\"inLanguage\":\"de-DE\",\"@id\":\"https:\/\/asteralabs.org\/de\/#\/schema\/logo\/image\/\",\"url\":\"https:\/\/asteralabs.org\/wp-content\/uploads\/2022\/12\/astera-2.png\",\"contentUrl\":\"https:\/\/asteralabs.org\/wp-content\/uploads\/2022\/12\/astera-2.png\",\"width\":437,\"height\":111,\"caption\":\"Astera Labs\"},\"image\":{\"@id\":\"https:\/\/asteralabs.org\/de\/#\/schema\/logo\/image\/\"}}]}<\/script>\n<!-- \/ Yoast SEO plugin. -->","yoast_head_json":{"title":"Mesterolon - Astera Labs","robots":{"index":"index","follow":"follow","max-snippet":"max-snippet:-1","max-image-preview":"max-image-preview:large","max-video-preview":"max-video-preview:-1"},"canonical":"https:\/\/asteralabs.org\/de\/product\/mesterolon\/","og_locale":"de_DE","og_type":"article","og_title":"Mesterolon - Astera Labs","og_description":"DOSIERUNG: Mesterolon 50mg\/Tablette PACKUNGSINHALT: 1 Riegel, 50Tabletten, 50 mg pro Tablette WAS IST ES: Mesterolon ist ein androgenes und anaboles Steroid, das zur Behandlung von Androgenmangel und zur Unterst\u00fctzung der m\u00e4nnlichen Fruchtbarkeit eingesetzt wird. Es wurde auch zur Behandlung der verz\u00f6gerten Pubert\u00e4t bei Jungen verwendet. Da es keine \u00f6strogene Wirkung hat, kann Mesterolon zur Behandlung&hellip;","og_url":"https:\/\/asteralabs.org\/de\/product\/mesterolon\/","og_site_name":"Astera Labs","article_modified_time":"2026-01-16T09:37:29+00:00","og_image":[{"width":2000,"height":2000,"url":"https:\/\/asteralabs.org\/wp-content\/uploads\/2023\/01\/Mesterolone-mockup-nbg.png","type":"image\/png"}],"twitter_card":"summary_large_image","schema":{"@context":"https:\/\/schema.org","@graph":[{"@type":"WebPage","@id":"https:\/\/asteralabs.org\/de\/product\/mesterolon\/","url":"https:\/\/asteralabs.org\/de\/product\/mesterolon\/","name":"Mesterolon - Astera Labs","isPartOf":{"@id":"https:\/\/asteralabs.org\/de\/#website"},"primaryImageOfPage":{"@id":"https:\/\/asteralabs.org\/de\/product\/mesterolon\/#primaryimage"},"image":{"@id":"https:\/\/asteralabs.org\/de\/product\/mesterolon\/#primaryimage"},"thumbnailUrl":"https:\/\/asteralabs.org\/wp-content\/uploads\/2023\/01\/Mesterolone-mockup-nbg.png","datePublished":"2023-01-10T22:19:43+00:00","dateModified":"2026-01-16T09:37:29+00:00","breadcrumb":{"@id":"https:\/\/asteralabs.org\/de\/product\/mesterolon\/#breadcrumb"},"inLanguage":"de-DE","potentialAction":[{"@type":"ReadAction","target":["https:\/\/asteralabs.org\/de\/product\/mesterolon\/"]}]},{"@type":"ImageObject","inLanguage":"de-DE","@id":"https:\/\/asteralabs.org\/de\/product\/mesterolon\/#primaryimage","url":"https:\/\/asteralabs.org\/wp-content\/uploads\/2023\/01\/Mesterolone-mockup-nbg.png","contentUrl":"https:\/\/asteralabs.org\/wp-content\/uploads\/2023\/01\/Mesterolone-mockup-nbg.png","width":2000,"height":2000},{"@type":"BreadcrumbList","@id":"https:\/\/asteralabs.org\/de\/product\/mesterolon\/#breadcrumb","itemListElement":[{"@type":"ListItem","position":1,"name":"Home","item":"https:\/\/asteralabs.org\/de\/"},{"@type":"ListItem","position":2,"name":"Shop","item":"https:\/\/asteralabs.org\/shop\/"},{"@type":"ListItem","position":3,"name":"Mesterolon"}]},{"@type":"WebSite","@id":"https:\/\/asteralabs.org\/de\/#website","url":"https:\/\/asteralabs.org\/de\/","name":"Astera Labs","description":"Improve Your Quality Of Life","publisher":{"@id":"https:\/\/asteralabs.org\/de\/#organization"},"potentialAction":[{"@type":"SearchAction","target":{"@type":"EntryPoint","urlTemplate":"https:\/\/asteralabs.org\/de\/?s={search_term_string}"},"query-input":"required name=search_term_string"}],"inLanguage":"de-DE"},{"@type":"Organization","@id":"https:\/\/asteralabs.org\/de\/#organization","name":"Astera Labs","url":"https:\/\/asteralabs.org\/de\/","logo":{"@type":"ImageObject","inLanguage":"de-DE","@id":"https:\/\/asteralabs.org\/de\/#\/schema\/logo\/image\/","url":"https:\/\/asteralabs.org\/wp-content\/uploads\/2022\/12\/astera-2.png","contentUrl":"https:\/\/asteralabs.org\/wp-content\/uploads\/2022\/12\/astera-2.png","width":437,"height":111,"caption":"Astera Labs"},"image":{"@id":"https:\/\/asteralabs.org\/de\/#\/schema\/logo\/image\/"}}]}},"_links":{"self":[{"href":"https:\/\/asteralabs.org\/de\/wp-json\/wp\/v2\/product\/77760"}],"collection":[{"href":"https:\/\/asteralabs.org\/de\/wp-json\/wp\/v2\/product"}],"about":[{"href":"https:\/\/asteralabs.org\/de\/wp-json\/wp\/v2\/types\/product"}],"replies":[{"embeddable":true,"href":"https:\/\/asteralabs.org\/de\/wp-json\/wp\/v2\/comments?post=77760"}],"version-history":[{"count":0,"href":"https:\/\/asteralabs.org\/de\/wp-json\/wp\/v2\/product\/77760\/revisions"}],"wp:featuredmedia":[{"embeddable":true,"href":"https:\/\/asteralabs.org\/de\/wp-json\/wp\/v2\/media\/76274"}],"wp:attachment":[{"href":"https:\/\/asteralabs.org\/de\/wp-json\/wp\/v2\/media?parent=77760"}],"wp:term":[{"taxonomy":"product_cat","embeddable":true,"href":"https:\/\/asteralabs.org\/de\/wp-json\/wp\/v2\/product_cat?post=77760"},{"taxonomy":"product_tag","embeddable":true,"href":"https:\/\/asteralabs.org\/de\/wp-json\/wp\/v2\/product_tag?post=77760"}],"curies":[{"name":"wp","href":"https:\/\/api.w.org\/{rel}","templated":true}]}}