{"id":77766,"date":"2023-01-10T22:15:19","date_gmt":"2023-01-10T22:15:19","guid":{"rendered":"https:\/\/asteralabs.org\/product\/dapoxetin-hcl\/"},"modified":"2026-01-16T08:57:22","modified_gmt":"2026-01-16T08:57:22","slug":"dapoxetin-hcl","status":"publish","type":"product","link":"https:\/\/asteralabs.org\/de\/product\/dapoxetin-hcl\/","title":{"rendered":"Dapoxetin HCL"},"content":{"rendered":"<p><strong>DOSIERUNG: <\/strong><br \/>\nDapoxetin HCL 60mg\/Tablette <strong>VERPACKUNGSINHALT: <\/strong><br \/>\n1 Riegel, 50Tabletten, 60 mg pro Tablette <strong>WAS IST ES: <\/strong><br \/>\nDapoxetin ist ein Medikament zur Behandlung der vorzeitigen Ejakulation.<br \/>\nEs ist ein kurz wirksamer selektiver Serotonin-Wiederaufnahmehemmer. <strong>ANWENDUNG: <\/strong><br \/>\nDie Tagesdosis variiert zwischen 30 und 60 mg. Es ist ratsam, die Dosis je nach den Nebenwirkungen und der gew\u00fcnschten Wirkung anzupassen. Es ist ratsam, das Pr\u00e4parat eine Stunde vor Beginn der sexuellen Aktivit\u00e4t einzunehmen. Es wird empfohlen, eine Tagesdosis von 60 mg nicht zu \u00fcberschreiten und das Pr\u00e4parat nur einmal am Tag und nicht jeden Tag einzunehmen.<\/p>\n<p><strong>BATCH INFORMATIONEN:<br \/>\n<\/strong>Chargennummer: <span data-sheets-root=\"1\" data-sheets-value=\"{\" data-sheets-userformat=\"{\">MD24826<\/span><br \/>\nHerstellungsdatum: <span data-sheets-root=\"1\" data-sheets-value=\"{\" data-sheets-userformat=\"{\">10.2025.<\/span><br \/>\nVerfallsdatum: <span data-sheets-root=\"1\" data-sheets-value=\"{\" data-sheets-userformat=\"{\">10.2028.<\/span><\/p>\n","protected":false},"excerpt":{"rendered":"<p>DOSIERUNG: Dapoxetin HCL 60mg\/Tablette VERPACKUNGSINHALT: 1 Riegel, 50Tabletten, 60 mg pro Tablette WAS IST ES: Dapoxetin ist ein Medikament zur Behandlung der vorzeitigen Ejakulation. Es ist ein kurz wirksamer selektiver Serotonin-Wiederaufnahmehemmer. ANWENDUNG: Die Tagesdosis variiert zwischen 30 und 60 mg. Es ist ratsam, die Dosis je nach den Nebenwirkungen und der gew\u00fcnschten Wirkung anzupassen. Es&hellip;<\/p>\n","protected":false},"featured_media":76242,"comment_status":"open","ping_status":"closed","template":"","meta":[],"product_cat":[156,175],"product_tag":[],"yoast_head":"<!-- This site is optimized with the Yoast SEO plugin v23.0 - https:\/\/yoast.com\/wordpress\/plugins\/seo\/ -->\n<title>Dapoxetin HCL - Astera Labs<\/title>\n<meta name=\"robots\" content=\"index, follow, max-snippet:-1, max-image-preview:large, max-video-preview:-1\" \/>\n<link rel=\"canonical\" href=\"https:\/\/asteralabs.org\/de\/product\/dapoxetin-hcl\/\" \/>\n<meta property=\"og:locale\" content=\"de_DE\" \/>\n<meta property=\"og:type\" content=\"article\" \/>\n<meta property=\"og:title\" content=\"Dapoxetin HCL - Astera Labs\" \/>\n<meta property=\"og:description\" content=\"DOSIERUNG: Dapoxetin HCL 60mg\/Tablette VERPACKUNGSINHALT: 1 Riegel, 50Tabletten, 60 mg pro Tablette WAS IST ES: Dapoxetin ist ein Medikament zur Behandlung der vorzeitigen Ejakulation. Es ist ein kurz wirksamer selektiver Serotonin-Wiederaufnahmehemmer. ANWENDUNG: Die Tagesdosis variiert zwischen 30 und 60 mg. Es ist ratsam, die Dosis je nach den Nebenwirkungen und der gew\u00fcnschten Wirkung anzupassen. Es&hellip;\" \/>\n<meta property=\"og:url\" content=\"https:\/\/asteralabs.org\/de\/product\/dapoxetin-hcl\/\" \/>\n<meta property=\"og:site_name\" content=\"Astera Labs\" \/>\n<meta property=\"article:modified_time\" content=\"2026-01-16T08:57:22+00:00\" \/>\n<meta property=\"og:image\" content=\"https:\/\/asteralabs.org\/wp-content\/uploads\/2023\/01\/Dapoxetine-HCL-mockup-nbg.png\" \/>\n\t<meta property=\"og:image:width\" content=\"2000\" \/>\n\t<meta property=\"og:image:height\" content=\"2000\" \/>\n\t<meta property=\"og:image:type\" content=\"image\/png\" \/>\n<meta name=\"twitter:card\" content=\"summary_large_image\" \/>\n<script type=\"application\/ld+json\" class=\"yoast-schema-graph\">{\"@context\":\"https:\/\/schema.org\",\"@graph\":[{\"@type\":\"WebPage\",\"@id\":\"https:\/\/asteralabs.org\/de\/product\/dapoxetin-hcl\/\",\"url\":\"https:\/\/asteralabs.org\/de\/product\/dapoxetin-hcl\/\",\"name\":\"Dapoxetin HCL - Astera Labs\",\"isPartOf\":{\"@id\":\"https:\/\/asteralabs.org\/de\/#website\"},\"primaryImageOfPage\":{\"@id\":\"https:\/\/asteralabs.org\/de\/product\/dapoxetin-hcl\/#primaryimage\"},\"image\":{\"@id\":\"https:\/\/asteralabs.org\/de\/product\/dapoxetin-hcl\/#primaryimage\"},\"thumbnailUrl\":\"https:\/\/asteralabs.org\/wp-content\/uploads\/2023\/01\/Dapoxetine-HCL-mockup-nbg.png\",\"datePublished\":\"2023-01-10T22:15:19+00:00\",\"dateModified\":\"2026-01-16T08:57:22+00:00\",\"breadcrumb\":{\"@id\":\"https:\/\/asteralabs.org\/de\/product\/dapoxetin-hcl\/#breadcrumb\"},\"inLanguage\":\"de-DE\",\"potentialAction\":[{\"@type\":\"ReadAction\",\"target\":[\"https:\/\/asteralabs.org\/de\/product\/dapoxetin-hcl\/\"]}]},{\"@type\":\"ImageObject\",\"inLanguage\":\"de-DE\",\"@id\":\"https:\/\/asteralabs.org\/de\/product\/dapoxetin-hcl\/#primaryimage\",\"url\":\"https:\/\/asteralabs.org\/wp-content\/uploads\/2023\/01\/Dapoxetine-HCL-mockup-nbg.png\",\"contentUrl\":\"https:\/\/asteralabs.org\/wp-content\/uploads\/2023\/01\/Dapoxetine-HCL-mockup-nbg.png\",\"width\":2000,\"height\":2000},{\"@type\":\"BreadcrumbList\",\"@id\":\"https:\/\/asteralabs.org\/de\/product\/dapoxetin-hcl\/#breadcrumb\",\"itemListElement\":[{\"@type\":\"ListItem\",\"position\":1,\"name\":\"Home\",\"item\":\"https:\/\/asteralabs.org\/de\/\"},{\"@type\":\"ListItem\",\"position\":2,\"name\":\"Shop\",\"item\":\"https:\/\/asteralabs.org\/shop\/\"},{\"@type\":\"ListItem\",\"position\":3,\"name\":\"Dapoxetin HCL\"}]},{\"@type\":\"WebSite\",\"@id\":\"https:\/\/asteralabs.org\/de\/#website\",\"url\":\"https:\/\/asteralabs.org\/de\/\",\"name\":\"Astera Labs\",\"description\":\"Improve Your Quality Of Life\",\"publisher\":{\"@id\":\"https:\/\/asteralabs.org\/de\/#organization\"},\"potentialAction\":[{\"@type\":\"SearchAction\",\"target\":{\"@type\":\"EntryPoint\",\"urlTemplate\":\"https:\/\/asteralabs.org\/de\/?s={search_term_string}\"},\"query-input\":\"required name=search_term_string\"}],\"inLanguage\":\"de-DE\"},{\"@type\":\"Organization\",\"@id\":\"https:\/\/asteralabs.org\/de\/#organization\",\"name\":\"Astera Labs\",\"url\":\"https:\/\/asteralabs.org\/de\/\",\"logo\":{\"@type\":\"ImageObject\",\"inLanguage\":\"de-DE\",\"@id\":\"https:\/\/asteralabs.org\/de\/#\/schema\/logo\/image\/\",\"url\":\"https:\/\/asteralabs.org\/wp-content\/uploads\/2022\/12\/astera-2.png\",\"contentUrl\":\"https:\/\/asteralabs.org\/wp-content\/uploads\/2022\/12\/astera-2.png\",\"width\":437,\"height\":111,\"caption\":\"Astera Labs\"},\"image\":{\"@id\":\"https:\/\/asteralabs.org\/de\/#\/schema\/logo\/image\/\"}}]}<\/script>\n<!-- \/ Yoast SEO plugin. -->","yoast_head_json":{"title":"Dapoxetin HCL - Astera Labs","robots":{"index":"index","follow":"follow","max-snippet":"max-snippet:-1","max-image-preview":"max-image-preview:large","max-video-preview":"max-video-preview:-1"},"canonical":"https:\/\/asteralabs.org\/de\/product\/dapoxetin-hcl\/","og_locale":"de_DE","og_type":"article","og_title":"Dapoxetin HCL - Astera Labs","og_description":"DOSIERUNG: Dapoxetin HCL 60mg\/Tablette VERPACKUNGSINHALT: 1 Riegel, 50Tabletten, 60 mg pro Tablette WAS IST ES: Dapoxetin ist ein Medikament zur Behandlung der vorzeitigen Ejakulation. Es ist ein kurz wirksamer selektiver Serotonin-Wiederaufnahmehemmer. ANWENDUNG: Die Tagesdosis variiert zwischen 30 und 60 mg. Es ist ratsam, die Dosis je nach den Nebenwirkungen und der gew\u00fcnschten Wirkung anzupassen. Es&hellip;","og_url":"https:\/\/asteralabs.org\/de\/product\/dapoxetin-hcl\/","og_site_name":"Astera Labs","article_modified_time":"2026-01-16T08:57:22+00:00","og_image":[{"width":2000,"height":2000,"url":"https:\/\/asteralabs.org\/wp-content\/uploads\/2023\/01\/Dapoxetine-HCL-mockup-nbg.png","type":"image\/png"}],"twitter_card":"summary_large_image","schema":{"@context":"https:\/\/schema.org","@graph":[{"@type":"WebPage","@id":"https:\/\/asteralabs.org\/de\/product\/dapoxetin-hcl\/","url":"https:\/\/asteralabs.org\/de\/product\/dapoxetin-hcl\/","name":"Dapoxetin HCL - Astera Labs","isPartOf":{"@id":"https:\/\/asteralabs.org\/de\/#website"},"primaryImageOfPage":{"@id":"https:\/\/asteralabs.org\/de\/product\/dapoxetin-hcl\/#primaryimage"},"image":{"@id":"https:\/\/asteralabs.org\/de\/product\/dapoxetin-hcl\/#primaryimage"},"thumbnailUrl":"https:\/\/asteralabs.org\/wp-content\/uploads\/2023\/01\/Dapoxetine-HCL-mockup-nbg.png","datePublished":"2023-01-10T22:15:19+00:00","dateModified":"2026-01-16T08:57:22+00:00","breadcrumb":{"@id":"https:\/\/asteralabs.org\/de\/product\/dapoxetin-hcl\/#breadcrumb"},"inLanguage":"de-DE","potentialAction":[{"@type":"ReadAction","target":["https:\/\/asteralabs.org\/de\/product\/dapoxetin-hcl\/"]}]},{"@type":"ImageObject","inLanguage":"de-DE","@id":"https:\/\/asteralabs.org\/de\/product\/dapoxetin-hcl\/#primaryimage","url":"https:\/\/asteralabs.org\/wp-content\/uploads\/2023\/01\/Dapoxetine-HCL-mockup-nbg.png","contentUrl":"https:\/\/asteralabs.org\/wp-content\/uploads\/2023\/01\/Dapoxetine-HCL-mockup-nbg.png","width":2000,"height":2000},{"@type":"BreadcrumbList","@id":"https:\/\/asteralabs.org\/de\/product\/dapoxetin-hcl\/#breadcrumb","itemListElement":[{"@type":"ListItem","position":1,"name":"Home","item":"https:\/\/asteralabs.org\/de\/"},{"@type":"ListItem","position":2,"name":"Shop","item":"https:\/\/asteralabs.org\/shop\/"},{"@type":"ListItem","position":3,"name":"Dapoxetin HCL"}]},{"@type":"WebSite","@id":"https:\/\/asteralabs.org\/de\/#website","url":"https:\/\/asteralabs.org\/de\/","name":"Astera Labs","description":"Improve Your Quality Of Life","publisher":{"@id":"https:\/\/asteralabs.org\/de\/#organization"},"potentialAction":[{"@type":"SearchAction","target":{"@type":"EntryPoint","urlTemplate":"https:\/\/asteralabs.org\/de\/?s={search_term_string}"},"query-input":"required name=search_term_string"}],"inLanguage":"de-DE"},{"@type":"Organization","@id":"https:\/\/asteralabs.org\/de\/#organization","name":"Astera Labs","url":"https:\/\/asteralabs.org\/de\/","logo":{"@type":"ImageObject","inLanguage":"de-DE","@id":"https:\/\/asteralabs.org\/de\/#\/schema\/logo\/image\/","url":"https:\/\/asteralabs.org\/wp-content\/uploads\/2022\/12\/astera-2.png","contentUrl":"https:\/\/asteralabs.org\/wp-content\/uploads\/2022\/12\/astera-2.png","width":437,"height":111,"caption":"Astera Labs"},"image":{"@id":"https:\/\/asteralabs.org\/de\/#\/schema\/logo\/image\/"}}]}},"_links":{"self":[{"href":"https:\/\/asteralabs.org\/de\/wp-json\/wp\/v2\/product\/77766"}],"collection":[{"href":"https:\/\/asteralabs.org\/de\/wp-json\/wp\/v2\/product"}],"about":[{"href":"https:\/\/asteralabs.org\/de\/wp-json\/wp\/v2\/types\/product"}],"replies":[{"embeddable":true,"href":"https:\/\/asteralabs.org\/de\/wp-json\/wp\/v2\/comments?post=77766"}],"version-history":[{"count":0,"href":"https:\/\/asteralabs.org\/de\/wp-json\/wp\/v2\/product\/77766\/revisions"}],"wp:featuredmedia":[{"embeddable":true,"href":"https:\/\/asteralabs.org\/de\/wp-json\/wp\/v2\/media\/76242"}],"wp:attachment":[{"href":"https:\/\/asteralabs.org\/de\/wp-json\/wp\/v2\/media?parent=77766"}],"wp:term":[{"taxonomy":"product_cat","embeddable":true,"href":"https:\/\/asteralabs.org\/de\/wp-json\/wp\/v2\/product_cat?post=77766"},{"taxonomy":"product_tag","embeddable":true,"href":"https:\/\/asteralabs.org\/de\/wp-json\/wp\/v2\/product_tag?post=77766"}],"curies":[{"name":"wp","href":"https:\/\/api.w.org\/{rel}","templated":true}]}}