{"id":77782,"date":"2023-01-10T22:11:50","date_gmt":"2023-01-10T22:11:50","guid":{"rendered":"https:\/\/asteralabs.org\/product\/cabergolin\/"},"modified":"2026-01-16T08:18:51","modified_gmt":"2026-01-16T08:18:51","slug":"cabergolin","status":"publish","type":"product","link":"https:\/\/asteralabs.org\/de\/product\/cabergolin\/","title":{"rendered":"Cabergolin"},"content":{"rendered":"<p><strong>DOSIERUNG: <\/strong><br \/>\nCabergolin 0,25mg\/Tablette <strong>PACKUNGSINHALT: <\/strong><br \/>\n1 Riegel, 50 Tabletten, 0,25mg pro Tablette <strong>WAS IST ES: <\/strong><br \/>\nCabergolin ist ein dopaminerges Medikament, das zur Behandlung von hohen Prolaktinwerten, Prolaktinomen, der Parkinson-Krankheit und f\u00fcr andere Indikationen eingesetzt wird. Es wird durch den Mund eingenommen. Cabergolin ist ein Mutterkornderivat und ein starker Dopamin-D2-Rezeptor-Agonist. <strong>ANWENDUNG: <\/strong><br \/>\nWir empfehlen Ihnen, die niedrigstm\u00f6gliche Dosis einzunehmen. 0,25 mg pro Woche sind ausreichend, in manchen F\u00e4llen k\u00f6nnen 0,5 mg die richtige Dosis sein. <strong>Chargeninformationen:<br \/>\n<\/strong>Chargennummer: <span data-sheets-root=\"1\" data-sheets-value=\"{\" data-sheets-userformat=\"{\">DM22695<\/span><br \/>\nHerstellungsdatum: <span data-sheets-root=\"1\" data-sheets-value=\"{\" data-sheets-userformat=\"{\">10.2025.<\/span><br \/>\nVerfallsdatum: <span data-sheets-root=\"1\" data-sheets-value=\"{\" data-sheets-userformat=\"{\">10.2028.<\/span><\/p>\n","protected":false},"excerpt":{"rendered":"<p>DOSIERUNG: Cabergolin 0,25mg\/Tablette PACKUNGSINHALT: 1 Riegel, 50 Tabletten, 0,25mg pro Tablette WAS IST ES: Cabergolin ist ein dopaminerges Medikament, das zur Behandlung von hohen Prolaktinwerten, Prolaktinomen, der Parkinson-Krankheit und f\u00fcr andere Indikationen eingesetzt wird. Es wird durch den Mund eingenommen. Cabergolin ist ein Mutterkornderivat und ein starker Dopamin-D2-Rezeptor-Agonist. ANWENDUNG: Wir empfehlen Ihnen, die niedrigstm\u00f6gliche Dosis&hellip;<\/p>\n","protected":false},"featured_media":76218,"comment_status":"open","ping_status":"closed","template":"","meta":[],"product_cat":[156,175],"product_tag":[],"yoast_head":"<!-- This site is optimized with the Yoast SEO plugin v23.0 - https:\/\/yoast.com\/wordpress\/plugins\/seo\/ -->\n<title>Cabergolin - Astera Labs<\/title>\n<meta name=\"robots\" content=\"index, follow, max-snippet:-1, max-image-preview:large, max-video-preview:-1\" \/>\n<link rel=\"canonical\" href=\"https:\/\/asteralabs.org\/de\/product\/cabergolin\/\" \/>\n<meta property=\"og:locale\" content=\"de_DE\" \/>\n<meta property=\"og:type\" content=\"article\" \/>\n<meta property=\"og:title\" content=\"Cabergolin - Astera Labs\" \/>\n<meta property=\"og:description\" content=\"DOSIERUNG: Cabergolin 0,25mg\/Tablette PACKUNGSINHALT: 1 Riegel, 50 Tabletten, 0,25mg pro Tablette WAS IST ES: Cabergolin ist ein dopaminerges Medikament, das zur Behandlung von hohen Prolaktinwerten, Prolaktinomen, der Parkinson-Krankheit und f\u00fcr andere Indikationen eingesetzt wird. Es wird durch den Mund eingenommen. Cabergolin ist ein Mutterkornderivat und ein starker Dopamin-D2-Rezeptor-Agonist. ANWENDUNG: Wir empfehlen Ihnen, die niedrigstm\u00f6gliche Dosis&hellip;\" \/>\n<meta property=\"og:url\" content=\"https:\/\/asteralabs.org\/de\/product\/cabergolin\/\" \/>\n<meta property=\"og:site_name\" content=\"Astera Labs\" \/>\n<meta property=\"article:modified_time\" content=\"2026-01-16T08:18:51+00:00\" \/>\n<meta property=\"og:image\" content=\"https:\/\/asteralabs.org\/wp-content\/uploads\/2023\/01\/Cabergoline-mockup-nbg.png\" \/>\n\t<meta property=\"og:image:width\" content=\"2000\" \/>\n\t<meta property=\"og:image:height\" content=\"2000\" \/>\n\t<meta property=\"og:image:type\" content=\"image\/png\" \/>\n<meta name=\"twitter:card\" content=\"summary_large_image\" \/>\n<script type=\"application\/ld+json\" class=\"yoast-schema-graph\">{\"@context\":\"https:\/\/schema.org\",\"@graph\":[{\"@type\":\"WebPage\",\"@id\":\"https:\/\/asteralabs.org\/de\/product\/cabergolin\/\",\"url\":\"https:\/\/asteralabs.org\/de\/product\/cabergolin\/\",\"name\":\"Cabergolin - Astera Labs\",\"isPartOf\":{\"@id\":\"https:\/\/asteralabs.org\/de\/#website\"},\"primaryImageOfPage\":{\"@id\":\"https:\/\/asteralabs.org\/de\/product\/cabergolin\/#primaryimage\"},\"image\":{\"@id\":\"https:\/\/asteralabs.org\/de\/product\/cabergolin\/#primaryimage\"},\"thumbnailUrl\":\"https:\/\/asteralabs.org\/wp-content\/uploads\/2023\/01\/Cabergoline-mockup-nbg.png\",\"datePublished\":\"2023-01-10T22:11:50+00:00\",\"dateModified\":\"2026-01-16T08:18:51+00:00\",\"breadcrumb\":{\"@id\":\"https:\/\/asteralabs.org\/de\/product\/cabergolin\/#breadcrumb\"},\"inLanguage\":\"de-DE\",\"potentialAction\":[{\"@type\":\"ReadAction\",\"target\":[\"https:\/\/asteralabs.org\/de\/product\/cabergolin\/\"]}]},{\"@type\":\"ImageObject\",\"inLanguage\":\"de-DE\",\"@id\":\"https:\/\/asteralabs.org\/de\/product\/cabergolin\/#primaryimage\",\"url\":\"https:\/\/asteralabs.org\/wp-content\/uploads\/2023\/01\/Cabergoline-mockup-nbg.png\",\"contentUrl\":\"https:\/\/asteralabs.org\/wp-content\/uploads\/2023\/01\/Cabergoline-mockup-nbg.png\",\"width\":2000,\"height\":2000},{\"@type\":\"BreadcrumbList\",\"@id\":\"https:\/\/asteralabs.org\/de\/product\/cabergolin\/#breadcrumb\",\"itemListElement\":[{\"@type\":\"ListItem\",\"position\":1,\"name\":\"Home\",\"item\":\"https:\/\/asteralabs.org\/de\/\"},{\"@type\":\"ListItem\",\"position\":2,\"name\":\"Shop\",\"item\":\"https:\/\/asteralabs.org\/shop\/\"},{\"@type\":\"ListItem\",\"position\":3,\"name\":\"Cabergolin\"}]},{\"@type\":\"WebSite\",\"@id\":\"https:\/\/asteralabs.org\/de\/#website\",\"url\":\"https:\/\/asteralabs.org\/de\/\",\"name\":\"Astera Labs\",\"description\":\"Improve Your Quality Of Life\",\"publisher\":{\"@id\":\"https:\/\/asteralabs.org\/de\/#organization\"},\"potentialAction\":[{\"@type\":\"SearchAction\",\"target\":{\"@type\":\"EntryPoint\",\"urlTemplate\":\"https:\/\/asteralabs.org\/de\/?s={search_term_string}\"},\"query-input\":\"required name=search_term_string\"}],\"inLanguage\":\"de-DE\"},{\"@type\":\"Organization\",\"@id\":\"https:\/\/asteralabs.org\/de\/#organization\",\"name\":\"Astera Labs\",\"url\":\"https:\/\/asteralabs.org\/de\/\",\"logo\":{\"@type\":\"ImageObject\",\"inLanguage\":\"de-DE\",\"@id\":\"https:\/\/asteralabs.org\/de\/#\/schema\/logo\/image\/\",\"url\":\"https:\/\/asteralabs.org\/wp-content\/uploads\/2022\/12\/astera-2.png\",\"contentUrl\":\"https:\/\/asteralabs.org\/wp-content\/uploads\/2022\/12\/astera-2.png\",\"width\":437,\"height\":111,\"caption\":\"Astera Labs\"},\"image\":{\"@id\":\"https:\/\/asteralabs.org\/de\/#\/schema\/logo\/image\/\"}}]}<\/script>\n<!-- \/ Yoast SEO plugin. -->","yoast_head_json":{"title":"Cabergolin - Astera Labs","robots":{"index":"index","follow":"follow","max-snippet":"max-snippet:-1","max-image-preview":"max-image-preview:large","max-video-preview":"max-video-preview:-1"},"canonical":"https:\/\/asteralabs.org\/de\/product\/cabergolin\/","og_locale":"de_DE","og_type":"article","og_title":"Cabergolin - Astera Labs","og_description":"DOSIERUNG: Cabergolin 0,25mg\/Tablette PACKUNGSINHALT: 1 Riegel, 50 Tabletten, 0,25mg pro Tablette WAS IST ES: Cabergolin ist ein dopaminerges Medikament, das zur Behandlung von hohen Prolaktinwerten, Prolaktinomen, der Parkinson-Krankheit und f\u00fcr andere Indikationen eingesetzt wird. Es wird durch den Mund eingenommen. Cabergolin ist ein Mutterkornderivat und ein starker Dopamin-D2-Rezeptor-Agonist. ANWENDUNG: Wir empfehlen Ihnen, die niedrigstm\u00f6gliche Dosis&hellip;","og_url":"https:\/\/asteralabs.org\/de\/product\/cabergolin\/","og_site_name":"Astera Labs","article_modified_time":"2026-01-16T08:18:51+00:00","og_image":[{"width":2000,"height":2000,"url":"https:\/\/asteralabs.org\/wp-content\/uploads\/2023\/01\/Cabergoline-mockup-nbg.png","type":"image\/png"}],"twitter_card":"summary_large_image","schema":{"@context":"https:\/\/schema.org","@graph":[{"@type":"WebPage","@id":"https:\/\/asteralabs.org\/de\/product\/cabergolin\/","url":"https:\/\/asteralabs.org\/de\/product\/cabergolin\/","name":"Cabergolin - Astera Labs","isPartOf":{"@id":"https:\/\/asteralabs.org\/de\/#website"},"primaryImageOfPage":{"@id":"https:\/\/asteralabs.org\/de\/product\/cabergolin\/#primaryimage"},"image":{"@id":"https:\/\/asteralabs.org\/de\/product\/cabergolin\/#primaryimage"},"thumbnailUrl":"https:\/\/asteralabs.org\/wp-content\/uploads\/2023\/01\/Cabergoline-mockup-nbg.png","datePublished":"2023-01-10T22:11:50+00:00","dateModified":"2026-01-16T08:18:51+00:00","breadcrumb":{"@id":"https:\/\/asteralabs.org\/de\/product\/cabergolin\/#breadcrumb"},"inLanguage":"de-DE","potentialAction":[{"@type":"ReadAction","target":["https:\/\/asteralabs.org\/de\/product\/cabergolin\/"]}]},{"@type":"ImageObject","inLanguage":"de-DE","@id":"https:\/\/asteralabs.org\/de\/product\/cabergolin\/#primaryimage","url":"https:\/\/asteralabs.org\/wp-content\/uploads\/2023\/01\/Cabergoline-mockup-nbg.png","contentUrl":"https:\/\/asteralabs.org\/wp-content\/uploads\/2023\/01\/Cabergoline-mockup-nbg.png","width":2000,"height":2000},{"@type":"BreadcrumbList","@id":"https:\/\/asteralabs.org\/de\/product\/cabergolin\/#breadcrumb","itemListElement":[{"@type":"ListItem","position":1,"name":"Home","item":"https:\/\/asteralabs.org\/de\/"},{"@type":"ListItem","position":2,"name":"Shop","item":"https:\/\/asteralabs.org\/shop\/"},{"@type":"ListItem","position":3,"name":"Cabergolin"}]},{"@type":"WebSite","@id":"https:\/\/asteralabs.org\/de\/#website","url":"https:\/\/asteralabs.org\/de\/","name":"Astera Labs","description":"Improve Your Quality Of Life","publisher":{"@id":"https:\/\/asteralabs.org\/de\/#organization"},"potentialAction":[{"@type":"SearchAction","target":{"@type":"EntryPoint","urlTemplate":"https:\/\/asteralabs.org\/de\/?s={search_term_string}"},"query-input":"required name=search_term_string"}],"inLanguage":"de-DE"},{"@type":"Organization","@id":"https:\/\/asteralabs.org\/de\/#organization","name":"Astera Labs","url":"https:\/\/asteralabs.org\/de\/","logo":{"@type":"ImageObject","inLanguage":"de-DE","@id":"https:\/\/asteralabs.org\/de\/#\/schema\/logo\/image\/","url":"https:\/\/asteralabs.org\/wp-content\/uploads\/2022\/12\/astera-2.png","contentUrl":"https:\/\/asteralabs.org\/wp-content\/uploads\/2022\/12\/astera-2.png","width":437,"height":111,"caption":"Astera Labs"},"image":{"@id":"https:\/\/asteralabs.org\/de\/#\/schema\/logo\/image\/"}}]}},"_links":{"self":[{"href":"https:\/\/asteralabs.org\/de\/wp-json\/wp\/v2\/product\/77782"}],"collection":[{"href":"https:\/\/asteralabs.org\/de\/wp-json\/wp\/v2\/product"}],"about":[{"href":"https:\/\/asteralabs.org\/de\/wp-json\/wp\/v2\/types\/product"}],"replies":[{"embeddable":true,"href":"https:\/\/asteralabs.org\/de\/wp-json\/wp\/v2\/comments?post=77782"}],"version-history":[{"count":0,"href":"https:\/\/asteralabs.org\/de\/wp-json\/wp\/v2\/product\/77782\/revisions"}],"wp:featuredmedia":[{"embeddable":true,"href":"https:\/\/asteralabs.org\/de\/wp-json\/wp\/v2\/media\/76218"}],"wp:attachment":[{"href":"https:\/\/asteralabs.org\/de\/wp-json\/wp\/v2\/media?parent=77782"}],"wp:term":[{"taxonomy":"product_cat","embeddable":true,"href":"https:\/\/asteralabs.org\/de\/wp-json\/wp\/v2\/product_cat?post=77782"},{"taxonomy":"product_tag","embeddable":true,"href":"https:\/\/asteralabs.org\/de\/wp-json\/wp\/v2\/product_tag?post=77782"}],"curies":[{"name":"wp","href":"https:\/\/api.w.org\/{rel}","templated":true}]}}