{"id":77788,"date":"2022-12-29T21:01:59","date_gmt":"2022-12-29T21:01:59","guid":{"rendered":"https:\/\/asteralabs.org\/product\/trestolon-enanthate-ment\/"},"modified":"2026-01-16T07:49:47","modified_gmt":"2026-01-16T07:49:47","slug":"trestolon-enanthate-ment","status":"publish","type":"product","link":"https:\/\/asteralabs.org\/de\/product\/trestolon-enanthate-ment\/","title":{"rendered":"Trestolon Enantat (MENT)"},"content":{"rendered":"<p><strong>DOSIERUNG:<\/strong><br \/>\nTrestolone <span style=\"font-weight: 400;\">Enantat 50 mg\/ml<\/span><\/p>\n<p><strong>VERPACKUNGSINHALT:<\/strong><br \/>\n1 x 10ML Fl\u00e4schchen, 50 mg pro ml<\/p>\n<p><strong>WORUM ES SICH HANDELT:<\/strong><br \/>\nTRESTOLONE ENANTAT (MENT) ist ein starkes anaboles Steroid, das von dem Hormon Nandrolon abgeleitet ist. Es wird gemeinhin als eine Mischung aus Trenbolon und Nandrolon angesehen und bietet eine leistungsstarke Kombination aus Kraft- und Gr\u00f6\u00dfenzuwachs. Mit einer h\u00f6heren Potenz als Trenbolon ist <span style=\"font-weight: 400;\">Trestolone <\/span><span style=\"font-weight: 400;\">Enantat<\/span> eines der st\u00e4rksten verf\u00fcgbaren Steroide. Diese Verbindung ist stark aromatisierend, d.h. sie wandelt sich im K\u00f6rper in \u00d6strogen um. Anwender sollten sich dessen bewusst sein und geeignete Ma\u00dfnahmen ergreifen, um den \u00d6stradiolspiegel zu kontrollieren, indem sie andere Strategien anwenden als bei weniger starken Verbindungen oder sich f\u00fcr geringere Dosen entscheiden. <span style=\"font-weight: 400;\">Trestolone <\/span><span style=\"font-weight: 400;\">Enantat<\/span> wandelt sich nicht in DHT um, was das Risiko von Haarausfall und anderen DHT-bedingten Nebenwirkungen verringert. Interessanterweise hat es eine hohe Hemmkonstante und wird unter anderem als m\u00e4nnliches Verh\u00fctungsmittel eingesetzt.<\/p>\n<p><strong>ANWENDUNG:<\/strong><br \/>\n<span style=\"font-weight: 400;\">Die Dosis von Trestolone <\/span><span style=\"font-weight: 400;\">Enantat<\/span><span style=\"font-weight: 400;\"> variiert je nach Erfahrung und Zielen des Anwenders. <\/span><span style=\"font-weight: 400;\">Die \u00fcbliche Dosis liegt zwischen 5-10 mg pro Tag<\/span><span style=\"font-weight: 400;\"> (35-70 mg pro Woche) f\u00fcr Anf\u00e4nger, w\u00e4hrend fortgeschrittene Anwender 10-25 mg pro Tag (70-175 mg pro Woche) oder sogar 25-50 mg pro Tag (175-350 mg pro Woche) verwenden k\u00f6nnen. Es wird empfohlen, die Dosis schrittweise auf w\u00f6chentlicher Basis zu erh\u00f6hen, bis die gew\u00fcnschte Wirkung erreicht ist. Die Zyklen dauern in der Regel 8-12 Wochen, wobei die Anwender ihre Reaktion auf das Pr\u00e4parat sorgf\u00e4ltig \u00fcberwachen und die Dosierung bei Bedarf anpassen, um die Ergebnisse zu optimieren und gleichzeitig die m\u00f6glichen Nebenwirkungen zu minimieren. Nach Abschluss des Zyklus wird eine Post-Cycle-Therapie (PCT) empfohlen, um die nat\u00fcrliche Testosteronproduktion wiederherzustellen und die w\u00e4hrend des Zyklus erzielten Zuw\u00e4chse zu erhalten.<\/span><\/p>\n<p><strong>BATCH <\/strong><strong>INFORMATIONEN:<br \/>\n<\/strong>Chargennummer: <span data-sheets-root=\"1\" data-sheets-value=\"{\" data-sheets-userformat=\"{\">QD65113<\/span><br \/>\nHerstellungsdatum: <span data-sheets-root=\"1\" data-sheets-value=\"{\" data-sheets-userformat=\"{\">10.2025.<\/span><br \/>\nVerfallsdatum: <span data-sheets-root=\"1\" data-sheets-value=\"{\" data-sheets-userformat=\"{\">10.2028.<\/span><\/p>\n","protected":false},"excerpt":{"rendered":"<p>DOSIERUNG: Trestolone Enantat 50 mg\/ml VERPACKUNGSINHALT: 1 x 10ML Fl\u00e4schchen, 50 mg pro ml WORUM ES SICH HANDELT: TRESTOLONE ENANTAT (MENT) ist ein starkes anaboles Steroid, das von dem Hormon Nandrolon abgeleitet ist. Es wird gemeinhin als eine Mischung aus Trenbolon und Nandrolon angesehen und bietet eine leistungsstarke Kombination aus Kraft- und Gr\u00f6\u00dfenzuwachs. Mit einer&hellip;<\/p>\n","protected":false},"featured_media":75698,"comment_status":"open","ping_status":"closed","template":"","meta":[],"product_cat":[154],"product_tag":[],"yoast_head":"<!-- This site is optimized with the Yoast SEO plugin v23.0 - https:\/\/yoast.com\/wordpress\/plugins\/seo\/ -->\n<title>Trestolon Enantat (MENT) - Astera Labs<\/title>\n<meta name=\"robots\" content=\"index, follow, max-snippet:-1, max-image-preview:large, max-video-preview:-1\" \/>\n<link rel=\"canonical\" href=\"https:\/\/asteralabs.org\/de\/product\/trestolon-enanthate-ment\/\" \/>\n<meta property=\"og:locale\" content=\"de_DE\" \/>\n<meta property=\"og:type\" content=\"article\" \/>\n<meta property=\"og:title\" content=\"Trestolon Enantat (MENT) - Astera Labs\" \/>\n<meta property=\"og:description\" content=\"DOSIERUNG: Trestolone Enantat 50 mg\/ml VERPACKUNGSINHALT: 1 x 10ML Fl\u00e4schchen, 50 mg pro ml WORUM ES SICH HANDELT: TRESTOLONE ENANTAT (MENT) ist ein starkes anaboles Steroid, das von dem Hormon Nandrolon abgeleitet ist. Es wird gemeinhin als eine Mischung aus Trenbolon und Nandrolon angesehen und bietet eine leistungsstarke Kombination aus Kraft- und Gr\u00f6\u00dfenzuwachs. Mit einer&hellip;\" \/>\n<meta property=\"og:url\" content=\"https:\/\/asteralabs.org\/de\/product\/trestolon-enanthate-ment\/\" \/>\n<meta property=\"og:site_name\" content=\"Astera Labs\" \/>\n<meta property=\"article:modified_time\" content=\"2026-01-16T07:49:47+00:00\" \/>\n<meta property=\"og:image\" content=\"https:\/\/asteralabs.org\/wp-content\/uploads\/2022\/12\/8.png\" \/>\n\t<meta property=\"og:image:width\" content=\"2000\" \/>\n\t<meta property=\"og:image:height\" content=\"2000\" \/>\n\t<meta property=\"og:image:type\" content=\"image\/png\" \/>\n<meta name=\"twitter:card\" content=\"summary_large_image\" \/>\n<script type=\"application\/ld+json\" class=\"yoast-schema-graph\">{\"@context\":\"https:\/\/schema.org\",\"@graph\":[{\"@type\":\"WebPage\",\"@id\":\"https:\/\/asteralabs.org\/de\/product\/trestolon-enanthate-ment\/\",\"url\":\"https:\/\/asteralabs.org\/de\/product\/trestolon-enanthate-ment\/\",\"name\":\"Trestolon Enantat (MENT) - Astera Labs\",\"isPartOf\":{\"@id\":\"https:\/\/asteralabs.org\/de\/#website\"},\"primaryImageOfPage\":{\"@id\":\"https:\/\/asteralabs.org\/de\/product\/trestolon-enanthate-ment\/#primaryimage\"},\"image\":{\"@id\":\"https:\/\/asteralabs.org\/de\/product\/trestolon-enanthate-ment\/#primaryimage\"},\"thumbnailUrl\":\"https:\/\/asteralabs.org\/wp-content\/uploads\/2022\/12\/8.png\",\"datePublished\":\"2022-12-29T21:01:59+00:00\",\"dateModified\":\"2026-01-16T07:49:47+00:00\",\"breadcrumb\":{\"@id\":\"https:\/\/asteralabs.org\/de\/product\/trestolon-enanthate-ment\/#breadcrumb\"},\"inLanguage\":\"de-DE\",\"potentialAction\":[{\"@type\":\"ReadAction\",\"target\":[\"https:\/\/asteralabs.org\/de\/product\/trestolon-enanthate-ment\/\"]}]},{\"@type\":\"ImageObject\",\"inLanguage\":\"de-DE\",\"@id\":\"https:\/\/asteralabs.org\/de\/product\/trestolon-enanthate-ment\/#primaryimage\",\"url\":\"https:\/\/asteralabs.org\/wp-content\/uploads\/2022\/12\/8.png\",\"contentUrl\":\"https:\/\/asteralabs.org\/wp-content\/uploads\/2022\/12\/8.png\",\"width\":2000,\"height\":2000},{\"@type\":\"BreadcrumbList\",\"@id\":\"https:\/\/asteralabs.org\/de\/product\/trestolon-enanthate-ment\/#breadcrumb\",\"itemListElement\":[{\"@type\":\"ListItem\",\"position\":1,\"name\":\"Home\",\"item\":\"https:\/\/asteralabs.org\/de\/\"},{\"@type\":\"ListItem\",\"position\":2,\"name\":\"Shop\",\"item\":\"https:\/\/asteralabs.org\/shop\/\"},{\"@type\":\"ListItem\",\"position\":3,\"name\":\"Trestolon Enantat (MENT)\"}]},{\"@type\":\"WebSite\",\"@id\":\"https:\/\/asteralabs.org\/de\/#website\",\"url\":\"https:\/\/asteralabs.org\/de\/\",\"name\":\"Astera Labs\",\"description\":\"Improve Your Quality Of Life\",\"publisher\":{\"@id\":\"https:\/\/asteralabs.org\/de\/#organization\"},\"potentialAction\":[{\"@type\":\"SearchAction\",\"target\":{\"@type\":\"EntryPoint\",\"urlTemplate\":\"https:\/\/asteralabs.org\/de\/?s={search_term_string}\"},\"query-input\":\"required name=search_term_string\"}],\"inLanguage\":\"de-DE\"},{\"@type\":\"Organization\",\"@id\":\"https:\/\/asteralabs.org\/de\/#organization\",\"name\":\"Astera Labs\",\"url\":\"https:\/\/asteralabs.org\/de\/\",\"logo\":{\"@type\":\"ImageObject\",\"inLanguage\":\"de-DE\",\"@id\":\"https:\/\/asteralabs.org\/de\/#\/schema\/logo\/image\/\",\"url\":\"https:\/\/asteralabs.org\/wp-content\/uploads\/2022\/12\/astera-2.png\",\"contentUrl\":\"https:\/\/asteralabs.org\/wp-content\/uploads\/2022\/12\/astera-2.png\",\"width\":437,\"height\":111,\"caption\":\"Astera Labs\"},\"image\":{\"@id\":\"https:\/\/asteralabs.org\/de\/#\/schema\/logo\/image\/\"}}]}<\/script>\n<!-- \/ Yoast SEO plugin. -->","yoast_head_json":{"title":"Trestolon Enantat (MENT) - Astera Labs","robots":{"index":"index","follow":"follow","max-snippet":"max-snippet:-1","max-image-preview":"max-image-preview:large","max-video-preview":"max-video-preview:-1"},"canonical":"https:\/\/asteralabs.org\/de\/product\/trestolon-enanthate-ment\/","og_locale":"de_DE","og_type":"article","og_title":"Trestolon Enantat (MENT) - Astera Labs","og_description":"DOSIERUNG: Trestolone Enantat 50 mg\/ml VERPACKUNGSINHALT: 1 x 10ML Fl\u00e4schchen, 50 mg pro ml WORUM ES SICH HANDELT: TRESTOLONE ENANTAT (MENT) ist ein starkes anaboles Steroid, das von dem Hormon Nandrolon abgeleitet ist. Es wird gemeinhin als eine Mischung aus Trenbolon und Nandrolon angesehen und bietet eine leistungsstarke Kombination aus Kraft- und Gr\u00f6\u00dfenzuwachs. Mit einer&hellip;","og_url":"https:\/\/asteralabs.org\/de\/product\/trestolon-enanthate-ment\/","og_site_name":"Astera Labs","article_modified_time":"2026-01-16T07:49:47+00:00","og_image":[{"width":2000,"height":2000,"url":"https:\/\/asteralabs.org\/wp-content\/uploads\/2022\/12\/8.png","type":"image\/png"}],"twitter_card":"summary_large_image","schema":{"@context":"https:\/\/schema.org","@graph":[{"@type":"WebPage","@id":"https:\/\/asteralabs.org\/de\/product\/trestolon-enanthate-ment\/","url":"https:\/\/asteralabs.org\/de\/product\/trestolon-enanthate-ment\/","name":"Trestolon Enantat (MENT) - Astera Labs","isPartOf":{"@id":"https:\/\/asteralabs.org\/de\/#website"},"primaryImageOfPage":{"@id":"https:\/\/asteralabs.org\/de\/product\/trestolon-enanthate-ment\/#primaryimage"},"image":{"@id":"https:\/\/asteralabs.org\/de\/product\/trestolon-enanthate-ment\/#primaryimage"},"thumbnailUrl":"https:\/\/asteralabs.org\/wp-content\/uploads\/2022\/12\/8.png","datePublished":"2022-12-29T21:01:59+00:00","dateModified":"2026-01-16T07:49:47+00:00","breadcrumb":{"@id":"https:\/\/asteralabs.org\/de\/product\/trestolon-enanthate-ment\/#breadcrumb"},"inLanguage":"de-DE","potentialAction":[{"@type":"ReadAction","target":["https:\/\/asteralabs.org\/de\/product\/trestolon-enanthate-ment\/"]}]},{"@type":"ImageObject","inLanguage":"de-DE","@id":"https:\/\/asteralabs.org\/de\/product\/trestolon-enanthate-ment\/#primaryimage","url":"https:\/\/asteralabs.org\/wp-content\/uploads\/2022\/12\/8.png","contentUrl":"https:\/\/asteralabs.org\/wp-content\/uploads\/2022\/12\/8.png","width":2000,"height":2000},{"@type":"BreadcrumbList","@id":"https:\/\/asteralabs.org\/de\/product\/trestolon-enanthate-ment\/#breadcrumb","itemListElement":[{"@type":"ListItem","position":1,"name":"Home","item":"https:\/\/asteralabs.org\/de\/"},{"@type":"ListItem","position":2,"name":"Shop","item":"https:\/\/asteralabs.org\/shop\/"},{"@type":"ListItem","position":3,"name":"Trestolon Enantat (MENT)"}]},{"@type":"WebSite","@id":"https:\/\/asteralabs.org\/de\/#website","url":"https:\/\/asteralabs.org\/de\/","name":"Astera Labs","description":"Improve Your Quality Of Life","publisher":{"@id":"https:\/\/asteralabs.org\/de\/#organization"},"potentialAction":[{"@type":"SearchAction","target":{"@type":"EntryPoint","urlTemplate":"https:\/\/asteralabs.org\/de\/?s={search_term_string}"},"query-input":"required name=search_term_string"}],"inLanguage":"de-DE"},{"@type":"Organization","@id":"https:\/\/asteralabs.org\/de\/#organization","name":"Astera Labs","url":"https:\/\/asteralabs.org\/de\/","logo":{"@type":"ImageObject","inLanguage":"de-DE","@id":"https:\/\/asteralabs.org\/de\/#\/schema\/logo\/image\/","url":"https:\/\/asteralabs.org\/wp-content\/uploads\/2022\/12\/astera-2.png","contentUrl":"https:\/\/asteralabs.org\/wp-content\/uploads\/2022\/12\/astera-2.png","width":437,"height":111,"caption":"Astera Labs"},"image":{"@id":"https:\/\/asteralabs.org\/de\/#\/schema\/logo\/image\/"}}]}},"_links":{"self":[{"href":"https:\/\/asteralabs.org\/de\/wp-json\/wp\/v2\/product\/77788"}],"collection":[{"href":"https:\/\/asteralabs.org\/de\/wp-json\/wp\/v2\/product"}],"about":[{"href":"https:\/\/asteralabs.org\/de\/wp-json\/wp\/v2\/types\/product"}],"replies":[{"embeddable":true,"href":"https:\/\/asteralabs.org\/de\/wp-json\/wp\/v2\/comments?post=77788"}],"version-history":[{"count":3,"href":"https:\/\/asteralabs.org\/de\/wp-json\/wp\/v2\/product\/77788\/revisions"}],"predecessor-version":[{"id":78712,"href":"https:\/\/asteralabs.org\/de\/wp-json\/wp\/v2\/product\/77788\/revisions\/78712"}],"wp:featuredmedia":[{"embeddable":true,"href":"https:\/\/asteralabs.org\/de\/wp-json\/wp\/v2\/media\/75698"}],"wp:attachment":[{"href":"https:\/\/asteralabs.org\/de\/wp-json\/wp\/v2\/media?parent=77788"}],"wp:term":[{"taxonomy":"product_cat","embeddable":true,"href":"https:\/\/asteralabs.org\/de\/wp-json\/wp\/v2\/product_cat?post=77788"},{"taxonomy":"product_tag","embeddable":true,"href":"https:\/\/asteralabs.org\/de\/wp-json\/wp\/v2\/product_tag?post=77788"}],"curies":[{"name":"wp","href":"https:\/\/api.w.org\/{rel}","templated":true}]}}