{"id":77799,"date":"2022-11-05T23:11:40","date_gmt":"2022-11-05T23:11:40","guid":{"rendered":"https:\/\/asteralabs.org\/product\/methandienon-2\/"},"modified":"2026-01-15T09:25:31","modified_gmt":"2026-01-15T09:25:31","slug":"methandienon-2","status":"publish","type":"product","link":"https:\/\/asteralabs.org\/de\/product\/methandienon-2\/","title":{"rendered":"Methandienon"},"content":{"rendered":"<p><strong>DOSIERUNG:<\/strong><br \/>\nMethandienon 100mg\/ml <strong>VERPACKUNGSINHALT:<\/strong><br \/>\n1 x 10ML Fl\u00e4schchen, 100 mg pro ml <strong>WAS IST ES:<\/strong><br \/>\nMetadienon, allgemein bekannt als Dianabol, ist eines der am meisten verwendeten oralen Steroide im goldenen Zeitalter des Bodybuildings. Aufgrund seiner anabolen und \u00f6strogenen Potenz wird es h\u00e4ufig in Bulking-Zyklen oder bei Kraftwettk\u00e4mpfen eingesetzt. <strong>ANWENDUNG:<\/strong><br \/>\nSeine Halbwertszeit betr\u00e4gt 4,5 bis 6 Stunden, daher wird empfohlen, die Dosis \u00fcber den Tag zu verteilen. Die Zyklen dauern in der Regel 4 bis 6 Wochen. Die \u00fcbliche Dosis liegt zwischen 20 mg pro Tag und 100 mg pro Tag. Da es sich um die injizierbare Version handelt, k\u00f6nnen Sie es wie jedes andere orale Pr\u00e4parat als Pre-Workout verwenden. <strong>BATCH INFORMATIONEN:<br \/>\n<\/strong>Chargennummer: <span data-sheets-root=\"1\" data-sheets-value=\"{\" data-sheets-userformat=\"{\">EH01181<\/span><br \/>\nHerstellungsdatum: <span data-sheets-root=\"1\" data-sheets-value=\"{\" data-sheets-userformat=\"{\">10.2025.<\/span><br \/>\nVerfallsdatum: <span data-sheets-root=\"1\" data-sheets-value=\"{\" data-sheets-userformat=\"{\">10.2028.<\/span><\/p>\n","protected":false},"excerpt":{"rendered":"<p>DOSIERUNG: Methandienon 100mg\/ml VERPACKUNGSINHALT: 1 x 10ML Fl\u00e4schchen, 100 mg pro ml WAS IST ES: Metadienon, allgemein bekannt als Dianabol, ist eines der am meisten verwendeten oralen Steroide im goldenen Zeitalter des Bodybuildings. Aufgrund seiner anabolen und \u00f6strogenen Potenz wird es h\u00e4ufig in Bulking-Zyklen oder bei Kraftwettk\u00e4mpfen eingesetzt. ANWENDUNG: Seine Halbwertszeit betr\u00e4gt 4,5 bis 6&hellip;<\/p>\n","protected":false},"featured_media":75202,"comment_status":"open","ping_status":"closed","template":"","meta":[],"product_cat":[156,154],"product_tag":[],"yoast_head":"<!-- This site is optimized with the Yoast SEO plugin v23.0 - https:\/\/yoast.com\/wordpress\/plugins\/seo\/ -->\n<title>Methandienon - Astera Labs<\/title>\n<meta name=\"robots\" content=\"index, follow, max-snippet:-1, max-image-preview:large, max-video-preview:-1\" \/>\n<link rel=\"canonical\" href=\"https:\/\/asteralabs.org\/de\/product\/methandienon-2\/\" \/>\n<meta property=\"og:locale\" content=\"de_DE\" \/>\n<meta property=\"og:type\" content=\"article\" \/>\n<meta property=\"og:title\" content=\"Methandienon - Astera Labs\" \/>\n<meta property=\"og:description\" content=\"DOSIERUNG: Methandienon 100mg\/ml VERPACKUNGSINHALT: 1 x 10ML Fl\u00e4schchen, 100 mg pro ml WAS IST ES: Metadienon, allgemein bekannt als Dianabol, ist eines der am meisten verwendeten oralen Steroide im goldenen Zeitalter des Bodybuildings. Aufgrund seiner anabolen und \u00f6strogenen Potenz wird es h\u00e4ufig in Bulking-Zyklen oder bei Kraftwettk\u00e4mpfen eingesetzt. ANWENDUNG: Seine Halbwertszeit betr\u00e4gt 4,5 bis 6&hellip;\" \/>\n<meta property=\"og:url\" content=\"https:\/\/asteralabs.org\/de\/product\/methandienon-2\/\" \/>\n<meta property=\"og:site_name\" content=\"Astera Labs\" \/>\n<meta property=\"article:modified_time\" content=\"2026-01-15T09:25:31+00:00\" \/>\n<meta property=\"og:image\" content=\"https:\/\/asteralabs.org\/wp-content\/uploads\/2022\/11\/9.png\" \/>\n\t<meta property=\"og:image:width\" content=\"2000\" \/>\n\t<meta property=\"og:image:height\" content=\"2000\" \/>\n\t<meta property=\"og:image:type\" content=\"image\/png\" \/>\n<meta name=\"twitter:card\" content=\"summary_large_image\" \/>\n<script type=\"application\/ld+json\" class=\"yoast-schema-graph\">{\"@context\":\"https:\/\/schema.org\",\"@graph\":[{\"@type\":\"WebPage\",\"@id\":\"https:\/\/asteralabs.org\/de\/product\/methandienon-2\/\",\"url\":\"https:\/\/asteralabs.org\/de\/product\/methandienon-2\/\",\"name\":\"Methandienon - Astera Labs\",\"isPartOf\":{\"@id\":\"https:\/\/asteralabs.org\/de\/#website\"},\"primaryImageOfPage\":{\"@id\":\"https:\/\/asteralabs.org\/de\/product\/methandienon-2\/#primaryimage\"},\"image\":{\"@id\":\"https:\/\/asteralabs.org\/de\/product\/methandienon-2\/#primaryimage\"},\"thumbnailUrl\":\"https:\/\/asteralabs.org\/wp-content\/uploads\/2022\/11\/9.png\",\"datePublished\":\"2022-11-05T23:11:40+00:00\",\"dateModified\":\"2026-01-15T09:25:31+00:00\",\"breadcrumb\":{\"@id\":\"https:\/\/asteralabs.org\/de\/product\/methandienon-2\/#breadcrumb\"},\"inLanguage\":\"de-DE\",\"potentialAction\":[{\"@type\":\"ReadAction\",\"target\":[\"https:\/\/asteralabs.org\/de\/product\/methandienon-2\/\"]}]},{\"@type\":\"ImageObject\",\"inLanguage\":\"de-DE\",\"@id\":\"https:\/\/asteralabs.org\/de\/product\/methandienon-2\/#primaryimage\",\"url\":\"https:\/\/asteralabs.org\/wp-content\/uploads\/2022\/11\/9.png\",\"contentUrl\":\"https:\/\/asteralabs.org\/wp-content\/uploads\/2022\/11\/9.png\",\"width\":2000,\"height\":2000},{\"@type\":\"BreadcrumbList\",\"@id\":\"https:\/\/asteralabs.org\/de\/product\/methandienon-2\/#breadcrumb\",\"itemListElement\":[{\"@type\":\"ListItem\",\"position\":1,\"name\":\"Home\",\"item\":\"https:\/\/asteralabs.org\/de\/\"},{\"@type\":\"ListItem\",\"position\":2,\"name\":\"Shop\",\"item\":\"https:\/\/asteralabs.org\/shop\/\"},{\"@type\":\"ListItem\",\"position\":3,\"name\":\"Methandienon\"}]},{\"@type\":\"WebSite\",\"@id\":\"https:\/\/asteralabs.org\/de\/#website\",\"url\":\"https:\/\/asteralabs.org\/de\/\",\"name\":\"Astera Labs\",\"description\":\"Improve Your Quality Of Life\",\"publisher\":{\"@id\":\"https:\/\/asteralabs.org\/de\/#organization\"},\"potentialAction\":[{\"@type\":\"SearchAction\",\"target\":{\"@type\":\"EntryPoint\",\"urlTemplate\":\"https:\/\/asteralabs.org\/de\/?s={search_term_string}\"},\"query-input\":\"required name=search_term_string\"}],\"inLanguage\":\"de-DE\"},{\"@type\":\"Organization\",\"@id\":\"https:\/\/asteralabs.org\/de\/#organization\",\"name\":\"Astera Labs\",\"url\":\"https:\/\/asteralabs.org\/de\/\",\"logo\":{\"@type\":\"ImageObject\",\"inLanguage\":\"de-DE\",\"@id\":\"https:\/\/asteralabs.org\/de\/#\/schema\/logo\/image\/\",\"url\":\"https:\/\/asteralabs.org\/wp-content\/uploads\/2022\/12\/astera-2.png\",\"contentUrl\":\"https:\/\/asteralabs.org\/wp-content\/uploads\/2022\/12\/astera-2.png\",\"width\":437,\"height\":111,\"caption\":\"Astera Labs\"},\"image\":{\"@id\":\"https:\/\/asteralabs.org\/de\/#\/schema\/logo\/image\/\"}}]}<\/script>\n<!-- \/ Yoast SEO plugin. -->","yoast_head_json":{"title":"Methandienon - Astera Labs","robots":{"index":"index","follow":"follow","max-snippet":"max-snippet:-1","max-image-preview":"max-image-preview:large","max-video-preview":"max-video-preview:-1"},"canonical":"https:\/\/asteralabs.org\/de\/product\/methandienon-2\/","og_locale":"de_DE","og_type":"article","og_title":"Methandienon - Astera Labs","og_description":"DOSIERUNG: Methandienon 100mg\/ml VERPACKUNGSINHALT: 1 x 10ML Fl\u00e4schchen, 100 mg pro ml WAS IST ES: Metadienon, allgemein bekannt als Dianabol, ist eines der am meisten verwendeten oralen Steroide im goldenen Zeitalter des Bodybuildings. Aufgrund seiner anabolen und \u00f6strogenen Potenz wird es h\u00e4ufig in Bulking-Zyklen oder bei Kraftwettk\u00e4mpfen eingesetzt. ANWENDUNG: Seine Halbwertszeit betr\u00e4gt 4,5 bis 6&hellip;","og_url":"https:\/\/asteralabs.org\/de\/product\/methandienon-2\/","og_site_name":"Astera Labs","article_modified_time":"2026-01-15T09:25:31+00:00","og_image":[{"width":2000,"height":2000,"url":"https:\/\/asteralabs.org\/wp-content\/uploads\/2022\/11\/9.png","type":"image\/png"}],"twitter_card":"summary_large_image","schema":{"@context":"https:\/\/schema.org","@graph":[{"@type":"WebPage","@id":"https:\/\/asteralabs.org\/de\/product\/methandienon-2\/","url":"https:\/\/asteralabs.org\/de\/product\/methandienon-2\/","name":"Methandienon - Astera Labs","isPartOf":{"@id":"https:\/\/asteralabs.org\/de\/#website"},"primaryImageOfPage":{"@id":"https:\/\/asteralabs.org\/de\/product\/methandienon-2\/#primaryimage"},"image":{"@id":"https:\/\/asteralabs.org\/de\/product\/methandienon-2\/#primaryimage"},"thumbnailUrl":"https:\/\/asteralabs.org\/wp-content\/uploads\/2022\/11\/9.png","datePublished":"2022-11-05T23:11:40+00:00","dateModified":"2026-01-15T09:25:31+00:00","breadcrumb":{"@id":"https:\/\/asteralabs.org\/de\/product\/methandienon-2\/#breadcrumb"},"inLanguage":"de-DE","potentialAction":[{"@type":"ReadAction","target":["https:\/\/asteralabs.org\/de\/product\/methandienon-2\/"]}]},{"@type":"ImageObject","inLanguage":"de-DE","@id":"https:\/\/asteralabs.org\/de\/product\/methandienon-2\/#primaryimage","url":"https:\/\/asteralabs.org\/wp-content\/uploads\/2022\/11\/9.png","contentUrl":"https:\/\/asteralabs.org\/wp-content\/uploads\/2022\/11\/9.png","width":2000,"height":2000},{"@type":"BreadcrumbList","@id":"https:\/\/asteralabs.org\/de\/product\/methandienon-2\/#breadcrumb","itemListElement":[{"@type":"ListItem","position":1,"name":"Home","item":"https:\/\/asteralabs.org\/de\/"},{"@type":"ListItem","position":2,"name":"Shop","item":"https:\/\/asteralabs.org\/shop\/"},{"@type":"ListItem","position":3,"name":"Methandienon"}]},{"@type":"WebSite","@id":"https:\/\/asteralabs.org\/de\/#website","url":"https:\/\/asteralabs.org\/de\/","name":"Astera Labs","description":"Improve Your Quality Of Life","publisher":{"@id":"https:\/\/asteralabs.org\/de\/#organization"},"potentialAction":[{"@type":"SearchAction","target":{"@type":"EntryPoint","urlTemplate":"https:\/\/asteralabs.org\/de\/?s={search_term_string}"},"query-input":"required name=search_term_string"}],"inLanguage":"de-DE"},{"@type":"Organization","@id":"https:\/\/asteralabs.org\/de\/#organization","name":"Astera Labs","url":"https:\/\/asteralabs.org\/de\/","logo":{"@type":"ImageObject","inLanguage":"de-DE","@id":"https:\/\/asteralabs.org\/de\/#\/schema\/logo\/image\/","url":"https:\/\/asteralabs.org\/wp-content\/uploads\/2022\/12\/astera-2.png","contentUrl":"https:\/\/asteralabs.org\/wp-content\/uploads\/2022\/12\/astera-2.png","width":437,"height":111,"caption":"Astera Labs"},"image":{"@id":"https:\/\/asteralabs.org\/de\/#\/schema\/logo\/image\/"}}]}},"_links":{"self":[{"href":"https:\/\/asteralabs.org\/de\/wp-json\/wp\/v2\/product\/77799"}],"collection":[{"href":"https:\/\/asteralabs.org\/de\/wp-json\/wp\/v2\/product"}],"about":[{"href":"https:\/\/asteralabs.org\/de\/wp-json\/wp\/v2\/types\/product"}],"replies":[{"embeddable":true,"href":"https:\/\/asteralabs.org\/de\/wp-json\/wp\/v2\/comments?post=77799"}],"version-history":[{"count":0,"href":"https:\/\/asteralabs.org\/de\/wp-json\/wp\/v2\/product\/77799\/revisions"}],"wp:featuredmedia":[{"embeddable":true,"href":"https:\/\/asteralabs.org\/de\/wp-json\/wp\/v2\/media\/75202"}],"wp:attachment":[{"href":"https:\/\/asteralabs.org\/de\/wp-json\/wp\/v2\/media?parent=77799"}],"wp:term":[{"taxonomy":"product_cat","embeddable":true,"href":"https:\/\/asteralabs.org\/de\/wp-json\/wp\/v2\/product_cat?post=77799"},{"taxonomy":"product_tag","embeddable":true,"href":"https:\/\/asteralabs.org\/de\/wp-json\/wp\/v2\/product_tag?post=77799"}],"curies":[{"name":"wp","href":"https:\/\/api.w.org\/{rel}","templated":true}]}}