{"id":77806,"date":"2022-11-05T23:10:13","date_gmt":"2022-11-05T23:10:13","guid":{"rendered":"https:\/\/asteralabs.org\/product\/nandrolon-phenylpropionat-npp\/"},"modified":"2026-01-15T10:16:31","modified_gmt":"2026-01-15T10:16:31","slug":"nandrolon-phenylpropionat-npp","status":"publish","type":"product","link":"https:\/\/asteralabs.org\/de\/product\/nandrolon-phenylpropionat-npp\/","title":{"rendered":"Nandrolon-Phenylpropionat (NPP)"},"content":{"rendered":"<p><strong>DOSIERUNG:<\/strong><br \/>\nNandrolonphenylpropionat (NPP) 100mg\/ml <strong>VERPACKUNGSINHALT:<\/strong><br \/>\n1 x 10ML Fl\u00e4schchen, 100 mg pro ml <strong>WAS IST ES:<\/strong><br \/>\nNandrolon ist ein weit verbreitetes Steroid, das zur Familie der 19-Nors geh\u00f6rt. 19-Nors zeichnen sich im Allgemeinen durch ihren Anabolismus und ihre progestogene Aktivit\u00e4t aus.<br \/>\nSie sind sehr anabol, aber sie weisen auch erhebliche Mengen an Satelliteninteraktion mit anderen Rezeptoren im K\u00f6rper auf. Am bemerkenswertesten ist ihre Interaktion mit dem Progesteronrezeptor.<br \/>\n19-Nor abgeleitete Gestagene sind Agonisten des Progesteronrezeptors, was bedeutet, dass sie an den Progesteronrezeptor binden und ihn aktivieren k\u00f6nnen. Nandrolon bewirkt eine Verringerung der F\u00e4higkeit, Schmerzen wahrzunehmen (dieser Anstieg wird mit einer heilenden Wirkung verwechselt) und kann auch zu DHN reduziert werden. DHN kann DHT von seinen Rezeptoren verdr\u00e4ngen und mehrere Nebenwirkungen verursachen, unter denen Stimmungsschwankungen hervorstechen und das Ausbleiben von Erektionen, dies kann mit Masteron, Proviron oder einem anderen Steroid, das direkt mit dem Androgenrezeptor durch DHT reagiert, behoben werden. <strong>ANWENDUNG:<\/strong><br \/>\nNormale Dosen sind in der Regel 200 bis 400 mg pro Woche f\u00fcr Anf\u00e4nger und fortgeschrittene Athleten, mit der M\u00f6glichkeit, 800 pro Woche f\u00fcr spezielle oder wettbewerbsorientierte Zwecke zu verwenden. Da es sich um einen kurzen Ester handelt, wird empfohlen, es ED oder EOD zu injizieren.<\/p>\n<p><strong>BATCH INFORMATION:<br \/>\n<\/strong>Chargennummer: <span data-sheets-root=\"1\" data-sheets-value=\"{\" data-sheets-userformat=\"{\">FG43540<\/span><br \/>\nHerstellungsdatum: <span data-sheets-root=\"1\" data-sheets-value=\"{\" data-sheets-userformat=\"{\">10.2025.<\/span><br \/>\nVerfallsdatum: <span data-sheets-root=\"1\" data-sheets-value=\"{\" data-sheets-userformat=\"{\">10.2028.<\/span><\/p>\n","protected":false},"excerpt":{"rendered":"<p>DOSIERUNG: Nandrolonphenylpropionat (NPP) 100mg\/ml VERPACKUNGSINHALT: 1 x 10ML Fl\u00e4schchen, 100 mg pro ml WAS IST ES: Nandrolon ist ein weit verbreitetes Steroid, das zur Familie der 19-Nors geh\u00f6rt. 19-Nors zeichnen sich im Allgemeinen durch ihren Anabolismus und ihre progestogene Aktivit\u00e4t aus. Sie sind sehr anabol, aber sie weisen auch erhebliche Mengen an Satelliteninteraktion mit anderen&hellip;<\/p>\n","protected":false},"featured_media":75194,"comment_status":"open","ping_status":"closed","template":"","meta":[],"product_cat":[156,154],"product_tag":[],"yoast_head":"<!-- This site is optimized with the Yoast SEO plugin v23.0 - https:\/\/yoast.com\/wordpress\/plugins\/seo\/ -->\n<title>Nandrolon-Phenylpropionat (NPP) - Astera Labs<\/title>\n<meta name=\"robots\" content=\"index, follow, max-snippet:-1, max-image-preview:large, max-video-preview:-1\" \/>\n<link rel=\"canonical\" href=\"https:\/\/asteralabs.org\/de\/product\/nandrolon-phenylpropionat-npp\/\" \/>\n<meta property=\"og:locale\" content=\"de_DE\" \/>\n<meta property=\"og:type\" content=\"article\" \/>\n<meta property=\"og:title\" content=\"Nandrolon-Phenylpropionat (NPP) - Astera Labs\" \/>\n<meta property=\"og:description\" content=\"DOSIERUNG: Nandrolonphenylpropionat (NPP) 100mg\/ml VERPACKUNGSINHALT: 1 x 10ML Fl\u00e4schchen, 100 mg pro ml WAS IST ES: Nandrolon ist ein weit verbreitetes Steroid, das zur Familie der 19-Nors geh\u00f6rt. 19-Nors zeichnen sich im Allgemeinen durch ihren Anabolismus und ihre progestogene Aktivit\u00e4t aus. Sie sind sehr anabol, aber sie weisen auch erhebliche Mengen an Satelliteninteraktion mit anderen&hellip;\" \/>\n<meta property=\"og:url\" content=\"https:\/\/asteralabs.org\/de\/product\/nandrolon-phenylpropionat-npp\/\" \/>\n<meta property=\"og:site_name\" content=\"Astera Labs\" \/>\n<meta property=\"article:modified_time\" content=\"2026-01-15T10:16:31+00:00\" \/>\n<meta property=\"og:image\" content=\"https:\/\/asteralabs.org\/wp-content\/uploads\/2022\/11\/19.png\" \/>\n\t<meta property=\"og:image:width\" content=\"2000\" \/>\n\t<meta property=\"og:image:height\" content=\"2000\" \/>\n\t<meta property=\"og:image:type\" content=\"image\/png\" \/>\n<meta name=\"twitter:card\" content=\"summary_large_image\" \/>\n<script type=\"application\/ld+json\" class=\"yoast-schema-graph\">{\"@context\":\"https:\/\/schema.org\",\"@graph\":[{\"@type\":\"WebPage\",\"@id\":\"https:\/\/asteralabs.org\/de\/product\/nandrolon-phenylpropionat-npp\/\",\"url\":\"https:\/\/asteralabs.org\/de\/product\/nandrolon-phenylpropionat-npp\/\",\"name\":\"Nandrolon-Phenylpropionat (NPP) - Astera Labs\",\"isPartOf\":{\"@id\":\"https:\/\/asteralabs.org\/de\/#website\"},\"primaryImageOfPage\":{\"@id\":\"https:\/\/asteralabs.org\/de\/product\/nandrolon-phenylpropionat-npp\/#primaryimage\"},\"image\":{\"@id\":\"https:\/\/asteralabs.org\/de\/product\/nandrolon-phenylpropionat-npp\/#primaryimage\"},\"thumbnailUrl\":\"https:\/\/asteralabs.org\/wp-content\/uploads\/2022\/11\/19.png\",\"datePublished\":\"2022-11-05T23:10:13+00:00\",\"dateModified\":\"2026-01-15T10:16:31+00:00\",\"breadcrumb\":{\"@id\":\"https:\/\/asteralabs.org\/de\/product\/nandrolon-phenylpropionat-npp\/#breadcrumb\"},\"inLanguage\":\"de-DE\",\"potentialAction\":[{\"@type\":\"ReadAction\",\"target\":[\"https:\/\/asteralabs.org\/de\/product\/nandrolon-phenylpropionat-npp\/\"]}]},{\"@type\":\"ImageObject\",\"inLanguage\":\"de-DE\",\"@id\":\"https:\/\/asteralabs.org\/de\/product\/nandrolon-phenylpropionat-npp\/#primaryimage\",\"url\":\"https:\/\/asteralabs.org\/wp-content\/uploads\/2022\/11\/19.png\",\"contentUrl\":\"https:\/\/asteralabs.org\/wp-content\/uploads\/2022\/11\/19.png\",\"width\":2000,\"height\":2000},{\"@type\":\"BreadcrumbList\",\"@id\":\"https:\/\/asteralabs.org\/de\/product\/nandrolon-phenylpropionat-npp\/#breadcrumb\",\"itemListElement\":[{\"@type\":\"ListItem\",\"position\":1,\"name\":\"Home\",\"item\":\"https:\/\/asteralabs.org\/de\/\"},{\"@type\":\"ListItem\",\"position\":2,\"name\":\"Shop\",\"item\":\"https:\/\/asteralabs.org\/shop\/\"},{\"@type\":\"ListItem\",\"position\":3,\"name\":\"Nandrolon-Phenylpropionat (NPP)\"}]},{\"@type\":\"WebSite\",\"@id\":\"https:\/\/asteralabs.org\/de\/#website\",\"url\":\"https:\/\/asteralabs.org\/de\/\",\"name\":\"Astera Labs\",\"description\":\"Improve Your Quality Of Life\",\"publisher\":{\"@id\":\"https:\/\/asteralabs.org\/de\/#organization\"},\"potentialAction\":[{\"@type\":\"SearchAction\",\"target\":{\"@type\":\"EntryPoint\",\"urlTemplate\":\"https:\/\/asteralabs.org\/de\/?s={search_term_string}\"},\"query-input\":\"required name=search_term_string\"}],\"inLanguage\":\"de-DE\"},{\"@type\":\"Organization\",\"@id\":\"https:\/\/asteralabs.org\/de\/#organization\",\"name\":\"Astera Labs\",\"url\":\"https:\/\/asteralabs.org\/de\/\",\"logo\":{\"@type\":\"ImageObject\",\"inLanguage\":\"de-DE\",\"@id\":\"https:\/\/asteralabs.org\/de\/#\/schema\/logo\/image\/\",\"url\":\"https:\/\/asteralabs.org\/wp-content\/uploads\/2022\/12\/astera-2.png\",\"contentUrl\":\"https:\/\/asteralabs.org\/wp-content\/uploads\/2022\/12\/astera-2.png\",\"width\":437,\"height\":111,\"caption\":\"Astera Labs\"},\"image\":{\"@id\":\"https:\/\/asteralabs.org\/de\/#\/schema\/logo\/image\/\"}}]}<\/script>\n<!-- \/ Yoast SEO plugin. -->","yoast_head_json":{"title":"Nandrolon-Phenylpropionat (NPP) - Astera Labs","robots":{"index":"index","follow":"follow","max-snippet":"max-snippet:-1","max-image-preview":"max-image-preview:large","max-video-preview":"max-video-preview:-1"},"canonical":"https:\/\/asteralabs.org\/de\/product\/nandrolon-phenylpropionat-npp\/","og_locale":"de_DE","og_type":"article","og_title":"Nandrolon-Phenylpropionat (NPP) - Astera Labs","og_description":"DOSIERUNG: Nandrolonphenylpropionat (NPP) 100mg\/ml VERPACKUNGSINHALT: 1 x 10ML Fl\u00e4schchen, 100 mg pro ml WAS IST ES: Nandrolon ist ein weit verbreitetes Steroid, das zur Familie der 19-Nors geh\u00f6rt. 19-Nors zeichnen sich im Allgemeinen durch ihren Anabolismus und ihre progestogene Aktivit\u00e4t aus. Sie sind sehr anabol, aber sie weisen auch erhebliche Mengen an Satelliteninteraktion mit anderen&hellip;","og_url":"https:\/\/asteralabs.org\/de\/product\/nandrolon-phenylpropionat-npp\/","og_site_name":"Astera Labs","article_modified_time":"2026-01-15T10:16:31+00:00","og_image":[{"width":2000,"height":2000,"url":"https:\/\/asteralabs.org\/wp-content\/uploads\/2022\/11\/19.png","type":"image\/png"}],"twitter_card":"summary_large_image","schema":{"@context":"https:\/\/schema.org","@graph":[{"@type":"WebPage","@id":"https:\/\/asteralabs.org\/de\/product\/nandrolon-phenylpropionat-npp\/","url":"https:\/\/asteralabs.org\/de\/product\/nandrolon-phenylpropionat-npp\/","name":"Nandrolon-Phenylpropionat (NPP) - Astera Labs","isPartOf":{"@id":"https:\/\/asteralabs.org\/de\/#website"},"primaryImageOfPage":{"@id":"https:\/\/asteralabs.org\/de\/product\/nandrolon-phenylpropionat-npp\/#primaryimage"},"image":{"@id":"https:\/\/asteralabs.org\/de\/product\/nandrolon-phenylpropionat-npp\/#primaryimage"},"thumbnailUrl":"https:\/\/asteralabs.org\/wp-content\/uploads\/2022\/11\/19.png","datePublished":"2022-11-05T23:10:13+00:00","dateModified":"2026-01-15T10:16:31+00:00","breadcrumb":{"@id":"https:\/\/asteralabs.org\/de\/product\/nandrolon-phenylpropionat-npp\/#breadcrumb"},"inLanguage":"de-DE","potentialAction":[{"@type":"ReadAction","target":["https:\/\/asteralabs.org\/de\/product\/nandrolon-phenylpropionat-npp\/"]}]},{"@type":"ImageObject","inLanguage":"de-DE","@id":"https:\/\/asteralabs.org\/de\/product\/nandrolon-phenylpropionat-npp\/#primaryimage","url":"https:\/\/asteralabs.org\/wp-content\/uploads\/2022\/11\/19.png","contentUrl":"https:\/\/asteralabs.org\/wp-content\/uploads\/2022\/11\/19.png","width":2000,"height":2000},{"@type":"BreadcrumbList","@id":"https:\/\/asteralabs.org\/de\/product\/nandrolon-phenylpropionat-npp\/#breadcrumb","itemListElement":[{"@type":"ListItem","position":1,"name":"Home","item":"https:\/\/asteralabs.org\/de\/"},{"@type":"ListItem","position":2,"name":"Shop","item":"https:\/\/asteralabs.org\/shop\/"},{"@type":"ListItem","position":3,"name":"Nandrolon-Phenylpropionat (NPP)"}]},{"@type":"WebSite","@id":"https:\/\/asteralabs.org\/de\/#website","url":"https:\/\/asteralabs.org\/de\/","name":"Astera Labs","description":"Improve Your Quality Of Life","publisher":{"@id":"https:\/\/asteralabs.org\/de\/#organization"},"potentialAction":[{"@type":"SearchAction","target":{"@type":"EntryPoint","urlTemplate":"https:\/\/asteralabs.org\/de\/?s={search_term_string}"},"query-input":"required name=search_term_string"}],"inLanguage":"de-DE"},{"@type":"Organization","@id":"https:\/\/asteralabs.org\/de\/#organization","name":"Astera Labs","url":"https:\/\/asteralabs.org\/de\/","logo":{"@type":"ImageObject","inLanguage":"de-DE","@id":"https:\/\/asteralabs.org\/de\/#\/schema\/logo\/image\/","url":"https:\/\/asteralabs.org\/wp-content\/uploads\/2022\/12\/astera-2.png","contentUrl":"https:\/\/asteralabs.org\/wp-content\/uploads\/2022\/12\/astera-2.png","width":437,"height":111,"caption":"Astera Labs"},"image":{"@id":"https:\/\/asteralabs.org\/de\/#\/schema\/logo\/image\/"}}]}},"_links":{"self":[{"href":"https:\/\/asteralabs.org\/de\/wp-json\/wp\/v2\/product\/77806"}],"collection":[{"href":"https:\/\/asteralabs.org\/de\/wp-json\/wp\/v2\/product"}],"about":[{"href":"https:\/\/asteralabs.org\/de\/wp-json\/wp\/v2\/types\/product"}],"replies":[{"embeddable":true,"href":"https:\/\/asteralabs.org\/de\/wp-json\/wp\/v2\/comments?post=77806"}],"version-history":[{"count":0,"href":"https:\/\/asteralabs.org\/de\/wp-json\/wp\/v2\/product\/77806\/revisions"}],"wp:featuredmedia":[{"embeddable":true,"href":"https:\/\/asteralabs.org\/de\/wp-json\/wp\/v2\/media\/75194"}],"wp:attachment":[{"href":"https:\/\/asteralabs.org\/de\/wp-json\/wp\/v2\/media?parent=77806"}],"wp:term":[{"taxonomy":"product_cat","embeddable":true,"href":"https:\/\/asteralabs.org\/de\/wp-json\/wp\/v2\/product_cat?post=77806"},{"taxonomy":"product_tag","embeddable":true,"href":"https:\/\/asteralabs.org\/de\/wp-json\/wp\/v2\/product_tag?post=77806"}],"curies":[{"name":"wp","href":"https:\/\/api.w.org\/{rel}","templated":true}]}}