{"id":77845,"date":"2022-11-05T23:01:30","date_gmt":"2022-11-05T23:01:30","guid":{"rendered":"https:\/\/asteralabs.org\/product\/bakteriostatisches-wasser\/"},"modified":"2026-01-14T12:32:11","modified_gmt":"2026-01-14T12:32:11","slug":"bakteriostatisches-wasser","status":"publish","type":"product","link":"https:\/\/asteralabs.org\/de\/product\/bakteriostatisches-wasser\/","title":{"rendered":"Bakteriostatisches Wasser"},"content":{"rendered":"<p><strong>DOSIERUNG: <\/strong><br \/>\nBakteriostatisches Wasser 10 ml <strong>VERPACKUNGSINHALT: <\/strong><br \/>\n1 x 10ML-Fl\u00e4schchen <strong>WAS IST DAS: <\/strong><br \/>\nist eine sterile L\u00f6sung, die ausschlie\u00dflich zur Verwendung mit Arzneimitteln bestimmt ist, die verd\u00fcnnt oder vor der Injektion in einem w\u00e4ssrigen Vehikel aufgel\u00f6st werden m\u00fcssen. WATERMED (Bakteriostatisches Wasser f\u00fcr Injektionszwecke) ist ein hochgereinigtes, sterilisiertes Wasser mit 0,9% Benzylalkohol, das zum Verd\u00fcnnen oder Aufl\u00f6sen von Medikamenten auf die f\u00fcr die Injektion geeignete Konsistenz verwendet wird. Bakteriostatisches Wasser (BW) hat einen pH-Wert von etwa 5,7. <strong>WIE ZU VERWENDEN: <\/strong>1<br \/>\nBakteriostatisches Wasser wird verwendet, um Medikamente zu verd\u00fcnnen oder aufzul\u00f6sen, die dem Patienten gem\u00e4\u00df den Anweisungen des Herstellers des zu verabreichenden Medikaments injiziert werden sollen.<br \/>\nEs unterscheidet sich von sterilisiertem Wasser, das gefiltert und gereinigt ist, aber keine Zus\u00e4tze enth\u00e4lt und im Allgemeinen nur f\u00fcr den einmaligen Gebrauch erh\u00e4ltlich ist. <strong>Chargeninformationen:<br \/>\n<\/strong>Chargennummer: FK57911<br \/>\nHerstellungsdatum: 10.2025.<br \/>\nVerfallsdatum: 10.2028.<\/p>\n","protected":false},"excerpt":{"rendered":"<p>DOSIERUNG: Bakteriostatisches Wasser 10 ml VERPACKUNGSINHALT: 1 x 10ML-Fl\u00e4schchen WAS IST DAS: ist eine sterile L\u00f6sung, die ausschlie\u00dflich zur Verwendung mit Arzneimitteln bestimmt ist, die verd\u00fcnnt oder vor der Injektion in einem w\u00e4ssrigen Vehikel aufgel\u00f6st werden m\u00fcssen. WATERMED (Bakteriostatisches Wasser f\u00fcr Injektionszwecke) ist ein hochgereinigtes, sterilisiertes Wasser mit 0,9% Benzylalkohol, das zum Verd\u00fcnnen oder Aufl\u00f6sen&hellip;<\/p>\n","protected":false},"featured_media":75154,"comment_status":"open","ping_status":"closed","template":"","meta":[],"product_cat":[156,154],"product_tag":[],"yoast_head":"<!-- This site is optimized with the Yoast SEO plugin v23.0 - https:\/\/yoast.com\/wordpress\/plugins\/seo\/ -->\n<title>Bakteriostatisches Wasser - Astera Labs<\/title>\n<meta name=\"robots\" content=\"index, follow, max-snippet:-1, max-image-preview:large, max-video-preview:-1\" \/>\n<link rel=\"canonical\" href=\"https:\/\/asteralabs.org\/de\/product\/bakteriostatisches-wasser\/\" \/>\n<meta property=\"og:locale\" content=\"de_DE\" \/>\n<meta property=\"og:type\" content=\"article\" \/>\n<meta property=\"og:title\" content=\"Bakteriostatisches Wasser - Astera Labs\" \/>\n<meta property=\"og:description\" content=\"DOSIERUNG: Bakteriostatisches Wasser 10 ml VERPACKUNGSINHALT: 1 x 10ML-Fl\u00e4schchen WAS IST DAS: ist eine sterile L\u00f6sung, die ausschlie\u00dflich zur Verwendung mit Arzneimitteln bestimmt ist, die verd\u00fcnnt oder vor der Injektion in einem w\u00e4ssrigen Vehikel aufgel\u00f6st werden m\u00fcssen. WATERMED (Bakteriostatisches Wasser f\u00fcr Injektionszwecke) ist ein hochgereinigtes, sterilisiertes Wasser mit 0,9% Benzylalkohol, das zum Verd\u00fcnnen oder Aufl\u00f6sen&hellip;\" \/>\n<meta property=\"og:url\" content=\"https:\/\/asteralabs.org\/de\/product\/bakteriostatisches-wasser\/\" \/>\n<meta property=\"og:site_name\" content=\"Astera Labs\" \/>\n<meta property=\"article:modified_time\" content=\"2026-01-14T12:32:11+00:00\" \/>\n<meta property=\"og:image\" content=\"https:\/\/asteralabs.org\/wp-content\/uploads\/2022\/11\/35.png\" \/>\n\t<meta property=\"og:image:width\" content=\"2000\" \/>\n\t<meta property=\"og:image:height\" content=\"2000\" \/>\n\t<meta property=\"og:image:type\" content=\"image\/png\" \/>\n<meta name=\"twitter:card\" content=\"summary_large_image\" \/>\n<script type=\"application\/ld+json\" class=\"yoast-schema-graph\">{\"@context\":\"https:\/\/schema.org\",\"@graph\":[{\"@type\":\"WebPage\",\"@id\":\"https:\/\/asteralabs.org\/de\/product\/bakteriostatisches-wasser\/\",\"url\":\"https:\/\/asteralabs.org\/de\/product\/bakteriostatisches-wasser\/\",\"name\":\"Bakteriostatisches Wasser - Astera Labs\",\"isPartOf\":{\"@id\":\"https:\/\/asteralabs.org\/de\/#website\"},\"primaryImageOfPage\":{\"@id\":\"https:\/\/asteralabs.org\/de\/product\/bakteriostatisches-wasser\/#primaryimage\"},\"image\":{\"@id\":\"https:\/\/asteralabs.org\/de\/product\/bakteriostatisches-wasser\/#primaryimage\"},\"thumbnailUrl\":\"https:\/\/asteralabs.org\/wp-content\/uploads\/2022\/11\/35.png\",\"datePublished\":\"2022-11-05T23:01:30+00:00\",\"dateModified\":\"2026-01-14T12:32:11+00:00\",\"breadcrumb\":{\"@id\":\"https:\/\/asteralabs.org\/de\/product\/bakteriostatisches-wasser\/#breadcrumb\"},\"inLanguage\":\"de-DE\",\"potentialAction\":[{\"@type\":\"ReadAction\",\"target\":[\"https:\/\/asteralabs.org\/de\/product\/bakteriostatisches-wasser\/\"]}]},{\"@type\":\"ImageObject\",\"inLanguage\":\"de-DE\",\"@id\":\"https:\/\/asteralabs.org\/de\/product\/bakteriostatisches-wasser\/#primaryimage\",\"url\":\"https:\/\/asteralabs.org\/wp-content\/uploads\/2022\/11\/35.png\",\"contentUrl\":\"https:\/\/asteralabs.org\/wp-content\/uploads\/2022\/11\/35.png\",\"width\":2000,\"height\":2000},{\"@type\":\"BreadcrumbList\",\"@id\":\"https:\/\/asteralabs.org\/de\/product\/bakteriostatisches-wasser\/#breadcrumb\",\"itemListElement\":[{\"@type\":\"ListItem\",\"position\":1,\"name\":\"Home\",\"item\":\"https:\/\/asteralabs.org\/de\/\"},{\"@type\":\"ListItem\",\"position\":2,\"name\":\"Shop\",\"item\":\"https:\/\/asteralabs.org\/shop\/\"},{\"@type\":\"ListItem\",\"position\":3,\"name\":\"Bakteriostatisches Wasser\"}]},{\"@type\":\"WebSite\",\"@id\":\"https:\/\/asteralabs.org\/de\/#website\",\"url\":\"https:\/\/asteralabs.org\/de\/\",\"name\":\"Astera Labs\",\"description\":\"Improve Your Quality Of Life\",\"publisher\":{\"@id\":\"https:\/\/asteralabs.org\/de\/#organization\"},\"potentialAction\":[{\"@type\":\"SearchAction\",\"target\":{\"@type\":\"EntryPoint\",\"urlTemplate\":\"https:\/\/asteralabs.org\/de\/?s={search_term_string}\"},\"query-input\":\"required name=search_term_string\"}],\"inLanguage\":\"de-DE\"},{\"@type\":\"Organization\",\"@id\":\"https:\/\/asteralabs.org\/de\/#organization\",\"name\":\"Astera Labs\",\"url\":\"https:\/\/asteralabs.org\/de\/\",\"logo\":{\"@type\":\"ImageObject\",\"inLanguage\":\"de-DE\",\"@id\":\"https:\/\/asteralabs.org\/de\/#\/schema\/logo\/image\/\",\"url\":\"https:\/\/asteralabs.org\/wp-content\/uploads\/2022\/12\/astera-2.png\",\"contentUrl\":\"https:\/\/asteralabs.org\/wp-content\/uploads\/2022\/12\/astera-2.png\",\"width\":437,\"height\":111,\"caption\":\"Astera Labs\"},\"image\":{\"@id\":\"https:\/\/asteralabs.org\/de\/#\/schema\/logo\/image\/\"}}]}<\/script>\n<!-- \/ Yoast SEO plugin. -->","yoast_head_json":{"title":"Bakteriostatisches Wasser - Astera Labs","robots":{"index":"index","follow":"follow","max-snippet":"max-snippet:-1","max-image-preview":"max-image-preview:large","max-video-preview":"max-video-preview:-1"},"canonical":"https:\/\/asteralabs.org\/de\/product\/bakteriostatisches-wasser\/","og_locale":"de_DE","og_type":"article","og_title":"Bakteriostatisches Wasser - Astera Labs","og_description":"DOSIERUNG: Bakteriostatisches Wasser 10 ml VERPACKUNGSINHALT: 1 x 10ML-Fl\u00e4schchen WAS IST DAS: ist eine sterile L\u00f6sung, die ausschlie\u00dflich zur Verwendung mit Arzneimitteln bestimmt ist, die verd\u00fcnnt oder vor der Injektion in einem w\u00e4ssrigen Vehikel aufgel\u00f6st werden m\u00fcssen. WATERMED (Bakteriostatisches Wasser f\u00fcr Injektionszwecke) ist ein hochgereinigtes, sterilisiertes Wasser mit 0,9% Benzylalkohol, das zum Verd\u00fcnnen oder Aufl\u00f6sen&hellip;","og_url":"https:\/\/asteralabs.org\/de\/product\/bakteriostatisches-wasser\/","og_site_name":"Astera Labs","article_modified_time":"2026-01-14T12:32:11+00:00","og_image":[{"width":2000,"height":2000,"url":"https:\/\/asteralabs.org\/wp-content\/uploads\/2022\/11\/35.png","type":"image\/png"}],"twitter_card":"summary_large_image","schema":{"@context":"https:\/\/schema.org","@graph":[{"@type":"WebPage","@id":"https:\/\/asteralabs.org\/de\/product\/bakteriostatisches-wasser\/","url":"https:\/\/asteralabs.org\/de\/product\/bakteriostatisches-wasser\/","name":"Bakteriostatisches Wasser - Astera Labs","isPartOf":{"@id":"https:\/\/asteralabs.org\/de\/#website"},"primaryImageOfPage":{"@id":"https:\/\/asteralabs.org\/de\/product\/bakteriostatisches-wasser\/#primaryimage"},"image":{"@id":"https:\/\/asteralabs.org\/de\/product\/bakteriostatisches-wasser\/#primaryimage"},"thumbnailUrl":"https:\/\/asteralabs.org\/wp-content\/uploads\/2022\/11\/35.png","datePublished":"2022-11-05T23:01:30+00:00","dateModified":"2026-01-14T12:32:11+00:00","breadcrumb":{"@id":"https:\/\/asteralabs.org\/de\/product\/bakteriostatisches-wasser\/#breadcrumb"},"inLanguage":"de-DE","potentialAction":[{"@type":"ReadAction","target":["https:\/\/asteralabs.org\/de\/product\/bakteriostatisches-wasser\/"]}]},{"@type":"ImageObject","inLanguage":"de-DE","@id":"https:\/\/asteralabs.org\/de\/product\/bakteriostatisches-wasser\/#primaryimage","url":"https:\/\/asteralabs.org\/wp-content\/uploads\/2022\/11\/35.png","contentUrl":"https:\/\/asteralabs.org\/wp-content\/uploads\/2022\/11\/35.png","width":2000,"height":2000},{"@type":"BreadcrumbList","@id":"https:\/\/asteralabs.org\/de\/product\/bakteriostatisches-wasser\/#breadcrumb","itemListElement":[{"@type":"ListItem","position":1,"name":"Home","item":"https:\/\/asteralabs.org\/de\/"},{"@type":"ListItem","position":2,"name":"Shop","item":"https:\/\/asteralabs.org\/shop\/"},{"@type":"ListItem","position":3,"name":"Bakteriostatisches Wasser"}]},{"@type":"WebSite","@id":"https:\/\/asteralabs.org\/de\/#website","url":"https:\/\/asteralabs.org\/de\/","name":"Astera Labs","description":"Improve Your Quality Of Life","publisher":{"@id":"https:\/\/asteralabs.org\/de\/#organization"},"potentialAction":[{"@type":"SearchAction","target":{"@type":"EntryPoint","urlTemplate":"https:\/\/asteralabs.org\/de\/?s={search_term_string}"},"query-input":"required name=search_term_string"}],"inLanguage":"de-DE"},{"@type":"Organization","@id":"https:\/\/asteralabs.org\/de\/#organization","name":"Astera Labs","url":"https:\/\/asteralabs.org\/de\/","logo":{"@type":"ImageObject","inLanguage":"de-DE","@id":"https:\/\/asteralabs.org\/de\/#\/schema\/logo\/image\/","url":"https:\/\/asteralabs.org\/wp-content\/uploads\/2022\/12\/astera-2.png","contentUrl":"https:\/\/asteralabs.org\/wp-content\/uploads\/2022\/12\/astera-2.png","width":437,"height":111,"caption":"Astera Labs"},"image":{"@id":"https:\/\/asteralabs.org\/de\/#\/schema\/logo\/image\/"}}]}},"_links":{"self":[{"href":"https:\/\/asteralabs.org\/de\/wp-json\/wp\/v2\/product\/77845"}],"collection":[{"href":"https:\/\/asteralabs.org\/de\/wp-json\/wp\/v2\/product"}],"about":[{"href":"https:\/\/asteralabs.org\/de\/wp-json\/wp\/v2\/types\/product"}],"replies":[{"embeddable":true,"href":"https:\/\/asteralabs.org\/de\/wp-json\/wp\/v2\/comments?post=77845"}],"version-history":[{"count":1,"href":"https:\/\/asteralabs.org\/de\/wp-json\/wp\/v2\/product\/77845\/revisions"}],"predecessor-version":[{"id":79144,"href":"https:\/\/asteralabs.org\/de\/wp-json\/wp\/v2\/product\/77845\/revisions\/79144"}],"wp:featuredmedia":[{"embeddable":true,"href":"https:\/\/asteralabs.org\/de\/wp-json\/wp\/v2\/media\/75154"}],"wp:attachment":[{"href":"https:\/\/asteralabs.org\/de\/wp-json\/wp\/v2\/media?parent=77845"}],"wp:term":[{"taxonomy":"product_cat","embeddable":true,"href":"https:\/\/asteralabs.org\/de\/wp-json\/wp\/v2\/product_cat?post=77845"},{"taxonomy":"product_tag","embeddable":true,"href":"https:\/\/asteralabs.org\/de\/wp-json\/wp\/v2\/product_tag?post=77845"}],"curies":[{"name":"wp","href":"https:\/\/api.w.org\/{rel}","templated":true}]}}