{"id":77861,"date":"2022-11-05T22:59:04","date_gmt":"2022-11-05T22:59:04","guid":{"rendered":"https:\/\/asteralabs.org\/product\/testosteron-propionat\/"},"modified":"2026-01-15T12:03:18","modified_gmt":"2026-01-15T12:03:18","slug":"testosteron-propionat","status":"publish","type":"product","link":"https:\/\/asteralabs.org\/de\/product\/testosteron-propionat\/","title":{"rendered":"Testosteron Propionat"},"content":{"rendered":"<p><strong>DOSIERUNG: <\/strong><br \/>\nTestosteron Propionat 100mg\/ml <strong>VERPACKUNGSINHALT: <\/strong><br \/>\n1 x 10ML Fl\u00e4schchen, 100 mg pro ml <strong>WAS IST ES: <\/strong><br \/>\nTestosteron ist das am meisten verwendete und vielseitigste Steroid auf dem Markt. Alle Zyklen ben\u00f6tigen eine Basis aus Testosteron in Kombination mit anderen Steroiden oder sie k\u00f6nnen sogar nur aus Testosteron bestehen, es kann auch in kleinen Dosen als TRT verwendet werden. <strong>WIE ANZUWENDEN: <\/strong><br \/>\nDie Dosis in einem Zyklus kann von 250 mg f\u00fcr Anf\u00e4nger bis zu 1 Gramm oder mehr bei professionellen Bodybuildern variieren. Wir pers\u00f6nlich empfehlen, die maximal m\u00f6gliche Dosis zu verwenden, die ohne Nebenwirkungen verwendet werden kann (nat\u00fcrlich abh\u00e4ngig vom Ziel). F\u00fcr eine TRT empfehlen wir die Verwendung einer Dosis, die auf Ihren Blutwerten basiert. Da es sich um einen kurzen Ester handelt, empfehlen wir, ED oder EOD zu injizieren. <strong>BATCH INFORMATIONEN:<br \/>\n<\/strong>Chargennummer: <span data-sheets-root=\"1\" data-sheets-value=\"{\" data-sheets-userformat=\"{\">CN55901<\/span><br \/>\nHerstellungsdatum: <span data-sheets-root=\"1\" data-sheets-value=\"{\" data-sheets-userformat=\"{\">10.2025.<\/span><br \/>\nVerfallsdatum: <span data-sheets-root=\"1\" data-sheets-value=\"{\" data-sheets-userformat=\"{\">10.2028.<\/span><\/p>\n","protected":false},"excerpt":{"rendered":"<p>DOSIERUNG: Testosteron Propionat 100mg\/ml VERPACKUNGSINHALT: 1 x 10ML Fl\u00e4schchen, 100 mg pro ml WAS IST ES: Testosteron ist das am meisten verwendete und vielseitigste Steroid auf dem Markt. Alle Zyklen ben\u00f6tigen eine Basis aus Testosteron in Kombination mit anderen Steroiden oder sie k\u00f6nnen sogar nur aus Testosteron bestehen, es kann auch in kleinen Dosen als&hellip;<\/p>\n","protected":false},"featured_media":75146,"comment_status":"open","ping_status":"closed","template":"","meta":[],"product_cat":[156,154],"product_tag":[],"yoast_head":"<!-- This site is optimized with the Yoast SEO plugin v23.0 - https:\/\/yoast.com\/wordpress\/plugins\/seo\/ -->\n<title>Testosteron Propionat - Astera Labs<\/title>\n<meta name=\"robots\" content=\"index, follow, max-snippet:-1, max-image-preview:large, max-video-preview:-1\" \/>\n<link rel=\"canonical\" href=\"https:\/\/asteralabs.org\/de\/product\/testosteron-propionat\/\" \/>\n<meta property=\"og:locale\" content=\"de_DE\" \/>\n<meta property=\"og:type\" content=\"article\" \/>\n<meta property=\"og:title\" content=\"Testosteron Propionat - Astera Labs\" \/>\n<meta property=\"og:description\" content=\"DOSIERUNG: Testosteron Propionat 100mg\/ml VERPACKUNGSINHALT: 1 x 10ML Fl\u00e4schchen, 100 mg pro ml WAS IST ES: Testosteron ist das am meisten verwendete und vielseitigste Steroid auf dem Markt. Alle Zyklen ben\u00f6tigen eine Basis aus Testosteron in Kombination mit anderen Steroiden oder sie k\u00f6nnen sogar nur aus Testosteron bestehen, es kann auch in kleinen Dosen als&hellip;\" \/>\n<meta property=\"og:url\" content=\"https:\/\/asteralabs.org\/de\/product\/testosteron-propionat\/\" \/>\n<meta property=\"og:site_name\" content=\"Astera Labs\" \/>\n<meta property=\"article:modified_time\" content=\"2026-01-15T12:03:18+00:00\" \/>\n<meta property=\"og:image\" content=\"https:\/\/asteralabs.org\/wp-content\/uploads\/2022\/11\/4.png\" \/>\n\t<meta property=\"og:image:width\" content=\"2000\" \/>\n\t<meta property=\"og:image:height\" content=\"2000\" \/>\n\t<meta property=\"og:image:type\" content=\"image\/png\" \/>\n<meta name=\"twitter:card\" content=\"summary_large_image\" \/>\n<script type=\"application\/ld+json\" class=\"yoast-schema-graph\">{\"@context\":\"https:\/\/schema.org\",\"@graph\":[{\"@type\":\"WebPage\",\"@id\":\"https:\/\/asteralabs.org\/de\/product\/testosteron-propionat\/\",\"url\":\"https:\/\/asteralabs.org\/de\/product\/testosteron-propionat\/\",\"name\":\"Testosteron Propionat - Astera Labs\",\"isPartOf\":{\"@id\":\"https:\/\/asteralabs.org\/de\/#website\"},\"primaryImageOfPage\":{\"@id\":\"https:\/\/asteralabs.org\/de\/product\/testosteron-propionat\/#primaryimage\"},\"image\":{\"@id\":\"https:\/\/asteralabs.org\/de\/product\/testosteron-propionat\/#primaryimage\"},\"thumbnailUrl\":\"https:\/\/asteralabs.org\/wp-content\/uploads\/2022\/11\/4.png\",\"datePublished\":\"2022-11-05T22:59:04+00:00\",\"dateModified\":\"2026-01-15T12:03:18+00:00\",\"breadcrumb\":{\"@id\":\"https:\/\/asteralabs.org\/de\/product\/testosteron-propionat\/#breadcrumb\"},\"inLanguage\":\"de-DE\",\"potentialAction\":[{\"@type\":\"ReadAction\",\"target\":[\"https:\/\/asteralabs.org\/de\/product\/testosteron-propionat\/\"]}]},{\"@type\":\"ImageObject\",\"inLanguage\":\"de-DE\",\"@id\":\"https:\/\/asteralabs.org\/de\/product\/testosteron-propionat\/#primaryimage\",\"url\":\"https:\/\/asteralabs.org\/wp-content\/uploads\/2022\/11\/4.png\",\"contentUrl\":\"https:\/\/asteralabs.org\/wp-content\/uploads\/2022\/11\/4.png\",\"width\":2000,\"height\":2000},{\"@type\":\"BreadcrumbList\",\"@id\":\"https:\/\/asteralabs.org\/de\/product\/testosteron-propionat\/#breadcrumb\",\"itemListElement\":[{\"@type\":\"ListItem\",\"position\":1,\"name\":\"Home\",\"item\":\"https:\/\/asteralabs.org\/de\/\"},{\"@type\":\"ListItem\",\"position\":2,\"name\":\"Shop\",\"item\":\"https:\/\/asteralabs.org\/shop\/\"},{\"@type\":\"ListItem\",\"position\":3,\"name\":\"Testosteron Propionat\"}]},{\"@type\":\"WebSite\",\"@id\":\"https:\/\/asteralabs.org\/de\/#website\",\"url\":\"https:\/\/asteralabs.org\/de\/\",\"name\":\"Astera Labs\",\"description\":\"Improve Your Quality Of Life\",\"publisher\":{\"@id\":\"https:\/\/asteralabs.org\/de\/#organization\"},\"potentialAction\":[{\"@type\":\"SearchAction\",\"target\":{\"@type\":\"EntryPoint\",\"urlTemplate\":\"https:\/\/asteralabs.org\/de\/?s={search_term_string}\"},\"query-input\":\"required name=search_term_string\"}],\"inLanguage\":\"de-DE\"},{\"@type\":\"Organization\",\"@id\":\"https:\/\/asteralabs.org\/de\/#organization\",\"name\":\"Astera Labs\",\"url\":\"https:\/\/asteralabs.org\/de\/\",\"logo\":{\"@type\":\"ImageObject\",\"inLanguage\":\"de-DE\",\"@id\":\"https:\/\/asteralabs.org\/de\/#\/schema\/logo\/image\/\",\"url\":\"https:\/\/asteralabs.org\/wp-content\/uploads\/2022\/12\/astera-2.png\",\"contentUrl\":\"https:\/\/asteralabs.org\/wp-content\/uploads\/2022\/12\/astera-2.png\",\"width\":437,\"height\":111,\"caption\":\"Astera Labs\"},\"image\":{\"@id\":\"https:\/\/asteralabs.org\/de\/#\/schema\/logo\/image\/\"}}]}<\/script>\n<!-- \/ Yoast SEO plugin. -->","yoast_head_json":{"title":"Testosteron Propionat - Astera Labs","robots":{"index":"index","follow":"follow","max-snippet":"max-snippet:-1","max-image-preview":"max-image-preview:large","max-video-preview":"max-video-preview:-1"},"canonical":"https:\/\/asteralabs.org\/de\/product\/testosteron-propionat\/","og_locale":"de_DE","og_type":"article","og_title":"Testosteron Propionat - Astera Labs","og_description":"DOSIERUNG: Testosteron Propionat 100mg\/ml VERPACKUNGSINHALT: 1 x 10ML Fl\u00e4schchen, 100 mg pro ml WAS IST ES: Testosteron ist das am meisten verwendete und vielseitigste Steroid auf dem Markt. Alle Zyklen ben\u00f6tigen eine Basis aus Testosteron in Kombination mit anderen Steroiden oder sie k\u00f6nnen sogar nur aus Testosteron bestehen, es kann auch in kleinen Dosen als&hellip;","og_url":"https:\/\/asteralabs.org\/de\/product\/testosteron-propionat\/","og_site_name":"Astera Labs","article_modified_time":"2026-01-15T12:03:18+00:00","og_image":[{"width":2000,"height":2000,"url":"https:\/\/asteralabs.org\/wp-content\/uploads\/2022\/11\/4.png","type":"image\/png"}],"twitter_card":"summary_large_image","schema":{"@context":"https:\/\/schema.org","@graph":[{"@type":"WebPage","@id":"https:\/\/asteralabs.org\/de\/product\/testosteron-propionat\/","url":"https:\/\/asteralabs.org\/de\/product\/testosteron-propionat\/","name":"Testosteron Propionat - Astera Labs","isPartOf":{"@id":"https:\/\/asteralabs.org\/de\/#website"},"primaryImageOfPage":{"@id":"https:\/\/asteralabs.org\/de\/product\/testosteron-propionat\/#primaryimage"},"image":{"@id":"https:\/\/asteralabs.org\/de\/product\/testosteron-propionat\/#primaryimage"},"thumbnailUrl":"https:\/\/asteralabs.org\/wp-content\/uploads\/2022\/11\/4.png","datePublished":"2022-11-05T22:59:04+00:00","dateModified":"2026-01-15T12:03:18+00:00","breadcrumb":{"@id":"https:\/\/asteralabs.org\/de\/product\/testosteron-propionat\/#breadcrumb"},"inLanguage":"de-DE","potentialAction":[{"@type":"ReadAction","target":["https:\/\/asteralabs.org\/de\/product\/testosteron-propionat\/"]}]},{"@type":"ImageObject","inLanguage":"de-DE","@id":"https:\/\/asteralabs.org\/de\/product\/testosteron-propionat\/#primaryimage","url":"https:\/\/asteralabs.org\/wp-content\/uploads\/2022\/11\/4.png","contentUrl":"https:\/\/asteralabs.org\/wp-content\/uploads\/2022\/11\/4.png","width":2000,"height":2000},{"@type":"BreadcrumbList","@id":"https:\/\/asteralabs.org\/de\/product\/testosteron-propionat\/#breadcrumb","itemListElement":[{"@type":"ListItem","position":1,"name":"Home","item":"https:\/\/asteralabs.org\/de\/"},{"@type":"ListItem","position":2,"name":"Shop","item":"https:\/\/asteralabs.org\/shop\/"},{"@type":"ListItem","position":3,"name":"Testosteron Propionat"}]},{"@type":"WebSite","@id":"https:\/\/asteralabs.org\/de\/#website","url":"https:\/\/asteralabs.org\/de\/","name":"Astera Labs","description":"Improve Your Quality Of Life","publisher":{"@id":"https:\/\/asteralabs.org\/de\/#organization"},"potentialAction":[{"@type":"SearchAction","target":{"@type":"EntryPoint","urlTemplate":"https:\/\/asteralabs.org\/de\/?s={search_term_string}"},"query-input":"required name=search_term_string"}],"inLanguage":"de-DE"},{"@type":"Organization","@id":"https:\/\/asteralabs.org\/de\/#organization","name":"Astera Labs","url":"https:\/\/asteralabs.org\/de\/","logo":{"@type":"ImageObject","inLanguage":"de-DE","@id":"https:\/\/asteralabs.org\/de\/#\/schema\/logo\/image\/","url":"https:\/\/asteralabs.org\/wp-content\/uploads\/2022\/12\/astera-2.png","contentUrl":"https:\/\/asteralabs.org\/wp-content\/uploads\/2022\/12\/astera-2.png","width":437,"height":111,"caption":"Astera Labs"},"image":{"@id":"https:\/\/asteralabs.org\/de\/#\/schema\/logo\/image\/"}}]}},"_links":{"self":[{"href":"https:\/\/asteralabs.org\/de\/wp-json\/wp\/v2\/product\/77861"}],"collection":[{"href":"https:\/\/asteralabs.org\/de\/wp-json\/wp\/v2\/product"}],"about":[{"href":"https:\/\/asteralabs.org\/de\/wp-json\/wp\/v2\/types\/product"}],"replies":[{"embeddable":true,"href":"https:\/\/asteralabs.org\/de\/wp-json\/wp\/v2\/comments?post=77861"}],"version-history":[{"count":0,"href":"https:\/\/asteralabs.org\/de\/wp-json\/wp\/v2\/product\/77861\/revisions"}],"wp:featuredmedia":[{"embeddable":true,"href":"https:\/\/asteralabs.org\/de\/wp-json\/wp\/v2\/media\/75146"}],"wp:attachment":[{"href":"https:\/\/asteralabs.org\/de\/wp-json\/wp\/v2\/media?parent=77861"}],"wp:term":[{"taxonomy":"product_cat","embeddable":true,"href":"https:\/\/asteralabs.org\/de\/wp-json\/wp\/v2\/product_cat?post=77861"},{"taxonomy":"product_tag","embeddable":true,"href":"https:\/\/asteralabs.org\/de\/wp-json\/wp\/v2\/product_tag?post=77861"}],"curies":[{"name":"wp","href":"https:\/\/api.w.org\/{rel}","templated":true}]}}