{"id":77874,"date":"2022-11-05T22:53:52","date_gmt":"2022-11-05T22:53:52","guid":{"rendered":"https:\/\/asteralabs.org\/product\/l-carnitin\/"},"modified":"2026-01-15T09:13:15","modified_gmt":"2026-01-15T09:13:15","slug":"l-carnitin","status":"publish","type":"product","link":"https:\/\/asteralabs.org\/de\/product\/l-carnitin\/","title":{"rendered":"L-Carnitin"},"content":{"rendered":"<p><strong>DOSIERUNG:<\/strong><br \/>\nL-Carnitin <span style=\"font-weight: 400;\">5<\/span><span style=\"font-weight: 400;\">00 mg\/ml<\/span><\/p>\n<p><strong>VERPACKUNGSINHALT:<\/strong><br \/>\n1 x 10ML Fl\u00e4schchen, 500 mg pro ml<\/p>\n<p><strong>WORUM ES SICH HANDELT:<\/strong><br \/>\nCarnitin ist eine Aminos\u00e4ure, deren Aufgabe es ist, Fetts\u00e4uren in die Mitochondrien zu transportieren. Carnitin ist n\u00fctzlich, um die Fettverbrennung zu steigern und zu optimieren, die Erholung zu verbessern und die\u00a0<span style=\"font-weight: 400;\">Kraft<\/span> zu erh\u00f6hen. Da der Carnitinspiegel bei einer einfachen Trainingseinheit stark reduziert werden kann, wird seine exogene Verabreichung empfohlen. Auf der Grundlage der verf\u00fcgbaren klinischen Studien wird empfohlen, es in einem Zustand der Hyperinsulin\u00e4mie zu verabreichen, um seine Aufnahme zu verbessern.<\/p>\n<p><strong>ANWENDUNG:<\/strong><br \/>\nEs kann sowohl intramuskul\u00e4r (IM) als auch subkutan (Subq) verabreicht werden, <span style=\"font-weight: 400;\">h\u00f6chstens so viel, wie Ihr K\u00f6rper vertragen kann. Wenn Sie die Regelm\u00e4\u00dfigkeit der Injektionen beibehalten, reicht die Mindestdosis allemal aus.<\/span> <span style=\"font-weight: 400;\">K<\/span><span style=\"font-weight: 400;\">onstante Aufrechterhaltung der S\u00e4ttigungswerte. Diese Verabreichung von L-Carnitin muss mit einem Zustand der Hyperinsulin\u00e4mie einhergehen, den wir durch die Verabreichung einer hohen Menge an einfachen Kohlenhydraten, etwa 90 Gramm, erreichen k\u00f6nnen. Es kann auch einfach durch die Injektion von Insulin erreicht werden, indem man genau 7 bis 10 IE <\/span><span style=\"font-weight: 400;\">ultraschnelles<\/span><span style=\"font-weight: 400;\"> Insulin subkutan verabreicht.<\/span><\/p>\n<p><strong>Chargen Informationen:<br \/>\n<\/strong>Chargennummer: <span data-sheets-root=\"1\" data-sheets-value=\"{\" data-sheets-userformat=\"{\">LU71048<\/span><br \/>\nHerstellungsdatum: <span data-sheets-root=\"1\" data-sheets-value=\"{\" data-sheets-userformat=\"{\">10.2025.<\/span><br \/>\nVerfallsdatum: <span data-sheets-root=\"1\" data-sheets-value=\"{\" data-sheets-userformat=\"{\">10.2028.<\/span><\/p>\n","protected":false},"excerpt":{"rendered":"<p>DOSIERUNG: L-Carnitin 500 mg\/ml VERPACKUNGSINHALT: 1 x 10ML Fl\u00e4schchen, 500 mg pro ml WORUM ES SICH HANDELT: Carnitin ist eine Aminos\u00e4ure, deren Aufgabe es ist, Fetts\u00e4uren in die Mitochondrien zu transportieren. Carnitin ist n\u00fctzlich, um die Fettverbrennung zu steigern und zu optimieren, die Erholung zu verbessern und die\u00a0Kraft zu erh\u00f6hen. Da der Carnitinspiegel bei einer&hellip;<\/p>\n","protected":false},"featured_media":75130,"comment_status":"open","ping_status":"closed","template":"","meta":[],"product_cat":[156,187],"product_tag":[],"yoast_head":"<!-- This site is optimized with the Yoast SEO plugin v23.0 - https:\/\/yoast.com\/wordpress\/plugins\/seo\/ -->\n<title>L-Carnitin - Astera Labs<\/title>\n<meta name=\"robots\" content=\"index, follow, max-snippet:-1, max-image-preview:large, max-video-preview:-1\" \/>\n<link rel=\"canonical\" href=\"https:\/\/asteralabs.org\/de\/product\/l-carnitin\/\" \/>\n<meta property=\"og:locale\" content=\"de_DE\" \/>\n<meta property=\"og:type\" content=\"article\" \/>\n<meta property=\"og:title\" content=\"L-Carnitin - Astera Labs\" \/>\n<meta property=\"og:description\" content=\"DOSIERUNG: L-Carnitin 500 mg\/ml VERPACKUNGSINHALT: 1 x 10ML Fl\u00e4schchen, 500 mg pro ml WORUM ES SICH HANDELT: Carnitin ist eine Aminos\u00e4ure, deren Aufgabe es ist, Fetts\u00e4uren in die Mitochondrien zu transportieren. Carnitin ist n\u00fctzlich, um die Fettverbrennung zu steigern und zu optimieren, die Erholung zu verbessern und die\u00a0Kraft zu erh\u00f6hen. Da der Carnitinspiegel bei einer&hellip;\" \/>\n<meta property=\"og:url\" content=\"https:\/\/asteralabs.org\/de\/product\/l-carnitin\/\" \/>\n<meta property=\"og:site_name\" content=\"Astera Labs\" \/>\n<meta property=\"article:modified_time\" content=\"2026-01-15T09:13:15+00:00\" \/>\n<meta property=\"og:image\" content=\"https:\/\/asteralabs.org\/wp-content\/uploads\/2022\/11\/25.png\" \/>\n\t<meta property=\"og:image:width\" content=\"2000\" \/>\n\t<meta property=\"og:image:height\" content=\"2000\" \/>\n\t<meta property=\"og:image:type\" content=\"image\/png\" \/>\n<meta name=\"twitter:card\" content=\"summary_large_image\" \/>\n<script type=\"application\/ld+json\" class=\"yoast-schema-graph\">{\"@context\":\"https:\/\/schema.org\",\"@graph\":[{\"@type\":\"WebPage\",\"@id\":\"https:\/\/asteralabs.org\/de\/product\/l-carnitin\/\",\"url\":\"https:\/\/asteralabs.org\/de\/product\/l-carnitin\/\",\"name\":\"L-Carnitin - Astera Labs\",\"isPartOf\":{\"@id\":\"https:\/\/asteralabs.org\/de\/#website\"},\"primaryImageOfPage\":{\"@id\":\"https:\/\/asteralabs.org\/de\/product\/l-carnitin\/#primaryimage\"},\"image\":{\"@id\":\"https:\/\/asteralabs.org\/de\/product\/l-carnitin\/#primaryimage\"},\"thumbnailUrl\":\"https:\/\/asteralabs.org\/wp-content\/uploads\/2022\/11\/25.png\",\"datePublished\":\"2022-11-05T22:53:52+00:00\",\"dateModified\":\"2026-01-15T09:13:15+00:00\",\"breadcrumb\":{\"@id\":\"https:\/\/asteralabs.org\/de\/product\/l-carnitin\/#breadcrumb\"},\"inLanguage\":\"de-DE\",\"potentialAction\":[{\"@type\":\"ReadAction\",\"target\":[\"https:\/\/asteralabs.org\/de\/product\/l-carnitin\/\"]}]},{\"@type\":\"ImageObject\",\"inLanguage\":\"de-DE\",\"@id\":\"https:\/\/asteralabs.org\/de\/product\/l-carnitin\/#primaryimage\",\"url\":\"https:\/\/asteralabs.org\/wp-content\/uploads\/2022\/11\/25.png\",\"contentUrl\":\"https:\/\/asteralabs.org\/wp-content\/uploads\/2022\/11\/25.png\",\"width\":2000,\"height\":2000},{\"@type\":\"BreadcrumbList\",\"@id\":\"https:\/\/asteralabs.org\/de\/product\/l-carnitin\/#breadcrumb\",\"itemListElement\":[{\"@type\":\"ListItem\",\"position\":1,\"name\":\"Home\",\"item\":\"https:\/\/asteralabs.org\/de\/\"},{\"@type\":\"ListItem\",\"position\":2,\"name\":\"Shop\",\"item\":\"https:\/\/asteralabs.org\/shop\/\"},{\"@type\":\"ListItem\",\"position\":3,\"name\":\"L-Carnitin\"}]},{\"@type\":\"WebSite\",\"@id\":\"https:\/\/asteralabs.org\/de\/#website\",\"url\":\"https:\/\/asteralabs.org\/de\/\",\"name\":\"Astera Labs\",\"description\":\"Improve Your Quality Of Life\",\"publisher\":{\"@id\":\"https:\/\/asteralabs.org\/de\/#organization\"},\"potentialAction\":[{\"@type\":\"SearchAction\",\"target\":{\"@type\":\"EntryPoint\",\"urlTemplate\":\"https:\/\/asteralabs.org\/de\/?s={search_term_string}\"},\"query-input\":\"required name=search_term_string\"}],\"inLanguage\":\"de-DE\"},{\"@type\":\"Organization\",\"@id\":\"https:\/\/asteralabs.org\/de\/#organization\",\"name\":\"Astera Labs\",\"url\":\"https:\/\/asteralabs.org\/de\/\",\"logo\":{\"@type\":\"ImageObject\",\"inLanguage\":\"de-DE\",\"@id\":\"https:\/\/asteralabs.org\/de\/#\/schema\/logo\/image\/\",\"url\":\"https:\/\/asteralabs.org\/wp-content\/uploads\/2022\/12\/astera-2.png\",\"contentUrl\":\"https:\/\/asteralabs.org\/wp-content\/uploads\/2022\/12\/astera-2.png\",\"width\":437,\"height\":111,\"caption\":\"Astera Labs\"},\"image\":{\"@id\":\"https:\/\/asteralabs.org\/de\/#\/schema\/logo\/image\/\"}}]}<\/script>\n<!-- \/ Yoast SEO plugin. -->","yoast_head_json":{"title":"L-Carnitin - Astera Labs","robots":{"index":"index","follow":"follow","max-snippet":"max-snippet:-1","max-image-preview":"max-image-preview:large","max-video-preview":"max-video-preview:-1"},"canonical":"https:\/\/asteralabs.org\/de\/product\/l-carnitin\/","og_locale":"de_DE","og_type":"article","og_title":"L-Carnitin - Astera Labs","og_description":"DOSIERUNG: L-Carnitin 500 mg\/ml VERPACKUNGSINHALT: 1 x 10ML Fl\u00e4schchen, 500 mg pro ml WORUM ES SICH HANDELT: Carnitin ist eine Aminos\u00e4ure, deren Aufgabe es ist, Fetts\u00e4uren in die Mitochondrien zu transportieren. Carnitin ist n\u00fctzlich, um die Fettverbrennung zu steigern und zu optimieren, die Erholung zu verbessern und die\u00a0Kraft zu erh\u00f6hen. Da der Carnitinspiegel bei einer&hellip;","og_url":"https:\/\/asteralabs.org\/de\/product\/l-carnitin\/","og_site_name":"Astera Labs","article_modified_time":"2026-01-15T09:13:15+00:00","og_image":[{"width":2000,"height":2000,"url":"https:\/\/asteralabs.org\/wp-content\/uploads\/2022\/11\/25.png","type":"image\/png"}],"twitter_card":"summary_large_image","schema":{"@context":"https:\/\/schema.org","@graph":[{"@type":"WebPage","@id":"https:\/\/asteralabs.org\/de\/product\/l-carnitin\/","url":"https:\/\/asteralabs.org\/de\/product\/l-carnitin\/","name":"L-Carnitin - Astera Labs","isPartOf":{"@id":"https:\/\/asteralabs.org\/de\/#website"},"primaryImageOfPage":{"@id":"https:\/\/asteralabs.org\/de\/product\/l-carnitin\/#primaryimage"},"image":{"@id":"https:\/\/asteralabs.org\/de\/product\/l-carnitin\/#primaryimage"},"thumbnailUrl":"https:\/\/asteralabs.org\/wp-content\/uploads\/2022\/11\/25.png","datePublished":"2022-11-05T22:53:52+00:00","dateModified":"2026-01-15T09:13:15+00:00","breadcrumb":{"@id":"https:\/\/asteralabs.org\/de\/product\/l-carnitin\/#breadcrumb"},"inLanguage":"de-DE","potentialAction":[{"@type":"ReadAction","target":["https:\/\/asteralabs.org\/de\/product\/l-carnitin\/"]}]},{"@type":"ImageObject","inLanguage":"de-DE","@id":"https:\/\/asteralabs.org\/de\/product\/l-carnitin\/#primaryimage","url":"https:\/\/asteralabs.org\/wp-content\/uploads\/2022\/11\/25.png","contentUrl":"https:\/\/asteralabs.org\/wp-content\/uploads\/2022\/11\/25.png","width":2000,"height":2000},{"@type":"BreadcrumbList","@id":"https:\/\/asteralabs.org\/de\/product\/l-carnitin\/#breadcrumb","itemListElement":[{"@type":"ListItem","position":1,"name":"Home","item":"https:\/\/asteralabs.org\/de\/"},{"@type":"ListItem","position":2,"name":"Shop","item":"https:\/\/asteralabs.org\/shop\/"},{"@type":"ListItem","position":3,"name":"L-Carnitin"}]},{"@type":"WebSite","@id":"https:\/\/asteralabs.org\/de\/#website","url":"https:\/\/asteralabs.org\/de\/","name":"Astera Labs","description":"Improve Your Quality Of Life","publisher":{"@id":"https:\/\/asteralabs.org\/de\/#organization"},"potentialAction":[{"@type":"SearchAction","target":{"@type":"EntryPoint","urlTemplate":"https:\/\/asteralabs.org\/de\/?s={search_term_string}"},"query-input":"required name=search_term_string"}],"inLanguage":"de-DE"},{"@type":"Organization","@id":"https:\/\/asteralabs.org\/de\/#organization","name":"Astera Labs","url":"https:\/\/asteralabs.org\/de\/","logo":{"@type":"ImageObject","inLanguage":"de-DE","@id":"https:\/\/asteralabs.org\/de\/#\/schema\/logo\/image\/","url":"https:\/\/asteralabs.org\/wp-content\/uploads\/2022\/12\/astera-2.png","contentUrl":"https:\/\/asteralabs.org\/wp-content\/uploads\/2022\/12\/astera-2.png","width":437,"height":111,"caption":"Astera Labs"},"image":{"@id":"https:\/\/asteralabs.org\/de\/#\/schema\/logo\/image\/"}}]}},"_links":{"self":[{"href":"https:\/\/asteralabs.org\/de\/wp-json\/wp\/v2\/product\/77874"}],"collection":[{"href":"https:\/\/asteralabs.org\/de\/wp-json\/wp\/v2\/product"}],"about":[{"href":"https:\/\/asteralabs.org\/de\/wp-json\/wp\/v2\/types\/product"}],"replies":[{"embeddable":true,"href":"https:\/\/asteralabs.org\/de\/wp-json\/wp\/v2\/comments?post=77874"}],"version-history":[{"count":2,"href":"https:\/\/asteralabs.org\/de\/wp-json\/wp\/v2\/product\/77874\/revisions"}],"predecessor-version":[{"id":78722,"href":"https:\/\/asteralabs.org\/de\/wp-json\/wp\/v2\/product\/77874\/revisions\/78722"}],"wp:featuredmedia":[{"embeddable":true,"href":"https:\/\/asteralabs.org\/de\/wp-json\/wp\/v2\/media\/75130"}],"wp:attachment":[{"href":"https:\/\/asteralabs.org\/de\/wp-json\/wp\/v2\/media?parent=77874"}],"wp:term":[{"taxonomy":"product_cat","embeddable":true,"href":"https:\/\/asteralabs.org\/de\/wp-json\/wp\/v2\/product_cat?post=77874"},{"taxonomy":"product_tag","embeddable":true,"href":"https:\/\/asteralabs.org\/de\/wp-json\/wp\/v2\/product_tag?post=77874"}],"curies":[{"name":"wp","href":"https:\/\/api.w.org\/{rel}","templated":true}]}}