{"id":77886,"date":"2022-11-05T22:45:25","date_gmt":"2022-11-05T22:45:25","guid":{"rendered":"https:\/\/asteralabs.org\/product\/trenbolon-hexahydrobenzylcarbonat\/"},"modified":"2026-01-15T12:59:50","modified_gmt":"2026-01-15T12:59:50","slug":"trenbolon-hexahydrobenzylcarbonat","status":"publish","type":"product","link":"https:\/\/asteralabs.org\/de\/product\/trenbolon-hexahydrobenzylcarbonat\/","title":{"rendered":"Trenbolon Hexahydrobenzylcarbonat"},"content":{"rendered":"<p><strong>DOSIERUNG: <\/strong><br \/>\nTrenbolon Hexahydrobenzylcarbonat 100mg\/ml <strong>VERPACKUNGSINHALT: <\/strong><br \/>\n1 x 10ML Fl\u00e4schchen, 100 mg pro ml <strong>WAS IST ES: <\/strong><br \/>\nTrenbolon ist ein Steroid, das sich von 19-Nortestosteron ableitet und eines der st\u00e4rksten und effektivsten Steroide ist, die es derzeit gibt.<br \/>\nAufgrund seiner hohen Affinit\u00e4t zu Androgenrezeptoren ist es ein vielseitiges Steroid, das n\u00fctzlich ist, um Muskelmasse zu gewinnen, Fett zu verlieren und die St\u00e4rke zu erh\u00f6hen. Es ist sehr n\u00fctzlich w\u00e4hrend eines Cutting-Zyklus, um so viel Magermasse wie m\u00f6glich zu erhalten und gleichzeitig so viel Fett wie m\u00f6glich zu verlieren.<br \/>\nObwohl seine Nebenwirkungen \u00fcbertrieben sind und denen anderer Steroide sehr \u00e4hnlich und dosisabh\u00e4ngig sind, muss ber\u00fccksichtigt werden, dass es Schlafst\u00f6rungen (abh\u00e4ngig von der Dosis und dem Zeitpunkt der Einnahme) und Stimmungsschwankungen (abh\u00e4ngig von der Person) verursacht. <strong>WIE ANZUWENDEN: <\/strong><br \/>\nDa es sich um ein sehr vielseitiges Steroid handelt, k\u00f6nnen Dosen von 75mg pro Woche w\u00e4hrend einer Cutting-Phase sehr n\u00fctzlich sein, ohne Nebenwirkungen zu verursachen oder deren Wahrscheinlichkeit zu verringern. Wir empfehlen, mit 75 mg pro Woche zu beginnen und die Dosis allm\u00e4hlich zu erh\u00f6hen, bis Sie Nebenwirkungen bemerken, und das w\u00e4re dann Ihre maximale Dosis. Da es sich um einen langen Ester handelt, kann es EOD oder zweimal pro Woche injiziert werden.<\/p>\n<p><strong>BATCH INFORMATION:<br \/>\n<\/strong>Chargennummer: <span data-sheets-root=\"1\" data-sheets-value=\"{\" data-sheets-userformat=\"{\">JF15028<\/span><br \/>\nHerstellungsdatum: <span data-sheets-root=\"1\" data-sheets-value=\"{\" data-sheets-userformat=\"{\">10.2025.<\/span><br \/>\nVerfallsdatum: <span data-sheets-root=\"1\" data-sheets-value=\"{\" data-sheets-userformat=\"{\">10.2028.<\/span><\/p>\n","protected":false},"excerpt":{"rendered":"<p>DOSIERUNG: Trenbolon Hexahydrobenzylcarbonat 100mg\/ml VERPACKUNGSINHALT: 1 x 10ML Fl\u00e4schchen, 100 mg pro ml WAS IST ES: Trenbolon ist ein Steroid, das sich von 19-Nortestosteron ableitet und eines der st\u00e4rksten und effektivsten Steroide ist, die es derzeit gibt. Aufgrund seiner hohen Affinit\u00e4t zu Androgenrezeptoren ist es ein vielseitiges Steroid, das n\u00fctzlich ist, um Muskelmasse zu gewinnen,&hellip;<\/p>\n","protected":false},"featured_media":76682,"comment_status":"open","ping_status":"closed","template":"","meta":[],"product_cat":[156,154],"product_tag":[],"yoast_head":"<!-- This site is optimized with the Yoast SEO plugin v23.0 - https:\/\/yoast.com\/wordpress\/plugins\/seo\/ -->\n<title>Trenbolon Hexahydrobenzylcarbonat - Astera Labs<\/title>\n<meta name=\"robots\" content=\"index, follow, max-snippet:-1, max-image-preview:large, max-video-preview:-1\" \/>\n<link rel=\"canonical\" href=\"https:\/\/asteralabs.org\/de\/product\/trenbolon-hexahydrobenzylcarbonat\/\" \/>\n<meta property=\"og:locale\" content=\"de_DE\" \/>\n<meta property=\"og:type\" content=\"article\" \/>\n<meta property=\"og:title\" content=\"Trenbolon Hexahydrobenzylcarbonat - Astera Labs\" \/>\n<meta property=\"og:description\" content=\"DOSIERUNG: Trenbolon Hexahydrobenzylcarbonat 100mg\/ml VERPACKUNGSINHALT: 1 x 10ML Fl\u00e4schchen, 100 mg pro ml WAS IST ES: Trenbolon ist ein Steroid, das sich von 19-Nortestosteron ableitet und eines der st\u00e4rksten und effektivsten Steroide ist, die es derzeit gibt. Aufgrund seiner hohen Affinit\u00e4t zu Androgenrezeptoren ist es ein vielseitiges Steroid, das n\u00fctzlich ist, um Muskelmasse zu gewinnen,&hellip;\" \/>\n<meta property=\"og:url\" content=\"https:\/\/asteralabs.org\/de\/product\/trenbolon-hexahydrobenzylcarbonat\/\" \/>\n<meta property=\"og:site_name\" content=\"Astera Labs\" \/>\n<meta property=\"article:modified_time\" content=\"2026-01-15T12:59:50+00:00\" \/>\n<meta property=\"og:image\" content=\"https:\/\/asteralabs.org\/wp-content\/uploads\/2022\/11\/TRENBOLONE-hex.png\" \/>\n\t<meta property=\"og:image:width\" content=\"2000\" \/>\n\t<meta property=\"og:image:height\" content=\"2000\" \/>\n\t<meta property=\"og:image:type\" content=\"image\/png\" \/>\n<meta name=\"twitter:card\" content=\"summary_large_image\" \/>\n<script type=\"application\/ld+json\" class=\"yoast-schema-graph\">{\"@context\":\"https:\/\/schema.org\",\"@graph\":[{\"@type\":\"WebPage\",\"@id\":\"https:\/\/asteralabs.org\/de\/product\/trenbolon-hexahydrobenzylcarbonat\/\",\"url\":\"https:\/\/asteralabs.org\/de\/product\/trenbolon-hexahydrobenzylcarbonat\/\",\"name\":\"Trenbolon Hexahydrobenzylcarbonat - Astera Labs\",\"isPartOf\":{\"@id\":\"https:\/\/asteralabs.org\/de\/#website\"},\"primaryImageOfPage\":{\"@id\":\"https:\/\/asteralabs.org\/de\/product\/trenbolon-hexahydrobenzylcarbonat\/#primaryimage\"},\"image\":{\"@id\":\"https:\/\/asteralabs.org\/de\/product\/trenbolon-hexahydrobenzylcarbonat\/#primaryimage\"},\"thumbnailUrl\":\"https:\/\/asteralabs.org\/wp-content\/uploads\/2022\/11\/TRENBOLONE-hex.png\",\"datePublished\":\"2022-11-05T22:45:25+00:00\",\"dateModified\":\"2026-01-15T12:59:50+00:00\",\"breadcrumb\":{\"@id\":\"https:\/\/asteralabs.org\/de\/product\/trenbolon-hexahydrobenzylcarbonat\/#breadcrumb\"},\"inLanguage\":\"de-DE\",\"potentialAction\":[{\"@type\":\"ReadAction\",\"target\":[\"https:\/\/asteralabs.org\/de\/product\/trenbolon-hexahydrobenzylcarbonat\/\"]}]},{\"@type\":\"ImageObject\",\"inLanguage\":\"de-DE\",\"@id\":\"https:\/\/asteralabs.org\/de\/product\/trenbolon-hexahydrobenzylcarbonat\/#primaryimage\",\"url\":\"https:\/\/asteralabs.org\/wp-content\/uploads\/2022\/11\/TRENBOLONE-hex.png\",\"contentUrl\":\"https:\/\/asteralabs.org\/wp-content\/uploads\/2022\/11\/TRENBOLONE-hex.png\",\"width\":2000,\"height\":2000},{\"@type\":\"BreadcrumbList\",\"@id\":\"https:\/\/asteralabs.org\/de\/product\/trenbolon-hexahydrobenzylcarbonat\/#breadcrumb\",\"itemListElement\":[{\"@type\":\"ListItem\",\"position\":1,\"name\":\"Home\",\"item\":\"https:\/\/asteralabs.org\/de\/\"},{\"@type\":\"ListItem\",\"position\":2,\"name\":\"Shop\",\"item\":\"https:\/\/asteralabs.org\/shop\/\"},{\"@type\":\"ListItem\",\"position\":3,\"name\":\"Trenbolon Hexahydrobenzylcarbonat\"}]},{\"@type\":\"WebSite\",\"@id\":\"https:\/\/asteralabs.org\/de\/#website\",\"url\":\"https:\/\/asteralabs.org\/de\/\",\"name\":\"Astera Labs\",\"description\":\"Improve Your Quality Of Life\",\"publisher\":{\"@id\":\"https:\/\/asteralabs.org\/de\/#organization\"},\"potentialAction\":[{\"@type\":\"SearchAction\",\"target\":{\"@type\":\"EntryPoint\",\"urlTemplate\":\"https:\/\/asteralabs.org\/de\/?s={search_term_string}\"},\"query-input\":\"required name=search_term_string\"}],\"inLanguage\":\"de-DE\"},{\"@type\":\"Organization\",\"@id\":\"https:\/\/asteralabs.org\/de\/#organization\",\"name\":\"Astera Labs\",\"url\":\"https:\/\/asteralabs.org\/de\/\",\"logo\":{\"@type\":\"ImageObject\",\"inLanguage\":\"de-DE\",\"@id\":\"https:\/\/asteralabs.org\/de\/#\/schema\/logo\/image\/\",\"url\":\"https:\/\/asteralabs.org\/wp-content\/uploads\/2022\/12\/astera-2.png\",\"contentUrl\":\"https:\/\/asteralabs.org\/wp-content\/uploads\/2022\/12\/astera-2.png\",\"width\":437,\"height\":111,\"caption\":\"Astera Labs\"},\"image\":{\"@id\":\"https:\/\/asteralabs.org\/de\/#\/schema\/logo\/image\/\"}}]}<\/script>\n<!-- \/ Yoast SEO plugin. -->","yoast_head_json":{"title":"Trenbolon Hexahydrobenzylcarbonat - Astera Labs","robots":{"index":"index","follow":"follow","max-snippet":"max-snippet:-1","max-image-preview":"max-image-preview:large","max-video-preview":"max-video-preview:-1"},"canonical":"https:\/\/asteralabs.org\/de\/product\/trenbolon-hexahydrobenzylcarbonat\/","og_locale":"de_DE","og_type":"article","og_title":"Trenbolon Hexahydrobenzylcarbonat - Astera Labs","og_description":"DOSIERUNG: Trenbolon Hexahydrobenzylcarbonat 100mg\/ml VERPACKUNGSINHALT: 1 x 10ML Fl\u00e4schchen, 100 mg pro ml WAS IST ES: Trenbolon ist ein Steroid, das sich von 19-Nortestosteron ableitet und eines der st\u00e4rksten und effektivsten Steroide ist, die es derzeit gibt. Aufgrund seiner hohen Affinit\u00e4t zu Androgenrezeptoren ist es ein vielseitiges Steroid, das n\u00fctzlich ist, um Muskelmasse zu gewinnen,&hellip;","og_url":"https:\/\/asteralabs.org\/de\/product\/trenbolon-hexahydrobenzylcarbonat\/","og_site_name":"Astera Labs","article_modified_time":"2026-01-15T12:59:50+00:00","og_image":[{"width":2000,"height":2000,"url":"https:\/\/asteralabs.org\/wp-content\/uploads\/2022\/11\/TRENBOLONE-hex.png","type":"image\/png"}],"twitter_card":"summary_large_image","schema":{"@context":"https:\/\/schema.org","@graph":[{"@type":"WebPage","@id":"https:\/\/asteralabs.org\/de\/product\/trenbolon-hexahydrobenzylcarbonat\/","url":"https:\/\/asteralabs.org\/de\/product\/trenbolon-hexahydrobenzylcarbonat\/","name":"Trenbolon Hexahydrobenzylcarbonat - Astera Labs","isPartOf":{"@id":"https:\/\/asteralabs.org\/de\/#website"},"primaryImageOfPage":{"@id":"https:\/\/asteralabs.org\/de\/product\/trenbolon-hexahydrobenzylcarbonat\/#primaryimage"},"image":{"@id":"https:\/\/asteralabs.org\/de\/product\/trenbolon-hexahydrobenzylcarbonat\/#primaryimage"},"thumbnailUrl":"https:\/\/asteralabs.org\/wp-content\/uploads\/2022\/11\/TRENBOLONE-hex.png","datePublished":"2022-11-05T22:45:25+00:00","dateModified":"2026-01-15T12:59:50+00:00","breadcrumb":{"@id":"https:\/\/asteralabs.org\/de\/product\/trenbolon-hexahydrobenzylcarbonat\/#breadcrumb"},"inLanguage":"de-DE","potentialAction":[{"@type":"ReadAction","target":["https:\/\/asteralabs.org\/de\/product\/trenbolon-hexahydrobenzylcarbonat\/"]}]},{"@type":"ImageObject","inLanguage":"de-DE","@id":"https:\/\/asteralabs.org\/de\/product\/trenbolon-hexahydrobenzylcarbonat\/#primaryimage","url":"https:\/\/asteralabs.org\/wp-content\/uploads\/2022\/11\/TRENBOLONE-hex.png","contentUrl":"https:\/\/asteralabs.org\/wp-content\/uploads\/2022\/11\/TRENBOLONE-hex.png","width":2000,"height":2000},{"@type":"BreadcrumbList","@id":"https:\/\/asteralabs.org\/de\/product\/trenbolon-hexahydrobenzylcarbonat\/#breadcrumb","itemListElement":[{"@type":"ListItem","position":1,"name":"Home","item":"https:\/\/asteralabs.org\/de\/"},{"@type":"ListItem","position":2,"name":"Shop","item":"https:\/\/asteralabs.org\/shop\/"},{"@type":"ListItem","position":3,"name":"Trenbolon Hexahydrobenzylcarbonat"}]},{"@type":"WebSite","@id":"https:\/\/asteralabs.org\/de\/#website","url":"https:\/\/asteralabs.org\/de\/","name":"Astera Labs","description":"Improve Your Quality Of Life","publisher":{"@id":"https:\/\/asteralabs.org\/de\/#organization"},"potentialAction":[{"@type":"SearchAction","target":{"@type":"EntryPoint","urlTemplate":"https:\/\/asteralabs.org\/de\/?s={search_term_string}"},"query-input":"required name=search_term_string"}],"inLanguage":"de-DE"},{"@type":"Organization","@id":"https:\/\/asteralabs.org\/de\/#organization","name":"Astera Labs","url":"https:\/\/asteralabs.org\/de\/","logo":{"@type":"ImageObject","inLanguage":"de-DE","@id":"https:\/\/asteralabs.org\/de\/#\/schema\/logo\/image\/","url":"https:\/\/asteralabs.org\/wp-content\/uploads\/2022\/12\/astera-2.png","contentUrl":"https:\/\/asteralabs.org\/wp-content\/uploads\/2022\/12\/astera-2.png","width":437,"height":111,"caption":"Astera Labs"},"image":{"@id":"https:\/\/asteralabs.org\/de\/#\/schema\/logo\/image\/"}}]}},"_links":{"self":[{"href":"https:\/\/asteralabs.org\/de\/wp-json\/wp\/v2\/product\/77886"}],"collection":[{"href":"https:\/\/asteralabs.org\/de\/wp-json\/wp\/v2\/product"}],"about":[{"href":"https:\/\/asteralabs.org\/de\/wp-json\/wp\/v2\/types\/product"}],"replies":[{"embeddable":true,"href":"https:\/\/asteralabs.org\/de\/wp-json\/wp\/v2\/comments?post=77886"}],"version-history":[{"count":0,"href":"https:\/\/asteralabs.org\/de\/wp-json\/wp\/v2\/product\/77886\/revisions"}],"wp:featuredmedia":[{"embeddable":true,"href":"https:\/\/asteralabs.org\/de\/wp-json\/wp\/v2\/media\/76682"}],"wp:attachment":[{"href":"https:\/\/asteralabs.org\/de\/wp-json\/wp\/v2\/media?parent=77886"}],"wp:term":[{"taxonomy":"product_cat","embeddable":true,"href":"https:\/\/asteralabs.org\/de\/wp-json\/wp\/v2\/product_cat?post=77886"},{"taxonomy":"product_tag","embeddable":true,"href":"https:\/\/asteralabs.org\/de\/wp-json\/wp\/v2\/product_tag?post=77886"}],"curies":[{"name":"wp","href":"https:\/\/api.w.org\/{rel}","templated":true}]}}