{"id":77942,"date":"2022-11-05T22:32:03","date_gmt":"2022-11-05T22:32:03","guid":{"rendered":"https:\/\/asteralabs.org\/product\/trestolon-acetat-ment\/"},"modified":"2026-01-16T07:42:22","modified_gmt":"2026-01-16T07:42:22","slug":"trestolon-acetat-ment","status":"publish","type":"product","link":"https:\/\/asteralabs.org\/de\/product\/trestolon-acetat-ment\/","title":{"rendered":"Trestolon-Acetat (MENT)"},"content":{"rendered":"<p><strong>DOSIERUNG: <\/strong><br \/>\nTrestolone Acetate 50mg\/ml <strong>VERPACKUNGSINHALT: <\/strong><br \/>\n1 x 10ML Fl\u00e4schchen, 50 mg pro ml <strong>WAS IST ES: <\/strong><br \/>\nDas st\u00e4rkste Steroid, das als Trestolone Acetate bekannt ist, ist die methylierte Version von Nandrolon und hat eine weitaus h\u00f6here Potenz als Trenbolon, wird weithin als eine Kombination der beiden angesehen. Es handelt sich um eine stark aromatisierbare Substanz, so dass bei ihrer Verwendung darauf geachtet werden sollte, \u00d6stradiol mit alternativen Methoden oder niedrigeren Dosierungen zu kontrollieren, als dies f\u00fcr regul\u00e4re Substanzen typisch w\u00e4re. Es wird nicht in DHT umgewandelt. Es ist die Chemikalie mit der h\u00f6chsten Hemmungskonstante von Milligramm zu Milligramm und wird unter anderem als Verh\u00fctungsmittel f\u00fcr M\u00e4nner verwendet. <strong>WIE ANZUWENDEN: <\/strong><br \/>\nDie Dosierung h\u00e4ngt vom Anwender ab. In der Regel sind Dosen von 5-10 mg pro Tag (35-70 mg pro Woche) \u00fcblich. Erfahrenere Anwenderinnen verwenden typischerweise 10-25 mg pro Tag (70-175 mg pro Woche) oder sogar 25-50 mg pro Tag (150-350 mg pro Woche). Wir empfehlen, die Dosis w\u00f6chentlich zu erh\u00f6hen, bis Sie die Dosis gefunden haben, die Ihren Bed\u00fcrfnissen am besten entspricht. Normalerweise dauern die Zyklen 8 bis 12 Wochen. <strong>BATCH INFORMATIONEN:<br \/>\n<\/strong>Chargennummer: <span data-sheets-root=\"1\" data-sheets-value=\"{\" data-sheets-userformat=\"{\">SY44821<\/span><br \/>\nHerstellungsdatum: <span data-sheets-root=\"1\" data-sheets-value=\"{\" data-sheets-userformat=\"{\">10.2025.<\/span><br \/>\nVerfallsdatum: <span data-sheets-root=\"1\" data-sheets-value=\"{\" data-sheets-userformat=\"{\">10.2028.<\/span><\/p>\n","protected":false},"excerpt":{"rendered":"<p>DOSIERUNG: Trestolone Acetate 50mg\/ml VERPACKUNGSINHALT: 1 x 10ML Fl\u00e4schchen, 50 mg pro ml WAS IST ES: Das st\u00e4rkste Steroid, das als Trestolone Acetate bekannt ist, ist die methylierte Version von Nandrolon und hat eine weitaus h\u00f6here Potenz als Trenbolon, wird weithin als eine Kombination der beiden angesehen. Es handelt sich um eine stark aromatisierbare Substanz,&hellip;<\/p>\n","protected":false},"featured_media":75066,"comment_status":"open","ping_status":"closed","template":"","meta":{"_acf_changed":false},"product_brand":[],"product_cat":[156,154],"product_tag":[],"class_list":{"0":"post-77942","1":"product","2":"type-product","3":"status-publish","4":"has-post-thumbnail","6":"product_cat-all-de","7":"product_cat-injectables-de","8":"description-off","10":"first","11":"instock","12":"shipping-taxable","13":"product-type-simple"},"acf":[],"yoast_head":"<!-- This site is optimized with the Yoast SEO plugin v27.4 - https:\/\/yoast.com\/product\/yoast-seo-wordpress\/ -->\n<title>Trestolon-Acetat (MENT) - Astera Labs<\/title>\n<meta name=\"robots\" content=\"index, follow, max-snippet:-1, max-image-preview:large, max-video-preview:-1\" \/>\n<link rel=\"canonical\" href=\"https:\/\/asteralabs.org\/de\/product\/trestolon-acetat-ment\/\" \/>\n<meta property=\"og:locale\" content=\"de_DE\" \/>\n<meta property=\"og:type\" content=\"article\" \/>\n<meta property=\"og:title\" content=\"Trestolon-Acetat (MENT) - Astera Labs\" \/>\n<meta property=\"og:description\" content=\"DOSIERUNG: Trestolone Acetate 50mg\/ml VERPACKUNGSINHALT: 1 x 10ML Fl\u00e4schchen, 50 mg pro ml WAS IST ES: Das st\u00e4rkste Steroid, das als Trestolone Acetate bekannt ist, ist die methylierte Version von Nandrolon und hat eine weitaus h\u00f6here Potenz als Trenbolon, wird weithin als eine Kombination der beiden angesehen. Es handelt sich um eine stark aromatisierbare Substanz,&hellip;\" \/>\n<meta property=\"og:url\" content=\"https:\/\/asteralabs.org\/de\/product\/trestolon-acetat-ment\/\" \/>\n<meta property=\"og:site_name\" content=\"Astera Labs\" \/>\n<meta property=\"article:modified_time\" content=\"2026-01-16T07:42:22+00:00\" \/>\n<meta property=\"og:image\" content=\"https:\/\/asteralabs.org\/wp-content\/uploads\/2022\/11\/28.png\" \/>\n\t<meta property=\"og:image:width\" content=\"2000\" \/>\n\t<meta property=\"og:image:height\" content=\"2000\" \/>\n\t<meta property=\"og:image:type\" content=\"image\/png\" \/>\n<meta name=\"twitter:card\" content=\"summary_large_image\" \/>\n<script type=\"application\/ld+json\" class=\"yoast-schema-graph\">{\"@context\":\"https:\\\/\\\/schema.org\",\"@graph\":[{\"@type\":\"WebPage\",\"@id\":\"https:\\\/\\\/asteralabs.org\\\/de\\\/product\\\/trestolon-acetat-ment\\\/\",\"url\":\"https:\\\/\\\/asteralabs.org\\\/de\\\/product\\\/trestolon-acetat-ment\\\/\",\"name\":\"Trestolon-Acetat (MENT) - Astera Labs\",\"isPartOf\":{\"@id\":\"https:\\\/\\\/asteralabs.org\\\/de\\\/#website\"},\"primaryImageOfPage\":{\"@id\":\"https:\\\/\\\/asteralabs.org\\\/de\\\/product\\\/trestolon-acetat-ment\\\/#primaryimage\"},\"image\":{\"@id\":\"https:\\\/\\\/asteralabs.org\\\/de\\\/product\\\/trestolon-acetat-ment\\\/#primaryimage\"},\"thumbnailUrl\":\"https:\\\/\\\/asteralabs.org\\\/wp-content\\\/uploads\\\/2022\\\/11\\\/28.png\",\"datePublished\":\"2022-11-05T22:32:03+00:00\",\"dateModified\":\"2026-01-16T07:42:22+00:00\",\"breadcrumb\":{\"@id\":\"https:\\\/\\\/asteralabs.org\\\/de\\\/product\\\/trestolon-acetat-ment\\\/#breadcrumb\"},\"inLanguage\":\"de-DE\",\"potentialAction\":[{\"@type\":\"ReadAction\",\"target\":[\"https:\\\/\\\/asteralabs.org\\\/de\\\/product\\\/trestolon-acetat-ment\\\/\"]}]},{\"@type\":\"ImageObject\",\"inLanguage\":\"de-DE\",\"@id\":\"https:\\\/\\\/asteralabs.org\\\/de\\\/product\\\/trestolon-acetat-ment\\\/#primaryimage\",\"url\":\"https:\\\/\\\/asteralabs.org\\\/wp-content\\\/uploads\\\/2022\\\/11\\\/28.png\",\"contentUrl\":\"https:\\\/\\\/asteralabs.org\\\/wp-content\\\/uploads\\\/2022\\\/11\\\/28.png\",\"width\":2000,\"height\":2000},{\"@type\":\"BreadcrumbList\",\"@id\":\"https:\\\/\\\/asteralabs.org\\\/de\\\/product\\\/trestolon-acetat-ment\\\/#breadcrumb\",\"itemListElement\":[{\"@type\":\"ListItem\",\"position\":1,\"name\":\"Home\",\"item\":\"https:\\\/\\\/asteralabs.org\\\/de\\\/\"},{\"@type\":\"ListItem\",\"position\":2,\"name\":\"Shop\",\"item\":\"https:\\\/\\\/asteralabs.org\\\/de\\\/shop\\\/\"},{\"@type\":\"ListItem\",\"position\":3,\"name\":\"Trestolon-Acetat (MENT)\"}]},{\"@type\":\"WebSite\",\"@id\":\"https:\\\/\\\/asteralabs.org\\\/de\\\/#website\",\"url\":\"https:\\\/\\\/asteralabs.org\\\/de\\\/\",\"name\":\"Astera Labs\",\"description\":\"Improve Your Quality Of Life\",\"publisher\":{\"@id\":\"https:\\\/\\\/asteralabs.org\\\/de\\\/#organization\"},\"potentialAction\":[{\"@type\":\"SearchAction\",\"target\":{\"@type\":\"EntryPoint\",\"urlTemplate\":\"https:\\\/\\\/asteralabs.org\\\/de\\\/?s={search_term_string}\"},\"query-input\":{\"@type\":\"PropertyValueSpecification\",\"valueRequired\":true,\"valueName\":\"search_term_string\"}}],\"inLanguage\":\"de-DE\"},{\"@type\":\"Organization\",\"@id\":\"https:\\\/\\\/asteralabs.org\\\/de\\\/#organization\",\"name\":\"Astera Labs\",\"url\":\"https:\\\/\\\/asteralabs.org\\\/de\\\/\",\"logo\":{\"@type\":\"ImageObject\",\"inLanguage\":\"de-DE\",\"@id\":\"https:\\\/\\\/asteralabs.org\\\/de\\\/#\\\/schema\\\/logo\\\/image\\\/\",\"url\":\"https:\\\/\\\/asteralabs.org\\\/wp-content\\\/uploads\\\/2022\\\/12\\\/astera-2.png\",\"contentUrl\":\"https:\\\/\\\/asteralabs.org\\\/wp-content\\\/uploads\\\/2022\\\/12\\\/astera-2.png\",\"width\":437,\"height\":111,\"caption\":\"Astera Labs\"},\"image\":{\"@id\":\"https:\\\/\\\/asteralabs.org\\\/de\\\/#\\\/schema\\\/logo\\\/image\\\/\"}}]}<\/script>\n<!-- \/ Yoast SEO plugin. -->","yoast_head_json":{"title":"Trestolon-Acetat (MENT) - Astera Labs","robots":{"index":"index","follow":"follow","max-snippet":"max-snippet:-1","max-image-preview":"max-image-preview:large","max-video-preview":"max-video-preview:-1"},"canonical":"https:\/\/asteralabs.org\/de\/product\/trestolon-acetat-ment\/","og_locale":"de_DE","og_type":"article","og_title":"Trestolon-Acetat (MENT) - Astera Labs","og_description":"DOSIERUNG: Trestolone Acetate 50mg\/ml VERPACKUNGSINHALT: 1 x 10ML Fl\u00e4schchen, 50 mg pro ml WAS IST ES: Das st\u00e4rkste Steroid, das als Trestolone Acetate bekannt ist, ist die methylierte Version von Nandrolon und hat eine weitaus h\u00f6here Potenz als Trenbolon, wird weithin als eine Kombination der beiden angesehen. Es handelt sich um eine stark aromatisierbare Substanz,&hellip;","og_url":"https:\/\/asteralabs.org\/de\/product\/trestolon-acetat-ment\/","og_site_name":"Astera Labs","article_modified_time":"2026-01-16T07:42:22+00:00","og_image":[{"width":2000,"height":2000,"url":"https:\/\/asteralabs.org\/wp-content\/uploads\/2022\/11\/28.png","type":"image\/png"}],"twitter_card":"summary_large_image","schema":{"@context":"https:\/\/schema.org","@graph":[{"@type":"WebPage","@id":"https:\/\/asteralabs.org\/de\/product\/trestolon-acetat-ment\/","url":"https:\/\/asteralabs.org\/de\/product\/trestolon-acetat-ment\/","name":"Trestolon-Acetat (MENT) - Astera Labs","isPartOf":{"@id":"https:\/\/asteralabs.org\/de\/#website"},"primaryImageOfPage":{"@id":"https:\/\/asteralabs.org\/de\/product\/trestolon-acetat-ment\/#primaryimage"},"image":{"@id":"https:\/\/asteralabs.org\/de\/product\/trestolon-acetat-ment\/#primaryimage"},"thumbnailUrl":"https:\/\/asteralabs.org\/wp-content\/uploads\/2022\/11\/28.png","datePublished":"2022-11-05T22:32:03+00:00","dateModified":"2026-01-16T07:42:22+00:00","breadcrumb":{"@id":"https:\/\/asteralabs.org\/de\/product\/trestolon-acetat-ment\/#breadcrumb"},"inLanguage":"de-DE","potentialAction":[{"@type":"ReadAction","target":["https:\/\/asteralabs.org\/de\/product\/trestolon-acetat-ment\/"]}]},{"@type":"ImageObject","inLanguage":"de-DE","@id":"https:\/\/asteralabs.org\/de\/product\/trestolon-acetat-ment\/#primaryimage","url":"https:\/\/asteralabs.org\/wp-content\/uploads\/2022\/11\/28.png","contentUrl":"https:\/\/asteralabs.org\/wp-content\/uploads\/2022\/11\/28.png","width":2000,"height":2000},{"@type":"BreadcrumbList","@id":"https:\/\/asteralabs.org\/de\/product\/trestolon-acetat-ment\/#breadcrumb","itemListElement":[{"@type":"ListItem","position":1,"name":"Home","item":"https:\/\/asteralabs.org\/de\/"},{"@type":"ListItem","position":2,"name":"Shop","item":"https:\/\/asteralabs.org\/de\/shop\/"},{"@type":"ListItem","position":3,"name":"Trestolon-Acetat (MENT)"}]},{"@type":"WebSite","@id":"https:\/\/asteralabs.org\/de\/#website","url":"https:\/\/asteralabs.org\/de\/","name":"Astera Labs","description":"Improve Your Quality Of Life","publisher":{"@id":"https:\/\/asteralabs.org\/de\/#organization"},"potentialAction":[{"@type":"SearchAction","target":{"@type":"EntryPoint","urlTemplate":"https:\/\/asteralabs.org\/de\/?s={search_term_string}"},"query-input":{"@type":"PropertyValueSpecification","valueRequired":true,"valueName":"search_term_string"}}],"inLanguage":"de-DE"},{"@type":"Organization","@id":"https:\/\/asteralabs.org\/de\/#organization","name":"Astera Labs","url":"https:\/\/asteralabs.org\/de\/","logo":{"@type":"ImageObject","inLanguage":"de-DE","@id":"https:\/\/asteralabs.org\/de\/#\/schema\/logo\/image\/","url":"https:\/\/asteralabs.org\/wp-content\/uploads\/2022\/12\/astera-2.png","contentUrl":"https:\/\/asteralabs.org\/wp-content\/uploads\/2022\/12\/astera-2.png","width":437,"height":111,"caption":"Astera Labs"},"image":{"@id":"https:\/\/asteralabs.org\/de\/#\/schema\/logo\/image\/"}}]}},"_links":{"self":[{"href":"https:\/\/asteralabs.org\/de\/wp-json\/wp\/v2\/product\/77942","targetHints":{"allow":["GET"]}}],"collection":[{"href":"https:\/\/asteralabs.org\/de\/wp-json\/wp\/v2\/product"}],"about":[{"href":"https:\/\/asteralabs.org\/de\/wp-json\/wp\/v2\/types\/product"}],"replies":[{"embeddable":true,"href":"https:\/\/asteralabs.org\/de\/wp-json\/wp\/v2\/comments?post=77942"}],"version-history":[{"count":0,"href":"https:\/\/asteralabs.org\/de\/wp-json\/wp\/v2\/product\/77942\/revisions"}],"wp:featuredmedia":[{"embeddable":true,"href":"https:\/\/asteralabs.org\/de\/wp-json\/wp\/v2\/media\/75066"}],"wp:attachment":[{"href":"https:\/\/asteralabs.org\/de\/wp-json\/wp\/v2\/media?parent=77942"}],"wp:term":[{"taxonomy":"product_brand","embeddable":true,"href":"https:\/\/asteralabs.org\/de\/wp-json\/wp\/v2\/product_brand?post=77942"},{"taxonomy":"product_cat","embeddable":true,"href":"https:\/\/asteralabs.org\/de\/wp-json\/wp\/v2\/product_cat?post=77942"},{"taxonomy":"product_tag","embeddable":true,"href":"https:\/\/asteralabs.org\/de\/wp-json\/wp\/v2\/product_tag?post=77942"}],"curies":[{"name":"wp","href":"https:\/\/api.w.org\/{rel}","templated":true}]}}