{"id":77948,"date":"2022-11-05T22:29:42","date_gmt":"2022-11-05T22:29:42","guid":{"rendered":"https:\/\/asteralabs.org\/product\/boldenon-undecylenat\/"},"modified":"2026-01-15T08:25:21","modified_gmt":"2026-01-15T08:25:21","slug":"boldenon-undecylenat","status":"publish","type":"product","link":"https:\/\/asteralabs.org\/de\/product\/boldenon-undecylenat\/","title":{"rendered":"Boldenon Undecylenat"},"content":{"rendered":"<p><strong>DOSIERUNG: <\/strong><br \/>\nBoldenon Undecylenat 300 mg\/ml. <strong>VERPACKUNGSINHALT: <\/strong><br \/>\n1 x 10ML Fl\u00e4schchen, 300 mg pro ml <strong>WAS IST ES: <\/strong><br \/>\nBoldenone Undecylenate ist ein \u00e4u\u00dferst beliebtes injizierbares anaboles Steroid. Diese Substanz ist ein synthetisches Derivat von Testosteron, das eine geringere androgene Aktivit\u00e4t als Testosteron aufweist, aber dennoch starke anabole Eigenschaften besitzt. Es hat die gleiche anabole Potenz wie sein hormoneller Vater, das Testosteron (100). Zyklen mit Boldenon Undecylenat werden h\u00e4ufig zum Aufbau von Masse durchgef\u00fchrt. Die minimale Zyklusl\u00e4nge betr\u00e4gt 8 Wochen, w\u00e4hrend die maximale Zyklusl\u00e4nge 18 Wochen betr\u00e4gt. <strong>WIE ANZUWENDEN: <\/strong><br \/>\nDie empfohlene Anfangsdosis f\u00fcr Boldenon Undecylenat betr\u00e4gt 300 bis 500 mg pro Woche. Die L\u00e4nge eines solchen Zyklus sollte insgesamt 14 Wochen betragen. Die typische w\u00f6chentliche Dosis f\u00fcr fortgeschrittene Anwender liegt bei mehr als 600 mg. <strong>BATCH INFORMATIONEN:<br \/>\n<\/strong>Chargennummer: <span data-sheets-root=\"1\" data-sheets-value=\"{\" data-sheets-userformat=\"{\">ZB41325<\/span><br \/>\nHerstellungsdatum: <span data-sheets-root=\"1\" data-sheets-value=\"{\" data-sheets-userformat=\"{\">10.2025.<\/span><br \/>\nVerfallsdatum: <span data-sheets-root=\"1\" data-sheets-value=\"{\" data-sheets-userformat=\"{\">10.2028.<\/span><\/p>\n","protected":false},"excerpt":{"rendered":"<p>DOSIERUNG: Boldenon Undecylenat 300 mg\/ml. VERPACKUNGSINHALT: 1 x 10ML Fl\u00e4schchen, 300 mg pro ml WAS IST ES: Boldenone Undecylenate ist ein \u00e4u\u00dferst beliebtes injizierbares anaboles Steroid. Diese Substanz ist ein synthetisches Derivat von Testosteron, das eine geringere androgene Aktivit\u00e4t als Testosteron aufweist, aber dennoch starke anabole Eigenschaften besitzt. Es hat die gleiche anabole Potenz wie&hellip;<\/p>\n","protected":false},"featured_media":75058,"comment_status":"open","ping_status":"closed","template":"","meta":[],"product_cat":[156,154],"product_tag":[],"yoast_head":"<!-- This site is optimized with the Yoast SEO plugin v23.0 - https:\/\/yoast.com\/wordpress\/plugins\/seo\/ -->\n<title>Boldenon Undecylenat - Astera Labs<\/title>\n<meta name=\"robots\" content=\"index, follow, max-snippet:-1, max-image-preview:large, max-video-preview:-1\" \/>\n<link rel=\"canonical\" href=\"https:\/\/asteralabs.org\/de\/product\/boldenon-undecylenat\/\" \/>\n<meta property=\"og:locale\" content=\"de_DE\" \/>\n<meta property=\"og:type\" content=\"article\" \/>\n<meta property=\"og:title\" content=\"Boldenon Undecylenat - Astera Labs\" \/>\n<meta property=\"og:description\" content=\"DOSIERUNG: Boldenon Undecylenat 300 mg\/ml. VERPACKUNGSINHALT: 1 x 10ML Fl\u00e4schchen, 300 mg pro ml WAS IST ES: Boldenone Undecylenate ist ein \u00e4u\u00dferst beliebtes injizierbares anaboles Steroid. Diese Substanz ist ein synthetisches Derivat von Testosteron, das eine geringere androgene Aktivit\u00e4t als Testosteron aufweist, aber dennoch starke anabole Eigenschaften besitzt. Es hat die gleiche anabole Potenz wie&hellip;\" \/>\n<meta property=\"og:url\" content=\"https:\/\/asteralabs.org\/de\/product\/boldenon-undecylenat\/\" \/>\n<meta property=\"og:site_name\" content=\"Astera Labs\" \/>\n<meta property=\"article:modified_time\" content=\"2026-01-15T08:25:21+00:00\" \/>\n<meta property=\"og:image\" content=\"https:\/\/asteralabs.org\/wp-content\/uploads\/2022\/11\/32.png\" \/>\n\t<meta property=\"og:image:width\" content=\"2000\" \/>\n\t<meta property=\"og:image:height\" content=\"2000\" \/>\n\t<meta property=\"og:image:type\" content=\"image\/png\" \/>\n<meta name=\"twitter:card\" content=\"summary_large_image\" \/>\n<script type=\"application\/ld+json\" class=\"yoast-schema-graph\">{\"@context\":\"https:\/\/schema.org\",\"@graph\":[{\"@type\":\"WebPage\",\"@id\":\"https:\/\/asteralabs.org\/de\/product\/boldenon-undecylenat\/\",\"url\":\"https:\/\/asteralabs.org\/de\/product\/boldenon-undecylenat\/\",\"name\":\"Boldenon Undecylenat - Astera Labs\",\"isPartOf\":{\"@id\":\"https:\/\/asteralabs.org\/de\/#website\"},\"primaryImageOfPage\":{\"@id\":\"https:\/\/asteralabs.org\/de\/product\/boldenon-undecylenat\/#primaryimage\"},\"image\":{\"@id\":\"https:\/\/asteralabs.org\/de\/product\/boldenon-undecylenat\/#primaryimage\"},\"thumbnailUrl\":\"https:\/\/asteralabs.org\/wp-content\/uploads\/2022\/11\/32.png\",\"datePublished\":\"2022-11-05T22:29:42+00:00\",\"dateModified\":\"2026-01-15T08:25:21+00:00\",\"breadcrumb\":{\"@id\":\"https:\/\/asteralabs.org\/de\/product\/boldenon-undecylenat\/#breadcrumb\"},\"inLanguage\":\"de-DE\",\"potentialAction\":[{\"@type\":\"ReadAction\",\"target\":[\"https:\/\/asteralabs.org\/de\/product\/boldenon-undecylenat\/\"]}]},{\"@type\":\"ImageObject\",\"inLanguage\":\"de-DE\",\"@id\":\"https:\/\/asteralabs.org\/de\/product\/boldenon-undecylenat\/#primaryimage\",\"url\":\"https:\/\/asteralabs.org\/wp-content\/uploads\/2022\/11\/32.png\",\"contentUrl\":\"https:\/\/asteralabs.org\/wp-content\/uploads\/2022\/11\/32.png\",\"width\":2000,\"height\":2000},{\"@type\":\"BreadcrumbList\",\"@id\":\"https:\/\/asteralabs.org\/de\/product\/boldenon-undecylenat\/#breadcrumb\",\"itemListElement\":[{\"@type\":\"ListItem\",\"position\":1,\"name\":\"Home\",\"item\":\"https:\/\/asteralabs.org\/de\/\"},{\"@type\":\"ListItem\",\"position\":2,\"name\":\"Shop\",\"item\":\"https:\/\/asteralabs.org\/shop\/\"},{\"@type\":\"ListItem\",\"position\":3,\"name\":\"Boldenon Undecylenat\"}]},{\"@type\":\"WebSite\",\"@id\":\"https:\/\/asteralabs.org\/de\/#website\",\"url\":\"https:\/\/asteralabs.org\/de\/\",\"name\":\"Astera Labs\",\"description\":\"Improve Your Quality Of Life\",\"publisher\":{\"@id\":\"https:\/\/asteralabs.org\/de\/#organization\"},\"potentialAction\":[{\"@type\":\"SearchAction\",\"target\":{\"@type\":\"EntryPoint\",\"urlTemplate\":\"https:\/\/asteralabs.org\/de\/?s={search_term_string}\"},\"query-input\":\"required name=search_term_string\"}],\"inLanguage\":\"de-DE\"},{\"@type\":\"Organization\",\"@id\":\"https:\/\/asteralabs.org\/de\/#organization\",\"name\":\"Astera Labs\",\"url\":\"https:\/\/asteralabs.org\/de\/\",\"logo\":{\"@type\":\"ImageObject\",\"inLanguage\":\"de-DE\",\"@id\":\"https:\/\/asteralabs.org\/de\/#\/schema\/logo\/image\/\",\"url\":\"https:\/\/asteralabs.org\/wp-content\/uploads\/2022\/12\/astera-2.png\",\"contentUrl\":\"https:\/\/asteralabs.org\/wp-content\/uploads\/2022\/12\/astera-2.png\",\"width\":437,\"height\":111,\"caption\":\"Astera Labs\"},\"image\":{\"@id\":\"https:\/\/asteralabs.org\/de\/#\/schema\/logo\/image\/\"}}]}<\/script>\n<!-- \/ Yoast SEO plugin. -->","yoast_head_json":{"title":"Boldenon Undecylenat - Astera Labs","robots":{"index":"index","follow":"follow","max-snippet":"max-snippet:-1","max-image-preview":"max-image-preview:large","max-video-preview":"max-video-preview:-1"},"canonical":"https:\/\/asteralabs.org\/de\/product\/boldenon-undecylenat\/","og_locale":"de_DE","og_type":"article","og_title":"Boldenon Undecylenat - Astera Labs","og_description":"DOSIERUNG: Boldenon Undecylenat 300 mg\/ml. VERPACKUNGSINHALT: 1 x 10ML Fl\u00e4schchen, 300 mg pro ml WAS IST ES: Boldenone Undecylenate ist ein \u00e4u\u00dferst beliebtes injizierbares anaboles Steroid. Diese Substanz ist ein synthetisches Derivat von Testosteron, das eine geringere androgene Aktivit\u00e4t als Testosteron aufweist, aber dennoch starke anabole Eigenschaften besitzt. Es hat die gleiche anabole Potenz wie&hellip;","og_url":"https:\/\/asteralabs.org\/de\/product\/boldenon-undecylenat\/","og_site_name":"Astera Labs","article_modified_time":"2026-01-15T08:25:21+00:00","og_image":[{"width":2000,"height":2000,"url":"https:\/\/asteralabs.org\/wp-content\/uploads\/2022\/11\/32.png","type":"image\/png"}],"twitter_card":"summary_large_image","schema":{"@context":"https:\/\/schema.org","@graph":[{"@type":"WebPage","@id":"https:\/\/asteralabs.org\/de\/product\/boldenon-undecylenat\/","url":"https:\/\/asteralabs.org\/de\/product\/boldenon-undecylenat\/","name":"Boldenon Undecylenat - Astera Labs","isPartOf":{"@id":"https:\/\/asteralabs.org\/de\/#website"},"primaryImageOfPage":{"@id":"https:\/\/asteralabs.org\/de\/product\/boldenon-undecylenat\/#primaryimage"},"image":{"@id":"https:\/\/asteralabs.org\/de\/product\/boldenon-undecylenat\/#primaryimage"},"thumbnailUrl":"https:\/\/asteralabs.org\/wp-content\/uploads\/2022\/11\/32.png","datePublished":"2022-11-05T22:29:42+00:00","dateModified":"2026-01-15T08:25:21+00:00","breadcrumb":{"@id":"https:\/\/asteralabs.org\/de\/product\/boldenon-undecylenat\/#breadcrumb"},"inLanguage":"de-DE","potentialAction":[{"@type":"ReadAction","target":["https:\/\/asteralabs.org\/de\/product\/boldenon-undecylenat\/"]}]},{"@type":"ImageObject","inLanguage":"de-DE","@id":"https:\/\/asteralabs.org\/de\/product\/boldenon-undecylenat\/#primaryimage","url":"https:\/\/asteralabs.org\/wp-content\/uploads\/2022\/11\/32.png","contentUrl":"https:\/\/asteralabs.org\/wp-content\/uploads\/2022\/11\/32.png","width":2000,"height":2000},{"@type":"BreadcrumbList","@id":"https:\/\/asteralabs.org\/de\/product\/boldenon-undecylenat\/#breadcrumb","itemListElement":[{"@type":"ListItem","position":1,"name":"Home","item":"https:\/\/asteralabs.org\/de\/"},{"@type":"ListItem","position":2,"name":"Shop","item":"https:\/\/asteralabs.org\/shop\/"},{"@type":"ListItem","position":3,"name":"Boldenon Undecylenat"}]},{"@type":"WebSite","@id":"https:\/\/asteralabs.org\/de\/#website","url":"https:\/\/asteralabs.org\/de\/","name":"Astera Labs","description":"Improve Your Quality Of Life","publisher":{"@id":"https:\/\/asteralabs.org\/de\/#organization"},"potentialAction":[{"@type":"SearchAction","target":{"@type":"EntryPoint","urlTemplate":"https:\/\/asteralabs.org\/de\/?s={search_term_string}"},"query-input":"required name=search_term_string"}],"inLanguage":"de-DE"},{"@type":"Organization","@id":"https:\/\/asteralabs.org\/de\/#organization","name":"Astera Labs","url":"https:\/\/asteralabs.org\/de\/","logo":{"@type":"ImageObject","inLanguage":"de-DE","@id":"https:\/\/asteralabs.org\/de\/#\/schema\/logo\/image\/","url":"https:\/\/asteralabs.org\/wp-content\/uploads\/2022\/12\/astera-2.png","contentUrl":"https:\/\/asteralabs.org\/wp-content\/uploads\/2022\/12\/astera-2.png","width":437,"height":111,"caption":"Astera Labs"},"image":{"@id":"https:\/\/asteralabs.org\/de\/#\/schema\/logo\/image\/"}}]}},"_links":{"self":[{"href":"https:\/\/asteralabs.org\/de\/wp-json\/wp\/v2\/product\/77948"}],"collection":[{"href":"https:\/\/asteralabs.org\/de\/wp-json\/wp\/v2\/product"}],"about":[{"href":"https:\/\/asteralabs.org\/de\/wp-json\/wp\/v2\/types\/product"}],"replies":[{"embeddable":true,"href":"https:\/\/asteralabs.org\/de\/wp-json\/wp\/v2\/comments?post=77948"}],"version-history":[{"count":0,"href":"https:\/\/asteralabs.org\/de\/wp-json\/wp\/v2\/product\/77948\/revisions"}],"wp:featuredmedia":[{"embeddable":true,"href":"https:\/\/asteralabs.org\/de\/wp-json\/wp\/v2\/media\/75058"}],"wp:attachment":[{"href":"https:\/\/asteralabs.org\/de\/wp-json\/wp\/v2\/media?parent=77948"}],"wp:term":[{"taxonomy":"product_cat","embeddable":true,"href":"https:\/\/asteralabs.org\/de\/wp-json\/wp\/v2\/product_cat?post=77948"},{"taxonomy":"product_tag","embeddable":true,"href":"https:\/\/asteralabs.org\/de\/wp-json\/wp\/v2\/product_tag?post=77948"}],"curies":[{"name":"wp","href":"https:\/\/api.w.org\/{rel}","templated":true}]}}