{"id":77953,"date":"2022-11-05T22:24:04","date_gmt":"2022-11-05T22:24:04","guid":{"rendered":"https:\/\/asteralabs.org\/product\/dihydroboldenon-dhb\/"},"modified":"2026-01-15T08:33:56","modified_gmt":"2026-01-15T08:33:56","slug":"dihydroboldenon-dhb","status":"publish","type":"product","link":"https:\/\/asteralabs.org\/de\/product\/dihydroboldenon-dhb\/","title":{"rendered":"Dihydroboldenon (DHB)"},"content":{"rendered":"<p><strong>DOSIERUNG<\/strong>:<br \/>\nDihydroboldenon (DHB) 100mg\/ml <strong>VERPACKUNGSINHALT: <\/strong><br \/>\n1 x 10ML Fl\u00e4schchen, 100 mg pro ml <strong>WAS IST ES: <\/strong><br \/>\nDie reduzierte Form von Boldenon wird DHB-MED 100 (Dihydroboldenon Cypionat) genannt und hat in letzter Zeit viel Aufmerksamkeit erregt. Man geht davon aus, dass es eine \u00e4hnliche Potenz wie Testosteron hat, basierend auf Tierversuchen. Es erfordert jedoch hohe Dosierungen, um die UDP-Glucuronosyltransferasen vollst\u00e4ndig zu s\u00e4ttigen, was sehr faszinierend ist. Es ist ein sehr faszinierendes Steroid w\u00e4hrend einer Abnehmphase aufgrund seiner starken Affinit\u00e4t zum Androgenrezeptor, was dazu beitragen kann, die Lipasen im Fettgewebe zu stimulieren und den Fettabbau zu f\u00f6rdern. Aufgrund seiner hohen Affinit\u00e4t zu Androgenrezeptoren und seiner androgenen Aktivit\u00e4t betr\u00e4gt die empfohlene Dosis f\u00fcr M\u00e4nner 200 mg bis 400 mg pro Woche. Aufgrund der Tatsache, dass dieses Produkt <strong>WIE ZU VERWENDEN <\/strong> ist <strong>: <\/strong><br \/>\nAufgrund seiner starken Affinit\u00e4t zu den Androgenrezeptoren und seiner androgenen Potenz empfehlen wir dieses Produkt nicht f\u00fcr Frauen, da die Gefahr einer Virilisierung besteht. Die empfohlene Dosis f\u00fcr M\u00e4nner liegt zwischen 200mg und 400mg pro Woche.<br \/>\nEs kann in Zyklen von 8-12 Wochen verabreicht werden, wobei die Ergebnisse des Blutbildes zu ber\u00fccksichtigen sind und die Nierenparameter genau zu beobachten sind.<\/p>\n<p><strong>BATCH INFORMATION:<br \/>\n<\/strong>Chargennummer: <span data-sheets-root=\"1\" data-sheets-value=\"{\" data-sheets-userformat=\"{\">YQ15731<\/span><br \/>\nHerstellungsdatum: <span data-sheets-root=\"1\" data-sheets-value=\"{\" data-sheets-userformat=\"{\">10.2025.<\/span><br \/>\nVerfallsdatum: <span data-sheets-root=\"1\" data-sheets-value=\"{\" data-sheets-userformat=\"{\">10.2028.<\/span><\/p>\n","protected":false},"excerpt":{"rendered":"<p>DOSIERUNG: Dihydroboldenon (DHB) 100mg\/ml VERPACKUNGSINHALT: 1 x 10ML Fl\u00e4schchen, 100 mg pro ml WAS IST ES: Die reduzierte Form von Boldenon wird DHB-MED 100 (Dihydroboldenon Cypionat) genannt und hat in letzter Zeit viel Aufmerksamkeit erregt. Man geht davon aus, dass es eine \u00e4hnliche Potenz wie Testosteron hat, basierend auf Tierversuchen. Es erfordert jedoch hohe Dosierungen,&hellip;<\/p>\n","protected":false},"featured_media":75050,"comment_status":"open","ping_status":"closed","template":"","meta":[],"product_cat":[156,154],"product_tag":[],"yoast_head":"<!-- This site is optimized with the Yoast SEO plugin v23.0 - https:\/\/yoast.com\/wordpress\/plugins\/seo\/ -->\n<title>Dihydroboldenon (DHB) - Astera Labs<\/title>\n<meta name=\"robots\" content=\"index, follow, max-snippet:-1, max-image-preview:large, max-video-preview:-1\" \/>\n<link rel=\"canonical\" href=\"https:\/\/asteralabs.org\/de\/product\/dihydroboldenon-dhb\/\" \/>\n<meta property=\"og:locale\" content=\"de_DE\" \/>\n<meta property=\"og:type\" content=\"article\" \/>\n<meta property=\"og:title\" content=\"Dihydroboldenon (DHB) - Astera Labs\" \/>\n<meta property=\"og:description\" content=\"DOSIERUNG: Dihydroboldenon (DHB) 100mg\/ml VERPACKUNGSINHALT: 1 x 10ML Fl\u00e4schchen, 100 mg pro ml WAS IST ES: Die reduzierte Form von Boldenon wird DHB-MED 100 (Dihydroboldenon Cypionat) genannt und hat in letzter Zeit viel Aufmerksamkeit erregt. Man geht davon aus, dass es eine \u00e4hnliche Potenz wie Testosteron hat, basierend auf Tierversuchen. Es erfordert jedoch hohe Dosierungen,&hellip;\" \/>\n<meta property=\"og:url\" content=\"https:\/\/asteralabs.org\/de\/product\/dihydroboldenon-dhb\/\" \/>\n<meta property=\"og:site_name\" content=\"Astera Labs\" \/>\n<meta property=\"article:modified_time\" content=\"2026-01-15T08:33:56+00:00\" \/>\n<meta property=\"og:image\" content=\"https:\/\/asteralabs.org\/wp-content\/uploads\/2022\/11\/31.png\" \/>\n\t<meta property=\"og:image:width\" content=\"2000\" \/>\n\t<meta property=\"og:image:height\" content=\"2000\" \/>\n\t<meta property=\"og:image:type\" content=\"image\/png\" \/>\n<meta name=\"twitter:card\" content=\"summary_large_image\" \/>\n<script type=\"application\/ld+json\" class=\"yoast-schema-graph\">{\"@context\":\"https:\/\/schema.org\",\"@graph\":[{\"@type\":\"WebPage\",\"@id\":\"https:\/\/asteralabs.org\/de\/product\/dihydroboldenon-dhb\/\",\"url\":\"https:\/\/asteralabs.org\/de\/product\/dihydroboldenon-dhb\/\",\"name\":\"Dihydroboldenon (DHB) - Astera Labs\",\"isPartOf\":{\"@id\":\"https:\/\/asteralabs.org\/de\/#website\"},\"primaryImageOfPage\":{\"@id\":\"https:\/\/asteralabs.org\/de\/product\/dihydroboldenon-dhb\/#primaryimage\"},\"image\":{\"@id\":\"https:\/\/asteralabs.org\/de\/product\/dihydroboldenon-dhb\/#primaryimage\"},\"thumbnailUrl\":\"https:\/\/asteralabs.org\/wp-content\/uploads\/2022\/11\/31.png\",\"datePublished\":\"2022-11-05T22:24:04+00:00\",\"dateModified\":\"2026-01-15T08:33:56+00:00\",\"breadcrumb\":{\"@id\":\"https:\/\/asteralabs.org\/de\/product\/dihydroboldenon-dhb\/#breadcrumb\"},\"inLanguage\":\"de-DE\",\"potentialAction\":[{\"@type\":\"ReadAction\",\"target\":[\"https:\/\/asteralabs.org\/de\/product\/dihydroboldenon-dhb\/\"]}]},{\"@type\":\"ImageObject\",\"inLanguage\":\"de-DE\",\"@id\":\"https:\/\/asteralabs.org\/de\/product\/dihydroboldenon-dhb\/#primaryimage\",\"url\":\"https:\/\/asteralabs.org\/wp-content\/uploads\/2022\/11\/31.png\",\"contentUrl\":\"https:\/\/asteralabs.org\/wp-content\/uploads\/2022\/11\/31.png\",\"width\":2000,\"height\":2000},{\"@type\":\"BreadcrumbList\",\"@id\":\"https:\/\/asteralabs.org\/de\/product\/dihydroboldenon-dhb\/#breadcrumb\",\"itemListElement\":[{\"@type\":\"ListItem\",\"position\":1,\"name\":\"Home\",\"item\":\"https:\/\/asteralabs.org\/de\/\"},{\"@type\":\"ListItem\",\"position\":2,\"name\":\"Shop\",\"item\":\"https:\/\/asteralabs.org\/shop\/\"},{\"@type\":\"ListItem\",\"position\":3,\"name\":\"Dihydroboldenon (DHB)\"}]},{\"@type\":\"WebSite\",\"@id\":\"https:\/\/asteralabs.org\/de\/#website\",\"url\":\"https:\/\/asteralabs.org\/de\/\",\"name\":\"Astera Labs\",\"description\":\"Improve Your Quality Of Life\",\"publisher\":{\"@id\":\"https:\/\/asteralabs.org\/de\/#organization\"},\"potentialAction\":[{\"@type\":\"SearchAction\",\"target\":{\"@type\":\"EntryPoint\",\"urlTemplate\":\"https:\/\/asteralabs.org\/de\/?s={search_term_string}\"},\"query-input\":\"required name=search_term_string\"}],\"inLanguage\":\"de-DE\"},{\"@type\":\"Organization\",\"@id\":\"https:\/\/asteralabs.org\/de\/#organization\",\"name\":\"Astera Labs\",\"url\":\"https:\/\/asteralabs.org\/de\/\",\"logo\":{\"@type\":\"ImageObject\",\"inLanguage\":\"de-DE\",\"@id\":\"https:\/\/asteralabs.org\/de\/#\/schema\/logo\/image\/\",\"url\":\"https:\/\/asteralabs.org\/wp-content\/uploads\/2022\/12\/astera-2.png\",\"contentUrl\":\"https:\/\/asteralabs.org\/wp-content\/uploads\/2022\/12\/astera-2.png\",\"width\":437,\"height\":111,\"caption\":\"Astera Labs\"},\"image\":{\"@id\":\"https:\/\/asteralabs.org\/de\/#\/schema\/logo\/image\/\"}}]}<\/script>\n<!-- \/ Yoast SEO plugin. -->","yoast_head_json":{"title":"Dihydroboldenon (DHB) - Astera Labs","robots":{"index":"index","follow":"follow","max-snippet":"max-snippet:-1","max-image-preview":"max-image-preview:large","max-video-preview":"max-video-preview:-1"},"canonical":"https:\/\/asteralabs.org\/de\/product\/dihydroboldenon-dhb\/","og_locale":"de_DE","og_type":"article","og_title":"Dihydroboldenon (DHB) - Astera Labs","og_description":"DOSIERUNG: Dihydroboldenon (DHB) 100mg\/ml VERPACKUNGSINHALT: 1 x 10ML Fl\u00e4schchen, 100 mg pro ml WAS IST ES: Die reduzierte Form von Boldenon wird DHB-MED 100 (Dihydroboldenon Cypionat) genannt und hat in letzter Zeit viel Aufmerksamkeit erregt. Man geht davon aus, dass es eine \u00e4hnliche Potenz wie Testosteron hat, basierend auf Tierversuchen. Es erfordert jedoch hohe Dosierungen,&hellip;","og_url":"https:\/\/asteralabs.org\/de\/product\/dihydroboldenon-dhb\/","og_site_name":"Astera Labs","article_modified_time":"2026-01-15T08:33:56+00:00","og_image":[{"width":2000,"height":2000,"url":"https:\/\/asteralabs.org\/wp-content\/uploads\/2022\/11\/31.png","type":"image\/png"}],"twitter_card":"summary_large_image","schema":{"@context":"https:\/\/schema.org","@graph":[{"@type":"WebPage","@id":"https:\/\/asteralabs.org\/de\/product\/dihydroboldenon-dhb\/","url":"https:\/\/asteralabs.org\/de\/product\/dihydroboldenon-dhb\/","name":"Dihydroboldenon (DHB) - Astera Labs","isPartOf":{"@id":"https:\/\/asteralabs.org\/de\/#website"},"primaryImageOfPage":{"@id":"https:\/\/asteralabs.org\/de\/product\/dihydroboldenon-dhb\/#primaryimage"},"image":{"@id":"https:\/\/asteralabs.org\/de\/product\/dihydroboldenon-dhb\/#primaryimage"},"thumbnailUrl":"https:\/\/asteralabs.org\/wp-content\/uploads\/2022\/11\/31.png","datePublished":"2022-11-05T22:24:04+00:00","dateModified":"2026-01-15T08:33:56+00:00","breadcrumb":{"@id":"https:\/\/asteralabs.org\/de\/product\/dihydroboldenon-dhb\/#breadcrumb"},"inLanguage":"de-DE","potentialAction":[{"@type":"ReadAction","target":["https:\/\/asteralabs.org\/de\/product\/dihydroboldenon-dhb\/"]}]},{"@type":"ImageObject","inLanguage":"de-DE","@id":"https:\/\/asteralabs.org\/de\/product\/dihydroboldenon-dhb\/#primaryimage","url":"https:\/\/asteralabs.org\/wp-content\/uploads\/2022\/11\/31.png","contentUrl":"https:\/\/asteralabs.org\/wp-content\/uploads\/2022\/11\/31.png","width":2000,"height":2000},{"@type":"BreadcrumbList","@id":"https:\/\/asteralabs.org\/de\/product\/dihydroboldenon-dhb\/#breadcrumb","itemListElement":[{"@type":"ListItem","position":1,"name":"Home","item":"https:\/\/asteralabs.org\/de\/"},{"@type":"ListItem","position":2,"name":"Shop","item":"https:\/\/asteralabs.org\/shop\/"},{"@type":"ListItem","position":3,"name":"Dihydroboldenon (DHB)"}]},{"@type":"WebSite","@id":"https:\/\/asteralabs.org\/de\/#website","url":"https:\/\/asteralabs.org\/de\/","name":"Astera Labs","description":"Improve Your Quality Of Life","publisher":{"@id":"https:\/\/asteralabs.org\/de\/#organization"},"potentialAction":[{"@type":"SearchAction","target":{"@type":"EntryPoint","urlTemplate":"https:\/\/asteralabs.org\/de\/?s={search_term_string}"},"query-input":"required name=search_term_string"}],"inLanguage":"de-DE"},{"@type":"Organization","@id":"https:\/\/asteralabs.org\/de\/#organization","name":"Astera Labs","url":"https:\/\/asteralabs.org\/de\/","logo":{"@type":"ImageObject","inLanguage":"de-DE","@id":"https:\/\/asteralabs.org\/de\/#\/schema\/logo\/image\/","url":"https:\/\/asteralabs.org\/wp-content\/uploads\/2022\/12\/astera-2.png","contentUrl":"https:\/\/asteralabs.org\/wp-content\/uploads\/2022\/12\/astera-2.png","width":437,"height":111,"caption":"Astera Labs"},"image":{"@id":"https:\/\/asteralabs.org\/de\/#\/schema\/logo\/image\/"}}]}},"_links":{"self":[{"href":"https:\/\/asteralabs.org\/de\/wp-json\/wp\/v2\/product\/77953"}],"collection":[{"href":"https:\/\/asteralabs.org\/de\/wp-json\/wp\/v2\/product"}],"about":[{"href":"https:\/\/asteralabs.org\/de\/wp-json\/wp\/v2\/types\/product"}],"replies":[{"embeddable":true,"href":"https:\/\/asteralabs.org\/de\/wp-json\/wp\/v2\/comments?post=77953"}],"version-history":[{"count":0,"href":"https:\/\/asteralabs.org\/de\/wp-json\/wp\/v2\/product\/77953\/revisions"}],"wp:featuredmedia":[{"embeddable":true,"href":"https:\/\/asteralabs.org\/de\/wp-json\/wp\/v2\/media\/75050"}],"wp:attachment":[{"href":"https:\/\/asteralabs.org\/de\/wp-json\/wp\/v2\/media?parent=77953"}],"wp:term":[{"taxonomy":"product_cat","embeddable":true,"href":"https:\/\/asteralabs.org\/de\/wp-json\/wp\/v2\/product_cat?post=77953"},{"taxonomy":"product_tag","embeddable":true,"href":"https:\/\/asteralabs.org\/de\/wp-json\/wp\/v2\/product_tag?post=77953"}],"curies":[{"name":"wp","href":"https:\/\/api.w.org\/{rel}","templated":true}]}}