{"id":77959,"date":"2022-11-05T22:22:28","date_gmt":"2022-11-05T22:22:28","guid":{"rendered":"https:\/\/asteralabs.org\/product\/lang-wirkende-mischung\/"},"modified":"2026-01-15T13:12:39","modified_gmt":"2026-01-15T13:12:39","slug":"lang-wirkende-mischung","status":"publish","type":"product","link":"https:\/\/asteralabs.org\/de\/product\/lang-wirkende-mischung\/","title":{"rendered":"Lang wirkende Mischung"},"content":{"rendered":"<p><strong>DOSIERUNG:<\/strong><br \/>\nDrostanolone Enanthate 200mg<br \/>\nTestosterone Enanthate 200mg<br \/>\nTrenbolone Enanthate 100mg <strong>PACKUNGSINHALT:<\/strong><br \/>\n1 x x 10ML Fl\u00e4schchen, 200\/200\/100 mg pro ml <strong>WAS IST ES:<\/strong><br \/>\nDieses Produkt ist ein kompletter Schneidezyklus in einem Fl\u00e4schchen, es enth\u00e4lt Testosteron, Masteron und Trenbolon. <strong>ANWENDUNG<\/strong><br \/>\nDie Dosierung h\u00e4ngt vom Anwender und seinen Zielen ab, 2 ml pro Woche d\u00fcrften f\u00fcr die meisten Anwender ausreichend sein. Da es sich um eine Kombination aus langen Estern handelt, empfehlen wir, EOD oder E3D zu injizieren.<\/p>\n<p><strong>BATCH INFORMATION:<br \/>\n<\/strong>Chargennummer: <span data-sheets-root=\"1\" data-sheets-value=\"{\" data-sheets-userformat=\"{\">FV52830<\/span><br \/>\nHerstellungsdatum: <span data-sheets-root=\"1\" data-sheets-value=\"{\" data-sheets-userformat=\"{\">10.2025.<\/span><br \/>\nVerfallsdatum: <span data-sheets-root=\"1\" data-sheets-value=\"{\" data-sheets-userformat=\"{\">10.2028.<\/span><\/p>\n","protected":false},"excerpt":{"rendered":"<p>DOSIERUNG: Drostanolone Enanthate 200mg Testosterone Enanthate 200mg Trenbolone Enanthate 100mg PACKUNGSINHALT: 1 x x 10ML Fl\u00e4schchen, 200\/200\/100 mg pro ml WAS IST ES: Dieses Produkt ist ein kompletter Schneidezyklus in einem Fl\u00e4schchen, es enth\u00e4lt Testosteron, Masteron und Trenbolon. ANWENDUNG Die Dosierung h\u00e4ngt vom Anwender und seinen Zielen ab, 2 ml pro Woche d\u00fcrften f\u00fcr die&hellip;<\/p>\n","protected":false},"featured_media":76018,"comment_status":"open","ping_status":"closed","template":"","meta":[],"product_cat":[156,154],"product_tag":[],"yoast_head":"<!-- This site is optimized with the Yoast SEO plugin v23.0 - https:\/\/yoast.com\/wordpress\/plugins\/seo\/ -->\n<title>Lang wirkende Mischung - Astera Labs<\/title>\n<meta name=\"robots\" content=\"index, follow, max-snippet:-1, max-image-preview:large, max-video-preview:-1\" \/>\n<link rel=\"canonical\" href=\"https:\/\/asteralabs.org\/de\/product\/lang-wirkende-mischung\/\" \/>\n<meta property=\"og:locale\" content=\"de_DE\" \/>\n<meta property=\"og:type\" content=\"article\" \/>\n<meta property=\"og:title\" content=\"Lang wirkende Mischung - Astera Labs\" \/>\n<meta property=\"og:description\" content=\"DOSIERUNG: Drostanolone Enanthate 200mg Testosterone Enanthate 200mg Trenbolone Enanthate 100mg PACKUNGSINHALT: 1 x x 10ML Fl\u00e4schchen, 200\/200\/100 mg pro ml WAS IST ES: Dieses Produkt ist ein kompletter Schneidezyklus in einem Fl\u00e4schchen, es enth\u00e4lt Testosteron, Masteron und Trenbolon. ANWENDUNG Die Dosierung h\u00e4ngt vom Anwender und seinen Zielen ab, 2 ml pro Woche d\u00fcrften f\u00fcr die&hellip;\" \/>\n<meta property=\"og:url\" content=\"https:\/\/asteralabs.org\/de\/product\/lang-wirkende-mischung\/\" \/>\n<meta property=\"og:site_name\" content=\"Astera Labs\" \/>\n<meta property=\"article:modified_time\" content=\"2026-01-15T13:12:39+00:00\" \/>\n<meta property=\"og:image\" content=\"https:\/\/asteralabs.org\/wp-content\/uploads\/2022\/11\/Long-acting-mix-inject-nbg.png\" \/>\n\t<meta property=\"og:image:width\" content=\"2000\" \/>\n\t<meta property=\"og:image:height\" content=\"2000\" \/>\n\t<meta property=\"og:image:type\" content=\"image\/png\" \/>\n<meta name=\"twitter:card\" content=\"summary_large_image\" \/>\n<script type=\"application\/ld+json\" class=\"yoast-schema-graph\">{\"@context\":\"https:\/\/schema.org\",\"@graph\":[{\"@type\":\"WebPage\",\"@id\":\"https:\/\/asteralabs.org\/de\/product\/lang-wirkende-mischung\/\",\"url\":\"https:\/\/asteralabs.org\/de\/product\/lang-wirkende-mischung\/\",\"name\":\"Lang wirkende Mischung - Astera Labs\",\"isPartOf\":{\"@id\":\"https:\/\/asteralabs.org\/de\/#website\"},\"primaryImageOfPage\":{\"@id\":\"https:\/\/asteralabs.org\/de\/product\/lang-wirkende-mischung\/#primaryimage\"},\"image\":{\"@id\":\"https:\/\/asteralabs.org\/de\/product\/lang-wirkende-mischung\/#primaryimage\"},\"thumbnailUrl\":\"https:\/\/asteralabs.org\/wp-content\/uploads\/2022\/11\/Long-acting-mix-inject-nbg.png\",\"datePublished\":\"2022-11-05T22:22:28+00:00\",\"dateModified\":\"2026-01-15T13:12:39+00:00\",\"breadcrumb\":{\"@id\":\"https:\/\/asteralabs.org\/de\/product\/lang-wirkende-mischung\/#breadcrumb\"},\"inLanguage\":\"de-DE\",\"potentialAction\":[{\"@type\":\"ReadAction\",\"target\":[\"https:\/\/asteralabs.org\/de\/product\/lang-wirkende-mischung\/\"]}]},{\"@type\":\"ImageObject\",\"inLanguage\":\"de-DE\",\"@id\":\"https:\/\/asteralabs.org\/de\/product\/lang-wirkende-mischung\/#primaryimage\",\"url\":\"https:\/\/asteralabs.org\/wp-content\/uploads\/2022\/11\/Long-acting-mix-inject-nbg.png\",\"contentUrl\":\"https:\/\/asteralabs.org\/wp-content\/uploads\/2022\/11\/Long-acting-mix-inject-nbg.png\",\"width\":2000,\"height\":2000},{\"@type\":\"BreadcrumbList\",\"@id\":\"https:\/\/asteralabs.org\/de\/product\/lang-wirkende-mischung\/#breadcrumb\",\"itemListElement\":[{\"@type\":\"ListItem\",\"position\":1,\"name\":\"Home\",\"item\":\"https:\/\/asteralabs.org\/de\/\"},{\"@type\":\"ListItem\",\"position\":2,\"name\":\"Shop\",\"item\":\"https:\/\/asteralabs.org\/shop\/\"},{\"@type\":\"ListItem\",\"position\":3,\"name\":\"Lang wirkende Mischung\"}]},{\"@type\":\"WebSite\",\"@id\":\"https:\/\/asteralabs.org\/de\/#website\",\"url\":\"https:\/\/asteralabs.org\/de\/\",\"name\":\"Astera Labs\",\"description\":\"Improve Your Quality Of Life\",\"publisher\":{\"@id\":\"https:\/\/asteralabs.org\/de\/#organization\"},\"potentialAction\":[{\"@type\":\"SearchAction\",\"target\":{\"@type\":\"EntryPoint\",\"urlTemplate\":\"https:\/\/asteralabs.org\/de\/?s={search_term_string}\"},\"query-input\":\"required name=search_term_string\"}],\"inLanguage\":\"de-DE\"},{\"@type\":\"Organization\",\"@id\":\"https:\/\/asteralabs.org\/de\/#organization\",\"name\":\"Astera Labs\",\"url\":\"https:\/\/asteralabs.org\/de\/\",\"logo\":{\"@type\":\"ImageObject\",\"inLanguage\":\"de-DE\",\"@id\":\"https:\/\/asteralabs.org\/de\/#\/schema\/logo\/image\/\",\"url\":\"https:\/\/asteralabs.org\/wp-content\/uploads\/2022\/12\/astera-2.png\",\"contentUrl\":\"https:\/\/asteralabs.org\/wp-content\/uploads\/2022\/12\/astera-2.png\",\"width\":437,\"height\":111,\"caption\":\"Astera Labs\"},\"image\":{\"@id\":\"https:\/\/asteralabs.org\/de\/#\/schema\/logo\/image\/\"}}]}<\/script>\n<!-- \/ Yoast SEO plugin. -->","yoast_head_json":{"title":"Lang wirkende Mischung - Astera Labs","robots":{"index":"index","follow":"follow","max-snippet":"max-snippet:-1","max-image-preview":"max-image-preview:large","max-video-preview":"max-video-preview:-1"},"canonical":"https:\/\/asteralabs.org\/de\/product\/lang-wirkende-mischung\/","og_locale":"de_DE","og_type":"article","og_title":"Lang wirkende Mischung - Astera Labs","og_description":"DOSIERUNG: Drostanolone Enanthate 200mg Testosterone Enanthate 200mg Trenbolone Enanthate 100mg PACKUNGSINHALT: 1 x x 10ML Fl\u00e4schchen, 200\/200\/100 mg pro ml WAS IST ES: Dieses Produkt ist ein kompletter Schneidezyklus in einem Fl\u00e4schchen, es enth\u00e4lt Testosteron, Masteron und Trenbolon. ANWENDUNG Die Dosierung h\u00e4ngt vom Anwender und seinen Zielen ab, 2 ml pro Woche d\u00fcrften f\u00fcr die&hellip;","og_url":"https:\/\/asteralabs.org\/de\/product\/lang-wirkende-mischung\/","og_site_name":"Astera Labs","article_modified_time":"2026-01-15T13:12:39+00:00","og_image":[{"width":2000,"height":2000,"url":"https:\/\/asteralabs.org\/wp-content\/uploads\/2022\/11\/Long-acting-mix-inject-nbg.png","type":"image\/png"}],"twitter_card":"summary_large_image","schema":{"@context":"https:\/\/schema.org","@graph":[{"@type":"WebPage","@id":"https:\/\/asteralabs.org\/de\/product\/lang-wirkende-mischung\/","url":"https:\/\/asteralabs.org\/de\/product\/lang-wirkende-mischung\/","name":"Lang wirkende Mischung - Astera Labs","isPartOf":{"@id":"https:\/\/asteralabs.org\/de\/#website"},"primaryImageOfPage":{"@id":"https:\/\/asteralabs.org\/de\/product\/lang-wirkende-mischung\/#primaryimage"},"image":{"@id":"https:\/\/asteralabs.org\/de\/product\/lang-wirkende-mischung\/#primaryimage"},"thumbnailUrl":"https:\/\/asteralabs.org\/wp-content\/uploads\/2022\/11\/Long-acting-mix-inject-nbg.png","datePublished":"2022-11-05T22:22:28+00:00","dateModified":"2026-01-15T13:12:39+00:00","breadcrumb":{"@id":"https:\/\/asteralabs.org\/de\/product\/lang-wirkende-mischung\/#breadcrumb"},"inLanguage":"de-DE","potentialAction":[{"@type":"ReadAction","target":["https:\/\/asteralabs.org\/de\/product\/lang-wirkende-mischung\/"]}]},{"@type":"ImageObject","inLanguage":"de-DE","@id":"https:\/\/asteralabs.org\/de\/product\/lang-wirkende-mischung\/#primaryimage","url":"https:\/\/asteralabs.org\/wp-content\/uploads\/2022\/11\/Long-acting-mix-inject-nbg.png","contentUrl":"https:\/\/asteralabs.org\/wp-content\/uploads\/2022\/11\/Long-acting-mix-inject-nbg.png","width":2000,"height":2000},{"@type":"BreadcrumbList","@id":"https:\/\/asteralabs.org\/de\/product\/lang-wirkende-mischung\/#breadcrumb","itemListElement":[{"@type":"ListItem","position":1,"name":"Home","item":"https:\/\/asteralabs.org\/de\/"},{"@type":"ListItem","position":2,"name":"Shop","item":"https:\/\/asteralabs.org\/shop\/"},{"@type":"ListItem","position":3,"name":"Lang wirkende Mischung"}]},{"@type":"WebSite","@id":"https:\/\/asteralabs.org\/de\/#website","url":"https:\/\/asteralabs.org\/de\/","name":"Astera Labs","description":"Improve Your Quality Of Life","publisher":{"@id":"https:\/\/asteralabs.org\/de\/#organization"},"potentialAction":[{"@type":"SearchAction","target":{"@type":"EntryPoint","urlTemplate":"https:\/\/asteralabs.org\/de\/?s={search_term_string}"},"query-input":"required name=search_term_string"}],"inLanguage":"de-DE"},{"@type":"Organization","@id":"https:\/\/asteralabs.org\/de\/#organization","name":"Astera Labs","url":"https:\/\/asteralabs.org\/de\/","logo":{"@type":"ImageObject","inLanguage":"de-DE","@id":"https:\/\/asteralabs.org\/de\/#\/schema\/logo\/image\/","url":"https:\/\/asteralabs.org\/wp-content\/uploads\/2022\/12\/astera-2.png","contentUrl":"https:\/\/asteralabs.org\/wp-content\/uploads\/2022\/12\/astera-2.png","width":437,"height":111,"caption":"Astera Labs"},"image":{"@id":"https:\/\/asteralabs.org\/de\/#\/schema\/logo\/image\/"}}]}},"_links":{"self":[{"href":"https:\/\/asteralabs.org\/de\/wp-json\/wp\/v2\/product\/77959"}],"collection":[{"href":"https:\/\/asteralabs.org\/de\/wp-json\/wp\/v2\/product"}],"about":[{"href":"https:\/\/asteralabs.org\/de\/wp-json\/wp\/v2\/types\/product"}],"replies":[{"embeddable":true,"href":"https:\/\/asteralabs.org\/de\/wp-json\/wp\/v2\/comments?post=77959"}],"version-history":[{"count":0,"href":"https:\/\/asteralabs.org\/de\/wp-json\/wp\/v2\/product\/77959\/revisions"}],"wp:featuredmedia":[{"embeddable":true,"href":"https:\/\/asteralabs.org\/de\/wp-json\/wp\/v2\/media\/76018"}],"wp:attachment":[{"href":"https:\/\/asteralabs.org\/de\/wp-json\/wp\/v2\/media?parent=77959"}],"wp:term":[{"taxonomy":"product_cat","embeddable":true,"href":"https:\/\/asteralabs.org\/de\/wp-json\/wp\/v2\/product_cat?post=77959"},{"taxonomy":"product_tag","embeddable":true,"href":"https:\/\/asteralabs.org\/de\/wp-json\/wp\/v2\/product_tag?post=77959"}],"curies":[{"name":"wp","href":"https:\/\/api.w.org\/{rel}","templated":true}]}}