{"id":77982,"date":"2022-11-05T22:17:23","date_gmt":"2022-11-05T22:17:23","guid":{"rendered":"https:\/\/asteralabs.org\/product\/trenbolon-mix\/"},"modified":"2026-01-15T14:04:28","modified_gmt":"2026-01-15T14:04:28","slug":"trenbolon-mix","status":"publish","type":"product","link":"https:\/\/asteralabs.org\/de\/product\/trenbolon-mix\/","title":{"rendered":"Trenbolon Mix"},"content":{"rendered":"<p><strong>DOSIERUNG:<\/strong><br \/>\nTrenbolon Acetat 50mg<br \/>\nTrenbolon Enanthate 50mg<br \/>\nTrenbolon Hexahydrobenzylcarbonat 50mg <strong>VERPACKUNGSINHALT:<\/strong><br \/>\n1 x 10ML Fl\u00e4schchen, 150 mg pro ml <strong>WAS IST ES:<\/strong><br \/>\nTrenbolon ist ein Steroid, das von 19-Nortestosteron abgeleitet wird und eines der st\u00e4rksten und effektivsten Steroide ist, die es derzeit gibt. Aufgrund seiner hohen Affinit\u00e4t zu Androgenrezeptoren ist es ein vielseitiges Steroid, das f\u00fcr den Aufbau von Muskelmasse, den Fettabbau und die Steigerung der Kraft n\u00fctzlich ist. Es ist sehr n\u00fctzlich w\u00e4hrend eines Cutting-Zyklus, um so viel magere Masse wie m\u00f6glich zu erhalten und gleichzeitig so viel Fett wie m\u00f6glich zu verlieren. Obwohl seine Nebenwirkungen \u00fcbertrieben sind und denen anderer Steroide sehr \u00e4hnlich und dosisabh\u00e4ngig sind, muss ber\u00fccksichtigt werden, dass es Schlafst\u00f6rungen (abh\u00e4ngig von der Dosis und dem Zeitpunkt der Einnahme) und Stimmungsschwankungen (abh\u00e4ngig von der Person) verursacht. <strong>ANWENDUNG:<\/strong><br \/>\nDa es sich um ein sehr vielseitiges Steroid handelt, k\u00f6nnen Dosen von 75 mg pro Woche w\u00e4hrend einer Cutting-Phase sehr n\u00fctzlich sein, ohne Nebenwirkungen zu verursachen oder die Chancen daf\u00fcr zu verringern. Wir empfehlen, mit 75 mg pro Woche zu beginnen und die Dosis allm\u00e4hlich zu erh\u00f6hen, bis Sie Nebenwirkungen bemerken, und das w\u00e4re dann Ihre maximale Dosis. Da es sich um eine Kombination aus drei Estern handelt, empfehlen wir Ihnen, die gleiche Injektionsh\u00e4ufigkeit zu verwenden wie bei dem k\u00fcrzeren Ester, also ED oder EOD.<\/p>\n<p><strong>BATCH INFORMATIONEN:<br \/>\n<\/strong>Chargennummer: <span data-sheets-root=\"1\" data-sheets-value=\"{\" data-sheets-userformat=\"{\">YO09765<\/span><br \/>\nHerstellungsdatum: <span data-sheets-root=\"1\" data-sheets-value=\"{\" data-sheets-userformat=\"{\">10.2025.<\/span><br \/>\nVerfallsdatum: <span data-sheets-root=\"1\" data-sheets-value=\"{\" data-sheets-userformat=\"{\">10.2028.<\/span><\/p>\n","protected":false},"excerpt":{"rendered":"<p>DOSIERUNG: Trenbolon Acetat 50mg Trenbolon Enanthate 50mg Trenbolon Hexahydrobenzylcarbonat 50mg VERPACKUNGSINHALT: 1 x 10ML Fl\u00e4schchen, 150 mg pro ml WAS IST ES: Trenbolon ist ein Steroid, das von 19-Nortestosteron abgeleitet wird und eines der st\u00e4rksten und effektivsten Steroide ist, die es derzeit gibt. Aufgrund seiner hohen Affinit\u00e4t zu Androgenrezeptoren ist es ein vielseitiges Steroid, das&hellip;<\/p>\n","protected":false},"featured_media":76178,"comment_status":"open","ping_status":"closed","template":"","meta":[],"product_cat":[156,154],"product_tag":[],"yoast_head":"<!-- This site is optimized with the Yoast SEO plugin v23.0 - https:\/\/yoast.com\/wordpress\/plugins\/seo\/ -->\n<title>Trenbolon Mix - Astera Labs<\/title>\n<meta name=\"robots\" content=\"index, follow, max-snippet:-1, max-image-preview:large, max-video-preview:-1\" \/>\n<link rel=\"canonical\" href=\"https:\/\/asteralabs.org\/de\/product\/trenbolon-mix\/\" \/>\n<meta property=\"og:locale\" content=\"de_DE\" \/>\n<meta property=\"og:type\" content=\"article\" \/>\n<meta property=\"og:title\" content=\"Trenbolon Mix - Astera Labs\" \/>\n<meta property=\"og:description\" content=\"DOSIERUNG: Trenbolon Acetat 50mg Trenbolon Enanthate 50mg Trenbolon Hexahydrobenzylcarbonat 50mg VERPACKUNGSINHALT: 1 x 10ML Fl\u00e4schchen, 150 mg pro ml WAS IST ES: Trenbolon ist ein Steroid, das von 19-Nortestosteron abgeleitet wird und eines der st\u00e4rksten und effektivsten Steroide ist, die es derzeit gibt. Aufgrund seiner hohen Affinit\u00e4t zu Androgenrezeptoren ist es ein vielseitiges Steroid, das&hellip;\" \/>\n<meta property=\"og:url\" content=\"https:\/\/asteralabs.org\/de\/product\/trenbolon-mix\/\" \/>\n<meta property=\"og:site_name\" content=\"Astera Labs\" \/>\n<meta property=\"article:modified_time\" content=\"2026-01-15T14:04:28+00:00\" \/>\n<meta property=\"og:image\" content=\"https:\/\/asteralabs.org\/wp-content\/uploads\/2022\/11\/Trenbolone-mix-inject-nbg-1.png\" \/>\n\t<meta property=\"og:image:width\" content=\"2000\" \/>\n\t<meta property=\"og:image:height\" content=\"2000\" \/>\n\t<meta property=\"og:image:type\" content=\"image\/png\" \/>\n<meta name=\"twitter:card\" content=\"summary_large_image\" \/>\n<script type=\"application\/ld+json\" class=\"yoast-schema-graph\">{\"@context\":\"https:\/\/schema.org\",\"@graph\":[{\"@type\":\"WebPage\",\"@id\":\"https:\/\/asteralabs.org\/de\/product\/trenbolon-mix\/\",\"url\":\"https:\/\/asteralabs.org\/de\/product\/trenbolon-mix\/\",\"name\":\"Trenbolon Mix - Astera Labs\",\"isPartOf\":{\"@id\":\"https:\/\/asteralabs.org\/de\/#website\"},\"primaryImageOfPage\":{\"@id\":\"https:\/\/asteralabs.org\/de\/product\/trenbolon-mix\/#primaryimage\"},\"image\":{\"@id\":\"https:\/\/asteralabs.org\/de\/product\/trenbolon-mix\/#primaryimage\"},\"thumbnailUrl\":\"https:\/\/asteralabs.org\/wp-content\/uploads\/2022\/11\/Trenbolone-mix-inject-nbg-1.png\",\"datePublished\":\"2022-11-05T22:17:23+00:00\",\"dateModified\":\"2026-01-15T14:04:28+00:00\",\"breadcrumb\":{\"@id\":\"https:\/\/asteralabs.org\/de\/product\/trenbolon-mix\/#breadcrumb\"},\"inLanguage\":\"de-DE\",\"potentialAction\":[{\"@type\":\"ReadAction\",\"target\":[\"https:\/\/asteralabs.org\/de\/product\/trenbolon-mix\/\"]}]},{\"@type\":\"ImageObject\",\"inLanguage\":\"de-DE\",\"@id\":\"https:\/\/asteralabs.org\/de\/product\/trenbolon-mix\/#primaryimage\",\"url\":\"https:\/\/asteralabs.org\/wp-content\/uploads\/2022\/11\/Trenbolone-mix-inject-nbg-1.png\",\"contentUrl\":\"https:\/\/asteralabs.org\/wp-content\/uploads\/2022\/11\/Trenbolone-mix-inject-nbg-1.png\",\"width\":2000,\"height\":2000},{\"@type\":\"BreadcrumbList\",\"@id\":\"https:\/\/asteralabs.org\/de\/product\/trenbolon-mix\/#breadcrumb\",\"itemListElement\":[{\"@type\":\"ListItem\",\"position\":1,\"name\":\"Home\",\"item\":\"https:\/\/asteralabs.org\/de\/\"},{\"@type\":\"ListItem\",\"position\":2,\"name\":\"Shop\",\"item\":\"https:\/\/asteralabs.org\/shop\/\"},{\"@type\":\"ListItem\",\"position\":3,\"name\":\"Trenbolon Mix\"}]},{\"@type\":\"WebSite\",\"@id\":\"https:\/\/asteralabs.org\/de\/#website\",\"url\":\"https:\/\/asteralabs.org\/de\/\",\"name\":\"Astera Labs\",\"description\":\"Improve Your Quality Of Life\",\"publisher\":{\"@id\":\"https:\/\/asteralabs.org\/de\/#organization\"},\"potentialAction\":[{\"@type\":\"SearchAction\",\"target\":{\"@type\":\"EntryPoint\",\"urlTemplate\":\"https:\/\/asteralabs.org\/de\/?s={search_term_string}\"},\"query-input\":\"required name=search_term_string\"}],\"inLanguage\":\"de-DE\"},{\"@type\":\"Organization\",\"@id\":\"https:\/\/asteralabs.org\/de\/#organization\",\"name\":\"Astera Labs\",\"url\":\"https:\/\/asteralabs.org\/de\/\",\"logo\":{\"@type\":\"ImageObject\",\"inLanguage\":\"de-DE\",\"@id\":\"https:\/\/asteralabs.org\/de\/#\/schema\/logo\/image\/\",\"url\":\"https:\/\/asteralabs.org\/wp-content\/uploads\/2022\/12\/astera-2.png\",\"contentUrl\":\"https:\/\/asteralabs.org\/wp-content\/uploads\/2022\/12\/astera-2.png\",\"width\":437,\"height\":111,\"caption\":\"Astera Labs\"},\"image\":{\"@id\":\"https:\/\/asteralabs.org\/de\/#\/schema\/logo\/image\/\"}}]}<\/script>\n<!-- \/ Yoast SEO plugin. -->","yoast_head_json":{"title":"Trenbolon Mix - Astera Labs","robots":{"index":"index","follow":"follow","max-snippet":"max-snippet:-1","max-image-preview":"max-image-preview:large","max-video-preview":"max-video-preview:-1"},"canonical":"https:\/\/asteralabs.org\/de\/product\/trenbolon-mix\/","og_locale":"de_DE","og_type":"article","og_title":"Trenbolon Mix - Astera Labs","og_description":"DOSIERUNG: Trenbolon Acetat 50mg Trenbolon Enanthate 50mg Trenbolon Hexahydrobenzylcarbonat 50mg VERPACKUNGSINHALT: 1 x 10ML Fl\u00e4schchen, 150 mg pro ml WAS IST ES: Trenbolon ist ein Steroid, das von 19-Nortestosteron abgeleitet wird und eines der st\u00e4rksten und effektivsten Steroide ist, die es derzeit gibt. Aufgrund seiner hohen Affinit\u00e4t zu Androgenrezeptoren ist es ein vielseitiges Steroid, das&hellip;","og_url":"https:\/\/asteralabs.org\/de\/product\/trenbolon-mix\/","og_site_name":"Astera Labs","article_modified_time":"2026-01-15T14:04:28+00:00","og_image":[{"width":2000,"height":2000,"url":"https:\/\/asteralabs.org\/wp-content\/uploads\/2022\/11\/Trenbolone-mix-inject-nbg-1.png","type":"image\/png"}],"twitter_card":"summary_large_image","schema":{"@context":"https:\/\/schema.org","@graph":[{"@type":"WebPage","@id":"https:\/\/asteralabs.org\/de\/product\/trenbolon-mix\/","url":"https:\/\/asteralabs.org\/de\/product\/trenbolon-mix\/","name":"Trenbolon Mix - Astera Labs","isPartOf":{"@id":"https:\/\/asteralabs.org\/de\/#website"},"primaryImageOfPage":{"@id":"https:\/\/asteralabs.org\/de\/product\/trenbolon-mix\/#primaryimage"},"image":{"@id":"https:\/\/asteralabs.org\/de\/product\/trenbolon-mix\/#primaryimage"},"thumbnailUrl":"https:\/\/asteralabs.org\/wp-content\/uploads\/2022\/11\/Trenbolone-mix-inject-nbg-1.png","datePublished":"2022-11-05T22:17:23+00:00","dateModified":"2026-01-15T14:04:28+00:00","breadcrumb":{"@id":"https:\/\/asteralabs.org\/de\/product\/trenbolon-mix\/#breadcrumb"},"inLanguage":"de-DE","potentialAction":[{"@type":"ReadAction","target":["https:\/\/asteralabs.org\/de\/product\/trenbolon-mix\/"]}]},{"@type":"ImageObject","inLanguage":"de-DE","@id":"https:\/\/asteralabs.org\/de\/product\/trenbolon-mix\/#primaryimage","url":"https:\/\/asteralabs.org\/wp-content\/uploads\/2022\/11\/Trenbolone-mix-inject-nbg-1.png","contentUrl":"https:\/\/asteralabs.org\/wp-content\/uploads\/2022\/11\/Trenbolone-mix-inject-nbg-1.png","width":2000,"height":2000},{"@type":"BreadcrumbList","@id":"https:\/\/asteralabs.org\/de\/product\/trenbolon-mix\/#breadcrumb","itemListElement":[{"@type":"ListItem","position":1,"name":"Home","item":"https:\/\/asteralabs.org\/de\/"},{"@type":"ListItem","position":2,"name":"Shop","item":"https:\/\/asteralabs.org\/shop\/"},{"@type":"ListItem","position":3,"name":"Trenbolon Mix"}]},{"@type":"WebSite","@id":"https:\/\/asteralabs.org\/de\/#website","url":"https:\/\/asteralabs.org\/de\/","name":"Astera Labs","description":"Improve Your Quality Of Life","publisher":{"@id":"https:\/\/asteralabs.org\/de\/#organization"},"potentialAction":[{"@type":"SearchAction","target":{"@type":"EntryPoint","urlTemplate":"https:\/\/asteralabs.org\/de\/?s={search_term_string}"},"query-input":"required name=search_term_string"}],"inLanguage":"de-DE"},{"@type":"Organization","@id":"https:\/\/asteralabs.org\/de\/#organization","name":"Astera Labs","url":"https:\/\/asteralabs.org\/de\/","logo":{"@type":"ImageObject","inLanguage":"de-DE","@id":"https:\/\/asteralabs.org\/de\/#\/schema\/logo\/image\/","url":"https:\/\/asteralabs.org\/wp-content\/uploads\/2022\/12\/astera-2.png","contentUrl":"https:\/\/asteralabs.org\/wp-content\/uploads\/2022\/12\/astera-2.png","width":437,"height":111,"caption":"Astera Labs"},"image":{"@id":"https:\/\/asteralabs.org\/de\/#\/schema\/logo\/image\/"}}]}},"_links":{"self":[{"href":"https:\/\/asteralabs.org\/de\/wp-json\/wp\/v2\/product\/77982"}],"collection":[{"href":"https:\/\/asteralabs.org\/de\/wp-json\/wp\/v2\/product"}],"about":[{"href":"https:\/\/asteralabs.org\/de\/wp-json\/wp\/v2\/types\/product"}],"replies":[{"embeddable":true,"href":"https:\/\/asteralabs.org\/de\/wp-json\/wp\/v2\/comments?post=77982"}],"version-history":[{"count":0,"href":"https:\/\/asteralabs.org\/de\/wp-json\/wp\/v2\/product\/77982\/revisions"}],"wp:featuredmedia":[{"embeddable":true,"href":"https:\/\/asteralabs.org\/de\/wp-json\/wp\/v2\/media\/76178"}],"wp:attachment":[{"href":"https:\/\/asteralabs.org\/de\/wp-json\/wp\/v2\/media?parent=77982"}],"wp:term":[{"taxonomy":"product_cat","embeddable":true,"href":"https:\/\/asteralabs.org\/de\/wp-json\/wp\/v2\/product_cat?post=77982"},{"taxonomy":"product_tag","embeddable":true,"href":"https:\/\/asteralabs.org\/de\/wp-json\/wp\/v2\/product_tag?post=77982"}],"curies":[{"name":"wp","href":"https:\/\/api.w.org\/{rel}","templated":true}]}}