{"id":78037,"date":"2023-09-07T12:39:07","date_gmt":"2023-09-07T12:39:07","guid":{"rendered":"https:\/\/asteralabs.org\/product\/hcg-humanes-choriongonadotropin\/"},"modified":"2026-01-15T10:43:22","modified_gmt":"2026-01-15T10:43:22","slug":"hcg-humanes-choriongonadotropin","status":"publish","type":"product","link":"https:\/\/asteralabs.org\/de\/product\/hcg-humanes-choriongonadotropin\/","title":{"rendered":"HCG (Humanes Choriongonadotropin)"},"content":{"rendered":"<p><strong>DOSIERUNG<\/strong>: Humanes Choriongonadotropin (HCG), 5000 IU pro Ampulle<\/p>\n<p><strong>PACKUNGSINHALT:<\/strong><\/p>\n<p>1 Fl\u00e4schchen mit 5000 IU Injektionsl\u00f6sung<\/p>\n<p><strong>WAS IST ES:<\/strong><\/p>\n<p>Humanes Choriongonadotropin (HCG) ist ein hochwirksames injizierbares Hormon, das die Funktion des luteinisierenden Hormons (LH) im K\u00f6rper nachahmt. Es wird h\u00e4ufig zur Unterst\u00fctzung der Fruchtbarkeit bei Frauen, zur Wiederherstellung des nat\u00fcrlichen Testosteronspiegels bei M\u00e4nnern mit niedrigem Testosteronspiegel und zur Vorbeugung von Hodenschrumpfung w\u00e4hrend anaboler Steroidzyklen eingesetzt. HCG f\u00f6rdert den Eisprung, kurbelt die Testosteronproduktion an, erh\u00e4lt die Hodenfunktion und verbessert die Spermienqualit\u00e4t. Damit ist HCG ein wertvolles Hilfsmittel f\u00fcr die reproduktive Gesundheit und das hormonelle Gleichgewicht sowohl bei M\u00e4nnern als auch bei Frauen.<\/p>\n<p><strong>WIE ZU VERWENDEN:<\/strong><\/p>\n<p>Die empfohlene Dosierung von HCG h\u00e4ngt von seinem Zweck ab:<\/p>\n<ul>\n<li>F\u00fcr die Fruchtbarkeit (Frauen):<\/li>\n<\/ul>\n<p>HCG wird verwendet, um den Eisprung bei Frauen auszul\u00f6sen, die sich einer Fruchtbarkeitsbehandlung unterziehen. Das typische Protokoll umfasst eine einzige intramuskul\u00e4re Injektion von 5.000-10.000 IE, die etwa 36 Stunden vor einer geplanten intrauterinen Insemination (IUI) oder einer Eizellentnahme f\u00fcr eine In-vitro-Fertilisation (IVF) verabreicht wird.<\/p>\n<ul>\n<li>Zur Unterst\u00fctzung der Fruchtbarkeit (M\u00e4nner):<\/li>\n<\/ul>\n<p>Eine typische Dosis liegt zwischen 500-1000 IE, die zwei- bis dreimal w\u00f6chentlich per intramuskul\u00e4rer oder subkutaner Injektion verabreicht wird. <strong>Chargeninformationen:<br \/>\n<\/strong>Chargennummer: <span data-sheets-root=\"1\">GR69023<\/span><br \/>\nHerstellungsdatum: <span data-sheets-root=\"1\" data-sheets-value=\"{&quot;1&quot;:2,&quot;2&quot;:&quot;03.2023.&quot;}\" data-sheets-userformat=\"{&quot;2&quot;:577,&quot;3&quot;:{&quot;1&quot;:0},&quot;9&quot;:0,&quot;12&quot;:0}\">10.2025.<\/span><br \/>\nVerfallsdatum: 10<span data-sheets-root=\"1\" data-sheets-value=\"{&quot;1&quot;:2,&quot;2&quot;:&quot;03.2026.&quot;}\" data-sheets-userformat=\"{&quot;2&quot;:637,&quot;3&quot;:{&quot;1&quot;:0},&quot;5&quot;:{&quot;1&quot;:[{&quot;1&quot;:2,&quot;2&quot;:0,&quot;5&quot;:{&quot;1&quot;:2,&quot;2&quot;:0}},{&quot;1&quot;:0,&quot;2&quot;:0,&quot;3&quot;:3},{&quot;1&quot;:1,&quot;2&quot;:0,&quot;4&quot;:1}]},&quot;6&quot;:{&quot;1&quot;:[{&quot;1&quot;:2,&quot;2&quot;:0,&quot;5&quot;:{&quot;1&quot;:2,&quot;2&quot;:0}},{&quot;1&quot;:0,&quot;2&quot;:0,&quot;3&quot;:3},{&quot;1&quot;:1,&quot;2&quot;:0,&quot;4&quot;:1}]},&quot;7&quot;:{&quot;1&quot;:[{&quot;1&quot;:2,&quot;2&quot;:0,&quot;5&quot;:{&quot;1&quot;:2,&quot;2&quot;:0}},{&quot;1&quot;:0,&quot;2&quot;:0,&quot;3&quot;:3},{&quot;1&quot;:1,&quot;2&quot;:0,&quot;4&quot;:1}]},&quot;8&quot;:{&quot;1&quot;:[{&quot;1&quot;:2,&quot;2&quot;:0,&quot;5&quot;:{&quot;1&quot;:2,&quot;2&quot;:0}},{&quot;1&quot;:0,&quot;2&quot;:0,&quot;3&quot;:3},{&quot;1&quot;:1,&quot;2&quot;:0,&quot;4&quot;:1}]},&quot;9&quot;:0,&quot;12&quot;:0}\">.2028.<\/span><\/p>\n","protected":false},"excerpt":{"rendered":"<p>DOSIERUNG: Humanes Choriongonadotropin (HCG), 5000 IU pro Ampulle PACKUNGSINHALT: 1 Fl\u00e4schchen mit 5000 IU Injektionsl\u00f6sung WAS IST ES: Humanes Choriongonadotropin (HCG) ist ein hochwirksames injizierbares Hormon, das die Funktion des luteinisierenden Hormons (LH) im K\u00f6rper nachahmt. Es wird h\u00e4ufig zur Unterst\u00fctzung der Fruchtbarkeit bei Frauen, zur Wiederherstellung des nat\u00fcrlichen Testosteronspiegels bei M\u00e4nnern mit niedrigem Testosteronspiegel&hellip;<\/p>\n","protected":false},"featured_media":80467,"comment_status":"closed","ping_status":"closed","template":"","meta":[],"product_cat":[156,193],"product_tag":[],"yoast_head":"<!-- This site is optimized with the Yoast SEO plugin v23.0 - https:\/\/yoast.com\/wordpress\/plugins\/seo\/ -->\n<title>HCG (Humanes Choriongonadotropin) - Astera Labs<\/title>\n<meta name=\"robots\" content=\"index, follow, max-snippet:-1, max-image-preview:large, max-video-preview:-1\" \/>\n<link rel=\"canonical\" href=\"https:\/\/asteralabs.org\/de\/product\/hcg-humanes-choriongonadotropin\/\" \/>\n<meta property=\"og:locale\" content=\"de_DE\" \/>\n<meta property=\"og:type\" content=\"article\" \/>\n<meta property=\"og:title\" content=\"HCG (Humanes Choriongonadotropin) - Astera Labs\" \/>\n<meta property=\"og:description\" content=\"DOSIERUNG: Humanes Choriongonadotropin (HCG), 5000 IU pro Ampulle PACKUNGSINHALT: 1 Fl\u00e4schchen mit 5000 IU Injektionsl\u00f6sung WAS IST ES: Humanes Choriongonadotropin (HCG) ist ein hochwirksames injizierbares Hormon, das die Funktion des luteinisierenden Hormons (LH) im K\u00f6rper nachahmt. Es wird h\u00e4ufig zur Unterst\u00fctzung der Fruchtbarkeit bei Frauen, zur Wiederherstellung des nat\u00fcrlichen Testosteronspiegels bei M\u00e4nnern mit niedrigem Testosteronspiegel&hellip;\" \/>\n<meta property=\"og:url\" content=\"https:\/\/asteralabs.org\/de\/product\/hcg-humanes-choriongonadotropin\/\" \/>\n<meta property=\"og:site_name\" content=\"Astera Labs\" \/>\n<meta property=\"article:modified_time\" content=\"2026-01-15T10:43:22+00:00\" \/>\n<meta property=\"og:image\" content=\"https:\/\/asteralabs.org\/wp-content\/uploads\/2023\/09\/HCG-vial-front-noBG.png\" \/>\n\t<meta property=\"og:image:width\" content=\"2000\" \/>\n\t<meta property=\"og:image:height\" content=\"2000\" \/>\n\t<meta property=\"og:image:type\" content=\"image\/png\" \/>\n<meta name=\"twitter:card\" content=\"summary_large_image\" \/>\n<script type=\"application\/ld+json\" class=\"yoast-schema-graph\">{\"@context\":\"https:\/\/schema.org\",\"@graph\":[{\"@type\":\"WebPage\",\"@id\":\"https:\/\/asteralabs.org\/de\/product\/hcg-humanes-choriongonadotropin\/\",\"url\":\"https:\/\/asteralabs.org\/de\/product\/hcg-humanes-choriongonadotropin\/\",\"name\":\"HCG (Humanes Choriongonadotropin) - Astera Labs\",\"isPartOf\":{\"@id\":\"https:\/\/asteralabs.org\/de\/#website\"},\"primaryImageOfPage\":{\"@id\":\"https:\/\/asteralabs.org\/de\/product\/hcg-humanes-choriongonadotropin\/#primaryimage\"},\"image\":{\"@id\":\"https:\/\/asteralabs.org\/de\/product\/hcg-humanes-choriongonadotropin\/#primaryimage\"},\"thumbnailUrl\":\"https:\/\/asteralabs.org\/wp-content\/uploads\/2023\/09\/HCG-vial-front-noBG-FIXED.png\",\"datePublished\":\"2023-09-07T12:39:07+00:00\",\"dateModified\":\"2026-01-15T10:43:22+00:00\",\"breadcrumb\":{\"@id\":\"https:\/\/asteralabs.org\/de\/product\/hcg-humanes-choriongonadotropin\/#breadcrumb\"},\"inLanguage\":\"de-DE\",\"potentialAction\":[{\"@type\":\"ReadAction\",\"target\":[\"https:\/\/asteralabs.org\/de\/product\/hcg-humanes-choriongonadotropin\/\"]}]},{\"@type\":\"ImageObject\",\"inLanguage\":\"de-DE\",\"@id\":\"https:\/\/asteralabs.org\/de\/product\/hcg-humanes-choriongonadotropin\/#primaryimage\",\"url\":\"https:\/\/asteralabs.org\/wp-content\/uploads\/2023\/09\/HCG-vial-front-noBG-FIXED.png\",\"contentUrl\":\"https:\/\/asteralabs.org\/wp-content\/uploads\/2023\/09\/HCG-vial-front-noBG-FIXED.png\",\"width\":2000,\"height\":2000},{\"@type\":\"BreadcrumbList\",\"@id\":\"https:\/\/asteralabs.org\/de\/product\/hcg-humanes-choriongonadotropin\/#breadcrumb\",\"itemListElement\":[{\"@type\":\"ListItem\",\"position\":1,\"name\":\"Home\",\"item\":\"https:\/\/asteralabs.org\/de\/\"},{\"@type\":\"ListItem\",\"position\":2,\"name\":\"Shop\",\"item\":\"https:\/\/asteralabs.org\/shop\/\"},{\"@type\":\"ListItem\",\"position\":3,\"name\":\"HCG (Humanes Choriongonadotropin)\"}]},{\"@type\":\"WebSite\",\"@id\":\"https:\/\/asteralabs.org\/de\/#website\",\"url\":\"https:\/\/asteralabs.org\/de\/\",\"name\":\"Astera Labs\",\"description\":\"Improve Your Quality Of Life\",\"publisher\":{\"@id\":\"https:\/\/asteralabs.org\/de\/#organization\"},\"potentialAction\":[{\"@type\":\"SearchAction\",\"target\":{\"@type\":\"EntryPoint\",\"urlTemplate\":\"https:\/\/asteralabs.org\/de\/?s={search_term_string}\"},\"query-input\":\"required name=search_term_string\"}],\"inLanguage\":\"de-DE\"},{\"@type\":\"Organization\",\"@id\":\"https:\/\/asteralabs.org\/de\/#organization\",\"name\":\"Astera Labs\",\"url\":\"https:\/\/asteralabs.org\/de\/\",\"logo\":{\"@type\":\"ImageObject\",\"inLanguage\":\"de-DE\",\"@id\":\"https:\/\/asteralabs.org\/de\/#\/schema\/logo\/image\/\",\"url\":\"https:\/\/asteralabs.org\/wp-content\/uploads\/2022\/12\/astera-2.png\",\"contentUrl\":\"https:\/\/asteralabs.org\/wp-content\/uploads\/2022\/12\/astera-2.png\",\"width\":437,\"height\":111,\"caption\":\"Astera Labs\"},\"image\":{\"@id\":\"https:\/\/asteralabs.org\/de\/#\/schema\/logo\/image\/\"}}]}<\/script>\n<!-- \/ Yoast SEO plugin. -->","yoast_head_json":{"title":"HCG (Humanes Choriongonadotropin) - Astera Labs","robots":{"index":"index","follow":"follow","max-snippet":"max-snippet:-1","max-image-preview":"max-image-preview:large","max-video-preview":"max-video-preview:-1"},"canonical":"https:\/\/asteralabs.org\/de\/product\/hcg-humanes-choriongonadotropin\/","og_locale":"de_DE","og_type":"article","og_title":"HCG (Humanes Choriongonadotropin) - Astera Labs","og_description":"DOSIERUNG: Humanes Choriongonadotropin (HCG), 5000 IU pro Ampulle PACKUNGSINHALT: 1 Fl\u00e4schchen mit 5000 IU Injektionsl\u00f6sung WAS IST ES: Humanes Choriongonadotropin (HCG) ist ein hochwirksames injizierbares Hormon, das die Funktion des luteinisierenden Hormons (LH) im K\u00f6rper nachahmt. Es wird h\u00e4ufig zur Unterst\u00fctzung der Fruchtbarkeit bei Frauen, zur Wiederherstellung des nat\u00fcrlichen Testosteronspiegels bei M\u00e4nnern mit niedrigem Testosteronspiegel&hellip;","og_url":"https:\/\/asteralabs.org\/de\/product\/hcg-humanes-choriongonadotropin\/","og_site_name":"Astera Labs","article_modified_time":"2026-01-15T10:43:22+00:00","og_image":[{"width":2000,"height":2000,"url":"https:\/\/asteralabs.org\/wp-content\/uploads\/2023\/09\/HCG-vial-front-noBG.png","type":"image\/png"}],"twitter_card":"summary_large_image","schema":{"@context":"https:\/\/schema.org","@graph":[{"@type":"WebPage","@id":"https:\/\/asteralabs.org\/de\/product\/hcg-humanes-choriongonadotropin\/","url":"https:\/\/asteralabs.org\/de\/product\/hcg-humanes-choriongonadotropin\/","name":"HCG (Humanes Choriongonadotropin) - Astera Labs","isPartOf":{"@id":"https:\/\/asteralabs.org\/de\/#website"},"primaryImageOfPage":{"@id":"https:\/\/asteralabs.org\/de\/product\/hcg-humanes-choriongonadotropin\/#primaryimage"},"image":{"@id":"https:\/\/asteralabs.org\/de\/product\/hcg-humanes-choriongonadotropin\/#primaryimage"},"thumbnailUrl":"https:\/\/asteralabs.org\/wp-content\/uploads\/2023\/09\/HCG-vial-front-noBG-FIXED.png","datePublished":"2023-09-07T12:39:07+00:00","dateModified":"2026-01-15T10:43:22+00:00","breadcrumb":{"@id":"https:\/\/asteralabs.org\/de\/product\/hcg-humanes-choriongonadotropin\/#breadcrumb"},"inLanguage":"de-DE","potentialAction":[{"@type":"ReadAction","target":["https:\/\/asteralabs.org\/de\/product\/hcg-humanes-choriongonadotropin\/"]}]},{"@type":"ImageObject","inLanguage":"de-DE","@id":"https:\/\/asteralabs.org\/de\/product\/hcg-humanes-choriongonadotropin\/#primaryimage","url":"https:\/\/asteralabs.org\/wp-content\/uploads\/2023\/09\/HCG-vial-front-noBG-FIXED.png","contentUrl":"https:\/\/asteralabs.org\/wp-content\/uploads\/2023\/09\/HCG-vial-front-noBG-FIXED.png","width":2000,"height":2000},{"@type":"BreadcrumbList","@id":"https:\/\/asteralabs.org\/de\/product\/hcg-humanes-choriongonadotropin\/#breadcrumb","itemListElement":[{"@type":"ListItem","position":1,"name":"Home","item":"https:\/\/asteralabs.org\/de\/"},{"@type":"ListItem","position":2,"name":"Shop","item":"https:\/\/asteralabs.org\/shop\/"},{"@type":"ListItem","position":3,"name":"HCG (Humanes Choriongonadotropin)"}]},{"@type":"WebSite","@id":"https:\/\/asteralabs.org\/de\/#website","url":"https:\/\/asteralabs.org\/de\/","name":"Astera Labs","description":"Improve Your Quality Of Life","publisher":{"@id":"https:\/\/asteralabs.org\/de\/#organization"},"potentialAction":[{"@type":"SearchAction","target":{"@type":"EntryPoint","urlTemplate":"https:\/\/asteralabs.org\/de\/?s={search_term_string}"},"query-input":"required name=search_term_string"}],"inLanguage":"de-DE"},{"@type":"Organization","@id":"https:\/\/asteralabs.org\/de\/#organization","name":"Astera Labs","url":"https:\/\/asteralabs.org\/de\/","logo":{"@type":"ImageObject","inLanguage":"de-DE","@id":"https:\/\/asteralabs.org\/de\/#\/schema\/logo\/image\/","url":"https:\/\/asteralabs.org\/wp-content\/uploads\/2022\/12\/astera-2.png","contentUrl":"https:\/\/asteralabs.org\/wp-content\/uploads\/2022\/12\/astera-2.png","width":437,"height":111,"caption":"Astera Labs"},"image":{"@id":"https:\/\/asteralabs.org\/de\/#\/schema\/logo\/image\/"}}]}},"_links":{"self":[{"href":"https:\/\/asteralabs.org\/de\/wp-json\/wp\/v2\/product\/78037"}],"collection":[{"href":"https:\/\/asteralabs.org\/de\/wp-json\/wp\/v2\/product"}],"about":[{"href":"https:\/\/asteralabs.org\/de\/wp-json\/wp\/v2\/types\/product"}],"replies":[{"embeddable":true,"href":"https:\/\/asteralabs.org\/de\/wp-json\/wp\/v2\/comments?post=78037"}],"version-history":[{"count":2,"href":"https:\/\/asteralabs.org\/de\/wp-json\/wp\/v2\/product\/78037\/revisions"}],"predecessor-version":[{"id":79488,"href":"https:\/\/asteralabs.org\/de\/wp-json\/wp\/v2\/product\/78037\/revisions\/79488"}],"wp:featuredmedia":[{"embeddable":true,"href":"https:\/\/asteralabs.org\/de\/wp-json\/wp\/v2\/media\/80467"}],"wp:attachment":[{"href":"https:\/\/asteralabs.org\/de\/wp-json\/wp\/v2\/media?parent=78037"}],"wp:term":[{"taxonomy":"product_cat","embeddable":true,"href":"https:\/\/asteralabs.org\/de\/wp-json\/wp\/v2\/product_cat?post=78037"},{"taxonomy":"product_tag","embeddable":true,"href":"https:\/\/asteralabs.org\/de\/wp-json\/wp\/v2\/product_tag?post=78037"}],"curies":[{"name":"wp","href":"https:\/\/api.w.org\/{rel}","templated":true}]}}