{"id":78049,"date":"2023-09-07T12:35:37","date_gmt":"2023-09-07T12:35:37","guid":{"rendered":"https:\/\/asteralabs.org\/product\/sr9009-50-tabletten\/"},"modified":"2026-01-15T11:08:06","modified_gmt":"2026-01-15T11:08:06","slug":"sr9009-50-tabletten","status":"publish","type":"product","link":"https:\/\/asteralabs.org\/de\/product\/sr9009-50-tabletten\/","title":{"rendered":"SR9009 50 Tabletten"},"content":{"rendered":"<p><strong>DOSIERUNG<\/strong>: SR9009 Stenabolic 10 mg pro Tablette<\/p>\n<p><strong>PACKUNGSINHALT:<\/strong><\/p>\n<p>1 Beutel mit 50 Tabletten, jede enth\u00e4lt 10 mg<\/p>\n<p><strong>WAS IST ES:<\/strong><\/p>\n<p>Stenabolic, auch bekannt als SR9009, ist eine einzigartige Verbindung, die f\u00fcr ihre F\u00e4higkeit bekannt ist, mehrere K\u00f6rperfunktionen zu beeinflussen, darunter die Fettspeicherung, den Glukosestoffwechsel und die Regulierung des zirkadianen Rhythmus. In der Bodybuilding-Gemeinschaft wird es f\u00fcr sein Potenzial gesch\u00e4tzt, die k\u00f6rperliche Leistungsf\u00e4higkeit zu steigern, die Ausdauer zu verbessern und den Fettabbau zu unterst\u00fctzen.<\/p>\n<p><strong>WIE ZU VERWENDEN:<\/strong><\/p>\n<p>Der empfohlene Dosierungsbereich f\u00fcr Stenabolic liegt zwischen 10 mg und 40 mg pro Tag. Aufgrund der kurzen Halbwertszeit von etwa 4 bis 6 Stunden wird die Einnahme h\u00e4ufig auf zwei oder drei Dosen \u00fcber den Tag verteilt. <strong>Chargeninformationen:<br \/>\n<\/strong>Chargennummer: <span data-sheets-root=\"1\" data-sheets-value=\"{\" data-sheets-userformat=\"{\"> XT17311<\/span><br \/>\nHerstellungsdatum: <span data-sheets-root=\"1\" data-sheets-value=\"{\" data-sheets-userformat=\"{\">10.2025.<\/span><br \/>\nVerfallsdatum: <span data-sheets-root=\"1\" data-sheets-value=\"{\" data-sheets-userformat=\"{\">10.2028.<\/span><\/p>\n","protected":false},"excerpt":{"rendered":"<p>DOSIERUNG: SR9009 Stenabolic 10 mg pro Tablette PACKUNGSINHALT: 1 Beutel mit 50 Tabletten, jede enth\u00e4lt 10 mg WAS IST ES: Stenabolic, auch bekannt als SR9009, ist eine einzigartige Verbindung, die f\u00fcr ihre F\u00e4higkeit bekannt ist, mehrere K\u00f6rperfunktionen zu beeinflussen, darunter die Fettspeicherung, den Glukosestoffwechsel und die Regulierung des zirkadianen Rhythmus. In der Bodybuilding-Gemeinschaft wird es&hellip;<\/p>\n","protected":false},"featured_media":76474,"comment_status":"closed","ping_status":"closed","template":"","meta":[],"product_cat":[156,203],"product_tag":[],"yoast_head":"<!-- This site is optimized with the Yoast SEO plugin v23.0 - https:\/\/yoast.com\/wordpress\/plugins\/seo\/ -->\n<title>SR9009 50 Tabletten - Astera Labs<\/title>\n<meta name=\"robots\" content=\"index, follow, max-snippet:-1, max-image-preview:large, max-video-preview:-1\" \/>\n<link rel=\"canonical\" href=\"https:\/\/asteralabs.org\/de\/product\/sr9009-50-tabletten\/\" \/>\n<meta property=\"og:locale\" content=\"de_DE\" \/>\n<meta property=\"og:type\" content=\"article\" \/>\n<meta property=\"og:title\" content=\"SR9009 50 Tabletten - Astera Labs\" \/>\n<meta property=\"og:description\" content=\"DOSIERUNG: SR9009 Stenabolic 10 mg pro Tablette PACKUNGSINHALT: 1 Beutel mit 50 Tabletten, jede enth\u00e4lt 10 mg WAS IST ES: Stenabolic, auch bekannt als SR9009, ist eine einzigartige Verbindung, die f\u00fcr ihre F\u00e4higkeit bekannt ist, mehrere K\u00f6rperfunktionen zu beeinflussen, darunter die Fettspeicherung, den Glukosestoffwechsel und die Regulierung des zirkadianen Rhythmus. In der Bodybuilding-Gemeinschaft wird es&hellip;\" \/>\n<meta property=\"og:url\" content=\"https:\/\/asteralabs.org\/de\/product\/sr9009-50-tabletten\/\" \/>\n<meta property=\"og:site_name\" content=\"Astera Labs\" \/>\n<meta property=\"article:modified_time\" content=\"2026-01-15T11:08:06+00:00\" \/>\n<meta property=\"og:image\" content=\"https:\/\/asteralabs.org\/wp-content\/uploads\/2023\/09\/Astera-zipbag-SARMs-SR9009.png\" \/>\n\t<meta property=\"og:image:width\" content=\"2000\" \/>\n\t<meta property=\"og:image:height\" content=\"2000\" \/>\n\t<meta property=\"og:image:type\" content=\"image\/png\" \/>\n<meta name=\"twitter:card\" content=\"summary_large_image\" \/>\n<script type=\"application\/ld+json\" class=\"yoast-schema-graph\">{\"@context\":\"https:\/\/schema.org\",\"@graph\":[{\"@type\":\"WebPage\",\"@id\":\"https:\/\/asteralabs.org\/de\/product\/sr9009-50-tabletten\/\",\"url\":\"https:\/\/asteralabs.org\/de\/product\/sr9009-50-tabletten\/\",\"name\":\"SR9009 50 Tabletten - Astera Labs\",\"isPartOf\":{\"@id\":\"https:\/\/asteralabs.org\/de\/#website\"},\"primaryImageOfPage\":{\"@id\":\"https:\/\/asteralabs.org\/de\/product\/sr9009-50-tabletten\/#primaryimage\"},\"image\":{\"@id\":\"https:\/\/asteralabs.org\/de\/product\/sr9009-50-tabletten\/#primaryimage\"},\"thumbnailUrl\":\"https:\/\/asteralabs.org\/wp-content\/uploads\/2023\/09\/Astera-zipbag-SARMs-SR9009.png\",\"datePublished\":\"2023-09-07T12:35:37+00:00\",\"dateModified\":\"2026-01-15T11:08:06+00:00\",\"breadcrumb\":{\"@id\":\"https:\/\/asteralabs.org\/de\/product\/sr9009-50-tabletten\/#breadcrumb\"},\"inLanguage\":\"de-DE\",\"potentialAction\":[{\"@type\":\"ReadAction\",\"target\":[\"https:\/\/asteralabs.org\/de\/product\/sr9009-50-tabletten\/\"]}]},{\"@type\":\"ImageObject\",\"inLanguage\":\"de-DE\",\"@id\":\"https:\/\/asteralabs.org\/de\/product\/sr9009-50-tabletten\/#primaryimage\",\"url\":\"https:\/\/asteralabs.org\/wp-content\/uploads\/2023\/09\/Astera-zipbag-SARMs-SR9009.png\",\"contentUrl\":\"https:\/\/asteralabs.org\/wp-content\/uploads\/2023\/09\/Astera-zipbag-SARMs-SR9009.png\",\"width\":2000,\"height\":2000},{\"@type\":\"BreadcrumbList\",\"@id\":\"https:\/\/asteralabs.org\/de\/product\/sr9009-50-tabletten\/#breadcrumb\",\"itemListElement\":[{\"@type\":\"ListItem\",\"position\":1,\"name\":\"Home\",\"item\":\"https:\/\/asteralabs.org\/de\/\"},{\"@type\":\"ListItem\",\"position\":2,\"name\":\"Shop\",\"item\":\"https:\/\/asteralabs.org\/shop\/\"},{\"@type\":\"ListItem\",\"position\":3,\"name\":\"SR9009 50 Tabletten\"}]},{\"@type\":\"WebSite\",\"@id\":\"https:\/\/asteralabs.org\/de\/#website\",\"url\":\"https:\/\/asteralabs.org\/de\/\",\"name\":\"Astera Labs\",\"description\":\"Improve Your Quality Of Life\",\"publisher\":{\"@id\":\"https:\/\/asteralabs.org\/de\/#organization\"},\"potentialAction\":[{\"@type\":\"SearchAction\",\"target\":{\"@type\":\"EntryPoint\",\"urlTemplate\":\"https:\/\/asteralabs.org\/de\/?s={search_term_string}\"},\"query-input\":\"required name=search_term_string\"}],\"inLanguage\":\"de-DE\"},{\"@type\":\"Organization\",\"@id\":\"https:\/\/asteralabs.org\/de\/#organization\",\"name\":\"Astera Labs\",\"url\":\"https:\/\/asteralabs.org\/de\/\",\"logo\":{\"@type\":\"ImageObject\",\"inLanguage\":\"de-DE\",\"@id\":\"https:\/\/asteralabs.org\/de\/#\/schema\/logo\/image\/\",\"url\":\"https:\/\/asteralabs.org\/wp-content\/uploads\/2022\/12\/astera-2.png\",\"contentUrl\":\"https:\/\/asteralabs.org\/wp-content\/uploads\/2022\/12\/astera-2.png\",\"width\":437,\"height\":111,\"caption\":\"Astera Labs\"},\"image\":{\"@id\":\"https:\/\/asteralabs.org\/de\/#\/schema\/logo\/image\/\"}}]}<\/script>\n<!-- \/ Yoast SEO plugin. -->","yoast_head_json":{"title":"SR9009 50 Tabletten - Astera Labs","robots":{"index":"index","follow":"follow","max-snippet":"max-snippet:-1","max-image-preview":"max-image-preview:large","max-video-preview":"max-video-preview:-1"},"canonical":"https:\/\/asteralabs.org\/de\/product\/sr9009-50-tabletten\/","og_locale":"de_DE","og_type":"article","og_title":"SR9009 50 Tabletten - Astera Labs","og_description":"DOSIERUNG: SR9009 Stenabolic 10 mg pro Tablette PACKUNGSINHALT: 1 Beutel mit 50 Tabletten, jede enth\u00e4lt 10 mg WAS IST ES: Stenabolic, auch bekannt als SR9009, ist eine einzigartige Verbindung, die f\u00fcr ihre F\u00e4higkeit bekannt ist, mehrere K\u00f6rperfunktionen zu beeinflussen, darunter die Fettspeicherung, den Glukosestoffwechsel und die Regulierung des zirkadianen Rhythmus. In der Bodybuilding-Gemeinschaft wird es&hellip;","og_url":"https:\/\/asteralabs.org\/de\/product\/sr9009-50-tabletten\/","og_site_name":"Astera Labs","article_modified_time":"2026-01-15T11:08:06+00:00","og_image":[{"width":2000,"height":2000,"url":"https:\/\/asteralabs.org\/wp-content\/uploads\/2023\/09\/Astera-zipbag-SARMs-SR9009.png","type":"image\/png"}],"twitter_card":"summary_large_image","schema":{"@context":"https:\/\/schema.org","@graph":[{"@type":"WebPage","@id":"https:\/\/asteralabs.org\/de\/product\/sr9009-50-tabletten\/","url":"https:\/\/asteralabs.org\/de\/product\/sr9009-50-tabletten\/","name":"SR9009 50 Tabletten - Astera Labs","isPartOf":{"@id":"https:\/\/asteralabs.org\/de\/#website"},"primaryImageOfPage":{"@id":"https:\/\/asteralabs.org\/de\/product\/sr9009-50-tabletten\/#primaryimage"},"image":{"@id":"https:\/\/asteralabs.org\/de\/product\/sr9009-50-tabletten\/#primaryimage"},"thumbnailUrl":"https:\/\/asteralabs.org\/wp-content\/uploads\/2023\/09\/Astera-zipbag-SARMs-SR9009.png","datePublished":"2023-09-07T12:35:37+00:00","dateModified":"2026-01-15T11:08:06+00:00","breadcrumb":{"@id":"https:\/\/asteralabs.org\/de\/product\/sr9009-50-tabletten\/#breadcrumb"},"inLanguage":"de-DE","potentialAction":[{"@type":"ReadAction","target":["https:\/\/asteralabs.org\/de\/product\/sr9009-50-tabletten\/"]}]},{"@type":"ImageObject","inLanguage":"de-DE","@id":"https:\/\/asteralabs.org\/de\/product\/sr9009-50-tabletten\/#primaryimage","url":"https:\/\/asteralabs.org\/wp-content\/uploads\/2023\/09\/Astera-zipbag-SARMs-SR9009.png","contentUrl":"https:\/\/asteralabs.org\/wp-content\/uploads\/2023\/09\/Astera-zipbag-SARMs-SR9009.png","width":2000,"height":2000},{"@type":"BreadcrumbList","@id":"https:\/\/asteralabs.org\/de\/product\/sr9009-50-tabletten\/#breadcrumb","itemListElement":[{"@type":"ListItem","position":1,"name":"Home","item":"https:\/\/asteralabs.org\/de\/"},{"@type":"ListItem","position":2,"name":"Shop","item":"https:\/\/asteralabs.org\/shop\/"},{"@type":"ListItem","position":3,"name":"SR9009 50 Tabletten"}]},{"@type":"WebSite","@id":"https:\/\/asteralabs.org\/de\/#website","url":"https:\/\/asteralabs.org\/de\/","name":"Astera Labs","description":"Improve Your Quality Of Life","publisher":{"@id":"https:\/\/asteralabs.org\/de\/#organization"},"potentialAction":[{"@type":"SearchAction","target":{"@type":"EntryPoint","urlTemplate":"https:\/\/asteralabs.org\/de\/?s={search_term_string}"},"query-input":"required name=search_term_string"}],"inLanguage":"de-DE"},{"@type":"Organization","@id":"https:\/\/asteralabs.org\/de\/#organization","name":"Astera Labs","url":"https:\/\/asteralabs.org\/de\/","logo":{"@type":"ImageObject","inLanguage":"de-DE","@id":"https:\/\/asteralabs.org\/de\/#\/schema\/logo\/image\/","url":"https:\/\/asteralabs.org\/wp-content\/uploads\/2022\/12\/astera-2.png","contentUrl":"https:\/\/asteralabs.org\/wp-content\/uploads\/2022\/12\/astera-2.png","width":437,"height":111,"caption":"Astera Labs"},"image":{"@id":"https:\/\/asteralabs.org\/de\/#\/schema\/logo\/image\/"}}]}},"_links":{"self":[{"href":"https:\/\/asteralabs.org\/de\/wp-json\/wp\/v2\/product\/78049"}],"collection":[{"href":"https:\/\/asteralabs.org\/de\/wp-json\/wp\/v2\/product"}],"about":[{"href":"https:\/\/asteralabs.org\/de\/wp-json\/wp\/v2\/types\/product"}],"replies":[{"embeddable":true,"href":"https:\/\/asteralabs.org\/de\/wp-json\/wp\/v2\/comments?post=78049"}],"version-history":[{"count":2,"href":"https:\/\/asteralabs.org\/de\/wp-json\/wp\/v2\/product\/78049\/revisions"}],"predecessor-version":[{"id":79561,"href":"https:\/\/asteralabs.org\/de\/wp-json\/wp\/v2\/product\/78049\/revisions\/79561"}],"wp:featuredmedia":[{"embeddable":true,"href":"https:\/\/asteralabs.org\/de\/wp-json\/wp\/v2\/media\/76474"}],"wp:attachment":[{"href":"https:\/\/asteralabs.org\/de\/wp-json\/wp\/v2\/media?parent=78049"}],"wp:term":[{"taxonomy":"product_cat","embeddable":true,"href":"https:\/\/asteralabs.org\/de\/wp-json\/wp\/v2\/product_cat?post=78049"},{"taxonomy":"product_tag","embeddable":true,"href":"https:\/\/asteralabs.org\/de\/wp-json\/wp\/v2\/product_tag?post=78049"}],"curies":[{"name":"wp","href":"https:\/\/api.w.org\/{rel}","templated":true}]}}