{"id":78063,"date":"2023-09-07T12:34:48","date_gmt":"2023-09-07T12:34:48","guid":{"rendered":"https:\/\/asteralabs.org\/product\/s4-50-tabletten\/"},"modified":"2026-01-15T12:27:31","modified_gmt":"2026-01-15T12:27:31","slug":"s4-50-tabletten","status":"publish","type":"product","link":"https:\/\/asteralabs.org\/de\/product\/s4-50-tabletten\/","title":{"rendered":"S4 50 Tabletten"},"content":{"rendered":"<p><strong>DOSIERUNG<\/strong>: S4 Andarine 25 mg pro Tablette<\/p>\n<p><strong>PACKUNGSINHALT:<\/strong><\/p>\n<p>1 Beutel mit 50 Tabletten, jede enth\u00e4lt 25 mg<\/p>\n<p><strong>WAS IST ES:<\/strong><\/p>\n<p>Andarin, gemeinhin als S4 bezeichnet, ist einer der wirksamsten selektiven Androgenrezeptor-Modulatoren (SARMs), die es gibt. Er ist bekannt f\u00fcr seine F\u00e4higkeit, das Training zu verbessern und den gesamten K\u00f6rperbau zu optimieren. Es ist derzeit bei Bodybuildern und Athleten nicht mehr so beliebt wie in der Vergangenheit.<br \/>\n<strong>BENEFITS:<br \/>\n<\/strong><\/p>\n<p>Zu den wichtigsten Vorteilen von S4 geh\u00f6ren die F\u00f6rderung des Muskelwachstums, die Steigerung der Kraft, die Verbesserung der Knochenmineraldichte, die Reduzierung des K\u00f6rperfetts, die Beschleunigung der Muskelerholung und die Erzielung schneller Zuw\u00e4chse.<\/p>\n<p><strong>WIE ZU VERWENDEN:<\/strong><\/p>\n<p>F\u00fcr neue Anwender wird in der Regel eine Anfangsdosis von 25 mg pro Tag f\u00fcr die ersten zwei Wochen empfohlen, danach kann die Dosis schrittweise erh\u00f6ht werden. Es ist jedoch ratsam, eine Tagesdosis von 50 mg nicht zu \u00fcberschreiten, da dies zu Sehst\u00f6rungen, wie z.B. Niktalopie, f\u00fchren kann. Die Dosis sollte in mindestens zwei Gaben aufgeteilt werden. <strong><br \/>\nChargeninformationen:<br \/>\n<\/strong>Chargennummer: <span data-sheets-root=\"1\">LI49903<\/span><br \/>\nHerstellungsdatum: <span data-sheets-root=\"1\" data-sheets-value=\"{&quot;1&quot;:2,&quot;2&quot;:&quot;03.2023.&quot;}\" data-sheets-userformat=\"{&quot;2&quot;:577,&quot;3&quot;:{&quot;1&quot;:0},&quot;9&quot;:0,&quot;12&quot;:0}\">10.2025.<\/span><br \/>\nVerfallsdatum: 10<span data-sheets-root=\"1\" data-sheets-value=\"{&quot;1&quot;:2,&quot;2&quot;:&quot;03.2026.&quot;}\" data-sheets-userformat=\"{&quot;2&quot;:637,&quot;3&quot;:{&quot;1&quot;:0},&quot;5&quot;:{&quot;1&quot;:[{&quot;1&quot;:2,&quot;2&quot;:0,&quot;5&quot;:{&quot;1&quot;:2,&quot;2&quot;:0}},{&quot;1&quot;:0,&quot;2&quot;:0,&quot;3&quot;:3},{&quot;1&quot;:1,&quot;2&quot;:0,&quot;4&quot;:1}]},&quot;6&quot;:{&quot;1&quot;:[{&quot;1&quot;:2,&quot;2&quot;:0,&quot;5&quot;:{&quot;1&quot;:2,&quot;2&quot;:0}},{&quot;1&quot;:0,&quot;2&quot;:0,&quot;3&quot;:3},{&quot;1&quot;:1,&quot;2&quot;:0,&quot;4&quot;:1}]},&quot;7&quot;:{&quot;1&quot;:[{&quot;1&quot;:2,&quot;2&quot;:0,&quot;5&quot;:{&quot;1&quot;:2,&quot;2&quot;:0}},{&quot;1&quot;:0,&quot;2&quot;:0,&quot;3&quot;:3},{&quot;1&quot;:1,&quot;2&quot;:0,&quot;4&quot;:1}]},&quot;8&quot;:{&quot;1&quot;:[{&quot;1&quot;:2,&quot;2&quot;:0,&quot;5&quot;:{&quot;1&quot;:2,&quot;2&quot;:0}},{&quot;1&quot;:0,&quot;2&quot;:0,&quot;3&quot;:3},{&quot;1&quot;:1,&quot;2&quot;:0,&quot;4&quot;:1}]},&quot;9&quot;:0,&quot;12&quot;:0}\">.2028<\/span><\/p>\n","protected":false},"excerpt":{"rendered":"<p>DOSIERUNG: S4 Andarine 25 mg pro Tablette PACKUNGSINHALT: 1 Beutel mit 50 Tabletten, jede enth\u00e4lt 25 mg WAS IST ES: Andarin, gemeinhin als S4 bezeichnet, ist einer der wirksamsten selektiven Androgenrezeptor-Modulatoren (SARMs), die es gibt. Er ist bekannt f\u00fcr seine F\u00e4higkeit, das Training zu verbessern und den gesamten K\u00f6rperbau zu optimieren. Es ist derzeit bei&hellip;<\/p>\n","protected":false},"featured_media":76466,"comment_status":"closed","ping_status":"closed","template":"","meta":[],"product_cat":[156,203],"product_tag":[],"yoast_head":"<!-- This site is optimized with the Yoast SEO plugin v23.0 - https:\/\/yoast.com\/wordpress\/plugins\/seo\/ -->\n<title>S4 50 Tabletten - Astera Labs<\/title>\n<meta name=\"robots\" content=\"index, follow, max-snippet:-1, max-image-preview:large, max-video-preview:-1\" \/>\n<link rel=\"canonical\" href=\"https:\/\/asteralabs.org\/de\/product\/s4-50-tabletten\/\" \/>\n<meta property=\"og:locale\" content=\"de_DE\" \/>\n<meta property=\"og:type\" content=\"article\" \/>\n<meta property=\"og:title\" content=\"S4 50 Tabletten - Astera Labs\" \/>\n<meta property=\"og:description\" content=\"DOSIERUNG: S4 Andarine 25 mg pro Tablette PACKUNGSINHALT: 1 Beutel mit 50 Tabletten, jede enth\u00e4lt 25 mg WAS IST ES: Andarin, gemeinhin als S4 bezeichnet, ist einer der wirksamsten selektiven Androgenrezeptor-Modulatoren (SARMs), die es gibt. Er ist bekannt f\u00fcr seine F\u00e4higkeit, das Training zu verbessern und den gesamten K\u00f6rperbau zu optimieren. Es ist derzeit bei&hellip;\" \/>\n<meta property=\"og:url\" content=\"https:\/\/asteralabs.org\/de\/product\/s4-50-tabletten\/\" \/>\n<meta property=\"og:site_name\" content=\"Astera Labs\" \/>\n<meta property=\"article:modified_time\" content=\"2026-01-15T12:27:31+00:00\" \/>\n<meta property=\"og:image\" content=\"https:\/\/asteralabs.org\/wp-content\/uploads\/2023\/09\/Astera-zipbag-SARMs-S4.png\" \/>\n\t<meta property=\"og:image:width\" content=\"2000\" \/>\n\t<meta property=\"og:image:height\" content=\"2000\" \/>\n\t<meta property=\"og:image:type\" content=\"image\/png\" \/>\n<meta name=\"twitter:card\" content=\"summary_large_image\" \/>\n<script type=\"application\/ld+json\" class=\"yoast-schema-graph\">{\"@context\":\"https:\/\/schema.org\",\"@graph\":[{\"@type\":\"WebPage\",\"@id\":\"https:\/\/asteralabs.org\/de\/product\/s4-50-tabletten\/\",\"url\":\"https:\/\/asteralabs.org\/de\/product\/s4-50-tabletten\/\",\"name\":\"S4 50 Tabletten - Astera Labs\",\"isPartOf\":{\"@id\":\"https:\/\/asteralabs.org\/de\/#website\"},\"primaryImageOfPage\":{\"@id\":\"https:\/\/asteralabs.org\/de\/product\/s4-50-tabletten\/#primaryimage\"},\"image\":{\"@id\":\"https:\/\/asteralabs.org\/de\/product\/s4-50-tabletten\/#primaryimage\"},\"thumbnailUrl\":\"https:\/\/asteralabs.org\/wp-content\/uploads\/2023\/09\/Astera-zipbag-SARMs-S4.png\",\"datePublished\":\"2023-09-07T12:34:48+00:00\",\"dateModified\":\"2026-01-15T12:27:31+00:00\",\"breadcrumb\":{\"@id\":\"https:\/\/asteralabs.org\/de\/product\/s4-50-tabletten\/#breadcrumb\"},\"inLanguage\":\"de-DE\",\"potentialAction\":[{\"@type\":\"ReadAction\",\"target\":[\"https:\/\/asteralabs.org\/de\/product\/s4-50-tabletten\/\"]}]},{\"@type\":\"ImageObject\",\"inLanguage\":\"de-DE\",\"@id\":\"https:\/\/asteralabs.org\/de\/product\/s4-50-tabletten\/#primaryimage\",\"url\":\"https:\/\/asteralabs.org\/wp-content\/uploads\/2023\/09\/Astera-zipbag-SARMs-S4.png\",\"contentUrl\":\"https:\/\/asteralabs.org\/wp-content\/uploads\/2023\/09\/Astera-zipbag-SARMs-S4.png\",\"width\":2000,\"height\":2000},{\"@type\":\"BreadcrumbList\",\"@id\":\"https:\/\/asteralabs.org\/de\/product\/s4-50-tabletten\/#breadcrumb\",\"itemListElement\":[{\"@type\":\"ListItem\",\"position\":1,\"name\":\"Home\",\"item\":\"https:\/\/asteralabs.org\/de\/\"},{\"@type\":\"ListItem\",\"position\":2,\"name\":\"Shop\",\"item\":\"https:\/\/asteralabs.org\/shop\/\"},{\"@type\":\"ListItem\",\"position\":3,\"name\":\"S4 50 Tabletten\"}]},{\"@type\":\"WebSite\",\"@id\":\"https:\/\/asteralabs.org\/de\/#website\",\"url\":\"https:\/\/asteralabs.org\/de\/\",\"name\":\"Astera Labs\",\"description\":\"Improve Your Quality Of Life\",\"publisher\":{\"@id\":\"https:\/\/asteralabs.org\/de\/#organization\"},\"potentialAction\":[{\"@type\":\"SearchAction\",\"target\":{\"@type\":\"EntryPoint\",\"urlTemplate\":\"https:\/\/asteralabs.org\/de\/?s={search_term_string}\"},\"query-input\":\"required name=search_term_string\"}],\"inLanguage\":\"de-DE\"},{\"@type\":\"Organization\",\"@id\":\"https:\/\/asteralabs.org\/de\/#organization\",\"name\":\"Astera Labs\",\"url\":\"https:\/\/asteralabs.org\/de\/\",\"logo\":{\"@type\":\"ImageObject\",\"inLanguage\":\"de-DE\",\"@id\":\"https:\/\/asteralabs.org\/de\/#\/schema\/logo\/image\/\",\"url\":\"https:\/\/asteralabs.org\/wp-content\/uploads\/2022\/12\/astera-2.png\",\"contentUrl\":\"https:\/\/asteralabs.org\/wp-content\/uploads\/2022\/12\/astera-2.png\",\"width\":437,\"height\":111,\"caption\":\"Astera Labs\"},\"image\":{\"@id\":\"https:\/\/asteralabs.org\/de\/#\/schema\/logo\/image\/\"}}]}<\/script>\n<!-- \/ Yoast SEO plugin. -->","yoast_head_json":{"title":"S4 50 Tabletten - Astera Labs","robots":{"index":"index","follow":"follow","max-snippet":"max-snippet:-1","max-image-preview":"max-image-preview:large","max-video-preview":"max-video-preview:-1"},"canonical":"https:\/\/asteralabs.org\/de\/product\/s4-50-tabletten\/","og_locale":"de_DE","og_type":"article","og_title":"S4 50 Tabletten - Astera Labs","og_description":"DOSIERUNG: S4 Andarine 25 mg pro Tablette PACKUNGSINHALT: 1 Beutel mit 50 Tabletten, jede enth\u00e4lt 25 mg WAS IST ES: Andarin, gemeinhin als S4 bezeichnet, ist einer der wirksamsten selektiven Androgenrezeptor-Modulatoren (SARMs), die es gibt. Er ist bekannt f\u00fcr seine F\u00e4higkeit, das Training zu verbessern und den gesamten K\u00f6rperbau zu optimieren. Es ist derzeit bei&hellip;","og_url":"https:\/\/asteralabs.org\/de\/product\/s4-50-tabletten\/","og_site_name":"Astera Labs","article_modified_time":"2026-01-15T12:27:31+00:00","og_image":[{"width":2000,"height":2000,"url":"https:\/\/asteralabs.org\/wp-content\/uploads\/2023\/09\/Astera-zipbag-SARMs-S4.png","type":"image\/png"}],"twitter_card":"summary_large_image","schema":{"@context":"https:\/\/schema.org","@graph":[{"@type":"WebPage","@id":"https:\/\/asteralabs.org\/de\/product\/s4-50-tabletten\/","url":"https:\/\/asteralabs.org\/de\/product\/s4-50-tabletten\/","name":"S4 50 Tabletten - Astera Labs","isPartOf":{"@id":"https:\/\/asteralabs.org\/de\/#website"},"primaryImageOfPage":{"@id":"https:\/\/asteralabs.org\/de\/product\/s4-50-tabletten\/#primaryimage"},"image":{"@id":"https:\/\/asteralabs.org\/de\/product\/s4-50-tabletten\/#primaryimage"},"thumbnailUrl":"https:\/\/asteralabs.org\/wp-content\/uploads\/2023\/09\/Astera-zipbag-SARMs-S4.png","datePublished":"2023-09-07T12:34:48+00:00","dateModified":"2026-01-15T12:27:31+00:00","breadcrumb":{"@id":"https:\/\/asteralabs.org\/de\/product\/s4-50-tabletten\/#breadcrumb"},"inLanguage":"de-DE","potentialAction":[{"@type":"ReadAction","target":["https:\/\/asteralabs.org\/de\/product\/s4-50-tabletten\/"]}]},{"@type":"ImageObject","inLanguage":"de-DE","@id":"https:\/\/asteralabs.org\/de\/product\/s4-50-tabletten\/#primaryimage","url":"https:\/\/asteralabs.org\/wp-content\/uploads\/2023\/09\/Astera-zipbag-SARMs-S4.png","contentUrl":"https:\/\/asteralabs.org\/wp-content\/uploads\/2023\/09\/Astera-zipbag-SARMs-S4.png","width":2000,"height":2000},{"@type":"BreadcrumbList","@id":"https:\/\/asteralabs.org\/de\/product\/s4-50-tabletten\/#breadcrumb","itemListElement":[{"@type":"ListItem","position":1,"name":"Home","item":"https:\/\/asteralabs.org\/de\/"},{"@type":"ListItem","position":2,"name":"Shop","item":"https:\/\/asteralabs.org\/shop\/"},{"@type":"ListItem","position":3,"name":"S4 50 Tabletten"}]},{"@type":"WebSite","@id":"https:\/\/asteralabs.org\/de\/#website","url":"https:\/\/asteralabs.org\/de\/","name":"Astera Labs","description":"Improve Your Quality Of Life","publisher":{"@id":"https:\/\/asteralabs.org\/de\/#organization"},"potentialAction":[{"@type":"SearchAction","target":{"@type":"EntryPoint","urlTemplate":"https:\/\/asteralabs.org\/de\/?s={search_term_string}"},"query-input":"required name=search_term_string"}],"inLanguage":"de-DE"},{"@type":"Organization","@id":"https:\/\/asteralabs.org\/de\/#organization","name":"Astera Labs","url":"https:\/\/asteralabs.org\/de\/","logo":{"@type":"ImageObject","inLanguage":"de-DE","@id":"https:\/\/asteralabs.org\/de\/#\/schema\/logo\/image\/","url":"https:\/\/asteralabs.org\/wp-content\/uploads\/2022\/12\/astera-2.png","contentUrl":"https:\/\/asteralabs.org\/wp-content\/uploads\/2022\/12\/astera-2.png","width":437,"height":111,"caption":"Astera Labs"},"image":{"@id":"https:\/\/asteralabs.org\/de\/#\/schema\/logo\/image\/"}}]}},"_links":{"self":[{"href":"https:\/\/asteralabs.org\/de\/wp-json\/wp\/v2\/product\/78063"}],"collection":[{"href":"https:\/\/asteralabs.org\/de\/wp-json\/wp\/v2\/product"}],"about":[{"href":"https:\/\/asteralabs.org\/de\/wp-json\/wp\/v2\/types\/product"}],"replies":[{"embeddable":true,"href":"https:\/\/asteralabs.org\/de\/wp-json\/wp\/v2\/comments?post=78063"}],"version-history":[{"count":2,"href":"https:\/\/asteralabs.org\/de\/wp-json\/wp\/v2\/product\/78063\/revisions"}],"predecessor-version":[{"id":79677,"href":"https:\/\/asteralabs.org\/de\/wp-json\/wp\/v2\/product\/78063\/revisions\/79677"}],"wp:featuredmedia":[{"embeddable":true,"href":"https:\/\/asteralabs.org\/de\/wp-json\/wp\/v2\/media\/76466"}],"wp:attachment":[{"href":"https:\/\/asteralabs.org\/de\/wp-json\/wp\/v2\/media?parent=78063"}],"wp:term":[{"taxonomy":"product_cat","embeddable":true,"href":"https:\/\/asteralabs.org\/de\/wp-json\/wp\/v2\/product_cat?post=78063"},{"taxonomy":"product_tag","embeddable":true,"href":"https:\/\/asteralabs.org\/de\/wp-json\/wp\/v2\/product_tag?post=78063"}],"curies":[{"name":"wp","href":"https:\/\/api.w.org\/{rel}","templated":true}]}}