{"id":78068,"date":"2023-09-07T12:34:02","date_gmt":"2023-09-07T12:34:02","guid":{"rendered":"https:\/\/asteralabs.org\/product\/s23-50-tabletten\/"},"modified":"2026-01-15T12:34:07","modified_gmt":"2026-01-15T12:34:07","slug":"s23-50-tabletten","status":"publish","type":"product","link":"https:\/\/asteralabs.org\/de\/product\/s23-50-tabletten\/","title":{"rendered":"S23 50 Tabletten"},"content":{"rendered":"<p><strong>DOSIERUNG<\/strong>: S23 10 mg pro Tablette<\/p>\n<p><strong>PACKUNGSINHALT:<\/strong><\/p>\n<p>1 Beutel mit 50 Tabletten, jede enth\u00e4lt 10 mg<\/p>\n<p><strong>WAS IST ES:<\/strong><\/p>\n<p>S23 ist ein selektiver Androgenrezeptor-Modulator (SARM), der oral eingenommen wird und f\u00fcr seine F\u00e4higkeit bekannt ist, die Muskelmasse zu erh\u00f6hen und die Knochendichte zu verbessern. Im Gegensatz zu herk\u00f6mmlichen Steroiden ist S23 gewebeselektiv, d.h. es wirkt gezielt auf bestimmte Gewebe. Es tr\u00e4gt dazu bei, Wassereinlagerungen zu reduzieren, und f\u00f6rdert ein definierteres, kantigeres Aussehen mit erh\u00f6hter Muskelh\u00e4rte und einer k\u00f6rnigen Textur. Es ist wahrscheinlich das st\u00e4rkste SARM, das auf dem Markt erh\u00e4ltlich ist.<\/p>\n<p><strong>WIE ZU VERWENDEN:<\/strong><\/p>\n<p>Um optimale Ergebnisse zu erzielen, wird f\u00fcr M\u00e4nner eine t\u00e4gliche Dosis von 10-30 mg empfohlen, die aufgrund der 12-st\u00fcndigen Halbwertszeit von S23 in zwei Dosen aufgeteilt wird. Da es sehr stark ist, wird empfohlen, die t\u00e4gliche Einnahme \u00fcber 6 Wochen nicht zu \u00fcberschreiten und ein leberunterst\u00fctzendes Produkt wie TUDCA zu verwenden. <strong><br \/>\nBATCH INFORMATIONEN:<br \/>\n<\/strong>Chargennummer: <span data-sheets-root=\"1\" data-sheets-value=\"{\" data-sheets-userformat=\"{\">WS35857<\/span><br \/>\nHerstellungsdatum: <span data-sheets-root=\"1\" data-sheets-value=\"{\" data-sheets-userformat=\"{\">10.2025.<\/span><br \/>\nVerfallsdatum: <span data-sheets-root=\"1\" data-sheets-value=\"{\" data-sheets-userformat=\"{\">10.2028.<\/span><\/p>\n","protected":false},"excerpt":{"rendered":"<p>DOSIERUNG: S23 10 mg pro Tablette PACKUNGSINHALT: 1 Beutel mit 50 Tabletten, jede enth\u00e4lt 10 mg WAS IST ES: S23 ist ein selektiver Androgenrezeptor-Modulator (SARM), der oral eingenommen wird und f\u00fcr seine F\u00e4higkeit bekannt ist, die Muskelmasse zu erh\u00f6hen und die Knochendichte zu verbessern. Im Gegensatz zu herk\u00f6mmlichen Steroiden ist S23 gewebeselektiv, d.h. es wirkt&hellip;<\/p>\n","protected":false},"featured_media":76458,"comment_status":"closed","ping_status":"closed","template":"","meta":[],"product_cat":[156,203],"product_tag":[],"yoast_head":"<!-- This site is optimized with the Yoast SEO plugin v23.0 - https:\/\/yoast.com\/wordpress\/plugins\/seo\/ -->\n<title>S23 50 Tabletten - Astera Labs<\/title>\n<meta name=\"robots\" content=\"index, follow, max-snippet:-1, max-image-preview:large, max-video-preview:-1\" \/>\n<link rel=\"canonical\" href=\"https:\/\/asteralabs.org\/de\/product\/s23-50-tabletten\/\" \/>\n<meta property=\"og:locale\" content=\"de_DE\" \/>\n<meta property=\"og:type\" content=\"article\" \/>\n<meta property=\"og:title\" content=\"S23 50 Tabletten - Astera Labs\" \/>\n<meta property=\"og:description\" content=\"DOSIERUNG: S23 10 mg pro Tablette PACKUNGSINHALT: 1 Beutel mit 50 Tabletten, jede enth\u00e4lt 10 mg WAS IST ES: S23 ist ein selektiver Androgenrezeptor-Modulator (SARM), der oral eingenommen wird und f\u00fcr seine F\u00e4higkeit bekannt ist, die Muskelmasse zu erh\u00f6hen und die Knochendichte zu verbessern. Im Gegensatz zu herk\u00f6mmlichen Steroiden ist S23 gewebeselektiv, d.h. es wirkt&hellip;\" \/>\n<meta property=\"og:url\" content=\"https:\/\/asteralabs.org\/de\/product\/s23-50-tabletten\/\" \/>\n<meta property=\"og:site_name\" content=\"Astera Labs\" \/>\n<meta property=\"article:modified_time\" content=\"2026-01-15T12:34:07+00:00\" \/>\n<meta property=\"og:image\" content=\"https:\/\/asteralabs.org\/wp-content\/uploads\/2023\/09\/Astera-zipbag-SARMs-S23.png\" \/>\n\t<meta property=\"og:image:width\" content=\"2000\" \/>\n\t<meta property=\"og:image:height\" content=\"2000\" \/>\n\t<meta property=\"og:image:type\" content=\"image\/png\" \/>\n<meta name=\"twitter:card\" content=\"summary_large_image\" \/>\n<script type=\"application\/ld+json\" class=\"yoast-schema-graph\">{\"@context\":\"https:\/\/schema.org\",\"@graph\":[{\"@type\":\"WebPage\",\"@id\":\"https:\/\/asteralabs.org\/de\/product\/s23-50-tabletten\/\",\"url\":\"https:\/\/asteralabs.org\/de\/product\/s23-50-tabletten\/\",\"name\":\"S23 50 Tabletten - Astera Labs\",\"isPartOf\":{\"@id\":\"https:\/\/asteralabs.org\/de\/#website\"},\"primaryImageOfPage\":{\"@id\":\"https:\/\/asteralabs.org\/de\/product\/s23-50-tabletten\/#primaryimage\"},\"image\":{\"@id\":\"https:\/\/asteralabs.org\/de\/product\/s23-50-tabletten\/#primaryimage\"},\"thumbnailUrl\":\"https:\/\/asteralabs.org\/wp-content\/uploads\/2023\/09\/Astera-zipbag-SARMs-S23.png\",\"datePublished\":\"2023-09-07T12:34:02+00:00\",\"dateModified\":\"2026-01-15T12:34:07+00:00\",\"breadcrumb\":{\"@id\":\"https:\/\/asteralabs.org\/de\/product\/s23-50-tabletten\/#breadcrumb\"},\"inLanguage\":\"de-DE\",\"potentialAction\":[{\"@type\":\"ReadAction\",\"target\":[\"https:\/\/asteralabs.org\/de\/product\/s23-50-tabletten\/\"]}]},{\"@type\":\"ImageObject\",\"inLanguage\":\"de-DE\",\"@id\":\"https:\/\/asteralabs.org\/de\/product\/s23-50-tabletten\/#primaryimage\",\"url\":\"https:\/\/asteralabs.org\/wp-content\/uploads\/2023\/09\/Astera-zipbag-SARMs-S23.png\",\"contentUrl\":\"https:\/\/asteralabs.org\/wp-content\/uploads\/2023\/09\/Astera-zipbag-SARMs-S23.png\",\"width\":2000,\"height\":2000},{\"@type\":\"BreadcrumbList\",\"@id\":\"https:\/\/asteralabs.org\/de\/product\/s23-50-tabletten\/#breadcrumb\",\"itemListElement\":[{\"@type\":\"ListItem\",\"position\":1,\"name\":\"Home\",\"item\":\"https:\/\/asteralabs.org\/de\/\"},{\"@type\":\"ListItem\",\"position\":2,\"name\":\"Shop\",\"item\":\"https:\/\/asteralabs.org\/shop\/\"},{\"@type\":\"ListItem\",\"position\":3,\"name\":\"S23 50 Tabletten\"}]},{\"@type\":\"WebSite\",\"@id\":\"https:\/\/asteralabs.org\/de\/#website\",\"url\":\"https:\/\/asteralabs.org\/de\/\",\"name\":\"Astera Labs\",\"description\":\"Improve Your Quality Of Life\",\"publisher\":{\"@id\":\"https:\/\/asteralabs.org\/de\/#organization\"},\"potentialAction\":[{\"@type\":\"SearchAction\",\"target\":{\"@type\":\"EntryPoint\",\"urlTemplate\":\"https:\/\/asteralabs.org\/de\/?s={search_term_string}\"},\"query-input\":\"required name=search_term_string\"}],\"inLanguage\":\"de-DE\"},{\"@type\":\"Organization\",\"@id\":\"https:\/\/asteralabs.org\/de\/#organization\",\"name\":\"Astera Labs\",\"url\":\"https:\/\/asteralabs.org\/de\/\",\"logo\":{\"@type\":\"ImageObject\",\"inLanguage\":\"de-DE\",\"@id\":\"https:\/\/asteralabs.org\/de\/#\/schema\/logo\/image\/\",\"url\":\"https:\/\/asteralabs.org\/wp-content\/uploads\/2022\/12\/astera-2.png\",\"contentUrl\":\"https:\/\/asteralabs.org\/wp-content\/uploads\/2022\/12\/astera-2.png\",\"width\":437,\"height\":111,\"caption\":\"Astera Labs\"},\"image\":{\"@id\":\"https:\/\/asteralabs.org\/de\/#\/schema\/logo\/image\/\"}}]}<\/script>\n<!-- \/ Yoast SEO plugin. -->","yoast_head_json":{"title":"S23 50 Tabletten - Astera Labs","robots":{"index":"index","follow":"follow","max-snippet":"max-snippet:-1","max-image-preview":"max-image-preview:large","max-video-preview":"max-video-preview:-1"},"canonical":"https:\/\/asteralabs.org\/de\/product\/s23-50-tabletten\/","og_locale":"de_DE","og_type":"article","og_title":"S23 50 Tabletten - Astera Labs","og_description":"DOSIERUNG: S23 10 mg pro Tablette PACKUNGSINHALT: 1 Beutel mit 50 Tabletten, jede enth\u00e4lt 10 mg WAS IST ES: S23 ist ein selektiver Androgenrezeptor-Modulator (SARM), der oral eingenommen wird und f\u00fcr seine F\u00e4higkeit bekannt ist, die Muskelmasse zu erh\u00f6hen und die Knochendichte zu verbessern. Im Gegensatz zu herk\u00f6mmlichen Steroiden ist S23 gewebeselektiv, d.h. es wirkt&hellip;","og_url":"https:\/\/asteralabs.org\/de\/product\/s23-50-tabletten\/","og_site_name":"Astera Labs","article_modified_time":"2026-01-15T12:34:07+00:00","og_image":[{"width":2000,"height":2000,"url":"https:\/\/asteralabs.org\/wp-content\/uploads\/2023\/09\/Astera-zipbag-SARMs-S23.png","type":"image\/png"}],"twitter_card":"summary_large_image","schema":{"@context":"https:\/\/schema.org","@graph":[{"@type":"WebPage","@id":"https:\/\/asteralabs.org\/de\/product\/s23-50-tabletten\/","url":"https:\/\/asteralabs.org\/de\/product\/s23-50-tabletten\/","name":"S23 50 Tabletten - Astera Labs","isPartOf":{"@id":"https:\/\/asteralabs.org\/de\/#website"},"primaryImageOfPage":{"@id":"https:\/\/asteralabs.org\/de\/product\/s23-50-tabletten\/#primaryimage"},"image":{"@id":"https:\/\/asteralabs.org\/de\/product\/s23-50-tabletten\/#primaryimage"},"thumbnailUrl":"https:\/\/asteralabs.org\/wp-content\/uploads\/2023\/09\/Astera-zipbag-SARMs-S23.png","datePublished":"2023-09-07T12:34:02+00:00","dateModified":"2026-01-15T12:34:07+00:00","breadcrumb":{"@id":"https:\/\/asteralabs.org\/de\/product\/s23-50-tabletten\/#breadcrumb"},"inLanguage":"de-DE","potentialAction":[{"@type":"ReadAction","target":["https:\/\/asteralabs.org\/de\/product\/s23-50-tabletten\/"]}]},{"@type":"ImageObject","inLanguage":"de-DE","@id":"https:\/\/asteralabs.org\/de\/product\/s23-50-tabletten\/#primaryimage","url":"https:\/\/asteralabs.org\/wp-content\/uploads\/2023\/09\/Astera-zipbag-SARMs-S23.png","contentUrl":"https:\/\/asteralabs.org\/wp-content\/uploads\/2023\/09\/Astera-zipbag-SARMs-S23.png","width":2000,"height":2000},{"@type":"BreadcrumbList","@id":"https:\/\/asteralabs.org\/de\/product\/s23-50-tabletten\/#breadcrumb","itemListElement":[{"@type":"ListItem","position":1,"name":"Home","item":"https:\/\/asteralabs.org\/de\/"},{"@type":"ListItem","position":2,"name":"Shop","item":"https:\/\/asteralabs.org\/shop\/"},{"@type":"ListItem","position":3,"name":"S23 50 Tabletten"}]},{"@type":"WebSite","@id":"https:\/\/asteralabs.org\/de\/#website","url":"https:\/\/asteralabs.org\/de\/","name":"Astera Labs","description":"Improve Your Quality Of Life","publisher":{"@id":"https:\/\/asteralabs.org\/de\/#organization"},"potentialAction":[{"@type":"SearchAction","target":{"@type":"EntryPoint","urlTemplate":"https:\/\/asteralabs.org\/de\/?s={search_term_string}"},"query-input":"required name=search_term_string"}],"inLanguage":"de-DE"},{"@type":"Organization","@id":"https:\/\/asteralabs.org\/de\/#organization","name":"Astera Labs","url":"https:\/\/asteralabs.org\/de\/","logo":{"@type":"ImageObject","inLanguage":"de-DE","@id":"https:\/\/asteralabs.org\/de\/#\/schema\/logo\/image\/","url":"https:\/\/asteralabs.org\/wp-content\/uploads\/2022\/12\/astera-2.png","contentUrl":"https:\/\/asteralabs.org\/wp-content\/uploads\/2022\/12\/astera-2.png","width":437,"height":111,"caption":"Astera Labs"},"image":{"@id":"https:\/\/asteralabs.org\/de\/#\/schema\/logo\/image\/"}}]}},"_links":{"self":[{"href":"https:\/\/asteralabs.org\/de\/wp-json\/wp\/v2\/product\/78068"}],"collection":[{"href":"https:\/\/asteralabs.org\/de\/wp-json\/wp\/v2\/product"}],"about":[{"href":"https:\/\/asteralabs.org\/de\/wp-json\/wp\/v2\/types\/product"}],"replies":[{"embeddable":true,"href":"https:\/\/asteralabs.org\/de\/wp-json\/wp\/v2\/comments?post=78068"}],"version-history":[{"count":2,"href":"https:\/\/asteralabs.org\/de\/wp-json\/wp\/v2\/product\/78068\/revisions"}],"predecessor-version":[{"id":79705,"href":"https:\/\/asteralabs.org\/de\/wp-json\/wp\/v2\/product\/78068\/revisions\/79705"}],"wp:featuredmedia":[{"embeddable":true,"href":"https:\/\/asteralabs.org\/de\/wp-json\/wp\/v2\/media\/76458"}],"wp:attachment":[{"href":"https:\/\/asteralabs.org\/de\/wp-json\/wp\/v2\/media?parent=78068"}],"wp:term":[{"taxonomy":"product_cat","embeddable":true,"href":"https:\/\/asteralabs.org\/de\/wp-json\/wp\/v2\/product_cat?post=78068"},{"taxonomy":"product_tag","embeddable":true,"href":"https:\/\/asteralabs.org\/de\/wp-json\/wp\/v2\/product_tag?post=78068"}],"curies":[{"name":"wp","href":"https:\/\/api.w.org\/{rel}","templated":true}]}}