{"id":78117,"date":"2023-01-13T20:28:42","date_gmt":"2023-01-13T20:28:42","guid":{"rendered":"https:\/\/asteralabs.org\/product\/sildenafil-citrat-viagra-50-tabletten\/"},"modified":"2026-01-16T10:41:24","modified_gmt":"2026-01-16T10:41:24","slug":"sildenafil-citrat-viagra-50-tabletten","status":"publish","type":"product","link":"https:\/\/asteralabs.org\/de\/product\/sildenafil-citrat-viagra-50-tabletten\/","title":{"rendered":"Sildenafil Citrat (Viagra) 50 Tabletten"},"content":{"rendered":"<p><strong>DOSIERUNG: <\/strong><br \/>\nSildenafil Citrate (Viagra) 100mg\/Tab <strong>VERPACKUNGSINHALT: <\/strong><br \/>\n1 Riegel, 50 Tabs, 100 mg pro Tab <strong>WAS IST ES: <\/strong><br \/>\nEs ist das beliebteste Medikament zur Behandlung der erektilen Dysfunktion, au\u00dferdem kann es n\u00fctzlich sein, um den Blutdruck zu verbessern und die Durchblutung zu f\u00f6rdern. <strong>WIE EINZUNEHMEN: <\/strong><br \/>\nEs wird empfohlen, eine Stunde vor der sexuellen Aktivit\u00e4t zwischen 50 und 100 mg einzunehmen. Das gleiche Protokoll kann auch zur Verbesserung der Vaskularisierung w\u00e4hrend des Trainings angewendet werden. Die Dosis sollte so lange ver\u00e4ndert werden, bis Sie die gew\u00fcnschte Wirkung erzielen. <strong>BATCH INFORMATIONEN:<br \/>\n<\/strong>Chargennummer: <span data-sheets-root=\"1\" data-sheets-value=\"{\" data-sheets-userformat=\"{\">MM20034<\/span><br \/>\nHerstellungsdatum: <span data-sheets-root=\"1\" data-sheets-value=\"{\" data-sheets-userformat=\"{\">10.2025.<\/span><br \/>\nVerfallsdatum: <span data-sheets-root=\"1\" data-sheets-value=\"{\" data-sheets-userformat=\"{\">10.2028.<\/span><\/p>\n","protected":false},"excerpt":{"rendered":"<p>DOSIERUNG: Sildenafil Citrate (Viagra) 100mg\/Tab VERPACKUNGSINHALT: 1 Riegel, 50 Tabs, 100 mg pro Tab WAS IST ES: Es ist das beliebteste Medikament zur Behandlung der erektilen Dysfunktion, au\u00dferdem kann es n\u00fctzlich sein, um den Blutdruck zu verbessern und die Durchblutung zu f\u00f6rdern. WIE EINZUNEHMEN: Es wird empfohlen, eine Stunde vor der sexuellen Aktivit\u00e4t zwischen 50&hellip;<\/p>\n","protected":false},"featured_media":76098,"comment_status":"open","ping_status":"closed","template":"","meta":{"_acf_changed":false},"product_brand":[],"product_cat":[156,175],"product_tag":[],"class_list":{"0":"post-78117","1":"product","2":"type-product","3":"status-publish","4":"has-post-thumbnail","6":"product_cat-all-de","7":"product_cat-orals-de","8":"description-off","10":"first","11":"instock","12":"shipping-taxable","13":"product-type-simple"},"acf":[],"yoast_head":"<!-- This site is optimized with the Yoast SEO plugin v27.4 - https:\/\/yoast.com\/product\/yoast-seo-wordpress\/ -->\n<title>Sildenafil Citrat (Viagra) 50 Tabletten - Astera Labs<\/title>\n<meta name=\"robots\" content=\"index, follow, max-snippet:-1, max-image-preview:large, max-video-preview:-1\" \/>\n<link rel=\"canonical\" href=\"https:\/\/asteralabs.org\/de\/product\/sildenafil-citrat-viagra-50-tabletten\/\" \/>\n<meta property=\"og:locale\" content=\"de_DE\" \/>\n<meta property=\"og:type\" content=\"article\" \/>\n<meta property=\"og:title\" content=\"Sildenafil Citrat (Viagra) 50 Tabletten - Astera Labs\" \/>\n<meta property=\"og:description\" content=\"DOSIERUNG: Sildenafil Citrate (Viagra) 100mg\/Tab VERPACKUNGSINHALT: 1 Riegel, 50 Tabs, 100 mg pro Tab WAS IST ES: Es ist das beliebteste Medikament zur Behandlung der erektilen Dysfunktion, au\u00dferdem kann es n\u00fctzlich sein, um den Blutdruck zu verbessern und die Durchblutung zu f\u00f6rdern. WIE EINZUNEHMEN: Es wird empfohlen, eine Stunde vor der sexuellen Aktivit\u00e4t zwischen 50&hellip;\" \/>\n<meta property=\"og:url\" content=\"https:\/\/asteralabs.org\/de\/product\/sildenafil-citrat-viagra-50-tabletten\/\" \/>\n<meta property=\"og:site_name\" content=\"Astera Labs\" \/>\n<meta property=\"article:modified_time\" content=\"2026-01-16T10:41:24+00:00\" \/>\n<meta property=\"og:image\" content=\"https:\/\/asteralabs.org\/wp-content\/uploads\/2023\/01\/Sildenafil-Citrate-50-tabs-mockup-nbg.png\" \/>\n\t<meta property=\"og:image:width\" content=\"2000\" \/>\n\t<meta property=\"og:image:height\" content=\"2000\" \/>\n\t<meta property=\"og:image:type\" content=\"image\/png\" \/>\n<meta name=\"twitter:card\" content=\"summary_large_image\" \/>\n<script type=\"application\/ld+json\" class=\"yoast-schema-graph\">{\"@context\":\"https:\\\/\\\/schema.org\",\"@graph\":[{\"@type\":\"WebPage\",\"@id\":\"https:\\\/\\\/asteralabs.org\\\/de\\\/product\\\/sildenafil-citrat-viagra-50-tabletten\\\/\",\"url\":\"https:\\\/\\\/asteralabs.org\\\/de\\\/product\\\/sildenafil-citrat-viagra-50-tabletten\\\/\",\"name\":\"Sildenafil Citrat (Viagra) 50 Tabletten - Astera Labs\",\"isPartOf\":{\"@id\":\"https:\\\/\\\/asteralabs.org\\\/de\\\/#website\"},\"primaryImageOfPage\":{\"@id\":\"https:\\\/\\\/asteralabs.org\\\/de\\\/product\\\/sildenafil-citrat-viagra-50-tabletten\\\/#primaryimage\"},\"image\":{\"@id\":\"https:\\\/\\\/asteralabs.org\\\/de\\\/product\\\/sildenafil-citrat-viagra-50-tabletten\\\/#primaryimage\"},\"thumbnailUrl\":\"https:\\\/\\\/asteralabs.org\\\/wp-content\\\/uploads\\\/2023\\\/01\\\/Sildenafil-Citrate-50-tabs-mockup-nbg.png\",\"datePublished\":\"2023-01-13T20:28:42+00:00\",\"dateModified\":\"2026-01-16T10:41:24+00:00\",\"breadcrumb\":{\"@id\":\"https:\\\/\\\/asteralabs.org\\\/de\\\/product\\\/sildenafil-citrat-viagra-50-tabletten\\\/#breadcrumb\"},\"inLanguage\":\"de-DE\",\"potentialAction\":[{\"@type\":\"ReadAction\",\"target\":[\"https:\\\/\\\/asteralabs.org\\\/de\\\/product\\\/sildenafil-citrat-viagra-50-tabletten\\\/\"]}]},{\"@type\":\"ImageObject\",\"inLanguage\":\"de-DE\",\"@id\":\"https:\\\/\\\/asteralabs.org\\\/de\\\/product\\\/sildenafil-citrat-viagra-50-tabletten\\\/#primaryimage\",\"url\":\"https:\\\/\\\/asteralabs.org\\\/wp-content\\\/uploads\\\/2023\\\/01\\\/Sildenafil-Citrate-50-tabs-mockup-nbg.png\",\"contentUrl\":\"https:\\\/\\\/asteralabs.org\\\/wp-content\\\/uploads\\\/2023\\\/01\\\/Sildenafil-Citrate-50-tabs-mockup-nbg.png\",\"width\":2000,\"height\":2000},{\"@type\":\"BreadcrumbList\",\"@id\":\"https:\\\/\\\/asteralabs.org\\\/de\\\/product\\\/sildenafil-citrat-viagra-50-tabletten\\\/#breadcrumb\",\"itemListElement\":[{\"@type\":\"ListItem\",\"position\":1,\"name\":\"Home\",\"item\":\"https:\\\/\\\/asteralabs.org\\\/de\\\/\"},{\"@type\":\"ListItem\",\"position\":2,\"name\":\"Shop\",\"item\":\"https:\\\/\\\/asteralabs.org\\\/de\\\/shop\\\/\"},{\"@type\":\"ListItem\",\"position\":3,\"name\":\"Sildenafil Citrat (Viagra) 50 Tabletten\"}]},{\"@type\":\"WebSite\",\"@id\":\"https:\\\/\\\/asteralabs.org\\\/de\\\/#website\",\"url\":\"https:\\\/\\\/asteralabs.org\\\/de\\\/\",\"name\":\"Astera Labs\",\"description\":\"Improve Your Quality Of Life\",\"publisher\":{\"@id\":\"https:\\\/\\\/asteralabs.org\\\/de\\\/#organization\"},\"potentialAction\":[{\"@type\":\"SearchAction\",\"target\":{\"@type\":\"EntryPoint\",\"urlTemplate\":\"https:\\\/\\\/asteralabs.org\\\/de\\\/?s={search_term_string}\"},\"query-input\":{\"@type\":\"PropertyValueSpecification\",\"valueRequired\":true,\"valueName\":\"search_term_string\"}}],\"inLanguage\":\"de-DE\"},{\"@type\":\"Organization\",\"@id\":\"https:\\\/\\\/asteralabs.org\\\/de\\\/#organization\",\"name\":\"Astera Labs\",\"url\":\"https:\\\/\\\/asteralabs.org\\\/de\\\/\",\"logo\":{\"@type\":\"ImageObject\",\"inLanguage\":\"de-DE\",\"@id\":\"https:\\\/\\\/asteralabs.org\\\/de\\\/#\\\/schema\\\/logo\\\/image\\\/\",\"url\":\"https:\\\/\\\/asteralabs.org\\\/wp-content\\\/uploads\\\/2022\\\/12\\\/astera-2.png\",\"contentUrl\":\"https:\\\/\\\/asteralabs.org\\\/wp-content\\\/uploads\\\/2022\\\/12\\\/astera-2.png\",\"width\":437,\"height\":111,\"caption\":\"Astera Labs\"},\"image\":{\"@id\":\"https:\\\/\\\/asteralabs.org\\\/de\\\/#\\\/schema\\\/logo\\\/image\\\/\"}}]}<\/script>\n<!-- \/ Yoast SEO plugin. -->","yoast_head_json":{"title":"Sildenafil Citrat (Viagra) 50 Tabletten - Astera Labs","robots":{"index":"index","follow":"follow","max-snippet":"max-snippet:-1","max-image-preview":"max-image-preview:large","max-video-preview":"max-video-preview:-1"},"canonical":"https:\/\/asteralabs.org\/de\/product\/sildenafil-citrat-viagra-50-tabletten\/","og_locale":"de_DE","og_type":"article","og_title":"Sildenafil Citrat (Viagra) 50 Tabletten - Astera Labs","og_description":"DOSIERUNG: Sildenafil Citrate (Viagra) 100mg\/Tab VERPACKUNGSINHALT: 1 Riegel, 50 Tabs, 100 mg pro Tab WAS IST ES: Es ist das beliebteste Medikament zur Behandlung der erektilen Dysfunktion, au\u00dferdem kann es n\u00fctzlich sein, um den Blutdruck zu verbessern und die Durchblutung zu f\u00f6rdern. WIE EINZUNEHMEN: Es wird empfohlen, eine Stunde vor der sexuellen Aktivit\u00e4t zwischen 50&hellip;","og_url":"https:\/\/asteralabs.org\/de\/product\/sildenafil-citrat-viagra-50-tabletten\/","og_site_name":"Astera Labs","article_modified_time":"2026-01-16T10:41:24+00:00","og_image":[{"width":2000,"height":2000,"url":"https:\/\/asteralabs.org\/wp-content\/uploads\/2023\/01\/Sildenafil-Citrate-50-tabs-mockup-nbg.png","type":"image\/png"}],"twitter_card":"summary_large_image","schema":{"@context":"https:\/\/schema.org","@graph":[{"@type":"WebPage","@id":"https:\/\/asteralabs.org\/de\/product\/sildenafil-citrat-viagra-50-tabletten\/","url":"https:\/\/asteralabs.org\/de\/product\/sildenafil-citrat-viagra-50-tabletten\/","name":"Sildenafil Citrat (Viagra) 50 Tabletten - Astera Labs","isPartOf":{"@id":"https:\/\/asteralabs.org\/de\/#website"},"primaryImageOfPage":{"@id":"https:\/\/asteralabs.org\/de\/product\/sildenafil-citrat-viagra-50-tabletten\/#primaryimage"},"image":{"@id":"https:\/\/asteralabs.org\/de\/product\/sildenafil-citrat-viagra-50-tabletten\/#primaryimage"},"thumbnailUrl":"https:\/\/asteralabs.org\/wp-content\/uploads\/2023\/01\/Sildenafil-Citrate-50-tabs-mockup-nbg.png","datePublished":"2023-01-13T20:28:42+00:00","dateModified":"2026-01-16T10:41:24+00:00","breadcrumb":{"@id":"https:\/\/asteralabs.org\/de\/product\/sildenafil-citrat-viagra-50-tabletten\/#breadcrumb"},"inLanguage":"de-DE","potentialAction":[{"@type":"ReadAction","target":["https:\/\/asteralabs.org\/de\/product\/sildenafil-citrat-viagra-50-tabletten\/"]}]},{"@type":"ImageObject","inLanguage":"de-DE","@id":"https:\/\/asteralabs.org\/de\/product\/sildenafil-citrat-viagra-50-tabletten\/#primaryimage","url":"https:\/\/asteralabs.org\/wp-content\/uploads\/2023\/01\/Sildenafil-Citrate-50-tabs-mockup-nbg.png","contentUrl":"https:\/\/asteralabs.org\/wp-content\/uploads\/2023\/01\/Sildenafil-Citrate-50-tabs-mockup-nbg.png","width":2000,"height":2000},{"@type":"BreadcrumbList","@id":"https:\/\/asteralabs.org\/de\/product\/sildenafil-citrat-viagra-50-tabletten\/#breadcrumb","itemListElement":[{"@type":"ListItem","position":1,"name":"Home","item":"https:\/\/asteralabs.org\/de\/"},{"@type":"ListItem","position":2,"name":"Shop","item":"https:\/\/asteralabs.org\/de\/shop\/"},{"@type":"ListItem","position":3,"name":"Sildenafil Citrat (Viagra) 50 Tabletten"}]},{"@type":"WebSite","@id":"https:\/\/asteralabs.org\/de\/#website","url":"https:\/\/asteralabs.org\/de\/","name":"Astera Labs","description":"Improve Your Quality Of Life","publisher":{"@id":"https:\/\/asteralabs.org\/de\/#organization"},"potentialAction":[{"@type":"SearchAction","target":{"@type":"EntryPoint","urlTemplate":"https:\/\/asteralabs.org\/de\/?s={search_term_string}"},"query-input":{"@type":"PropertyValueSpecification","valueRequired":true,"valueName":"search_term_string"}}],"inLanguage":"de-DE"},{"@type":"Organization","@id":"https:\/\/asteralabs.org\/de\/#organization","name":"Astera Labs","url":"https:\/\/asteralabs.org\/de\/","logo":{"@type":"ImageObject","inLanguage":"de-DE","@id":"https:\/\/asteralabs.org\/de\/#\/schema\/logo\/image\/","url":"https:\/\/asteralabs.org\/wp-content\/uploads\/2022\/12\/astera-2.png","contentUrl":"https:\/\/asteralabs.org\/wp-content\/uploads\/2022\/12\/astera-2.png","width":437,"height":111,"caption":"Astera Labs"},"image":{"@id":"https:\/\/asteralabs.org\/de\/#\/schema\/logo\/image\/"}}]}},"_links":{"self":[{"href":"https:\/\/asteralabs.org\/de\/wp-json\/wp\/v2\/product\/78117","targetHints":{"allow":["GET"]}}],"collection":[{"href":"https:\/\/asteralabs.org\/de\/wp-json\/wp\/v2\/product"}],"about":[{"href":"https:\/\/asteralabs.org\/de\/wp-json\/wp\/v2\/types\/product"}],"replies":[{"embeddable":true,"href":"https:\/\/asteralabs.org\/de\/wp-json\/wp\/v2\/comments?post=78117"}],"version-history":[{"count":0,"href":"https:\/\/asteralabs.org\/de\/wp-json\/wp\/v2\/product\/78117\/revisions"}],"wp:featuredmedia":[{"embeddable":true,"href":"https:\/\/asteralabs.org\/de\/wp-json\/wp\/v2\/media\/76098"}],"wp:attachment":[{"href":"https:\/\/asteralabs.org\/de\/wp-json\/wp\/v2\/media?parent=78117"}],"wp:term":[{"taxonomy":"product_brand","embeddable":true,"href":"https:\/\/asteralabs.org\/de\/wp-json\/wp\/v2\/product_brand?post=78117"},{"taxonomy":"product_cat","embeddable":true,"href":"https:\/\/asteralabs.org\/de\/wp-json\/wp\/v2\/product_cat?post=78117"},{"taxonomy":"product_tag","embeddable":true,"href":"https:\/\/asteralabs.org\/de\/wp-json\/wp\/v2\/product_tag?post=78117"}],"curies":[{"name":"wp","href":"https:\/\/api.w.org\/{rel}","templated":true}]}}