{"id":78139,"date":"2023-01-10T23:02:18","date_gmt":"2023-01-10T23:02:18","guid":{"rendered":"https:\/\/asteralabs.org\/product\/fluoxymesteron-halotestin\/"},"modified":"2026-01-16T09:11:24","modified_gmt":"2026-01-16T09:11:24","slug":"fluoxymesteron-halotestin","status":"publish","type":"product","link":"https:\/\/asteralabs.org\/de\/product\/fluoxymesteron-halotestin\/","title":{"rendered":"Fluoxymesteron (Halotestin)"},"content":{"rendered":"<p><strong>DOSIERUNG: <\/strong><br \/>\nFluoxymesteron (Halotestin) 5mg\/Tablette <strong>PACKUNGSINHALT: <\/strong><br \/>\n1 Riegel, 50Tabletten, 5 mg pro Tablette <strong>WAS IST ES: <\/strong><br \/>\nFluoxymesteron ist ein sehr starkes orales Steroid, das extrem starke androgene Eigenschaften aufweist. F\u00fcr Bodybuilder und Kraftsportler bietet Fluoxymesteron mehrere deutliche Vorteile gegen\u00fcber anderen Medikamenten. Allerdings sind diese mit einigen ernsthaften potenziellen Nebenwirkungen verbunden. <strong>WIE ANZUWENDEN: <\/strong><br \/>\nDie Dosis und die Dauer des Zyklus h\u00e4ngen von den Zielen des Anwenders ab. Die Dosen variieren von 20-50 mg t\u00e4glich und es wird nicht empfohlen, es l\u00e4nger als 4-6 Wochen hintereinander zu verwenden. Im Bodybuilding wird es verwendet, um mehr Fett zu verbrennen und ein androgeneres Aussehen f\u00fcr Wettk\u00e4mpfe zu erreichen, im Kontakt- oder Kraftsport wird es verwendet, um Kraft und Aggressivit\u00e4t zu steigern. <strong>BATCH INFORMATIONEN:<br \/>\n<\/strong>Chargennummer: <span data-sheets-root=\"1\" data-sheets-value=\"{\" data-sheets-userformat=\"{\">DP05787<\/span><br \/>\nHerstellungsdatum: <span data-sheets-root=\"1\" data-sheets-value=\"{\" data-sheets-userformat=\"{\">10.2025.<\/span><br \/>\nVerfallsdatum: <span data-sheets-root=\"1\" data-sheets-value=\"{\" data-sheets-userformat=\"{\">10.2028.<\/span><\/p>\n","protected":false},"excerpt":{"rendered":"<p>DOSIERUNG: Fluoxymesteron (Halotestin) 5mg\/Tablette PACKUNGSINHALT: 1 Riegel, 50Tabletten, 5 mg pro Tablette WAS IST ES: Fluoxymesteron ist ein sehr starkes orales Steroid, das extrem starke androgene Eigenschaften aufweist. F\u00fcr Bodybuilder und Kraftsportler bietet Fluoxymesteron mehrere deutliche Vorteile gegen\u00fcber anderen Medikamenten. Allerdings sind diese mit einigen ernsthaften potenziellen Nebenwirkungen verbunden. WIE ANZUWENDEN: Die Dosis und die&hellip;<\/p>\n","protected":false},"featured_media":76058,"comment_status":"open","ping_status":"closed","template":"","meta":[],"product_cat":[156,175],"product_tag":[],"yoast_head":"<!-- This site is optimized with the Yoast SEO plugin v23.0 - https:\/\/yoast.com\/wordpress\/plugins\/seo\/ -->\n<title>Fluoxymesteron (Halotestin) - Astera Labs<\/title>\n<meta name=\"robots\" content=\"index, follow, max-snippet:-1, max-image-preview:large, max-video-preview:-1\" \/>\n<link rel=\"canonical\" href=\"https:\/\/asteralabs.org\/de\/product\/fluoxymesteron-halotestin\/\" \/>\n<meta property=\"og:locale\" content=\"de_DE\" \/>\n<meta property=\"og:type\" content=\"article\" \/>\n<meta property=\"og:title\" content=\"Fluoxymesteron (Halotestin) - Astera Labs\" \/>\n<meta property=\"og:description\" content=\"DOSIERUNG: Fluoxymesteron (Halotestin) 5mg\/Tablette PACKUNGSINHALT: 1 Riegel, 50Tabletten, 5 mg pro Tablette WAS IST ES: Fluoxymesteron ist ein sehr starkes orales Steroid, das extrem starke androgene Eigenschaften aufweist. F\u00fcr Bodybuilder und Kraftsportler bietet Fluoxymesteron mehrere deutliche Vorteile gegen\u00fcber anderen Medikamenten. Allerdings sind diese mit einigen ernsthaften potenziellen Nebenwirkungen verbunden. WIE ANZUWENDEN: Die Dosis und die&hellip;\" \/>\n<meta property=\"og:url\" content=\"https:\/\/asteralabs.org\/de\/product\/fluoxymesteron-halotestin\/\" \/>\n<meta property=\"og:site_name\" content=\"Astera Labs\" \/>\n<meta property=\"article:modified_time\" content=\"2026-01-16T09:11:24+00:00\" \/>\n<meta property=\"og:image\" content=\"https:\/\/asteralabs.org\/wp-content\/uploads\/2023\/01\/Halotestin-mockup-nbg.png\" \/>\n\t<meta property=\"og:image:width\" content=\"2000\" \/>\n\t<meta property=\"og:image:height\" content=\"2000\" \/>\n\t<meta property=\"og:image:type\" content=\"image\/png\" \/>\n<meta name=\"twitter:card\" content=\"summary_large_image\" \/>\n<script type=\"application\/ld+json\" class=\"yoast-schema-graph\">{\"@context\":\"https:\/\/schema.org\",\"@graph\":[{\"@type\":\"WebPage\",\"@id\":\"https:\/\/asteralabs.org\/de\/product\/fluoxymesteron-halotestin\/\",\"url\":\"https:\/\/asteralabs.org\/de\/product\/fluoxymesteron-halotestin\/\",\"name\":\"Fluoxymesteron (Halotestin) - Astera Labs\",\"isPartOf\":{\"@id\":\"https:\/\/asteralabs.org\/de\/#website\"},\"primaryImageOfPage\":{\"@id\":\"https:\/\/asteralabs.org\/de\/product\/fluoxymesteron-halotestin\/#primaryimage\"},\"image\":{\"@id\":\"https:\/\/asteralabs.org\/de\/product\/fluoxymesteron-halotestin\/#primaryimage\"},\"thumbnailUrl\":\"https:\/\/asteralabs.org\/wp-content\/uploads\/2023\/01\/Halotestin-mockup-nbg.png\",\"datePublished\":\"2023-01-10T23:02:18+00:00\",\"dateModified\":\"2026-01-16T09:11:24+00:00\",\"breadcrumb\":{\"@id\":\"https:\/\/asteralabs.org\/de\/product\/fluoxymesteron-halotestin\/#breadcrumb\"},\"inLanguage\":\"de-DE\",\"potentialAction\":[{\"@type\":\"ReadAction\",\"target\":[\"https:\/\/asteralabs.org\/de\/product\/fluoxymesteron-halotestin\/\"]}]},{\"@type\":\"ImageObject\",\"inLanguage\":\"de-DE\",\"@id\":\"https:\/\/asteralabs.org\/de\/product\/fluoxymesteron-halotestin\/#primaryimage\",\"url\":\"https:\/\/asteralabs.org\/wp-content\/uploads\/2023\/01\/Halotestin-mockup-nbg.png\",\"contentUrl\":\"https:\/\/asteralabs.org\/wp-content\/uploads\/2023\/01\/Halotestin-mockup-nbg.png\",\"width\":2000,\"height\":2000},{\"@type\":\"BreadcrumbList\",\"@id\":\"https:\/\/asteralabs.org\/de\/product\/fluoxymesteron-halotestin\/#breadcrumb\",\"itemListElement\":[{\"@type\":\"ListItem\",\"position\":1,\"name\":\"Home\",\"item\":\"https:\/\/asteralabs.org\/de\/\"},{\"@type\":\"ListItem\",\"position\":2,\"name\":\"Shop\",\"item\":\"https:\/\/asteralabs.org\/shop\/\"},{\"@type\":\"ListItem\",\"position\":3,\"name\":\"Fluoxymesteron (Halotestin)\"}]},{\"@type\":\"WebSite\",\"@id\":\"https:\/\/asteralabs.org\/de\/#website\",\"url\":\"https:\/\/asteralabs.org\/de\/\",\"name\":\"Astera Labs\",\"description\":\"Improve Your Quality Of Life\",\"publisher\":{\"@id\":\"https:\/\/asteralabs.org\/de\/#organization\"},\"potentialAction\":[{\"@type\":\"SearchAction\",\"target\":{\"@type\":\"EntryPoint\",\"urlTemplate\":\"https:\/\/asteralabs.org\/de\/?s={search_term_string}\"},\"query-input\":\"required name=search_term_string\"}],\"inLanguage\":\"de-DE\"},{\"@type\":\"Organization\",\"@id\":\"https:\/\/asteralabs.org\/de\/#organization\",\"name\":\"Astera Labs\",\"url\":\"https:\/\/asteralabs.org\/de\/\",\"logo\":{\"@type\":\"ImageObject\",\"inLanguage\":\"de-DE\",\"@id\":\"https:\/\/asteralabs.org\/de\/#\/schema\/logo\/image\/\",\"url\":\"https:\/\/asteralabs.org\/wp-content\/uploads\/2022\/12\/astera-2.png\",\"contentUrl\":\"https:\/\/asteralabs.org\/wp-content\/uploads\/2022\/12\/astera-2.png\",\"width\":437,\"height\":111,\"caption\":\"Astera Labs\"},\"image\":{\"@id\":\"https:\/\/asteralabs.org\/de\/#\/schema\/logo\/image\/\"}}]}<\/script>\n<!-- \/ Yoast SEO plugin. -->","yoast_head_json":{"title":"Fluoxymesteron (Halotestin) - Astera Labs","robots":{"index":"index","follow":"follow","max-snippet":"max-snippet:-1","max-image-preview":"max-image-preview:large","max-video-preview":"max-video-preview:-1"},"canonical":"https:\/\/asteralabs.org\/de\/product\/fluoxymesteron-halotestin\/","og_locale":"de_DE","og_type":"article","og_title":"Fluoxymesteron (Halotestin) - Astera Labs","og_description":"DOSIERUNG: Fluoxymesteron (Halotestin) 5mg\/Tablette PACKUNGSINHALT: 1 Riegel, 50Tabletten, 5 mg pro Tablette WAS IST ES: Fluoxymesteron ist ein sehr starkes orales Steroid, das extrem starke androgene Eigenschaften aufweist. F\u00fcr Bodybuilder und Kraftsportler bietet Fluoxymesteron mehrere deutliche Vorteile gegen\u00fcber anderen Medikamenten. Allerdings sind diese mit einigen ernsthaften potenziellen Nebenwirkungen verbunden. WIE ANZUWENDEN: Die Dosis und die&hellip;","og_url":"https:\/\/asteralabs.org\/de\/product\/fluoxymesteron-halotestin\/","og_site_name":"Astera Labs","article_modified_time":"2026-01-16T09:11:24+00:00","og_image":[{"width":2000,"height":2000,"url":"https:\/\/asteralabs.org\/wp-content\/uploads\/2023\/01\/Halotestin-mockup-nbg.png","type":"image\/png"}],"twitter_card":"summary_large_image","schema":{"@context":"https:\/\/schema.org","@graph":[{"@type":"WebPage","@id":"https:\/\/asteralabs.org\/de\/product\/fluoxymesteron-halotestin\/","url":"https:\/\/asteralabs.org\/de\/product\/fluoxymesteron-halotestin\/","name":"Fluoxymesteron (Halotestin) - Astera Labs","isPartOf":{"@id":"https:\/\/asteralabs.org\/de\/#website"},"primaryImageOfPage":{"@id":"https:\/\/asteralabs.org\/de\/product\/fluoxymesteron-halotestin\/#primaryimage"},"image":{"@id":"https:\/\/asteralabs.org\/de\/product\/fluoxymesteron-halotestin\/#primaryimage"},"thumbnailUrl":"https:\/\/asteralabs.org\/wp-content\/uploads\/2023\/01\/Halotestin-mockup-nbg.png","datePublished":"2023-01-10T23:02:18+00:00","dateModified":"2026-01-16T09:11:24+00:00","breadcrumb":{"@id":"https:\/\/asteralabs.org\/de\/product\/fluoxymesteron-halotestin\/#breadcrumb"},"inLanguage":"de-DE","potentialAction":[{"@type":"ReadAction","target":["https:\/\/asteralabs.org\/de\/product\/fluoxymesteron-halotestin\/"]}]},{"@type":"ImageObject","inLanguage":"de-DE","@id":"https:\/\/asteralabs.org\/de\/product\/fluoxymesteron-halotestin\/#primaryimage","url":"https:\/\/asteralabs.org\/wp-content\/uploads\/2023\/01\/Halotestin-mockup-nbg.png","contentUrl":"https:\/\/asteralabs.org\/wp-content\/uploads\/2023\/01\/Halotestin-mockup-nbg.png","width":2000,"height":2000},{"@type":"BreadcrumbList","@id":"https:\/\/asteralabs.org\/de\/product\/fluoxymesteron-halotestin\/#breadcrumb","itemListElement":[{"@type":"ListItem","position":1,"name":"Home","item":"https:\/\/asteralabs.org\/de\/"},{"@type":"ListItem","position":2,"name":"Shop","item":"https:\/\/asteralabs.org\/shop\/"},{"@type":"ListItem","position":3,"name":"Fluoxymesteron (Halotestin)"}]},{"@type":"WebSite","@id":"https:\/\/asteralabs.org\/de\/#website","url":"https:\/\/asteralabs.org\/de\/","name":"Astera Labs","description":"Improve Your Quality Of Life","publisher":{"@id":"https:\/\/asteralabs.org\/de\/#organization"},"potentialAction":[{"@type":"SearchAction","target":{"@type":"EntryPoint","urlTemplate":"https:\/\/asteralabs.org\/de\/?s={search_term_string}"},"query-input":"required name=search_term_string"}],"inLanguage":"de-DE"},{"@type":"Organization","@id":"https:\/\/asteralabs.org\/de\/#organization","name":"Astera Labs","url":"https:\/\/asteralabs.org\/de\/","logo":{"@type":"ImageObject","inLanguage":"de-DE","@id":"https:\/\/asteralabs.org\/de\/#\/schema\/logo\/image\/","url":"https:\/\/asteralabs.org\/wp-content\/uploads\/2022\/12\/astera-2.png","contentUrl":"https:\/\/asteralabs.org\/wp-content\/uploads\/2022\/12\/astera-2.png","width":437,"height":111,"caption":"Astera Labs"},"image":{"@id":"https:\/\/asteralabs.org\/de\/#\/schema\/logo\/image\/"}}]}},"_links":{"self":[{"href":"https:\/\/asteralabs.org\/de\/wp-json\/wp\/v2\/product\/78139"}],"collection":[{"href":"https:\/\/asteralabs.org\/de\/wp-json\/wp\/v2\/product"}],"about":[{"href":"https:\/\/asteralabs.org\/de\/wp-json\/wp\/v2\/types\/product"}],"replies":[{"embeddable":true,"href":"https:\/\/asteralabs.org\/de\/wp-json\/wp\/v2\/comments?post=78139"}],"version-history":[{"count":0,"href":"https:\/\/asteralabs.org\/de\/wp-json\/wp\/v2\/product\/78139\/revisions"}],"wp:featuredmedia":[{"embeddable":true,"href":"https:\/\/asteralabs.org\/de\/wp-json\/wp\/v2\/media\/76058"}],"wp:attachment":[{"href":"https:\/\/asteralabs.org\/de\/wp-json\/wp\/v2\/media?parent=78139"}],"wp:term":[{"taxonomy":"product_cat","embeddable":true,"href":"https:\/\/asteralabs.org\/de\/wp-json\/wp\/v2\/product_cat?post=78139"},{"taxonomy":"product_tag","embeddable":true,"href":"https:\/\/asteralabs.org\/de\/wp-json\/wp\/v2\/product_tag?post=78139"}],"curies":[{"name":"wp","href":"https:\/\/api.w.org\/{rel}","templated":true}]}}