{"id":78151,"date":"2023-01-10T23:00:06","date_gmt":"2023-01-10T23:00:06","guid":{"rendered":"https:\/\/asteralabs.org\/product\/clenbuterol-hcl\/"},"modified":"2026-01-16T08:32:33","modified_gmt":"2026-01-16T08:32:33","slug":"clenbuterol-hcl","status":"publish","type":"product","link":"https:\/\/asteralabs.org\/de\/product\/clenbuterol-hcl\/","title":{"rendered":"Clenbuterol HCL"},"content":{"rendered":"<p><strong>DOSIERUNG: <\/strong><br \/>\nClenbuterol HCL 40 mcg\/Tablette<\/p>\n<p><strong>PACKUNGSINHALT: <\/strong><br \/>\n1 Riegel, 100 Tabletten, <span style=\"font-weight: 400;\">40 mcg<\/span> pro Tablette<\/p>\n<p><strong><b>WORUM ES SICH HANDELT<\/b>: <\/strong><br \/>\nClenbuterol ist ein sympathomimetisches Amin, das von Patienten mit Atembeschwerden als abschwellendes und bronchienerweiterndes Mittel verwendet wird. Was die Verwendung von Clenbuterol bei Kraftsportlern und Bodybuildern betrifft, so kann seine Funktion als Beta-2-Agonist dazu beitragen, die Lipolyse zu erh\u00f6hen. Dies geschieht durch eine Erh\u00f6hung des Grundumsatzes sowie durch eine erh\u00f6hte W\u00e4rmeproduktion in den Mitochondrien, die zur Erh\u00f6hung der K\u00f6rpertemperatur und damit zur Steigerung der Thermogenese <span style=\"font-weight: 400;\">beitragen<\/span>. Au\u00dferdem hat sich gezeigt, dass Clenbuterol in der Lage ist, die Fettzellen direkt zu stimulieren und den Abbau von Triglyceriden zu beschleunigen, wodurch freie Fetts\u00e4uren entstehen.<\/p>\n<p><strong><b>ANWENDUNG<\/b>: <\/strong><br \/>\n<span style=\"font-weight: 400;\">Obwohl Clenbuterol eine sehr lange Halbwertszeit hat, ist es empfehlenswert, die Dosis auf drei \u00fcber den Tag verteilte Dosen aufzuteilen. Die Anfangsdosis betr\u00e4gt in der Regel 20mcgs, es ist ratsam, die Dosis nach und nach zu erh\u00f6hen, wenn die Wirkung nachl\u00e4sst (es ist ratsam, sich eine Vorlage f\u00fcr einen <\/span><span style=\"font-weight: 400;\">Clenbuterol-Zyklus f\u00fcr Pyramidentraining <\/span><span style=\"font-weight: 400;\">zu besorgen). Um unerw\u00fcnschte Nebenwirkungen wie Tachykardie oder Herzrhythmusst\u00f6rungen zu vermeiden, ist es ratsam, es mit niedrigen Dosen von Nebivolol zu kombinieren.<\/span><\/p>\n<p><strong>Chargen Informationen:<br \/>\n<\/strong>Chargennummer: <span data-sheets-root=\"1\" data-sheets-value=\"{\" data-sheets-userformat=\"{\">AD21833<\/span><br \/>\nHerstellungsdatum: <span data-sheets-root=\"1\" data-sheets-value=\"{\" data-sheets-userformat=\"{\">10.2025.<\/span><br \/>\nVerfallsdatum: <span data-sheets-root=\"1\" data-sheets-value=\"{\" data-sheets-userformat=\"{\">10.2028.<\/span><\/p>\n","protected":false},"excerpt":{"rendered":"<p>DOSIERUNG: Clenbuterol HCL 40 mcg\/Tablette PACKUNGSINHALT: 1 Riegel, 100 Tabletten, 40 mcg pro Tablette WORUM ES SICH HANDELT: Clenbuterol ist ein sympathomimetisches Amin, das von Patienten mit Atembeschwerden als abschwellendes und bronchienerweiterndes Mittel verwendet wird. Was die Verwendung von Clenbuterol bei Kraftsportlern und Bodybuildern betrifft, so kann seine Funktion als Beta-2-Agonist dazu beitragen, die Lipolyse&hellip;<\/p>\n","protected":false},"featured_media":76226,"comment_status":"open","ping_status":"closed","template":"","meta":[],"product_cat":[156,175],"product_tag":[],"yoast_head":"<!-- This site is optimized with the Yoast SEO plugin v23.0 - https:\/\/yoast.com\/wordpress\/plugins\/seo\/ -->\n<title>Clenbuterol HCL - Astera Labs<\/title>\n<meta name=\"robots\" content=\"index, follow, max-snippet:-1, max-image-preview:large, max-video-preview:-1\" \/>\n<link rel=\"canonical\" href=\"https:\/\/asteralabs.org\/de\/product\/clenbuterol-hcl\/\" \/>\n<meta property=\"og:locale\" content=\"de_DE\" \/>\n<meta property=\"og:type\" content=\"article\" \/>\n<meta property=\"og:title\" content=\"Clenbuterol HCL - Astera Labs\" \/>\n<meta property=\"og:description\" content=\"DOSIERUNG: Clenbuterol HCL 40 mcg\/Tablette PACKUNGSINHALT: 1 Riegel, 100 Tabletten, 40 mcg pro Tablette WORUM ES SICH HANDELT: Clenbuterol ist ein sympathomimetisches Amin, das von Patienten mit Atembeschwerden als abschwellendes und bronchienerweiterndes Mittel verwendet wird. Was die Verwendung von Clenbuterol bei Kraftsportlern und Bodybuildern betrifft, so kann seine Funktion als Beta-2-Agonist dazu beitragen, die Lipolyse&hellip;\" \/>\n<meta property=\"og:url\" content=\"https:\/\/asteralabs.org\/de\/product\/clenbuterol-hcl\/\" \/>\n<meta property=\"og:site_name\" content=\"Astera Labs\" \/>\n<meta property=\"article:modified_time\" content=\"2026-01-16T08:32:33+00:00\" \/>\n<meta property=\"og:image\" content=\"https:\/\/asteralabs.org\/wp-content\/uploads\/2023\/01\/Clenbuterol-HCL-mockup-nbg.png\" \/>\n\t<meta property=\"og:image:width\" content=\"2000\" \/>\n\t<meta property=\"og:image:height\" content=\"2000\" \/>\n\t<meta property=\"og:image:type\" content=\"image\/png\" \/>\n<meta name=\"twitter:card\" content=\"summary_large_image\" \/>\n<script type=\"application\/ld+json\" class=\"yoast-schema-graph\">{\"@context\":\"https:\/\/schema.org\",\"@graph\":[{\"@type\":\"WebPage\",\"@id\":\"https:\/\/asteralabs.org\/de\/product\/clenbuterol-hcl\/\",\"url\":\"https:\/\/asteralabs.org\/de\/product\/clenbuterol-hcl\/\",\"name\":\"Clenbuterol HCL - Astera Labs\",\"isPartOf\":{\"@id\":\"https:\/\/asteralabs.org\/de\/#website\"},\"primaryImageOfPage\":{\"@id\":\"https:\/\/asteralabs.org\/de\/product\/clenbuterol-hcl\/#primaryimage\"},\"image\":{\"@id\":\"https:\/\/asteralabs.org\/de\/product\/clenbuterol-hcl\/#primaryimage\"},\"thumbnailUrl\":\"https:\/\/asteralabs.org\/wp-content\/uploads\/2023\/01\/Clenbuterol-HCL-mockup-nbg.png\",\"datePublished\":\"2023-01-10T23:00:06+00:00\",\"dateModified\":\"2026-01-16T08:32:33+00:00\",\"breadcrumb\":{\"@id\":\"https:\/\/asteralabs.org\/de\/product\/clenbuterol-hcl\/#breadcrumb\"},\"inLanguage\":\"de-DE\",\"potentialAction\":[{\"@type\":\"ReadAction\",\"target\":[\"https:\/\/asteralabs.org\/de\/product\/clenbuterol-hcl\/\"]}]},{\"@type\":\"ImageObject\",\"inLanguage\":\"de-DE\",\"@id\":\"https:\/\/asteralabs.org\/de\/product\/clenbuterol-hcl\/#primaryimage\",\"url\":\"https:\/\/asteralabs.org\/wp-content\/uploads\/2023\/01\/Clenbuterol-HCL-mockup-nbg.png\",\"contentUrl\":\"https:\/\/asteralabs.org\/wp-content\/uploads\/2023\/01\/Clenbuterol-HCL-mockup-nbg.png\",\"width\":2000,\"height\":2000},{\"@type\":\"BreadcrumbList\",\"@id\":\"https:\/\/asteralabs.org\/de\/product\/clenbuterol-hcl\/#breadcrumb\",\"itemListElement\":[{\"@type\":\"ListItem\",\"position\":1,\"name\":\"Home\",\"item\":\"https:\/\/asteralabs.org\/de\/\"},{\"@type\":\"ListItem\",\"position\":2,\"name\":\"Shop\",\"item\":\"https:\/\/asteralabs.org\/shop\/\"},{\"@type\":\"ListItem\",\"position\":3,\"name\":\"Clenbuterol HCL\"}]},{\"@type\":\"WebSite\",\"@id\":\"https:\/\/asteralabs.org\/de\/#website\",\"url\":\"https:\/\/asteralabs.org\/de\/\",\"name\":\"Astera Labs\",\"description\":\"Improve Your Quality Of Life\",\"publisher\":{\"@id\":\"https:\/\/asteralabs.org\/de\/#organization\"},\"potentialAction\":[{\"@type\":\"SearchAction\",\"target\":{\"@type\":\"EntryPoint\",\"urlTemplate\":\"https:\/\/asteralabs.org\/de\/?s={search_term_string}\"},\"query-input\":\"required name=search_term_string\"}],\"inLanguage\":\"de-DE\"},{\"@type\":\"Organization\",\"@id\":\"https:\/\/asteralabs.org\/de\/#organization\",\"name\":\"Astera Labs\",\"url\":\"https:\/\/asteralabs.org\/de\/\",\"logo\":{\"@type\":\"ImageObject\",\"inLanguage\":\"de-DE\",\"@id\":\"https:\/\/asteralabs.org\/de\/#\/schema\/logo\/image\/\",\"url\":\"https:\/\/asteralabs.org\/wp-content\/uploads\/2022\/12\/astera-2.png\",\"contentUrl\":\"https:\/\/asteralabs.org\/wp-content\/uploads\/2022\/12\/astera-2.png\",\"width\":437,\"height\":111,\"caption\":\"Astera Labs\"},\"image\":{\"@id\":\"https:\/\/asteralabs.org\/de\/#\/schema\/logo\/image\/\"}}]}<\/script>\n<!-- \/ Yoast SEO plugin. -->","yoast_head_json":{"title":"Clenbuterol HCL - Astera Labs","robots":{"index":"index","follow":"follow","max-snippet":"max-snippet:-1","max-image-preview":"max-image-preview:large","max-video-preview":"max-video-preview:-1"},"canonical":"https:\/\/asteralabs.org\/de\/product\/clenbuterol-hcl\/","og_locale":"de_DE","og_type":"article","og_title":"Clenbuterol HCL - Astera Labs","og_description":"DOSIERUNG: Clenbuterol HCL 40 mcg\/Tablette PACKUNGSINHALT: 1 Riegel, 100 Tabletten, 40 mcg pro Tablette WORUM ES SICH HANDELT: Clenbuterol ist ein sympathomimetisches Amin, das von Patienten mit Atembeschwerden als abschwellendes und bronchienerweiterndes Mittel verwendet wird. Was die Verwendung von Clenbuterol bei Kraftsportlern und Bodybuildern betrifft, so kann seine Funktion als Beta-2-Agonist dazu beitragen, die Lipolyse&hellip;","og_url":"https:\/\/asteralabs.org\/de\/product\/clenbuterol-hcl\/","og_site_name":"Astera Labs","article_modified_time":"2026-01-16T08:32:33+00:00","og_image":[{"width":2000,"height":2000,"url":"https:\/\/asteralabs.org\/wp-content\/uploads\/2023\/01\/Clenbuterol-HCL-mockup-nbg.png","type":"image\/png"}],"twitter_card":"summary_large_image","schema":{"@context":"https:\/\/schema.org","@graph":[{"@type":"WebPage","@id":"https:\/\/asteralabs.org\/de\/product\/clenbuterol-hcl\/","url":"https:\/\/asteralabs.org\/de\/product\/clenbuterol-hcl\/","name":"Clenbuterol HCL - Astera Labs","isPartOf":{"@id":"https:\/\/asteralabs.org\/de\/#website"},"primaryImageOfPage":{"@id":"https:\/\/asteralabs.org\/de\/product\/clenbuterol-hcl\/#primaryimage"},"image":{"@id":"https:\/\/asteralabs.org\/de\/product\/clenbuterol-hcl\/#primaryimage"},"thumbnailUrl":"https:\/\/asteralabs.org\/wp-content\/uploads\/2023\/01\/Clenbuterol-HCL-mockup-nbg.png","datePublished":"2023-01-10T23:00:06+00:00","dateModified":"2026-01-16T08:32:33+00:00","breadcrumb":{"@id":"https:\/\/asteralabs.org\/de\/product\/clenbuterol-hcl\/#breadcrumb"},"inLanguage":"de-DE","potentialAction":[{"@type":"ReadAction","target":["https:\/\/asteralabs.org\/de\/product\/clenbuterol-hcl\/"]}]},{"@type":"ImageObject","inLanguage":"de-DE","@id":"https:\/\/asteralabs.org\/de\/product\/clenbuterol-hcl\/#primaryimage","url":"https:\/\/asteralabs.org\/wp-content\/uploads\/2023\/01\/Clenbuterol-HCL-mockup-nbg.png","contentUrl":"https:\/\/asteralabs.org\/wp-content\/uploads\/2023\/01\/Clenbuterol-HCL-mockup-nbg.png","width":2000,"height":2000},{"@type":"BreadcrumbList","@id":"https:\/\/asteralabs.org\/de\/product\/clenbuterol-hcl\/#breadcrumb","itemListElement":[{"@type":"ListItem","position":1,"name":"Home","item":"https:\/\/asteralabs.org\/de\/"},{"@type":"ListItem","position":2,"name":"Shop","item":"https:\/\/asteralabs.org\/shop\/"},{"@type":"ListItem","position":3,"name":"Clenbuterol HCL"}]},{"@type":"WebSite","@id":"https:\/\/asteralabs.org\/de\/#website","url":"https:\/\/asteralabs.org\/de\/","name":"Astera Labs","description":"Improve Your Quality Of Life","publisher":{"@id":"https:\/\/asteralabs.org\/de\/#organization"},"potentialAction":[{"@type":"SearchAction","target":{"@type":"EntryPoint","urlTemplate":"https:\/\/asteralabs.org\/de\/?s={search_term_string}"},"query-input":"required name=search_term_string"}],"inLanguage":"de-DE"},{"@type":"Organization","@id":"https:\/\/asteralabs.org\/de\/#organization","name":"Astera Labs","url":"https:\/\/asteralabs.org\/de\/","logo":{"@type":"ImageObject","inLanguage":"de-DE","@id":"https:\/\/asteralabs.org\/de\/#\/schema\/logo\/image\/","url":"https:\/\/asteralabs.org\/wp-content\/uploads\/2022\/12\/astera-2.png","contentUrl":"https:\/\/asteralabs.org\/wp-content\/uploads\/2022\/12\/astera-2.png","width":437,"height":111,"caption":"Astera Labs"},"image":{"@id":"https:\/\/asteralabs.org\/de\/#\/schema\/logo\/image\/"}}]}},"_links":{"self":[{"href":"https:\/\/asteralabs.org\/de\/wp-json\/wp\/v2\/product\/78151"}],"collection":[{"href":"https:\/\/asteralabs.org\/de\/wp-json\/wp\/v2\/product"}],"about":[{"href":"https:\/\/asteralabs.org\/de\/wp-json\/wp\/v2\/types\/product"}],"replies":[{"embeddable":true,"href":"https:\/\/asteralabs.org\/de\/wp-json\/wp\/v2\/comments?post=78151"}],"version-history":[{"count":1,"href":"https:\/\/asteralabs.org\/de\/wp-json\/wp\/v2\/product\/78151\/revisions"}],"predecessor-version":[{"id":78727,"href":"https:\/\/asteralabs.org\/de\/wp-json\/wp\/v2\/product\/78151\/revisions\/78727"}],"wp:featuredmedia":[{"embeddable":true,"href":"https:\/\/asteralabs.org\/de\/wp-json\/wp\/v2\/media\/76226"}],"wp:attachment":[{"href":"https:\/\/asteralabs.org\/de\/wp-json\/wp\/v2\/media?parent=78151"}],"wp:term":[{"taxonomy":"product_cat","embeddable":true,"href":"https:\/\/asteralabs.org\/de\/wp-json\/wp\/v2\/product_cat?post=78151"},{"taxonomy":"product_tag","embeddable":true,"href":"https:\/\/asteralabs.org\/de\/wp-json\/wp\/v2\/product_tag?post=78151"}],"curies":[{"name":"wp","href":"https:\/\/api.w.org\/{rel}","templated":true}]}}