{"id":78179,"date":"2023-01-10T22:55:43","date_gmt":"2023-01-10T22:55:43","guid":{"rendered":"https:\/\/asteralabs.org\/product\/methyl-1-testosteron\/"},"modified":"2026-01-16T09:52:20","modified_gmt":"2026-01-16T09:52:20","slug":"methyl-1-testosteron","status":"publish","type":"product","link":"https:\/\/asteralabs.org\/de\/product\/methyl-1-testosteron\/","title":{"rendered":"Methyl-1-Testosteron"},"content":{"rendered":"<p><strong>DOSIERUNG: <\/strong><br \/>\nMethyl-1-Testosteron 10mg\/Tab <strong>PACKUNGSINHALT: <\/strong><br \/>\n1 satchet, 50 Tabs, 10mg pro Tab <strong>WAS IST ES: <\/strong><br \/>\nEs ist ein synthetisches und oral aktives anabol-androgenes Steroid, das nie f\u00fcr den medizinischen Gebrauch vermarktet wurde. Es ist das 17\u03b1-Methylderivat von 1-Testosteron (\u03941-DHT; Dihydroboldenon). <strong>WIE ZU VERWENDEN: <\/strong><br \/>\nDa es sich um ein Steroid handelt, das nie therapeutisch verwendet wurde, basieren die Empfehlungen f\u00fcr die Verwendung auf den Erfahrungen von Anwendern, die es verwendet haben. Die Dosen variieren von 10-30mg t\u00e4glich, es wurde normalerweise ein paar Stunden vor dem Training eingenommen, es wird nicht empfohlen, die 4-w\u00f6chige Verwendung zu \u00fcberschreiten. <strong>BATCH INFORMATIONEN:<br \/>\n<\/strong>Chargennummer: <span data-sheets-root=\"1\" data-sheets-value=\"{\" data-sheets-userformat=\"{\">YB46413<\/span><br \/>\nHerstellungsdatum: <span data-sheets-root=\"1\" data-sheets-value=\"{\" data-sheets-userformat=\"{\">10.2025.<\/span><br \/>\nVerfallsdatum: <span data-sheets-root=\"1\" data-sheets-value=\"{\" data-sheets-userformat=\"{\">10.2028.<\/span><\/p>\n","protected":false},"excerpt":{"rendered":"<p>DOSIERUNG: Methyl-1-Testosteron 10mg\/Tab PACKUNGSINHALT: 1 satchet, 50 Tabs, 10mg pro Tab WAS IST ES: Es ist ein synthetisches und oral aktives anabol-androgenes Steroid, das nie f\u00fcr den medizinischen Gebrauch vermarktet wurde. Es ist das 17\u03b1-Methylderivat von 1-Testosteron (\u03941-DHT; Dihydroboldenon). WIE ZU VERWENDEN: Da es sich um ein Steroid handelt, das nie therapeutisch verwendet wurde, basieren&hellip;<\/p>\n","protected":false},"featured_media":76290,"comment_status":"open","ping_status":"closed","template":"","meta":[],"product_cat":[156,175],"product_tag":[],"yoast_head":"<!-- This site is optimized with the Yoast SEO plugin v23.0 - https:\/\/yoast.com\/wordpress\/plugins\/seo\/ -->\n<title>Methyl-1-Testosteron - Astera Labs<\/title>\n<meta name=\"robots\" content=\"index, follow, max-snippet:-1, max-image-preview:large, max-video-preview:-1\" \/>\n<link rel=\"canonical\" href=\"https:\/\/asteralabs.org\/de\/product\/methyl-1-testosteron\/\" \/>\n<meta property=\"og:locale\" content=\"de_DE\" \/>\n<meta property=\"og:type\" content=\"article\" \/>\n<meta property=\"og:title\" content=\"Methyl-1-Testosteron - Astera Labs\" \/>\n<meta property=\"og:description\" content=\"DOSIERUNG: Methyl-1-Testosteron 10mg\/Tab PACKUNGSINHALT: 1 satchet, 50 Tabs, 10mg pro Tab WAS IST ES: Es ist ein synthetisches und oral aktives anabol-androgenes Steroid, das nie f\u00fcr den medizinischen Gebrauch vermarktet wurde. Es ist das 17\u03b1-Methylderivat von 1-Testosteron (\u03941-DHT; Dihydroboldenon). WIE ZU VERWENDEN: Da es sich um ein Steroid handelt, das nie therapeutisch verwendet wurde, basieren&hellip;\" \/>\n<meta property=\"og:url\" content=\"https:\/\/asteralabs.org\/de\/product\/methyl-1-testosteron\/\" \/>\n<meta property=\"og:site_name\" content=\"Astera Labs\" \/>\n<meta property=\"article:modified_time\" content=\"2026-01-16T09:52:20+00:00\" \/>\n<meta property=\"og:image\" content=\"https:\/\/asteralabs.org\/wp-content\/uploads\/2023\/01\/Methyl-1-testosterone-mockup-nbg.png\" \/>\n\t<meta property=\"og:image:width\" content=\"2000\" \/>\n\t<meta property=\"og:image:height\" content=\"2000\" \/>\n\t<meta property=\"og:image:type\" content=\"image\/png\" \/>\n<meta name=\"twitter:card\" content=\"summary_large_image\" \/>\n<script type=\"application\/ld+json\" class=\"yoast-schema-graph\">{\"@context\":\"https:\/\/schema.org\",\"@graph\":[{\"@type\":\"WebPage\",\"@id\":\"https:\/\/asteralabs.org\/de\/product\/methyl-1-testosteron\/\",\"url\":\"https:\/\/asteralabs.org\/de\/product\/methyl-1-testosteron\/\",\"name\":\"Methyl-1-Testosteron - Astera Labs\",\"isPartOf\":{\"@id\":\"https:\/\/asteralabs.org\/de\/#website\"},\"primaryImageOfPage\":{\"@id\":\"https:\/\/asteralabs.org\/de\/product\/methyl-1-testosteron\/#primaryimage\"},\"image\":{\"@id\":\"https:\/\/asteralabs.org\/de\/product\/methyl-1-testosteron\/#primaryimage\"},\"thumbnailUrl\":\"https:\/\/asteralabs.org\/wp-content\/uploads\/2023\/01\/Methyl-1-testosterone-mockup-nbg.png\",\"datePublished\":\"2023-01-10T22:55:43+00:00\",\"dateModified\":\"2026-01-16T09:52:20+00:00\",\"breadcrumb\":{\"@id\":\"https:\/\/asteralabs.org\/de\/product\/methyl-1-testosteron\/#breadcrumb\"},\"inLanguage\":\"de-DE\",\"potentialAction\":[{\"@type\":\"ReadAction\",\"target\":[\"https:\/\/asteralabs.org\/de\/product\/methyl-1-testosteron\/\"]}]},{\"@type\":\"ImageObject\",\"inLanguage\":\"de-DE\",\"@id\":\"https:\/\/asteralabs.org\/de\/product\/methyl-1-testosteron\/#primaryimage\",\"url\":\"https:\/\/asteralabs.org\/wp-content\/uploads\/2023\/01\/Methyl-1-testosterone-mockup-nbg.png\",\"contentUrl\":\"https:\/\/asteralabs.org\/wp-content\/uploads\/2023\/01\/Methyl-1-testosterone-mockup-nbg.png\",\"width\":2000,\"height\":2000},{\"@type\":\"BreadcrumbList\",\"@id\":\"https:\/\/asteralabs.org\/de\/product\/methyl-1-testosteron\/#breadcrumb\",\"itemListElement\":[{\"@type\":\"ListItem\",\"position\":1,\"name\":\"Home\",\"item\":\"https:\/\/asteralabs.org\/de\/\"},{\"@type\":\"ListItem\",\"position\":2,\"name\":\"Shop\",\"item\":\"https:\/\/asteralabs.org\/shop\/\"},{\"@type\":\"ListItem\",\"position\":3,\"name\":\"Methyl-1-Testosteron\"}]},{\"@type\":\"WebSite\",\"@id\":\"https:\/\/asteralabs.org\/de\/#website\",\"url\":\"https:\/\/asteralabs.org\/de\/\",\"name\":\"Astera Labs\",\"description\":\"Improve Your Quality Of Life\",\"publisher\":{\"@id\":\"https:\/\/asteralabs.org\/de\/#organization\"},\"potentialAction\":[{\"@type\":\"SearchAction\",\"target\":{\"@type\":\"EntryPoint\",\"urlTemplate\":\"https:\/\/asteralabs.org\/de\/?s={search_term_string}\"},\"query-input\":\"required name=search_term_string\"}],\"inLanguage\":\"de-DE\"},{\"@type\":\"Organization\",\"@id\":\"https:\/\/asteralabs.org\/de\/#organization\",\"name\":\"Astera Labs\",\"url\":\"https:\/\/asteralabs.org\/de\/\",\"logo\":{\"@type\":\"ImageObject\",\"inLanguage\":\"de-DE\",\"@id\":\"https:\/\/asteralabs.org\/de\/#\/schema\/logo\/image\/\",\"url\":\"https:\/\/asteralabs.org\/wp-content\/uploads\/2022\/12\/astera-2.png\",\"contentUrl\":\"https:\/\/asteralabs.org\/wp-content\/uploads\/2022\/12\/astera-2.png\",\"width\":437,\"height\":111,\"caption\":\"Astera Labs\"},\"image\":{\"@id\":\"https:\/\/asteralabs.org\/de\/#\/schema\/logo\/image\/\"}}]}<\/script>\n<!-- \/ Yoast SEO plugin. -->","yoast_head_json":{"title":"Methyl-1-Testosteron - Astera Labs","robots":{"index":"index","follow":"follow","max-snippet":"max-snippet:-1","max-image-preview":"max-image-preview:large","max-video-preview":"max-video-preview:-1"},"canonical":"https:\/\/asteralabs.org\/de\/product\/methyl-1-testosteron\/","og_locale":"de_DE","og_type":"article","og_title":"Methyl-1-Testosteron - Astera Labs","og_description":"DOSIERUNG: Methyl-1-Testosteron 10mg\/Tab PACKUNGSINHALT: 1 satchet, 50 Tabs, 10mg pro Tab WAS IST ES: Es ist ein synthetisches und oral aktives anabol-androgenes Steroid, das nie f\u00fcr den medizinischen Gebrauch vermarktet wurde. Es ist das 17\u03b1-Methylderivat von 1-Testosteron (\u03941-DHT; Dihydroboldenon). WIE ZU VERWENDEN: Da es sich um ein Steroid handelt, das nie therapeutisch verwendet wurde, basieren&hellip;","og_url":"https:\/\/asteralabs.org\/de\/product\/methyl-1-testosteron\/","og_site_name":"Astera Labs","article_modified_time":"2026-01-16T09:52:20+00:00","og_image":[{"width":2000,"height":2000,"url":"https:\/\/asteralabs.org\/wp-content\/uploads\/2023\/01\/Methyl-1-testosterone-mockup-nbg.png","type":"image\/png"}],"twitter_card":"summary_large_image","schema":{"@context":"https:\/\/schema.org","@graph":[{"@type":"WebPage","@id":"https:\/\/asteralabs.org\/de\/product\/methyl-1-testosteron\/","url":"https:\/\/asteralabs.org\/de\/product\/methyl-1-testosteron\/","name":"Methyl-1-Testosteron - Astera Labs","isPartOf":{"@id":"https:\/\/asteralabs.org\/de\/#website"},"primaryImageOfPage":{"@id":"https:\/\/asteralabs.org\/de\/product\/methyl-1-testosteron\/#primaryimage"},"image":{"@id":"https:\/\/asteralabs.org\/de\/product\/methyl-1-testosteron\/#primaryimage"},"thumbnailUrl":"https:\/\/asteralabs.org\/wp-content\/uploads\/2023\/01\/Methyl-1-testosterone-mockup-nbg.png","datePublished":"2023-01-10T22:55:43+00:00","dateModified":"2026-01-16T09:52:20+00:00","breadcrumb":{"@id":"https:\/\/asteralabs.org\/de\/product\/methyl-1-testosteron\/#breadcrumb"},"inLanguage":"de-DE","potentialAction":[{"@type":"ReadAction","target":["https:\/\/asteralabs.org\/de\/product\/methyl-1-testosteron\/"]}]},{"@type":"ImageObject","inLanguage":"de-DE","@id":"https:\/\/asteralabs.org\/de\/product\/methyl-1-testosteron\/#primaryimage","url":"https:\/\/asteralabs.org\/wp-content\/uploads\/2023\/01\/Methyl-1-testosterone-mockup-nbg.png","contentUrl":"https:\/\/asteralabs.org\/wp-content\/uploads\/2023\/01\/Methyl-1-testosterone-mockup-nbg.png","width":2000,"height":2000},{"@type":"BreadcrumbList","@id":"https:\/\/asteralabs.org\/de\/product\/methyl-1-testosteron\/#breadcrumb","itemListElement":[{"@type":"ListItem","position":1,"name":"Home","item":"https:\/\/asteralabs.org\/de\/"},{"@type":"ListItem","position":2,"name":"Shop","item":"https:\/\/asteralabs.org\/shop\/"},{"@type":"ListItem","position":3,"name":"Methyl-1-Testosteron"}]},{"@type":"WebSite","@id":"https:\/\/asteralabs.org\/de\/#website","url":"https:\/\/asteralabs.org\/de\/","name":"Astera Labs","description":"Improve Your Quality Of Life","publisher":{"@id":"https:\/\/asteralabs.org\/de\/#organization"},"potentialAction":[{"@type":"SearchAction","target":{"@type":"EntryPoint","urlTemplate":"https:\/\/asteralabs.org\/de\/?s={search_term_string}"},"query-input":"required name=search_term_string"}],"inLanguage":"de-DE"},{"@type":"Organization","@id":"https:\/\/asteralabs.org\/de\/#organization","name":"Astera Labs","url":"https:\/\/asteralabs.org\/de\/","logo":{"@type":"ImageObject","inLanguage":"de-DE","@id":"https:\/\/asteralabs.org\/de\/#\/schema\/logo\/image\/","url":"https:\/\/asteralabs.org\/wp-content\/uploads\/2022\/12\/astera-2.png","contentUrl":"https:\/\/asteralabs.org\/wp-content\/uploads\/2022\/12\/astera-2.png","width":437,"height":111,"caption":"Astera Labs"},"image":{"@id":"https:\/\/asteralabs.org\/de\/#\/schema\/logo\/image\/"}}]}},"_links":{"self":[{"href":"https:\/\/asteralabs.org\/de\/wp-json\/wp\/v2\/product\/78179"}],"collection":[{"href":"https:\/\/asteralabs.org\/de\/wp-json\/wp\/v2\/product"}],"about":[{"href":"https:\/\/asteralabs.org\/de\/wp-json\/wp\/v2\/types\/product"}],"replies":[{"embeddable":true,"href":"https:\/\/asteralabs.org\/de\/wp-json\/wp\/v2\/comments?post=78179"}],"version-history":[{"count":0,"href":"https:\/\/asteralabs.org\/de\/wp-json\/wp\/v2\/product\/78179\/revisions"}],"wp:featuredmedia":[{"embeddable":true,"href":"https:\/\/asteralabs.org\/de\/wp-json\/wp\/v2\/media\/76290"}],"wp:attachment":[{"href":"https:\/\/asteralabs.org\/de\/wp-json\/wp\/v2\/media?parent=78179"}],"wp:term":[{"taxonomy":"product_cat","embeddable":true,"href":"https:\/\/asteralabs.org\/de\/wp-json\/wp\/v2\/product_cat?post=78179"},{"taxonomy":"product_tag","embeddable":true,"href":"https:\/\/asteralabs.org\/de\/wp-json\/wp\/v2\/product_tag?post=78179"}],"curies":[{"name":"wp","href":"https:\/\/api.w.org\/{rel}","templated":true}]}}