{"id":78191,"date":"2023-01-10T22:53:33","date_gmt":"2023-01-10T22:53:33","guid":{"rendered":"https:\/\/asteralabs.org\/product\/liothyronin-natrium-t3\/"},"modified":"2026-01-16T09:23:33","modified_gmt":"2026-01-16T09:23:33","slug":"liothyronin-natrium-t3","status":"publish","type":"product","link":"https:\/\/asteralabs.org\/de\/product\/liothyronin-natrium-t3\/","title":{"rendered":"Liothyronin-Natrium (T3)"},"content":{"rendered":"<p><strong>DOSIERUNG: <\/strong><br \/>\nLiothyronin-Natrium (T3) 25mcg\/Tablette <strong>VERPACKUNGSINHALT: <\/strong><br \/>\n1 Riegel, 50 Tabletten, 25mcg pro Tablette <strong>WAS IST ES: <\/strong><br \/>\nTrijodthyronin, auch bekannt als T3, ist ein Schilddr\u00fcsenhormon. Es beeinflusst fast alle physiologischen Prozesse im K\u00f6rper, einschlie\u00dflich Wachstum und Entwicklung, Stoffwechsel, K\u00f6rpertemperatur und Herzfrequenz. Es wird verwendet, um den Grundumsatz zu erh\u00f6hen und so den Gewichts- und Fettabbau zu f\u00f6rdern. <strong>WIE ANZUWENDEN: <\/strong><br \/>\nWenn wir den Grundumsatz signifikant erh\u00f6hen wollen, betr\u00e4gt die Dosis 62,5 mg t\u00e4glich. Niedrigere Dosen sind m\u00f6glich, aber klinischen Studien zufolge sollte dies die beste Dosis f\u00fcr diejenigen sein, die eine Ver\u00e4nderung anstreben.<br \/>\nDie Dosis wird einmal t\u00e4glich auf n\u00fcchternen Magen eingenommen.<\/p>\n<p><strong>BATCH INFORMATIONEN:<br \/>\n<\/strong>Chargennummer: <span data-sheets-root=\"1\" data-sheets-value=\"{\" data-sheets-userformat=\"{\">ZD82095<\/span><br \/>\nHerstellungsdatum: <span data-sheets-root=\"1\" data-sheets-value=\"{\" data-sheets-userformat=\"{\">10.2025.<\/span><br \/>\nVerfallsdatum: <span data-sheets-root=\"1\" data-sheets-value=\"{\" data-sheets-userformat=\"{\">10.2028.<\/span><\/p>\n","protected":false},"excerpt":{"rendered":"<p>DOSIERUNG: Liothyronin-Natrium (T3) 25mcg\/Tablette VERPACKUNGSINHALT: 1 Riegel, 50 Tabletten, 25mcg pro Tablette WAS IST ES: Trijodthyronin, auch bekannt als T3, ist ein Schilddr\u00fcsenhormon. Es beeinflusst fast alle physiologischen Prozesse im K\u00f6rper, einschlie\u00dflich Wachstum und Entwicklung, Stoffwechsel, K\u00f6rpertemperatur und Herzfrequenz. Es wird verwendet, um den Grundumsatz zu erh\u00f6hen und so den Gewichts- und Fettabbau zu f\u00f6rdern.&hellip;<\/p>\n","protected":false},"featured_media":76074,"comment_status":"open","ping_status":"closed","template":"","meta":[],"product_cat":[156,175],"product_tag":[],"yoast_head":"<!-- This site is optimized with the Yoast SEO plugin v23.0 - https:\/\/yoast.com\/wordpress\/plugins\/seo\/ -->\n<title>Liothyronin-Natrium (T3) - Astera Labs<\/title>\n<meta name=\"robots\" content=\"index, follow, max-snippet:-1, max-image-preview:large, max-video-preview:-1\" \/>\n<link rel=\"canonical\" href=\"https:\/\/asteralabs.org\/de\/product\/liothyronin-natrium-t3\/\" \/>\n<meta property=\"og:locale\" content=\"de_DE\" \/>\n<meta property=\"og:type\" content=\"article\" \/>\n<meta property=\"og:title\" content=\"Liothyronin-Natrium (T3) - Astera Labs\" \/>\n<meta property=\"og:description\" content=\"DOSIERUNG: Liothyronin-Natrium (T3) 25mcg\/Tablette VERPACKUNGSINHALT: 1 Riegel, 50 Tabletten, 25mcg pro Tablette WAS IST ES: Trijodthyronin, auch bekannt als T3, ist ein Schilddr\u00fcsenhormon. Es beeinflusst fast alle physiologischen Prozesse im K\u00f6rper, einschlie\u00dflich Wachstum und Entwicklung, Stoffwechsel, K\u00f6rpertemperatur und Herzfrequenz. Es wird verwendet, um den Grundumsatz zu erh\u00f6hen und so den Gewichts- und Fettabbau zu f\u00f6rdern.&hellip;\" \/>\n<meta property=\"og:url\" content=\"https:\/\/asteralabs.org\/de\/product\/liothyronin-natrium-t3\/\" \/>\n<meta property=\"og:site_name\" content=\"Astera Labs\" \/>\n<meta property=\"article:modified_time\" content=\"2026-01-16T09:23:33+00:00\" \/>\n<meta property=\"og:image\" content=\"https:\/\/asteralabs.org\/wp-content\/uploads\/2023\/01\/T3-mockup-nbg.png\" \/>\n\t<meta property=\"og:image:width\" content=\"2000\" \/>\n\t<meta property=\"og:image:height\" content=\"2000\" \/>\n\t<meta property=\"og:image:type\" content=\"image\/png\" \/>\n<meta name=\"twitter:card\" content=\"summary_large_image\" \/>\n<script type=\"application\/ld+json\" class=\"yoast-schema-graph\">{\"@context\":\"https:\/\/schema.org\",\"@graph\":[{\"@type\":\"WebPage\",\"@id\":\"https:\/\/asteralabs.org\/de\/product\/liothyronin-natrium-t3\/\",\"url\":\"https:\/\/asteralabs.org\/de\/product\/liothyronin-natrium-t3\/\",\"name\":\"Liothyronin-Natrium (T3) - Astera Labs\",\"isPartOf\":{\"@id\":\"https:\/\/asteralabs.org\/de\/#website\"},\"primaryImageOfPage\":{\"@id\":\"https:\/\/asteralabs.org\/de\/product\/liothyronin-natrium-t3\/#primaryimage\"},\"image\":{\"@id\":\"https:\/\/asteralabs.org\/de\/product\/liothyronin-natrium-t3\/#primaryimage\"},\"thumbnailUrl\":\"https:\/\/asteralabs.org\/wp-content\/uploads\/2023\/01\/T3-mockup-nbg.png\",\"datePublished\":\"2023-01-10T22:53:33+00:00\",\"dateModified\":\"2026-01-16T09:23:33+00:00\",\"breadcrumb\":{\"@id\":\"https:\/\/asteralabs.org\/de\/product\/liothyronin-natrium-t3\/#breadcrumb\"},\"inLanguage\":\"de-DE\",\"potentialAction\":[{\"@type\":\"ReadAction\",\"target\":[\"https:\/\/asteralabs.org\/de\/product\/liothyronin-natrium-t3\/\"]}]},{\"@type\":\"ImageObject\",\"inLanguage\":\"de-DE\",\"@id\":\"https:\/\/asteralabs.org\/de\/product\/liothyronin-natrium-t3\/#primaryimage\",\"url\":\"https:\/\/asteralabs.org\/wp-content\/uploads\/2023\/01\/T3-mockup-nbg.png\",\"contentUrl\":\"https:\/\/asteralabs.org\/wp-content\/uploads\/2023\/01\/T3-mockup-nbg.png\",\"width\":2000,\"height\":2000},{\"@type\":\"BreadcrumbList\",\"@id\":\"https:\/\/asteralabs.org\/de\/product\/liothyronin-natrium-t3\/#breadcrumb\",\"itemListElement\":[{\"@type\":\"ListItem\",\"position\":1,\"name\":\"Home\",\"item\":\"https:\/\/asteralabs.org\/de\/\"},{\"@type\":\"ListItem\",\"position\":2,\"name\":\"Shop\",\"item\":\"https:\/\/asteralabs.org\/shop\/\"},{\"@type\":\"ListItem\",\"position\":3,\"name\":\"Liothyronin-Natrium (T3)\"}]},{\"@type\":\"WebSite\",\"@id\":\"https:\/\/asteralabs.org\/de\/#website\",\"url\":\"https:\/\/asteralabs.org\/de\/\",\"name\":\"Astera Labs\",\"description\":\"Improve Your Quality Of Life\",\"publisher\":{\"@id\":\"https:\/\/asteralabs.org\/de\/#organization\"},\"potentialAction\":[{\"@type\":\"SearchAction\",\"target\":{\"@type\":\"EntryPoint\",\"urlTemplate\":\"https:\/\/asteralabs.org\/de\/?s={search_term_string}\"},\"query-input\":\"required name=search_term_string\"}],\"inLanguage\":\"de-DE\"},{\"@type\":\"Organization\",\"@id\":\"https:\/\/asteralabs.org\/de\/#organization\",\"name\":\"Astera Labs\",\"url\":\"https:\/\/asteralabs.org\/de\/\",\"logo\":{\"@type\":\"ImageObject\",\"inLanguage\":\"de-DE\",\"@id\":\"https:\/\/asteralabs.org\/de\/#\/schema\/logo\/image\/\",\"url\":\"https:\/\/asteralabs.org\/wp-content\/uploads\/2022\/12\/astera-2.png\",\"contentUrl\":\"https:\/\/asteralabs.org\/wp-content\/uploads\/2022\/12\/astera-2.png\",\"width\":437,\"height\":111,\"caption\":\"Astera Labs\"},\"image\":{\"@id\":\"https:\/\/asteralabs.org\/de\/#\/schema\/logo\/image\/\"}}]}<\/script>\n<!-- \/ Yoast SEO plugin. -->","yoast_head_json":{"title":"Liothyronin-Natrium (T3) - Astera Labs","robots":{"index":"index","follow":"follow","max-snippet":"max-snippet:-1","max-image-preview":"max-image-preview:large","max-video-preview":"max-video-preview:-1"},"canonical":"https:\/\/asteralabs.org\/de\/product\/liothyronin-natrium-t3\/","og_locale":"de_DE","og_type":"article","og_title":"Liothyronin-Natrium (T3) - Astera Labs","og_description":"DOSIERUNG: Liothyronin-Natrium (T3) 25mcg\/Tablette VERPACKUNGSINHALT: 1 Riegel, 50 Tabletten, 25mcg pro Tablette WAS IST ES: Trijodthyronin, auch bekannt als T3, ist ein Schilddr\u00fcsenhormon. Es beeinflusst fast alle physiologischen Prozesse im K\u00f6rper, einschlie\u00dflich Wachstum und Entwicklung, Stoffwechsel, K\u00f6rpertemperatur und Herzfrequenz. Es wird verwendet, um den Grundumsatz zu erh\u00f6hen und so den Gewichts- und Fettabbau zu f\u00f6rdern.&hellip;","og_url":"https:\/\/asteralabs.org\/de\/product\/liothyronin-natrium-t3\/","og_site_name":"Astera Labs","article_modified_time":"2026-01-16T09:23:33+00:00","og_image":[{"width":2000,"height":2000,"url":"https:\/\/asteralabs.org\/wp-content\/uploads\/2023\/01\/T3-mockup-nbg.png","type":"image\/png"}],"twitter_card":"summary_large_image","schema":{"@context":"https:\/\/schema.org","@graph":[{"@type":"WebPage","@id":"https:\/\/asteralabs.org\/de\/product\/liothyronin-natrium-t3\/","url":"https:\/\/asteralabs.org\/de\/product\/liothyronin-natrium-t3\/","name":"Liothyronin-Natrium (T3) - Astera Labs","isPartOf":{"@id":"https:\/\/asteralabs.org\/de\/#website"},"primaryImageOfPage":{"@id":"https:\/\/asteralabs.org\/de\/product\/liothyronin-natrium-t3\/#primaryimage"},"image":{"@id":"https:\/\/asteralabs.org\/de\/product\/liothyronin-natrium-t3\/#primaryimage"},"thumbnailUrl":"https:\/\/asteralabs.org\/wp-content\/uploads\/2023\/01\/T3-mockup-nbg.png","datePublished":"2023-01-10T22:53:33+00:00","dateModified":"2026-01-16T09:23:33+00:00","breadcrumb":{"@id":"https:\/\/asteralabs.org\/de\/product\/liothyronin-natrium-t3\/#breadcrumb"},"inLanguage":"de-DE","potentialAction":[{"@type":"ReadAction","target":["https:\/\/asteralabs.org\/de\/product\/liothyronin-natrium-t3\/"]}]},{"@type":"ImageObject","inLanguage":"de-DE","@id":"https:\/\/asteralabs.org\/de\/product\/liothyronin-natrium-t3\/#primaryimage","url":"https:\/\/asteralabs.org\/wp-content\/uploads\/2023\/01\/T3-mockup-nbg.png","contentUrl":"https:\/\/asteralabs.org\/wp-content\/uploads\/2023\/01\/T3-mockup-nbg.png","width":2000,"height":2000},{"@type":"BreadcrumbList","@id":"https:\/\/asteralabs.org\/de\/product\/liothyronin-natrium-t3\/#breadcrumb","itemListElement":[{"@type":"ListItem","position":1,"name":"Home","item":"https:\/\/asteralabs.org\/de\/"},{"@type":"ListItem","position":2,"name":"Shop","item":"https:\/\/asteralabs.org\/shop\/"},{"@type":"ListItem","position":3,"name":"Liothyronin-Natrium (T3)"}]},{"@type":"WebSite","@id":"https:\/\/asteralabs.org\/de\/#website","url":"https:\/\/asteralabs.org\/de\/","name":"Astera Labs","description":"Improve Your Quality Of Life","publisher":{"@id":"https:\/\/asteralabs.org\/de\/#organization"},"potentialAction":[{"@type":"SearchAction","target":{"@type":"EntryPoint","urlTemplate":"https:\/\/asteralabs.org\/de\/?s={search_term_string}"},"query-input":"required name=search_term_string"}],"inLanguage":"de-DE"},{"@type":"Organization","@id":"https:\/\/asteralabs.org\/de\/#organization","name":"Astera Labs","url":"https:\/\/asteralabs.org\/de\/","logo":{"@type":"ImageObject","inLanguage":"de-DE","@id":"https:\/\/asteralabs.org\/de\/#\/schema\/logo\/image\/","url":"https:\/\/asteralabs.org\/wp-content\/uploads\/2022\/12\/astera-2.png","contentUrl":"https:\/\/asteralabs.org\/wp-content\/uploads\/2022\/12\/astera-2.png","width":437,"height":111,"caption":"Astera Labs"},"image":{"@id":"https:\/\/asteralabs.org\/de\/#\/schema\/logo\/image\/"}}]}},"_links":{"self":[{"href":"https:\/\/asteralabs.org\/de\/wp-json\/wp\/v2\/product\/78191"}],"collection":[{"href":"https:\/\/asteralabs.org\/de\/wp-json\/wp\/v2\/product"}],"about":[{"href":"https:\/\/asteralabs.org\/de\/wp-json\/wp\/v2\/types\/product"}],"replies":[{"embeddable":true,"href":"https:\/\/asteralabs.org\/de\/wp-json\/wp\/v2\/comments?post=78191"}],"version-history":[{"count":0,"href":"https:\/\/asteralabs.org\/de\/wp-json\/wp\/v2\/product\/78191\/revisions"}],"wp:featuredmedia":[{"embeddable":true,"href":"https:\/\/asteralabs.org\/de\/wp-json\/wp\/v2\/media\/76074"}],"wp:attachment":[{"href":"https:\/\/asteralabs.org\/de\/wp-json\/wp\/v2\/media?parent=78191"}],"wp:term":[{"taxonomy":"product_cat","embeddable":true,"href":"https:\/\/asteralabs.org\/de\/wp-json\/wp\/v2\/product_cat?post=78191"},{"taxonomy":"product_tag","embeddable":true,"href":"https:\/\/asteralabs.org\/de\/wp-json\/wp\/v2\/product_tag?post=78191"}],"curies":[{"name":"wp","href":"https:\/\/api.w.org\/{rel}","templated":true}]}}