{"id":78197,"date":"2023-01-10T22:52:49","date_gmt":"2023-01-10T22:52:49","guid":{"rendered":"https:\/\/asteralabs.org\/product\/17a-methyltestosteron\/"},"modified":"2026-01-16T08:04:09","modified_gmt":"2026-01-16T08:04:09","slug":"17a-methyltestosteron","status":"publish","type":"product","link":"https:\/\/asteralabs.org\/de\/product\/17a-methyltestosteron\/","title":{"rendered":"17a-Methyltestosteron"},"content":{"rendered":"\t\t<div data-elementor-type=\"product-post\" data-elementor-id=\"78197\" class=\"elementor elementor-78197 elementor-72857\" data-elementor-post-type=\"product\">\n\t\t\t\t\t\t\t\t\t<section class=\"elementor-section elementor-top-section elementor-element elementor-element-40dc6044 elementor-section-boxed elementor-section-height-default elementor-section-height-default\" data-id=\"40dc6044\" data-element_type=\"section\">\n\t\t\t\t\t\t<div class=\"elementor-container elementor-column-gap-default\">\n\t\t\t\t\t<div class=\"elementor-column elementor-col-100 elementor-top-column elementor-element elementor-element-4d08dd5d\" data-id=\"4d08dd5d\" data-element_type=\"column\">\n\t\t\t<div class=\"elementor-widget-wrap elementor-element-populated\">\n\t\t\t\t\t\t\t\t<div class=\"elementor-element elementor-element-36f0b565 elementor-widget elementor-widget-text-editor\" data-id=\"36f0b565\" data-element_type=\"widget\" data-widget_type=\"text-editor.default\">\n\t\t\t\t<div class=\"elementor-widget-container\">\n\t\t\t\t\t\t\t<p><strong>DOSIERUNG: <\/strong><br \/>17a-Methyltestosteron 25mg\/Tab <strong>VERPACKUNGSINHALT: <\/strong><br \/>1 Riegel, 100 Tabs, 25mg pro Tab <strong>WAS IST ES: <\/strong><br \/>ist ein Androgen und ein anaboles Steroidmedikament, das bei der Behandlung von niedrigen Testosteronspiegeln bei M\u00e4nnern, verz\u00f6gerter Pubert\u00e4t bei Jungen, in niedrigen Dosen als Bestandteil der Hormontherapie in den Wechseljahren zur Behandlung von Wechseljahrsbeschwerden wie Hitzewallungen, Osteoporose und geringem sexuellen Verlangen bei Frauen und zur Behandlung von Brustkrebs bei Frauen eingesetzt wird. <strong>WIE ANZUWENDEN: <\/strong><br \/>Anekdotische Hinweise sprechen f\u00fcr eine Einnahme von 25-50 mg, vorzugsweise \u00fcber kurze Zeitr\u00e4ume, unter Beachtung des \u00d6strogenspiegels und vorzugsweise vor dem Workout. <strong>BATCH INFORMATIONEN:<br \/><\/strong>Chargennummer: <span data-sheets-root=\"1\" data-sheets-value=\"{\" data-sheets-userformat=\"{\">GH32316<\/span><br \/>Herstellungsdatum: 10<span data-sheets-root=\"1\" data-sheets-value=\"{\" data-sheets-userformat=\"{\">.2025.<\/span><br \/>Verfallsdatum: 10<span data-sheets-root=\"1\" data-sheets-value=\"{\" data-sheets-userformat=\"{\">.2028.<\/span><\/p>\t\t\t\t\t\t<\/div>\n\t\t\t\t<\/div>\n\t\t\t\t\t<\/div>\n\t\t<\/div>\n\t\t\t\t\t\t\t<\/div>\n\t\t<\/section>\n\t\t\t\t\t\t\t<\/div>\n\t\t","protected":false},"excerpt":{"rendered":"<p>DOSIERUNG: 17a-Methyltestosteron 25mg\/Tab VERPACKUNGSINHALT: 1 Riegel, 100 Tabs, 25mg pro Tab WAS IST ES: ist ein Androgen und ein anaboles Steroidmedikament, das bei der Behandlung von niedrigen Testosteronspiegeln bei M\u00e4nnern, verz\u00f6gerter Pubert\u00e4t bei Jungen, in niedrigen Dosen als Bestandteil der Hormontherapie in den Wechseljahren zur Behandlung von Wechseljahrsbeschwerden wie Hitzewallungen, Osteoporose und geringem sexuellen Verlangen&hellip;<\/p>\n","protected":false},"featured_media":76202,"comment_status":"open","ping_status":"closed","template":"","meta":[],"product_cat":[156,175],"product_tag":[],"yoast_head":"<!-- This site is optimized with the Yoast SEO plugin v23.0 - https:\/\/yoast.com\/wordpress\/plugins\/seo\/ -->\n<title>17a-Methyltestosteron - Astera Labs<\/title>\n<meta name=\"robots\" content=\"index, follow, max-snippet:-1, max-image-preview:large, max-video-preview:-1\" \/>\n<link rel=\"canonical\" href=\"https:\/\/asteralabs.org\/de\/product\/17a-methyltestosteron\/\" \/>\n<meta property=\"og:locale\" content=\"de_DE\" \/>\n<meta property=\"og:type\" content=\"article\" \/>\n<meta property=\"og:title\" content=\"17a-Methyltestosteron - Astera Labs\" \/>\n<meta property=\"og:description\" content=\"DOSIERUNG: 17a-Methyltestosteron 25mg\/Tab VERPACKUNGSINHALT: 1 Riegel, 100 Tabs, 25mg pro Tab WAS IST ES: ist ein Androgen und ein anaboles Steroidmedikament, das bei der Behandlung von niedrigen Testosteronspiegeln bei M\u00e4nnern, verz\u00f6gerter Pubert\u00e4t bei Jungen, in niedrigen Dosen als Bestandteil der Hormontherapie in den Wechseljahren zur Behandlung von Wechseljahrsbeschwerden wie Hitzewallungen, Osteoporose und geringem sexuellen Verlangen&hellip;\" \/>\n<meta property=\"og:url\" content=\"https:\/\/asteralabs.org\/de\/product\/17a-methyltestosteron\/\" \/>\n<meta property=\"og:site_name\" content=\"Astera Labs\" \/>\n<meta property=\"article:modified_time\" content=\"2026-01-16T08:04:09+00:00\" \/>\n<meta property=\"og:image\" content=\"https:\/\/asteralabs.org\/wp-content\/uploads\/2023\/01\/17\u03b1-Methyltestosterone-mockup-nbg.png\" \/>\n\t<meta property=\"og:image:width\" content=\"2000\" \/>\n\t<meta property=\"og:image:height\" content=\"2000\" \/>\n\t<meta property=\"og:image:type\" content=\"image\/png\" \/>\n<meta name=\"twitter:card\" content=\"summary_large_image\" \/>\n<script type=\"application\/ld+json\" class=\"yoast-schema-graph\">{\"@context\":\"https:\/\/schema.org\",\"@graph\":[{\"@type\":\"WebPage\",\"@id\":\"https:\/\/asteralabs.org\/de\/product\/17a-methyltestosteron\/\",\"url\":\"https:\/\/asteralabs.org\/de\/product\/17a-methyltestosteron\/\",\"name\":\"17a-Methyltestosteron - Astera Labs\",\"isPartOf\":{\"@id\":\"https:\/\/asteralabs.org\/de\/#website\"},\"primaryImageOfPage\":{\"@id\":\"https:\/\/asteralabs.org\/de\/product\/17a-methyltestosteron\/#primaryimage\"},\"image\":{\"@id\":\"https:\/\/asteralabs.org\/de\/product\/17a-methyltestosteron\/#primaryimage\"},\"thumbnailUrl\":\"https:\/\/asteralabs.org\/wp-content\/uploads\/2023\/01\/17\u03b1-Methyltestosterone-mockup-nbg.png\",\"datePublished\":\"2023-01-10T22:52:49+00:00\",\"dateModified\":\"2026-01-16T08:04:09+00:00\",\"breadcrumb\":{\"@id\":\"https:\/\/asteralabs.org\/de\/product\/17a-methyltestosteron\/#breadcrumb\"},\"inLanguage\":\"de-DE\",\"potentialAction\":[{\"@type\":\"ReadAction\",\"target\":[\"https:\/\/asteralabs.org\/de\/product\/17a-methyltestosteron\/\"]}]},{\"@type\":\"ImageObject\",\"inLanguage\":\"de-DE\",\"@id\":\"https:\/\/asteralabs.org\/de\/product\/17a-methyltestosteron\/#primaryimage\",\"url\":\"https:\/\/asteralabs.org\/wp-content\/uploads\/2023\/01\/17\u03b1-Methyltestosterone-mockup-nbg.png\",\"contentUrl\":\"https:\/\/asteralabs.org\/wp-content\/uploads\/2023\/01\/17\u03b1-Methyltestosterone-mockup-nbg.png\",\"width\":2000,\"height\":2000},{\"@type\":\"BreadcrumbList\",\"@id\":\"https:\/\/asteralabs.org\/de\/product\/17a-methyltestosteron\/#breadcrumb\",\"itemListElement\":[{\"@type\":\"ListItem\",\"position\":1,\"name\":\"Home\",\"item\":\"https:\/\/asteralabs.org\/de\/\"},{\"@type\":\"ListItem\",\"position\":2,\"name\":\"Shop\",\"item\":\"https:\/\/asteralabs.org\/shop\/\"},{\"@type\":\"ListItem\",\"position\":3,\"name\":\"17a-Methyltestosteron\"}]},{\"@type\":\"WebSite\",\"@id\":\"https:\/\/asteralabs.org\/de\/#website\",\"url\":\"https:\/\/asteralabs.org\/de\/\",\"name\":\"Astera Labs\",\"description\":\"Improve Your Quality Of Life\",\"publisher\":{\"@id\":\"https:\/\/asteralabs.org\/de\/#organization\"},\"potentialAction\":[{\"@type\":\"SearchAction\",\"target\":{\"@type\":\"EntryPoint\",\"urlTemplate\":\"https:\/\/asteralabs.org\/de\/?s={search_term_string}\"},\"query-input\":\"required name=search_term_string\"}],\"inLanguage\":\"de-DE\"},{\"@type\":\"Organization\",\"@id\":\"https:\/\/asteralabs.org\/de\/#organization\",\"name\":\"Astera Labs\",\"url\":\"https:\/\/asteralabs.org\/de\/\",\"logo\":{\"@type\":\"ImageObject\",\"inLanguage\":\"de-DE\",\"@id\":\"https:\/\/asteralabs.org\/de\/#\/schema\/logo\/image\/\",\"url\":\"https:\/\/asteralabs.org\/wp-content\/uploads\/2022\/12\/astera-2.png\",\"contentUrl\":\"https:\/\/asteralabs.org\/wp-content\/uploads\/2022\/12\/astera-2.png\",\"width\":437,\"height\":111,\"caption\":\"Astera Labs\"},\"image\":{\"@id\":\"https:\/\/asteralabs.org\/de\/#\/schema\/logo\/image\/\"}}]}<\/script>\n<!-- \/ Yoast SEO plugin. -->","yoast_head_json":{"title":"17a-Methyltestosteron - Astera Labs","robots":{"index":"index","follow":"follow","max-snippet":"max-snippet:-1","max-image-preview":"max-image-preview:large","max-video-preview":"max-video-preview:-1"},"canonical":"https:\/\/asteralabs.org\/de\/product\/17a-methyltestosteron\/","og_locale":"de_DE","og_type":"article","og_title":"17a-Methyltestosteron - Astera Labs","og_description":"DOSIERUNG: 17a-Methyltestosteron 25mg\/Tab VERPACKUNGSINHALT: 1 Riegel, 100 Tabs, 25mg pro Tab WAS IST ES: ist ein Androgen und ein anaboles Steroidmedikament, das bei der Behandlung von niedrigen Testosteronspiegeln bei M\u00e4nnern, verz\u00f6gerter Pubert\u00e4t bei Jungen, in niedrigen Dosen als Bestandteil der Hormontherapie in den Wechseljahren zur Behandlung von Wechseljahrsbeschwerden wie Hitzewallungen, Osteoporose und geringem sexuellen Verlangen&hellip;","og_url":"https:\/\/asteralabs.org\/de\/product\/17a-methyltestosteron\/","og_site_name":"Astera Labs","article_modified_time":"2026-01-16T08:04:09+00:00","og_image":[{"width":2000,"height":2000,"url":"https:\/\/asteralabs.org\/wp-content\/uploads\/2023\/01\/17\u03b1-Methyltestosterone-mockup-nbg.png","type":"image\/png"}],"twitter_card":"summary_large_image","schema":{"@context":"https:\/\/schema.org","@graph":[{"@type":"WebPage","@id":"https:\/\/asteralabs.org\/de\/product\/17a-methyltestosteron\/","url":"https:\/\/asteralabs.org\/de\/product\/17a-methyltestosteron\/","name":"17a-Methyltestosteron - Astera Labs","isPartOf":{"@id":"https:\/\/asteralabs.org\/de\/#website"},"primaryImageOfPage":{"@id":"https:\/\/asteralabs.org\/de\/product\/17a-methyltestosteron\/#primaryimage"},"image":{"@id":"https:\/\/asteralabs.org\/de\/product\/17a-methyltestosteron\/#primaryimage"},"thumbnailUrl":"https:\/\/asteralabs.org\/wp-content\/uploads\/2023\/01\/17\u03b1-Methyltestosterone-mockup-nbg.png","datePublished":"2023-01-10T22:52:49+00:00","dateModified":"2026-01-16T08:04:09+00:00","breadcrumb":{"@id":"https:\/\/asteralabs.org\/de\/product\/17a-methyltestosteron\/#breadcrumb"},"inLanguage":"de-DE","potentialAction":[{"@type":"ReadAction","target":["https:\/\/asteralabs.org\/de\/product\/17a-methyltestosteron\/"]}]},{"@type":"ImageObject","inLanguage":"de-DE","@id":"https:\/\/asteralabs.org\/de\/product\/17a-methyltestosteron\/#primaryimage","url":"https:\/\/asteralabs.org\/wp-content\/uploads\/2023\/01\/17\u03b1-Methyltestosterone-mockup-nbg.png","contentUrl":"https:\/\/asteralabs.org\/wp-content\/uploads\/2023\/01\/17\u03b1-Methyltestosterone-mockup-nbg.png","width":2000,"height":2000},{"@type":"BreadcrumbList","@id":"https:\/\/asteralabs.org\/de\/product\/17a-methyltestosteron\/#breadcrumb","itemListElement":[{"@type":"ListItem","position":1,"name":"Home","item":"https:\/\/asteralabs.org\/de\/"},{"@type":"ListItem","position":2,"name":"Shop","item":"https:\/\/asteralabs.org\/shop\/"},{"@type":"ListItem","position":3,"name":"17a-Methyltestosteron"}]},{"@type":"WebSite","@id":"https:\/\/asteralabs.org\/de\/#website","url":"https:\/\/asteralabs.org\/de\/","name":"Astera Labs","description":"Improve Your Quality Of Life","publisher":{"@id":"https:\/\/asteralabs.org\/de\/#organization"},"potentialAction":[{"@type":"SearchAction","target":{"@type":"EntryPoint","urlTemplate":"https:\/\/asteralabs.org\/de\/?s={search_term_string}"},"query-input":"required name=search_term_string"}],"inLanguage":"de-DE"},{"@type":"Organization","@id":"https:\/\/asteralabs.org\/de\/#organization","name":"Astera Labs","url":"https:\/\/asteralabs.org\/de\/","logo":{"@type":"ImageObject","inLanguage":"de-DE","@id":"https:\/\/asteralabs.org\/de\/#\/schema\/logo\/image\/","url":"https:\/\/asteralabs.org\/wp-content\/uploads\/2022\/12\/astera-2.png","contentUrl":"https:\/\/asteralabs.org\/wp-content\/uploads\/2022\/12\/astera-2.png","width":437,"height":111,"caption":"Astera Labs"},"image":{"@id":"https:\/\/asteralabs.org\/de\/#\/schema\/logo\/image\/"}}]}},"_links":{"self":[{"href":"https:\/\/asteralabs.org\/de\/wp-json\/wp\/v2\/product\/78197"}],"collection":[{"href":"https:\/\/asteralabs.org\/de\/wp-json\/wp\/v2\/product"}],"about":[{"href":"https:\/\/asteralabs.org\/de\/wp-json\/wp\/v2\/types\/product"}],"replies":[{"embeddable":true,"href":"https:\/\/asteralabs.org\/de\/wp-json\/wp\/v2\/comments?post=78197"}],"version-history":[{"count":0,"href":"https:\/\/asteralabs.org\/de\/wp-json\/wp\/v2\/product\/78197\/revisions"}],"wp:featuredmedia":[{"embeddable":true,"href":"https:\/\/asteralabs.org\/de\/wp-json\/wp\/v2\/media\/76202"}],"wp:attachment":[{"href":"https:\/\/asteralabs.org\/de\/wp-json\/wp\/v2\/media?parent=78197"}],"wp:term":[{"taxonomy":"product_cat","embeddable":true,"href":"https:\/\/asteralabs.org\/de\/wp-json\/wp\/v2\/product_cat?post=78197"},{"taxonomy":"product_tag","embeddable":true,"href":"https:\/\/asteralabs.org\/de\/wp-json\/wp\/v2\/product_tag?post=78197"}],"curies":[{"name":"wp","href":"https:\/\/api.w.org\/{rel}","templated":true}]}}