{"id":78203,"date":"2023-01-10T22:52:10","date_gmt":"2023-01-10T22:52:10","guid":{"rendered":"https:\/\/asteralabs.org\/product\/tamoxifen-zitrat\/"},"modified":"2026-01-15T13:10:46","modified_gmt":"2026-01-15T13:10:46","slug":"tamoxifen-zitrat","status":"publish","type":"product","link":"https:\/\/asteralabs.org\/de\/product\/tamoxifen-zitrat\/","title":{"rendered":"Tamoxifen-Zitrat"},"content":{"rendered":"<p><strong>DOSIERUNG: <\/strong><br \/>\nTamoxifencitrat 20mg\/Tablette <strong>VERPACKUNGSINHALT: <\/strong><br \/>\n1 Beutel, 50 Tabletten, 20mg pro Tablette <strong>WAS IST ES: <\/strong><br \/>\nTamoxifencitrat ist ein selektiver \u00d6strogenrezeptor-Modulator. Selektive \u00d6strogenrezeptormodulatoren k\u00f6nnen als \u00d6strogenrezeptor-Agonisten oder -Antagonisten wirken. Diese Aktivit\u00e4t von Tamoxifen Citrat ist gewebespezifisch und wirkt auf die \u00d6strogenrezeptoren in der Leber, der Brust und den Knochen.<br \/>\nWenn das Tamoxifen-Molek\u00fcl an diesen Rezeptor bindet, wird das \u00d6strogen blockiert und kann keine Wirkung entfalten. F\u00fcr Bodybuilder kann Tamoxifenzitrat auf zweierlei Weise hilfreich sein.<br \/>\nErstens kann es aufgrund der Bindungsaffinit\u00e4t des Wirkstoffs bei der Verhinderung von Gyn\u00e4komastie helfen. Tamoxifen konkurriert mit \u00d6strogen um die \u00d6strogenrezeptoren in bestimmten Geweben, einschlie\u00dflich der Brust, und wenn es sich an den Rezeptor binden kann, hat das \u00d6strogen keine Gelegenheit, mit dem Rezeptor zu interagieren, so dass eine Gyn\u00e4komastie nicht entstehen kann. Der zweite und m\u00f6glicherweise vorteilhaftere Aspekt von Tamoxifen Citrat f\u00fcr Steroidanwender ist seine F\u00e4higkeit, die Produktion von luteinisierendem Hormon und follikelstimulierendem Hormon zu erh\u00f6hen und damit das Testosteron zu steigern. Diese F\u00e4higkeit ist der Grund, warum es<br \/>\nh\u00e4ufig von Steroidanwendern w\u00e4hrend ihrer Therapie nach dem Zyklus verwendet wird. <strong>WIE ANZUWENDEN: <\/strong><br \/>\nDie Dosis zur Behandlung von Gyn\u00e4komastie und zur Verwendung in der PCT variiert zwischen 20-40mg pro Tag. Die Dosis muss angepasst werden, bis die gew\u00fcnschte Wirkung erreicht ist.<\/p>\n<p><strong>BATCH INFORMATIONEN:<br \/>\n<\/strong>Chargennummer: <span data-sheets-root=\"1\" data-sheets-value=\"{\" data-sheets-userformat=\"{\">ZF85240<\/span><br \/>\nHerstellungsdatum: <span data-sheets-root=\"1\" data-sheets-value=\"{\" data-sheets-userformat=\"{\">10.2025.<\/span><br \/>\nVerfallsdatum: <span data-sheets-root=\"1\" data-sheets-value=\"{\" data-sheets-userformat=\"{\">10.2028.<\/span><\/p>\n","protected":false},"excerpt":{"rendered":"<p>DOSIERUNG: Tamoxifencitrat 20mg\/Tablette VERPACKUNGSINHALT: 1 Beutel, 50 Tabletten, 20mg pro Tablette WAS IST ES: Tamoxifencitrat ist ein selektiver \u00d6strogenrezeptor-Modulator. Selektive \u00d6strogenrezeptormodulatoren k\u00f6nnen als \u00d6strogenrezeptor-Agonisten oder -Antagonisten wirken. Diese Aktivit\u00e4t von Tamoxifen Citrat ist gewebespezifisch und wirkt auf die \u00d6strogenrezeptoren in der Leber, der Brust und den Knochen. Wenn das Tamoxifen-Molek\u00fcl an diesen Rezeptor bindet, wird&hellip;<\/p>\n","protected":false},"featured_media":76354,"comment_status":"open","ping_status":"closed","template":"","meta":[],"product_cat":[156,175],"product_tag":[],"yoast_head":"<!-- This site is optimized with the Yoast SEO plugin v23.0 - https:\/\/yoast.com\/wordpress\/plugins\/seo\/ -->\n<title>Tamoxifen-Zitrat - Astera Labs<\/title>\n<meta name=\"robots\" content=\"index, follow, max-snippet:-1, max-image-preview:large, max-video-preview:-1\" \/>\n<link rel=\"canonical\" href=\"https:\/\/asteralabs.org\/de\/product\/tamoxifen-zitrat\/\" \/>\n<meta property=\"og:locale\" content=\"de_DE\" \/>\n<meta property=\"og:type\" content=\"article\" \/>\n<meta property=\"og:title\" content=\"Tamoxifen-Zitrat - Astera Labs\" \/>\n<meta property=\"og:description\" content=\"DOSIERUNG: Tamoxifencitrat 20mg\/Tablette VERPACKUNGSINHALT: 1 Beutel, 50 Tabletten, 20mg pro Tablette WAS IST ES: Tamoxifencitrat ist ein selektiver \u00d6strogenrezeptor-Modulator. Selektive \u00d6strogenrezeptormodulatoren k\u00f6nnen als \u00d6strogenrezeptor-Agonisten oder -Antagonisten wirken. Diese Aktivit\u00e4t von Tamoxifen Citrat ist gewebespezifisch und wirkt auf die \u00d6strogenrezeptoren in der Leber, der Brust und den Knochen. Wenn das Tamoxifen-Molek\u00fcl an diesen Rezeptor bindet, wird&hellip;\" \/>\n<meta property=\"og:url\" content=\"https:\/\/asteralabs.org\/de\/product\/tamoxifen-zitrat\/\" \/>\n<meta property=\"og:site_name\" content=\"Astera Labs\" \/>\n<meta property=\"article:modified_time\" content=\"2026-01-15T13:10:46+00:00\" \/>\n<meta property=\"og:image\" content=\"https:\/\/asteralabs.org\/wp-content\/uploads\/2023\/01\/Tamoxifen-citrate-mockup-nbg.png\" \/>\n\t<meta property=\"og:image:width\" content=\"2000\" \/>\n\t<meta property=\"og:image:height\" content=\"2000\" \/>\n\t<meta property=\"og:image:type\" content=\"image\/png\" \/>\n<meta name=\"twitter:card\" content=\"summary_large_image\" \/>\n<script type=\"application\/ld+json\" class=\"yoast-schema-graph\">{\"@context\":\"https:\/\/schema.org\",\"@graph\":[{\"@type\":\"WebPage\",\"@id\":\"https:\/\/asteralabs.org\/de\/product\/tamoxifen-zitrat\/\",\"url\":\"https:\/\/asteralabs.org\/de\/product\/tamoxifen-zitrat\/\",\"name\":\"Tamoxifen-Zitrat - Astera Labs\",\"isPartOf\":{\"@id\":\"https:\/\/asteralabs.org\/de\/#website\"},\"primaryImageOfPage\":{\"@id\":\"https:\/\/asteralabs.org\/de\/product\/tamoxifen-zitrat\/#primaryimage\"},\"image\":{\"@id\":\"https:\/\/asteralabs.org\/de\/product\/tamoxifen-zitrat\/#primaryimage\"},\"thumbnailUrl\":\"https:\/\/asteralabs.org\/wp-content\/uploads\/2023\/01\/Tamoxifen-citrate-mockup-nbg.png\",\"datePublished\":\"2023-01-10T22:52:10+00:00\",\"dateModified\":\"2026-01-15T13:10:46+00:00\",\"breadcrumb\":{\"@id\":\"https:\/\/asteralabs.org\/de\/product\/tamoxifen-zitrat\/#breadcrumb\"},\"inLanguage\":\"de-DE\",\"potentialAction\":[{\"@type\":\"ReadAction\",\"target\":[\"https:\/\/asteralabs.org\/de\/product\/tamoxifen-zitrat\/\"]}]},{\"@type\":\"ImageObject\",\"inLanguage\":\"de-DE\",\"@id\":\"https:\/\/asteralabs.org\/de\/product\/tamoxifen-zitrat\/#primaryimage\",\"url\":\"https:\/\/asteralabs.org\/wp-content\/uploads\/2023\/01\/Tamoxifen-citrate-mockup-nbg.png\",\"contentUrl\":\"https:\/\/asteralabs.org\/wp-content\/uploads\/2023\/01\/Tamoxifen-citrate-mockup-nbg.png\",\"width\":2000,\"height\":2000},{\"@type\":\"BreadcrumbList\",\"@id\":\"https:\/\/asteralabs.org\/de\/product\/tamoxifen-zitrat\/#breadcrumb\",\"itemListElement\":[{\"@type\":\"ListItem\",\"position\":1,\"name\":\"Home\",\"item\":\"https:\/\/asteralabs.org\/de\/\"},{\"@type\":\"ListItem\",\"position\":2,\"name\":\"Shop\",\"item\":\"https:\/\/asteralabs.org\/shop\/\"},{\"@type\":\"ListItem\",\"position\":3,\"name\":\"Tamoxifen-Zitrat\"}]},{\"@type\":\"WebSite\",\"@id\":\"https:\/\/asteralabs.org\/de\/#website\",\"url\":\"https:\/\/asteralabs.org\/de\/\",\"name\":\"Astera Labs\",\"description\":\"Improve Your Quality Of Life\",\"publisher\":{\"@id\":\"https:\/\/asteralabs.org\/de\/#organization\"},\"potentialAction\":[{\"@type\":\"SearchAction\",\"target\":{\"@type\":\"EntryPoint\",\"urlTemplate\":\"https:\/\/asteralabs.org\/de\/?s={search_term_string}\"},\"query-input\":\"required name=search_term_string\"}],\"inLanguage\":\"de-DE\"},{\"@type\":\"Organization\",\"@id\":\"https:\/\/asteralabs.org\/de\/#organization\",\"name\":\"Astera Labs\",\"url\":\"https:\/\/asteralabs.org\/de\/\",\"logo\":{\"@type\":\"ImageObject\",\"inLanguage\":\"de-DE\",\"@id\":\"https:\/\/asteralabs.org\/de\/#\/schema\/logo\/image\/\",\"url\":\"https:\/\/asteralabs.org\/wp-content\/uploads\/2022\/12\/astera-2.png\",\"contentUrl\":\"https:\/\/asteralabs.org\/wp-content\/uploads\/2022\/12\/astera-2.png\",\"width\":437,\"height\":111,\"caption\":\"Astera Labs\"},\"image\":{\"@id\":\"https:\/\/asteralabs.org\/de\/#\/schema\/logo\/image\/\"}}]}<\/script>\n<!-- \/ Yoast SEO plugin. -->","yoast_head_json":{"title":"Tamoxifen-Zitrat - Astera Labs","robots":{"index":"index","follow":"follow","max-snippet":"max-snippet:-1","max-image-preview":"max-image-preview:large","max-video-preview":"max-video-preview:-1"},"canonical":"https:\/\/asteralabs.org\/de\/product\/tamoxifen-zitrat\/","og_locale":"de_DE","og_type":"article","og_title":"Tamoxifen-Zitrat - Astera Labs","og_description":"DOSIERUNG: Tamoxifencitrat 20mg\/Tablette VERPACKUNGSINHALT: 1 Beutel, 50 Tabletten, 20mg pro Tablette WAS IST ES: Tamoxifencitrat ist ein selektiver \u00d6strogenrezeptor-Modulator. Selektive \u00d6strogenrezeptormodulatoren k\u00f6nnen als \u00d6strogenrezeptor-Agonisten oder -Antagonisten wirken. Diese Aktivit\u00e4t von Tamoxifen Citrat ist gewebespezifisch und wirkt auf die \u00d6strogenrezeptoren in der Leber, der Brust und den Knochen. Wenn das Tamoxifen-Molek\u00fcl an diesen Rezeptor bindet, wird&hellip;","og_url":"https:\/\/asteralabs.org\/de\/product\/tamoxifen-zitrat\/","og_site_name":"Astera Labs","article_modified_time":"2026-01-15T13:10:46+00:00","og_image":[{"width":2000,"height":2000,"url":"https:\/\/asteralabs.org\/wp-content\/uploads\/2023\/01\/Tamoxifen-citrate-mockup-nbg.png","type":"image\/png"}],"twitter_card":"summary_large_image","schema":{"@context":"https:\/\/schema.org","@graph":[{"@type":"WebPage","@id":"https:\/\/asteralabs.org\/de\/product\/tamoxifen-zitrat\/","url":"https:\/\/asteralabs.org\/de\/product\/tamoxifen-zitrat\/","name":"Tamoxifen-Zitrat - Astera Labs","isPartOf":{"@id":"https:\/\/asteralabs.org\/de\/#website"},"primaryImageOfPage":{"@id":"https:\/\/asteralabs.org\/de\/product\/tamoxifen-zitrat\/#primaryimage"},"image":{"@id":"https:\/\/asteralabs.org\/de\/product\/tamoxifen-zitrat\/#primaryimage"},"thumbnailUrl":"https:\/\/asteralabs.org\/wp-content\/uploads\/2023\/01\/Tamoxifen-citrate-mockup-nbg.png","datePublished":"2023-01-10T22:52:10+00:00","dateModified":"2026-01-15T13:10:46+00:00","breadcrumb":{"@id":"https:\/\/asteralabs.org\/de\/product\/tamoxifen-zitrat\/#breadcrumb"},"inLanguage":"de-DE","potentialAction":[{"@type":"ReadAction","target":["https:\/\/asteralabs.org\/de\/product\/tamoxifen-zitrat\/"]}]},{"@type":"ImageObject","inLanguage":"de-DE","@id":"https:\/\/asteralabs.org\/de\/product\/tamoxifen-zitrat\/#primaryimage","url":"https:\/\/asteralabs.org\/wp-content\/uploads\/2023\/01\/Tamoxifen-citrate-mockup-nbg.png","contentUrl":"https:\/\/asteralabs.org\/wp-content\/uploads\/2023\/01\/Tamoxifen-citrate-mockup-nbg.png","width":2000,"height":2000},{"@type":"BreadcrumbList","@id":"https:\/\/asteralabs.org\/de\/product\/tamoxifen-zitrat\/#breadcrumb","itemListElement":[{"@type":"ListItem","position":1,"name":"Home","item":"https:\/\/asteralabs.org\/de\/"},{"@type":"ListItem","position":2,"name":"Shop","item":"https:\/\/asteralabs.org\/shop\/"},{"@type":"ListItem","position":3,"name":"Tamoxifen-Zitrat"}]},{"@type":"WebSite","@id":"https:\/\/asteralabs.org\/de\/#website","url":"https:\/\/asteralabs.org\/de\/","name":"Astera Labs","description":"Improve Your Quality Of Life","publisher":{"@id":"https:\/\/asteralabs.org\/de\/#organization"},"potentialAction":[{"@type":"SearchAction","target":{"@type":"EntryPoint","urlTemplate":"https:\/\/asteralabs.org\/de\/?s={search_term_string}"},"query-input":"required name=search_term_string"}],"inLanguage":"de-DE"},{"@type":"Organization","@id":"https:\/\/asteralabs.org\/de\/#organization","name":"Astera Labs","url":"https:\/\/asteralabs.org\/de\/","logo":{"@type":"ImageObject","inLanguage":"de-DE","@id":"https:\/\/asteralabs.org\/de\/#\/schema\/logo\/image\/","url":"https:\/\/asteralabs.org\/wp-content\/uploads\/2022\/12\/astera-2.png","contentUrl":"https:\/\/asteralabs.org\/wp-content\/uploads\/2022\/12\/astera-2.png","width":437,"height":111,"caption":"Astera Labs"},"image":{"@id":"https:\/\/asteralabs.org\/de\/#\/schema\/logo\/image\/"}}]}},"_links":{"self":[{"href":"https:\/\/asteralabs.org\/de\/wp-json\/wp\/v2\/product\/78203"}],"collection":[{"href":"https:\/\/asteralabs.org\/de\/wp-json\/wp\/v2\/product"}],"about":[{"href":"https:\/\/asteralabs.org\/de\/wp-json\/wp\/v2\/types\/product"}],"replies":[{"embeddable":true,"href":"https:\/\/asteralabs.org\/de\/wp-json\/wp\/v2\/comments?post=78203"}],"version-history":[{"count":2,"href":"https:\/\/asteralabs.org\/de\/wp-json\/wp\/v2\/product\/78203\/revisions"}],"predecessor-version":[{"id":79852,"href":"https:\/\/asteralabs.org\/de\/wp-json\/wp\/v2\/product\/78203\/revisions\/79852"}],"wp:featuredmedia":[{"embeddable":true,"href":"https:\/\/asteralabs.org\/de\/wp-json\/wp\/v2\/media\/76354"}],"wp:attachment":[{"href":"https:\/\/asteralabs.org\/de\/wp-json\/wp\/v2\/media?parent=78203"}],"wp:term":[{"taxonomy":"product_cat","embeddable":true,"href":"https:\/\/asteralabs.org\/de\/wp-json\/wp\/v2\/product_cat?post=78203"},{"taxonomy":"product_tag","embeddable":true,"href":"https:\/\/asteralabs.org\/de\/wp-json\/wp\/v2\/product_tag?post=78203"}],"curies":[{"name":"wp","href":"https:\/\/api.w.org\/{rel}","templated":true}]}}