{"id":78222,"date":"2023-01-10T22:51:03","date_gmt":"2023-01-10T22:51:03","guid":{"rendered":"https:\/\/asteralabs.org\/product\/clomiphen-zitrat\/"},"modified":"2026-01-16T08:39:52","modified_gmt":"2026-01-16T08:39:52","slug":"clomiphen-zitrat","status":"publish","type":"product","link":"https:\/\/asteralabs.org\/de\/product\/clomiphen-zitrat\/","title":{"rendered":"Clomiphen-Zitrat"},"content":{"rendered":"<p><strong>DOSIERUNG: <\/strong><br \/>\nClomiphencitrat 50mg\/Tablette <strong>VERPACKUNGSINHALT: <\/strong><br \/>\n1 Riegel, 50 Tabletten, 50mg pro Tablette <strong>WAS IST ES: <\/strong><br \/>\nUrspr\u00fcnglich als Fruchtbarkeitsmittel f\u00fcr Frauen entwickelt, ist Clomiphencitrat bei Steroidanwendern schon seit geraumer Zeit als Mittel f\u00fcr die Therapie nach dem Zyklus beliebt, um die nat\u00fcrliche Testosteronproduktion wiederherzustellen. Das Pr\u00e4parat wirkt, indem es die Wirkung von \u00d6strogen im K\u00f6rper teilweise oder vollst\u00e4ndig blockiert. Dies ist darauf zur\u00fcckzuf\u00fchren, dass es sich um ein synthetisches \u00d6strogen handelt, das sowohl agonistische als auch antagonistische Eigenschaften besitzt. <strong>WIE ANZUWENDEN: <\/strong><br \/>\nEs wird empfohlen, 25 bis 50 mg t\u00e4glich \u00fcber 3 Wochen einzunehmen, wobei die Dosis je nach gew\u00fcnschter Wirkung und Nebenwirkungen angepasst werden muss. <strong>Chargeninformationen:<br \/>\n<\/strong>Chargennummer: <span data-sheets-root=\"1\" data-sheets-value=\"{\" data-sheets-userformat=\"{\">AD40777<\/span><br \/>\nHerstellungsdatum: <span data-sheets-root=\"1\" data-sheets-value=\"{\" data-sheets-userformat=\"{\">10.2025.<\/span><br \/>\nVerfallsdatum: 10<span data-sheets-root=\"1\" data-sheets-value=\"{\" data-sheets-userformat=\"{\">.2028<\/span>.<\/p>\n","protected":false},"excerpt":{"rendered":"<p>DOSIERUNG: Clomiphencitrat 50mg\/Tablette VERPACKUNGSINHALT: 1 Riegel, 50 Tabletten, 50mg pro Tablette WAS IST ES: Urspr\u00fcnglich als Fruchtbarkeitsmittel f\u00fcr Frauen entwickelt, ist Clomiphencitrat bei Steroidanwendern schon seit geraumer Zeit als Mittel f\u00fcr die Therapie nach dem Zyklus beliebt, um die nat\u00fcrliche Testosteronproduktion wiederherzustellen. Das Pr\u00e4parat wirkt, indem es die Wirkung von \u00d6strogen im K\u00f6rper teilweise oder&hellip;<\/p>\n","protected":false},"featured_media":76234,"comment_status":"open","ping_status":"closed","template":"","meta":[],"product_cat":[156,175],"product_tag":[],"yoast_head":"<!-- This site is optimized with the Yoast SEO plugin v23.0 - https:\/\/yoast.com\/wordpress\/plugins\/seo\/ -->\n<title>Clomiphen-Zitrat - Astera Labs<\/title>\n<meta name=\"robots\" content=\"index, follow, max-snippet:-1, max-image-preview:large, max-video-preview:-1\" \/>\n<link rel=\"canonical\" href=\"https:\/\/asteralabs.org\/de\/product\/clomiphen-zitrat\/\" \/>\n<meta property=\"og:locale\" content=\"de_DE\" \/>\n<meta property=\"og:type\" content=\"article\" \/>\n<meta property=\"og:title\" content=\"Clomiphen-Zitrat - Astera Labs\" \/>\n<meta property=\"og:description\" content=\"DOSIERUNG: Clomiphencitrat 50mg\/Tablette VERPACKUNGSINHALT: 1 Riegel, 50 Tabletten, 50mg pro Tablette WAS IST ES: Urspr\u00fcnglich als Fruchtbarkeitsmittel f\u00fcr Frauen entwickelt, ist Clomiphencitrat bei Steroidanwendern schon seit geraumer Zeit als Mittel f\u00fcr die Therapie nach dem Zyklus beliebt, um die nat\u00fcrliche Testosteronproduktion wiederherzustellen. Das Pr\u00e4parat wirkt, indem es die Wirkung von \u00d6strogen im K\u00f6rper teilweise oder&hellip;\" \/>\n<meta property=\"og:url\" content=\"https:\/\/asteralabs.org\/de\/product\/clomiphen-zitrat\/\" \/>\n<meta property=\"og:site_name\" content=\"Astera Labs\" \/>\n<meta property=\"article:modified_time\" content=\"2026-01-16T08:39:52+00:00\" \/>\n<meta property=\"og:image\" content=\"https:\/\/asteralabs.org\/wp-content\/uploads\/2023\/01\/Clomiphene-citrate-mockup-nbg.png\" \/>\n\t<meta property=\"og:image:width\" content=\"2000\" \/>\n\t<meta property=\"og:image:height\" content=\"2000\" \/>\n\t<meta property=\"og:image:type\" content=\"image\/png\" \/>\n<meta name=\"twitter:card\" content=\"summary_large_image\" \/>\n<script type=\"application\/ld+json\" class=\"yoast-schema-graph\">{\"@context\":\"https:\/\/schema.org\",\"@graph\":[{\"@type\":\"WebPage\",\"@id\":\"https:\/\/asteralabs.org\/de\/product\/clomiphen-zitrat\/\",\"url\":\"https:\/\/asteralabs.org\/de\/product\/clomiphen-zitrat\/\",\"name\":\"Clomiphen-Zitrat - Astera Labs\",\"isPartOf\":{\"@id\":\"https:\/\/asteralabs.org\/de\/#website\"},\"primaryImageOfPage\":{\"@id\":\"https:\/\/asteralabs.org\/de\/product\/clomiphen-zitrat\/#primaryimage\"},\"image\":{\"@id\":\"https:\/\/asteralabs.org\/de\/product\/clomiphen-zitrat\/#primaryimage\"},\"thumbnailUrl\":\"https:\/\/asteralabs.org\/wp-content\/uploads\/2023\/01\/Clomiphene-citrate-mockup-nbg.png\",\"datePublished\":\"2023-01-10T22:51:03+00:00\",\"dateModified\":\"2026-01-16T08:39:52+00:00\",\"breadcrumb\":{\"@id\":\"https:\/\/asteralabs.org\/de\/product\/clomiphen-zitrat\/#breadcrumb\"},\"inLanguage\":\"de-DE\",\"potentialAction\":[{\"@type\":\"ReadAction\",\"target\":[\"https:\/\/asteralabs.org\/de\/product\/clomiphen-zitrat\/\"]}]},{\"@type\":\"ImageObject\",\"inLanguage\":\"de-DE\",\"@id\":\"https:\/\/asteralabs.org\/de\/product\/clomiphen-zitrat\/#primaryimage\",\"url\":\"https:\/\/asteralabs.org\/wp-content\/uploads\/2023\/01\/Clomiphene-citrate-mockup-nbg.png\",\"contentUrl\":\"https:\/\/asteralabs.org\/wp-content\/uploads\/2023\/01\/Clomiphene-citrate-mockup-nbg.png\",\"width\":2000,\"height\":2000},{\"@type\":\"BreadcrumbList\",\"@id\":\"https:\/\/asteralabs.org\/de\/product\/clomiphen-zitrat\/#breadcrumb\",\"itemListElement\":[{\"@type\":\"ListItem\",\"position\":1,\"name\":\"Home\",\"item\":\"https:\/\/asteralabs.org\/de\/\"},{\"@type\":\"ListItem\",\"position\":2,\"name\":\"Shop\",\"item\":\"https:\/\/asteralabs.org\/shop\/\"},{\"@type\":\"ListItem\",\"position\":3,\"name\":\"Clomiphen-Zitrat\"}]},{\"@type\":\"WebSite\",\"@id\":\"https:\/\/asteralabs.org\/de\/#website\",\"url\":\"https:\/\/asteralabs.org\/de\/\",\"name\":\"Astera Labs\",\"description\":\"Improve Your Quality Of Life\",\"publisher\":{\"@id\":\"https:\/\/asteralabs.org\/de\/#organization\"},\"potentialAction\":[{\"@type\":\"SearchAction\",\"target\":{\"@type\":\"EntryPoint\",\"urlTemplate\":\"https:\/\/asteralabs.org\/de\/?s={search_term_string}\"},\"query-input\":\"required name=search_term_string\"}],\"inLanguage\":\"de-DE\"},{\"@type\":\"Organization\",\"@id\":\"https:\/\/asteralabs.org\/de\/#organization\",\"name\":\"Astera Labs\",\"url\":\"https:\/\/asteralabs.org\/de\/\",\"logo\":{\"@type\":\"ImageObject\",\"inLanguage\":\"de-DE\",\"@id\":\"https:\/\/asteralabs.org\/de\/#\/schema\/logo\/image\/\",\"url\":\"https:\/\/asteralabs.org\/wp-content\/uploads\/2022\/12\/astera-2.png\",\"contentUrl\":\"https:\/\/asteralabs.org\/wp-content\/uploads\/2022\/12\/astera-2.png\",\"width\":437,\"height\":111,\"caption\":\"Astera Labs\"},\"image\":{\"@id\":\"https:\/\/asteralabs.org\/de\/#\/schema\/logo\/image\/\"}}]}<\/script>\n<!-- \/ Yoast SEO plugin. -->","yoast_head_json":{"title":"Clomiphen-Zitrat - Astera Labs","robots":{"index":"index","follow":"follow","max-snippet":"max-snippet:-1","max-image-preview":"max-image-preview:large","max-video-preview":"max-video-preview:-1"},"canonical":"https:\/\/asteralabs.org\/de\/product\/clomiphen-zitrat\/","og_locale":"de_DE","og_type":"article","og_title":"Clomiphen-Zitrat - Astera Labs","og_description":"DOSIERUNG: Clomiphencitrat 50mg\/Tablette VERPACKUNGSINHALT: 1 Riegel, 50 Tabletten, 50mg pro Tablette WAS IST ES: Urspr\u00fcnglich als Fruchtbarkeitsmittel f\u00fcr Frauen entwickelt, ist Clomiphencitrat bei Steroidanwendern schon seit geraumer Zeit als Mittel f\u00fcr die Therapie nach dem Zyklus beliebt, um die nat\u00fcrliche Testosteronproduktion wiederherzustellen. Das Pr\u00e4parat wirkt, indem es die Wirkung von \u00d6strogen im K\u00f6rper teilweise oder&hellip;","og_url":"https:\/\/asteralabs.org\/de\/product\/clomiphen-zitrat\/","og_site_name":"Astera Labs","article_modified_time":"2026-01-16T08:39:52+00:00","og_image":[{"width":2000,"height":2000,"url":"https:\/\/asteralabs.org\/wp-content\/uploads\/2023\/01\/Clomiphene-citrate-mockup-nbg.png","type":"image\/png"}],"twitter_card":"summary_large_image","schema":{"@context":"https:\/\/schema.org","@graph":[{"@type":"WebPage","@id":"https:\/\/asteralabs.org\/de\/product\/clomiphen-zitrat\/","url":"https:\/\/asteralabs.org\/de\/product\/clomiphen-zitrat\/","name":"Clomiphen-Zitrat - Astera Labs","isPartOf":{"@id":"https:\/\/asteralabs.org\/de\/#website"},"primaryImageOfPage":{"@id":"https:\/\/asteralabs.org\/de\/product\/clomiphen-zitrat\/#primaryimage"},"image":{"@id":"https:\/\/asteralabs.org\/de\/product\/clomiphen-zitrat\/#primaryimage"},"thumbnailUrl":"https:\/\/asteralabs.org\/wp-content\/uploads\/2023\/01\/Clomiphene-citrate-mockup-nbg.png","datePublished":"2023-01-10T22:51:03+00:00","dateModified":"2026-01-16T08:39:52+00:00","breadcrumb":{"@id":"https:\/\/asteralabs.org\/de\/product\/clomiphen-zitrat\/#breadcrumb"},"inLanguage":"de-DE","potentialAction":[{"@type":"ReadAction","target":["https:\/\/asteralabs.org\/de\/product\/clomiphen-zitrat\/"]}]},{"@type":"ImageObject","inLanguage":"de-DE","@id":"https:\/\/asteralabs.org\/de\/product\/clomiphen-zitrat\/#primaryimage","url":"https:\/\/asteralabs.org\/wp-content\/uploads\/2023\/01\/Clomiphene-citrate-mockup-nbg.png","contentUrl":"https:\/\/asteralabs.org\/wp-content\/uploads\/2023\/01\/Clomiphene-citrate-mockup-nbg.png","width":2000,"height":2000},{"@type":"BreadcrumbList","@id":"https:\/\/asteralabs.org\/de\/product\/clomiphen-zitrat\/#breadcrumb","itemListElement":[{"@type":"ListItem","position":1,"name":"Home","item":"https:\/\/asteralabs.org\/de\/"},{"@type":"ListItem","position":2,"name":"Shop","item":"https:\/\/asteralabs.org\/shop\/"},{"@type":"ListItem","position":3,"name":"Clomiphen-Zitrat"}]},{"@type":"WebSite","@id":"https:\/\/asteralabs.org\/de\/#website","url":"https:\/\/asteralabs.org\/de\/","name":"Astera Labs","description":"Improve Your Quality Of Life","publisher":{"@id":"https:\/\/asteralabs.org\/de\/#organization"},"potentialAction":[{"@type":"SearchAction","target":{"@type":"EntryPoint","urlTemplate":"https:\/\/asteralabs.org\/de\/?s={search_term_string}"},"query-input":"required name=search_term_string"}],"inLanguage":"de-DE"},{"@type":"Organization","@id":"https:\/\/asteralabs.org\/de\/#organization","name":"Astera Labs","url":"https:\/\/asteralabs.org\/de\/","logo":{"@type":"ImageObject","inLanguage":"de-DE","@id":"https:\/\/asteralabs.org\/de\/#\/schema\/logo\/image\/","url":"https:\/\/asteralabs.org\/wp-content\/uploads\/2022\/12\/astera-2.png","contentUrl":"https:\/\/asteralabs.org\/wp-content\/uploads\/2022\/12\/astera-2.png","width":437,"height":111,"caption":"Astera Labs"},"image":{"@id":"https:\/\/asteralabs.org\/de\/#\/schema\/logo\/image\/"}}]}},"_links":{"self":[{"href":"https:\/\/asteralabs.org\/de\/wp-json\/wp\/v2\/product\/78222"}],"collection":[{"href":"https:\/\/asteralabs.org\/de\/wp-json\/wp\/v2\/product"}],"about":[{"href":"https:\/\/asteralabs.org\/de\/wp-json\/wp\/v2\/types\/product"}],"replies":[{"embeddable":true,"href":"https:\/\/asteralabs.org\/de\/wp-json\/wp\/v2\/comments?post=78222"}],"version-history":[{"count":0,"href":"https:\/\/asteralabs.org\/de\/wp-json\/wp\/v2\/product\/78222\/revisions"}],"wp:featuredmedia":[{"embeddable":true,"href":"https:\/\/asteralabs.org\/de\/wp-json\/wp\/v2\/media\/76234"}],"wp:attachment":[{"href":"https:\/\/asteralabs.org\/de\/wp-json\/wp\/v2\/media?parent=78222"}],"wp:term":[{"taxonomy":"product_cat","embeddable":true,"href":"https:\/\/asteralabs.org\/de\/wp-json\/wp\/v2\/product_cat?post=78222"},{"taxonomy":"product_tag","embeddable":true,"href":"https:\/\/asteralabs.org\/de\/wp-json\/wp\/v2\/product_tag?post=78222"}],"curies":[{"name":"wp","href":"https:\/\/api.w.org\/{rel}","templated":true}]}}