{"id":78235,"date":"2023-01-10T22:48:31","date_gmt":"2023-01-10T22:48:31","guid":{"rendered":"https:\/\/asteralabs.org\/product\/exemestan\/"},"modified":"2026-01-16T09:04:33","modified_gmt":"2026-01-16T09:04:33","slug":"exemestan","status":"publish","type":"product","link":"https:\/\/asteralabs.org\/de\/product\/exemestan\/","title":{"rendered":"Exemestan"},"content":{"rendered":"<p><strong>DOSIERUNG: <\/strong><br \/>\nExemestan 25mg\/Tablette <strong>VERPACKUNGSINHALT: <\/strong><br \/>\n1 Riegel, 50 Tabletten, 25mg pro Tablette <strong>WAS IST ES: <\/strong><br \/>\nExemestan ist ein steroidaler Selbstmord-Aromatasehemmer\/irreversibler Aromatase-Inaktivator, der die \u00d6strogenproduktion im K\u00f6rper durch Blockierung des Aromatase-Enzyms senkt. <strong>ANWENDUNG: <\/strong><br \/>\nDie Anfangsdosis betr\u00e4gt 12,5 mg, die ein- bis zweimal w\u00f6chentlich eingenommen werden sollte. Passen Sie die Dosis je nach gew\u00fcnschter Wirkung an. <strong>Chargeninformationen:<br \/>\n<\/strong>Chargennummer: <span data-sheets-root=\"1\" data-sheets-value=\"{\" data-sheets-userformat=\"{\">AV41152<\/span><br \/>\nHerstellungsdatum: <span data-sheets-root=\"1\" data-sheets-value=\"{\" data-sheets-userformat=\"{\">10.2025.<\/span><br \/>\nVerfallsdatum: <span data-sheets-root=\"1\" data-sheets-value=\"{\" data-sheets-userformat=\"{\">10.2028.<\/span><\/p>\n","protected":false},"excerpt":{"rendered":"<p>DOSIERUNG: Exemestan 25mg\/Tablette VERPACKUNGSINHALT: 1 Riegel, 50 Tabletten, 25mg pro Tablette WAS IST ES: Exemestan ist ein steroidaler Selbstmord-Aromatasehemmer\/irreversibler Aromatase-Inaktivator, der die \u00d6strogenproduktion im K\u00f6rper durch Blockierung des Aromatase-Enzyms senkt. ANWENDUNG: Die Anfangsdosis betr\u00e4gt 12,5 mg, die ein- bis zweimal w\u00f6chentlich eingenommen werden sollte. Passen Sie die Dosis je nach gew\u00fcnschter Wirkung an. Chargeninformationen: Chargennummer:&hellip;<\/p>\n","protected":false},"featured_media":76258,"comment_status":"open","ping_status":"closed","template":"","meta":[],"product_cat":[156,175],"product_tag":[],"yoast_head":"<!-- This site is optimized with the Yoast SEO plugin v23.0 - https:\/\/yoast.com\/wordpress\/plugins\/seo\/ -->\n<title>Exemestan - Astera Labs<\/title>\n<meta name=\"robots\" content=\"index, follow, max-snippet:-1, max-image-preview:large, max-video-preview:-1\" \/>\n<link rel=\"canonical\" href=\"https:\/\/asteralabs.org\/de\/product\/exemestan\/\" \/>\n<meta property=\"og:locale\" content=\"de_DE\" \/>\n<meta property=\"og:type\" content=\"article\" \/>\n<meta property=\"og:title\" content=\"Exemestan - Astera Labs\" \/>\n<meta property=\"og:description\" content=\"DOSIERUNG: Exemestan 25mg\/Tablette VERPACKUNGSINHALT: 1 Riegel, 50 Tabletten, 25mg pro Tablette WAS IST ES: Exemestan ist ein steroidaler Selbstmord-Aromatasehemmer\/irreversibler Aromatase-Inaktivator, der die \u00d6strogenproduktion im K\u00f6rper durch Blockierung des Aromatase-Enzyms senkt. ANWENDUNG: Die Anfangsdosis betr\u00e4gt 12,5 mg, die ein- bis zweimal w\u00f6chentlich eingenommen werden sollte. Passen Sie die Dosis je nach gew\u00fcnschter Wirkung an. Chargeninformationen: Chargennummer:&hellip;\" \/>\n<meta property=\"og:url\" content=\"https:\/\/asteralabs.org\/de\/product\/exemestan\/\" \/>\n<meta property=\"og:site_name\" content=\"Astera Labs\" \/>\n<meta property=\"article:modified_time\" content=\"2026-01-16T09:04:33+00:00\" \/>\n<meta property=\"og:image\" content=\"https:\/\/asteralabs.org\/wp-content\/uploads\/2023\/01\/Exemestane-mockup-nbg.png\" \/>\n\t<meta property=\"og:image:width\" content=\"2000\" \/>\n\t<meta property=\"og:image:height\" content=\"2000\" \/>\n\t<meta property=\"og:image:type\" content=\"image\/png\" \/>\n<meta name=\"twitter:card\" content=\"summary_large_image\" \/>\n<script type=\"application\/ld+json\" class=\"yoast-schema-graph\">{\"@context\":\"https:\/\/schema.org\",\"@graph\":[{\"@type\":\"WebPage\",\"@id\":\"https:\/\/asteralabs.org\/de\/product\/exemestan\/\",\"url\":\"https:\/\/asteralabs.org\/de\/product\/exemestan\/\",\"name\":\"Exemestan - Astera Labs\",\"isPartOf\":{\"@id\":\"https:\/\/asteralabs.org\/de\/#website\"},\"primaryImageOfPage\":{\"@id\":\"https:\/\/asteralabs.org\/de\/product\/exemestan\/#primaryimage\"},\"image\":{\"@id\":\"https:\/\/asteralabs.org\/de\/product\/exemestan\/#primaryimage\"},\"thumbnailUrl\":\"https:\/\/asteralabs.org\/wp-content\/uploads\/2023\/01\/Exemestane-mockup-nbg.png\",\"datePublished\":\"2023-01-10T22:48:31+00:00\",\"dateModified\":\"2026-01-16T09:04:33+00:00\",\"breadcrumb\":{\"@id\":\"https:\/\/asteralabs.org\/de\/product\/exemestan\/#breadcrumb\"},\"inLanguage\":\"de-DE\",\"potentialAction\":[{\"@type\":\"ReadAction\",\"target\":[\"https:\/\/asteralabs.org\/de\/product\/exemestan\/\"]}]},{\"@type\":\"ImageObject\",\"inLanguage\":\"de-DE\",\"@id\":\"https:\/\/asteralabs.org\/de\/product\/exemestan\/#primaryimage\",\"url\":\"https:\/\/asteralabs.org\/wp-content\/uploads\/2023\/01\/Exemestane-mockup-nbg.png\",\"contentUrl\":\"https:\/\/asteralabs.org\/wp-content\/uploads\/2023\/01\/Exemestane-mockup-nbg.png\",\"width\":2000,\"height\":2000},{\"@type\":\"BreadcrumbList\",\"@id\":\"https:\/\/asteralabs.org\/de\/product\/exemestan\/#breadcrumb\",\"itemListElement\":[{\"@type\":\"ListItem\",\"position\":1,\"name\":\"Home\",\"item\":\"https:\/\/asteralabs.org\/de\/\"},{\"@type\":\"ListItem\",\"position\":2,\"name\":\"Shop\",\"item\":\"https:\/\/asteralabs.org\/shop\/\"},{\"@type\":\"ListItem\",\"position\":3,\"name\":\"Exemestan\"}]},{\"@type\":\"WebSite\",\"@id\":\"https:\/\/asteralabs.org\/de\/#website\",\"url\":\"https:\/\/asteralabs.org\/de\/\",\"name\":\"Astera Labs\",\"description\":\"Improve Your Quality Of Life\",\"publisher\":{\"@id\":\"https:\/\/asteralabs.org\/de\/#organization\"},\"potentialAction\":[{\"@type\":\"SearchAction\",\"target\":{\"@type\":\"EntryPoint\",\"urlTemplate\":\"https:\/\/asteralabs.org\/de\/?s={search_term_string}\"},\"query-input\":\"required name=search_term_string\"}],\"inLanguage\":\"de-DE\"},{\"@type\":\"Organization\",\"@id\":\"https:\/\/asteralabs.org\/de\/#organization\",\"name\":\"Astera Labs\",\"url\":\"https:\/\/asteralabs.org\/de\/\",\"logo\":{\"@type\":\"ImageObject\",\"inLanguage\":\"de-DE\",\"@id\":\"https:\/\/asteralabs.org\/de\/#\/schema\/logo\/image\/\",\"url\":\"https:\/\/asteralabs.org\/wp-content\/uploads\/2022\/12\/astera-2.png\",\"contentUrl\":\"https:\/\/asteralabs.org\/wp-content\/uploads\/2022\/12\/astera-2.png\",\"width\":437,\"height\":111,\"caption\":\"Astera Labs\"},\"image\":{\"@id\":\"https:\/\/asteralabs.org\/de\/#\/schema\/logo\/image\/\"}}]}<\/script>\n<!-- \/ Yoast SEO plugin. -->","yoast_head_json":{"title":"Exemestan - Astera Labs","robots":{"index":"index","follow":"follow","max-snippet":"max-snippet:-1","max-image-preview":"max-image-preview:large","max-video-preview":"max-video-preview:-1"},"canonical":"https:\/\/asteralabs.org\/de\/product\/exemestan\/","og_locale":"de_DE","og_type":"article","og_title":"Exemestan - Astera Labs","og_description":"DOSIERUNG: Exemestan 25mg\/Tablette VERPACKUNGSINHALT: 1 Riegel, 50 Tabletten, 25mg pro Tablette WAS IST ES: Exemestan ist ein steroidaler Selbstmord-Aromatasehemmer\/irreversibler Aromatase-Inaktivator, der die \u00d6strogenproduktion im K\u00f6rper durch Blockierung des Aromatase-Enzyms senkt. ANWENDUNG: Die Anfangsdosis betr\u00e4gt 12,5 mg, die ein- bis zweimal w\u00f6chentlich eingenommen werden sollte. Passen Sie die Dosis je nach gew\u00fcnschter Wirkung an. Chargeninformationen: Chargennummer:&hellip;","og_url":"https:\/\/asteralabs.org\/de\/product\/exemestan\/","og_site_name":"Astera Labs","article_modified_time":"2026-01-16T09:04:33+00:00","og_image":[{"width":2000,"height":2000,"url":"https:\/\/asteralabs.org\/wp-content\/uploads\/2023\/01\/Exemestane-mockup-nbg.png","type":"image\/png"}],"twitter_card":"summary_large_image","schema":{"@context":"https:\/\/schema.org","@graph":[{"@type":"WebPage","@id":"https:\/\/asteralabs.org\/de\/product\/exemestan\/","url":"https:\/\/asteralabs.org\/de\/product\/exemestan\/","name":"Exemestan - Astera Labs","isPartOf":{"@id":"https:\/\/asteralabs.org\/de\/#website"},"primaryImageOfPage":{"@id":"https:\/\/asteralabs.org\/de\/product\/exemestan\/#primaryimage"},"image":{"@id":"https:\/\/asteralabs.org\/de\/product\/exemestan\/#primaryimage"},"thumbnailUrl":"https:\/\/asteralabs.org\/wp-content\/uploads\/2023\/01\/Exemestane-mockup-nbg.png","datePublished":"2023-01-10T22:48:31+00:00","dateModified":"2026-01-16T09:04:33+00:00","breadcrumb":{"@id":"https:\/\/asteralabs.org\/de\/product\/exemestan\/#breadcrumb"},"inLanguage":"de-DE","potentialAction":[{"@type":"ReadAction","target":["https:\/\/asteralabs.org\/de\/product\/exemestan\/"]}]},{"@type":"ImageObject","inLanguage":"de-DE","@id":"https:\/\/asteralabs.org\/de\/product\/exemestan\/#primaryimage","url":"https:\/\/asteralabs.org\/wp-content\/uploads\/2023\/01\/Exemestane-mockup-nbg.png","contentUrl":"https:\/\/asteralabs.org\/wp-content\/uploads\/2023\/01\/Exemestane-mockup-nbg.png","width":2000,"height":2000},{"@type":"BreadcrumbList","@id":"https:\/\/asteralabs.org\/de\/product\/exemestan\/#breadcrumb","itemListElement":[{"@type":"ListItem","position":1,"name":"Home","item":"https:\/\/asteralabs.org\/de\/"},{"@type":"ListItem","position":2,"name":"Shop","item":"https:\/\/asteralabs.org\/shop\/"},{"@type":"ListItem","position":3,"name":"Exemestan"}]},{"@type":"WebSite","@id":"https:\/\/asteralabs.org\/de\/#website","url":"https:\/\/asteralabs.org\/de\/","name":"Astera Labs","description":"Improve Your Quality Of Life","publisher":{"@id":"https:\/\/asteralabs.org\/de\/#organization"},"potentialAction":[{"@type":"SearchAction","target":{"@type":"EntryPoint","urlTemplate":"https:\/\/asteralabs.org\/de\/?s={search_term_string}"},"query-input":"required name=search_term_string"}],"inLanguage":"de-DE"},{"@type":"Organization","@id":"https:\/\/asteralabs.org\/de\/#organization","name":"Astera Labs","url":"https:\/\/asteralabs.org\/de\/","logo":{"@type":"ImageObject","inLanguage":"de-DE","@id":"https:\/\/asteralabs.org\/de\/#\/schema\/logo\/image\/","url":"https:\/\/asteralabs.org\/wp-content\/uploads\/2022\/12\/astera-2.png","contentUrl":"https:\/\/asteralabs.org\/wp-content\/uploads\/2022\/12\/astera-2.png","width":437,"height":111,"caption":"Astera Labs"},"image":{"@id":"https:\/\/asteralabs.org\/de\/#\/schema\/logo\/image\/"}}]}},"_links":{"self":[{"href":"https:\/\/asteralabs.org\/de\/wp-json\/wp\/v2\/product\/78235"}],"collection":[{"href":"https:\/\/asteralabs.org\/de\/wp-json\/wp\/v2\/product"}],"about":[{"href":"https:\/\/asteralabs.org\/de\/wp-json\/wp\/v2\/types\/product"}],"replies":[{"embeddable":true,"href":"https:\/\/asteralabs.org\/de\/wp-json\/wp\/v2\/comments?post=78235"}],"version-history":[{"count":0,"href":"https:\/\/asteralabs.org\/de\/wp-json\/wp\/v2\/product\/78235\/revisions"}],"wp:featuredmedia":[{"embeddable":true,"href":"https:\/\/asteralabs.org\/de\/wp-json\/wp\/v2\/media\/76258"}],"wp:attachment":[{"href":"https:\/\/asteralabs.org\/de\/wp-json\/wp\/v2\/media?parent=78235"}],"wp:term":[{"taxonomy":"product_cat","embeddable":true,"href":"https:\/\/asteralabs.org\/de\/wp-json\/wp\/v2\/product_cat?post=78235"},{"taxonomy":"product_tag","embeddable":true,"href":"https:\/\/asteralabs.org\/de\/wp-json\/wp\/v2\/product_tag?post=78235"}],"curies":[{"name":"wp","href":"https:\/\/api.w.org\/{rel}","templated":true}]}}