{"id":78247,"date":"2023-01-10T22:43:49","date_gmt":"2023-01-10T22:43:49","guid":{"rendered":"https:\/\/asteralabs.org\/product\/oxymetholon-2\/"},"modified":"2026-01-16T10:33:52","modified_gmt":"2026-01-16T10:33:52","slug":"oxymetholon-2","status":"publish","type":"product","link":"https:\/\/asteralabs.org\/de\/product\/oxymetholon-2\/","title":{"rendered":"Oxymetholon"},"content":{"rendered":"<p><strong>DOSIERUNG: <\/strong><br \/>\nOxymetholon 25mg\/Tablette <strong>PACKUNGSINHALT: <\/strong><br \/>\n1 Riegel, 100 Tabletten, 25 mg pro Tablette <strong>WAS IST ES: <\/strong><br \/>\nOxymetholon ist eines der am meisten verwendeten oralen Steroide auf dem Markt. Es wird normalerweise in Bulking-Zyklen verwendet, da es einen raschen Zuwachs an Muskelmasse bewirkt (teilweise dank der Erh\u00f6hung der Glykogenspeicher). Aus diesem Grund sorgt es auch f\u00fcr einen erheblichen Kraftzuwachs, weshalb es h\u00e4ufig bei Kraftdreik\u00e4mpfen und Strongman-Wettbewerben eingesetzt wird. Seine Hepatotoxizit\u00e4t ist nicht so hoch wie gemunkelt, relativ hohe Dosen gelten laut verschiedener klinischer Studien bei kranken Kindern und Menschen mit Krebs und Osteoporose als sicher. Da es sich um die orale Version handelt, ist seine Absorption gr\u00f6\u00dfer, und da es keinen Ester enth\u00e4lt, wird es fast genauso schnell absorbiert wie die orale Version. <strong>WIE ANZUWENDEN: <\/strong><br \/>\nDie gebr\u00e4uchlichsten Dosen sind 50 bis 100 mg pro Tag. Obwohl es sich um eine Injektion handelt, empfehlen wir, dasselbe Protokoll wie bei der oralen Version zu verwenden. Wir empfehlen, die Dosis zweimal t\u00e4glich aufzuteilen. Die Zyklen dauern normalerweise zwischen 4-6 Wochen. <strong>BATCH INFORMATIONEN:<br \/>\n<\/strong>Chargennummer: <span data-sheets-root=\"1\" data-sheets-value=\"{\" data-sheets-userformat=\"{\">MS33537<\/span><br \/>\nHerstellungsdatum: <span data-sheets-root=\"1\" data-sheets-value=\"{\" data-sheets-userformat=\"{\">10.2025.<\/span><br \/>\nVerfallsdatum: <span data-sheets-root=\"1\" data-sheets-value=\"{\" data-sheets-userformat=\"{\">10.2028.<\/span><\/p>\n","protected":false},"excerpt":{"rendered":"<p>DOSIERUNG: Oxymetholon 25mg\/Tablette PACKUNGSINHALT: 1 Riegel, 100 Tabletten, 25 mg pro Tablette WAS IST ES: Oxymetholon ist eines der am meisten verwendeten oralen Steroide auf dem Markt. Es wird normalerweise in Bulking-Zyklen verwendet, da es einen raschen Zuwachs an Muskelmasse bewirkt (teilweise dank der Erh\u00f6hung der Glykogenspeicher). Aus diesem Grund sorgt es auch f\u00fcr einen&hellip;<\/p>\n","protected":false},"featured_media":76330,"comment_status":"open","ping_status":"closed","template":"","meta":[],"product_cat":[156,175],"product_tag":[],"yoast_head":"<!-- This site is optimized with the Yoast SEO plugin v23.0 - https:\/\/yoast.com\/wordpress\/plugins\/seo\/ -->\n<title>Oxymetholon - Astera Labs<\/title>\n<meta name=\"robots\" content=\"index, follow, max-snippet:-1, max-image-preview:large, max-video-preview:-1\" \/>\n<link rel=\"canonical\" href=\"https:\/\/asteralabs.org\/de\/product\/oxymetholon-2\/\" \/>\n<meta property=\"og:locale\" content=\"de_DE\" \/>\n<meta property=\"og:type\" content=\"article\" \/>\n<meta property=\"og:title\" content=\"Oxymetholon - Astera Labs\" \/>\n<meta property=\"og:description\" content=\"DOSIERUNG: Oxymetholon 25mg\/Tablette PACKUNGSINHALT: 1 Riegel, 100 Tabletten, 25 mg pro Tablette WAS IST ES: Oxymetholon ist eines der am meisten verwendeten oralen Steroide auf dem Markt. Es wird normalerweise in Bulking-Zyklen verwendet, da es einen raschen Zuwachs an Muskelmasse bewirkt (teilweise dank der Erh\u00f6hung der Glykogenspeicher). Aus diesem Grund sorgt es auch f\u00fcr einen&hellip;\" \/>\n<meta property=\"og:url\" content=\"https:\/\/asteralabs.org\/de\/product\/oxymetholon-2\/\" \/>\n<meta property=\"og:site_name\" content=\"Astera Labs\" \/>\n<meta property=\"article:modified_time\" content=\"2026-01-16T10:33:52+00:00\" \/>\n<meta property=\"og:image\" content=\"https:\/\/asteralabs.org\/wp-content\/uploads\/2023\/01\/Oxymetholone-mockup-nbg.png\" \/>\n\t<meta property=\"og:image:width\" content=\"2000\" \/>\n\t<meta property=\"og:image:height\" content=\"2000\" \/>\n\t<meta property=\"og:image:type\" content=\"image\/png\" \/>\n<meta name=\"twitter:card\" content=\"summary_large_image\" \/>\n<script type=\"application\/ld+json\" class=\"yoast-schema-graph\">{\"@context\":\"https:\/\/schema.org\",\"@graph\":[{\"@type\":\"WebPage\",\"@id\":\"https:\/\/asteralabs.org\/de\/product\/oxymetholon-2\/\",\"url\":\"https:\/\/asteralabs.org\/de\/product\/oxymetholon-2\/\",\"name\":\"Oxymetholon - Astera Labs\",\"isPartOf\":{\"@id\":\"https:\/\/asteralabs.org\/de\/#website\"},\"primaryImageOfPage\":{\"@id\":\"https:\/\/asteralabs.org\/de\/product\/oxymetholon-2\/#primaryimage\"},\"image\":{\"@id\":\"https:\/\/asteralabs.org\/de\/product\/oxymetholon-2\/#primaryimage\"},\"thumbnailUrl\":\"https:\/\/asteralabs.org\/wp-content\/uploads\/2023\/01\/Oxymetholone-mockup-nbg.png\",\"datePublished\":\"2023-01-10T22:43:49+00:00\",\"dateModified\":\"2026-01-16T10:33:52+00:00\",\"breadcrumb\":{\"@id\":\"https:\/\/asteralabs.org\/de\/product\/oxymetholon-2\/#breadcrumb\"},\"inLanguage\":\"de-DE\",\"potentialAction\":[{\"@type\":\"ReadAction\",\"target\":[\"https:\/\/asteralabs.org\/de\/product\/oxymetholon-2\/\"]}]},{\"@type\":\"ImageObject\",\"inLanguage\":\"de-DE\",\"@id\":\"https:\/\/asteralabs.org\/de\/product\/oxymetholon-2\/#primaryimage\",\"url\":\"https:\/\/asteralabs.org\/wp-content\/uploads\/2023\/01\/Oxymetholone-mockup-nbg.png\",\"contentUrl\":\"https:\/\/asteralabs.org\/wp-content\/uploads\/2023\/01\/Oxymetholone-mockup-nbg.png\",\"width\":2000,\"height\":2000},{\"@type\":\"BreadcrumbList\",\"@id\":\"https:\/\/asteralabs.org\/de\/product\/oxymetholon-2\/#breadcrumb\",\"itemListElement\":[{\"@type\":\"ListItem\",\"position\":1,\"name\":\"Home\",\"item\":\"https:\/\/asteralabs.org\/de\/\"},{\"@type\":\"ListItem\",\"position\":2,\"name\":\"Shop\",\"item\":\"https:\/\/asteralabs.org\/shop\/\"},{\"@type\":\"ListItem\",\"position\":3,\"name\":\"Oxymetholon\"}]},{\"@type\":\"WebSite\",\"@id\":\"https:\/\/asteralabs.org\/de\/#website\",\"url\":\"https:\/\/asteralabs.org\/de\/\",\"name\":\"Astera Labs\",\"description\":\"Improve Your Quality Of Life\",\"publisher\":{\"@id\":\"https:\/\/asteralabs.org\/de\/#organization\"},\"potentialAction\":[{\"@type\":\"SearchAction\",\"target\":{\"@type\":\"EntryPoint\",\"urlTemplate\":\"https:\/\/asteralabs.org\/de\/?s={search_term_string}\"},\"query-input\":\"required name=search_term_string\"}],\"inLanguage\":\"de-DE\"},{\"@type\":\"Organization\",\"@id\":\"https:\/\/asteralabs.org\/de\/#organization\",\"name\":\"Astera Labs\",\"url\":\"https:\/\/asteralabs.org\/de\/\",\"logo\":{\"@type\":\"ImageObject\",\"inLanguage\":\"de-DE\",\"@id\":\"https:\/\/asteralabs.org\/de\/#\/schema\/logo\/image\/\",\"url\":\"https:\/\/asteralabs.org\/wp-content\/uploads\/2022\/12\/astera-2.png\",\"contentUrl\":\"https:\/\/asteralabs.org\/wp-content\/uploads\/2022\/12\/astera-2.png\",\"width\":437,\"height\":111,\"caption\":\"Astera Labs\"},\"image\":{\"@id\":\"https:\/\/asteralabs.org\/de\/#\/schema\/logo\/image\/\"}}]}<\/script>\n<!-- \/ Yoast SEO plugin. -->","yoast_head_json":{"title":"Oxymetholon - Astera Labs","robots":{"index":"index","follow":"follow","max-snippet":"max-snippet:-1","max-image-preview":"max-image-preview:large","max-video-preview":"max-video-preview:-1"},"canonical":"https:\/\/asteralabs.org\/de\/product\/oxymetholon-2\/","og_locale":"de_DE","og_type":"article","og_title":"Oxymetholon - Astera Labs","og_description":"DOSIERUNG: Oxymetholon 25mg\/Tablette PACKUNGSINHALT: 1 Riegel, 100 Tabletten, 25 mg pro Tablette WAS IST ES: Oxymetholon ist eines der am meisten verwendeten oralen Steroide auf dem Markt. Es wird normalerweise in Bulking-Zyklen verwendet, da es einen raschen Zuwachs an Muskelmasse bewirkt (teilweise dank der Erh\u00f6hung der Glykogenspeicher). Aus diesem Grund sorgt es auch f\u00fcr einen&hellip;","og_url":"https:\/\/asteralabs.org\/de\/product\/oxymetholon-2\/","og_site_name":"Astera Labs","article_modified_time":"2026-01-16T10:33:52+00:00","og_image":[{"width":2000,"height":2000,"url":"https:\/\/asteralabs.org\/wp-content\/uploads\/2023\/01\/Oxymetholone-mockup-nbg.png","type":"image\/png"}],"twitter_card":"summary_large_image","schema":{"@context":"https:\/\/schema.org","@graph":[{"@type":"WebPage","@id":"https:\/\/asteralabs.org\/de\/product\/oxymetholon-2\/","url":"https:\/\/asteralabs.org\/de\/product\/oxymetholon-2\/","name":"Oxymetholon - Astera Labs","isPartOf":{"@id":"https:\/\/asteralabs.org\/de\/#website"},"primaryImageOfPage":{"@id":"https:\/\/asteralabs.org\/de\/product\/oxymetholon-2\/#primaryimage"},"image":{"@id":"https:\/\/asteralabs.org\/de\/product\/oxymetholon-2\/#primaryimage"},"thumbnailUrl":"https:\/\/asteralabs.org\/wp-content\/uploads\/2023\/01\/Oxymetholone-mockup-nbg.png","datePublished":"2023-01-10T22:43:49+00:00","dateModified":"2026-01-16T10:33:52+00:00","breadcrumb":{"@id":"https:\/\/asteralabs.org\/de\/product\/oxymetholon-2\/#breadcrumb"},"inLanguage":"de-DE","potentialAction":[{"@type":"ReadAction","target":["https:\/\/asteralabs.org\/de\/product\/oxymetholon-2\/"]}]},{"@type":"ImageObject","inLanguage":"de-DE","@id":"https:\/\/asteralabs.org\/de\/product\/oxymetholon-2\/#primaryimage","url":"https:\/\/asteralabs.org\/wp-content\/uploads\/2023\/01\/Oxymetholone-mockup-nbg.png","contentUrl":"https:\/\/asteralabs.org\/wp-content\/uploads\/2023\/01\/Oxymetholone-mockup-nbg.png","width":2000,"height":2000},{"@type":"BreadcrumbList","@id":"https:\/\/asteralabs.org\/de\/product\/oxymetholon-2\/#breadcrumb","itemListElement":[{"@type":"ListItem","position":1,"name":"Home","item":"https:\/\/asteralabs.org\/de\/"},{"@type":"ListItem","position":2,"name":"Shop","item":"https:\/\/asteralabs.org\/shop\/"},{"@type":"ListItem","position":3,"name":"Oxymetholon"}]},{"@type":"WebSite","@id":"https:\/\/asteralabs.org\/de\/#website","url":"https:\/\/asteralabs.org\/de\/","name":"Astera Labs","description":"Improve Your Quality Of Life","publisher":{"@id":"https:\/\/asteralabs.org\/de\/#organization"},"potentialAction":[{"@type":"SearchAction","target":{"@type":"EntryPoint","urlTemplate":"https:\/\/asteralabs.org\/de\/?s={search_term_string}"},"query-input":"required name=search_term_string"}],"inLanguage":"de-DE"},{"@type":"Organization","@id":"https:\/\/asteralabs.org\/de\/#organization","name":"Astera Labs","url":"https:\/\/asteralabs.org\/de\/","logo":{"@type":"ImageObject","inLanguage":"de-DE","@id":"https:\/\/asteralabs.org\/de\/#\/schema\/logo\/image\/","url":"https:\/\/asteralabs.org\/wp-content\/uploads\/2022\/12\/astera-2.png","contentUrl":"https:\/\/asteralabs.org\/wp-content\/uploads\/2022\/12\/astera-2.png","width":437,"height":111,"caption":"Astera Labs"},"image":{"@id":"https:\/\/asteralabs.org\/de\/#\/schema\/logo\/image\/"}}]}},"_links":{"self":[{"href":"https:\/\/asteralabs.org\/de\/wp-json\/wp\/v2\/product\/78247"}],"collection":[{"href":"https:\/\/asteralabs.org\/de\/wp-json\/wp\/v2\/product"}],"about":[{"href":"https:\/\/asteralabs.org\/de\/wp-json\/wp\/v2\/types\/product"}],"replies":[{"embeddable":true,"href":"https:\/\/asteralabs.org\/de\/wp-json\/wp\/v2\/comments?post=78247"}],"version-history":[{"count":0,"href":"https:\/\/asteralabs.org\/de\/wp-json\/wp\/v2\/product\/78247\/revisions"}],"wp:featuredmedia":[{"embeddable":true,"href":"https:\/\/asteralabs.org\/de\/wp-json\/wp\/v2\/media\/76330"}],"wp:attachment":[{"href":"https:\/\/asteralabs.org\/de\/wp-json\/wp\/v2\/media?parent=78247"}],"wp:term":[{"taxonomy":"product_cat","embeddable":true,"href":"https:\/\/asteralabs.org\/de\/wp-json\/wp\/v2\/product_cat?post=78247"},{"taxonomy":"product_tag","embeddable":true,"href":"https:\/\/asteralabs.org\/de\/wp-json\/wp\/v2\/product_tag?post=78247"}],"curies":[{"name":"wp","href":"https:\/\/api.w.org\/{rel}","templated":true}]}}