{"id":78260,"date":"2023-01-10T22:42:05","date_gmt":"2023-01-10T22:42:05","guid":{"rendered":"https:\/\/asteralabs.org\/product\/stanozolol-2\/"},"modified":"2026-01-15T13:34:42","modified_gmt":"2026-01-15T13:34:42","slug":"stanozolol-2","status":"publish","type":"product","link":"https:\/\/asteralabs.org\/de\/product\/stanozolol-2\/","title":{"rendered":"Stanozolol"},"content":{"rendered":"<p><strong>DOSIERUNG: <\/strong><br \/>\nStanozolol 20 mg\/Tab. <strong>VERPACKUNGSINHALT: <\/strong><br \/>\n1 Riegel, 100 Tabletten, 20 mg pro Tablette <strong>WAS IST ES:<\/strong><br \/>\nStanozolol, besser bekannt als Winstrol, ist das am h\u00e4ufigsten verwendete orale Steroid in der Cutting-Phase. Sein androgenes Potenzial ist sehr hoch, was es zum perfekten Steroid macht, wenn es darum geht, die Muskelmasse zu erhalten und gleichzeitig Fett zu verlieren. Es ist auch sehr n\u00fctzlich, wenn es um die Verbesserung der Kraft geht und kann bei explosiven Sportarten n\u00fctzlich sein. <strong>ANWENDUNG:<\/strong><br \/>\nDie Dosis reicht von 30 bis 100 mg, wobei 40-50 mg eine Standarddosis und 100 mg eine Dosis vor Wettk\u00e4mpfen sind. Wir empfehlen, es nicht l\u00e4nger als 4-6 Wochen am St\u00fcck einzunehmen. Wir empfehlen, die Dosis zweimal t\u00e4glich aufzuteilen. Da es sich um die orale Version handelt, empfehlen wir, es einmal ED einzunehmen. <strong>BATCH INFORMATIONEN:<br \/>\n<\/strong>Chargennummer: <span data-sheets-root=\"1\" data-sheets-value=\"{\" data-sheets-userformat=\"{\">NK31868<\/span><br \/>\nHerstellungsdatum: <span data-sheets-root=\"1\" data-sheets-value=\"{\" data-sheets-userformat=\"{\">10.2025.<\/span><br \/>\nVerfallsdatum: <span data-sheets-root=\"1\" data-sheets-value=\"{\" data-sheets-userformat=\"{\">10.2028<\/span><\/p>\n","protected":false},"excerpt":{"rendered":"<p>DOSIERUNG: Stanozolol 20 mg\/Tab. VERPACKUNGSINHALT: 1 Riegel, 100 Tabletten, 20 mg pro Tablette WAS IST ES: Stanozolol, besser bekannt als Winstrol, ist das am h\u00e4ufigsten verwendete orale Steroid in der Cutting-Phase. Sein androgenes Potenzial ist sehr hoch, was es zum perfekten Steroid macht, wenn es darum geht, die Muskelmasse zu erhalten und gleichzeitig Fett zu&hellip;<\/p>\n","protected":false},"featured_media":76346,"comment_status":"open","ping_status":"closed","template":"","meta":[],"product_cat":[156,175],"product_tag":[],"yoast_head":"<!-- This site is optimized with the Yoast SEO plugin v23.0 - https:\/\/yoast.com\/wordpress\/plugins\/seo\/ -->\n<title>Stanozolol - Astera Labs<\/title>\n<meta name=\"robots\" content=\"index, follow, max-snippet:-1, max-image-preview:large, max-video-preview:-1\" \/>\n<link rel=\"canonical\" href=\"https:\/\/asteralabs.org\/de\/product\/stanozolol-2\/\" \/>\n<meta property=\"og:locale\" content=\"de_DE\" \/>\n<meta property=\"og:type\" content=\"article\" \/>\n<meta property=\"og:title\" content=\"Stanozolol - Astera Labs\" \/>\n<meta property=\"og:description\" content=\"DOSIERUNG: Stanozolol 20 mg\/Tab. VERPACKUNGSINHALT: 1 Riegel, 100 Tabletten, 20 mg pro Tablette WAS IST ES: Stanozolol, besser bekannt als Winstrol, ist das am h\u00e4ufigsten verwendete orale Steroid in der Cutting-Phase. Sein androgenes Potenzial ist sehr hoch, was es zum perfekten Steroid macht, wenn es darum geht, die Muskelmasse zu erhalten und gleichzeitig Fett zu&hellip;\" \/>\n<meta property=\"og:url\" content=\"https:\/\/asteralabs.org\/de\/product\/stanozolol-2\/\" \/>\n<meta property=\"og:site_name\" content=\"Astera Labs\" \/>\n<meta property=\"article:modified_time\" content=\"2026-01-15T13:34:42+00:00\" \/>\n<meta property=\"og:image\" content=\"https:\/\/asteralabs.org\/wp-content\/uploads\/2023\/01\/Stanozolol-mockup-nbg.png\" \/>\n\t<meta property=\"og:image:width\" content=\"2000\" \/>\n\t<meta property=\"og:image:height\" content=\"2000\" \/>\n\t<meta property=\"og:image:type\" content=\"image\/png\" \/>\n<meta name=\"twitter:card\" content=\"summary_large_image\" \/>\n<script type=\"application\/ld+json\" class=\"yoast-schema-graph\">{\"@context\":\"https:\/\/schema.org\",\"@graph\":[{\"@type\":\"WebPage\",\"@id\":\"https:\/\/asteralabs.org\/de\/product\/stanozolol-2\/\",\"url\":\"https:\/\/asteralabs.org\/de\/product\/stanozolol-2\/\",\"name\":\"Stanozolol - Astera Labs\",\"isPartOf\":{\"@id\":\"https:\/\/asteralabs.org\/de\/#website\"},\"primaryImageOfPage\":{\"@id\":\"https:\/\/asteralabs.org\/de\/product\/stanozolol-2\/#primaryimage\"},\"image\":{\"@id\":\"https:\/\/asteralabs.org\/de\/product\/stanozolol-2\/#primaryimage\"},\"thumbnailUrl\":\"https:\/\/asteralabs.org\/wp-content\/uploads\/2023\/01\/Stanozolol-mockup-nbg.png\",\"datePublished\":\"2023-01-10T22:42:05+00:00\",\"dateModified\":\"2026-01-15T13:34:42+00:00\",\"breadcrumb\":{\"@id\":\"https:\/\/asteralabs.org\/de\/product\/stanozolol-2\/#breadcrumb\"},\"inLanguage\":\"de-DE\",\"potentialAction\":[{\"@type\":\"ReadAction\",\"target\":[\"https:\/\/asteralabs.org\/de\/product\/stanozolol-2\/\"]}]},{\"@type\":\"ImageObject\",\"inLanguage\":\"de-DE\",\"@id\":\"https:\/\/asteralabs.org\/de\/product\/stanozolol-2\/#primaryimage\",\"url\":\"https:\/\/asteralabs.org\/wp-content\/uploads\/2023\/01\/Stanozolol-mockup-nbg.png\",\"contentUrl\":\"https:\/\/asteralabs.org\/wp-content\/uploads\/2023\/01\/Stanozolol-mockup-nbg.png\",\"width\":2000,\"height\":2000},{\"@type\":\"BreadcrumbList\",\"@id\":\"https:\/\/asteralabs.org\/de\/product\/stanozolol-2\/#breadcrumb\",\"itemListElement\":[{\"@type\":\"ListItem\",\"position\":1,\"name\":\"Home\",\"item\":\"https:\/\/asteralabs.org\/de\/\"},{\"@type\":\"ListItem\",\"position\":2,\"name\":\"Shop\",\"item\":\"https:\/\/asteralabs.org\/shop\/\"},{\"@type\":\"ListItem\",\"position\":3,\"name\":\"Stanozolol\"}]},{\"@type\":\"WebSite\",\"@id\":\"https:\/\/asteralabs.org\/de\/#website\",\"url\":\"https:\/\/asteralabs.org\/de\/\",\"name\":\"Astera Labs\",\"description\":\"Improve Your Quality Of Life\",\"publisher\":{\"@id\":\"https:\/\/asteralabs.org\/de\/#organization\"},\"potentialAction\":[{\"@type\":\"SearchAction\",\"target\":{\"@type\":\"EntryPoint\",\"urlTemplate\":\"https:\/\/asteralabs.org\/de\/?s={search_term_string}\"},\"query-input\":\"required name=search_term_string\"}],\"inLanguage\":\"de-DE\"},{\"@type\":\"Organization\",\"@id\":\"https:\/\/asteralabs.org\/de\/#organization\",\"name\":\"Astera Labs\",\"url\":\"https:\/\/asteralabs.org\/de\/\",\"logo\":{\"@type\":\"ImageObject\",\"inLanguage\":\"de-DE\",\"@id\":\"https:\/\/asteralabs.org\/de\/#\/schema\/logo\/image\/\",\"url\":\"https:\/\/asteralabs.org\/wp-content\/uploads\/2022\/12\/astera-2.png\",\"contentUrl\":\"https:\/\/asteralabs.org\/wp-content\/uploads\/2022\/12\/astera-2.png\",\"width\":437,\"height\":111,\"caption\":\"Astera Labs\"},\"image\":{\"@id\":\"https:\/\/asteralabs.org\/de\/#\/schema\/logo\/image\/\"}}]}<\/script>\n<!-- \/ Yoast SEO plugin. -->","yoast_head_json":{"title":"Stanozolol - Astera Labs","robots":{"index":"index","follow":"follow","max-snippet":"max-snippet:-1","max-image-preview":"max-image-preview:large","max-video-preview":"max-video-preview:-1"},"canonical":"https:\/\/asteralabs.org\/de\/product\/stanozolol-2\/","og_locale":"de_DE","og_type":"article","og_title":"Stanozolol - Astera Labs","og_description":"DOSIERUNG: Stanozolol 20 mg\/Tab. VERPACKUNGSINHALT: 1 Riegel, 100 Tabletten, 20 mg pro Tablette WAS IST ES: Stanozolol, besser bekannt als Winstrol, ist das am h\u00e4ufigsten verwendete orale Steroid in der Cutting-Phase. Sein androgenes Potenzial ist sehr hoch, was es zum perfekten Steroid macht, wenn es darum geht, die Muskelmasse zu erhalten und gleichzeitig Fett zu&hellip;","og_url":"https:\/\/asteralabs.org\/de\/product\/stanozolol-2\/","og_site_name":"Astera Labs","article_modified_time":"2026-01-15T13:34:42+00:00","og_image":[{"width":2000,"height":2000,"url":"https:\/\/asteralabs.org\/wp-content\/uploads\/2023\/01\/Stanozolol-mockup-nbg.png","type":"image\/png"}],"twitter_card":"summary_large_image","schema":{"@context":"https:\/\/schema.org","@graph":[{"@type":"WebPage","@id":"https:\/\/asteralabs.org\/de\/product\/stanozolol-2\/","url":"https:\/\/asteralabs.org\/de\/product\/stanozolol-2\/","name":"Stanozolol - Astera Labs","isPartOf":{"@id":"https:\/\/asteralabs.org\/de\/#website"},"primaryImageOfPage":{"@id":"https:\/\/asteralabs.org\/de\/product\/stanozolol-2\/#primaryimage"},"image":{"@id":"https:\/\/asteralabs.org\/de\/product\/stanozolol-2\/#primaryimage"},"thumbnailUrl":"https:\/\/asteralabs.org\/wp-content\/uploads\/2023\/01\/Stanozolol-mockup-nbg.png","datePublished":"2023-01-10T22:42:05+00:00","dateModified":"2026-01-15T13:34:42+00:00","breadcrumb":{"@id":"https:\/\/asteralabs.org\/de\/product\/stanozolol-2\/#breadcrumb"},"inLanguage":"de-DE","potentialAction":[{"@type":"ReadAction","target":["https:\/\/asteralabs.org\/de\/product\/stanozolol-2\/"]}]},{"@type":"ImageObject","inLanguage":"de-DE","@id":"https:\/\/asteralabs.org\/de\/product\/stanozolol-2\/#primaryimage","url":"https:\/\/asteralabs.org\/wp-content\/uploads\/2023\/01\/Stanozolol-mockup-nbg.png","contentUrl":"https:\/\/asteralabs.org\/wp-content\/uploads\/2023\/01\/Stanozolol-mockup-nbg.png","width":2000,"height":2000},{"@type":"BreadcrumbList","@id":"https:\/\/asteralabs.org\/de\/product\/stanozolol-2\/#breadcrumb","itemListElement":[{"@type":"ListItem","position":1,"name":"Home","item":"https:\/\/asteralabs.org\/de\/"},{"@type":"ListItem","position":2,"name":"Shop","item":"https:\/\/asteralabs.org\/shop\/"},{"@type":"ListItem","position":3,"name":"Stanozolol"}]},{"@type":"WebSite","@id":"https:\/\/asteralabs.org\/de\/#website","url":"https:\/\/asteralabs.org\/de\/","name":"Astera Labs","description":"Improve Your Quality Of Life","publisher":{"@id":"https:\/\/asteralabs.org\/de\/#organization"},"potentialAction":[{"@type":"SearchAction","target":{"@type":"EntryPoint","urlTemplate":"https:\/\/asteralabs.org\/de\/?s={search_term_string}"},"query-input":"required name=search_term_string"}],"inLanguage":"de-DE"},{"@type":"Organization","@id":"https:\/\/asteralabs.org\/de\/#organization","name":"Astera Labs","url":"https:\/\/asteralabs.org\/de\/","logo":{"@type":"ImageObject","inLanguage":"de-DE","@id":"https:\/\/asteralabs.org\/de\/#\/schema\/logo\/image\/","url":"https:\/\/asteralabs.org\/wp-content\/uploads\/2022\/12\/astera-2.png","contentUrl":"https:\/\/asteralabs.org\/wp-content\/uploads\/2022\/12\/astera-2.png","width":437,"height":111,"caption":"Astera Labs"},"image":{"@id":"https:\/\/asteralabs.org\/de\/#\/schema\/logo\/image\/"}}]}},"_links":{"self":[{"href":"https:\/\/asteralabs.org\/de\/wp-json\/wp\/v2\/product\/78260"}],"collection":[{"href":"https:\/\/asteralabs.org\/de\/wp-json\/wp\/v2\/product"}],"about":[{"href":"https:\/\/asteralabs.org\/de\/wp-json\/wp\/v2\/types\/product"}],"replies":[{"embeddable":true,"href":"https:\/\/asteralabs.org\/de\/wp-json\/wp\/v2\/comments?post=78260"}],"version-history":[{"count":2,"href":"https:\/\/asteralabs.org\/de\/wp-json\/wp\/v2\/product\/78260\/revisions"}],"predecessor-version":[{"id":79927,"href":"https:\/\/asteralabs.org\/de\/wp-json\/wp\/v2\/product\/78260\/revisions\/79927"}],"wp:featuredmedia":[{"embeddable":true,"href":"https:\/\/asteralabs.org\/de\/wp-json\/wp\/v2\/media\/76346"}],"wp:attachment":[{"href":"https:\/\/asteralabs.org\/de\/wp-json\/wp\/v2\/media?parent=78260"}],"wp:term":[{"taxonomy":"product_cat","embeddable":true,"href":"https:\/\/asteralabs.org\/de\/wp-json\/wp\/v2\/product_cat?post=78260"},{"taxonomy":"product_tag","embeddable":true,"href":"https:\/\/asteralabs.org\/de\/wp-json\/wp\/v2\/product_tag?post=78260"}],"curies":[{"name":"wp","href":"https:\/\/api.w.org\/{rel}","templated":true}]}}