{"id":77116,"date":"2023-02-21T19:32:09","date_gmt":"2023-02-21T19:32:09","guid":{"rendered":"https:\/\/asteralabs.org\/politica-de-privacidad-2\/"},"modified":"2025-01-30T13:16:55","modified_gmt":"2025-01-30T13:16:55","slug":"politica-de-privacidad","status":"publish","type":"page","link":"https:\/\/asteralabs.org\/es\/politica-de-privacidad\/","title":{"rendered":"Pol\u00edtica de privacidad"},"content":{"rendered":"\t\t<div data-elementor-type=\"wp-page\" data-elementor-id=\"77116\" class=\"elementor elementor-77116 elementor-72912\" data-elementor-post-type=\"page\">\n\t\t\t\t\t\t<section class=\"elementor-section elementor-top-section elementor-element elementor-element-778deb4 elementor-section-boxed elementor-section-height-default elementor-section-height-default\" data-id=\"778deb4\" data-element_type=\"section\" data-e-type=\"section\">\n\t\t\t\t\t\t<div class=\"elementor-container elementor-column-gap-default\">\n\t\t\t\t\t<div class=\"elementor-column elementor-col-100 elementor-top-column elementor-element elementor-element-b7ac418\" data-id=\"b7ac418\" data-element_type=\"column\" data-e-type=\"column\">\n\t\t\t<div class=\"elementor-widget-wrap elementor-element-populated\">\n\t\t\t\t\t\t<div class=\"elementor-element elementor-element-120ff5a elementor-widget elementor-widget-heading\" data-id=\"120ff5a\" data-element_type=\"widget\" data-e-type=\"widget\" data-widget_type=\"heading.default\">\n\t\t\t\t<div class=\"elementor-widget-container\">\n\t\t\t\t\t<h2 class=\"elementor-heading-title elementor-size-default\">Pol\u00edtica de privacidad<\/h2>\t\t\t\t<\/div>\n\t\t\t\t<\/div>\n\t\t\t\t<div class=\"elementor-element elementor-element-f2e1b90 elementor-widget elementor-widget-text-editor\" data-id=\"f2e1b90\" data-element_type=\"widget\" data-e-type=\"widget\" data-widget_type=\"text-editor.default\">\n\t\t\t\t<div class=\"elementor-widget-container\">\n\t\t\t\t\t\t\t\t\t<p align=\"justify\"><span style=\"font-family:  \" open=\"\" sans=\"\" open-sans=\"\"><span style=\"font-size: medium;\">Esta pol\u00edtica de privacidad (&#8220;pol\u00edtica&#8221;) te ayudar\u00e1 a comprender c\u00f3mo Astera Labs (&#8220;nosotros&#8221;, &#8220;nos&#8221;, &#8220;nuestro&#8221;) utiliza y protege los datos que nos proporcionas cuando visitas y utilizas el sitio web https:\/\/asteralabs.org\/.  <\/span><\/span><\/p>\n<p align=\"justify\"><span style=\"font-family: Arial, serif;\"><span style=\"font-size: medium;\">Nos reservamos el derecho a modificar esta pol\u00edtica en cualquier momento, de lo que se te informar\u00e1 puntualmente. Si quieres asegurarte de que est\u00e1s al d\u00eda de los \u00faltimos cambios, te aconsejamos que visites con frecuencia esta p\u00e1gina. <\/span><\/span><\/p>\n<p align=\"justify\"><span style=\"font-family: Arial, serif;\"><span style=\"font-size: medium;\"><b>Qu\u00e9 datos de usuario recogemos<\/b><\/span><\/span><\/p>\n<p align=\"justify\"><span style=\"font-family: Arial, serif;\"><span style=\"font-size: medium;\">Cuando visitas el sitio web, podemos recopilar los siguientes datos:<\/span><\/span><\/p>\n<ul>\n<li>\n<p align=\"justify\"><span style=\"font-family: Arial, serif;\"><span style=\"font-size: medium;\">Tu direcci\u00f3n IP.<\/span><\/span><\/p>\n<\/li>\n<li>\n<p align=\"justify\"><span style=\"font-family: Arial, serif;\"><span style=\"font-size: medium;\">Tu informaci\u00f3n de contacto y direcci\u00f3n de correo electr\u00f3nico.<\/span><\/span><\/p>\n<\/li>\n<li>\n<p align=\"justify\"><span style=\"font-family: Arial, serif;\"><span style=\"font-size: medium;\">Otros datos, como intereses y preferencias.<\/span><\/span><\/p>\n<\/li>\n<li>\n<p align=\"justify\"><span style=\"font-family: Arial, serif;\"><span style=\"font-size: medium;\">Perfil de datos relativos a tu comportamiento en l\u00ednea en nuestro sitio web.<\/span><\/span><\/p>\n<\/li>\n<\/ul>\n<p align=\"justify\"><span style=\"font-family: Arial, serif;\"><span style=\"font-size: medium;\"><b>Por qu\u00e9 recogemos tus datos<\/b><\/span><\/span><\/p>\n<p align=\"justify\"><span style=\"font-family: Arial, serif;\"><span style=\"font-size: medium;\">Recogemos tus datos por varias razones:<\/span><\/span><\/p>\n<ul>\n<li>\n<p align=\"justify\"><span style=\"font-family: Arial, serif;\"><span style=\"font-size: medium;\">Para comprender mejor tus necesidades.<\/span><\/span><\/p>\n<\/li>\n<li>\n<p align=\"justify\"><span style=\"font-family: Arial, serif;\"><span style=\"font-size: medium;\">Para mejorar nuestros servicios y productos.<\/span><\/span><\/p>\n<\/li>\n<li>\n<p align=\"justify\"><span style=\"font-family: Arial, serif;\"><span style=\"font-size: medium;\">Para enviarte correos electr\u00f3nicos promocionales con la informaci\u00f3n que creemos que te resultar\u00e1 interesante.<\/span><\/span><\/p>\n<\/li>\n<li>\n<p align=\"justify\"><span style=\"font-family: Arial, serif;\"><span style=\"font-size: medium;\">Para ponernos en contacto contigo para que rellenes encuestas y participes en otros tipos de estudios de mercado.<\/span><\/span><\/p>\n<\/li>\n<li>\n<p align=\"justify\"><span style=\"font-family: Arial, serif;\"><span style=\"font-size: medium;\">Para personalizar nuestro sitio web seg\u00fan tu comportamiento en l\u00ednea y tus preferencias personales.<\/span><\/span><\/p>\n<\/li>\n<\/ul>\n<p align=\"justify\"><span style=\"font-family: Arial, serif;\"><span style=\"font-size: medium;\"><b>Protecci\u00f3n y seguridad de los datos<\/b><\/span><\/span><\/p>\n<p align=\"justify\"><span style=\"font-family: Arial, serif;\"><span style=\"font-size: medium;\">Astera Labs se compromete a proteger tus datos y a mantener su confidencialidad. Astera Labs ha hecho todo lo que est\u00e1 en su mano para evitar el robo de datos, el acceso no autorizado y la divulgaci\u00f3n mediante la aplicaci\u00f3n de las \u00faltimas tecnolog\u00edas y programas inform\u00e1ticos, que nos ayudan a salvaguardar toda la informaci\u00f3n que recopilamos en l\u00ednea. <\/span><\/span><\/p>\n<p align=\"justify\"><span style=\"font-family: Arial, serif;\"><span style=\"font-size: medium;\"><b>Nuestra pol\u00edtica de cookies<\/b><\/span><\/span><\/p>\n<p align=\"justify\"><span style=\"font-family: Arial, serif;\"><span style=\"font-size: medium;\">Una vez que aceptas que nuestro sitio web utilice cookies, tambi\u00e9n aceptas el uso de los datos que recopila sobre tu comportamiento en l\u00ednea (analizar el tr\u00e1fico web, las p\u00e1ginas web que visitas y en las que pasas m\u00e1s tiempo).<\/span><\/span><\/p>\n<p align=\"justify\"><a name=\"_GoBack\"><\/a> <span style=\"font-family: Arial, serif;\"><span style=\"font-size: medium;\">Los datos que recopilamos mediante el uso de cookies se utilizan para adaptar nuestro sitio web a tus necesidades. Despu\u00e9s de utilizar los datos para an\u00e1lisis estad\u00edsticos, los datos se eliminan completamente de nuestros sistemas. <\/span><\/span><\/p>\n<p align=\"justify\"><span style=\"font-family: Arial, serif;\"><span style=\"font-size: medium;\">Ten en cuenta que las cookies no nos permiten controlar tu ordenador de ninguna manera. Se utilizan estrictamente para controlar qu\u00e9 p\u00e1ginas te resultan \u00fatiles y cu\u00e1les no, de modo que podamos proporcionarte una mejor experiencia. <\/span><\/span><\/p>\n<p align=\"justify\"><span style=\"font-family: Arial, serif;\"><span style=\"font-size: medium;\">Si quieres desactivar las cookies, puedes hacerlo accediendo a la configuraci\u00f3n de tu navegador de Internet. Puedes visitar   <\/span><\/span><span style=\"color: #0563c1;\"><u><a href=\"https:\/\/www.internetcookies.com\/\"><span style=\"font-family: Arial, serif;\"><span style=\"font-size: medium;\">https:\/\/www.internetcookies.com<\/span><\/span><\/a><\/u><\/span><span style=\"font-family: Arial, serif;\"><span style=\"font-size: medium;\">que contiene informaci\u00f3n completa sobre c\u00f3mo hacerlo en una amplia variedad de navegadores y dispositivos.<\/span><\/span><\/p>\n<p align=\"justify\"><span style=\"font-family: Arial, serif;\"><span style=\"font-size: medium;\"><b>Enlaces a otros sitios web<\/b><\/span><\/span><\/p>\n<p align=\"justify\"><span style=\"font-family: Arial, serif;\"><span style=\"font-size: medium;\">Nuestro sitio web contiene enlaces que conducen a otros sitios web. Si haces clic en estos enlaces, Astera Labs no se hace responsable de la protecci\u00f3n de tus datos y privacidad. La visita a esos sitios web no se rige por este acuerdo de pol\u00edtica de privacidad. Aseg\u00farate de leer la documentaci\u00f3n sobre la pol\u00edtica de privacidad del sitio web al que accedes desde el nuestro.   <\/span><\/span><\/p>\n<p align=\"justify\"><span style=\"font-family: Arial, serif;\"><span style=\"font-size: medium;\"><b>Restricci\u00f3n de la recogida de tus datos personales<\/b><\/span><\/span><\/p>\n<p align=\"justify\"><span style=\"font-family: Arial, serif;\"><span style=\"font-size: medium;\">Es posible que en alg\u00fan momento desees restringir el uso y la recopilaci\u00f3n de tus datos personales. Puedes conseguirlo haciendo lo siguiente: <\/span><\/span><\/p>\n<p align=\"justify\"><span style=\"font-family: Arial, serif;\"><span style=\"font-size: medium;\">Cuando rellenes los formularios del sitio web, aseg\u00farate de comprobar si hay una casilla que puedes dejar sin marcar, si no quieres revelar tus datos personales.<\/span><\/span><\/p>\n<p align=\"justify\"><span style=\"font-family: Arial, serif;\"><span style=\"font-size: medium;\">Si ya has aceptado compartir tu informaci\u00f3n con nosotros, no dudes en ponerte en contacto con nosotros por correo electr\u00f3nico y estaremos encantados de cambiarlo por ti.<\/span><\/span><\/p>\n<p><span style=\"font-family: Arial, serif;\"><span style=\"font-size: medium;\">Astera Labs no alquilar\u00e1, vender\u00e1 ni distribuir\u00e1 tu informaci\u00f3n personal a terceros, a menos que tengamos tu permiso. Podr\u00edamos hacerlo si la ley nos obliga. Tu informaci\u00f3n personal se utilizar\u00e1 cuando necesitemos enviarte material promocional si aceptas esta pol\u00edtica de privacidad.    <\/span><\/span><\/p>\t\t\t\t\t\t\t\t<\/div>\n\t\t\t\t<\/div>\n\t\t\t\t\t<\/div>\n\t\t<\/div>\n\t\t\t\t\t<\/div>\n\t\t<\/section>\n\t\t\t\t<\/div>\n\t\t","protected":false},"excerpt":{"rendered":"<p>Pol\u00edtica de privacidad Esta pol\u00edtica de privacidad (&#8220;pol\u00edtica&#8221;) te ayudar\u00e1 a comprender c\u00f3mo Astera Labs (&#8220;nosotros&#8221;, &#8220;nos&#8221;, &#8220;nuestro&#8221;) utiliza y protege los datos que nos proporcionas cuando visitas y utilizas el sitio web https:\/\/asteralabs.org\/. Nos reservamos el derecho a modificar esta pol\u00edtica en cualquier momento, de lo que se te informar\u00e1 puntualmente. Si quieres asegurarte&hellip;<\/p>\n","protected":false},"author":1,"featured_media":0,"parent":0,"menu_order":0,"comment_status":"closed","ping_status":"closed","template":"","meta":{"_acf_changed":false,"footnotes":""},"class_list":["post-77116","page","type-page","status-publish","hentry"],"acf":[],"yoast_head":"<!-- This site is optimized with the Yoast SEO plugin v27.4 - https:\/\/yoast.com\/product\/yoast-seo-wordpress\/ -->\n<title>Pol\u00edtica de privacidad - Astera Labs<\/title>\n<meta name=\"robots\" content=\"index, follow, max-snippet:-1, max-image-preview:large, max-video-preview:-1\" \/>\n<link rel=\"canonical\" href=\"https:\/\/asteralabs.org\/es\/politica-de-privacidad\/\" \/>\n<meta property=\"og:locale\" content=\"es_ES\" \/>\n<meta property=\"og:type\" content=\"article\" \/>\n<meta property=\"og:title\" content=\"Pol\u00edtica de privacidad - Astera Labs\" \/>\n<meta property=\"og:description\" content=\"Pol\u00edtica de privacidad Esta pol\u00edtica de privacidad (&#8220;pol\u00edtica&#8221;) te ayudar\u00e1 a comprender c\u00f3mo Astera Labs (&#8220;nosotros&#8221;, &#8220;nos&#8221;, &#8220;nuestro&#8221;) utiliza y protege los datos que nos proporcionas cuando visitas y utilizas el sitio web https:\/\/asteralabs.org\/. Nos reservamos el derecho a modificar esta pol\u00edtica en cualquier momento, de lo que se te informar\u00e1 puntualmente. Si quieres asegurarte&hellip;\" \/>\n<meta property=\"og:url\" content=\"https:\/\/asteralabs.org\/es\/politica-de-privacidad\/\" \/>\n<meta property=\"og:site_name\" content=\"Astera Labs\" \/>\n<meta property=\"article:modified_time\" content=\"2025-01-30T13:16:55+00:00\" \/>\n<meta name=\"twitter:card\" content=\"summary_large_image\" \/>\n<script type=\"application\/ld+json\" class=\"yoast-schema-graph\">{\"@context\":\"https:\\\/\\\/schema.org\",\"@graph\":[{\"@type\":\"WebPage\",\"@id\":\"https:\\\/\\\/asteralabs.org\\\/es\\\/politica-de-privacidad\\\/\",\"url\":\"https:\\\/\\\/asteralabs.org\\\/es\\\/politica-de-privacidad\\\/\",\"name\":\"Pol\u00edtica de privacidad - Astera Labs\",\"isPartOf\":{\"@id\":\"https:\\\/\\\/asteralabs.org\\\/es\\\/#website\"},\"datePublished\":\"2023-02-21T19:32:09+00:00\",\"dateModified\":\"2025-01-30T13:16:55+00:00\",\"breadcrumb\":{\"@id\":\"https:\\\/\\\/asteralabs.org\\\/es\\\/politica-de-privacidad\\\/#breadcrumb\"},\"inLanguage\":\"es-ES\",\"potentialAction\":[{\"@type\":\"ReadAction\",\"target\":[\"https:\\\/\\\/asteralabs.org\\\/es\\\/politica-de-privacidad\\\/\"]}]},{\"@type\":\"BreadcrumbList\",\"@id\":\"https:\\\/\\\/asteralabs.org\\\/es\\\/politica-de-privacidad\\\/#breadcrumb\",\"itemListElement\":[{\"@type\":\"ListItem\",\"position\":1,\"name\":\"Home\",\"item\":\"https:\\\/\\\/asteralabs.org\\\/es\\\/\"},{\"@type\":\"ListItem\",\"position\":2,\"name\":\"Pol\u00edtica de privacidad\"}]},{\"@type\":\"WebSite\",\"@id\":\"https:\\\/\\\/asteralabs.org\\\/es\\\/#website\",\"url\":\"https:\\\/\\\/asteralabs.org\\\/es\\\/\",\"name\":\"Astera Labs\",\"description\":\"Improve Your Quality Of Life\",\"publisher\":{\"@id\":\"https:\\\/\\\/asteralabs.org\\\/es\\\/#organization\"},\"potentialAction\":[{\"@type\":\"SearchAction\",\"target\":{\"@type\":\"EntryPoint\",\"urlTemplate\":\"https:\\\/\\\/asteralabs.org\\\/es\\\/?s={search_term_string}\"},\"query-input\":{\"@type\":\"PropertyValueSpecification\",\"valueRequired\":true,\"valueName\":\"search_term_string\"}}],\"inLanguage\":\"es-ES\"},{\"@type\":\"Organization\",\"@id\":\"https:\\\/\\\/asteralabs.org\\\/es\\\/#organization\",\"name\":\"Astera Labs\",\"url\":\"https:\\\/\\\/asteralabs.org\\\/es\\\/\",\"logo\":{\"@type\":\"ImageObject\",\"inLanguage\":\"es-ES\",\"@id\":\"https:\\\/\\\/asteralabs.org\\\/es\\\/#\\\/schema\\\/logo\\\/image\\\/\",\"url\":\"https:\\\/\\\/asteralabs.org\\\/wp-content\\\/uploads\\\/2022\\\/12\\\/astera-2.png\",\"contentUrl\":\"https:\\\/\\\/asteralabs.org\\\/wp-content\\\/uploads\\\/2022\\\/12\\\/astera-2.png\",\"width\":437,\"height\":111,\"caption\":\"Astera Labs\"},\"image\":{\"@id\":\"https:\\\/\\\/asteralabs.org\\\/es\\\/#\\\/schema\\\/logo\\\/image\\\/\"}}]}<\/script>\n<!-- \/ Yoast SEO plugin. -->","yoast_head_json":{"title":"Pol\u00edtica de privacidad - Astera Labs","robots":{"index":"index","follow":"follow","max-snippet":"max-snippet:-1","max-image-preview":"max-image-preview:large","max-video-preview":"max-video-preview:-1"},"canonical":"https:\/\/asteralabs.org\/es\/politica-de-privacidad\/","og_locale":"es_ES","og_type":"article","og_title":"Pol\u00edtica de privacidad - Astera Labs","og_description":"Pol\u00edtica de privacidad Esta pol\u00edtica de privacidad (&#8220;pol\u00edtica&#8221;) te ayudar\u00e1 a comprender c\u00f3mo Astera Labs (&#8220;nosotros&#8221;, &#8220;nos&#8221;, &#8220;nuestro&#8221;) utiliza y protege los datos que nos proporcionas cuando visitas y utilizas el sitio web https:\/\/asteralabs.org\/. Nos reservamos el derecho a modificar esta pol\u00edtica en cualquier momento, de lo que se te informar\u00e1 puntualmente. Si quieres asegurarte&hellip;","og_url":"https:\/\/asteralabs.org\/es\/politica-de-privacidad\/","og_site_name":"Astera Labs","article_modified_time":"2025-01-30T13:16:55+00:00","twitter_card":"summary_large_image","schema":{"@context":"https:\/\/schema.org","@graph":[{"@type":"WebPage","@id":"https:\/\/asteralabs.org\/es\/politica-de-privacidad\/","url":"https:\/\/asteralabs.org\/es\/politica-de-privacidad\/","name":"Pol\u00edtica de privacidad - Astera Labs","isPartOf":{"@id":"https:\/\/asteralabs.org\/es\/#website"},"datePublished":"2023-02-21T19:32:09+00:00","dateModified":"2025-01-30T13:16:55+00:00","breadcrumb":{"@id":"https:\/\/asteralabs.org\/es\/politica-de-privacidad\/#breadcrumb"},"inLanguage":"es-ES","potentialAction":[{"@type":"ReadAction","target":["https:\/\/asteralabs.org\/es\/politica-de-privacidad\/"]}]},{"@type":"BreadcrumbList","@id":"https:\/\/asteralabs.org\/es\/politica-de-privacidad\/#breadcrumb","itemListElement":[{"@type":"ListItem","position":1,"name":"Home","item":"https:\/\/asteralabs.org\/es\/"},{"@type":"ListItem","position":2,"name":"Pol\u00edtica de privacidad"}]},{"@type":"WebSite","@id":"https:\/\/asteralabs.org\/es\/#website","url":"https:\/\/asteralabs.org\/es\/","name":"Astera Labs","description":"Improve Your Quality Of Life","publisher":{"@id":"https:\/\/asteralabs.org\/es\/#organization"},"potentialAction":[{"@type":"SearchAction","target":{"@type":"EntryPoint","urlTemplate":"https:\/\/asteralabs.org\/es\/?s={search_term_string}"},"query-input":{"@type":"PropertyValueSpecification","valueRequired":true,"valueName":"search_term_string"}}],"inLanguage":"es-ES"},{"@type":"Organization","@id":"https:\/\/asteralabs.org\/es\/#organization","name":"Astera Labs","url":"https:\/\/asteralabs.org\/es\/","logo":{"@type":"ImageObject","inLanguage":"es-ES","@id":"https:\/\/asteralabs.org\/es\/#\/schema\/logo\/image\/","url":"https:\/\/asteralabs.org\/wp-content\/uploads\/2022\/12\/astera-2.png","contentUrl":"https:\/\/asteralabs.org\/wp-content\/uploads\/2022\/12\/astera-2.png","width":437,"height":111,"caption":"Astera Labs"},"image":{"@id":"https:\/\/asteralabs.org\/es\/#\/schema\/logo\/image\/"}}]}},"_links":{"self":[{"href":"https:\/\/asteralabs.org\/es\/wp-json\/wp\/v2\/pages\/77116","targetHints":{"allow":["GET"]}}],"collection":[{"href":"https:\/\/asteralabs.org\/es\/wp-json\/wp\/v2\/pages"}],"about":[{"href":"https:\/\/asteralabs.org\/es\/wp-json\/wp\/v2\/types\/page"}],"author":[{"embeddable":true,"href":"https:\/\/asteralabs.org\/es\/wp-json\/wp\/v2\/users\/1"}],"replies":[{"embeddable":true,"href":"https:\/\/asteralabs.org\/es\/wp-json\/wp\/v2\/comments?post=77116"}],"version-history":[{"count":3,"href":"https:\/\/asteralabs.org\/es\/wp-json\/wp\/v2\/pages\/77116\/revisions"}],"predecessor-version":[{"id":78438,"href":"https:\/\/asteralabs.org\/es\/wp-json\/wp\/v2\/pages\/77116\/revisions\/78438"}],"wp:attachment":[{"href":"https:\/\/asteralabs.org\/es\/wp-json\/wp\/v2\/media?parent=77116"}],"curies":[{"name":"wp","href":"https:\/\/api.w.org\/{rel}","templated":true}]}}