{"id":77659,"date":"2022-10-30T18:28:38","date_gmt":"2022-10-30T18:28:38","guid":{"rendered":"https:\/\/asteralabs.org\/product\/enantato-de-drostanolona\/"},"modified":"2026-01-15T08:49:28","modified_gmt":"2026-01-15T08:49:28","slug":"enantato-de-drostanolona","status":"publish","type":"product","link":"https:\/\/asteralabs.org\/es\/product\/enantato-de-drostanolona\/","title":{"rendered":"Enantato de drostanolona"},"content":{"rendered":"<p><strong>DOSIFICACI\u00d3N:<\/strong><br \/>\nEnantato de Drostanolona 200mg\/ml<\/p>\n<p><strong>CONTENIDO DEL ENVASE:<\/strong><br \/>\n1 vial de 10ML, 200 mg por ml<\/p>\n<p><strong>QU\u00c9 ES:<\/strong><br \/>\n<span style=\"font-weight: 400;\">El Enantato de Drostanolona es un esteroide anab\u00f3lico inyectable con una <\/span><span style=\"font-weight: 400;\">alta<\/span><span style=\"font-weight: 400;\"> potencia androg\u00e9nica. <\/span><span style=\"font-weight: 400;\">Debido a estos \u00edndices androg\u00e9nicos,<\/span><span style=\"font-weight: 400;\"> se suele utilizar durante los ciclos de corte para mejorar la p\u00e9rdida de grasa, suele provocar un aspecto seco y duro si se utiliza correctamente<\/span><span style=\"font-weight: 400;\">. Tambi\u00e9n<\/span><span style=\"font-weight: 400;\"> es \u00fatil como apoyo androg\u00e9nico durante un ciclo con Nandrolona<\/span><span style=\"font-weight: 400;\">, <\/span><span style=\"font-weight: 400;\">para evitar que la conversi\u00f3n de <\/span><span style=\"font-weight: 400;\">esta<\/span><span style=\"font-weight: 400;\"> en DHN provoque efectos secundarios no deseados.<\/span><\/p>\n<p><strong>C\u00d3MO USARLO:<\/strong><br \/>\n<span style=\"font-weight: 400;\">Las dosis normales suelen ser de 400 a 600 mg por semana para principiantes y atletas de nivel intermedio. <\/span><span style=\"font-weight: 400;\">Sin embargo, existe<\/span><span style=\"font-weight: 400;\"> la posibilidad de utilizar de 800 a 1000 mg por semana con fines espec\u00edficos o competitivos. Se suele utilizar <\/span><span style=\"font-weight: 400;\">durante periodos<\/span><span style=\"font-weight: 400;\"> de 10 a 16 semanas. Al tener una gran potencia androg\u00e9nica, no se recomienda su uso en mujeres, salvo en casos muy concretos (fines competitivos), en periodos de tiempo muy cortos y a dosis muy bajas.<\/span><\/p>\n<p><strong>INFORMACI\u00d3N DEL LOTE:<br \/>\n<\/strong>N\u00ba de lote: <span data-sheets-root=\"1\" data-sheets-value=\"{\" data-sheets-userformat=\"{\">OI10210<\/span><br \/>\nFecha de fabricaci\u00f3n: <span data-sheets-root=\"1\" data-sheets-value=\"{\" data-sheets-userformat=\"{\">10.2025.<\/span><br \/>\nFecha de caducidad: <span data-sheets-root=\"1\" data-sheets-value=\"{\" data-sheets-userformat=\"{\">10.2028.<\/span><\/p>\n","protected":false},"excerpt":{"rendered":"<p>DOSIFICACI\u00d3N: Enantato de Drostanolona 200mg\/ml CONTENIDO DEL ENVASE: 1 vial de 10ML, 200 mg por ml QU\u00c9 ES: El Enantato de Drostanolona es un esteroide anab\u00f3lico inyectable con una alta potencia androg\u00e9nica. Debido a estos \u00edndices androg\u00e9nicos, se suele utilizar durante los ciclos de corte para mejorar la p\u00e9rdida de grasa, suele provocar un aspecto&hellip;<\/p>\n","protected":false},"featured_media":74837,"comment_status":"open","ping_status":"closed","template":"","meta":[],"product_cat":[164,163],"product_tag":[168],"yoast_head":"<!-- This site is optimized with the Yoast SEO plugin v23.0 - https:\/\/yoast.com\/wordpress\/plugins\/seo\/ -->\n<title>Enantato de drostanolona - Astera Labs<\/title>\n<meta name=\"robots\" content=\"index, follow, max-snippet:-1, max-image-preview:large, max-video-preview:-1\" \/>\n<link rel=\"canonical\" href=\"https:\/\/asteralabs.org\/es\/product\/enantato-de-drostanolona\/\" \/>\n<meta property=\"og:locale\" content=\"es_ES\" \/>\n<meta property=\"og:type\" content=\"article\" \/>\n<meta property=\"og:title\" content=\"Enantato de drostanolona - Astera Labs\" \/>\n<meta property=\"og:description\" content=\"DOSIFICACI\u00d3N: Enantato de Drostanolona 200mg\/ml CONTENIDO DEL ENVASE: 1 vial de 10ML, 200 mg por ml QU\u00c9 ES: El Enantato de Drostanolona es un esteroide anab\u00f3lico inyectable con una alta potencia androg\u00e9nica. Debido a estos \u00edndices androg\u00e9nicos, se suele utilizar durante los ciclos de corte para mejorar la p\u00e9rdida de grasa, suele provocar un aspecto&hellip;\" \/>\n<meta property=\"og:url\" content=\"https:\/\/asteralabs.org\/es\/product\/enantato-de-drostanolona\/\" \/>\n<meta property=\"og:site_name\" content=\"Astera Labs\" \/>\n<meta property=\"article:modified_time\" content=\"2026-01-15T08:49:28+00:00\" \/>\n<meta property=\"og:image\" content=\"https:\/\/asteralabs.org\/wp-content\/uploads\/2022\/10\/121.png\" \/>\n\t<meta property=\"og:image:width\" content=\"2000\" \/>\n\t<meta property=\"og:image:height\" content=\"2000\" \/>\n\t<meta property=\"og:image:type\" content=\"image\/png\" \/>\n<meta name=\"twitter:card\" content=\"summary_large_image\" \/>\n<script type=\"application\/ld+json\" class=\"yoast-schema-graph\">{\"@context\":\"https:\/\/schema.org\",\"@graph\":[{\"@type\":\"WebPage\",\"@id\":\"https:\/\/asteralabs.org\/es\/product\/enantato-de-drostanolona\/\",\"url\":\"https:\/\/asteralabs.org\/es\/product\/enantato-de-drostanolona\/\",\"name\":\"Enantato de drostanolona - Astera Labs\",\"isPartOf\":{\"@id\":\"https:\/\/asteralabs.org\/es\/#website\"},\"primaryImageOfPage\":{\"@id\":\"https:\/\/asteralabs.org\/es\/product\/enantato-de-drostanolona\/#primaryimage\"},\"image\":{\"@id\":\"https:\/\/asteralabs.org\/es\/product\/enantato-de-drostanolona\/#primaryimage\"},\"thumbnailUrl\":\"https:\/\/asteralabs.org\/wp-content\/uploads\/2022\/10\/121.png\",\"datePublished\":\"2022-10-30T18:28:38+00:00\",\"dateModified\":\"2026-01-15T08:49:28+00:00\",\"breadcrumb\":{\"@id\":\"https:\/\/asteralabs.org\/es\/product\/enantato-de-drostanolona\/#breadcrumb\"},\"inLanguage\":\"es\",\"potentialAction\":[{\"@type\":\"ReadAction\",\"target\":[\"https:\/\/asteralabs.org\/es\/product\/enantato-de-drostanolona\/\"]}]},{\"@type\":\"ImageObject\",\"inLanguage\":\"es\",\"@id\":\"https:\/\/asteralabs.org\/es\/product\/enantato-de-drostanolona\/#primaryimage\",\"url\":\"https:\/\/asteralabs.org\/wp-content\/uploads\/2022\/10\/121.png\",\"contentUrl\":\"https:\/\/asteralabs.org\/wp-content\/uploads\/2022\/10\/121.png\",\"width\":2000,\"height\":2000},{\"@type\":\"BreadcrumbList\",\"@id\":\"https:\/\/asteralabs.org\/es\/product\/enantato-de-drostanolona\/#breadcrumb\",\"itemListElement\":[{\"@type\":\"ListItem\",\"position\":1,\"name\":\"Home\",\"item\":\"https:\/\/asteralabs.org\/es\/\"},{\"@type\":\"ListItem\",\"position\":2,\"name\":\"Tienda\",\"item\":\"https:\/\/asteralabs.org\/tienda\/\"},{\"@type\":\"ListItem\",\"position\":3,\"name\":\"Enantato de drostanolona\"}]},{\"@type\":\"WebSite\",\"@id\":\"https:\/\/asteralabs.org\/es\/#website\",\"url\":\"https:\/\/asteralabs.org\/es\/\",\"name\":\"Astera Labs\",\"description\":\"Improve Your Quality Of Life\",\"publisher\":{\"@id\":\"https:\/\/asteralabs.org\/es\/#organization\"},\"potentialAction\":[{\"@type\":\"SearchAction\",\"target\":{\"@type\":\"EntryPoint\",\"urlTemplate\":\"https:\/\/asteralabs.org\/es\/?s={search_term_string}\"},\"query-input\":\"required name=search_term_string\"}],\"inLanguage\":\"es\"},{\"@type\":\"Organization\",\"@id\":\"https:\/\/asteralabs.org\/es\/#organization\",\"name\":\"Astera Labs\",\"url\":\"https:\/\/asteralabs.org\/es\/\",\"logo\":{\"@type\":\"ImageObject\",\"inLanguage\":\"es\",\"@id\":\"https:\/\/asteralabs.org\/es\/#\/schema\/logo\/image\/\",\"url\":\"https:\/\/asteralabs.org\/wp-content\/uploads\/2022\/12\/astera-2.png\",\"contentUrl\":\"https:\/\/asteralabs.org\/wp-content\/uploads\/2022\/12\/astera-2.png\",\"width\":437,\"height\":111,\"caption\":\"Astera Labs\"},\"image\":{\"@id\":\"https:\/\/asteralabs.org\/es\/#\/schema\/logo\/image\/\"}}]}<\/script>\n<!-- \/ Yoast SEO plugin. -->","yoast_head_json":{"title":"Enantato de drostanolona - Astera Labs","robots":{"index":"index","follow":"follow","max-snippet":"max-snippet:-1","max-image-preview":"max-image-preview:large","max-video-preview":"max-video-preview:-1"},"canonical":"https:\/\/asteralabs.org\/es\/product\/enantato-de-drostanolona\/","og_locale":"es_ES","og_type":"article","og_title":"Enantato de drostanolona - Astera Labs","og_description":"DOSIFICACI\u00d3N: Enantato de Drostanolona 200mg\/ml CONTENIDO DEL ENVASE: 1 vial de 10ML, 200 mg por ml QU\u00c9 ES: El Enantato de Drostanolona es un esteroide anab\u00f3lico inyectable con una alta potencia androg\u00e9nica. Debido a estos \u00edndices androg\u00e9nicos, se suele utilizar durante los ciclos de corte para mejorar la p\u00e9rdida de grasa, suele provocar un aspecto&hellip;","og_url":"https:\/\/asteralabs.org\/es\/product\/enantato-de-drostanolona\/","og_site_name":"Astera Labs","article_modified_time":"2026-01-15T08:49:28+00:00","og_image":[{"width":2000,"height":2000,"url":"https:\/\/asteralabs.org\/wp-content\/uploads\/2022\/10\/121.png","type":"image\/png"}],"twitter_card":"summary_large_image","schema":{"@context":"https:\/\/schema.org","@graph":[{"@type":"WebPage","@id":"https:\/\/asteralabs.org\/es\/product\/enantato-de-drostanolona\/","url":"https:\/\/asteralabs.org\/es\/product\/enantato-de-drostanolona\/","name":"Enantato de drostanolona - Astera Labs","isPartOf":{"@id":"https:\/\/asteralabs.org\/es\/#website"},"primaryImageOfPage":{"@id":"https:\/\/asteralabs.org\/es\/product\/enantato-de-drostanolona\/#primaryimage"},"image":{"@id":"https:\/\/asteralabs.org\/es\/product\/enantato-de-drostanolona\/#primaryimage"},"thumbnailUrl":"https:\/\/asteralabs.org\/wp-content\/uploads\/2022\/10\/121.png","datePublished":"2022-10-30T18:28:38+00:00","dateModified":"2026-01-15T08:49:28+00:00","breadcrumb":{"@id":"https:\/\/asteralabs.org\/es\/product\/enantato-de-drostanolona\/#breadcrumb"},"inLanguage":"es","potentialAction":[{"@type":"ReadAction","target":["https:\/\/asteralabs.org\/es\/product\/enantato-de-drostanolona\/"]}]},{"@type":"ImageObject","inLanguage":"es","@id":"https:\/\/asteralabs.org\/es\/product\/enantato-de-drostanolona\/#primaryimage","url":"https:\/\/asteralabs.org\/wp-content\/uploads\/2022\/10\/121.png","contentUrl":"https:\/\/asteralabs.org\/wp-content\/uploads\/2022\/10\/121.png","width":2000,"height":2000},{"@type":"BreadcrumbList","@id":"https:\/\/asteralabs.org\/es\/product\/enantato-de-drostanolona\/#breadcrumb","itemListElement":[{"@type":"ListItem","position":1,"name":"Home","item":"https:\/\/asteralabs.org\/es\/"},{"@type":"ListItem","position":2,"name":"Tienda","item":"https:\/\/asteralabs.org\/tienda\/"},{"@type":"ListItem","position":3,"name":"Enantato de drostanolona"}]},{"@type":"WebSite","@id":"https:\/\/asteralabs.org\/es\/#website","url":"https:\/\/asteralabs.org\/es\/","name":"Astera Labs","description":"Improve Your Quality Of Life","publisher":{"@id":"https:\/\/asteralabs.org\/es\/#organization"},"potentialAction":[{"@type":"SearchAction","target":{"@type":"EntryPoint","urlTemplate":"https:\/\/asteralabs.org\/es\/?s={search_term_string}"},"query-input":"required name=search_term_string"}],"inLanguage":"es"},{"@type":"Organization","@id":"https:\/\/asteralabs.org\/es\/#organization","name":"Astera Labs","url":"https:\/\/asteralabs.org\/es\/","logo":{"@type":"ImageObject","inLanguage":"es","@id":"https:\/\/asteralabs.org\/es\/#\/schema\/logo\/image\/","url":"https:\/\/asteralabs.org\/wp-content\/uploads\/2022\/12\/astera-2.png","contentUrl":"https:\/\/asteralabs.org\/wp-content\/uploads\/2022\/12\/astera-2.png","width":437,"height":111,"caption":"Astera Labs"},"image":{"@id":"https:\/\/asteralabs.org\/es\/#\/schema\/logo\/image\/"}}]}},"_links":{"self":[{"href":"https:\/\/asteralabs.org\/es\/wp-json\/wp\/v2\/product\/77659"}],"collection":[{"href":"https:\/\/asteralabs.org\/es\/wp-json\/wp\/v2\/product"}],"about":[{"href":"https:\/\/asteralabs.org\/es\/wp-json\/wp\/v2\/types\/product"}],"replies":[{"embeddable":true,"href":"https:\/\/asteralabs.org\/es\/wp-json\/wp\/v2\/comments?post=77659"}],"version-history":[{"count":1,"href":"https:\/\/asteralabs.org\/es\/wp-json\/wp\/v2\/product\/77659\/revisions"}],"predecessor-version":[{"id":78694,"href":"https:\/\/asteralabs.org\/es\/wp-json\/wp\/v2\/product\/77659\/revisions\/78694"}],"wp:featuredmedia":[{"embeddable":true,"href":"https:\/\/asteralabs.org\/es\/wp-json\/wp\/v2\/media\/74837"}],"wp:attachment":[{"href":"https:\/\/asteralabs.org\/es\/wp-json\/wp\/v2\/media?parent=77659"}],"wp:term":[{"taxonomy":"product_cat","embeddable":true,"href":"https:\/\/asteralabs.org\/es\/wp-json\/wp\/v2\/product_cat?post=77659"},{"taxonomy":"product_tag","embeddable":true,"href":"https:\/\/asteralabs.org\/es\/wp-json\/wp\/v2\/product_tag?post=77659"}],"curies":[{"name":"wp","href":"https:\/\/api.w.org\/{rel}","templated":true}]}}