{"id":77666,"date":"2022-11-05T20:06:18","date_gmt":"2022-11-05T20:06:18","guid":{"rendered":"https:\/\/asteralabs.org\/product\/sustanon-300-mg\/"},"modified":"2026-01-15T13:51:32","modified_gmt":"2026-01-15T13:51:32","slug":"sustanon-300-mg","status":"publish","type":"product","link":"https:\/\/asteralabs.org\/es\/product\/sustanon-300-mg\/","title":{"rendered":"Sustanon 300 mg"},"content":{"rendered":"<p><strong>DOSIFICACI\u00d3N:<\/strong><br \/>\nDecanoato de Testosterona 120mg\/ml<br \/>\nIsocaproato de Testosterona 72mg\/ml<br \/>\nFenilpropionato de Testosterona 72mg\/ml<br \/>\nPropionato de Testosterona 36mg\/ml <strong>CONTENIDO DEL ENVASE:<\/strong><br \/>\n1 vial de 10ML, 300 mg por ml <strong>QU\u00c9 ES: <\/strong><br \/>\nEs una combinaci\u00f3n de diferentes \u00e9steres de testosterona. Aunque su concentraci\u00f3n es bastante elevada, la combinaci\u00f3n de diferentes \u00e9steres hace que su grado de tolerancia sea muy alto. Aunque tiene varios \u00e9steres largos que mantienen estables los niveles en sangre durante largos periodos de tiempo, como tambi\u00e9n tiene varios \u00e9steres cortos, se recomienda utilizar un protocolo de inyecci\u00f3n basado en la vida media del producto. <strong>C\u00d3MO USARLO: <\/strong><br \/>\nAl ser un producto a base de testosterona, puede tener diferentes usos, puede utilizarse como TRT, puede utilizarse como ciclo \u00fanico o puede servir de base para un ciclo con diferentes sustancias. La dosis a utilizar puede variar dependiendo del prop\u00f3sito, dosis de 100mg a 1000mg semanales es algo bastante com\u00fan.<\/p>\n<p><strong>INFORMACI\u00d3N DEL LOTE:<br \/>\n<\/strong>N\u00ba de lote: <span data-sheets-root=\"1\" data-sheets-value=\"{\" data-sheets-userformat=\"{\">ZE37285<\/span><br \/>\nFecha de fabricaci\u00f3n: <span data-sheets-root=\"1\" data-sheets-value=\"{\" data-sheets-userformat=\"{\">10.2025.<\/span><br \/>\nFecha de caducidad: <span data-sheets-root=\"1\" data-sheets-value=\"{\" data-sheets-userformat=\"{\">10.2028.<\/span><\/p>\n","protected":false},"excerpt":{"rendered":"<p>DOSIFICACI\u00d3N: Decanoato de Testosterona 120mg\/ml Isocaproato de Testosterona 72mg\/ml Fenilpropionato de Testosterona 72mg\/ml Propionato de Testosterona 36mg\/ml CONTENIDO DEL ENVASE: 1 vial de 10ML, 300 mg por ml QU\u00c9 ES: Es una combinaci\u00f3n de diferentes \u00e9steres de testosterona. Aunque su concentraci\u00f3n es bastante elevada, la combinaci\u00f3n de diferentes \u00e9steres hace que su grado de tolerancia&hellip;<\/p>\n","protected":false},"featured_media":76037,"comment_status":"open","ping_status":"closed","template":"","meta":[],"product_cat":[164,163],"product_tag":[],"yoast_head":"<!-- This site is optimized with the Yoast SEO plugin v23.0 - https:\/\/yoast.com\/wordpress\/plugins\/seo\/ -->\n<title>Sustanon 300 mg - Astera Labs<\/title>\n<meta name=\"robots\" content=\"index, follow, max-snippet:-1, max-image-preview:large, max-video-preview:-1\" \/>\n<link rel=\"canonical\" href=\"https:\/\/asteralabs.org\/es\/product\/sustanon-300-mg\/\" \/>\n<meta property=\"og:locale\" content=\"es_ES\" \/>\n<meta property=\"og:type\" content=\"article\" \/>\n<meta property=\"og:title\" content=\"Sustanon 300 mg - Astera Labs\" \/>\n<meta property=\"og:description\" content=\"DOSIFICACI\u00d3N: Decanoato de Testosterona 120mg\/ml Isocaproato de Testosterona 72mg\/ml Fenilpropionato de Testosterona 72mg\/ml Propionato de Testosterona 36mg\/ml CONTENIDO DEL ENVASE: 1 vial de 10ML, 300 mg por ml QU\u00c9 ES: Es una combinaci\u00f3n de diferentes \u00e9steres de testosterona. Aunque su concentraci\u00f3n es bastante elevada, la combinaci\u00f3n de diferentes \u00e9steres hace que su grado de tolerancia&hellip;\" \/>\n<meta property=\"og:url\" content=\"https:\/\/asteralabs.org\/es\/product\/sustanon-300-mg\/\" \/>\n<meta property=\"og:site_name\" content=\"Astera Labs\" \/>\n<meta property=\"article:modified_time\" content=\"2026-01-15T13:51:32+00:00\" \/>\n<meta property=\"og:image\" content=\"https:\/\/asteralabs.org\/wp-content\/uploads\/2022\/11\/Sustanon-300mg-inject-nbg.png\" \/>\n\t<meta property=\"og:image:width\" content=\"2000\" \/>\n\t<meta property=\"og:image:height\" content=\"2000\" \/>\n\t<meta property=\"og:image:type\" content=\"image\/png\" \/>\n<meta name=\"twitter:card\" content=\"summary_large_image\" \/>\n<script type=\"application\/ld+json\" class=\"yoast-schema-graph\">{\"@context\":\"https:\/\/schema.org\",\"@graph\":[{\"@type\":\"WebPage\",\"@id\":\"https:\/\/asteralabs.org\/es\/product\/sustanon-300-mg\/\",\"url\":\"https:\/\/asteralabs.org\/es\/product\/sustanon-300-mg\/\",\"name\":\"Sustanon 300 mg - Astera Labs\",\"isPartOf\":{\"@id\":\"https:\/\/asteralabs.org\/es\/#website\"},\"primaryImageOfPage\":{\"@id\":\"https:\/\/asteralabs.org\/es\/product\/sustanon-300-mg\/#primaryimage\"},\"image\":{\"@id\":\"https:\/\/asteralabs.org\/es\/product\/sustanon-300-mg\/#primaryimage\"},\"thumbnailUrl\":\"https:\/\/asteralabs.org\/wp-content\/uploads\/2022\/11\/Sustanon-300mg-inject-nbg.png\",\"datePublished\":\"2022-11-05T20:06:18+00:00\",\"dateModified\":\"2026-01-15T13:51:32+00:00\",\"breadcrumb\":{\"@id\":\"https:\/\/asteralabs.org\/es\/product\/sustanon-300-mg\/#breadcrumb\"},\"inLanguage\":\"es\",\"potentialAction\":[{\"@type\":\"ReadAction\",\"target\":[\"https:\/\/asteralabs.org\/es\/product\/sustanon-300-mg\/\"]}]},{\"@type\":\"ImageObject\",\"inLanguage\":\"es\",\"@id\":\"https:\/\/asteralabs.org\/es\/product\/sustanon-300-mg\/#primaryimage\",\"url\":\"https:\/\/asteralabs.org\/wp-content\/uploads\/2022\/11\/Sustanon-300mg-inject-nbg.png\",\"contentUrl\":\"https:\/\/asteralabs.org\/wp-content\/uploads\/2022\/11\/Sustanon-300mg-inject-nbg.png\",\"width\":2000,\"height\":2000},{\"@type\":\"BreadcrumbList\",\"@id\":\"https:\/\/asteralabs.org\/es\/product\/sustanon-300-mg\/#breadcrumb\",\"itemListElement\":[{\"@type\":\"ListItem\",\"position\":1,\"name\":\"Home\",\"item\":\"https:\/\/asteralabs.org\/es\/\"},{\"@type\":\"ListItem\",\"position\":2,\"name\":\"Tienda\",\"item\":\"https:\/\/asteralabs.org\/tienda\/\"},{\"@type\":\"ListItem\",\"position\":3,\"name\":\"Sustanon 300 mg\"}]},{\"@type\":\"WebSite\",\"@id\":\"https:\/\/asteralabs.org\/es\/#website\",\"url\":\"https:\/\/asteralabs.org\/es\/\",\"name\":\"Astera Labs\",\"description\":\"Improve Your Quality Of Life\",\"publisher\":{\"@id\":\"https:\/\/asteralabs.org\/es\/#organization\"},\"potentialAction\":[{\"@type\":\"SearchAction\",\"target\":{\"@type\":\"EntryPoint\",\"urlTemplate\":\"https:\/\/asteralabs.org\/es\/?s={search_term_string}\"},\"query-input\":\"required name=search_term_string\"}],\"inLanguage\":\"es\"},{\"@type\":\"Organization\",\"@id\":\"https:\/\/asteralabs.org\/es\/#organization\",\"name\":\"Astera Labs\",\"url\":\"https:\/\/asteralabs.org\/es\/\",\"logo\":{\"@type\":\"ImageObject\",\"inLanguage\":\"es\",\"@id\":\"https:\/\/asteralabs.org\/es\/#\/schema\/logo\/image\/\",\"url\":\"https:\/\/asteralabs.org\/wp-content\/uploads\/2022\/12\/astera-2.png\",\"contentUrl\":\"https:\/\/asteralabs.org\/wp-content\/uploads\/2022\/12\/astera-2.png\",\"width\":437,\"height\":111,\"caption\":\"Astera Labs\"},\"image\":{\"@id\":\"https:\/\/asteralabs.org\/es\/#\/schema\/logo\/image\/\"}}]}<\/script>\n<!-- \/ Yoast SEO plugin. -->","yoast_head_json":{"title":"Sustanon 300 mg - Astera Labs","robots":{"index":"index","follow":"follow","max-snippet":"max-snippet:-1","max-image-preview":"max-image-preview:large","max-video-preview":"max-video-preview:-1"},"canonical":"https:\/\/asteralabs.org\/es\/product\/sustanon-300-mg\/","og_locale":"es_ES","og_type":"article","og_title":"Sustanon 300 mg - Astera Labs","og_description":"DOSIFICACI\u00d3N: Decanoato de Testosterona 120mg\/ml Isocaproato de Testosterona 72mg\/ml Fenilpropionato de Testosterona 72mg\/ml Propionato de Testosterona 36mg\/ml CONTENIDO DEL ENVASE: 1 vial de 10ML, 300 mg por ml QU\u00c9 ES: Es una combinaci\u00f3n de diferentes \u00e9steres de testosterona. Aunque su concentraci\u00f3n es bastante elevada, la combinaci\u00f3n de diferentes \u00e9steres hace que su grado de tolerancia&hellip;","og_url":"https:\/\/asteralabs.org\/es\/product\/sustanon-300-mg\/","og_site_name":"Astera Labs","article_modified_time":"2026-01-15T13:51:32+00:00","og_image":[{"width":2000,"height":2000,"url":"https:\/\/asteralabs.org\/wp-content\/uploads\/2022\/11\/Sustanon-300mg-inject-nbg.png","type":"image\/png"}],"twitter_card":"summary_large_image","schema":{"@context":"https:\/\/schema.org","@graph":[{"@type":"WebPage","@id":"https:\/\/asteralabs.org\/es\/product\/sustanon-300-mg\/","url":"https:\/\/asteralabs.org\/es\/product\/sustanon-300-mg\/","name":"Sustanon 300 mg - Astera Labs","isPartOf":{"@id":"https:\/\/asteralabs.org\/es\/#website"},"primaryImageOfPage":{"@id":"https:\/\/asteralabs.org\/es\/product\/sustanon-300-mg\/#primaryimage"},"image":{"@id":"https:\/\/asteralabs.org\/es\/product\/sustanon-300-mg\/#primaryimage"},"thumbnailUrl":"https:\/\/asteralabs.org\/wp-content\/uploads\/2022\/11\/Sustanon-300mg-inject-nbg.png","datePublished":"2022-11-05T20:06:18+00:00","dateModified":"2026-01-15T13:51:32+00:00","breadcrumb":{"@id":"https:\/\/asteralabs.org\/es\/product\/sustanon-300-mg\/#breadcrumb"},"inLanguage":"es","potentialAction":[{"@type":"ReadAction","target":["https:\/\/asteralabs.org\/es\/product\/sustanon-300-mg\/"]}]},{"@type":"ImageObject","inLanguage":"es","@id":"https:\/\/asteralabs.org\/es\/product\/sustanon-300-mg\/#primaryimage","url":"https:\/\/asteralabs.org\/wp-content\/uploads\/2022\/11\/Sustanon-300mg-inject-nbg.png","contentUrl":"https:\/\/asteralabs.org\/wp-content\/uploads\/2022\/11\/Sustanon-300mg-inject-nbg.png","width":2000,"height":2000},{"@type":"BreadcrumbList","@id":"https:\/\/asteralabs.org\/es\/product\/sustanon-300-mg\/#breadcrumb","itemListElement":[{"@type":"ListItem","position":1,"name":"Home","item":"https:\/\/asteralabs.org\/es\/"},{"@type":"ListItem","position":2,"name":"Tienda","item":"https:\/\/asteralabs.org\/tienda\/"},{"@type":"ListItem","position":3,"name":"Sustanon 300 mg"}]},{"@type":"WebSite","@id":"https:\/\/asteralabs.org\/es\/#website","url":"https:\/\/asteralabs.org\/es\/","name":"Astera Labs","description":"Improve Your Quality Of Life","publisher":{"@id":"https:\/\/asteralabs.org\/es\/#organization"},"potentialAction":[{"@type":"SearchAction","target":{"@type":"EntryPoint","urlTemplate":"https:\/\/asteralabs.org\/es\/?s={search_term_string}"},"query-input":"required name=search_term_string"}],"inLanguage":"es"},{"@type":"Organization","@id":"https:\/\/asteralabs.org\/es\/#organization","name":"Astera Labs","url":"https:\/\/asteralabs.org\/es\/","logo":{"@type":"ImageObject","inLanguage":"es","@id":"https:\/\/asteralabs.org\/es\/#\/schema\/logo\/image\/","url":"https:\/\/asteralabs.org\/wp-content\/uploads\/2022\/12\/astera-2.png","contentUrl":"https:\/\/asteralabs.org\/wp-content\/uploads\/2022\/12\/astera-2.png","width":437,"height":111,"caption":"Astera Labs"},"image":{"@id":"https:\/\/asteralabs.org\/es\/#\/schema\/logo\/image\/"}}]}},"_links":{"self":[{"href":"https:\/\/asteralabs.org\/es\/wp-json\/wp\/v2\/product\/77666"}],"collection":[{"href":"https:\/\/asteralabs.org\/es\/wp-json\/wp\/v2\/product"}],"about":[{"href":"https:\/\/asteralabs.org\/es\/wp-json\/wp\/v2\/types\/product"}],"replies":[{"embeddable":true,"href":"https:\/\/asteralabs.org\/es\/wp-json\/wp\/v2\/comments?post=77666"}],"version-history":[{"count":0,"href":"https:\/\/asteralabs.org\/es\/wp-json\/wp\/v2\/product\/77666\/revisions"}],"wp:featuredmedia":[{"embeddable":true,"href":"https:\/\/asteralabs.org\/es\/wp-json\/wp\/v2\/media\/76037"}],"wp:attachment":[{"href":"https:\/\/asteralabs.org\/es\/wp-json\/wp\/v2\/media?parent=77666"}],"wp:term":[{"taxonomy":"product_cat","embeddable":true,"href":"https:\/\/asteralabs.org\/es\/wp-json\/wp\/v2\/product_cat?post=77666"},{"taxonomy":"product_tag","embeddable":true,"href":"https:\/\/asteralabs.org\/es\/wp-json\/wp\/v2\/product_tag?post=77666"}],"curies":[{"name":"wp","href":"https:\/\/api.w.org\/{rel}","templated":true}]}}