{"id":77677,"date":"2022-11-05T21:56:41","date_gmt":"2022-11-05T21:56:41","guid":{"rendered":"https:\/\/asteralabs.org\/product\/acetato-de-boldenona\/"},"modified":"2026-01-15T08:10:05","modified_gmt":"2026-01-15T08:10:05","slug":"acetato-de-boldenona","status":"publish","type":"product","link":"https:\/\/asteralabs.org\/es\/product\/acetato-de-boldenona\/","title":{"rendered":"Acetato de Boldenona"},"content":{"rendered":"<p><strong>DOSIFICACI\u00d3N<\/strong>:<br \/>\nAcetato de Boldenona 50mg\/ml <strong>CONTENIDO DEL ENVASE:<\/strong><br \/>\n1 vial de 10ML, 50 mg por ml <strong>QU\u00c9 ES:<\/strong><br \/>\nEl acetato de boldenona es un esteroide poco com\u00fan, uno de los mayores inconvenientes de la boldenona es que sus \u00e9steres tienen un gran peso molecular, lo que dificulta su asimilaci\u00f3n, reduciendo el peso del \u00e9ster se puede convertir un esteroide que normalmente se considera &#8220;suave&#8221; en un esteroide bastante potente. C\u00d3MO <strong>USARLO:<\/strong><br \/>\nSe recomienda empezar usando una dosis peque\u00f1a porque el Acetato de Boldenona puede causar PIP y reacciones parecidas a la gripe en algunas personas. Hay muy poca informaci\u00f3n disponible sobre este esteroide, por lo que mi recomendaci\u00f3n b\u00e1sica ser\u00eda utilizar la dosis m\u00e1s alta posible con la menor cantidad de efectos posibles. Lo inyectar\u00edamos ED o EOD. <strong>INFORMACI\u00d3N DEL LOTE:<br \/>\n<\/strong>N\u00ba de lote: <span data-sheets-root=\"1\" data-sheets-value=\"{\" data-sheets-userformat=\"{\">BG70578<\/span><br \/>\nFecha de fabricaci\u00f3n: <span data-sheets-root=\"1\" data-sheets-value=\"{\" data-sheets-userformat=\"{\">10.2025.<\/span><br \/>\nFecha de caducidad: <span data-sheets-root=\"1\" data-sheets-value=\"{\" data-sheets-userformat=\"{\">10.2028.<\/span><\/p>\n","protected":false},"excerpt":{"rendered":"<p>DOSIFICACI\u00d3N: Acetato de Boldenona 50mg\/ml CONTENIDO DEL ENVASE: 1 vial de 10ML, 50 mg por ml QU\u00c9 ES: El acetato de boldenona es un esteroide poco com\u00fan, uno de los mayores inconvenientes de la boldenona es que sus \u00e9steres tienen un gran peso molecular, lo que dificulta su asimilaci\u00f3n, reduciendo el peso del \u00e9ster se&hellip;<\/p>\n","protected":false},"featured_media":75237,"comment_status":"open","ping_status":"closed","template":"","meta":[],"product_cat":[164,163],"product_tag":[168],"yoast_head":"<!-- This site is optimized with the Yoast SEO plugin v23.0 - https:\/\/yoast.com\/wordpress\/plugins\/seo\/ -->\n<title>Acetato de Boldenona - Astera Labs<\/title>\n<meta name=\"robots\" content=\"index, follow, max-snippet:-1, max-image-preview:large, max-video-preview:-1\" \/>\n<link rel=\"canonical\" href=\"https:\/\/asteralabs.org\/es\/product\/acetato-de-boldenona\/\" \/>\n<meta property=\"og:locale\" content=\"es_ES\" \/>\n<meta property=\"og:type\" content=\"article\" \/>\n<meta property=\"og:title\" content=\"Acetato de Boldenona - Astera Labs\" \/>\n<meta property=\"og:description\" content=\"DOSIFICACI\u00d3N: Acetato de Boldenona 50mg\/ml CONTENIDO DEL ENVASE: 1 vial de 10ML, 50 mg por ml QU\u00c9 ES: El acetato de boldenona es un esteroide poco com\u00fan, uno de los mayores inconvenientes de la boldenona es que sus \u00e9steres tienen un gran peso molecular, lo que dificulta su asimilaci\u00f3n, reduciendo el peso del \u00e9ster se&hellip;\" \/>\n<meta property=\"og:url\" content=\"https:\/\/asteralabs.org\/es\/product\/acetato-de-boldenona\/\" \/>\n<meta property=\"og:site_name\" content=\"Astera Labs\" \/>\n<meta property=\"article:modified_time\" content=\"2026-01-15T08:10:05+00:00\" \/>\n<meta property=\"og:image\" content=\"https:\/\/asteralabs.org\/wp-content\/uploads\/2022\/11\/34-1.png\" \/>\n\t<meta property=\"og:image:width\" content=\"2000\" \/>\n\t<meta property=\"og:image:height\" content=\"2000\" \/>\n\t<meta property=\"og:image:type\" content=\"image\/png\" \/>\n<meta name=\"twitter:card\" content=\"summary_large_image\" \/>\n<script type=\"application\/ld+json\" class=\"yoast-schema-graph\">{\"@context\":\"https:\/\/schema.org\",\"@graph\":[{\"@type\":\"WebPage\",\"@id\":\"https:\/\/asteralabs.org\/es\/product\/acetato-de-boldenona\/\",\"url\":\"https:\/\/asteralabs.org\/es\/product\/acetato-de-boldenona\/\",\"name\":\"Acetato de Boldenona - Astera Labs\",\"isPartOf\":{\"@id\":\"https:\/\/asteralabs.org\/es\/#website\"},\"primaryImageOfPage\":{\"@id\":\"https:\/\/asteralabs.org\/es\/product\/acetato-de-boldenona\/#primaryimage\"},\"image\":{\"@id\":\"https:\/\/asteralabs.org\/es\/product\/acetato-de-boldenona\/#primaryimage\"},\"thumbnailUrl\":\"https:\/\/asteralabs.org\/wp-content\/uploads\/2022\/11\/34-1.png\",\"datePublished\":\"2022-11-05T21:56:41+00:00\",\"dateModified\":\"2026-01-15T08:10:05+00:00\",\"breadcrumb\":{\"@id\":\"https:\/\/asteralabs.org\/es\/product\/acetato-de-boldenona\/#breadcrumb\"},\"inLanguage\":\"es\",\"potentialAction\":[{\"@type\":\"ReadAction\",\"target\":[\"https:\/\/asteralabs.org\/es\/product\/acetato-de-boldenona\/\"]}]},{\"@type\":\"ImageObject\",\"inLanguage\":\"es\",\"@id\":\"https:\/\/asteralabs.org\/es\/product\/acetato-de-boldenona\/#primaryimage\",\"url\":\"https:\/\/asteralabs.org\/wp-content\/uploads\/2022\/11\/34-1.png\",\"contentUrl\":\"https:\/\/asteralabs.org\/wp-content\/uploads\/2022\/11\/34-1.png\",\"width\":2000,\"height\":2000},{\"@type\":\"BreadcrumbList\",\"@id\":\"https:\/\/asteralabs.org\/es\/product\/acetato-de-boldenona\/#breadcrumb\",\"itemListElement\":[{\"@type\":\"ListItem\",\"position\":1,\"name\":\"Home\",\"item\":\"https:\/\/asteralabs.org\/es\/\"},{\"@type\":\"ListItem\",\"position\":2,\"name\":\"Tienda\",\"item\":\"https:\/\/asteralabs.org\/tienda\/\"},{\"@type\":\"ListItem\",\"position\":3,\"name\":\"Acetato de Boldenona\"}]},{\"@type\":\"WebSite\",\"@id\":\"https:\/\/asteralabs.org\/es\/#website\",\"url\":\"https:\/\/asteralabs.org\/es\/\",\"name\":\"Astera Labs\",\"description\":\"Improve Your Quality Of Life\",\"publisher\":{\"@id\":\"https:\/\/asteralabs.org\/es\/#organization\"},\"potentialAction\":[{\"@type\":\"SearchAction\",\"target\":{\"@type\":\"EntryPoint\",\"urlTemplate\":\"https:\/\/asteralabs.org\/es\/?s={search_term_string}\"},\"query-input\":\"required name=search_term_string\"}],\"inLanguage\":\"es\"},{\"@type\":\"Organization\",\"@id\":\"https:\/\/asteralabs.org\/es\/#organization\",\"name\":\"Astera Labs\",\"url\":\"https:\/\/asteralabs.org\/es\/\",\"logo\":{\"@type\":\"ImageObject\",\"inLanguage\":\"es\",\"@id\":\"https:\/\/asteralabs.org\/es\/#\/schema\/logo\/image\/\",\"url\":\"https:\/\/asteralabs.org\/wp-content\/uploads\/2022\/12\/astera-2.png\",\"contentUrl\":\"https:\/\/asteralabs.org\/wp-content\/uploads\/2022\/12\/astera-2.png\",\"width\":437,\"height\":111,\"caption\":\"Astera Labs\"},\"image\":{\"@id\":\"https:\/\/asteralabs.org\/es\/#\/schema\/logo\/image\/\"}}]}<\/script>\n<!-- \/ Yoast SEO plugin. -->","yoast_head_json":{"title":"Acetato de Boldenona - Astera Labs","robots":{"index":"index","follow":"follow","max-snippet":"max-snippet:-1","max-image-preview":"max-image-preview:large","max-video-preview":"max-video-preview:-1"},"canonical":"https:\/\/asteralabs.org\/es\/product\/acetato-de-boldenona\/","og_locale":"es_ES","og_type":"article","og_title":"Acetato de Boldenona - Astera Labs","og_description":"DOSIFICACI\u00d3N: Acetato de Boldenona 50mg\/ml CONTENIDO DEL ENVASE: 1 vial de 10ML, 50 mg por ml QU\u00c9 ES: El acetato de boldenona es un esteroide poco com\u00fan, uno de los mayores inconvenientes de la boldenona es que sus \u00e9steres tienen un gran peso molecular, lo que dificulta su asimilaci\u00f3n, reduciendo el peso del \u00e9ster se&hellip;","og_url":"https:\/\/asteralabs.org\/es\/product\/acetato-de-boldenona\/","og_site_name":"Astera Labs","article_modified_time":"2026-01-15T08:10:05+00:00","og_image":[{"width":2000,"height":2000,"url":"https:\/\/asteralabs.org\/wp-content\/uploads\/2022\/11\/34-1.png","type":"image\/png"}],"twitter_card":"summary_large_image","schema":{"@context":"https:\/\/schema.org","@graph":[{"@type":"WebPage","@id":"https:\/\/asteralabs.org\/es\/product\/acetato-de-boldenona\/","url":"https:\/\/asteralabs.org\/es\/product\/acetato-de-boldenona\/","name":"Acetato de Boldenona - Astera Labs","isPartOf":{"@id":"https:\/\/asteralabs.org\/es\/#website"},"primaryImageOfPage":{"@id":"https:\/\/asteralabs.org\/es\/product\/acetato-de-boldenona\/#primaryimage"},"image":{"@id":"https:\/\/asteralabs.org\/es\/product\/acetato-de-boldenona\/#primaryimage"},"thumbnailUrl":"https:\/\/asteralabs.org\/wp-content\/uploads\/2022\/11\/34-1.png","datePublished":"2022-11-05T21:56:41+00:00","dateModified":"2026-01-15T08:10:05+00:00","breadcrumb":{"@id":"https:\/\/asteralabs.org\/es\/product\/acetato-de-boldenona\/#breadcrumb"},"inLanguage":"es","potentialAction":[{"@type":"ReadAction","target":["https:\/\/asteralabs.org\/es\/product\/acetato-de-boldenona\/"]}]},{"@type":"ImageObject","inLanguage":"es","@id":"https:\/\/asteralabs.org\/es\/product\/acetato-de-boldenona\/#primaryimage","url":"https:\/\/asteralabs.org\/wp-content\/uploads\/2022\/11\/34-1.png","contentUrl":"https:\/\/asteralabs.org\/wp-content\/uploads\/2022\/11\/34-1.png","width":2000,"height":2000},{"@type":"BreadcrumbList","@id":"https:\/\/asteralabs.org\/es\/product\/acetato-de-boldenona\/#breadcrumb","itemListElement":[{"@type":"ListItem","position":1,"name":"Home","item":"https:\/\/asteralabs.org\/es\/"},{"@type":"ListItem","position":2,"name":"Tienda","item":"https:\/\/asteralabs.org\/tienda\/"},{"@type":"ListItem","position":3,"name":"Acetato de Boldenona"}]},{"@type":"WebSite","@id":"https:\/\/asteralabs.org\/es\/#website","url":"https:\/\/asteralabs.org\/es\/","name":"Astera Labs","description":"Improve Your Quality Of Life","publisher":{"@id":"https:\/\/asteralabs.org\/es\/#organization"},"potentialAction":[{"@type":"SearchAction","target":{"@type":"EntryPoint","urlTemplate":"https:\/\/asteralabs.org\/es\/?s={search_term_string}"},"query-input":"required name=search_term_string"}],"inLanguage":"es"},{"@type":"Organization","@id":"https:\/\/asteralabs.org\/es\/#organization","name":"Astera Labs","url":"https:\/\/asteralabs.org\/es\/","logo":{"@type":"ImageObject","inLanguage":"es","@id":"https:\/\/asteralabs.org\/es\/#\/schema\/logo\/image\/","url":"https:\/\/asteralabs.org\/wp-content\/uploads\/2022\/12\/astera-2.png","contentUrl":"https:\/\/asteralabs.org\/wp-content\/uploads\/2022\/12\/astera-2.png","width":437,"height":111,"caption":"Astera Labs"},"image":{"@id":"https:\/\/asteralabs.org\/es\/#\/schema\/logo\/image\/"}}]}},"_links":{"self":[{"href":"https:\/\/asteralabs.org\/es\/wp-json\/wp\/v2\/product\/77677"}],"collection":[{"href":"https:\/\/asteralabs.org\/es\/wp-json\/wp\/v2\/product"}],"about":[{"href":"https:\/\/asteralabs.org\/es\/wp-json\/wp\/v2\/types\/product"}],"replies":[{"embeddable":true,"href":"https:\/\/asteralabs.org\/es\/wp-json\/wp\/v2\/comments?post=77677"}],"version-history":[{"count":0,"href":"https:\/\/asteralabs.org\/es\/wp-json\/wp\/v2\/product\/77677\/revisions"}],"wp:featuredmedia":[{"embeddable":true,"href":"https:\/\/asteralabs.org\/es\/wp-json\/wp\/v2\/media\/75237"}],"wp:attachment":[{"href":"https:\/\/asteralabs.org\/es\/wp-json\/wp\/v2\/media?parent=77677"}],"wp:term":[{"taxonomy":"product_cat","embeddable":true,"href":"https:\/\/asteralabs.org\/es\/wp-json\/wp\/v2\/product_cat?post=77677"},{"taxonomy":"product_tag","embeddable":true,"href":"https:\/\/asteralabs.org\/es\/wp-json\/wp\/v2\/product_tag?post=77677"}],"curies":[{"name":"wp","href":"https:\/\/api.w.org\/{rel}","templated":true}]}}