{"id":77680,"date":"2022-11-05T21:54:08","date_gmt":"2022-11-05T21:54:08","guid":{"rendered":"https:\/\/asteralabs.org\/product\/estanozolol\/"},"modified":"2026-01-15T10:34:17","modified_gmt":"2026-01-15T10:34:17","slug":"estanozolol","status":"publish","type":"product","link":"https:\/\/asteralabs.org\/es\/product\/estanozolol\/","title":{"rendered":"Estanozolol"},"content":{"rendered":"<p><strong>DOSIFICACI\u00d3N:<\/strong><br \/>\nEstanozolol 50mg\/ml <strong>CONTENIDO DEL ENVASE:<\/strong><br \/>\n1 vial de 10ML, 50 mg por ml <strong>QU\u00c9 ES:<\/strong><br \/>\nEl estanozolol, m\u00e1s conocido como Winstrol, es el esteroide oral m\u00e1s utilizado en las fases de corte. Su potencial androg\u00e9nico es muy elevado, lo que lo convierte en el esteroide perfecto cuando se trata de conservar la masa muscular mientras se pierde grasa. Tambi\u00e9n es muy \u00fatil cuando se trata de mejorar la fuerza y puede ser \u00fatil en deportes explosivos. <strong>C\u00d3MO USARLO:<\/strong><br \/>\nLas dosis oscilan entre 30 y 100 mg, siendo 40-50 mg una dosis est\u00e1ndar y 100 mg una dosis precompetici\u00f3n. No recomendamos utilizarlo durante m\u00e1s de 4-6 semanas seguidas. Al ser la versi\u00f3n inyectable, recomendamos inyectarla una vez ED. <strong>INFORMACI\u00d3N DEL LOTE:<br \/>\n<\/strong>N\u00ba de lote: <span data-sheets-root=\"1\" data-sheets-value=\"{\" data-sheets-userformat=\"{\">TB59045<\/span><br \/>\nFecha de fabricaci\u00f3n: <span data-sheets-root=\"1\" data-sheets-value=\"{\" data-sheets-userformat=\"{\">10.2025.<\/span><br \/>\nFecha de caducidad: <span data-sheets-root=\"1\" data-sheets-value=\"{\" data-sheets-userformat=\"{\">10.2028.<\/span><\/p>\n","protected":false},"excerpt":{"rendered":"<p>DOSIFICACI\u00d3N: Estanozolol 50mg\/ml CONTENIDO DEL ENVASE: 1 vial de 10ML, 50 mg por ml QU\u00c9 ES: El estanozolol, m\u00e1s conocido como Winstrol, es el esteroide oral m\u00e1s utilizado en las fases de corte. Su potencial androg\u00e9nico es muy elevado, lo que lo convierte en el esteroide perfecto cuando se trata de conservar la masa muscular&hellip;<\/p>\n","protected":false},"featured_media":75245,"comment_status":"open","ping_status":"closed","template":"","meta":[],"product_cat":[164,163],"product_tag":[],"yoast_head":"<!-- This site is optimized with the Yoast SEO plugin v23.0 - https:\/\/yoast.com\/wordpress\/plugins\/seo\/ -->\n<title>Estanozolol - Astera Labs<\/title>\n<meta name=\"robots\" content=\"index, follow, max-snippet:-1, max-image-preview:large, max-video-preview:-1\" \/>\n<link rel=\"canonical\" href=\"https:\/\/asteralabs.org\/es\/product\/estanozolol\/\" \/>\n<meta property=\"og:locale\" content=\"es_ES\" \/>\n<meta property=\"og:type\" content=\"article\" \/>\n<meta property=\"og:title\" content=\"Estanozolol - Astera Labs\" \/>\n<meta property=\"og:description\" content=\"DOSIFICACI\u00d3N: Estanozolol 50mg\/ml CONTENIDO DEL ENVASE: 1 vial de 10ML, 50 mg por ml QU\u00c9 ES: El estanozolol, m\u00e1s conocido como Winstrol, es el esteroide oral m\u00e1s utilizado en las fases de corte. Su potencial androg\u00e9nico es muy elevado, lo que lo convierte en el esteroide perfecto cuando se trata de conservar la masa muscular&hellip;\" \/>\n<meta property=\"og:url\" content=\"https:\/\/asteralabs.org\/es\/product\/estanozolol\/\" \/>\n<meta property=\"og:site_name\" content=\"Astera Labs\" \/>\n<meta property=\"article:modified_time\" content=\"2026-01-15T10:34:17+00:00\" \/>\n<meta property=\"og:image\" content=\"https:\/\/asteralabs.org\/wp-content\/uploads\/2022\/11\/3-2.png\" \/>\n\t<meta property=\"og:image:width\" content=\"2000\" \/>\n\t<meta property=\"og:image:height\" content=\"2000\" \/>\n\t<meta property=\"og:image:type\" content=\"image\/png\" \/>\n<meta name=\"twitter:card\" content=\"summary_large_image\" \/>\n<script type=\"application\/ld+json\" class=\"yoast-schema-graph\">{\"@context\":\"https:\/\/schema.org\",\"@graph\":[{\"@type\":\"WebPage\",\"@id\":\"https:\/\/asteralabs.org\/es\/product\/estanozolol\/\",\"url\":\"https:\/\/asteralabs.org\/es\/product\/estanozolol\/\",\"name\":\"Estanozolol - Astera Labs\",\"isPartOf\":{\"@id\":\"https:\/\/asteralabs.org\/es\/#website\"},\"primaryImageOfPage\":{\"@id\":\"https:\/\/asteralabs.org\/es\/product\/estanozolol\/#primaryimage\"},\"image\":{\"@id\":\"https:\/\/asteralabs.org\/es\/product\/estanozolol\/#primaryimage\"},\"thumbnailUrl\":\"https:\/\/asteralabs.org\/wp-content\/uploads\/2022\/11\/3-2.png\",\"datePublished\":\"2022-11-05T21:54:08+00:00\",\"dateModified\":\"2026-01-15T10:34:17+00:00\",\"breadcrumb\":{\"@id\":\"https:\/\/asteralabs.org\/es\/product\/estanozolol\/#breadcrumb\"},\"inLanguage\":\"es\",\"potentialAction\":[{\"@type\":\"ReadAction\",\"target\":[\"https:\/\/asteralabs.org\/es\/product\/estanozolol\/\"]}]},{\"@type\":\"ImageObject\",\"inLanguage\":\"es\",\"@id\":\"https:\/\/asteralabs.org\/es\/product\/estanozolol\/#primaryimage\",\"url\":\"https:\/\/asteralabs.org\/wp-content\/uploads\/2022\/11\/3-2.png\",\"contentUrl\":\"https:\/\/asteralabs.org\/wp-content\/uploads\/2022\/11\/3-2.png\",\"width\":2000,\"height\":2000},{\"@type\":\"BreadcrumbList\",\"@id\":\"https:\/\/asteralabs.org\/es\/product\/estanozolol\/#breadcrumb\",\"itemListElement\":[{\"@type\":\"ListItem\",\"position\":1,\"name\":\"Home\",\"item\":\"https:\/\/asteralabs.org\/es\/\"},{\"@type\":\"ListItem\",\"position\":2,\"name\":\"Tienda\",\"item\":\"https:\/\/asteralabs.org\/tienda\/\"},{\"@type\":\"ListItem\",\"position\":3,\"name\":\"Estanozolol\"}]},{\"@type\":\"WebSite\",\"@id\":\"https:\/\/asteralabs.org\/es\/#website\",\"url\":\"https:\/\/asteralabs.org\/es\/\",\"name\":\"Astera Labs\",\"description\":\"Improve Your Quality Of Life\",\"publisher\":{\"@id\":\"https:\/\/asteralabs.org\/es\/#organization\"},\"potentialAction\":[{\"@type\":\"SearchAction\",\"target\":{\"@type\":\"EntryPoint\",\"urlTemplate\":\"https:\/\/asteralabs.org\/es\/?s={search_term_string}\"},\"query-input\":\"required name=search_term_string\"}],\"inLanguage\":\"es\"},{\"@type\":\"Organization\",\"@id\":\"https:\/\/asteralabs.org\/es\/#organization\",\"name\":\"Astera Labs\",\"url\":\"https:\/\/asteralabs.org\/es\/\",\"logo\":{\"@type\":\"ImageObject\",\"inLanguage\":\"es\",\"@id\":\"https:\/\/asteralabs.org\/es\/#\/schema\/logo\/image\/\",\"url\":\"https:\/\/asteralabs.org\/wp-content\/uploads\/2022\/12\/astera-2.png\",\"contentUrl\":\"https:\/\/asteralabs.org\/wp-content\/uploads\/2022\/12\/astera-2.png\",\"width\":437,\"height\":111,\"caption\":\"Astera Labs\"},\"image\":{\"@id\":\"https:\/\/asteralabs.org\/es\/#\/schema\/logo\/image\/\"}}]}<\/script>\n<!-- \/ Yoast SEO plugin. -->","yoast_head_json":{"title":"Estanozolol - Astera Labs","robots":{"index":"index","follow":"follow","max-snippet":"max-snippet:-1","max-image-preview":"max-image-preview:large","max-video-preview":"max-video-preview:-1"},"canonical":"https:\/\/asteralabs.org\/es\/product\/estanozolol\/","og_locale":"es_ES","og_type":"article","og_title":"Estanozolol - Astera Labs","og_description":"DOSIFICACI\u00d3N: Estanozolol 50mg\/ml CONTENIDO DEL ENVASE: 1 vial de 10ML, 50 mg por ml QU\u00c9 ES: El estanozolol, m\u00e1s conocido como Winstrol, es el esteroide oral m\u00e1s utilizado en las fases de corte. Su potencial androg\u00e9nico es muy elevado, lo que lo convierte en el esteroide perfecto cuando se trata de conservar la masa muscular&hellip;","og_url":"https:\/\/asteralabs.org\/es\/product\/estanozolol\/","og_site_name":"Astera Labs","article_modified_time":"2026-01-15T10:34:17+00:00","og_image":[{"width":2000,"height":2000,"url":"https:\/\/asteralabs.org\/wp-content\/uploads\/2022\/11\/3-2.png","type":"image\/png"}],"twitter_card":"summary_large_image","schema":{"@context":"https:\/\/schema.org","@graph":[{"@type":"WebPage","@id":"https:\/\/asteralabs.org\/es\/product\/estanozolol\/","url":"https:\/\/asteralabs.org\/es\/product\/estanozolol\/","name":"Estanozolol - Astera Labs","isPartOf":{"@id":"https:\/\/asteralabs.org\/es\/#website"},"primaryImageOfPage":{"@id":"https:\/\/asteralabs.org\/es\/product\/estanozolol\/#primaryimage"},"image":{"@id":"https:\/\/asteralabs.org\/es\/product\/estanozolol\/#primaryimage"},"thumbnailUrl":"https:\/\/asteralabs.org\/wp-content\/uploads\/2022\/11\/3-2.png","datePublished":"2022-11-05T21:54:08+00:00","dateModified":"2026-01-15T10:34:17+00:00","breadcrumb":{"@id":"https:\/\/asteralabs.org\/es\/product\/estanozolol\/#breadcrumb"},"inLanguage":"es","potentialAction":[{"@type":"ReadAction","target":["https:\/\/asteralabs.org\/es\/product\/estanozolol\/"]}]},{"@type":"ImageObject","inLanguage":"es","@id":"https:\/\/asteralabs.org\/es\/product\/estanozolol\/#primaryimage","url":"https:\/\/asteralabs.org\/wp-content\/uploads\/2022\/11\/3-2.png","contentUrl":"https:\/\/asteralabs.org\/wp-content\/uploads\/2022\/11\/3-2.png","width":2000,"height":2000},{"@type":"BreadcrumbList","@id":"https:\/\/asteralabs.org\/es\/product\/estanozolol\/#breadcrumb","itemListElement":[{"@type":"ListItem","position":1,"name":"Home","item":"https:\/\/asteralabs.org\/es\/"},{"@type":"ListItem","position":2,"name":"Tienda","item":"https:\/\/asteralabs.org\/tienda\/"},{"@type":"ListItem","position":3,"name":"Estanozolol"}]},{"@type":"WebSite","@id":"https:\/\/asteralabs.org\/es\/#website","url":"https:\/\/asteralabs.org\/es\/","name":"Astera Labs","description":"Improve Your Quality Of Life","publisher":{"@id":"https:\/\/asteralabs.org\/es\/#organization"},"potentialAction":[{"@type":"SearchAction","target":{"@type":"EntryPoint","urlTemplate":"https:\/\/asteralabs.org\/es\/?s={search_term_string}"},"query-input":"required name=search_term_string"}],"inLanguage":"es"},{"@type":"Organization","@id":"https:\/\/asteralabs.org\/es\/#organization","name":"Astera Labs","url":"https:\/\/asteralabs.org\/es\/","logo":{"@type":"ImageObject","inLanguage":"es","@id":"https:\/\/asteralabs.org\/es\/#\/schema\/logo\/image\/","url":"https:\/\/asteralabs.org\/wp-content\/uploads\/2022\/12\/astera-2.png","contentUrl":"https:\/\/asteralabs.org\/wp-content\/uploads\/2022\/12\/astera-2.png","width":437,"height":111,"caption":"Astera Labs"},"image":{"@id":"https:\/\/asteralabs.org\/es\/#\/schema\/logo\/image\/"}}]}},"_links":{"self":[{"href":"https:\/\/asteralabs.org\/es\/wp-json\/wp\/v2\/product\/77680"}],"collection":[{"href":"https:\/\/asteralabs.org\/es\/wp-json\/wp\/v2\/product"}],"about":[{"href":"https:\/\/asteralabs.org\/es\/wp-json\/wp\/v2\/types\/product"}],"replies":[{"embeddable":true,"href":"https:\/\/asteralabs.org\/es\/wp-json\/wp\/v2\/comments?post=77680"}],"version-history":[{"count":0,"href":"https:\/\/asteralabs.org\/es\/wp-json\/wp\/v2\/product\/77680\/revisions"}],"wp:featuredmedia":[{"embeddable":true,"href":"https:\/\/asteralabs.org\/es\/wp-json\/wp\/v2\/media\/75245"}],"wp:attachment":[{"href":"https:\/\/asteralabs.org\/es\/wp-json\/wp\/v2\/media?parent=77680"}],"wp:term":[{"taxonomy":"product_cat","embeddable":true,"href":"https:\/\/asteralabs.org\/es\/wp-json\/wp\/v2\/product_cat?post=77680"},{"taxonomy":"product_tag","embeddable":true,"href":"https:\/\/asteralabs.org\/es\/wp-json\/wp\/v2\/product_tag?post=77680"}],"curies":[{"name":"wp","href":"https:\/\/api.w.org\/{rel}","templated":true}]}}