{"id":77703,"date":"2022-11-05T22:11:39","date_gmt":"2022-11-05T22:11:39","guid":{"rendered":"https:\/\/asteralabs.org\/product\/cipionato-de-boldenona\/"},"modified":"2026-01-15T08:18:32","modified_gmt":"2026-01-15T08:18:32","slug":"cipionato-de-boldenona","status":"publish","type":"product","link":"https:\/\/asteralabs.org\/es\/product\/cipionato-de-boldenona\/","title":{"rendered":"Cipionato de boldenona"},"content":{"rendered":"<p><strong>DOSIFICACI\u00d3N: <\/strong><br \/>\nCipionato de Boldenona 200 mg\/ml <strong>CONTENIDO DEL ENVASE: <\/strong><br \/>\n1 vial de 10ML, 200 mg por ml <strong>QU\u00c9 ES: <\/strong><br \/>\nEl Cipionato de Boldenona es un esteroide anab\u00f3lico inyectable muy apreciado. Esta sustancia es un derivado sint\u00e9tico de la testosterona que demuestra menos actividad androg\u00e9nica que \u00e9sta, aunque posee fuertes propiedades anabolizantes. Tiene el mismo nivel de potencia anab\u00f3lica que su hormona padre, la testosterona (100). Los ciclos de Cipionato de Boldenona se realizan a menudo para ganar volumen. La duraci\u00f3n m\u00ednima del ciclo es de 8 semanas, mientras que la m\u00e1xima es de 18 semanas. <strong>C\u00d3MO USARLO: <\/strong><br \/>\nLa dosis inicial recomendada de cipionato de boldenona es de 300 a 500 mg por semana. La duraci\u00f3n de un ciclo de este tipo debe ser de 14 semanas en total. La dosis semanal t\u00edpica para usuarios avanzados es de m\u00e1s de 600 mg. <strong>INFORMACI\u00d3N DEL LOTE:<br \/>\n<\/strong>N\u00ba de lote: <span data-sheets-root=\"1\" data-sheets-value=\"{\" data-sheets-userformat=\"{\">VK06931<\/span><br \/>\nFecha de fabricaci\u00f3n: <span data-sheets-root=\"1\" data-sheets-value=\"{\" data-sheets-userformat=\"{\">10.2025.<\/span><br \/>\nFecha de caducidad: <span data-sheets-root=\"1\" data-sheets-value=\"{\" data-sheets-userformat=\"{\">10.2028.<\/span><\/p>\n","protected":false},"excerpt":{"rendered":"<p>DOSIFICACI\u00d3N: Cipionato de Boldenona 200 mg\/ml CONTENIDO DEL ENVASE: 1 vial de 10ML, 200 mg por ml QU\u00c9 ES: El Cipionato de Boldenona es un esteroide anab\u00f3lico inyectable muy apreciado. Esta sustancia es un derivado sint\u00e9tico de la testosterona que demuestra menos actividad androg\u00e9nica que \u00e9sta, aunque posee fuertes propiedades anabolizantes. Tiene el mismo nivel&hellip;<\/p>\n","protected":false},"featured_media":75021,"comment_status":"open","ping_status":"closed","template":"","meta":[],"product_cat":[164,163],"product_tag":[],"yoast_head":"<!-- This site is optimized with the Yoast SEO plugin v23.0 - https:\/\/yoast.com\/wordpress\/plugins\/seo\/ -->\n<title>Cipionato de boldenona - Astera Labs<\/title>\n<meta name=\"robots\" content=\"index, follow, max-snippet:-1, max-image-preview:large, max-video-preview:-1\" \/>\n<link rel=\"canonical\" href=\"https:\/\/asteralabs.org\/es\/product\/cipionato-de-boldenona\/\" \/>\n<meta property=\"og:locale\" content=\"es_ES\" \/>\n<meta property=\"og:type\" content=\"article\" \/>\n<meta property=\"og:title\" content=\"Cipionato de boldenona - Astera Labs\" \/>\n<meta property=\"og:description\" content=\"DOSIFICACI\u00d3N: Cipionato de Boldenona 200 mg\/ml CONTENIDO DEL ENVASE: 1 vial de 10ML, 200 mg por ml QU\u00c9 ES: El Cipionato de Boldenona es un esteroide anab\u00f3lico inyectable muy apreciado. Esta sustancia es un derivado sint\u00e9tico de la testosterona que demuestra menos actividad androg\u00e9nica que \u00e9sta, aunque posee fuertes propiedades anabolizantes. Tiene el mismo nivel&hellip;\" \/>\n<meta property=\"og:url\" content=\"https:\/\/asteralabs.org\/es\/product\/cipionato-de-boldenona\/\" \/>\n<meta property=\"og:site_name\" content=\"Astera Labs\" \/>\n<meta property=\"article:modified_time\" content=\"2026-01-15T08:18:32+00:00\" \/>\n<meta property=\"og:image\" content=\"https:\/\/asteralabs.org\/wp-content\/uploads\/2022\/11\/33.png\" \/>\n\t<meta property=\"og:image:width\" content=\"2000\" \/>\n\t<meta property=\"og:image:height\" content=\"2000\" \/>\n\t<meta property=\"og:image:type\" content=\"image\/png\" \/>\n<meta name=\"twitter:card\" content=\"summary_large_image\" \/>\n<script type=\"application\/ld+json\" class=\"yoast-schema-graph\">{\"@context\":\"https:\/\/schema.org\",\"@graph\":[{\"@type\":\"WebPage\",\"@id\":\"https:\/\/asteralabs.org\/es\/product\/cipionato-de-boldenona\/\",\"url\":\"https:\/\/asteralabs.org\/es\/product\/cipionato-de-boldenona\/\",\"name\":\"Cipionato de boldenona - Astera Labs\",\"isPartOf\":{\"@id\":\"https:\/\/asteralabs.org\/es\/#website\"},\"primaryImageOfPage\":{\"@id\":\"https:\/\/asteralabs.org\/es\/product\/cipionato-de-boldenona\/#primaryimage\"},\"image\":{\"@id\":\"https:\/\/asteralabs.org\/es\/product\/cipionato-de-boldenona\/#primaryimage\"},\"thumbnailUrl\":\"https:\/\/asteralabs.org\/wp-content\/uploads\/2022\/11\/33.png\",\"datePublished\":\"2022-11-05T22:11:39+00:00\",\"dateModified\":\"2026-01-15T08:18:32+00:00\",\"breadcrumb\":{\"@id\":\"https:\/\/asteralabs.org\/es\/product\/cipionato-de-boldenona\/#breadcrumb\"},\"inLanguage\":\"es\",\"potentialAction\":[{\"@type\":\"ReadAction\",\"target\":[\"https:\/\/asteralabs.org\/es\/product\/cipionato-de-boldenona\/\"]}]},{\"@type\":\"ImageObject\",\"inLanguage\":\"es\",\"@id\":\"https:\/\/asteralabs.org\/es\/product\/cipionato-de-boldenona\/#primaryimage\",\"url\":\"https:\/\/asteralabs.org\/wp-content\/uploads\/2022\/11\/33.png\",\"contentUrl\":\"https:\/\/asteralabs.org\/wp-content\/uploads\/2022\/11\/33.png\",\"width\":2000,\"height\":2000},{\"@type\":\"BreadcrumbList\",\"@id\":\"https:\/\/asteralabs.org\/es\/product\/cipionato-de-boldenona\/#breadcrumb\",\"itemListElement\":[{\"@type\":\"ListItem\",\"position\":1,\"name\":\"Home\",\"item\":\"https:\/\/asteralabs.org\/es\/\"},{\"@type\":\"ListItem\",\"position\":2,\"name\":\"Tienda\",\"item\":\"https:\/\/asteralabs.org\/tienda\/\"},{\"@type\":\"ListItem\",\"position\":3,\"name\":\"Cipionato de boldenona\"}]},{\"@type\":\"WebSite\",\"@id\":\"https:\/\/asteralabs.org\/es\/#website\",\"url\":\"https:\/\/asteralabs.org\/es\/\",\"name\":\"Astera Labs\",\"description\":\"Improve Your Quality Of Life\",\"publisher\":{\"@id\":\"https:\/\/asteralabs.org\/es\/#organization\"},\"potentialAction\":[{\"@type\":\"SearchAction\",\"target\":{\"@type\":\"EntryPoint\",\"urlTemplate\":\"https:\/\/asteralabs.org\/es\/?s={search_term_string}\"},\"query-input\":\"required name=search_term_string\"}],\"inLanguage\":\"es\"},{\"@type\":\"Organization\",\"@id\":\"https:\/\/asteralabs.org\/es\/#organization\",\"name\":\"Astera Labs\",\"url\":\"https:\/\/asteralabs.org\/es\/\",\"logo\":{\"@type\":\"ImageObject\",\"inLanguage\":\"es\",\"@id\":\"https:\/\/asteralabs.org\/es\/#\/schema\/logo\/image\/\",\"url\":\"https:\/\/asteralabs.org\/wp-content\/uploads\/2022\/12\/astera-2.png\",\"contentUrl\":\"https:\/\/asteralabs.org\/wp-content\/uploads\/2022\/12\/astera-2.png\",\"width\":437,\"height\":111,\"caption\":\"Astera Labs\"},\"image\":{\"@id\":\"https:\/\/asteralabs.org\/es\/#\/schema\/logo\/image\/\"}}]}<\/script>\n<!-- \/ Yoast SEO plugin. -->","yoast_head_json":{"title":"Cipionato de boldenona - Astera Labs","robots":{"index":"index","follow":"follow","max-snippet":"max-snippet:-1","max-image-preview":"max-image-preview:large","max-video-preview":"max-video-preview:-1"},"canonical":"https:\/\/asteralabs.org\/es\/product\/cipionato-de-boldenona\/","og_locale":"es_ES","og_type":"article","og_title":"Cipionato de boldenona - Astera Labs","og_description":"DOSIFICACI\u00d3N: Cipionato de Boldenona 200 mg\/ml CONTENIDO DEL ENVASE: 1 vial de 10ML, 200 mg por ml QU\u00c9 ES: El Cipionato de Boldenona es un esteroide anab\u00f3lico inyectable muy apreciado. Esta sustancia es un derivado sint\u00e9tico de la testosterona que demuestra menos actividad androg\u00e9nica que \u00e9sta, aunque posee fuertes propiedades anabolizantes. Tiene el mismo nivel&hellip;","og_url":"https:\/\/asteralabs.org\/es\/product\/cipionato-de-boldenona\/","og_site_name":"Astera Labs","article_modified_time":"2026-01-15T08:18:32+00:00","og_image":[{"width":2000,"height":2000,"url":"https:\/\/asteralabs.org\/wp-content\/uploads\/2022\/11\/33.png","type":"image\/png"}],"twitter_card":"summary_large_image","schema":{"@context":"https:\/\/schema.org","@graph":[{"@type":"WebPage","@id":"https:\/\/asteralabs.org\/es\/product\/cipionato-de-boldenona\/","url":"https:\/\/asteralabs.org\/es\/product\/cipionato-de-boldenona\/","name":"Cipionato de boldenona - Astera Labs","isPartOf":{"@id":"https:\/\/asteralabs.org\/es\/#website"},"primaryImageOfPage":{"@id":"https:\/\/asteralabs.org\/es\/product\/cipionato-de-boldenona\/#primaryimage"},"image":{"@id":"https:\/\/asteralabs.org\/es\/product\/cipionato-de-boldenona\/#primaryimage"},"thumbnailUrl":"https:\/\/asteralabs.org\/wp-content\/uploads\/2022\/11\/33.png","datePublished":"2022-11-05T22:11:39+00:00","dateModified":"2026-01-15T08:18:32+00:00","breadcrumb":{"@id":"https:\/\/asteralabs.org\/es\/product\/cipionato-de-boldenona\/#breadcrumb"},"inLanguage":"es","potentialAction":[{"@type":"ReadAction","target":["https:\/\/asteralabs.org\/es\/product\/cipionato-de-boldenona\/"]}]},{"@type":"ImageObject","inLanguage":"es","@id":"https:\/\/asteralabs.org\/es\/product\/cipionato-de-boldenona\/#primaryimage","url":"https:\/\/asteralabs.org\/wp-content\/uploads\/2022\/11\/33.png","contentUrl":"https:\/\/asteralabs.org\/wp-content\/uploads\/2022\/11\/33.png","width":2000,"height":2000},{"@type":"BreadcrumbList","@id":"https:\/\/asteralabs.org\/es\/product\/cipionato-de-boldenona\/#breadcrumb","itemListElement":[{"@type":"ListItem","position":1,"name":"Home","item":"https:\/\/asteralabs.org\/es\/"},{"@type":"ListItem","position":2,"name":"Tienda","item":"https:\/\/asteralabs.org\/tienda\/"},{"@type":"ListItem","position":3,"name":"Cipionato de boldenona"}]},{"@type":"WebSite","@id":"https:\/\/asteralabs.org\/es\/#website","url":"https:\/\/asteralabs.org\/es\/","name":"Astera Labs","description":"Improve Your Quality Of Life","publisher":{"@id":"https:\/\/asteralabs.org\/es\/#organization"},"potentialAction":[{"@type":"SearchAction","target":{"@type":"EntryPoint","urlTemplate":"https:\/\/asteralabs.org\/es\/?s={search_term_string}"},"query-input":"required name=search_term_string"}],"inLanguage":"es"},{"@type":"Organization","@id":"https:\/\/asteralabs.org\/es\/#organization","name":"Astera Labs","url":"https:\/\/asteralabs.org\/es\/","logo":{"@type":"ImageObject","inLanguage":"es","@id":"https:\/\/asteralabs.org\/es\/#\/schema\/logo\/image\/","url":"https:\/\/asteralabs.org\/wp-content\/uploads\/2022\/12\/astera-2.png","contentUrl":"https:\/\/asteralabs.org\/wp-content\/uploads\/2022\/12\/astera-2.png","width":437,"height":111,"caption":"Astera Labs"},"image":{"@id":"https:\/\/asteralabs.org\/es\/#\/schema\/logo\/image\/"}}]}},"_links":{"self":[{"href":"https:\/\/asteralabs.org\/es\/wp-json\/wp\/v2\/product\/77703"}],"collection":[{"href":"https:\/\/asteralabs.org\/es\/wp-json\/wp\/v2\/product"}],"about":[{"href":"https:\/\/asteralabs.org\/es\/wp-json\/wp\/v2\/types\/product"}],"replies":[{"embeddable":true,"href":"https:\/\/asteralabs.org\/es\/wp-json\/wp\/v2\/comments?post=77703"}],"version-history":[{"count":0,"href":"https:\/\/asteralabs.org\/es\/wp-json\/wp\/v2\/product\/77703\/revisions"}],"wp:featuredmedia":[{"embeddable":true,"href":"https:\/\/asteralabs.org\/es\/wp-json\/wp\/v2\/media\/75021"}],"wp:attachment":[{"href":"https:\/\/asteralabs.org\/es\/wp-json\/wp\/v2\/media?parent=77703"}],"wp:term":[{"taxonomy":"product_cat","embeddable":true,"href":"https:\/\/asteralabs.org\/es\/wp-json\/wp\/v2\/product_cat?post=77703"},{"taxonomy":"product_tag","embeddable":true,"href":"https:\/\/asteralabs.org\/es\/wp-json\/wp\/v2\/product_tag?post=77703"}],"curies":[{"name":"wp","href":"https:\/\/api.w.org\/{rel}","templated":true}]}}