{"id":77704,"date":"2022-11-05T22:06:45","date_gmt":"2022-11-05T22:06:45","guid":{"rendered":"https:\/\/asteralabs.org\/product\/acetato-de-estenbolona\/"},"modified":"2026-01-15T10:53:52","modified_gmt":"2026-01-15T10:53:52","slug":"acetato-de-estenbolona","status":"publish","type":"product","link":"https:\/\/asteralabs.org\/es\/product\/acetato-de-estenbolona\/","title":{"rendered":"Acetato de estenbolona"},"content":{"rendered":"<p><strong>DOSIFICACI\u00d3N:<\/strong><br \/>\nAcetato de Estenbolona 100mg\/ml <strong>CONTENIDO DEL ENVASE:<\/strong><br \/>\n1 vial de 10ML, 100 mg por ml <strong>QU\u00c9 ES:<\/strong><br \/>\nEs un esteroide anab\u00f3lico-androg\u00e9nico sint\u00e9tico, inyectable y derivado de la dihidrotestosterona. Es un esteroide bastante similar al masteron y fue muy popular en d\u00e9cadas pasadas. <strong>C\u00d3MO USARLO:<\/strong><br \/>\nLas dosis oscilan entre 300 mg y 800 mg por semana. Debido a que tiene un \u00e9ster corto, recomendamos inyectarlo ED o EOD. <strong>INFORMACI\u00d3N DEL LOTE:<br \/>\n<\/strong>N\u00ba de lote: <span data-sheets-root=\"1\" data-sheets-value=\"{\" data-sheets-userformat=\"{\">FE70779<\/span><br \/>\nFecha de fabricaci\u00f3n: <span data-sheets-root=\"1\" data-sheets-value=\"{\" data-sheets-userformat=\"{\">10.2025.<\/span><br \/>\nFecha de caducidad: <span data-sheets-root=\"1\" data-sheets-value=\"{\" data-sheets-userformat=\"{\">10.2028.<\/span><\/p>\n","protected":false},"excerpt":{"rendered":"<p>DOSIFICACI\u00d3N: Acetato de Estenbolona 100mg\/ml CONTENIDO DEL ENVASE: 1 vial de 10ML, 100 mg por ml QU\u00c9 ES: Es un esteroide anab\u00f3lico-androg\u00e9nico sint\u00e9tico, inyectable y derivado de la dihidrotestosterona. Es un esteroide bastante similar al masteron y fue muy popular en d\u00e9cadas pasadas. C\u00d3MO USARLO: Las dosis oscilan entre 300 mg y 800 mg por&hellip;<\/p>\n","protected":false},"featured_media":75221,"comment_status":"open","ping_status":"closed","template":"","meta":{"_acf_changed":false},"product_brand":[],"product_cat":[164,163],"product_tag":[168],"class_list":{"0":"post-77704","1":"product","2":"type-product","3":"status-publish","4":"has-post-thumbnail","6":"product_cat-all-es","7":"product_cat-injectables-es","8":"product_tag-bestseller-es","9":"description-off","11":"first","12":"instock","13":"shipping-taxable","14":"product-type-simple"},"acf":[],"yoast_head":"<!-- This site is optimized with the Yoast SEO plugin v27.4 - https:\/\/yoast.com\/product\/yoast-seo-wordpress\/ -->\n<title>Acetato de estenbolona - Astera Labs<\/title>\n<meta name=\"robots\" content=\"index, follow, max-snippet:-1, max-image-preview:large, max-video-preview:-1\" \/>\n<link rel=\"canonical\" href=\"https:\/\/asteralabs.org\/es\/product\/acetato-de-estenbolona\/\" \/>\n<meta property=\"og:locale\" content=\"es_ES\" \/>\n<meta property=\"og:type\" content=\"article\" \/>\n<meta property=\"og:title\" content=\"Acetato de estenbolona - Astera Labs\" \/>\n<meta property=\"og:description\" content=\"DOSIFICACI\u00d3N: Acetato de Estenbolona 100mg\/ml CONTENIDO DEL ENVASE: 1 vial de 10ML, 100 mg por ml QU\u00c9 ES: Es un esteroide anab\u00f3lico-androg\u00e9nico sint\u00e9tico, inyectable y derivado de la dihidrotestosterona. Es un esteroide bastante similar al masteron y fue muy popular en d\u00e9cadas pasadas. C\u00d3MO USARLO: Las dosis oscilan entre 300 mg y 800 mg por&hellip;\" \/>\n<meta property=\"og:url\" content=\"https:\/\/asteralabs.org\/es\/product\/acetato-de-estenbolona\/\" \/>\n<meta property=\"og:site_name\" content=\"Astera Labs\" \/>\n<meta property=\"article:modified_time\" content=\"2026-01-15T10:53:52+00:00\" \/>\n<meta property=\"og:image\" content=\"https:\/\/asteralabs.org\/wp-content\/uploads\/2022\/11\/10-1.png\" \/>\n\t<meta property=\"og:image:width\" content=\"2000\" \/>\n\t<meta property=\"og:image:height\" content=\"2000\" \/>\n\t<meta property=\"og:image:type\" content=\"image\/png\" \/>\n<meta name=\"twitter:card\" content=\"summary_large_image\" \/>\n<script type=\"application\/ld+json\" class=\"yoast-schema-graph\">{\"@context\":\"https:\\\/\\\/schema.org\",\"@graph\":[{\"@type\":\"WebPage\",\"@id\":\"https:\\\/\\\/asteralabs.org\\\/es\\\/product\\\/acetato-de-estenbolona\\\/\",\"url\":\"https:\\\/\\\/asteralabs.org\\\/es\\\/product\\\/acetato-de-estenbolona\\\/\",\"name\":\"Acetato de estenbolona - Astera Labs\",\"isPartOf\":{\"@id\":\"https:\\\/\\\/asteralabs.org\\\/es\\\/#website\"},\"primaryImageOfPage\":{\"@id\":\"https:\\\/\\\/asteralabs.org\\\/es\\\/product\\\/acetato-de-estenbolona\\\/#primaryimage\"},\"image\":{\"@id\":\"https:\\\/\\\/asteralabs.org\\\/es\\\/product\\\/acetato-de-estenbolona\\\/#primaryimage\"},\"thumbnailUrl\":\"https:\\\/\\\/asteralabs.org\\\/wp-content\\\/uploads\\\/2022\\\/11\\\/10-1.png\",\"datePublished\":\"2022-11-05T22:06:45+00:00\",\"dateModified\":\"2026-01-15T10:53:52+00:00\",\"breadcrumb\":{\"@id\":\"https:\\\/\\\/asteralabs.org\\\/es\\\/product\\\/acetato-de-estenbolona\\\/#breadcrumb\"},\"inLanguage\":\"es-ES\",\"potentialAction\":[{\"@type\":\"ReadAction\",\"target\":[\"https:\\\/\\\/asteralabs.org\\\/es\\\/product\\\/acetato-de-estenbolona\\\/\"]}]},{\"@type\":\"ImageObject\",\"inLanguage\":\"es-ES\",\"@id\":\"https:\\\/\\\/asteralabs.org\\\/es\\\/product\\\/acetato-de-estenbolona\\\/#primaryimage\",\"url\":\"https:\\\/\\\/asteralabs.org\\\/wp-content\\\/uploads\\\/2022\\\/11\\\/10-1.png\",\"contentUrl\":\"https:\\\/\\\/asteralabs.org\\\/wp-content\\\/uploads\\\/2022\\\/11\\\/10-1.png\",\"width\":2000,\"height\":2000},{\"@type\":\"BreadcrumbList\",\"@id\":\"https:\\\/\\\/asteralabs.org\\\/es\\\/product\\\/acetato-de-estenbolona\\\/#breadcrumb\",\"itemListElement\":[{\"@type\":\"ListItem\",\"position\":1,\"name\":\"Home\",\"item\":\"https:\\\/\\\/asteralabs.org\\\/es\\\/\"},{\"@type\":\"ListItem\",\"position\":2,\"name\":\"Shop\",\"item\":\"https:\\\/\\\/asteralabs.org\\\/shop\\\/\"},{\"@type\":\"ListItem\",\"position\":3,\"name\":\"Acetato de estenbolona\"}]},{\"@type\":\"WebSite\",\"@id\":\"https:\\\/\\\/asteralabs.org\\\/es\\\/#website\",\"url\":\"https:\\\/\\\/asteralabs.org\\\/es\\\/\",\"name\":\"Astera Labs\",\"description\":\"Improve Your Quality Of Life\",\"publisher\":{\"@id\":\"https:\\\/\\\/asteralabs.org\\\/es\\\/#organization\"},\"potentialAction\":[{\"@type\":\"SearchAction\",\"target\":{\"@type\":\"EntryPoint\",\"urlTemplate\":\"https:\\\/\\\/asteralabs.org\\\/es\\\/?s={search_term_string}\"},\"query-input\":{\"@type\":\"PropertyValueSpecification\",\"valueRequired\":true,\"valueName\":\"search_term_string\"}}],\"inLanguage\":\"es-ES\"},{\"@type\":\"Organization\",\"@id\":\"https:\\\/\\\/asteralabs.org\\\/es\\\/#organization\",\"name\":\"Astera Labs\",\"url\":\"https:\\\/\\\/asteralabs.org\\\/es\\\/\",\"logo\":{\"@type\":\"ImageObject\",\"inLanguage\":\"es-ES\",\"@id\":\"https:\\\/\\\/asteralabs.org\\\/es\\\/#\\\/schema\\\/logo\\\/image\\\/\",\"url\":\"https:\\\/\\\/asteralabs.org\\\/wp-content\\\/uploads\\\/2022\\\/12\\\/astera-2.png\",\"contentUrl\":\"https:\\\/\\\/asteralabs.org\\\/wp-content\\\/uploads\\\/2022\\\/12\\\/astera-2.png\",\"width\":437,\"height\":111,\"caption\":\"Astera Labs\"},\"image\":{\"@id\":\"https:\\\/\\\/asteralabs.org\\\/es\\\/#\\\/schema\\\/logo\\\/image\\\/\"}}]}<\/script>\n<!-- \/ Yoast SEO plugin. -->","yoast_head_json":{"title":"Acetato de estenbolona - Astera Labs","robots":{"index":"index","follow":"follow","max-snippet":"max-snippet:-1","max-image-preview":"max-image-preview:large","max-video-preview":"max-video-preview:-1"},"canonical":"https:\/\/asteralabs.org\/es\/product\/acetato-de-estenbolona\/","og_locale":"es_ES","og_type":"article","og_title":"Acetato de estenbolona - Astera Labs","og_description":"DOSIFICACI\u00d3N: Acetato de Estenbolona 100mg\/ml CONTENIDO DEL ENVASE: 1 vial de 10ML, 100 mg por ml QU\u00c9 ES: Es un esteroide anab\u00f3lico-androg\u00e9nico sint\u00e9tico, inyectable y derivado de la dihidrotestosterona. Es un esteroide bastante similar al masteron y fue muy popular en d\u00e9cadas pasadas. C\u00d3MO USARLO: Las dosis oscilan entre 300 mg y 800 mg por&hellip;","og_url":"https:\/\/asteralabs.org\/es\/product\/acetato-de-estenbolona\/","og_site_name":"Astera Labs","article_modified_time":"2026-01-15T10:53:52+00:00","og_image":[{"width":2000,"height":2000,"url":"https:\/\/asteralabs.org\/wp-content\/uploads\/2022\/11\/10-1.png","type":"image\/png"}],"twitter_card":"summary_large_image","schema":{"@context":"https:\/\/schema.org","@graph":[{"@type":"WebPage","@id":"https:\/\/asteralabs.org\/es\/product\/acetato-de-estenbolona\/","url":"https:\/\/asteralabs.org\/es\/product\/acetato-de-estenbolona\/","name":"Acetato de estenbolona - Astera Labs","isPartOf":{"@id":"https:\/\/asteralabs.org\/es\/#website"},"primaryImageOfPage":{"@id":"https:\/\/asteralabs.org\/es\/product\/acetato-de-estenbolona\/#primaryimage"},"image":{"@id":"https:\/\/asteralabs.org\/es\/product\/acetato-de-estenbolona\/#primaryimage"},"thumbnailUrl":"https:\/\/asteralabs.org\/wp-content\/uploads\/2022\/11\/10-1.png","datePublished":"2022-11-05T22:06:45+00:00","dateModified":"2026-01-15T10:53:52+00:00","breadcrumb":{"@id":"https:\/\/asteralabs.org\/es\/product\/acetato-de-estenbolona\/#breadcrumb"},"inLanguage":"es-ES","potentialAction":[{"@type":"ReadAction","target":["https:\/\/asteralabs.org\/es\/product\/acetato-de-estenbolona\/"]}]},{"@type":"ImageObject","inLanguage":"es-ES","@id":"https:\/\/asteralabs.org\/es\/product\/acetato-de-estenbolona\/#primaryimage","url":"https:\/\/asteralabs.org\/wp-content\/uploads\/2022\/11\/10-1.png","contentUrl":"https:\/\/asteralabs.org\/wp-content\/uploads\/2022\/11\/10-1.png","width":2000,"height":2000},{"@type":"BreadcrumbList","@id":"https:\/\/asteralabs.org\/es\/product\/acetato-de-estenbolona\/#breadcrumb","itemListElement":[{"@type":"ListItem","position":1,"name":"Home","item":"https:\/\/asteralabs.org\/es\/"},{"@type":"ListItem","position":2,"name":"Shop","item":"https:\/\/asteralabs.org\/shop\/"},{"@type":"ListItem","position":3,"name":"Acetato de estenbolona"}]},{"@type":"WebSite","@id":"https:\/\/asteralabs.org\/es\/#website","url":"https:\/\/asteralabs.org\/es\/","name":"Astera Labs","description":"Improve Your Quality Of Life","publisher":{"@id":"https:\/\/asteralabs.org\/es\/#organization"},"potentialAction":[{"@type":"SearchAction","target":{"@type":"EntryPoint","urlTemplate":"https:\/\/asteralabs.org\/es\/?s={search_term_string}"},"query-input":{"@type":"PropertyValueSpecification","valueRequired":true,"valueName":"search_term_string"}}],"inLanguage":"es-ES"},{"@type":"Organization","@id":"https:\/\/asteralabs.org\/es\/#organization","name":"Astera Labs","url":"https:\/\/asteralabs.org\/es\/","logo":{"@type":"ImageObject","inLanguage":"es-ES","@id":"https:\/\/asteralabs.org\/es\/#\/schema\/logo\/image\/","url":"https:\/\/asteralabs.org\/wp-content\/uploads\/2022\/12\/astera-2.png","contentUrl":"https:\/\/asteralabs.org\/wp-content\/uploads\/2022\/12\/astera-2.png","width":437,"height":111,"caption":"Astera Labs"},"image":{"@id":"https:\/\/asteralabs.org\/es\/#\/schema\/logo\/image\/"}}]}},"_links":{"self":[{"href":"https:\/\/asteralabs.org\/es\/wp-json\/wp\/v2\/product\/77704","targetHints":{"allow":["GET"]}}],"collection":[{"href":"https:\/\/asteralabs.org\/es\/wp-json\/wp\/v2\/product"}],"about":[{"href":"https:\/\/asteralabs.org\/es\/wp-json\/wp\/v2\/types\/product"}],"replies":[{"embeddable":true,"href":"https:\/\/asteralabs.org\/es\/wp-json\/wp\/v2\/comments?post=77704"}],"version-history":[{"count":0,"href":"https:\/\/asteralabs.org\/es\/wp-json\/wp\/v2\/product\/77704\/revisions"}],"wp:featuredmedia":[{"embeddable":true,"href":"https:\/\/asteralabs.org\/es\/wp-json\/wp\/v2\/media\/75221"}],"wp:attachment":[{"href":"https:\/\/asteralabs.org\/es\/wp-json\/wp\/v2\/media?parent=77704"}],"wp:term":[{"taxonomy":"product_brand","embeddable":true,"href":"https:\/\/asteralabs.org\/es\/wp-json\/wp\/v2\/product_brand?post=77704"},{"taxonomy":"product_cat","embeddable":true,"href":"https:\/\/asteralabs.org\/es\/wp-json\/wp\/v2\/product_cat?post=77704"},{"taxonomy":"product_tag","embeddable":true,"href":"https:\/\/asteralabs.org\/es\/wp-json\/wp\/v2\/product_tag?post=77704"}],"curies":[{"name":"wp","href":"https:\/\/api.w.org\/{rel}","templated":true}]}}