{"id":77712,"date":"2023-01-10T22:31:46","date_gmt":"2023-01-10T22:31:46","guid":{"rendered":"https:\/\/asteralabs.org\/product\/oxandrolona\/"},"modified":"2026-01-16T10:27:56","modified_gmt":"2026-01-16T10:27:56","slug":"oxandrolona","status":"publish","type":"product","link":"https:\/\/asteralabs.org\/es\/product\/oxandrolona\/","title":{"rendered":"Oxandrolona"},"content":{"rendered":"<p><strong>DOSIFICACI\u00d3N: <\/strong><br \/>\nOxandrolona 20mg\/<span style=\"font-weight: 400;\">tableta<\/span><\/p>\n<p><strong>CONTENIDO DEL ENVASE: <\/strong><br \/>\n1 paquete, 100 tabletas, 20 mg por tableta<\/p>\n<p><strong>QU\u00c9 ES: <\/strong><br \/>\n<span style=\"font-weight: 400;\">La Oxandrolona<\/span><span style=\"font-weight: 400;\"> es el esteroide oral m\u00e1s utilizado debido a su relaci\u00f3n riesgo\/beneficio, <\/span><span style=\"font-weight: 400;\">ya que <\/span><span style=\"font-weight: 400;\">proporciona buenas ganancias de masa magra y fuerza, as\u00ed como un potente efecto sobre la p\u00e9rdida de grasa. Es muy vers\u00e1til,<\/span><span style=\"font-weight: 400;\"> y <\/span><span style=\"font-weight: 400;\">puede utilizarse tanto en un ciclo de corte como en un ciclo de aumento de volumen. <\/span><span style=\"font-weight: 400;\">Sin embargo,<\/span><span style=\"font-weight: 400;\"> generalmente se utiliza durante un ciclo de corte debido a su potente efecto quemagrasas<\/span><span style=\"font-weight: 400;\">.<\/span><span style=\"font-weight: 400;\"> Es un esteroide muy seguro, <\/span><span style=\"font-weight: 400;\">y a pesar de metabolizarse<\/span><span style=\"font-weight: 400;\"> en el h\u00edgado, su toxicidad hep\u00e1tica es casi nula<\/span><\/p>\n<p><strong>C\u00d3MO USARLO: <\/strong><br \/>\n<span style=\"font-weight: 400;\">Las dosis depender\u00e1n del usuario, y se consideran<\/span><span style=\"font-weight: 400;\"> adecuadas las dosis <\/span><span style=\"font-weight: 400;\">de 20 a 100 mg al d\u00eda. Una dosis est\u00e1ndar ser\u00e1 de 30-50 mg al d\u00eda, dividida en 3 tomas con las principales comidas del d\u00eda.<\/span><\/p>\n<p><strong>INFORMACI\u00d3N DEL LOTE:<br \/>\n<\/strong>N\u00ba de lote: <span data-sheets-root=\"1\" data-sheets-value=\"{\" data-sheets-userformat=\"{\">OW35606<\/span><br \/>\nFecha de fabricaci\u00f3n: <span data-sheets-root=\"1\" data-sheets-value=\"{\" data-sheets-userformat=\"{\">10.2025.<\/span><br \/>\nFecha de caducidad: <span data-sheets-root=\"1\" data-sheets-value=\"{\" data-sheets-userformat=\"{\">10.2028.<\/span><\/p>\n","protected":false},"excerpt":{"rendered":"<p>DOSIFICACI\u00d3N: Oxandrolona 20mg\/tableta CONTENIDO DEL ENVASE: 1 paquete, 100 tabletas, 20 mg por tableta QU\u00c9 ES: La Oxandrolona es el esteroide oral m\u00e1s utilizado debido a su relaci\u00f3n riesgo\/beneficio, ya que proporciona buenas ganancias de masa magra y fuerza, as\u00ed como un potente efecto sobre la p\u00e9rdida de grasa. Es muy vers\u00e1til, y puede utilizarse&hellip;<\/p>\n","protected":false},"featured_media":76325,"comment_status":"open","ping_status":"closed","template":"","meta":[],"product_cat":[164,173],"product_tag":[],"yoast_head":"<!-- This site is optimized with the Yoast SEO plugin v23.0 - https:\/\/yoast.com\/wordpress\/plugins\/seo\/ -->\n<title>Oxandrolona - Astera Labs<\/title>\n<meta name=\"robots\" content=\"index, follow, max-snippet:-1, max-image-preview:large, max-video-preview:-1\" \/>\n<link rel=\"canonical\" href=\"https:\/\/asteralabs.org\/es\/product\/oxandrolona\/\" \/>\n<meta property=\"og:locale\" content=\"es_ES\" \/>\n<meta property=\"og:type\" content=\"article\" \/>\n<meta property=\"og:title\" content=\"Oxandrolona - Astera Labs\" \/>\n<meta property=\"og:description\" content=\"DOSIFICACI\u00d3N: Oxandrolona 20mg\/tableta CONTENIDO DEL ENVASE: 1 paquete, 100 tabletas, 20 mg por tableta QU\u00c9 ES: La Oxandrolona es el esteroide oral m\u00e1s utilizado debido a su relaci\u00f3n riesgo\/beneficio, ya que proporciona buenas ganancias de masa magra y fuerza, as\u00ed como un potente efecto sobre la p\u00e9rdida de grasa. Es muy vers\u00e1til, y puede utilizarse&hellip;\" \/>\n<meta property=\"og:url\" content=\"https:\/\/asteralabs.org\/es\/product\/oxandrolona\/\" \/>\n<meta property=\"og:site_name\" content=\"Astera Labs\" \/>\n<meta property=\"article:modified_time\" content=\"2026-01-16T10:27:56+00:00\" \/>\n<meta property=\"og:image\" content=\"https:\/\/asteralabs.org\/wp-content\/uploads\/2023\/01\/Oxandrolone-mockup-nbg.png\" \/>\n\t<meta property=\"og:image:width\" content=\"2000\" \/>\n\t<meta property=\"og:image:height\" content=\"2000\" \/>\n\t<meta property=\"og:image:type\" content=\"image\/png\" \/>\n<meta name=\"twitter:card\" content=\"summary_large_image\" \/>\n<script type=\"application\/ld+json\" class=\"yoast-schema-graph\">{\"@context\":\"https:\/\/schema.org\",\"@graph\":[{\"@type\":\"WebPage\",\"@id\":\"https:\/\/asteralabs.org\/es\/product\/oxandrolona\/\",\"url\":\"https:\/\/asteralabs.org\/es\/product\/oxandrolona\/\",\"name\":\"Oxandrolona - Astera Labs\",\"isPartOf\":{\"@id\":\"https:\/\/asteralabs.org\/es\/#website\"},\"primaryImageOfPage\":{\"@id\":\"https:\/\/asteralabs.org\/es\/product\/oxandrolona\/#primaryimage\"},\"image\":{\"@id\":\"https:\/\/asteralabs.org\/es\/product\/oxandrolona\/#primaryimage\"},\"thumbnailUrl\":\"https:\/\/asteralabs.org\/wp-content\/uploads\/2023\/01\/Oxandrolone-mockup-nbg.png\",\"datePublished\":\"2023-01-10T22:31:46+00:00\",\"dateModified\":\"2026-01-16T10:27:56+00:00\",\"breadcrumb\":{\"@id\":\"https:\/\/asteralabs.org\/es\/product\/oxandrolona\/#breadcrumb\"},\"inLanguage\":\"es\",\"potentialAction\":[{\"@type\":\"ReadAction\",\"target\":[\"https:\/\/asteralabs.org\/es\/product\/oxandrolona\/\"]}]},{\"@type\":\"ImageObject\",\"inLanguage\":\"es\",\"@id\":\"https:\/\/asteralabs.org\/es\/product\/oxandrolona\/#primaryimage\",\"url\":\"https:\/\/asteralabs.org\/wp-content\/uploads\/2023\/01\/Oxandrolone-mockup-nbg.png\",\"contentUrl\":\"https:\/\/asteralabs.org\/wp-content\/uploads\/2023\/01\/Oxandrolone-mockup-nbg.png\",\"width\":2000,\"height\":2000},{\"@type\":\"BreadcrumbList\",\"@id\":\"https:\/\/asteralabs.org\/es\/product\/oxandrolona\/#breadcrumb\",\"itemListElement\":[{\"@type\":\"ListItem\",\"position\":1,\"name\":\"Home\",\"item\":\"https:\/\/asteralabs.org\/es\/\"},{\"@type\":\"ListItem\",\"position\":2,\"name\":\"Tienda\",\"item\":\"https:\/\/asteralabs.org\/tienda\/\"},{\"@type\":\"ListItem\",\"position\":3,\"name\":\"Oxandrolona\"}]},{\"@type\":\"WebSite\",\"@id\":\"https:\/\/asteralabs.org\/es\/#website\",\"url\":\"https:\/\/asteralabs.org\/es\/\",\"name\":\"Astera Labs\",\"description\":\"Improve Your Quality Of Life\",\"publisher\":{\"@id\":\"https:\/\/asteralabs.org\/es\/#organization\"},\"potentialAction\":[{\"@type\":\"SearchAction\",\"target\":{\"@type\":\"EntryPoint\",\"urlTemplate\":\"https:\/\/asteralabs.org\/es\/?s={search_term_string}\"},\"query-input\":\"required name=search_term_string\"}],\"inLanguage\":\"es\"},{\"@type\":\"Organization\",\"@id\":\"https:\/\/asteralabs.org\/es\/#organization\",\"name\":\"Astera Labs\",\"url\":\"https:\/\/asteralabs.org\/es\/\",\"logo\":{\"@type\":\"ImageObject\",\"inLanguage\":\"es\",\"@id\":\"https:\/\/asteralabs.org\/es\/#\/schema\/logo\/image\/\",\"url\":\"https:\/\/asteralabs.org\/wp-content\/uploads\/2022\/12\/astera-2.png\",\"contentUrl\":\"https:\/\/asteralabs.org\/wp-content\/uploads\/2022\/12\/astera-2.png\",\"width\":437,\"height\":111,\"caption\":\"Astera Labs\"},\"image\":{\"@id\":\"https:\/\/asteralabs.org\/es\/#\/schema\/logo\/image\/\"}}]}<\/script>\n<!-- \/ Yoast SEO plugin. -->","yoast_head_json":{"title":"Oxandrolona - Astera Labs","robots":{"index":"index","follow":"follow","max-snippet":"max-snippet:-1","max-image-preview":"max-image-preview:large","max-video-preview":"max-video-preview:-1"},"canonical":"https:\/\/asteralabs.org\/es\/product\/oxandrolona\/","og_locale":"es_ES","og_type":"article","og_title":"Oxandrolona - Astera Labs","og_description":"DOSIFICACI\u00d3N: Oxandrolona 20mg\/tableta CONTENIDO DEL ENVASE: 1 paquete, 100 tabletas, 20 mg por tableta QU\u00c9 ES: La Oxandrolona es el esteroide oral m\u00e1s utilizado debido a su relaci\u00f3n riesgo\/beneficio, ya que proporciona buenas ganancias de masa magra y fuerza, as\u00ed como un potente efecto sobre la p\u00e9rdida de grasa. Es muy vers\u00e1til, y puede utilizarse&hellip;","og_url":"https:\/\/asteralabs.org\/es\/product\/oxandrolona\/","og_site_name":"Astera Labs","article_modified_time":"2026-01-16T10:27:56+00:00","og_image":[{"width":2000,"height":2000,"url":"https:\/\/asteralabs.org\/wp-content\/uploads\/2023\/01\/Oxandrolone-mockup-nbg.png","type":"image\/png"}],"twitter_card":"summary_large_image","schema":{"@context":"https:\/\/schema.org","@graph":[{"@type":"WebPage","@id":"https:\/\/asteralabs.org\/es\/product\/oxandrolona\/","url":"https:\/\/asteralabs.org\/es\/product\/oxandrolona\/","name":"Oxandrolona - Astera Labs","isPartOf":{"@id":"https:\/\/asteralabs.org\/es\/#website"},"primaryImageOfPage":{"@id":"https:\/\/asteralabs.org\/es\/product\/oxandrolona\/#primaryimage"},"image":{"@id":"https:\/\/asteralabs.org\/es\/product\/oxandrolona\/#primaryimage"},"thumbnailUrl":"https:\/\/asteralabs.org\/wp-content\/uploads\/2023\/01\/Oxandrolone-mockup-nbg.png","datePublished":"2023-01-10T22:31:46+00:00","dateModified":"2026-01-16T10:27:56+00:00","breadcrumb":{"@id":"https:\/\/asteralabs.org\/es\/product\/oxandrolona\/#breadcrumb"},"inLanguage":"es","potentialAction":[{"@type":"ReadAction","target":["https:\/\/asteralabs.org\/es\/product\/oxandrolona\/"]}]},{"@type":"ImageObject","inLanguage":"es","@id":"https:\/\/asteralabs.org\/es\/product\/oxandrolona\/#primaryimage","url":"https:\/\/asteralabs.org\/wp-content\/uploads\/2023\/01\/Oxandrolone-mockup-nbg.png","contentUrl":"https:\/\/asteralabs.org\/wp-content\/uploads\/2023\/01\/Oxandrolone-mockup-nbg.png","width":2000,"height":2000},{"@type":"BreadcrumbList","@id":"https:\/\/asteralabs.org\/es\/product\/oxandrolona\/#breadcrumb","itemListElement":[{"@type":"ListItem","position":1,"name":"Home","item":"https:\/\/asteralabs.org\/es\/"},{"@type":"ListItem","position":2,"name":"Tienda","item":"https:\/\/asteralabs.org\/tienda\/"},{"@type":"ListItem","position":3,"name":"Oxandrolona"}]},{"@type":"WebSite","@id":"https:\/\/asteralabs.org\/es\/#website","url":"https:\/\/asteralabs.org\/es\/","name":"Astera Labs","description":"Improve Your Quality Of Life","publisher":{"@id":"https:\/\/asteralabs.org\/es\/#organization"},"potentialAction":[{"@type":"SearchAction","target":{"@type":"EntryPoint","urlTemplate":"https:\/\/asteralabs.org\/es\/?s={search_term_string}"},"query-input":"required name=search_term_string"}],"inLanguage":"es"},{"@type":"Organization","@id":"https:\/\/asteralabs.org\/es\/#organization","name":"Astera Labs","url":"https:\/\/asteralabs.org\/es\/","logo":{"@type":"ImageObject","inLanguage":"es","@id":"https:\/\/asteralabs.org\/es\/#\/schema\/logo\/image\/","url":"https:\/\/asteralabs.org\/wp-content\/uploads\/2022\/12\/astera-2.png","contentUrl":"https:\/\/asteralabs.org\/wp-content\/uploads\/2022\/12\/astera-2.png","width":437,"height":111,"caption":"Astera Labs"},"image":{"@id":"https:\/\/asteralabs.org\/es\/#\/schema\/logo\/image\/"}}]}},"_links":{"self":[{"href":"https:\/\/asteralabs.org\/es\/wp-json\/wp\/v2\/product\/77712"}],"collection":[{"href":"https:\/\/asteralabs.org\/es\/wp-json\/wp\/v2\/product"}],"about":[{"href":"https:\/\/asteralabs.org\/es\/wp-json\/wp\/v2\/types\/product"}],"replies":[{"embeddable":true,"href":"https:\/\/asteralabs.org\/es\/wp-json\/wp\/v2\/comments?post=77712"}],"version-history":[{"count":2,"href":"https:\/\/asteralabs.org\/es\/wp-json\/wp\/v2\/product\/77712\/revisions"}],"predecessor-version":[{"id":78685,"href":"https:\/\/asteralabs.org\/es\/wp-json\/wp\/v2\/product\/77712\/revisions\/78685"}],"wp:featuredmedia":[{"embeddable":true,"href":"https:\/\/asteralabs.org\/es\/wp-json\/wp\/v2\/media\/76325"}],"wp:attachment":[{"href":"https:\/\/asteralabs.org\/es\/wp-json\/wp\/v2\/media?parent=77712"}],"wp:term":[{"taxonomy":"product_cat","embeddable":true,"href":"https:\/\/asteralabs.org\/es\/wp-json\/wp\/v2\/product_cat?post=77712"},{"taxonomy":"product_tag","embeddable":true,"href":"https:\/\/asteralabs.org\/es\/wp-json\/wp\/v2\/product_tag?post=77712"}],"curies":[{"name":"wp","href":"https:\/\/api.w.org\/{rel}","templated":true}]}}