{"id":77786,"date":"2022-12-29T21:01:59","date_gmt":"2022-12-29T21:01:59","guid":{"rendered":"https:\/\/asteralabs.org\/product\/enantato-de-trestolona-ment\/"},"modified":"2026-01-16T07:51:24","modified_gmt":"2026-01-16T07:51:24","slug":"enantato-de-trestolona-ment","status":"publish","type":"product","link":"https:\/\/asteralabs.org\/es\/product\/enantato-de-trestolona-ment\/","title":{"rendered":"Enantato de Trestolona (MENT)"},"content":{"rendered":"<p><strong>DOSIFICACI\u00d3N:<\/strong><br \/>\nEnantato de Trestolona 50 mg\/ml<\/p>\n<p><strong>CONTENIDO DEL ENVASE:<\/strong><br \/>\n1 vial de 10ML, 50 mg por ml<\/p>\n<p><strong>QU\u00c9 ES:<\/strong><br \/>\n<span style=\"font-weight: 400;\">ENANTATO DE TRESTOLONA (MENT) es un potente esteroide anab\u00f3lico derivado de la hormona nandrolona. Popularmente<\/span><span style=\"font-weight: 400;\">,<\/span><span style=\"font-weight: 400;\"> se considera una mezcla entre <\/span><span style=\"font-weight: 400;\">Trembolona<\/span><span style=\"font-weight: 400;\"> y Nandrolona, que ofrece una potente combinaci\u00f3n de ganancias de fuerza y tama\u00f1o. Con una potencia mayor que la <\/span><span style=\"font-weight: 400;\">Trembolona,<\/span><span style=\"font-weight: 400;\"> el Enantato de Trestolona es uno de los esteroides m\u00e1s potentes disponibles. Este compuesto se aromatiza mucho, lo que significa que se convierte en estr\u00f3geno en el cuerpo. Los usuarios deben ser conscientes de ello y tomar las medidas adecuadas para controlar los niveles de estradiol, utilizando estrategias diferentes de las que se suelen utilizar con compuestos menos potentes u optando por dosis m\u00e1s peque\u00f1as. El Enantato de Trestolona no se convierte en DHT, lo que reduce el riesgo de p\u00e9rdida de cabello y otros efectos secundarios relacionados con la DHT. Curiosamente, tiene una constante de inhibici\u00f3n<\/span><span style=\"font-weight: 400;\"> alta<\/span><span style=\"font-weight: 400;\">, y uno de los usos de esta sustancia es como anticonceptivo masculino.<\/span><\/p>\n<p><strong>C\u00d3MO USARLO:<\/strong><br \/>\n<span style=\"font-weight: 400;\">La dosis de Trestolona Enantato var\u00eda seg\u00fan la experiencia y los objetivos del usuario. Las dosis habituales oscilan entre 5-10 mg al d\u00eda (35-70 mg a la semana) para los principiantes, mientras que los usuarios m\u00e1s avanzados pueden utilizar 10-25 mg al d\u00eda<\/span><span style=\"font-weight: 400;\">,<\/span><span style=\"font-weight: 400;\"> (70-175 mg a la semana)<\/span><span style=\"font-weight: 400;\">,<\/span><span style=\"font-weight: 400;\"> o incluso 25-50 mg al d\u00eda (175-350 mg a la semana). Se recomienda aumentar la dosis gradualmente, cada semana, hasta conseguir los efectos deseados. Los ciclos suelen durar de 8 a 12 semanas, y los usuarios controlan cuidadosamente su respuesta al compuesto<\/span><span style=\"font-weight: 400;\">, ajustando<\/span><span style=\"font-weight: 400;\"> la dosis seg\u00fan sea necesario para optimizar los resultados y minimizar los posibles efectos secundarios. Una vez finalizado el ciclo, se recomienda una terapia postciclo (PCT) <\/span><span style=\"font-weight: 400;\">que ayude<\/span><span style=\"font-weight: 400;\"> a restablecer la producci\u00f3n natural de testosterona y mantener las ganancias<\/span><span style=\"font-weight: 400;\"> obtenidas<\/span><span style=\"font-weight: 400;\"> durante el ciclo.<\/span><\/p>\n<p><strong>INFORMACI\u00d3N DEL LOTE:<br \/>\n<\/strong>N\u00ba de lote: <span data-sheets-root=\"1\" data-sheets-value=\"{\" data-sheets-userformat=\"{\">QD65113<\/span><br \/>\nFecha de fabricaci\u00f3n: 10<span data-sheets-root=\"1\" data-sheets-value=\"{&quot;1&quot;:2,&quot;2&quot;:&quot;03.2023.&quot;}\" data-sheets-userformat=\"{&quot;2&quot;:577,&quot;3&quot;:{&quot;1&quot;:0},&quot;9&quot;:0,&quot;12&quot;:0}\">.2025.<\/span><br \/>\nFecha de caducidad: <span data-sheets-root=\"1\" data-sheets-value=\"{\" data-sheets-userformat=\"{\">10.2028.<\/span><\/p>\n","protected":false},"excerpt":{"rendered":"<p>DOSIFICACI\u00d3N: Enantato de Trestolona 50 mg\/ml CONTENIDO DEL ENVASE: 1 vial de 10ML, 50 mg por ml QU\u00c9 ES: ENANTATO DE TRESTOLONA (MENT) es un potente esteroide anab\u00f3lico derivado de la hormona nandrolona. Popularmente, se considera una mezcla entre Trembolona y Nandrolona, que ofrece una potente combinaci\u00f3n de ganancias de fuerza y tama\u00f1o. Con una&hellip;<\/p>\n","protected":false},"featured_media":75701,"comment_status":"open","ping_status":"closed","template":"","meta":[],"product_cat":[163],"product_tag":[],"yoast_head":"<!-- This site is optimized with the Yoast SEO plugin v23.0 - https:\/\/yoast.com\/wordpress\/plugins\/seo\/ -->\n<title>Enantato de Trestolona (MENT) - Astera Labs<\/title>\n<meta name=\"robots\" content=\"index, follow, max-snippet:-1, max-image-preview:large, max-video-preview:-1\" \/>\n<link rel=\"canonical\" href=\"https:\/\/asteralabs.org\/es\/product\/enantato-de-trestolona-ment\/\" \/>\n<meta property=\"og:locale\" content=\"es_ES\" \/>\n<meta property=\"og:type\" content=\"article\" \/>\n<meta property=\"og:title\" content=\"Enantato de Trestolona (MENT) - Astera Labs\" \/>\n<meta property=\"og:description\" content=\"DOSIFICACI\u00d3N: Enantato de Trestolona 50 mg\/ml CONTENIDO DEL ENVASE: 1 vial de 10ML, 50 mg por ml QU\u00c9 ES: ENANTATO DE TRESTOLONA (MENT) es un potente esteroide anab\u00f3lico derivado de la hormona nandrolona. Popularmente, se considera una mezcla entre Trembolona y Nandrolona, que ofrece una potente combinaci\u00f3n de ganancias de fuerza y tama\u00f1o. Con una&hellip;\" \/>\n<meta property=\"og:url\" content=\"https:\/\/asteralabs.org\/es\/product\/enantato-de-trestolona-ment\/\" \/>\n<meta property=\"og:site_name\" content=\"Astera Labs\" \/>\n<meta property=\"article:modified_time\" content=\"2026-01-16T07:51:24+00:00\" \/>\n<meta property=\"og:image\" content=\"https:\/\/asteralabs.org\/wp-content\/uploads\/2022\/12\/8.png\" \/>\n\t<meta property=\"og:image:width\" content=\"2000\" \/>\n\t<meta property=\"og:image:height\" content=\"2000\" \/>\n\t<meta property=\"og:image:type\" content=\"image\/png\" \/>\n<meta name=\"twitter:card\" content=\"summary_large_image\" \/>\n<script type=\"application\/ld+json\" class=\"yoast-schema-graph\">{\"@context\":\"https:\/\/schema.org\",\"@graph\":[{\"@type\":\"WebPage\",\"@id\":\"https:\/\/asteralabs.org\/es\/product\/enantato-de-trestolona-ment\/\",\"url\":\"https:\/\/asteralabs.org\/es\/product\/enantato-de-trestolona-ment\/\",\"name\":\"Enantato de Trestolona (MENT) - Astera Labs\",\"isPartOf\":{\"@id\":\"https:\/\/asteralabs.org\/es\/#website\"},\"primaryImageOfPage\":{\"@id\":\"https:\/\/asteralabs.org\/es\/product\/enantato-de-trestolona-ment\/#primaryimage\"},\"image\":{\"@id\":\"https:\/\/asteralabs.org\/es\/product\/enantato-de-trestolona-ment\/#primaryimage\"},\"thumbnailUrl\":\"https:\/\/asteralabs.org\/wp-content\/uploads\/2022\/12\/8.png\",\"datePublished\":\"2022-12-29T21:01:59+00:00\",\"dateModified\":\"2026-01-16T07:51:24+00:00\",\"breadcrumb\":{\"@id\":\"https:\/\/asteralabs.org\/es\/product\/enantato-de-trestolona-ment\/#breadcrumb\"},\"inLanguage\":\"es\",\"potentialAction\":[{\"@type\":\"ReadAction\",\"target\":[\"https:\/\/asteralabs.org\/es\/product\/enantato-de-trestolona-ment\/\"]}]},{\"@type\":\"ImageObject\",\"inLanguage\":\"es\",\"@id\":\"https:\/\/asteralabs.org\/es\/product\/enantato-de-trestolona-ment\/#primaryimage\",\"url\":\"https:\/\/asteralabs.org\/wp-content\/uploads\/2022\/12\/8.png\",\"contentUrl\":\"https:\/\/asteralabs.org\/wp-content\/uploads\/2022\/12\/8.png\",\"width\":2000,\"height\":2000},{\"@type\":\"BreadcrumbList\",\"@id\":\"https:\/\/asteralabs.org\/es\/product\/enantato-de-trestolona-ment\/#breadcrumb\",\"itemListElement\":[{\"@type\":\"ListItem\",\"position\":1,\"name\":\"Home\",\"item\":\"https:\/\/asteralabs.org\/es\/\"},{\"@type\":\"ListItem\",\"position\":2,\"name\":\"Tienda\",\"item\":\"https:\/\/asteralabs.org\/tienda\/\"},{\"@type\":\"ListItem\",\"position\":3,\"name\":\"Enantato de Trestolona (MENT)\"}]},{\"@type\":\"WebSite\",\"@id\":\"https:\/\/asteralabs.org\/es\/#website\",\"url\":\"https:\/\/asteralabs.org\/es\/\",\"name\":\"Astera Labs\",\"description\":\"Improve Your Quality Of Life\",\"publisher\":{\"@id\":\"https:\/\/asteralabs.org\/es\/#organization\"},\"potentialAction\":[{\"@type\":\"SearchAction\",\"target\":{\"@type\":\"EntryPoint\",\"urlTemplate\":\"https:\/\/asteralabs.org\/es\/?s={search_term_string}\"},\"query-input\":\"required name=search_term_string\"}],\"inLanguage\":\"es\"},{\"@type\":\"Organization\",\"@id\":\"https:\/\/asteralabs.org\/es\/#organization\",\"name\":\"Astera Labs\",\"url\":\"https:\/\/asteralabs.org\/es\/\",\"logo\":{\"@type\":\"ImageObject\",\"inLanguage\":\"es\",\"@id\":\"https:\/\/asteralabs.org\/es\/#\/schema\/logo\/image\/\",\"url\":\"https:\/\/asteralabs.org\/wp-content\/uploads\/2022\/12\/astera-2.png\",\"contentUrl\":\"https:\/\/asteralabs.org\/wp-content\/uploads\/2022\/12\/astera-2.png\",\"width\":437,\"height\":111,\"caption\":\"Astera Labs\"},\"image\":{\"@id\":\"https:\/\/asteralabs.org\/es\/#\/schema\/logo\/image\/\"}}]}<\/script>\n<!-- \/ Yoast SEO plugin. -->","yoast_head_json":{"title":"Enantato de Trestolona (MENT) - Astera Labs","robots":{"index":"index","follow":"follow","max-snippet":"max-snippet:-1","max-image-preview":"max-image-preview:large","max-video-preview":"max-video-preview:-1"},"canonical":"https:\/\/asteralabs.org\/es\/product\/enantato-de-trestolona-ment\/","og_locale":"es_ES","og_type":"article","og_title":"Enantato de Trestolona (MENT) - Astera Labs","og_description":"DOSIFICACI\u00d3N: Enantato de Trestolona 50 mg\/ml CONTENIDO DEL ENVASE: 1 vial de 10ML, 50 mg por ml QU\u00c9 ES: ENANTATO DE TRESTOLONA (MENT) es un potente esteroide anab\u00f3lico derivado de la hormona nandrolona. Popularmente, se considera una mezcla entre Trembolona y Nandrolona, que ofrece una potente combinaci\u00f3n de ganancias de fuerza y tama\u00f1o. Con una&hellip;","og_url":"https:\/\/asteralabs.org\/es\/product\/enantato-de-trestolona-ment\/","og_site_name":"Astera Labs","article_modified_time":"2026-01-16T07:51:24+00:00","og_image":[{"width":2000,"height":2000,"url":"https:\/\/asteralabs.org\/wp-content\/uploads\/2022\/12\/8.png","type":"image\/png"}],"twitter_card":"summary_large_image","schema":{"@context":"https:\/\/schema.org","@graph":[{"@type":"WebPage","@id":"https:\/\/asteralabs.org\/es\/product\/enantato-de-trestolona-ment\/","url":"https:\/\/asteralabs.org\/es\/product\/enantato-de-trestolona-ment\/","name":"Enantato de Trestolona (MENT) - Astera Labs","isPartOf":{"@id":"https:\/\/asteralabs.org\/es\/#website"},"primaryImageOfPage":{"@id":"https:\/\/asteralabs.org\/es\/product\/enantato-de-trestolona-ment\/#primaryimage"},"image":{"@id":"https:\/\/asteralabs.org\/es\/product\/enantato-de-trestolona-ment\/#primaryimage"},"thumbnailUrl":"https:\/\/asteralabs.org\/wp-content\/uploads\/2022\/12\/8.png","datePublished":"2022-12-29T21:01:59+00:00","dateModified":"2026-01-16T07:51:24+00:00","breadcrumb":{"@id":"https:\/\/asteralabs.org\/es\/product\/enantato-de-trestolona-ment\/#breadcrumb"},"inLanguage":"es","potentialAction":[{"@type":"ReadAction","target":["https:\/\/asteralabs.org\/es\/product\/enantato-de-trestolona-ment\/"]}]},{"@type":"ImageObject","inLanguage":"es","@id":"https:\/\/asteralabs.org\/es\/product\/enantato-de-trestolona-ment\/#primaryimage","url":"https:\/\/asteralabs.org\/wp-content\/uploads\/2022\/12\/8.png","contentUrl":"https:\/\/asteralabs.org\/wp-content\/uploads\/2022\/12\/8.png","width":2000,"height":2000},{"@type":"BreadcrumbList","@id":"https:\/\/asteralabs.org\/es\/product\/enantato-de-trestolona-ment\/#breadcrumb","itemListElement":[{"@type":"ListItem","position":1,"name":"Home","item":"https:\/\/asteralabs.org\/es\/"},{"@type":"ListItem","position":2,"name":"Tienda","item":"https:\/\/asteralabs.org\/tienda\/"},{"@type":"ListItem","position":3,"name":"Enantato de Trestolona (MENT)"}]},{"@type":"WebSite","@id":"https:\/\/asteralabs.org\/es\/#website","url":"https:\/\/asteralabs.org\/es\/","name":"Astera Labs","description":"Improve Your Quality Of Life","publisher":{"@id":"https:\/\/asteralabs.org\/es\/#organization"},"potentialAction":[{"@type":"SearchAction","target":{"@type":"EntryPoint","urlTemplate":"https:\/\/asteralabs.org\/es\/?s={search_term_string}"},"query-input":"required name=search_term_string"}],"inLanguage":"es"},{"@type":"Organization","@id":"https:\/\/asteralabs.org\/es\/#organization","name":"Astera Labs","url":"https:\/\/asteralabs.org\/es\/","logo":{"@type":"ImageObject","inLanguage":"es","@id":"https:\/\/asteralabs.org\/es\/#\/schema\/logo\/image\/","url":"https:\/\/asteralabs.org\/wp-content\/uploads\/2022\/12\/astera-2.png","contentUrl":"https:\/\/asteralabs.org\/wp-content\/uploads\/2022\/12\/astera-2.png","width":437,"height":111,"caption":"Astera Labs"},"image":{"@id":"https:\/\/asteralabs.org\/es\/#\/schema\/logo\/image\/"}}]}},"_links":{"self":[{"href":"https:\/\/asteralabs.org\/es\/wp-json\/wp\/v2\/product\/77786"}],"collection":[{"href":"https:\/\/asteralabs.org\/es\/wp-json\/wp\/v2\/product"}],"about":[{"href":"https:\/\/asteralabs.org\/es\/wp-json\/wp\/v2\/types\/product"}],"replies":[{"embeddable":true,"href":"https:\/\/asteralabs.org\/es\/wp-json\/wp\/v2\/comments?post=77786"}],"version-history":[{"count":4,"href":"https:\/\/asteralabs.org\/es\/wp-json\/wp\/v2\/product\/77786\/revisions"}],"predecessor-version":[{"id":78681,"href":"https:\/\/asteralabs.org\/es\/wp-json\/wp\/v2\/product\/77786\/revisions\/78681"}],"wp:featuredmedia":[{"embeddable":true,"href":"https:\/\/asteralabs.org\/es\/wp-json\/wp\/v2\/media\/75701"}],"wp:attachment":[{"href":"https:\/\/asteralabs.org\/es\/wp-json\/wp\/v2\/media?parent=77786"}],"wp:term":[{"taxonomy":"product_cat","embeddable":true,"href":"https:\/\/asteralabs.org\/es\/wp-json\/wp\/v2\/product_cat?post=77786"},{"taxonomy":"product_tag","embeddable":true,"href":"https:\/\/asteralabs.org\/es\/wp-json\/wp\/v2\/product_tag?post=77786"}],"curies":[{"name":"wp","href":"https:\/\/api.w.org\/{rel}","templated":true}]}}