{"id":77791,"date":"2022-12-29T21:01:08","date_gmt":"2022-12-29T21:01:08","guid":{"rendered":"https:\/\/asteralabs.org\/product\/fenilpropionato-de-testosterona\/"},"modified":"2026-01-15T11:55:27","modified_gmt":"2026-01-15T11:55:27","slug":"fenilpropionato-de-testosterona","status":"publish","type":"product","link":"https:\/\/asteralabs.org\/es\/product\/fenilpropionato-de-testosterona\/","title":{"rendered":"Fenilpropionato de testosterona"},"content":{"rendered":"<p><strong>DOSIFICACI\u00d3N:<\/strong><br \/>\nFenilpropionato de Testosterona 100mg\/ml <strong>CONTENIDO DEL ENVASE:<\/strong><br \/>\n1 vial de 10ML, 100 mg por ml <strong>QU\u00c9 ES:<\/strong><br \/>\nLa Testosterona es el esteroide m\u00e1s utilizado y m\u00e1s vers\u00e1til del mercado. Todos los ciclos necesitan una base de Testosterona en combinaci\u00f3n con otros esteroides o incluso pueden constar s\u00f3lo de Testosterona, tambi\u00e9n puede utilizarse en peque\u00f1as dosis como TRT. C\u00d3MO <strong>USARLO:<\/strong><br \/>\nSu uso depender\u00e1 del contexto en el que se utilice, las dosis en un ciclo pueden variar desde 250mg para principiantes hasta 1 gramo o m\u00e1s en culturistas profesionales, Recomendamos utilizar la m\u00e1xima dosis posible que se pueda utilizar (obviamente dependiendo del objetivo) en ausencia de efectos secundarios. Para un TRT recomendamos utilizar una dosis basada en tu an\u00e1lisis de sangre. Al tratarse de un \u00e9ster semicorto, recomendamos inyectar ED o EOD. <strong>INFORMACI\u00d3N DEL LOTE:<br \/>\n<\/strong>N\u00ba de lote: <span data-sheets-root=\"1\" data-sheets-value=\"{\" data-sheets-userformat=\"{\">MW72739<\/span><br \/>\nFecha de fabricaci\u00f3n: <span data-sheets-root=\"1\" data-sheets-value=\"{\" data-sheets-userformat=\"{\">10.2025.<\/span><br \/>\nFecha de caducidad: <span data-sheets-root=\"1\" data-sheets-value=\"{\" data-sheets-userformat=\"{\">10.2028.<\/span><\/p>\n","protected":false},"excerpt":{"rendered":"<p>DOSIFICACI\u00d3N: Fenilpropionato de Testosterona 100mg\/ml CONTENIDO DEL ENVASE: 1 vial de 10ML, 100 mg por ml QU\u00c9 ES: La Testosterona es el esteroide m\u00e1s utilizado y m\u00e1s vers\u00e1til del mercado. Todos los ciclos necesitan una base de Testosterona en combinaci\u00f3n con otros esteroides o incluso pueden constar s\u00f3lo de Testosterona, tambi\u00e9n puede utilizarse en peque\u00f1as&hellip;<\/p>\n","protected":false},"featured_media":75693,"comment_status":"open","ping_status":"closed","template":"","meta":{"_acf_changed":false},"product_brand":[],"product_cat":[163],"product_tag":[],"class_list":{"0":"post-77791","1":"product","2":"type-product","3":"status-publish","4":"has-post-thumbnail","6":"product_cat-injectables-es","7":"description-off","9":"first","10":"instock","11":"shipping-taxable","12":"product-type-simple"},"acf":[],"yoast_head":"<!-- This site is optimized with the Yoast SEO plugin v27.4 - https:\/\/yoast.com\/product\/yoast-seo-wordpress\/ -->\n<title>Fenilpropionato de testosterona - Astera Labs<\/title>\n<meta name=\"robots\" content=\"index, follow, max-snippet:-1, max-image-preview:large, max-video-preview:-1\" \/>\n<link rel=\"canonical\" href=\"https:\/\/asteralabs.org\/es\/product\/fenilpropionato-de-testosterona\/\" \/>\n<meta property=\"og:locale\" content=\"es_ES\" \/>\n<meta property=\"og:type\" content=\"article\" \/>\n<meta property=\"og:title\" content=\"Fenilpropionato de testosterona - Astera Labs\" \/>\n<meta property=\"og:description\" content=\"DOSIFICACI\u00d3N: Fenilpropionato de Testosterona 100mg\/ml CONTENIDO DEL ENVASE: 1 vial de 10ML, 100 mg por ml QU\u00c9 ES: La Testosterona es el esteroide m\u00e1s utilizado y m\u00e1s vers\u00e1til del mercado. Todos los ciclos necesitan una base de Testosterona en combinaci\u00f3n con otros esteroides o incluso pueden constar s\u00f3lo de Testosterona, tambi\u00e9n puede utilizarse en peque\u00f1as&hellip;\" \/>\n<meta property=\"og:url\" content=\"https:\/\/asteralabs.org\/es\/product\/fenilpropionato-de-testosterona\/\" \/>\n<meta property=\"og:site_name\" content=\"Astera Labs\" \/>\n<meta property=\"article:modified_time\" content=\"2026-01-15T11:55:27+00:00\" \/>\n<meta property=\"og:image\" content=\"https:\/\/asteralabs.org\/wp-content\/uploads\/2022\/12\/27-1.png\" \/>\n\t<meta property=\"og:image:width\" content=\"2000\" \/>\n\t<meta property=\"og:image:height\" content=\"2000\" \/>\n\t<meta property=\"og:image:type\" content=\"image\/png\" \/>\n<meta name=\"twitter:card\" content=\"summary_large_image\" \/>\n<script type=\"application\/ld+json\" class=\"yoast-schema-graph\">{\"@context\":\"https:\\\/\\\/schema.org\",\"@graph\":[{\"@type\":\"WebPage\",\"@id\":\"https:\\\/\\\/asteralabs.org\\\/es\\\/product\\\/fenilpropionato-de-testosterona\\\/\",\"url\":\"https:\\\/\\\/asteralabs.org\\\/es\\\/product\\\/fenilpropionato-de-testosterona\\\/\",\"name\":\"Fenilpropionato de testosterona - Astera Labs\",\"isPartOf\":{\"@id\":\"https:\\\/\\\/asteralabs.org\\\/es\\\/#website\"},\"primaryImageOfPage\":{\"@id\":\"https:\\\/\\\/asteralabs.org\\\/es\\\/product\\\/fenilpropionato-de-testosterona\\\/#primaryimage\"},\"image\":{\"@id\":\"https:\\\/\\\/asteralabs.org\\\/es\\\/product\\\/fenilpropionato-de-testosterona\\\/#primaryimage\"},\"thumbnailUrl\":\"https:\\\/\\\/asteralabs.org\\\/wp-content\\\/uploads\\\/2022\\\/12\\\/27-1.png\",\"datePublished\":\"2022-12-29T21:01:08+00:00\",\"dateModified\":\"2026-01-15T11:55:27+00:00\",\"breadcrumb\":{\"@id\":\"https:\\\/\\\/asteralabs.org\\\/es\\\/product\\\/fenilpropionato-de-testosterona\\\/#breadcrumb\"},\"inLanguage\":\"es-ES\",\"potentialAction\":[{\"@type\":\"ReadAction\",\"target\":[\"https:\\\/\\\/asteralabs.org\\\/es\\\/product\\\/fenilpropionato-de-testosterona\\\/\"]}]},{\"@type\":\"ImageObject\",\"inLanguage\":\"es-ES\",\"@id\":\"https:\\\/\\\/asteralabs.org\\\/es\\\/product\\\/fenilpropionato-de-testosterona\\\/#primaryimage\",\"url\":\"https:\\\/\\\/asteralabs.org\\\/wp-content\\\/uploads\\\/2022\\\/12\\\/27-1.png\",\"contentUrl\":\"https:\\\/\\\/asteralabs.org\\\/wp-content\\\/uploads\\\/2022\\\/12\\\/27-1.png\",\"width\":2000,\"height\":2000},{\"@type\":\"BreadcrumbList\",\"@id\":\"https:\\\/\\\/asteralabs.org\\\/es\\\/product\\\/fenilpropionato-de-testosterona\\\/#breadcrumb\",\"itemListElement\":[{\"@type\":\"ListItem\",\"position\":1,\"name\":\"Home\",\"item\":\"https:\\\/\\\/asteralabs.org\\\/es\\\/\"},{\"@type\":\"ListItem\",\"position\":2,\"name\":\"Tienda\",\"item\":\"https:\\\/\\\/asteralabs.org\\\/es\\\/tienda\\\/\"},{\"@type\":\"ListItem\",\"position\":3,\"name\":\"Fenilpropionato de testosterona\"}]},{\"@type\":\"WebSite\",\"@id\":\"https:\\\/\\\/asteralabs.org\\\/es\\\/#website\",\"url\":\"https:\\\/\\\/asteralabs.org\\\/es\\\/\",\"name\":\"Astera Labs\",\"description\":\"Improve Your Quality Of Life\",\"publisher\":{\"@id\":\"https:\\\/\\\/asteralabs.org\\\/es\\\/#organization\"},\"potentialAction\":[{\"@type\":\"SearchAction\",\"target\":{\"@type\":\"EntryPoint\",\"urlTemplate\":\"https:\\\/\\\/asteralabs.org\\\/es\\\/?s={search_term_string}\"},\"query-input\":{\"@type\":\"PropertyValueSpecification\",\"valueRequired\":true,\"valueName\":\"search_term_string\"}}],\"inLanguage\":\"es-ES\"},{\"@type\":\"Organization\",\"@id\":\"https:\\\/\\\/asteralabs.org\\\/es\\\/#organization\",\"name\":\"Astera Labs\",\"url\":\"https:\\\/\\\/asteralabs.org\\\/es\\\/\",\"logo\":{\"@type\":\"ImageObject\",\"inLanguage\":\"es-ES\",\"@id\":\"https:\\\/\\\/asteralabs.org\\\/es\\\/#\\\/schema\\\/logo\\\/image\\\/\",\"url\":\"https:\\\/\\\/asteralabs.org\\\/wp-content\\\/uploads\\\/2022\\\/12\\\/astera-2.png\",\"contentUrl\":\"https:\\\/\\\/asteralabs.org\\\/wp-content\\\/uploads\\\/2022\\\/12\\\/astera-2.png\",\"width\":437,\"height\":111,\"caption\":\"Astera Labs\"},\"image\":{\"@id\":\"https:\\\/\\\/asteralabs.org\\\/es\\\/#\\\/schema\\\/logo\\\/image\\\/\"}}]}<\/script>\n<!-- \/ Yoast SEO plugin. -->","yoast_head_json":{"title":"Fenilpropionato de testosterona - Astera Labs","robots":{"index":"index","follow":"follow","max-snippet":"max-snippet:-1","max-image-preview":"max-image-preview:large","max-video-preview":"max-video-preview:-1"},"canonical":"https:\/\/asteralabs.org\/es\/product\/fenilpropionato-de-testosterona\/","og_locale":"es_ES","og_type":"article","og_title":"Fenilpropionato de testosterona - Astera Labs","og_description":"DOSIFICACI\u00d3N: Fenilpropionato de Testosterona 100mg\/ml CONTENIDO DEL ENVASE: 1 vial de 10ML, 100 mg por ml QU\u00c9 ES: La Testosterona es el esteroide m\u00e1s utilizado y m\u00e1s vers\u00e1til del mercado. Todos los ciclos necesitan una base de Testosterona en combinaci\u00f3n con otros esteroides o incluso pueden constar s\u00f3lo de Testosterona, tambi\u00e9n puede utilizarse en peque\u00f1as&hellip;","og_url":"https:\/\/asteralabs.org\/es\/product\/fenilpropionato-de-testosterona\/","og_site_name":"Astera Labs","article_modified_time":"2026-01-15T11:55:27+00:00","og_image":[{"width":2000,"height":2000,"url":"https:\/\/asteralabs.org\/wp-content\/uploads\/2022\/12\/27-1.png","type":"image\/png"}],"twitter_card":"summary_large_image","schema":{"@context":"https:\/\/schema.org","@graph":[{"@type":"WebPage","@id":"https:\/\/asteralabs.org\/es\/product\/fenilpropionato-de-testosterona\/","url":"https:\/\/asteralabs.org\/es\/product\/fenilpropionato-de-testosterona\/","name":"Fenilpropionato de testosterona - Astera Labs","isPartOf":{"@id":"https:\/\/asteralabs.org\/es\/#website"},"primaryImageOfPage":{"@id":"https:\/\/asteralabs.org\/es\/product\/fenilpropionato-de-testosterona\/#primaryimage"},"image":{"@id":"https:\/\/asteralabs.org\/es\/product\/fenilpropionato-de-testosterona\/#primaryimage"},"thumbnailUrl":"https:\/\/asteralabs.org\/wp-content\/uploads\/2022\/12\/27-1.png","datePublished":"2022-12-29T21:01:08+00:00","dateModified":"2026-01-15T11:55:27+00:00","breadcrumb":{"@id":"https:\/\/asteralabs.org\/es\/product\/fenilpropionato-de-testosterona\/#breadcrumb"},"inLanguage":"es-ES","potentialAction":[{"@type":"ReadAction","target":["https:\/\/asteralabs.org\/es\/product\/fenilpropionato-de-testosterona\/"]}]},{"@type":"ImageObject","inLanguage":"es-ES","@id":"https:\/\/asteralabs.org\/es\/product\/fenilpropionato-de-testosterona\/#primaryimage","url":"https:\/\/asteralabs.org\/wp-content\/uploads\/2022\/12\/27-1.png","contentUrl":"https:\/\/asteralabs.org\/wp-content\/uploads\/2022\/12\/27-1.png","width":2000,"height":2000},{"@type":"BreadcrumbList","@id":"https:\/\/asteralabs.org\/es\/product\/fenilpropionato-de-testosterona\/#breadcrumb","itemListElement":[{"@type":"ListItem","position":1,"name":"Home","item":"https:\/\/asteralabs.org\/es\/"},{"@type":"ListItem","position":2,"name":"Tienda","item":"https:\/\/asteralabs.org\/es\/tienda\/"},{"@type":"ListItem","position":3,"name":"Fenilpropionato de testosterona"}]},{"@type":"WebSite","@id":"https:\/\/asteralabs.org\/es\/#website","url":"https:\/\/asteralabs.org\/es\/","name":"Astera Labs","description":"Improve Your Quality Of Life","publisher":{"@id":"https:\/\/asteralabs.org\/es\/#organization"},"potentialAction":[{"@type":"SearchAction","target":{"@type":"EntryPoint","urlTemplate":"https:\/\/asteralabs.org\/es\/?s={search_term_string}"},"query-input":{"@type":"PropertyValueSpecification","valueRequired":true,"valueName":"search_term_string"}}],"inLanguage":"es-ES"},{"@type":"Organization","@id":"https:\/\/asteralabs.org\/es\/#organization","name":"Astera Labs","url":"https:\/\/asteralabs.org\/es\/","logo":{"@type":"ImageObject","inLanguage":"es-ES","@id":"https:\/\/asteralabs.org\/es\/#\/schema\/logo\/image\/","url":"https:\/\/asteralabs.org\/wp-content\/uploads\/2022\/12\/astera-2.png","contentUrl":"https:\/\/asteralabs.org\/wp-content\/uploads\/2022\/12\/astera-2.png","width":437,"height":111,"caption":"Astera Labs"},"image":{"@id":"https:\/\/asteralabs.org\/es\/#\/schema\/logo\/image\/"}}]}},"_links":{"self":[{"href":"https:\/\/asteralabs.org\/es\/wp-json\/wp\/v2\/product\/77791","targetHints":{"allow":["GET"]}}],"collection":[{"href":"https:\/\/asteralabs.org\/es\/wp-json\/wp\/v2\/product"}],"about":[{"href":"https:\/\/asteralabs.org\/es\/wp-json\/wp\/v2\/types\/product"}],"replies":[{"embeddable":true,"href":"https:\/\/asteralabs.org\/es\/wp-json\/wp\/v2\/comments?post=77791"}],"version-history":[{"count":0,"href":"https:\/\/asteralabs.org\/es\/wp-json\/wp\/v2\/product\/77791\/revisions"}],"wp:featuredmedia":[{"embeddable":true,"href":"https:\/\/asteralabs.org\/es\/wp-json\/wp\/v2\/media\/75693"}],"wp:attachment":[{"href":"https:\/\/asteralabs.org\/es\/wp-json\/wp\/v2\/media?parent=77791"}],"wp:term":[{"taxonomy":"product_brand","embeddable":true,"href":"https:\/\/asteralabs.org\/es\/wp-json\/wp\/v2\/product_brand?post=77791"},{"taxonomy":"product_cat","embeddable":true,"href":"https:\/\/asteralabs.org\/es\/wp-json\/wp\/v2\/product_cat?post=77791"},{"taxonomy":"product_tag","embeddable":true,"href":"https:\/\/asteralabs.org\/es\/wp-json\/wp\/v2\/product_tag?post=77791"}],"curies":[{"name":"wp","href":"https:\/\/api.w.org\/{rel}","templated":true}]}}